{"id":182436,"date":"2026-03-02T16:39:05","date_gmt":"2026-03-02T09:39:05","guid":{"rendered":"http:\/\/tourcruiser.com\/product\/nike-reactx-rejuven8-blue-void-indigo-burst"},"modified":"2026-03-14T19:48:10","modified_gmt":"2026-03-14T12:48:10","slug":"nike-reactx-rejuven8-blue-void-indigo-burst","status":"publish","type":"product","link":"https:\/\/tourcruiser.com\/fr\/products\/nike-reactx-rejuven8-blue-void-indigo-burst\/","title":{"rendered":"Nike ReactX Rejuven8 Blue Void Indigo Burst"},"content":{"rendered":"<p>D\u00e9couvrez la Nike ReactX Rejuven8 en coloris Bleu Void et Indigo Burst\u00a0: un design innovant alli\u00e9 \u00e0 un confort in\u00e9gal\u00e9 pour un style de vie actif. Gr\u00e2ce \u00e0 la technologie de mousse ReactX de Nike, cette chaussure offre un amorti et une r\u00e9activit\u00e9 exceptionnels pour une foul\u00e9e fluide, que ce soit \u00e0 la salle de sport ou en ville. Son empeigne \u00e9l\u00e9gante et moderne, aux coloris Bleu Void et Indigo Burst saisissants, allie style et fonctionnalit\u00e9, ce qui en fait une pi\u00e8ce ma\u00eetresse de votre collection. Les mat\u00e9riaux l\u00e9gers, respirants et con\u00e7us avec pr\u00e9cision optimisent vos performances et vous assurent fra\u00eecheur et confort tout au long de la journ\u00e9e. La semelle ext\u00e9rieure en caoutchouc r\u00e9sistant offre une adh\u00e9rence et un maintien exceptionnels, parfaits pour un \u00e9quilibre optimal sur toutes les surfaces. Avec son esth\u00e9tique futuriste et ses caract\u00e9ristiques innovantes, la Nike ReactX Rejuven8 red\u00e9finit la chaussure de sport pour celles et ceux qui appr\u00e9cient autant le style que la performance. Que ce soit pour les loisirs ou l&rsquo;entra\u00eenement intensif, cette chaussure s&rsquo;adapte \u00e0 tous vos besoins et est ainsi le compagnon id\u00e9al de toutes vos aventures. Coloris\u00a0: Bleu Void\/Indigo Burst R\u00e9f\u00e9rence\u00a0: HV5060-403 Tige\u00a0: ReactX Semelle interm\u00e9diaire\u00a0: ReactX Couleur\u00a0: Marine Ann\u00e9e de sortie\u00a0: 2026<\/p>\n","protected":false},"excerpt":{"rendered":"<p>Nike ReactX Rejuven8 \u201d\u201d Blue Void\/Indigo Burst<\/p>\n","protected":false},"featured_media":182437,"comment_status":"open","ping_status":"closed","template":"","meta":[],"product_brand":[],"product_cat":[10803],"product_tag":[10992],"class_list":{"0":"post-182436","1":"product","2":"type-product","3":"status-publish","4":"has-post-thumbnail","6":"product_cat-nike","7":"product_tag-small-100-usd","8":"wcpa_has_options","10":"first","11":"instock","12":"taxable","13":"shipping-taxable","14":"purchasable","15":"product-type-simple"},"wcpa_form_fields":{"rules":{"pric_overide_base_price":false,"pric_overide_base_price_if_gt_zero":false,"pric_overide_base_price_fully":false,"pric_cal_option_once":false,"pric_use_as_fee":false,"bind_quantity":false,"quantity_bind_formula":false},"fields":[{"type":"color-group","required":true,"elementId":"wcpa-color-group-66c4a75505e74","label":"Taille","inline":true,"priceOptions":"different_for_all","pricingType":"fixed","className":"hassizechart product-shoes-size-eu product-shoes-size","name":"color-group-66c4a75505e89","disp_type":"square","selection_type":"tick-border","disp_size":"44","show_label_inside":true,"adjust_width":true,"cart_display_type":"text","other_text":"Other","cl_rule":"show","col":6,"values":[{"label":"35.5","value":"EU 35.5","price":"","pimage":"","pimage_id":"","pthumb":"","color":""},{"label":"36","value":"EU 36","price":"","pimage":"","pimage_id":"","pthumb":"","color":"","selected":true},{"label":"36.5","value":"EU 36.5","price":"","pimage":"","pimage_id":"","pthumb":"","color":""},{"label":"37.5","value":"EU 37.5","price":"","pimage":"","pimage_id":"","pthumb":"","color":""},{"label":"38","value":"EU 38","price":"","pimage":"","pimage_id":"","pthumb":"","color":""},{"label":"38.5","value":"EU 38.5","price":"","pimage":"","pimage_id":"","pthumb":"","color":""},{"label":"39","value":"EU 39","price":"","pimage":"","pimage_id":"","pthumb":"","color":""},{"label":"40","value":"EU 40","price":"","pimage":"","pimage_id":"","pthumb":"","color":""},{"label":"40.5","value":"EU 40.5","price":"","pimage":"","pimage_id":"","pthumb":"","color":""},{"label":"41","value":"EU 41","price":"","pimage":"","pimage_id":"","pthumb":"","color":""},{"label":"42","value":"EU 42","price":"","pimage":"","pimage_id":"","pthumb":"","color":""},{"label":"42.5","value":"EU 42.5","price":"","pimage":"","pimage_id":"","pthumb":"","color":""},{"label":"43","value":"EU 43","price":"","pimage":"","pimage_id":"","pthumb":"","color":""},{"label":"44","value":"EU 44","price":"","pimage":"","pimage_id":"","pthumb":"","color":""},{"label":"44.5","value":"EU 44.5","price":"","pimage":"","pimage_id":"","pthumb":"","color":""},{"label":"45","value":"EU 45","price":"","pimage":"","pimage_id":"","pthumb":"","color":""},{"label":"45.5","value":"EU 45.5","price":"","pimage":"","pimage_id":"","pthumb":"","color":""},{"label":"46","value":"EU 46","price":"","pimage":"","pimage_id":"","pthumb":"","color":""},{"label":"47","value":"EU 47","price":"","pimage":"","pimage_id":"","pthumb":"","color":""},{"label":"47.5","value":"EU 47.5","price":"","pimage":"","pimage_id":"","pthumb":"","color":""},{"label":"48","value":"EU 48","price":"","pimage":"","pimage_id":"","pthumb":"","color":""}],"relations":[{"operator":false,"rules":[]}],"form_id":18106,"form_rules":{"pric_cal_option_once":false,"exclude_from_discount":false,"pric_use_as_fee":false,"fee_label":"Fee","render_after_acb":false,"disp_hide_options_price":false}}]},"yoast_head":"<!-- This site is optimized with the Yoast SEO plugin v26.5 - https:\/\/yoast.com\/wordpress\/plugins\/seo\/ -->\n<title>Nike ReactX Rejuven8 Blue Void Indigo Burst - TOURCRUISER PTE. LTD<\/title>\n<meta name=\"robots\" content=\"index, follow, max-snippet:-1, max-image-preview:large, max-video-preview:-1\" \/>\n<link rel=\"canonical\" href=\"https:\/\/tourcruiser.com\/fr\/products\/nike-reactx-rejuven8-blue-void-indigo-burst\/\" \/>\n<meta property=\"og:locale\" content=\"fr_FR\" \/>\n<meta property=\"og:type\" content=\"article\" \/>\n<meta property=\"og:title\" content=\"Nike ReactX Rejuven8 Blue Void Indigo Burst - TOURCRUISER PTE. LTD\" \/>\n<meta property=\"og:description\" content=\"Nike ReactX Rejuven8 \u201d\u201d Blue Void\/Indigo Burst\" \/>\n<meta property=\"og:url\" content=\"https:\/\/tourcruiser.com\/fr\/products\/nike-reactx-rejuven8-blue-void-indigo-burst\/\" \/>\n<meta property=\"og:site_name\" content=\"Tourcruiser Sneaker Store\" \/>\n<meta property=\"article:modified_time\" content=\"2026-03-14T12:48:10+00:00\" \/>\n<meta name=\"twitter:card\" content=\"summary_large_image\" \/>\n<meta name=\"twitter:image\" content=\"https:\/\/images.novelship.com\/product\/nike_reactx_rejuven8_blue_void_indigo_burst_hv5060_0_91289.jpeg\" \/>\n<meta name=\"twitter:label1\" content=\"Dur\u00e9e de lecture estim\u00e9e\" \/>\n\t<meta name=\"twitter:data1\" content=\"1 minute\" \/>\n<script type=\"application\/ld+json\" class=\"yoast-schema-graph\">{\"@context\":\"https:\/\/schema.org\",\"@graph\":[{\"@type\":\"WebPage\",\"@id\":\"https:\/\/tourcruiser.com\/fr\/products\/nike-reactx-rejuven8-blue-void-indigo-burst\/\",\"url\":\"https:\/\/tourcruiser.com\/fr\/products\/nike-reactx-rejuven8-blue-void-indigo-burst\/\",\"name\":\"Nike ReactX Rejuven8 Blue Void Indigo Burst - TOURCRUISER PTE. LTD\",\"isPartOf\":{\"@id\":\"https:\/\/tourcruiser.com\/fr\/#website\"},\"primaryImageOfPage\":{\"@id\":\"https:\/\/tourcruiser.com\/fr\/products\/nike-reactx-rejuven8-blue-void-indigo-burst\/#primaryimage\"},\"image\":{\"@id\":\"https:\/\/tourcruiser.com\/fr\/products\/nike-reactx-rejuven8-blue-void-indigo-burst\/#primaryimage\"},\"thumbnailUrl\":\"https:\/\/images.novelship.com\/product\/nike_reactx_rejuven8_blue_void_indigo_burst_hv5060_0_91289.jpeg\",\"datePublished\":\"2026-03-02T09:39:05+00:00\",\"dateModified\":\"2026-03-14T12:48:10+00:00\",\"breadcrumb\":{\"@id\":\"https:\/\/tourcruiser.com\/fr\/products\/nike-reactx-rejuven8-blue-void-indigo-burst\/#breadcrumb\"},\"inLanguage\":\"fr-FR\",\"potentialAction\":[{\"@type\":\"ReadAction\",\"target\":[\"https:\/\/tourcruiser.com\/fr\/products\/nike-reactx-rejuven8-blue-void-indigo-burst\/\"]}]},{\"@type\":\"ImageObject\",\"inLanguage\":\"fr-FR\",\"@id\":\"https:\/\/tourcruiser.com\/fr\/products\/nike-reactx-rejuven8-blue-void-indigo-burst\/#primaryimage\",\"url\":\"https:\/\/images.novelship.com\/product\/nike_reactx_rejuven8_blue_void_indigo_burst_hv5060_0_91289.jpeg\",\"contentUrl\":\"https:\/\/images.novelship.com\/product\/nike_reactx_rejuven8_blue_void_indigo_burst_hv5060_0_91289.jpeg\"},{\"@type\":\"BreadcrumbList\",\"@id\":\"https:\/\/tourcruiser.com\/fr\/products\/nike-reactx-rejuven8-blue-void-indigo-burst\/#breadcrumb\",\"itemListElement\":[{\"@type\":\"ListItem\",\"position\":1,\"name\":\"Home\",\"item\":\"https:\/\/tourcruiser.com\/fr\/\"},{\"@type\":\"ListItem\",\"position\":2,\"name\":\"Shop\",\"item\":\"https:\/\/tourcruiser.com\/fr\/shop\/\"},{\"@type\":\"ListItem\",\"position\":3,\"name\":\"Nike ReactX Rejuven8 Blue Void Indigo Burst\"}]},{\"@type\":\"WebSite\",\"@id\":\"https:\/\/tourcruiser.com\/fr\/#website\",\"url\":\"https:\/\/tourcruiser.com\/fr\/\",\"name\":\"Styloral Jewelry Shop\",\"description\":\"Tourcruiser Sneaker Store \u2014 L\u2019endroit o\u00f9 l\u2019univers rencontre votre singularit\u00e9.\",\"publisher\":{\"@id\":\"https:\/\/tourcruiser.com\/fr\/#organization\"},\"potentialAction\":[{\"@type\":\"SearchAction\",\"target\":{\"@type\":\"EntryPoint\",\"urlTemplate\":\"https:\/\/tourcruiser.com\/fr\/?s={search_term_string}\"},\"query-input\":{\"@type\":\"PropertyValueSpecification\",\"valueRequired\":true,\"valueName\":\"search_term_string\"}}],\"inLanguage\":\"fr-FR\"},{\"@type\":\"Organization\",\"@id\":\"https:\/\/tourcruiser.com\/fr\/#organization\",\"name\":\"STYLORAL PTE. LTD\",\"url\":\"https:\/\/tourcruiser.com\/fr\/\",\"logo\":{\"@type\":\"ImageObject\",\"inLanguage\":\"fr-FR\",\"@id\":\"https:\/\/tourcruiser.com\/fr\/#\/schema\/logo\/image\/\",\"url\":\"https:\/\/www.tourcruiser.com\/wp-content\/uploads\/2025\/12\/logo.png\",\"contentUrl\":\"https:\/\/www.tourcruiser.com\/wp-content\/uploads\/2025\/12\/logo.png\",\"width\":200,\"height\":65,\"caption\":\"STYLORAL PTE. LTD\"},\"image\":{\"@id\":\"https:\/\/tourcruiser.com\/fr\/#\/schema\/logo\/image\/\"}}]}<\/script>\n<!-- \/ Yoast SEO plugin. -->","yoast_head_json":{"title":"Nike ReactX Rejuven8 Blue Void Indigo Burst - TOURCRUISER PTE. LTD","robots":{"index":"index","follow":"follow","max-snippet":"max-snippet:-1","max-image-preview":"max-image-preview:large","max-video-preview":"max-video-preview:-1"},"canonical":"https:\/\/tourcruiser.com\/fr\/products\/nike-reactx-rejuven8-blue-void-indigo-burst\/","og_locale":"fr_FR","og_type":"article","og_title":"Nike ReactX Rejuven8 Blue Void Indigo Burst - TOURCRUISER PTE. LTD","og_description":"Nike ReactX Rejuven8 \u201d\u201d Blue Void\/Indigo Burst","og_url":"https:\/\/tourcruiser.com\/fr\/products\/nike-reactx-rejuven8-blue-void-indigo-burst\/","og_site_name":"Tourcruiser Sneaker Store","article_modified_time":"2026-03-14T12:48:10+00:00","twitter_card":"summary_large_image","twitter_image":"https:\/\/images.novelship.com\/product\/nike_reactx_rejuven8_blue_void_indigo_burst_hv5060_0_91289.jpeg","twitter_misc":{"Dur\u00e9e de lecture estim\u00e9e":"1 minute"},"schema":{"@context":"https:\/\/schema.org","@graph":[{"@type":"WebPage","@id":"https:\/\/tourcruiser.com\/fr\/products\/nike-reactx-rejuven8-blue-void-indigo-burst\/","url":"https:\/\/tourcruiser.com\/fr\/products\/nike-reactx-rejuven8-blue-void-indigo-burst\/","name":"Nike ReactX Rejuven8 Blue Void Indigo Burst - TOURCRUISER PTE. LTD","isPartOf":{"@id":"https:\/\/tourcruiser.com\/fr\/#website"},"primaryImageOfPage":{"@id":"https:\/\/tourcruiser.com\/fr\/products\/nike-reactx-rejuven8-blue-void-indigo-burst\/#primaryimage"},"image":{"@id":"https:\/\/tourcruiser.com\/fr\/products\/nike-reactx-rejuven8-blue-void-indigo-burst\/#primaryimage"},"thumbnailUrl":"https:\/\/images.novelship.com\/product\/nike_reactx_rejuven8_blue_void_indigo_burst_hv5060_0_91289.jpeg","datePublished":"2026-03-02T09:39:05+00:00","dateModified":"2026-03-14T12:48:10+00:00","breadcrumb":{"@id":"https:\/\/tourcruiser.com\/fr\/products\/nike-reactx-rejuven8-blue-void-indigo-burst\/#breadcrumb"},"inLanguage":"fr-FR","potentialAction":[{"@type":"ReadAction","target":["https:\/\/tourcruiser.com\/fr\/products\/nike-reactx-rejuven8-blue-void-indigo-burst\/"]}]},{"@type":"ImageObject","inLanguage":"fr-FR","@id":"https:\/\/tourcruiser.com\/fr\/products\/nike-reactx-rejuven8-blue-void-indigo-burst\/#primaryimage","url":"https:\/\/images.novelship.com\/product\/nike_reactx_rejuven8_blue_void_indigo_burst_hv5060_0_91289.jpeg","contentUrl":"https:\/\/images.novelship.com\/product\/nike_reactx_rejuven8_blue_void_indigo_burst_hv5060_0_91289.jpeg"},{"@type":"BreadcrumbList","@id":"https:\/\/tourcruiser.com\/fr\/products\/nike-reactx-rejuven8-blue-void-indigo-burst\/#breadcrumb","itemListElement":[{"@type":"ListItem","position":1,"name":"Home","item":"https:\/\/tourcruiser.com\/fr\/"},{"@type":"ListItem","position":2,"name":"Shop","item":"https:\/\/tourcruiser.com\/fr\/shop\/"},{"@type":"ListItem","position":3,"name":"Nike ReactX Rejuven8 Blue Void Indigo Burst"}]},{"@type":"WebSite","@id":"https:\/\/tourcruiser.com\/fr\/#website","url":"https:\/\/tourcruiser.com\/fr\/","name":"Styloral Jewelry Shop","description":"Tourcruiser Sneaker Store \u2014 L\u2019endroit o\u00f9 l\u2019univers rencontre votre singularit\u00e9.","publisher":{"@id":"https:\/\/tourcruiser.com\/fr\/#organization"},"potentialAction":[{"@type":"SearchAction","target":{"@type":"EntryPoint","urlTemplate":"https:\/\/tourcruiser.com\/fr\/?s={search_term_string}"},"query-input":{"@type":"PropertyValueSpecification","valueRequired":true,"valueName":"search_term_string"}}],"inLanguage":"fr-FR"},{"@type":"Organization","@id":"https:\/\/tourcruiser.com\/fr\/#organization","name":"STYLORAL PTE. LTD","url":"https:\/\/tourcruiser.com\/fr\/","logo":{"@type":"ImageObject","inLanguage":"fr-FR","@id":"https:\/\/tourcruiser.com\/fr\/#\/schema\/logo\/image\/","url":"https:\/\/www.tourcruiser.com\/wp-content\/uploads\/2025\/12\/logo.png","contentUrl":"https:\/\/www.tourcruiser.com\/wp-content\/uploads\/2025\/12\/logo.png","width":200,"height":65,"caption":"STYLORAL PTE. LTD"},"image":{"@id":"https:\/\/tourcruiser.com\/fr\/#\/schema\/logo\/image\/"}}]}},"_links":{"self":[{"href":"https:\/\/tourcruiser.com\/fr\/wp-json\/wp\/v2\/product\/182436","targetHints":{"allow":["GET"]}}],"collection":[{"href":"https:\/\/tourcruiser.com\/fr\/wp-json\/wp\/v2\/product"}],"about":[{"href":"https:\/\/tourcruiser.com\/fr\/wp-json\/wp\/v2\/types\/product"}],"replies":[{"embeddable":true,"href":"https:\/\/tourcruiser.com\/fr\/wp-json\/wp\/v2\/comments?post=182436"}],"wp:featuredmedia":[{"embeddable":true,"href":"https:\/\/tourcruiser.com\/fr\/wp-json\/wp\/v2\/media\/182437"}],"wp:attachment":[{"href":"https:\/\/tourcruiser.com\/fr\/wp-json\/wp\/v2\/media?parent=182436"}],"wp:term":[{"taxonomy":"product_brand","embeddable":true,"href":"https:\/\/tourcruiser.com\/fr\/wp-json\/wp\/v2\/product_brand?post=182436"},{"taxonomy":"product_cat","embeddable":true,"href":"https:\/\/tourcruiser.com\/fr\/wp-json\/wp\/v2\/product_cat?post=182436"},{"taxonomy":"product_tag","embeddable":true,"href":"https:\/\/tourcruiser.com\/fr\/wp-json\/wp\/v2\/product_tag?post=182436"}],"curies":[{"name":"wp","href":"https:\/\/api.w.org\/{rel}","templated":true}]}}