{"id":182012,"date":"2026-03-02T16:38:26","date_gmt":"2026-03-02T09:38:26","guid":{"rendered":"http:\/\/tourcruiser.com\/product\/nike-book-1-ep-all-star-black-label"},"modified":"2026-03-14T19:47:46","modified_gmt":"2026-03-14T12:47:46","slug":"nike-book-1-ep-all-star-black-label","status":"publish","type":"product","link":"https:\/\/tourcruiser.com\/fr\/products\/nike-book-1-ep-all-star-black-label\/","title":{"rendered":"Nike Book 1 EP &lsquo;All-Star Black Label&rsquo;"},"content":{"rendered":"<p>Le Book 1 Black Label EP IB3861-001 est un ordinateur portable haut de gamme qui allie performances exceptionnelles, design \u00e9l\u00e9gant et polyvalence in\u00e9gal\u00e9e pour r\u00e9pondre aux exigences des professionnels du monde entier. Son ch\u00e2ssis en aluminium, \u00e0 la fois l\u00e9ger et robuste, offre un \u00e9quilibre parfait entre portabilit\u00e9 et fiabilit\u00e9 pour une utilisation nomade. \u00c9quip\u00e9 de processeurs de derni\u00e8re g\u00e9n\u00e9ration, d&rsquo;un espace de stockage cons\u00e9quent et d&rsquo;une carte graphique performante, cet appareil g\u00e8re avec aisance le multit\u00e2che, les flux de travail exigeants et les applications cr\u00e9atives. Son \u00e9cran haute r\u00e9solution offre des images \u00e9clatantes aux couleurs fid\u00e8les, id\u00e9al pour les pr\u00e9sentations, la retouche photo et le divertissement. Le clavier ergonomique r\u00e9tro\u00e9clair\u00e9 et le pav\u00e9 tactile intuitif garantissent confort et efficacit\u00e9, m\u00eame lors d&rsquo;une utilisation prolong\u00e9e. L&rsquo;ordinateur portable offre une connectivit\u00e9 optimale gr\u00e2ce \u00e0 ses nombreux ports et \u00e0 son int\u00e9gration sans fil fluide, conforme aux normes internationales. La batterie longue dur\u00e9e du Book 1 Black Label EP IB3861-001 assure une autonomie tout au long de la journ\u00e9e. Des fonctionnalit\u00e9s de s\u00e9curit\u00e9 de pointe, incluant un chiffrement avanc\u00e9 et une authentification biom\u00e9trique, prot\u00e8gent les donn\u00e9es sensibles et font de cet ordinateur portable un outil id\u00e9al pour les environnements de travail. Que vous soyez un professionnel occup\u00e9, un nomade digital ou un cr\u00e9ateur, ce carnet surpasse toutes les attentes gr\u00e2ce \u00e0 sa sophistication et ses performances exceptionnelles. Con\u00e7u avec soin, il incarne le summum de l&rsquo;innovation et de l&rsquo;\u00e9l\u00e9gance en mati\u00e8re de technologie personnelle. Coloris\u00a0: Noir\/Lait de coco\/Orange\/Noir. Num\u00e9ro d&rsquo;article\u00a0: IB3861-001. Mati\u00e8re ext\u00e9rieure\u00a0: Denim. Semelle interm\u00e9diaire\u00a0: Zoom Air. Couleur\u00a0: Noir. Designer\u00a0: Benjamin Nethongkome.<\/p>\n","protected":false},"excerpt":{"rendered":"<p>Nike Black Label EP \u201d\u201d Black\/Coconut Milk\/Clay Orange\/Black<\/p>\n","protected":false},"featured_media":182013,"comment_status":"open","ping_status":"closed","template":"","meta":[],"product_brand":[],"product_cat":[10803],"product_tag":[10754,10765,10801,10768],"class_list":{"0":"post-182012","1":"product","2":"type-product","3":"status-publish","4":"has-post-thumbnail","6":"product_cat-nike","7":"product_tag-lifestyle-casual-shoes","8":"product_tag-lifestyle-shoes-running-inspired","9":"product_tag-nike","10":"product_tag-retro-running-shoes","11":"wcpa_has_options","13":"first","14":"instock","15":"taxable","16":"shipping-taxable","17":"purchasable","18":"product-type-simple"},"wcpa_form_fields":{"rules":{"pric_overide_base_price":false,"pric_overide_base_price_if_gt_zero":false,"pric_overide_base_price_fully":false,"pric_cal_option_once":false,"pric_use_as_fee":false,"bind_quantity":false,"quantity_bind_formula":false},"fields":[{"type":"color-group","required":true,"elementId":"wcpa-color-group-66c4a75505e74","label":"Taille","inline":true,"priceOptions":"different_for_all","pricingType":"fixed","className":"hassizechart product-shoes-size-eu product-shoes-size","name":"color-group-66c4a75505e89","disp_type":"square","selection_type":"tick-border","disp_size":"44","show_label_inside":true,"adjust_width":true,"cart_display_type":"text","other_text":"Other","cl_rule":"show","col":6,"values":[{"label":"35.5","value":"EU 35.5","price":"","pimage":"","pimage_id":"","pthumb":"","color":""},{"label":"36","value":"EU 36","price":"","pimage":"","pimage_id":"","pthumb":"","color":"","selected":true},{"label":"36.5","value":"EU 36.5","price":"","pimage":"","pimage_id":"","pthumb":"","color":""},{"label":"37.5","value":"EU 37.5","price":"","pimage":"","pimage_id":"","pthumb":"","color":""},{"label":"38","value":"EU 38","price":"","pimage":"","pimage_id":"","pthumb":"","color":""},{"label":"38.5","value":"EU 38.5","price":"","pimage":"","pimage_id":"","pthumb":"","color":""},{"label":"39","value":"EU 39","price":"","pimage":"","pimage_id":"","pthumb":"","color":""},{"label":"40","value":"EU 40","price":"","pimage":"","pimage_id":"","pthumb":"","color":""},{"label":"40.5","value":"EU 40.5","price":"","pimage":"","pimage_id":"","pthumb":"","color":""},{"label":"41","value":"EU 41","price":"","pimage":"","pimage_id":"","pthumb":"","color":""},{"label":"42","value":"EU 42","price":"","pimage":"","pimage_id":"","pthumb":"","color":""},{"label":"42.5","value":"EU 42.5","price":"","pimage":"","pimage_id":"","pthumb":"","color":""},{"label":"43","value":"EU 43","price":"","pimage":"","pimage_id":"","pthumb":"","color":""},{"label":"44","value":"EU 44","price":"","pimage":"","pimage_id":"","pthumb":"","color":""},{"label":"44.5","value":"EU 44.5","price":"","pimage":"","pimage_id":"","pthumb":"","color":""},{"label":"45","value":"EU 45","price":"","pimage":"","pimage_id":"","pthumb":"","color":""},{"label":"45.5","value":"EU 45.5","price":"","pimage":"","pimage_id":"","pthumb":"","color":""},{"label":"46","value":"EU 46","price":"","pimage":"","pimage_id":"","pthumb":"","color":""},{"label":"47","value":"EU 47","price":"","pimage":"","pimage_id":"","pthumb":"","color":""},{"label":"47.5","value":"EU 47.5","price":"","pimage":"","pimage_id":"","pthumb":"","color":""},{"label":"48","value":"EU 48","price":"","pimage":"","pimage_id":"","pthumb":"","color":""}],"relations":[{"operator":false,"rules":[]}],"form_id":18106,"form_rules":{"pric_cal_option_once":false,"exclude_from_discount":false,"pric_use_as_fee":false,"fee_label":"Fee","render_after_acb":false,"disp_hide_options_price":false}}]},"yoast_head":"<!-- This site is optimized with the Yoast SEO plugin v26.5 - https:\/\/yoast.com\/wordpress\/plugins\/seo\/ -->\n<title>Nike Book 1 EP &#039;All-Star Black Label&#039; - TOURCRUISER PTE. LTD<\/title>\n<meta name=\"robots\" content=\"index, follow, max-snippet:-1, max-image-preview:large, max-video-preview:-1\" \/>\n<link rel=\"canonical\" href=\"https:\/\/tourcruiser.com\/fr\/products\/nike-book-1-ep-all-star-black-label\/\" \/>\n<meta property=\"og:locale\" content=\"fr_FR\" \/>\n<meta property=\"og:type\" content=\"article\" \/>\n<meta property=\"og:title\" content=\"Nike Book 1 EP &#039;All-Star Black Label&#039; - TOURCRUISER PTE. LTD\" \/>\n<meta property=\"og:description\" content=\"Nike Black Label EP \u201d\u201d Black\/Coconut Milk\/Clay Orange\/Black\" \/>\n<meta property=\"og:url\" content=\"https:\/\/tourcruiser.com\/fr\/products\/nike-book-1-ep-all-star-black-label\/\" \/>\n<meta property=\"og:site_name\" content=\"Tourcruiser Sneaker Store\" \/>\n<meta property=\"article:modified_time\" content=\"2026-03-14T12:47:46+00:00\" \/>\n<meta name=\"twitter:card\" content=\"summary_large_image\" \/>\n<meta name=\"twitter:image\" content=\"https:\/\/images.novelship.com\/product\/book_1_black_label_ep_ib3861-001_0_98359.png\" \/>\n<meta name=\"twitter:label1\" content=\"Dur\u00e9e de lecture estim\u00e9e\" \/>\n\t<meta name=\"twitter:data1\" content=\"2 minutes\" \/>\n<script type=\"application\/ld+json\" class=\"yoast-schema-graph\">{\"@context\":\"https:\/\/schema.org\",\"@graph\":[{\"@type\":\"WebPage\",\"@id\":\"https:\/\/tourcruiser.com\/fr\/products\/nike-book-1-ep-all-star-black-label\/\",\"url\":\"https:\/\/tourcruiser.com\/fr\/products\/nike-book-1-ep-all-star-black-label\/\",\"name\":\"Nike Book 1 EP 'All-Star Black Label' - TOURCRUISER PTE. LTD\",\"isPartOf\":{\"@id\":\"https:\/\/tourcruiser.com\/fr\/#website\"},\"primaryImageOfPage\":{\"@id\":\"https:\/\/tourcruiser.com\/fr\/products\/nike-book-1-ep-all-star-black-label\/#primaryimage\"},\"image\":{\"@id\":\"https:\/\/tourcruiser.com\/fr\/products\/nike-book-1-ep-all-star-black-label\/#primaryimage\"},\"thumbnailUrl\":\"https:\/\/images.novelship.com\/product\/book_1_black_label_ep_ib3861-001_0_98359.png\",\"datePublished\":\"2026-03-02T09:38:26+00:00\",\"dateModified\":\"2026-03-14T12:47:46+00:00\",\"breadcrumb\":{\"@id\":\"https:\/\/tourcruiser.com\/fr\/products\/nike-book-1-ep-all-star-black-label\/#breadcrumb\"},\"inLanguage\":\"fr-FR\",\"potentialAction\":[{\"@type\":\"ReadAction\",\"target\":[\"https:\/\/tourcruiser.com\/fr\/products\/nike-book-1-ep-all-star-black-label\/\"]}]},{\"@type\":\"ImageObject\",\"inLanguage\":\"fr-FR\",\"@id\":\"https:\/\/tourcruiser.com\/fr\/products\/nike-book-1-ep-all-star-black-label\/#primaryimage\",\"url\":\"https:\/\/images.novelship.com\/product\/book_1_black_label_ep_ib3861-001_0_98359.png\",\"contentUrl\":\"https:\/\/images.novelship.com\/product\/book_1_black_label_ep_ib3861-001_0_98359.png\"},{\"@type\":\"BreadcrumbList\",\"@id\":\"https:\/\/tourcruiser.com\/fr\/products\/nike-book-1-ep-all-star-black-label\/#breadcrumb\",\"itemListElement\":[{\"@type\":\"ListItem\",\"position\":1,\"name\":\"Home\",\"item\":\"https:\/\/tourcruiser.com\/fr\/\"},{\"@type\":\"ListItem\",\"position\":2,\"name\":\"Shop\",\"item\":\"https:\/\/tourcruiser.com\/fr\/shop\/\"},{\"@type\":\"ListItem\",\"position\":3,\"name\":\"Nike Book 1 EP 'All-Star Black Label'\"}]},{\"@type\":\"WebSite\",\"@id\":\"https:\/\/tourcruiser.com\/fr\/#website\",\"url\":\"https:\/\/tourcruiser.com\/fr\/\",\"name\":\"Styloral Jewelry Shop\",\"description\":\"Tourcruiser Sneaker Store \u2014 L\u2019endroit o\u00f9 l\u2019univers rencontre votre singularit\u00e9.\",\"publisher\":{\"@id\":\"https:\/\/tourcruiser.com\/fr\/#organization\"},\"potentialAction\":[{\"@type\":\"SearchAction\",\"target\":{\"@type\":\"EntryPoint\",\"urlTemplate\":\"https:\/\/tourcruiser.com\/fr\/?s={search_term_string}\"},\"query-input\":{\"@type\":\"PropertyValueSpecification\",\"valueRequired\":true,\"valueName\":\"search_term_string\"}}],\"inLanguage\":\"fr-FR\"},{\"@type\":\"Organization\",\"@id\":\"https:\/\/tourcruiser.com\/fr\/#organization\",\"name\":\"STYLORAL PTE. LTD\",\"url\":\"https:\/\/tourcruiser.com\/fr\/\",\"logo\":{\"@type\":\"ImageObject\",\"inLanguage\":\"fr-FR\",\"@id\":\"https:\/\/tourcruiser.com\/fr\/#\/schema\/logo\/image\/\",\"url\":\"https:\/\/www.tourcruiser.com\/wp-content\/uploads\/2025\/12\/logo.png\",\"contentUrl\":\"https:\/\/www.tourcruiser.com\/wp-content\/uploads\/2025\/12\/logo.png\",\"width\":200,\"height\":65,\"caption\":\"STYLORAL PTE. LTD\"},\"image\":{\"@id\":\"https:\/\/tourcruiser.com\/fr\/#\/schema\/logo\/image\/\"}}]}<\/script>\n<!-- \/ Yoast SEO plugin. -->","yoast_head_json":{"title":"Nike Book 1 EP 'All-Star Black Label' - TOURCRUISER PTE. LTD","robots":{"index":"index","follow":"follow","max-snippet":"max-snippet:-1","max-image-preview":"max-image-preview:large","max-video-preview":"max-video-preview:-1"},"canonical":"https:\/\/tourcruiser.com\/fr\/products\/nike-book-1-ep-all-star-black-label\/","og_locale":"fr_FR","og_type":"article","og_title":"Nike Book 1 EP 'All-Star Black Label' - TOURCRUISER PTE. LTD","og_description":"Nike Black Label EP \u201d\u201d Black\/Coconut Milk\/Clay Orange\/Black","og_url":"https:\/\/tourcruiser.com\/fr\/products\/nike-book-1-ep-all-star-black-label\/","og_site_name":"Tourcruiser Sneaker Store","article_modified_time":"2026-03-14T12:47:46+00:00","twitter_card":"summary_large_image","twitter_image":"https:\/\/images.novelship.com\/product\/book_1_black_label_ep_ib3861-001_0_98359.png","twitter_misc":{"Dur\u00e9e de lecture estim\u00e9e":"2 minutes"},"schema":{"@context":"https:\/\/schema.org","@graph":[{"@type":"WebPage","@id":"https:\/\/tourcruiser.com\/fr\/products\/nike-book-1-ep-all-star-black-label\/","url":"https:\/\/tourcruiser.com\/fr\/products\/nike-book-1-ep-all-star-black-label\/","name":"Nike Book 1 EP 'All-Star Black Label' - TOURCRUISER PTE. LTD","isPartOf":{"@id":"https:\/\/tourcruiser.com\/fr\/#website"},"primaryImageOfPage":{"@id":"https:\/\/tourcruiser.com\/fr\/products\/nike-book-1-ep-all-star-black-label\/#primaryimage"},"image":{"@id":"https:\/\/tourcruiser.com\/fr\/products\/nike-book-1-ep-all-star-black-label\/#primaryimage"},"thumbnailUrl":"https:\/\/images.novelship.com\/product\/book_1_black_label_ep_ib3861-001_0_98359.png","datePublished":"2026-03-02T09:38:26+00:00","dateModified":"2026-03-14T12:47:46+00:00","breadcrumb":{"@id":"https:\/\/tourcruiser.com\/fr\/products\/nike-book-1-ep-all-star-black-label\/#breadcrumb"},"inLanguage":"fr-FR","potentialAction":[{"@type":"ReadAction","target":["https:\/\/tourcruiser.com\/fr\/products\/nike-book-1-ep-all-star-black-label\/"]}]},{"@type":"ImageObject","inLanguage":"fr-FR","@id":"https:\/\/tourcruiser.com\/fr\/products\/nike-book-1-ep-all-star-black-label\/#primaryimage","url":"https:\/\/images.novelship.com\/product\/book_1_black_label_ep_ib3861-001_0_98359.png","contentUrl":"https:\/\/images.novelship.com\/product\/book_1_black_label_ep_ib3861-001_0_98359.png"},{"@type":"BreadcrumbList","@id":"https:\/\/tourcruiser.com\/fr\/products\/nike-book-1-ep-all-star-black-label\/#breadcrumb","itemListElement":[{"@type":"ListItem","position":1,"name":"Home","item":"https:\/\/tourcruiser.com\/fr\/"},{"@type":"ListItem","position":2,"name":"Shop","item":"https:\/\/tourcruiser.com\/fr\/shop\/"},{"@type":"ListItem","position":3,"name":"Nike Book 1 EP 'All-Star Black Label'"}]},{"@type":"WebSite","@id":"https:\/\/tourcruiser.com\/fr\/#website","url":"https:\/\/tourcruiser.com\/fr\/","name":"Styloral Jewelry Shop","description":"Tourcruiser Sneaker Store \u2014 L\u2019endroit o\u00f9 l\u2019univers rencontre votre singularit\u00e9.","publisher":{"@id":"https:\/\/tourcruiser.com\/fr\/#organization"},"potentialAction":[{"@type":"SearchAction","target":{"@type":"EntryPoint","urlTemplate":"https:\/\/tourcruiser.com\/fr\/?s={search_term_string}"},"query-input":{"@type":"PropertyValueSpecification","valueRequired":true,"valueName":"search_term_string"}}],"inLanguage":"fr-FR"},{"@type":"Organization","@id":"https:\/\/tourcruiser.com\/fr\/#organization","name":"STYLORAL PTE. LTD","url":"https:\/\/tourcruiser.com\/fr\/","logo":{"@type":"ImageObject","inLanguage":"fr-FR","@id":"https:\/\/tourcruiser.com\/fr\/#\/schema\/logo\/image\/","url":"https:\/\/www.tourcruiser.com\/wp-content\/uploads\/2025\/12\/logo.png","contentUrl":"https:\/\/www.tourcruiser.com\/wp-content\/uploads\/2025\/12\/logo.png","width":200,"height":65,"caption":"STYLORAL PTE. LTD"},"image":{"@id":"https:\/\/tourcruiser.com\/fr\/#\/schema\/logo\/image\/"}}]}},"_links":{"self":[{"href":"https:\/\/tourcruiser.com\/fr\/wp-json\/wp\/v2\/product\/182012","targetHints":{"allow":["GET"]}}],"collection":[{"href":"https:\/\/tourcruiser.com\/fr\/wp-json\/wp\/v2\/product"}],"about":[{"href":"https:\/\/tourcruiser.com\/fr\/wp-json\/wp\/v2\/types\/product"}],"replies":[{"embeddable":true,"href":"https:\/\/tourcruiser.com\/fr\/wp-json\/wp\/v2\/comments?post=182012"}],"wp:featuredmedia":[{"embeddable":true,"href":"https:\/\/tourcruiser.com\/fr\/wp-json\/wp\/v2\/media\/182013"}],"wp:attachment":[{"href":"https:\/\/tourcruiser.com\/fr\/wp-json\/wp\/v2\/media?parent=182012"}],"wp:term":[{"taxonomy":"product_brand","embeddable":true,"href":"https:\/\/tourcruiser.com\/fr\/wp-json\/wp\/v2\/product_brand?post=182012"},{"taxonomy":"product_cat","embeddable":true,"href":"https:\/\/tourcruiser.com\/fr\/wp-json\/wp\/v2\/product_cat?post=182012"},{"taxonomy":"product_tag","embeddable":true,"href":"https:\/\/tourcruiser.com\/fr\/wp-json\/wp\/v2\/product_tag?post=182012"}],"curies":[{"name":"wp","href":"https:\/\/api.w.org\/{rel}","templated":true}]}}