{"id":181376,"date":"2026-03-02T16:37:32","date_gmt":"2026-03-02T09:37:32","guid":{"rendered":"http:\/\/tourcruiser.com\/product\/adidas-terrex-freehiker-sl-gore-tex-hiking-shoes-earth-stratabeigepure-teal"},"modified":"2026-03-14T19:47:11","modified_gmt":"2026-03-14T12:47:11","slug":"adidas-terrex-freehiker-sl-gore-tex-hiking-shoes-earth-stratabeigepure-teal","status":"publish","type":"product","link":"https:\/\/tourcruiser.com\/fr\/products\/adidas-terrex-freehiker-sl-gore-tex-hiking-shoes-earth-stratabeigepure-teal\/","title":{"rendered":"Adidas Terrex Freehiker SL GORE-TEX Hiking Shoes Earth Strata\/Beige\/Pure Teal"},"content":{"rendered":"<p>D\u00e9couvrez l&rsquo;alliance parfaite du confort et de la performance avec les chaussures de randonn\u00e9e Adidas Terrex Freehiker SL GORE-TEX. Con\u00e7ues pour les passionn\u00e9s de trekking, ces chaussures, disponibles en coloris Earth Strata\/Beige\/Pure Teal, gardent vos pieds au sec gr\u00e2ce \u00e0 la technologie imperm\u00e9able GORE-TEX. Leur conception l\u00e9g\u00e8re assure une libert\u00e9 de mouvement optimale sur les sentiers les plus exigeants. La semelle ext\u00e9rieure en caoutchouc Continental\u2122 offre une adh\u00e9rence et une stabilit\u00e9 exceptionnelles. Vivez des aventures inoubliables sur des terrains vari\u00e9s gr\u00e2ce \u00e0 une durabilit\u00e9 et un amorti in\u00e9gal\u00e9s \u2013 id\u00e9ales pour les globe-trotteurs en qu\u00eate d&rsquo;innovation et de style. Coloris\u00a0: Earth Strata\/Beige\/Pure Teal. R\u00e9f\u00e9rence\u00a0: JP6866. Mati\u00e8re ext\u00e9rieure\u00a0: Synth\u00e9tique. Couleur\u00a0: Marron.<\/p>\n","protected":false},"excerpt":{"rendered":"<p>adidas Terrex Freehiker SL GORE-TEX \u201d\u201d Earth Strata\/Beige\/Pure Teal<\/p>\n","protected":false},"featured_media":181377,"comment_status":"open","ping_status":"closed","template":"","meta":[],"product_brand":[],"product_cat":[10760],"product_tag":[10759,11114,11774,11115,10802,10758,11116],"class_list":{"0":"post-181376","1":"product","2":"type-product","3":"status-publish","4":"has-post-thumbnail","6":"product_cat-adidas","7":"product_tag-adidas","8":"product_tag-hiking-shoes","9":"product_tag-lightweight-hiking-shoes","10":"product_tag-low-cut-hiking-shoes","11":"product_tag-performance-sport-shoes","12":"product_tag-under-retail","13":"product_tag-waterproof-hiking-shoes","14":"wcpa_has_options","16":"first","17":"instock","18":"sale","19":"taxable","20":"shipping-taxable","21":"purchasable","22":"product-type-simple"},"wcpa_form_fields":{"rules":{"pric_overide_base_price":false,"pric_overide_base_price_if_gt_zero":false,"pric_overide_base_price_fully":false,"pric_cal_option_once":false,"pric_use_as_fee":false,"bind_quantity":false,"quantity_bind_formula":false},"fields":[{"type":"color-group","required":true,"elementId":"wcpa-color-group-66c4a7f817afe","label":"Taille","inline":true,"priceOptions":"different_for_all","pricingType":"fixed","className":"hassizechart product-shoes-size-eu product-shoes-size","name":"color-group-66c4a7f817b18","disp_type":"square","selection_type":"tick-border","disp_size":"50","show_label_inside":true,"adjust_width":true,"cart_display_type":"text","other_text":"Other","cl_rule":"show","col":6,"values":[{"label":"35","value":"EU 35","price":"","pimage":"","pimage_id":"","pthumb":"","color":""},{"label":"35.5","value":"EU 35.5","price":"","pimage":"","pimage_id":"","pthumb":"","color":""},{"label":"36","value":"EU 36","price":"","pimage":"","pimage_id":"","pthumb":"","color":"","selected":true},{"label":"36 2\/3","value":"EU 36 2\/3","price":"","pimage":"","pimage_id":"","pthumb":"","color":""},{"label":"37 1\/3","value":"EU 37 1\/3","price":"","pimage":"","pimage_id":"","pthumb":"","color":""},{"label":"38","value":"EU 38","price":"","pimage":"","pimage_id":"","pthumb":"","color":""},{"label":"38 2\/3","value":"EU 38 2\/3","price":"","pimage":"","pimage_id":"","pthumb":"","color":""},{"label":"39 1\/3","value":"EU 39 1\/3","price":"","pimage":"","pimage_id":"","pthumb":"","color":""},{"label":"40","value":"EU 40","price":"","pimage":"","pimage_id":"","pthumb":"","color":""},{"label":"40 2\/3","value":"EU 40 2\/3","price":"","pimage":"","pimage_id":"","pthumb":"","color":""},{"label":"41 1\/3","value":"EU 41 1\/3","price":"","pimage":"","pimage_id":"","pthumb":"","color":""},{"label":"42","value":"EU 42","price":"","pimage":"","pimage_id":"","pthumb":"","color":""},{"label":"42 2\/3","value":"EU 42 2\/3","price":"","pimage":"","pimage_id":"","pthumb":"","color":""},{"label":"43 1\/3","value":"EU 43 1\/3","price":"","pimage":"","pimage_id":"","pthumb":"","color":""},{"label":"44","value":"EU 44","price":"","pimage":"","pimage_id":"","pthumb":"","color":""},{"label":"44 2\/3","value":"EU 44 2\/3","price":"","pimage":"","pimage_id":"","pthumb":"","color":""},{"label":"45 1\/3","value":"EU 45 1\/3","price":"","pimage":"","pimage_id":"","pthumb":"","color":""},{"label":"46","value":"EU 46","price":"","pimage":"","pimage_id":"","pthumb":"","color":""},{"label":"46 2\/3","value":"EU 46 2\/3","price":"","pimage":"","pimage_id":"","pthumb":"","color":""},{"label":"47 1\/3","value":"EU 47 1\/3","price":"","pimage":"","pimage_id":"","pthumb":"","color":""}],"relations":[{"operator":false,"rules":[]}],"form_id":24802,"form_rules":{"pric_cal_option_once":false,"exclude_from_discount":false,"pric_use_as_fee":false,"fee_label":"Fee","render_after_acb":false,"disp_hide_options_price":false}}]},"yoast_head":"<!-- This site is optimized with the Yoast SEO plugin v26.5 - https:\/\/yoast.com\/wordpress\/plugins\/seo\/ -->\n<title>Adidas Terrex Freehiker SL GORE-TEX Hiking Shoes Earth Strata\/Beige\/Pure Teal - TOURCRUISER PTE. LTD<\/title>\n<meta name=\"robots\" content=\"index, follow, max-snippet:-1, max-image-preview:large, max-video-preview:-1\" \/>\n<link rel=\"canonical\" href=\"https:\/\/tourcruiser.com\/fr\/products\/adidas-terrex-freehiker-sl-gore-tex-hiking-shoes-earth-stratabeigepure-teal\/\" \/>\n<meta property=\"og:locale\" content=\"fr_FR\" \/>\n<meta property=\"og:type\" content=\"article\" \/>\n<meta property=\"og:title\" content=\"Adidas Terrex Freehiker SL GORE-TEX Hiking Shoes Earth Strata\/Beige\/Pure Teal - TOURCRUISER PTE. LTD\" \/>\n<meta property=\"og:description\" content=\"adidas Terrex Freehiker SL GORE-TEX \u201d\u201d Earth Strata\/Beige\/Pure Teal\" \/>\n<meta property=\"og:url\" content=\"https:\/\/tourcruiser.com\/fr\/products\/adidas-terrex-freehiker-sl-gore-tex-hiking-shoes-earth-stratabeigepure-teal\/\" \/>\n<meta property=\"og:site_name\" content=\"Tourcruiser Sneaker Store\" \/>\n<meta property=\"article:modified_time\" content=\"2026-03-14T12:47:11+00:00\" \/>\n<meta name=\"twitter:card\" content=\"summary_large_image\" \/>\n<meta name=\"twitter:image\" content=\"https:\/\/images.novelship.com\/product\/adidas_terrex_freehiker_sl_gore-tex_hiking_shoes_e_0_31173.jpeg\" \/>\n<meta name=\"twitter:label1\" content=\"Dur\u00e9e de lecture estim\u00e9e\" \/>\n\t<meta name=\"twitter:data1\" content=\"1 minute\" \/>\n<script type=\"application\/ld+json\" class=\"yoast-schema-graph\">{\"@context\":\"https:\/\/schema.org\",\"@graph\":[{\"@type\":\"WebPage\",\"@id\":\"https:\/\/tourcruiser.com\/fr\/products\/adidas-terrex-freehiker-sl-gore-tex-hiking-shoes-earth-stratabeigepure-teal\/\",\"url\":\"https:\/\/tourcruiser.com\/fr\/products\/adidas-terrex-freehiker-sl-gore-tex-hiking-shoes-earth-stratabeigepure-teal\/\",\"name\":\"Adidas Terrex Freehiker SL GORE-TEX Hiking Shoes Earth Strata\/Beige\/Pure Teal - TOURCRUISER PTE. LTD\",\"isPartOf\":{\"@id\":\"https:\/\/tourcruiser.com\/fr\/#website\"},\"primaryImageOfPage\":{\"@id\":\"https:\/\/tourcruiser.com\/fr\/products\/adidas-terrex-freehiker-sl-gore-tex-hiking-shoes-earth-stratabeigepure-teal\/#primaryimage\"},\"image\":{\"@id\":\"https:\/\/tourcruiser.com\/fr\/products\/adidas-terrex-freehiker-sl-gore-tex-hiking-shoes-earth-stratabeigepure-teal\/#primaryimage\"},\"thumbnailUrl\":\"https:\/\/images.novelship.com\/product\/adidas_terrex_freehiker_sl_gore-tex_hiking_shoes_e_0_31173.jpeg\",\"datePublished\":\"2026-03-02T09:37:32+00:00\",\"dateModified\":\"2026-03-14T12:47:11+00:00\",\"breadcrumb\":{\"@id\":\"https:\/\/tourcruiser.com\/fr\/products\/adidas-terrex-freehiker-sl-gore-tex-hiking-shoes-earth-stratabeigepure-teal\/#breadcrumb\"},\"inLanguage\":\"fr-FR\",\"potentialAction\":[{\"@type\":\"ReadAction\",\"target\":[\"https:\/\/tourcruiser.com\/fr\/products\/adidas-terrex-freehiker-sl-gore-tex-hiking-shoes-earth-stratabeigepure-teal\/\"]}]},{\"@type\":\"ImageObject\",\"inLanguage\":\"fr-FR\",\"@id\":\"https:\/\/tourcruiser.com\/fr\/products\/adidas-terrex-freehiker-sl-gore-tex-hiking-shoes-earth-stratabeigepure-teal\/#primaryimage\",\"url\":\"https:\/\/images.novelship.com\/product\/adidas_terrex_freehiker_sl_gore-tex_hiking_shoes_e_0_31173.jpeg\",\"contentUrl\":\"https:\/\/images.novelship.com\/product\/adidas_terrex_freehiker_sl_gore-tex_hiking_shoes_e_0_31173.jpeg\"},{\"@type\":\"BreadcrumbList\",\"@id\":\"https:\/\/tourcruiser.com\/fr\/products\/adidas-terrex-freehiker-sl-gore-tex-hiking-shoes-earth-stratabeigepure-teal\/#breadcrumb\",\"itemListElement\":[{\"@type\":\"ListItem\",\"position\":1,\"name\":\"Home\",\"item\":\"https:\/\/tourcruiser.com\/fr\/\"},{\"@type\":\"ListItem\",\"position\":2,\"name\":\"Shop\",\"item\":\"https:\/\/tourcruiser.com\/fr\/shop\/\"},{\"@type\":\"ListItem\",\"position\":3,\"name\":\"Adidas Terrex Freehiker SL GORE-TEX Hiking Shoes Earth Strata\/Beige\/Pure Teal\"}]},{\"@type\":\"WebSite\",\"@id\":\"https:\/\/tourcruiser.com\/fr\/#website\",\"url\":\"https:\/\/tourcruiser.com\/fr\/\",\"name\":\"Styloral Jewelry Shop\",\"description\":\"Tourcruiser Sneaker Store \u2014 L\u2019endroit o\u00f9 l\u2019univers rencontre votre singularit\u00e9.\",\"publisher\":{\"@id\":\"https:\/\/tourcruiser.com\/fr\/#organization\"},\"potentialAction\":[{\"@type\":\"SearchAction\",\"target\":{\"@type\":\"EntryPoint\",\"urlTemplate\":\"https:\/\/tourcruiser.com\/fr\/?s={search_term_string}\"},\"query-input\":{\"@type\":\"PropertyValueSpecification\",\"valueRequired\":true,\"valueName\":\"search_term_string\"}}],\"inLanguage\":\"fr-FR\"},{\"@type\":\"Organization\",\"@id\":\"https:\/\/tourcruiser.com\/fr\/#organization\",\"name\":\"STYLORAL PTE. LTD\",\"url\":\"https:\/\/tourcruiser.com\/fr\/\",\"logo\":{\"@type\":\"ImageObject\",\"inLanguage\":\"fr-FR\",\"@id\":\"https:\/\/tourcruiser.com\/fr\/#\/schema\/logo\/image\/\",\"url\":\"https:\/\/www.tourcruiser.com\/wp-content\/uploads\/2025\/12\/logo.png\",\"contentUrl\":\"https:\/\/www.tourcruiser.com\/wp-content\/uploads\/2025\/12\/logo.png\",\"width\":200,\"height\":65,\"caption\":\"STYLORAL PTE. LTD\"},\"image\":{\"@id\":\"https:\/\/tourcruiser.com\/fr\/#\/schema\/logo\/image\/\"}}]}<\/script>\n<!-- \/ Yoast SEO plugin. -->","yoast_head_json":{"title":"Adidas Terrex Freehiker SL GORE-TEX Hiking Shoes Earth Strata\/Beige\/Pure Teal - TOURCRUISER PTE. LTD","robots":{"index":"index","follow":"follow","max-snippet":"max-snippet:-1","max-image-preview":"max-image-preview:large","max-video-preview":"max-video-preview:-1"},"canonical":"https:\/\/tourcruiser.com\/fr\/products\/adidas-terrex-freehiker-sl-gore-tex-hiking-shoes-earth-stratabeigepure-teal\/","og_locale":"fr_FR","og_type":"article","og_title":"Adidas Terrex Freehiker SL GORE-TEX Hiking Shoes Earth Strata\/Beige\/Pure Teal - TOURCRUISER PTE. LTD","og_description":"adidas Terrex Freehiker SL GORE-TEX \u201d\u201d Earth Strata\/Beige\/Pure Teal","og_url":"https:\/\/tourcruiser.com\/fr\/products\/adidas-terrex-freehiker-sl-gore-tex-hiking-shoes-earth-stratabeigepure-teal\/","og_site_name":"Tourcruiser Sneaker Store","article_modified_time":"2026-03-14T12:47:11+00:00","twitter_card":"summary_large_image","twitter_image":"https:\/\/images.novelship.com\/product\/adidas_terrex_freehiker_sl_gore-tex_hiking_shoes_e_0_31173.jpeg","twitter_misc":{"Dur\u00e9e de lecture estim\u00e9e":"1 minute"},"schema":{"@context":"https:\/\/schema.org","@graph":[{"@type":"WebPage","@id":"https:\/\/tourcruiser.com\/fr\/products\/adidas-terrex-freehiker-sl-gore-tex-hiking-shoes-earth-stratabeigepure-teal\/","url":"https:\/\/tourcruiser.com\/fr\/products\/adidas-terrex-freehiker-sl-gore-tex-hiking-shoes-earth-stratabeigepure-teal\/","name":"Adidas Terrex Freehiker SL GORE-TEX Hiking Shoes Earth Strata\/Beige\/Pure Teal - TOURCRUISER PTE. LTD","isPartOf":{"@id":"https:\/\/tourcruiser.com\/fr\/#website"},"primaryImageOfPage":{"@id":"https:\/\/tourcruiser.com\/fr\/products\/adidas-terrex-freehiker-sl-gore-tex-hiking-shoes-earth-stratabeigepure-teal\/#primaryimage"},"image":{"@id":"https:\/\/tourcruiser.com\/fr\/products\/adidas-terrex-freehiker-sl-gore-tex-hiking-shoes-earth-stratabeigepure-teal\/#primaryimage"},"thumbnailUrl":"https:\/\/images.novelship.com\/product\/adidas_terrex_freehiker_sl_gore-tex_hiking_shoes_e_0_31173.jpeg","datePublished":"2026-03-02T09:37:32+00:00","dateModified":"2026-03-14T12:47:11+00:00","breadcrumb":{"@id":"https:\/\/tourcruiser.com\/fr\/products\/adidas-terrex-freehiker-sl-gore-tex-hiking-shoes-earth-stratabeigepure-teal\/#breadcrumb"},"inLanguage":"fr-FR","potentialAction":[{"@type":"ReadAction","target":["https:\/\/tourcruiser.com\/fr\/products\/adidas-terrex-freehiker-sl-gore-tex-hiking-shoes-earth-stratabeigepure-teal\/"]}]},{"@type":"ImageObject","inLanguage":"fr-FR","@id":"https:\/\/tourcruiser.com\/fr\/products\/adidas-terrex-freehiker-sl-gore-tex-hiking-shoes-earth-stratabeigepure-teal\/#primaryimage","url":"https:\/\/images.novelship.com\/product\/adidas_terrex_freehiker_sl_gore-tex_hiking_shoes_e_0_31173.jpeg","contentUrl":"https:\/\/images.novelship.com\/product\/adidas_terrex_freehiker_sl_gore-tex_hiking_shoes_e_0_31173.jpeg"},{"@type":"BreadcrumbList","@id":"https:\/\/tourcruiser.com\/fr\/products\/adidas-terrex-freehiker-sl-gore-tex-hiking-shoes-earth-stratabeigepure-teal\/#breadcrumb","itemListElement":[{"@type":"ListItem","position":1,"name":"Home","item":"https:\/\/tourcruiser.com\/fr\/"},{"@type":"ListItem","position":2,"name":"Shop","item":"https:\/\/tourcruiser.com\/fr\/shop\/"},{"@type":"ListItem","position":3,"name":"Adidas Terrex Freehiker SL GORE-TEX Hiking Shoes Earth Strata\/Beige\/Pure Teal"}]},{"@type":"WebSite","@id":"https:\/\/tourcruiser.com\/fr\/#website","url":"https:\/\/tourcruiser.com\/fr\/","name":"Styloral Jewelry Shop","description":"Tourcruiser Sneaker Store \u2014 L\u2019endroit o\u00f9 l\u2019univers rencontre votre singularit\u00e9.","publisher":{"@id":"https:\/\/tourcruiser.com\/fr\/#organization"},"potentialAction":[{"@type":"SearchAction","target":{"@type":"EntryPoint","urlTemplate":"https:\/\/tourcruiser.com\/fr\/?s={search_term_string}"},"query-input":{"@type":"PropertyValueSpecification","valueRequired":true,"valueName":"search_term_string"}}],"inLanguage":"fr-FR"},{"@type":"Organization","@id":"https:\/\/tourcruiser.com\/fr\/#organization","name":"STYLORAL PTE. LTD","url":"https:\/\/tourcruiser.com\/fr\/","logo":{"@type":"ImageObject","inLanguage":"fr-FR","@id":"https:\/\/tourcruiser.com\/fr\/#\/schema\/logo\/image\/","url":"https:\/\/www.tourcruiser.com\/wp-content\/uploads\/2025\/12\/logo.png","contentUrl":"https:\/\/www.tourcruiser.com\/wp-content\/uploads\/2025\/12\/logo.png","width":200,"height":65,"caption":"STYLORAL PTE. LTD"},"image":{"@id":"https:\/\/tourcruiser.com\/fr\/#\/schema\/logo\/image\/"}}]}},"_links":{"self":[{"href":"https:\/\/tourcruiser.com\/fr\/wp-json\/wp\/v2\/product\/181376","targetHints":{"allow":["GET"]}}],"collection":[{"href":"https:\/\/tourcruiser.com\/fr\/wp-json\/wp\/v2\/product"}],"about":[{"href":"https:\/\/tourcruiser.com\/fr\/wp-json\/wp\/v2\/types\/product"}],"replies":[{"embeddable":true,"href":"https:\/\/tourcruiser.com\/fr\/wp-json\/wp\/v2\/comments?post=181376"}],"wp:featuredmedia":[{"embeddable":true,"href":"https:\/\/tourcruiser.com\/fr\/wp-json\/wp\/v2\/media\/181377"}],"wp:attachment":[{"href":"https:\/\/tourcruiser.com\/fr\/wp-json\/wp\/v2\/media?parent=181376"}],"wp:term":[{"taxonomy":"product_brand","embeddable":true,"href":"https:\/\/tourcruiser.com\/fr\/wp-json\/wp\/v2\/product_brand?post=181376"},{"taxonomy":"product_cat","embeddable":true,"href":"https:\/\/tourcruiser.com\/fr\/wp-json\/wp\/v2\/product_cat?post=181376"},{"taxonomy":"product_tag","embeddable":true,"href":"https:\/\/tourcruiser.com\/fr\/wp-json\/wp\/v2\/product_tag?post=181376"}],"curies":[{"name":"wp","href":"https:\/\/api.w.org\/{rel}","templated":true}]}}