{"id":179825,"date":"2026-03-02T16:35:09","date_gmt":"2026-03-02T09:35:09","guid":{"rendered":"http:\/\/tourcruiser.com\/product\/jeff-staple-x-nike-dunk-low-pro-sb-20th-anniversary-black-pigeon"},"modified":"2026-03-14T19:45:44","modified_gmt":"2026-03-14T12:45:44","slug":"jeff-staple-x-nike-dunk-low-pro-sb-20th-anniversary-black-pigeon","status":"publish","type":"product","link":"https:\/\/tourcruiser.com\/fr\/products\/jeff-staple-x-nike-dunk-low-pro-sb-20th-anniversary-black-pigeon\/","title":{"rendered":"Jeff Staple x Nike Dunk Low Pro SB 20th Anniversary &lsquo;Black Pigeon&rsquo;"},"content":{"rendered":"<p>La Jeff Staple x Nike Dunk Low Pro SB 20e anniversaire \u00ab\u00a0Black Pigeon\u00a0\u00bb 883232-008-XX rend hommage \u00e0 la collaboration l\u00e9gendaire de 2005 qui a d\u00e9clench\u00e9 une v\u00e9ritable fr\u00e9n\u00e9sie autour des sneakers. Cette \u00e9dition tr\u00e8s pris\u00e9e pr\u00e9sente une \u00e9l\u00e9gante empeigne en cuir noir avec des empi\u00e8cements ton sur ton reprenant le motif original du pigeon. Parmi les d\u00e9tails comm\u00e9moratifs, on retrouve le logo pigeon embl\u00e9matique de Staple au talon et l&rsquo;ann\u00e9e \u00ab\u00a02005\u00a0\u00bb \u00ab\u00a02023\u00a0\u00bb sur la languette, c\u00e9l\u00e9brant ainsi l&rsquo;h\u00e9ritage durable de cette collaboration r\u00e9volutionnaire.<\/p>\n<p>Code article\u00a0: 883232-008-XX<\/p>\n<p>Semelle interm\u00e9diaire\u00a0: Zoom Air<\/p>\n<p>Couleur\u00a0: Noir<\/p>\n<p>Designer\u00a0: Peter Moore<\/p>\n","protected":false},"excerpt":{"rendered":"<p>Jeff Staple Nike Dunk Low Pro SB 20th Anniversary &lsquo;Black Pigeon&rsquo;<\/p>\n","protected":false},"featured_media":179826,"comment_status":"open","ping_status":"closed","template":"","meta":[],"product_brand":[],"product_cat":[10803],"product_tag":[10799,10800,10753,10801,10900,10802,11153],"class_list":{"0":"post-179825","1":"product","2":"type-product","3":"status-publish","4":"has-post-thumbnail","6":"product_cat-nike","7":"product_tag-ankle-support-basketball-shoes","8":"product_tag-basketball-shoes","9":"product_tag-gift-for-him","10":"product_tag-nike","11":"product_tag-nike-skateboarding-shoes","12":"product_tag-performance-sport-shoes","13":"product_tag-skateboard-shoes","14":"wcpa_has_options","16":"first","17":"instock","18":"taxable","19":"shipping-taxable","20":"purchasable","21":"product-type-simple"},"wcpa_form_fields":{"rules":{"pric_overide_base_price":false,"pric_overide_base_price_if_gt_zero":false,"pric_overide_base_price_fully":false,"pric_cal_option_once":false,"pric_use_as_fee":false,"bind_quantity":false,"quantity_bind_formula":false},"fields":[{"type":"color-group","required":true,"elementId":"wcpa-color-group-66c4a75505e74","label":"Taille","inline":true,"priceOptions":"different_for_all","pricingType":"fixed","className":"hassizechart product-shoes-size-eu product-shoes-size","name":"color-group-66c4a75505e89","disp_type":"square","selection_type":"tick-border","disp_size":"44","show_label_inside":true,"adjust_width":true,"cart_display_type":"text","other_text":"Other","cl_rule":"show","col":6,"values":[{"label":"35.5","value":"EU 35.5","price":"","pimage":"","pimage_id":"","pthumb":"","color":""},{"label":"36","value":"EU 36","price":"","pimage":"","pimage_id":"","pthumb":"","color":"","selected":true},{"label":"36.5","value":"EU 36.5","price":"","pimage":"","pimage_id":"","pthumb":"","color":""},{"label":"37.5","value":"EU 37.5","price":"","pimage":"","pimage_id":"","pthumb":"","color":""},{"label":"38","value":"EU 38","price":"","pimage":"","pimage_id":"","pthumb":"","color":""},{"label":"38.5","value":"EU 38.5","price":"","pimage":"","pimage_id":"","pthumb":"","color":""},{"label":"39","value":"EU 39","price":"","pimage":"","pimage_id":"","pthumb":"","color":""},{"label":"40","value":"EU 40","price":"","pimage":"","pimage_id":"","pthumb":"","color":""},{"label":"40.5","value":"EU 40.5","price":"","pimage":"","pimage_id":"","pthumb":"","color":""},{"label":"41","value":"EU 41","price":"","pimage":"","pimage_id":"","pthumb":"","color":""},{"label":"42","value":"EU 42","price":"","pimage":"","pimage_id":"","pthumb":"","color":""},{"label":"42.5","value":"EU 42.5","price":"","pimage":"","pimage_id":"","pthumb":"","color":""},{"label":"43","value":"EU 43","price":"","pimage":"","pimage_id":"","pthumb":"","color":""},{"label":"44","value":"EU 44","price":"","pimage":"","pimage_id":"","pthumb":"","color":""},{"label":"44.5","value":"EU 44.5","price":"","pimage":"","pimage_id":"","pthumb":"","color":""},{"label":"45","value":"EU 45","price":"","pimage":"","pimage_id":"","pthumb":"","color":""},{"label":"45.5","value":"EU 45.5","price":"","pimage":"","pimage_id":"","pthumb":"","color":""},{"label":"46","value":"EU 46","price":"","pimage":"","pimage_id":"","pthumb":"","color":""},{"label":"47","value":"EU 47","price":"","pimage":"","pimage_id":"","pthumb":"","color":""},{"label":"47.5","value":"EU 47.5","price":"","pimage":"","pimage_id":"","pthumb":"","color":""},{"label":"48","value":"EU 48","price":"","pimage":"","pimage_id":"","pthumb":"","color":""}],"relations":[{"operator":false,"rules":[]}],"form_id":18106,"form_rules":{"pric_cal_option_once":false,"exclude_from_discount":false,"pric_use_as_fee":false,"fee_label":"Fee","render_after_acb":false,"disp_hide_options_price":false}}]},"yoast_head":"<!-- This site is optimized with the Yoast SEO plugin v26.5 - https:\/\/yoast.com\/wordpress\/plugins\/seo\/ -->\n<title>Jeff Staple x Nike Dunk Low Pro SB 20th Anniversary &#039;Black Pigeon&#039; - TOURCRUISER PTE. LTD<\/title>\n<meta name=\"robots\" content=\"index, follow, max-snippet:-1, max-image-preview:large, max-video-preview:-1\" \/>\n<link rel=\"canonical\" href=\"https:\/\/tourcruiser.com\/fr\/products\/jeff-staple-x-nike-dunk-low-pro-sb-20th-anniversary-black-pigeon\/\" \/>\n<meta property=\"og:locale\" content=\"fr_FR\" \/>\n<meta property=\"og:type\" content=\"article\" \/>\n<meta property=\"og:title\" content=\"Jeff Staple x Nike Dunk Low Pro SB 20th Anniversary &#039;Black Pigeon&#039; - TOURCRUISER PTE. LTD\" \/>\n<meta property=\"og:description\" content=\"Jeff Staple Nike Dunk Low Pro SB 20th Anniversary &#039;Black Pigeon&#039;\" \/>\n<meta property=\"og:url\" content=\"https:\/\/tourcruiser.com\/fr\/products\/jeff-staple-x-nike-dunk-low-pro-sb-20th-anniversary-black-pigeon\/\" \/>\n<meta property=\"og:site_name\" content=\"Tourcruiser Sneaker Store\" \/>\n<meta property=\"article:modified_time\" content=\"2026-03-14T12:45:44+00:00\" \/>\n<meta name=\"twitter:card\" content=\"summary_large_image\" \/>\n<meta name=\"twitter:image\" content=\"https:\/\/images.novelship.com\/product\/jeff_staple_x_nike_dunk_low_pro_sb_20th_anniversar_0_61570.png\" \/>\n<meta name=\"twitter:label1\" content=\"Dur\u00e9e de lecture estim\u00e9e\" \/>\n\t<meta name=\"twitter:data1\" content=\"1 minute\" \/>\n<script type=\"application\/ld+json\" class=\"yoast-schema-graph\">{\"@context\":\"https:\/\/schema.org\",\"@graph\":[{\"@type\":\"WebPage\",\"@id\":\"https:\/\/tourcruiser.com\/fr\/products\/jeff-staple-x-nike-dunk-low-pro-sb-20th-anniversary-black-pigeon\/\",\"url\":\"https:\/\/tourcruiser.com\/fr\/products\/jeff-staple-x-nike-dunk-low-pro-sb-20th-anniversary-black-pigeon\/\",\"name\":\"Jeff Staple x Nike Dunk Low Pro SB 20th Anniversary 'Black Pigeon' - TOURCRUISER PTE. LTD\",\"isPartOf\":{\"@id\":\"https:\/\/tourcruiser.com\/fr\/#website\"},\"primaryImageOfPage\":{\"@id\":\"https:\/\/tourcruiser.com\/fr\/products\/jeff-staple-x-nike-dunk-low-pro-sb-20th-anniversary-black-pigeon\/#primaryimage\"},\"image\":{\"@id\":\"https:\/\/tourcruiser.com\/fr\/products\/jeff-staple-x-nike-dunk-low-pro-sb-20th-anniversary-black-pigeon\/#primaryimage\"},\"thumbnailUrl\":\"https:\/\/images.novelship.com\/product\/jeff_staple_x_nike_dunk_low_pro_sb_20th_anniversar_0_61570.png\",\"datePublished\":\"2026-03-02T09:35:09+00:00\",\"dateModified\":\"2026-03-14T12:45:44+00:00\",\"breadcrumb\":{\"@id\":\"https:\/\/tourcruiser.com\/fr\/products\/jeff-staple-x-nike-dunk-low-pro-sb-20th-anniversary-black-pigeon\/#breadcrumb\"},\"inLanguage\":\"fr-FR\",\"potentialAction\":[{\"@type\":\"ReadAction\",\"target\":[\"https:\/\/tourcruiser.com\/fr\/products\/jeff-staple-x-nike-dunk-low-pro-sb-20th-anniversary-black-pigeon\/\"]}]},{\"@type\":\"ImageObject\",\"inLanguage\":\"fr-FR\",\"@id\":\"https:\/\/tourcruiser.com\/fr\/products\/jeff-staple-x-nike-dunk-low-pro-sb-20th-anniversary-black-pigeon\/#primaryimage\",\"url\":\"https:\/\/images.novelship.com\/product\/jeff_staple_x_nike_dunk_low_pro_sb_20th_anniversar_0_61570.png\",\"contentUrl\":\"https:\/\/images.novelship.com\/product\/jeff_staple_x_nike_dunk_low_pro_sb_20th_anniversar_0_61570.png\"},{\"@type\":\"BreadcrumbList\",\"@id\":\"https:\/\/tourcruiser.com\/fr\/products\/jeff-staple-x-nike-dunk-low-pro-sb-20th-anniversary-black-pigeon\/#breadcrumb\",\"itemListElement\":[{\"@type\":\"ListItem\",\"position\":1,\"name\":\"Home\",\"item\":\"https:\/\/tourcruiser.com\/fr\/\"},{\"@type\":\"ListItem\",\"position\":2,\"name\":\"Shop\",\"item\":\"https:\/\/tourcruiser.com\/fr\/shop\/\"},{\"@type\":\"ListItem\",\"position\":3,\"name\":\"Jeff Staple x Nike Dunk Low Pro SB 20th Anniversary 'Black Pigeon'\"}]},{\"@type\":\"WebSite\",\"@id\":\"https:\/\/tourcruiser.com\/fr\/#website\",\"url\":\"https:\/\/tourcruiser.com\/fr\/\",\"name\":\"Styloral Jewelry Shop\",\"description\":\"Tourcruiser Sneaker Store \u2014 L\u2019endroit o\u00f9 l\u2019univers rencontre votre singularit\u00e9.\",\"publisher\":{\"@id\":\"https:\/\/tourcruiser.com\/fr\/#organization\"},\"potentialAction\":[{\"@type\":\"SearchAction\",\"target\":{\"@type\":\"EntryPoint\",\"urlTemplate\":\"https:\/\/tourcruiser.com\/fr\/?s={search_term_string}\"},\"query-input\":{\"@type\":\"PropertyValueSpecification\",\"valueRequired\":true,\"valueName\":\"search_term_string\"}}],\"inLanguage\":\"fr-FR\"},{\"@type\":\"Organization\",\"@id\":\"https:\/\/tourcruiser.com\/fr\/#organization\",\"name\":\"STYLORAL PTE. LTD\",\"url\":\"https:\/\/tourcruiser.com\/fr\/\",\"logo\":{\"@type\":\"ImageObject\",\"inLanguage\":\"fr-FR\",\"@id\":\"https:\/\/tourcruiser.com\/fr\/#\/schema\/logo\/image\/\",\"url\":\"https:\/\/www.tourcruiser.com\/wp-content\/uploads\/2025\/12\/logo.png\",\"contentUrl\":\"https:\/\/www.tourcruiser.com\/wp-content\/uploads\/2025\/12\/logo.png\",\"width\":200,\"height\":65,\"caption\":\"STYLORAL PTE. LTD\"},\"image\":{\"@id\":\"https:\/\/tourcruiser.com\/fr\/#\/schema\/logo\/image\/\"}}]}<\/script>\n<!-- \/ Yoast SEO plugin. -->","yoast_head_json":{"title":"Jeff Staple x Nike Dunk Low Pro SB 20th Anniversary 'Black Pigeon' - TOURCRUISER PTE. LTD","robots":{"index":"index","follow":"follow","max-snippet":"max-snippet:-1","max-image-preview":"max-image-preview:large","max-video-preview":"max-video-preview:-1"},"canonical":"https:\/\/tourcruiser.com\/fr\/products\/jeff-staple-x-nike-dunk-low-pro-sb-20th-anniversary-black-pigeon\/","og_locale":"fr_FR","og_type":"article","og_title":"Jeff Staple x Nike Dunk Low Pro SB 20th Anniversary 'Black Pigeon' - TOURCRUISER PTE. LTD","og_description":"Jeff Staple Nike Dunk Low Pro SB 20th Anniversary 'Black Pigeon'","og_url":"https:\/\/tourcruiser.com\/fr\/products\/jeff-staple-x-nike-dunk-low-pro-sb-20th-anniversary-black-pigeon\/","og_site_name":"Tourcruiser Sneaker Store","article_modified_time":"2026-03-14T12:45:44+00:00","twitter_card":"summary_large_image","twitter_image":"https:\/\/images.novelship.com\/product\/jeff_staple_x_nike_dunk_low_pro_sb_20th_anniversar_0_61570.png","twitter_misc":{"Dur\u00e9e de lecture estim\u00e9e":"1 minute"},"schema":{"@context":"https:\/\/schema.org","@graph":[{"@type":"WebPage","@id":"https:\/\/tourcruiser.com\/fr\/products\/jeff-staple-x-nike-dunk-low-pro-sb-20th-anniversary-black-pigeon\/","url":"https:\/\/tourcruiser.com\/fr\/products\/jeff-staple-x-nike-dunk-low-pro-sb-20th-anniversary-black-pigeon\/","name":"Jeff Staple x Nike Dunk Low Pro SB 20th Anniversary 'Black Pigeon' - TOURCRUISER PTE. LTD","isPartOf":{"@id":"https:\/\/tourcruiser.com\/fr\/#website"},"primaryImageOfPage":{"@id":"https:\/\/tourcruiser.com\/fr\/products\/jeff-staple-x-nike-dunk-low-pro-sb-20th-anniversary-black-pigeon\/#primaryimage"},"image":{"@id":"https:\/\/tourcruiser.com\/fr\/products\/jeff-staple-x-nike-dunk-low-pro-sb-20th-anniversary-black-pigeon\/#primaryimage"},"thumbnailUrl":"https:\/\/images.novelship.com\/product\/jeff_staple_x_nike_dunk_low_pro_sb_20th_anniversar_0_61570.png","datePublished":"2026-03-02T09:35:09+00:00","dateModified":"2026-03-14T12:45:44+00:00","breadcrumb":{"@id":"https:\/\/tourcruiser.com\/fr\/products\/jeff-staple-x-nike-dunk-low-pro-sb-20th-anniversary-black-pigeon\/#breadcrumb"},"inLanguage":"fr-FR","potentialAction":[{"@type":"ReadAction","target":["https:\/\/tourcruiser.com\/fr\/products\/jeff-staple-x-nike-dunk-low-pro-sb-20th-anniversary-black-pigeon\/"]}]},{"@type":"ImageObject","inLanguage":"fr-FR","@id":"https:\/\/tourcruiser.com\/fr\/products\/jeff-staple-x-nike-dunk-low-pro-sb-20th-anniversary-black-pigeon\/#primaryimage","url":"https:\/\/images.novelship.com\/product\/jeff_staple_x_nike_dunk_low_pro_sb_20th_anniversar_0_61570.png","contentUrl":"https:\/\/images.novelship.com\/product\/jeff_staple_x_nike_dunk_low_pro_sb_20th_anniversar_0_61570.png"},{"@type":"BreadcrumbList","@id":"https:\/\/tourcruiser.com\/fr\/products\/jeff-staple-x-nike-dunk-low-pro-sb-20th-anniversary-black-pigeon\/#breadcrumb","itemListElement":[{"@type":"ListItem","position":1,"name":"Home","item":"https:\/\/tourcruiser.com\/fr\/"},{"@type":"ListItem","position":2,"name":"Shop","item":"https:\/\/tourcruiser.com\/fr\/shop\/"},{"@type":"ListItem","position":3,"name":"Jeff Staple x Nike Dunk Low Pro SB 20th Anniversary 'Black Pigeon'"}]},{"@type":"WebSite","@id":"https:\/\/tourcruiser.com\/fr\/#website","url":"https:\/\/tourcruiser.com\/fr\/","name":"Styloral Jewelry Shop","description":"Tourcruiser Sneaker Store \u2014 L\u2019endroit o\u00f9 l\u2019univers rencontre votre singularit\u00e9.","publisher":{"@id":"https:\/\/tourcruiser.com\/fr\/#organization"},"potentialAction":[{"@type":"SearchAction","target":{"@type":"EntryPoint","urlTemplate":"https:\/\/tourcruiser.com\/fr\/?s={search_term_string}"},"query-input":{"@type":"PropertyValueSpecification","valueRequired":true,"valueName":"search_term_string"}}],"inLanguage":"fr-FR"},{"@type":"Organization","@id":"https:\/\/tourcruiser.com\/fr\/#organization","name":"STYLORAL PTE. LTD","url":"https:\/\/tourcruiser.com\/fr\/","logo":{"@type":"ImageObject","inLanguage":"fr-FR","@id":"https:\/\/tourcruiser.com\/fr\/#\/schema\/logo\/image\/","url":"https:\/\/www.tourcruiser.com\/wp-content\/uploads\/2025\/12\/logo.png","contentUrl":"https:\/\/www.tourcruiser.com\/wp-content\/uploads\/2025\/12\/logo.png","width":200,"height":65,"caption":"STYLORAL PTE. LTD"},"image":{"@id":"https:\/\/tourcruiser.com\/fr\/#\/schema\/logo\/image\/"}}]}},"_links":{"self":[{"href":"https:\/\/tourcruiser.com\/fr\/wp-json\/wp\/v2\/product\/179825","targetHints":{"allow":["GET"]}}],"collection":[{"href":"https:\/\/tourcruiser.com\/fr\/wp-json\/wp\/v2\/product"}],"about":[{"href":"https:\/\/tourcruiser.com\/fr\/wp-json\/wp\/v2\/types\/product"}],"replies":[{"embeddable":true,"href":"https:\/\/tourcruiser.com\/fr\/wp-json\/wp\/v2\/comments?post=179825"}],"wp:featuredmedia":[{"embeddable":true,"href":"https:\/\/tourcruiser.com\/fr\/wp-json\/wp\/v2\/media\/179826"}],"wp:attachment":[{"href":"https:\/\/tourcruiser.com\/fr\/wp-json\/wp\/v2\/media?parent=179825"}],"wp:term":[{"taxonomy":"product_brand","embeddable":true,"href":"https:\/\/tourcruiser.com\/fr\/wp-json\/wp\/v2\/product_brand?post=179825"},{"taxonomy":"product_cat","embeddable":true,"href":"https:\/\/tourcruiser.com\/fr\/wp-json\/wp\/v2\/product_cat?post=179825"},{"taxonomy":"product_tag","embeddable":true,"href":"https:\/\/tourcruiser.com\/fr\/wp-json\/wp\/v2\/product_tag?post=179825"}],"curies":[{"name":"wp","href":"https:\/\/api.w.org\/{rel}","templated":true}]}}