{"id":178980,"date":"2026-03-02T16:33:52","date_gmt":"2026-03-02T09:33:52","guid":{"rendered":"http:\/\/tourcruiser.com\/product\/women-ugg-classic-mini-platform-boot-chestnut"},"modified":"2026-03-14T19:44:50","modified_gmt":"2026-03-14T12:44:50","slug":"women-ugg-classic-mini-platform-boot-chestnut","status":"publish","type":"product","link":"https:\/\/tourcruiser.com\/fr\/products\/women-ugg-classic-mini-platform-boot-chestnut\/","title":{"rendered":"(Women) UGG Classic Mini Platform Boot Chestnut"},"content":{"rendered":"<p>Affirmez votre style avec l&#8217;embl\u00e9matique botte UGG Classic Mini Platform, d\u00e9sormais dot\u00e9e d&rsquo;une \u00e9l\u00e9gante semelle plateforme. Confectionn\u00e9es en daim marron ch\u00e2taigne de premi\u00e8re qualit\u00e9, ces bottes confortables garderont vos pieds bien au chaud. La doublure en laine douce offre une chaleur incomparable, tandis que la semelle en caoutchouc r\u00e9sistant assure une excellente adh\u00e9rence. Parfaites pour celles qui recherchent \u00e0 la fois style et confort, ces bottes UGG sont un incontournable de votre garde-robe d&rsquo;hiver. Rehaussez votre look quotidien avec le charme intemporel de la botte UGG Classic Mini Platform. Couleur\u00a0: Marron ch\u00e2taigne. Num\u00e9ro d&rsquo;article\u00a0: 1134991-CHE. Mati\u00e8re ext\u00e9rieure\u00a0: Daim. Semelle interm\u00e9diaire\u00a0: EVA. Couleur\u00a0: Marron. Ann\u00e9e de sortie\u00a0: 2020.<\/p>\n","protected":false},"excerpt":{"rendered":"<p>UGG Classic Mini \u201d\u201d Chestnut<\/p>\n","protected":false},"featured_media":178981,"comment_status":"open","ping_status":"closed","template":"","meta":[],"product_brand":[],"product_cat":[11247],"product_tag":[37624,10926,11245,10754,12619,11246,11666,10758],"class_list":{"0":"post-178980","1":"product","2":"type-product","3":"status-publish","4":"has-post-thumbnail","6":"product_cat-ugg-women","7":"product_tag-boots-platform-boots","8":"product_tag-gift-for-her","9":"product_tag-lifestyle-boots","10":"product_tag-lifestyle-casual-shoes","11":"product_tag-shearling-boots","12":"product_tag-ugg","13":"product_tag-ugg-collection","14":"product_tag-under-retail","15":"wcpa_has_options","17":"first","18":"instock","19":"sale","20":"taxable","21":"shipping-taxable","22":"purchasable","23":"product-type-simple"},"wcpa_form_fields":{"rules":{"pric_overide_base_price":false,"pric_overide_base_price_if_gt_zero":false,"pric_overide_base_price_fully":false,"pric_cal_option_once":false,"pric_use_as_fee":false,"bind_quantity":false,"quantity_bind_formula":false},"fields":[{"type":"color-group","required":true,"elementId":"wcpa-color-group-69a5ae7a28b88","label":"Taille","inline":true,"priceOptions":"different_for_all","pricingType":"fixed","className":"hassizechart product-shoes-size-eu product-shoes-size","name":"color-group-69a5ae7a28b91","disp_type":"square","selection_type":"tick-border","disp_size":"50","show_label_inside":true,"adjust_width":true,"cart_display_type":"text","other_text":"Other","cl_rule":"show","col":6,"values":[{"label":"34.5","value":"EU 34.5","price":"","pimage":"","pimage_id":"","pthumb":"","color":""},{"label":"35","value":"EU 35","price":"","pimage":"","pimage_id":"","pthumb":"","color":""},{"label":"35.5","value":"EU 35.5","price":"","pimage":"","pimage_id":"","pthumb":"","color":""},{"label":"36","value":"EU 36","price":"","pimage":"","pimage_id":"","pthumb":"","color":"","selected":true},{"label":"37","value":"EU 37","price":"","pimage":"","pimage_id":"","pthumb":"","color":""},{"label":"37.5","value":"EU 37.5","price":"","pimage":"","pimage_id":"","pthumb":"","color":""},{"label":"38","value":"EU 38","price":"","pimage":"","pimage_id":"","pthumb":"","color":""},{"label":"38.5","value":"EU 38.5","price":"","pimage":"","pimage_id":"","pthumb":"","color":""},{"label":"39","value":"EU 39","price":"","pimage":"","pimage_id":"","pthumb":"","color":""},{"label":"39.5","value":"EU 39.5","price":"","pimage":"","pimage_id":"","pthumb":"","color":""},{"label":"40","value":"EU 40","price":"","pimage":"","pimage_id":"","pthumb":"","color":""},{"label":"40.5","value":"EU 40.5","price":"","pimage":"","pimage_id":"","pthumb":"","color":""},{"label":" 41.5","value":"EU 41.5","price":"","pimage":"","pimage_id":"","pthumb":"","color":""},{"label":"42","value":"EU 42","price":"","pimage":"","pimage_id":"","pthumb":"","color":""},{"label":"42.5","value":"EU 42.5","price":"","pimage":"","pimage_id":"","pthumb":"","color":""},{"label":"43","value":"EU 43","price":"","pimage":"","pimage_id":"","pthumb":"","color":""},{"label":"44","value":"EU 44","price":"","pimage":"","pimage_id":"","pthumb":"","color":""},{"label":"45","value":"EU 45","price":"","pimage":"","pimage_id":"","pthumb":"","color":""},{"label":"48","value":"EU 48","price":"","pimage":"","pimage_id":"","pthumb":"","color":""}],"relations":[{"operator":false,"rules":[]}],"form_id":184315,"form_rules":{"pric_cal_option_once":false,"exclude_from_discount":false,"pric_use_as_fee":false,"fee_label":"Fee","render_after_acb":false,"disp_hide_options_price":false}}]},"yoast_head":"<!-- This site is optimized with the Yoast SEO plugin v26.5 - https:\/\/yoast.com\/wordpress\/plugins\/seo\/ -->\n<title>(Women) UGG Classic Mini Platform Boot Chestnut - TOURCRUISER PTE. LTD<\/title>\n<meta name=\"robots\" content=\"index, follow, max-snippet:-1, max-image-preview:large, max-video-preview:-1\" \/>\n<link rel=\"canonical\" href=\"https:\/\/tourcruiser.com\/fr\/products\/women-ugg-classic-mini-platform-boot-chestnut\/\" \/>\n<meta property=\"og:locale\" content=\"fr_FR\" \/>\n<meta property=\"og:type\" content=\"article\" \/>\n<meta property=\"og:title\" content=\"(Women) UGG Classic Mini Platform Boot Chestnut - TOURCRUISER PTE. LTD\" \/>\n<meta property=\"og:description\" content=\"UGG Classic Mini \u201d\u201d Chestnut\" \/>\n<meta property=\"og:url\" content=\"https:\/\/tourcruiser.com\/fr\/products\/women-ugg-classic-mini-platform-boot-chestnut\/\" \/>\n<meta property=\"og:site_name\" content=\"Tourcruiser Sneaker Store\" \/>\n<meta property=\"article:modified_time\" content=\"2026-03-14T12:44:50+00:00\" \/>\n<meta name=\"twitter:card\" content=\"summary_large_image\" \/>\n<meta name=\"twitter:image\" content=\"https:\/\/images.novelship.com\/product\/_women__ugg_classic_mini_platform_boot_chestnut_11_0_39263.octet-stream\" \/>\n<meta name=\"twitter:label1\" content=\"Dur\u00e9e de lecture estim\u00e9e\" \/>\n\t<meta name=\"twitter:data1\" content=\"1 minute\" \/>\n<script type=\"application\/ld+json\" class=\"yoast-schema-graph\">{\"@context\":\"https:\/\/schema.org\",\"@graph\":[{\"@type\":\"WebPage\",\"@id\":\"https:\/\/tourcruiser.com\/fr\/products\/women-ugg-classic-mini-platform-boot-chestnut\/\",\"url\":\"https:\/\/tourcruiser.com\/fr\/products\/women-ugg-classic-mini-platform-boot-chestnut\/\",\"name\":\"(Women) UGG Classic Mini Platform Boot Chestnut - TOURCRUISER PTE. LTD\",\"isPartOf\":{\"@id\":\"https:\/\/tourcruiser.com\/fr\/#website\"},\"primaryImageOfPage\":{\"@id\":\"https:\/\/tourcruiser.com\/fr\/products\/women-ugg-classic-mini-platform-boot-chestnut\/#primaryimage\"},\"image\":{\"@id\":\"https:\/\/tourcruiser.com\/fr\/products\/women-ugg-classic-mini-platform-boot-chestnut\/#primaryimage\"},\"thumbnailUrl\":\"https:\/\/images.novelship.com\/product\/_women__ugg_classic_mini_platform_boot_chestnut_11_0_39263.octet-stream\",\"datePublished\":\"2026-03-02T09:33:52+00:00\",\"dateModified\":\"2026-03-14T12:44:50+00:00\",\"breadcrumb\":{\"@id\":\"https:\/\/tourcruiser.com\/fr\/products\/women-ugg-classic-mini-platform-boot-chestnut\/#breadcrumb\"},\"inLanguage\":\"fr-FR\",\"potentialAction\":[{\"@type\":\"ReadAction\",\"target\":[\"https:\/\/tourcruiser.com\/fr\/products\/women-ugg-classic-mini-platform-boot-chestnut\/\"]}]},{\"@type\":\"ImageObject\",\"inLanguage\":\"fr-FR\",\"@id\":\"https:\/\/tourcruiser.com\/fr\/products\/women-ugg-classic-mini-platform-boot-chestnut\/#primaryimage\",\"url\":\"https:\/\/images.novelship.com\/product\/_women__ugg_classic_mini_platform_boot_chestnut_11_0_39263.octet-stream\",\"contentUrl\":\"https:\/\/images.novelship.com\/product\/_women__ugg_classic_mini_platform_boot_chestnut_11_0_39263.octet-stream\"},{\"@type\":\"BreadcrumbList\",\"@id\":\"https:\/\/tourcruiser.com\/fr\/products\/women-ugg-classic-mini-platform-boot-chestnut\/#breadcrumb\",\"itemListElement\":[{\"@type\":\"ListItem\",\"position\":1,\"name\":\"Home\",\"item\":\"https:\/\/tourcruiser.com\/fr\/\"},{\"@type\":\"ListItem\",\"position\":2,\"name\":\"Shop\",\"item\":\"https:\/\/tourcruiser.com\/fr\/shop\/\"},{\"@type\":\"ListItem\",\"position\":3,\"name\":\"(Women) UGG Classic Mini Platform Boot Chestnut\"}]},{\"@type\":\"WebSite\",\"@id\":\"https:\/\/tourcruiser.com\/fr\/#website\",\"url\":\"https:\/\/tourcruiser.com\/fr\/\",\"name\":\"Styloral Jewelry Shop\",\"description\":\"Tourcruiser Sneaker Store \u2014 L\u2019endroit o\u00f9 l\u2019univers rencontre votre singularit\u00e9.\",\"publisher\":{\"@id\":\"https:\/\/tourcruiser.com\/fr\/#organization\"},\"potentialAction\":[{\"@type\":\"SearchAction\",\"target\":{\"@type\":\"EntryPoint\",\"urlTemplate\":\"https:\/\/tourcruiser.com\/fr\/?s={search_term_string}\"},\"query-input\":{\"@type\":\"PropertyValueSpecification\",\"valueRequired\":true,\"valueName\":\"search_term_string\"}}],\"inLanguage\":\"fr-FR\"},{\"@type\":\"Organization\",\"@id\":\"https:\/\/tourcruiser.com\/fr\/#organization\",\"name\":\"STYLORAL PTE. LTD\",\"url\":\"https:\/\/tourcruiser.com\/fr\/\",\"logo\":{\"@type\":\"ImageObject\",\"inLanguage\":\"fr-FR\",\"@id\":\"https:\/\/tourcruiser.com\/fr\/#\/schema\/logo\/image\/\",\"url\":\"https:\/\/www.tourcruiser.com\/wp-content\/uploads\/2025\/12\/logo.png\",\"contentUrl\":\"https:\/\/www.tourcruiser.com\/wp-content\/uploads\/2025\/12\/logo.png\",\"width\":200,\"height\":65,\"caption\":\"STYLORAL PTE. LTD\"},\"image\":{\"@id\":\"https:\/\/tourcruiser.com\/fr\/#\/schema\/logo\/image\/\"}}]}<\/script>\n<!-- \/ Yoast SEO plugin. -->","yoast_head_json":{"title":"(Women) UGG Classic Mini Platform Boot Chestnut - TOURCRUISER PTE. LTD","robots":{"index":"index","follow":"follow","max-snippet":"max-snippet:-1","max-image-preview":"max-image-preview:large","max-video-preview":"max-video-preview:-1"},"canonical":"https:\/\/tourcruiser.com\/fr\/products\/women-ugg-classic-mini-platform-boot-chestnut\/","og_locale":"fr_FR","og_type":"article","og_title":"(Women) UGG Classic Mini Platform Boot Chestnut - TOURCRUISER PTE. LTD","og_description":"UGG Classic Mini \u201d\u201d Chestnut","og_url":"https:\/\/tourcruiser.com\/fr\/products\/women-ugg-classic-mini-platform-boot-chestnut\/","og_site_name":"Tourcruiser Sneaker Store","article_modified_time":"2026-03-14T12:44:50+00:00","twitter_card":"summary_large_image","twitter_image":"https:\/\/images.novelship.com\/product\/_women__ugg_classic_mini_platform_boot_chestnut_11_0_39263.octet-stream","twitter_misc":{"Dur\u00e9e de lecture estim\u00e9e":"1 minute"},"schema":{"@context":"https:\/\/schema.org","@graph":[{"@type":"WebPage","@id":"https:\/\/tourcruiser.com\/fr\/products\/women-ugg-classic-mini-platform-boot-chestnut\/","url":"https:\/\/tourcruiser.com\/fr\/products\/women-ugg-classic-mini-platform-boot-chestnut\/","name":"(Women) UGG Classic Mini Platform Boot Chestnut - TOURCRUISER PTE. LTD","isPartOf":{"@id":"https:\/\/tourcruiser.com\/fr\/#website"},"primaryImageOfPage":{"@id":"https:\/\/tourcruiser.com\/fr\/products\/women-ugg-classic-mini-platform-boot-chestnut\/#primaryimage"},"image":{"@id":"https:\/\/tourcruiser.com\/fr\/products\/women-ugg-classic-mini-platform-boot-chestnut\/#primaryimage"},"thumbnailUrl":"https:\/\/images.novelship.com\/product\/_women__ugg_classic_mini_platform_boot_chestnut_11_0_39263.octet-stream","datePublished":"2026-03-02T09:33:52+00:00","dateModified":"2026-03-14T12:44:50+00:00","breadcrumb":{"@id":"https:\/\/tourcruiser.com\/fr\/products\/women-ugg-classic-mini-platform-boot-chestnut\/#breadcrumb"},"inLanguage":"fr-FR","potentialAction":[{"@type":"ReadAction","target":["https:\/\/tourcruiser.com\/fr\/products\/women-ugg-classic-mini-platform-boot-chestnut\/"]}]},{"@type":"ImageObject","inLanguage":"fr-FR","@id":"https:\/\/tourcruiser.com\/fr\/products\/women-ugg-classic-mini-platform-boot-chestnut\/#primaryimage","url":"https:\/\/images.novelship.com\/product\/_women__ugg_classic_mini_platform_boot_chestnut_11_0_39263.octet-stream","contentUrl":"https:\/\/images.novelship.com\/product\/_women__ugg_classic_mini_platform_boot_chestnut_11_0_39263.octet-stream"},{"@type":"BreadcrumbList","@id":"https:\/\/tourcruiser.com\/fr\/products\/women-ugg-classic-mini-platform-boot-chestnut\/#breadcrumb","itemListElement":[{"@type":"ListItem","position":1,"name":"Home","item":"https:\/\/tourcruiser.com\/fr\/"},{"@type":"ListItem","position":2,"name":"Shop","item":"https:\/\/tourcruiser.com\/fr\/shop\/"},{"@type":"ListItem","position":3,"name":"(Women) UGG Classic Mini Platform Boot Chestnut"}]},{"@type":"WebSite","@id":"https:\/\/tourcruiser.com\/fr\/#website","url":"https:\/\/tourcruiser.com\/fr\/","name":"Styloral Jewelry Shop","description":"Tourcruiser Sneaker Store \u2014 L\u2019endroit o\u00f9 l\u2019univers rencontre votre singularit\u00e9.","publisher":{"@id":"https:\/\/tourcruiser.com\/fr\/#organization"},"potentialAction":[{"@type":"SearchAction","target":{"@type":"EntryPoint","urlTemplate":"https:\/\/tourcruiser.com\/fr\/?s={search_term_string}"},"query-input":{"@type":"PropertyValueSpecification","valueRequired":true,"valueName":"search_term_string"}}],"inLanguage":"fr-FR"},{"@type":"Organization","@id":"https:\/\/tourcruiser.com\/fr\/#organization","name":"STYLORAL PTE. LTD","url":"https:\/\/tourcruiser.com\/fr\/","logo":{"@type":"ImageObject","inLanguage":"fr-FR","@id":"https:\/\/tourcruiser.com\/fr\/#\/schema\/logo\/image\/","url":"https:\/\/www.tourcruiser.com\/wp-content\/uploads\/2025\/12\/logo.png","contentUrl":"https:\/\/www.tourcruiser.com\/wp-content\/uploads\/2025\/12\/logo.png","width":200,"height":65,"caption":"STYLORAL PTE. LTD"},"image":{"@id":"https:\/\/tourcruiser.com\/fr\/#\/schema\/logo\/image\/"}}]}},"_links":{"self":[{"href":"https:\/\/tourcruiser.com\/fr\/wp-json\/wp\/v2\/product\/178980","targetHints":{"allow":["GET"]}}],"collection":[{"href":"https:\/\/tourcruiser.com\/fr\/wp-json\/wp\/v2\/product"}],"about":[{"href":"https:\/\/tourcruiser.com\/fr\/wp-json\/wp\/v2\/types\/product"}],"replies":[{"embeddable":true,"href":"https:\/\/tourcruiser.com\/fr\/wp-json\/wp\/v2\/comments?post=178980"}],"wp:featuredmedia":[{"embeddable":true,"href":"https:\/\/tourcruiser.com\/fr\/wp-json\/wp\/v2\/media\/178981"}],"wp:attachment":[{"href":"https:\/\/tourcruiser.com\/fr\/wp-json\/wp\/v2\/media?parent=178980"}],"wp:term":[{"taxonomy":"product_brand","embeddable":true,"href":"https:\/\/tourcruiser.com\/fr\/wp-json\/wp\/v2\/product_brand?post=178980"},{"taxonomy":"product_cat","embeddable":true,"href":"https:\/\/tourcruiser.com\/fr\/wp-json\/wp\/v2\/product_cat?post=178980"},{"taxonomy":"product_tag","embeddable":true,"href":"https:\/\/tourcruiser.com\/fr\/wp-json\/wp\/v2\/product_tag?post=178980"}],"curies":[{"name":"wp","href":"https:\/\/api.w.org\/{rel}","templated":true}]}}