{"id":17825,"date":"2026-02-20T15:12:50","date_gmt":"2026-02-20T08:12:50","guid":{"rendered":"http:\/\/tourcruiser.com\/product\/patta-x-air-max-dn8-club-gold-ib4029-700"},"modified":"2026-03-14T17:51:00","modified_gmt":"2026-03-14T10:51:00","slug":"patta-x-air-max-dn8-club-gold-ib4029-700","status":"publish","type":"product","link":"https:\/\/tourcruiser.com\/fr\/products\/patta-x-air-max-dn8-club-gold-ib4029-700\/","title":{"rendered":"Nike Patta x Air Max DN8 &lsquo;Club Gold&rsquo;"},"content":{"rendered":"<p>La Patta x Nike Air Max DN8 \u00ab Club Gold \u00bb IB4029-700 est une fusion audacieuse entre le streetwear n\u00e9erlandais et le design iconique des sneakers, offrant un style et un confort exceptionnels. Cette silhouette en \u00e9dition limit\u00e9e pr\u00e9sente un m\u00e9lange de mat\u00e9riaux haut de gamme dans des tons dor\u00e9s et une combinaison saisissante d&#8217;empi\u00e8cements en cuir et en mesh pour une respirabilit\u00e9 et une durabilit\u00e9 optimales. Le motif ondul\u00e9 signature, signature des collaborations Patta, conf\u00e8re \u00e0 la chaussure un look distinctif, tandis que l&rsquo;amorti Air Max \u00e9l\u00e9gant assure un confort optimal et une r\u00e9activit\u00e9 exceptionnelle tout au long de la journ\u00e9e. Que ce soit en ville ou pour se d\u00e9tendre, la \u00ab Club Gold \u00bb fait le lien entre modernit\u00e9 et esth\u00e9tique d&rsquo;inspiration vintage. Des d\u00e9tails co-brand\u00e9s sur la languette et la semelle int\u00e9rieure, ainsi qu&rsquo;une semelle ext\u00e9rieure en caoutchouc adh\u00e9rente, compl\u00e8tent le design. Cette sneaker incarne l&rsquo;union parfaite entre forme et fonction. La Patta x Nike Air Max DN8 \u00ab Club Gold \u00bb est un incontournable pour les collectionneurs et les passionn\u00e9s de sneakers. Elle combine design innovant, authenticit\u00e9 culturelle et art \u00e0 porter \u00e0 chaque pas. Affirmez votre style et rehaussez vos tenues de sneakers avec cette collaboration exceptionnelle, \u00e0 la fois polyvalente et captivante. <\/p>\n<ul>\n<li><strong>Coloris\u00a0:<\/strong> Or Club\/Argent M\u00e9tallis\u00e9\/Noir\/Bleu Royal<\/li>\n<li><strong>Code article\u00a0:<\/strong> IB4029-700<\/li>\n<li><strong>Tige\u00a0:<\/strong> Mesh<\/li>\n<li><strong>Semelle interm\u00e9diaire\u00a0:<\/strong> Air<\/li>\n<li><strong>Couleur\u00a0:<\/strong> Or<\/li>\n<li><strong>Saison\u00a0:<\/strong> Automne<\/li>\n<li><strong>Ann\u00e9e de sortie\u00a0:<\/strong> 2025<\/li>\n<\/ul>\n","protected":false},"excerpt":{"rendered":"<p>Nike Air Max DN8 \u2014 Club Gold\/Metallic Silver\/Black\/Game Royal<\/p>\n","protected":false},"featured_media":17826,"comment_status":"open","ping_status":"closed","template":"","meta":[],"product_brand":[],"product_cat":[6654],"product_tag":[],"class_list":{"0":"post-17825","1":"product","2":"type-product","3":"status-publish","4":"has-post-thumbnail","6":"product_cat-nike-2026","7":"wcpa_has_options","9":"first","10":"instock","11":"taxable","12":"shipping-taxable","13":"purchasable","14":"product-type-simple"},"wcpa_form_fields":{"rules":{"pric_overide_base_price":false,"pric_overide_base_price_if_gt_zero":false,"pric_overide_base_price_fully":false,"pric_cal_option_once":false,"pric_use_as_fee":false,"bind_quantity":false,"quantity_bind_formula":false},"fields":[{"type":"color-group","required":true,"elementId":"wcpa-color-group-66c4a75505e74","label":"Taille","inline":true,"priceOptions":"different_for_all","pricingType":"fixed","className":"hassizechart product-shoes-size-eu product-shoes-size","name":"color-group-66c4a75505e89","disp_type":"square","selection_type":"tick-border","disp_size":"44","show_label_inside":true,"adjust_width":true,"cart_display_type":"text","other_text":"Other","cl_rule":"show","col":6,"values":[{"label":"35.5","value":"EU 35.5","price":"","pimage":"","pimage_id":"","pthumb":"","color":""},{"label":"36","value":"EU 36","price":"","pimage":"","pimage_id":"","pthumb":"","color":"","selected":true},{"label":"36.5","value":"EU 36.5","price":"","pimage":"","pimage_id":"","pthumb":"","color":""},{"label":"37.5","value":"EU 37.5","price":"","pimage":"","pimage_id":"","pthumb":"","color":""},{"label":"38","value":"EU 38","price":"","pimage":"","pimage_id":"","pthumb":"","color":""},{"label":"38.5","value":"EU 38.5","price":"","pimage":"","pimage_id":"","pthumb":"","color":""},{"label":"39","value":"EU 39","price":"","pimage":"","pimage_id":"","pthumb":"","color":""},{"label":"40","value":"EU 40","price":"","pimage":"","pimage_id":"","pthumb":"","color":""},{"label":"40.5","value":"EU 40.5","price":"","pimage":"","pimage_id":"","pthumb":"","color":""},{"label":"41","value":"EU 41","price":"","pimage":"","pimage_id":"","pthumb":"","color":""},{"label":"42","value":"EU 42","price":"","pimage":"","pimage_id":"","pthumb":"","color":""},{"label":"42.5","value":"EU 42.5","price":"","pimage":"","pimage_id":"","pthumb":"","color":""},{"label":"43","value":"EU 43","price":"","pimage":"","pimage_id":"","pthumb":"","color":""},{"label":"44","value":"EU 44","price":"","pimage":"","pimage_id":"","pthumb":"","color":""},{"label":"44.5","value":"EU 44.5","price":"","pimage":"","pimage_id":"","pthumb":"","color":""},{"label":"45","value":"EU 45","price":"","pimage":"","pimage_id":"","pthumb":"","color":""},{"label":"45.5","value":"EU 45.5","price":"","pimage":"","pimage_id":"","pthumb":"","color":""},{"label":"46","value":"EU 46","price":"","pimage":"","pimage_id":"","pthumb":"","color":""},{"label":"47","value":"EU 47","price":"","pimage":"","pimage_id":"","pthumb":"","color":""},{"label":"47.5","value":"EU 47.5","price":"","pimage":"","pimage_id":"","pthumb":"","color":""},{"label":"48","value":"EU 48","price":"","pimage":"","pimage_id":"","pthumb":"","color":""}],"relations":[{"operator":false,"rules":[]}],"form_id":18106,"form_rules":{"pric_cal_option_once":false,"exclude_from_discount":false,"pric_use_as_fee":false,"fee_label":"Fee","render_after_acb":false,"disp_hide_options_price":false}}]},"yoast_head":"<!-- This site is optimized with the Yoast SEO plugin v26.5 - https:\/\/yoast.com\/wordpress\/plugins\/seo\/ -->\n<title>Nike Patta x Air Max DN8 &#039;Club Gold&#039; - TOURCRUISER PTE. LTD<\/title>\n<meta name=\"robots\" content=\"index, follow, max-snippet:-1, max-image-preview:large, max-video-preview:-1\" \/>\n<link rel=\"canonical\" href=\"https:\/\/tourcruiser.com\/fr\/products\/patta-x-air-max-dn8-club-gold-ib4029-700\/\" \/>\n<meta property=\"og:locale\" content=\"fr_FR\" \/>\n<meta property=\"og:type\" content=\"article\" \/>\n<meta property=\"og:title\" content=\"Nike Patta x Air Max DN8 &#039;Club Gold&#039; - TOURCRUISER PTE. LTD\" \/>\n<meta property=\"og:description\" content=\"Nike Air Max DN8 \u2014 Club Gold\/Metallic Silver\/Black\/Game Royal\" \/>\n<meta property=\"og:url\" content=\"https:\/\/tourcruiser.com\/fr\/products\/patta-x-air-max-dn8-club-gold-ib4029-700\/\" \/>\n<meta property=\"og:site_name\" content=\"Tourcruiser Sneaker Store\" \/>\n<meta property=\"article:modified_time\" content=\"2026-03-14T10:51:00+00:00\" \/>\n<meta name=\"twitter:card\" content=\"summary_large_image\" \/>\n<meta name=\"twitter:image\" content=\"https:\/\/images.novelship.com\/product\/patta_x_nike_air_max_dn8__club_gold__ib4029-700_0_19418.jpeg\" \/>\n<meta name=\"twitter:label1\" content=\"Dur\u00e9e de lecture estim\u00e9e\" \/>\n\t<meta name=\"twitter:data1\" content=\"1 minute\" \/>\n<script type=\"application\/ld+json\" class=\"yoast-schema-graph\">{\"@context\":\"https:\/\/schema.org\",\"@graph\":[{\"@type\":\"WebPage\",\"@id\":\"https:\/\/tourcruiser.com\/fr\/products\/patta-x-air-max-dn8-club-gold-ib4029-700\/\",\"url\":\"https:\/\/tourcruiser.com\/fr\/products\/patta-x-air-max-dn8-club-gold-ib4029-700\/\",\"name\":\"Nike Patta x Air Max DN8 'Club Gold' - TOURCRUISER PTE. LTD\",\"isPartOf\":{\"@id\":\"https:\/\/tourcruiser.com\/fr\/#website\"},\"primaryImageOfPage\":{\"@id\":\"https:\/\/tourcruiser.com\/fr\/products\/patta-x-air-max-dn8-club-gold-ib4029-700\/#primaryimage\"},\"image\":{\"@id\":\"https:\/\/tourcruiser.com\/fr\/products\/patta-x-air-max-dn8-club-gold-ib4029-700\/#primaryimage\"},\"thumbnailUrl\":\"https:\/\/images.novelship.com\/product\/patta_x_nike_air_max_dn8__club_gold__ib4029-700_0_19418.jpeg\",\"datePublished\":\"2026-02-20T08:12:50+00:00\",\"dateModified\":\"2026-03-14T10:51:00+00:00\",\"breadcrumb\":{\"@id\":\"https:\/\/tourcruiser.com\/fr\/products\/patta-x-air-max-dn8-club-gold-ib4029-700\/#breadcrumb\"},\"inLanguage\":\"fr-FR\",\"potentialAction\":[{\"@type\":\"ReadAction\",\"target\":[\"https:\/\/tourcruiser.com\/fr\/products\/patta-x-air-max-dn8-club-gold-ib4029-700\/\"]}]},{\"@type\":\"ImageObject\",\"inLanguage\":\"fr-FR\",\"@id\":\"https:\/\/tourcruiser.com\/fr\/products\/patta-x-air-max-dn8-club-gold-ib4029-700\/#primaryimage\",\"url\":\"https:\/\/images.novelship.com\/product\/patta_x_nike_air_max_dn8__club_gold__ib4029-700_0_19418.jpeg\",\"contentUrl\":\"https:\/\/images.novelship.com\/product\/patta_x_nike_air_max_dn8__club_gold__ib4029-700_0_19418.jpeg\"},{\"@type\":\"BreadcrumbList\",\"@id\":\"https:\/\/tourcruiser.com\/fr\/products\/patta-x-air-max-dn8-club-gold-ib4029-700\/#breadcrumb\",\"itemListElement\":[{\"@type\":\"ListItem\",\"position\":1,\"name\":\"Home\",\"item\":\"https:\/\/tourcruiser.com\/fr\/\"},{\"@type\":\"ListItem\",\"position\":2,\"name\":\"Shop\",\"item\":\"https:\/\/tourcruiser.com\/fr\/shop\/\"},{\"@type\":\"ListItem\",\"position\":3,\"name\":\"Nike Patta x Air Max DN8 'Club Gold'\"}]},{\"@type\":\"WebSite\",\"@id\":\"https:\/\/tourcruiser.com\/fr\/#website\",\"url\":\"https:\/\/tourcruiser.com\/fr\/\",\"name\":\"Styloral Jewelry Shop\",\"description\":\"Tourcruiser Sneaker Store \u2014 L\u2019endroit o\u00f9 l\u2019univers rencontre votre singularit\u00e9.\",\"publisher\":{\"@id\":\"https:\/\/tourcruiser.com\/fr\/#organization\"},\"potentialAction\":[{\"@type\":\"SearchAction\",\"target\":{\"@type\":\"EntryPoint\",\"urlTemplate\":\"https:\/\/tourcruiser.com\/fr\/?s={search_term_string}\"},\"query-input\":{\"@type\":\"PropertyValueSpecification\",\"valueRequired\":true,\"valueName\":\"search_term_string\"}}],\"inLanguage\":\"fr-FR\"},{\"@type\":\"Organization\",\"@id\":\"https:\/\/tourcruiser.com\/fr\/#organization\",\"name\":\"STYLORAL PTE. LTD\",\"url\":\"https:\/\/tourcruiser.com\/fr\/\",\"logo\":{\"@type\":\"ImageObject\",\"inLanguage\":\"fr-FR\",\"@id\":\"https:\/\/tourcruiser.com\/fr\/#\/schema\/logo\/image\/\",\"url\":\"https:\/\/www.tourcruiser.com\/wp-content\/uploads\/2025\/12\/logo.png\",\"contentUrl\":\"https:\/\/www.tourcruiser.com\/wp-content\/uploads\/2025\/12\/logo.png\",\"width\":200,\"height\":65,\"caption\":\"STYLORAL PTE. LTD\"},\"image\":{\"@id\":\"https:\/\/tourcruiser.com\/fr\/#\/schema\/logo\/image\/\"}}]}<\/script>\n<!-- \/ Yoast SEO plugin. -->","yoast_head_json":{"title":"Nike Patta x Air Max DN8 'Club Gold' - TOURCRUISER PTE. LTD","robots":{"index":"index","follow":"follow","max-snippet":"max-snippet:-1","max-image-preview":"max-image-preview:large","max-video-preview":"max-video-preview:-1"},"canonical":"https:\/\/tourcruiser.com\/fr\/products\/patta-x-air-max-dn8-club-gold-ib4029-700\/","og_locale":"fr_FR","og_type":"article","og_title":"Nike Patta x Air Max DN8 'Club Gold' - TOURCRUISER PTE. LTD","og_description":"Nike Air Max DN8 \u2014 Club Gold\/Metallic Silver\/Black\/Game Royal","og_url":"https:\/\/tourcruiser.com\/fr\/products\/patta-x-air-max-dn8-club-gold-ib4029-700\/","og_site_name":"Tourcruiser Sneaker Store","article_modified_time":"2026-03-14T10:51:00+00:00","twitter_card":"summary_large_image","twitter_image":"https:\/\/images.novelship.com\/product\/patta_x_nike_air_max_dn8__club_gold__ib4029-700_0_19418.jpeg","twitter_misc":{"Dur\u00e9e de lecture estim\u00e9e":"1 minute"},"schema":{"@context":"https:\/\/schema.org","@graph":[{"@type":"WebPage","@id":"https:\/\/tourcruiser.com\/fr\/products\/patta-x-air-max-dn8-club-gold-ib4029-700\/","url":"https:\/\/tourcruiser.com\/fr\/products\/patta-x-air-max-dn8-club-gold-ib4029-700\/","name":"Nike Patta x Air Max DN8 'Club Gold' - TOURCRUISER PTE. LTD","isPartOf":{"@id":"https:\/\/tourcruiser.com\/fr\/#website"},"primaryImageOfPage":{"@id":"https:\/\/tourcruiser.com\/fr\/products\/patta-x-air-max-dn8-club-gold-ib4029-700\/#primaryimage"},"image":{"@id":"https:\/\/tourcruiser.com\/fr\/products\/patta-x-air-max-dn8-club-gold-ib4029-700\/#primaryimage"},"thumbnailUrl":"https:\/\/images.novelship.com\/product\/patta_x_nike_air_max_dn8__club_gold__ib4029-700_0_19418.jpeg","datePublished":"2026-02-20T08:12:50+00:00","dateModified":"2026-03-14T10:51:00+00:00","breadcrumb":{"@id":"https:\/\/tourcruiser.com\/fr\/products\/patta-x-air-max-dn8-club-gold-ib4029-700\/#breadcrumb"},"inLanguage":"fr-FR","potentialAction":[{"@type":"ReadAction","target":["https:\/\/tourcruiser.com\/fr\/products\/patta-x-air-max-dn8-club-gold-ib4029-700\/"]}]},{"@type":"ImageObject","inLanguage":"fr-FR","@id":"https:\/\/tourcruiser.com\/fr\/products\/patta-x-air-max-dn8-club-gold-ib4029-700\/#primaryimage","url":"https:\/\/images.novelship.com\/product\/patta_x_nike_air_max_dn8__club_gold__ib4029-700_0_19418.jpeg","contentUrl":"https:\/\/images.novelship.com\/product\/patta_x_nike_air_max_dn8__club_gold__ib4029-700_0_19418.jpeg"},{"@type":"BreadcrumbList","@id":"https:\/\/tourcruiser.com\/fr\/products\/patta-x-air-max-dn8-club-gold-ib4029-700\/#breadcrumb","itemListElement":[{"@type":"ListItem","position":1,"name":"Home","item":"https:\/\/tourcruiser.com\/fr\/"},{"@type":"ListItem","position":2,"name":"Shop","item":"https:\/\/tourcruiser.com\/fr\/shop\/"},{"@type":"ListItem","position":3,"name":"Nike Patta x Air Max DN8 'Club Gold'"}]},{"@type":"WebSite","@id":"https:\/\/tourcruiser.com\/fr\/#website","url":"https:\/\/tourcruiser.com\/fr\/","name":"Styloral Jewelry Shop","description":"Tourcruiser Sneaker Store \u2014 L\u2019endroit o\u00f9 l\u2019univers rencontre votre singularit\u00e9.","publisher":{"@id":"https:\/\/tourcruiser.com\/fr\/#organization"},"potentialAction":[{"@type":"SearchAction","target":{"@type":"EntryPoint","urlTemplate":"https:\/\/tourcruiser.com\/fr\/?s={search_term_string}"},"query-input":{"@type":"PropertyValueSpecification","valueRequired":true,"valueName":"search_term_string"}}],"inLanguage":"fr-FR"},{"@type":"Organization","@id":"https:\/\/tourcruiser.com\/fr\/#organization","name":"STYLORAL PTE. LTD","url":"https:\/\/tourcruiser.com\/fr\/","logo":{"@type":"ImageObject","inLanguage":"fr-FR","@id":"https:\/\/tourcruiser.com\/fr\/#\/schema\/logo\/image\/","url":"https:\/\/www.tourcruiser.com\/wp-content\/uploads\/2025\/12\/logo.png","contentUrl":"https:\/\/www.tourcruiser.com\/wp-content\/uploads\/2025\/12\/logo.png","width":200,"height":65,"caption":"STYLORAL PTE. LTD"},"image":{"@id":"https:\/\/tourcruiser.com\/fr\/#\/schema\/logo\/image\/"}}]}},"_links":{"self":[{"href":"https:\/\/tourcruiser.com\/fr\/wp-json\/wp\/v2\/product\/17825","targetHints":{"allow":["GET"]}}],"collection":[{"href":"https:\/\/tourcruiser.com\/fr\/wp-json\/wp\/v2\/product"}],"about":[{"href":"https:\/\/tourcruiser.com\/fr\/wp-json\/wp\/v2\/types\/product"}],"replies":[{"embeddable":true,"href":"https:\/\/tourcruiser.com\/fr\/wp-json\/wp\/v2\/comments?post=17825"}],"wp:featuredmedia":[{"embeddable":true,"href":"https:\/\/tourcruiser.com\/fr\/wp-json\/wp\/v2\/media\/17826"}],"wp:attachment":[{"href":"https:\/\/tourcruiser.com\/fr\/wp-json\/wp\/v2\/media?parent=17825"}],"wp:term":[{"taxonomy":"product_brand","embeddable":true,"href":"https:\/\/tourcruiser.com\/fr\/wp-json\/wp\/v2\/product_brand?post=17825"},{"taxonomy":"product_cat","embeddable":true,"href":"https:\/\/tourcruiser.com\/fr\/wp-json\/wp\/v2\/product_cat?post=17825"},{"taxonomy":"product_tag","embeddable":true,"href":"https:\/\/tourcruiser.com\/fr\/wp-json\/wp\/v2\/product_tag?post=17825"}],"curies":[{"name":"wp","href":"https:\/\/api.w.org\/{rel}","templated":true}]}}