{"id":175111,"date":"2026-03-02T16:28:06","date_gmt":"2026-03-02T09:28:06","guid":{"rendered":"http:\/\/tourcruiser.com\/product\/fear-of-god-athletics-x-adidas-i-basketball-sesame-carbon"},"modified":"2026-03-14T19:41:02","modified_gmt":"2026-03-14T12:41:02","slug":"fear-of-god-athletics-x-adidas-i-basketball-sesame-carbon","status":"publish","type":"product","link":"https:\/\/tourcruiser.com\/fr\/products\/fear-of-god-athletics-x-adidas-i-basketball-sesame-carbon\/","title":{"rendered":"Fear of God Athletics x adidas I BASKETBALL &lsquo;Sesame Carbon&rsquo;"},"content":{"rendered":"<p>D\u00e9couvrez une performance in\u00e9dite sur et en dehors des terrains avec la sneaker Fear of God Athletics x adidas I BASKETBALL \u00ab\u00a0Sesame Carbon\u00a0\u00bb, qui allie \u00e0 la perfection performance et luxe minimaliste. L\u2019\u00e9l\u00e9gante combinaison de couleurs s\u00e9same et carbone s\u2019accorde avec tous les styles, tandis que les mat\u00e9riaux haut de gamme garantissent durabilit\u00e9 et confort. Con\u00e7ue par Fear of God (Jerry Lorenzo) en collaboration avec adidas, cette silhouette inspir\u00e9e du basketball combine un design athl\u00e9tique innovant \u00e0 une esth\u00e9tique streetwear intemporelle. La sneaker offre r\u00e9activit\u00e9 et maintien, un amorti avanc\u00e9 pour un confort optimal tout au long de la journ\u00e9e et un maintien s\u00fbr, id\u00e9al pour les mouvements dynamiques. Le souci du d\u00e9tail, des lignes \u00e9pur\u00e9es au logo discret, conf\u00e8re \u00e0 cette chaussure polyvalente une touche sophistiqu\u00e9e. Que ce soit pour jouer ou se d\u00e9tendre, la \u00ab\u00a0Sesame Carbon\u00a0\u00bb red\u00e9finit la chaussure moderne gr\u00e2ce \u00e0 un savoir-faire et une fonctionnalit\u00e9 in\u00e9gal\u00e9s. Coloris\u00a0: S\u00e9same\/Carbone\/S\u00e9same. R\u00e9f\u00e9rence\u00a0: IE6188. Tige\u00a0: Maille. Semelle interm\u00e9diaire\u00a0: Lightstrike. Couleur\u00a0: Gris. Saison\u00a0: \u00c9t\u00e9. Ann\u00e9e de sortie\u00a0: 2024.<\/p>\n","protected":false},"excerpt":{"rendered":"<p>adidas Fear of God Athletics I BASKETBALL \u201d\u201d Sesame\/Carbon\/Sesame<\/p>\n","protected":false},"featured_media":175112,"comment_status":"open","ping_status":"closed","template":"","meta":[],"product_brand":[],"product_cat":[10760],"product_tag":[10759,10800,10802,10785,10786,10758],"class_list":{"0":"post-175111","1":"product","2":"type-product","3":"status-publish","4":"has-post-thumbnail","6":"product_cat-adidas","7":"product_tag-adidas","8":"product_tag-basketball-shoes","9":"product_tag-performance-sport-shoes","10":"product_tag-trending-deals","11":"product_tag-trending-deals-under-150","12":"product_tag-under-retail","13":"wcpa_has_options","15":"first","16":"instock","17":"taxable","18":"shipping-taxable","19":"purchasable","20":"product-type-simple"},"wcpa_form_fields":{"rules":{"pric_overide_base_price":false,"pric_overide_base_price_if_gt_zero":false,"pric_overide_base_price_fully":false,"pric_cal_option_once":false,"pric_use_as_fee":false,"bind_quantity":false,"quantity_bind_formula":false},"fields":[{"type":"color-group","required":true,"elementId":"wcpa-color-group-66c4a7f817afe","label":"Taille","inline":true,"priceOptions":"different_for_all","pricingType":"fixed","className":"hassizechart product-shoes-size-eu product-shoes-size","name":"color-group-66c4a7f817b18","disp_type":"square","selection_type":"tick-border","disp_size":"50","show_label_inside":true,"adjust_width":true,"cart_display_type":"text","other_text":"Other","cl_rule":"show","col":6,"values":[{"label":"35","value":"EU 35","price":"","pimage":"","pimage_id":"","pthumb":"","color":""},{"label":"35.5","value":"EU 35.5","price":"","pimage":"","pimage_id":"","pthumb":"","color":""},{"label":"36","value":"EU 36","price":"","pimage":"","pimage_id":"","pthumb":"","color":"","selected":true},{"label":"36 2\/3","value":"EU 36 2\/3","price":"","pimage":"","pimage_id":"","pthumb":"","color":""},{"label":"37 1\/3","value":"EU 37 1\/3","price":"","pimage":"","pimage_id":"","pthumb":"","color":""},{"label":"38","value":"EU 38","price":"","pimage":"","pimage_id":"","pthumb":"","color":""},{"label":"38 2\/3","value":"EU 38 2\/3","price":"","pimage":"","pimage_id":"","pthumb":"","color":""},{"label":"39 1\/3","value":"EU 39 1\/3","price":"","pimage":"","pimage_id":"","pthumb":"","color":""},{"label":"40","value":"EU 40","price":"","pimage":"","pimage_id":"","pthumb":"","color":""},{"label":"40 2\/3","value":"EU 40 2\/3","price":"","pimage":"","pimage_id":"","pthumb":"","color":""},{"label":"41 1\/3","value":"EU 41 1\/3","price":"","pimage":"","pimage_id":"","pthumb":"","color":""},{"label":"42","value":"EU 42","price":"","pimage":"","pimage_id":"","pthumb":"","color":""},{"label":"42 2\/3","value":"EU 42 2\/3","price":"","pimage":"","pimage_id":"","pthumb":"","color":""},{"label":"43 1\/3","value":"EU 43 1\/3","price":"","pimage":"","pimage_id":"","pthumb":"","color":""},{"label":"44","value":"EU 44","price":"","pimage":"","pimage_id":"","pthumb":"","color":""},{"label":"44 2\/3","value":"EU 44 2\/3","price":"","pimage":"","pimage_id":"","pthumb":"","color":""},{"label":"45 1\/3","value":"EU 45 1\/3","price":"","pimage":"","pimage_id":"","pthumb":"","color":""},{"label":"46","value":"EU 46","price":"","pimage":"","pimage_id":"","pthumb":"","color":""},{"label":"46 2\/3","value":"EU 46 2\/3","price":"","pimage":"","pimage_id":"","pthumb":"","color":""},{"label":"47 1\/3","value":"EU 47 1\/3","price":"","pimage":"","pimage_id":"","pthumb":"","color":""}],"relations":[{"operator":false,"rules":[]}],"form_id":24802,"form_rules":{"pric_cal_option_once":false,"exclude_from_discount":false,"pric_use_as_fee":false,"fee_label":"Fee","render_after_acb":false,"disp_hide_options_price":false}}]},"yoast_head":"<!-- This site is optimized with the Yoast SEO plugin v26.5 - https:\/\/yoast.com\/wordpress\/plugins\/seo\/ -->\n<title>Fear of God Athletics x adidas I BASKETBALL &#039;Sesame Carbon&#039; - TOURCRUISER PTE. LTD<\/title>\n<meta name=\"robots\" content=\"index, follow, max-snippet:-1, max-image-preview:large, max-video-preview:-1\" \/>\n<link rel=\"canonical\" href=\"https:\/\/tourcruiser.com\/fr\/products\/fear-of-god-athletics-x-adidas-i-basketball-sesame-carbon\/\" \/>\n<meta property=\"og:locale\" content=\"fr_FR\" \/>\n<meta property=\"og:type\" content=\"article\" \/>\n<meta property=\"og:title\" content=\"Fear of God Athletics x adidas I BASKETBALL &#039;Sesame Carbon&#039; - TOURCRUISER PTE. LTD\" \/>\n<meta property=\"og:description\" content=\"adidas Fear of God Athletics I BASKETBALL \u201d\u201d Sesame\/Carbon\/Sesame\" \/>\n<meta property=\"og:url\" content=\"https:\/\/tourcruiser.com\/fr\/products\/fear-of-god-athletics-x-adidas-i-basketball-sesame-carbon\/\" \/>\n<meta property=\"og:site_name\" content=\"Tourcruiser Sneaker Store\" \/>\n<meta property=\"article:modified_time\" content=\"2026-03-14T12:41:02+00:00\" \/>\n<meta name=\"twitter:card\" content=\"summary_large_image\" \/>\n<meta name=\"twitter:image\" content=\"https:\/\/images.novelship.com\/product\/fear_of_god_athletics_x_adidas_i_basketball__sesam_0_92572.jpeg\" \/>\n<meta name=\"twitter:label1\" content=\"Dur\u00e9e de lecture estim\u00e9e\" \/>\n\t<meta name=\"twitter:data1\" content=\"1 minute\" \/>\n<script type=\"application\/ld+json\" class=\"yoast-schema-graph\">{\"@context\":\"https:\/\/schema.org\",\"@graph\":[{\"@type\":\"WebPage\",\"@id\":\"https:\/\/tourcruiser.com\/fr\/products\/fear-of-god-athletics-x-adidas-i-basketball-sesame-carbon\/\",\"url\":\"https:\/\/tourcruiser.com\/fr\/products\/fear-of-god-athletics-x-adidas-i-basketball-sesame-carbon\/\",\"name\":\"Fear of God Athletics x adidas I BASKETBALL 'Sesame Carbon' - TOURCRUISER PTE. LTD\",\"isPartOf\":{\"@id\":\"https:\/\/tourcruiser.com\/fr\/#website\"},\"primaryImageOfPage\":{\"@id\":\"https:\/\/tourcruiser.com\/fr\/products\/fear-of-god-athletics-x-adidas-i-basketball-sesame-carbon\/#primaryimage\"},\"image\":{\"@id\":\"https:\/\/tourcruiser.com\/fr\/products\/fear-of-god-athletics-x-adidas-i-basketball-sesame-carbon\/#primaryimage\"},\"thumbnailUrl\":\"https:\/\/images.novelship.com\/product\/fear_of_god_athletics_x_adidas_i_basketball__sesam_0_92572.jpeg\",\"datePublished\":\"2026-03-02T09:28:06+00:00\",\"dateModified\":\"2026-03-14T12:41:02+00:00\",\"breadcrumb\":{\"@id\":\"https:\/\/tourcruiser.com\/fr\/products\/fear-of-god-athletics-x-adidas-i-basketball-sesame-carbon\/#breadcrumb\"},\"inLanguage\":\"fr-FR\",\"potentialAction\":[{\"@type\":\"ReadAction\",\"target\":[\"https:\/\/tourcruiser.com\/fr\/products\/fear-of-god-athletics-x-adidas-i-basketball-sesame-carbon\/\"]}]},{\"@type\":\"ImageObject\",\"inLanguage\":\"fr-FR\",\"@id\":\"https:\/\/tourcruiser.com\/fr\/products\/fear-of-god-athletics-x-adidas-i-basketball-sesame-carbon\/#primaryimage\",\"url\":\"https:\/\/images.novelship.com\/product\/fear_of_god_athletics_x_adidas_i_basketball__sesam_0_92572.jpeg\",\"contentUrl\":\"https:\/\/images.novelship.com\/product\/fear_of_god_athletics_x_adidas_i_basketball__sesam_0_92572.jpeg\"},{\"@type\":\"BreadcrumbList\",\"@id\":\"https:\/\/tourcruiser.com\/fr\/products\/fear-of-god-athletics-x-adidas-i-basketball-sesame-carbon\/#breadcrumb\",\"itemListElement\":[{\"@type\":\"ListItem\",\"position\":1,\"name\":\"Home\",\"item\":\"https:\/\/tourcruiser.com\/fr\/\"},{\"@type\":\"ListItem\",\"position\":2,\"name\":\"Shop\",\"item\":\"https:\/\/tourcruiser.com\/fr\/shop\/\"},{\"@type\":\"ListItem\",\"position\":3,\"name\":\"Fear of God Athletics x adidas I BASKETBALL 'Sesame Carbon'\"}]},{\"@type\":\"WebSite\",\"@id\":\"https:\/\/tourcruiser.com\/fr\/#website\",\"url\":\"https:\/\/tourcruiser.com\/fr\/\",\"name\":\"Styloral Jewelry Shop\",\"description\":\"Tourcruiser Sneaker Store \u2014 L\u2019endroit o\u00f9 l\u2019univers rencontre votre singularit\u00e9.\",\"publisher\":{\"@id\":\"https:\/\/tourcruiser.com\/fr\/#organization\"},\"potentialAction\":[{\"@type\":\"SearchAction\",\"target\":{\"@type\":\"EntryPoint\",\"urlTemplate\":\"https:\/\/tourcruiser.com\/fr\/?s={search_term_string}\"},\"query-input\":{\"@type\":\"PropertyValueSpecification\",\"valueRequired\":true,\"valueName\":\"search_term_string\"}}],\"inLanguage\":\"fr-FR\"},{\"@type\":\"Organization\",\"@id\":\"https:\/\/tourcruiser.com\/fr\/#organization\",\"name\":\"STYLORAL PTE. LTD\",\"url\":\"https:\/\/tourcruiser.com\/fr\/\",\"logo\":{\"@type\":\"ImageObject\",\"inLanguage\":\"fr-FR\",\"@id\":\"https:\/\/tourcruiser.com\/fr\/#\/schema\/logo\/image\/\",\"url\":\"https:\/\/www.tourcruiser.com\/wp-content\/uploads\/2025\/12\/logo.png\",\"contentUrl\":\"https:\/\/www.tourcruiser.com\/wp-content\/uploads\/2025\/12\/logo.png\",\"width\":200,\"height\":65,\"caption\":\"STYLORAL PTE. LTD\"},\"image\":{\"@id\":\"https:\/\/tourcruiser.com\/fr\/#\/schema\/logo\/image\/\"}}]}<\/script>\n<!-- \/ Yoast SEO plugin. -->","yoast_head_json":{"title":"Fear of God Athletics x adidas I BASKETBALL 'Sesame Carbon' - TOURCRUISER PTE. LTD","robots":{"index":"index","follow":"follow","max-snippet":"max-snippet:-1","max-image-preview":"max-image-preview:large","max-video-preview":"max-video-preview:-1"},"canonical":"https:\/\/tourcruiser.com\/fr\/products\/fear-of-god-athletics-x-adidas-i-basketball-sesame-carbon\/","og_locale":"fr_FR","og_type":"article","og_title":"Fear of God Athletics x adidas I BASKETBALL 'Sesame Carbon' - TOURCRUISER PTE. LTD","og_description":"adidas Fear of God Athletics I BASKETBALL \u201d\u201d Sesame\/Carbon\/Sesame","og_url":"https:\/\/tourcruiser.com\/fr\/products\/fear-of-god-athletics-x-adidas-i-basketball-sesame-carbon\/","og_site_name":"Tourcruiser Sneaker Store","article_modified_time":"2026-03-14T12:41:02+00:00","twitter_card":"summary_large_image","twitter_image":"https:\/\/images.novelship.com\/product\/fear_of_god_athletics_x_adidas_i_basketball__sesam_0_92572.jpeg","twitter_misc":{"Dur\u00e9e de lecture estim\u00e9e":"1 minute"},"schema":{"@context":"https:\/\/schema.org","@graph":[{"@type":"WebPage","@id":"https:\/\/tourcruiser.com\/fr\/products\/fear-of-god-athletics-x-adidas-i-basketball-sesame-carbon\/","url":"https:\/\/tourcruiser.com\/fr\/products\/fear-of-god-athletics-x-adidas-i-basketball-sesame-carbon\/","name":"Fear of God Athletics x adidas I BASKETBALL 'Sesame Carbon' - TOURCRUISER PTE. LTD","isPartOf":{"@id":"https:\/\/tourcruiser.com\/fr\/#website"},"primaryImageOfPage":{"@id":"https:\/\/tourcruiser.com\/fr\/products\/fear-of-god-athletics-x-adidas-i-basketball-sesame-carbon\/#primaryimage"},"image":{"@id":"https:\/\/tourcruiser.com\/fr\/products\/fear-of-god-athletics-x-adidas-i-basketball-sesame-carbon\/#primaryimage"},"thumbnailUrl":"https:\/\/images.novelship.com\/product\/fear_of_god_athletics_x_adidas_i_basketball__sesam_0_92572.jpeg","datePublished":"2026-03-02T09:28:06+00:00","dateModified":"2026-03-14T12:41:02+00:00","breadcrumb":{"@id":"https:\/\/tourcruiser.com\/fr\/products\/fear-of-god-athletics-x-adidas-i-basketball-sesame-carbon\/#breadcrumb"},"inLanguage":"fr-FR","potentialAction":[{"@type":"ReadAction","target":["https:\/\/tourcruiser.com\/fr\/products\/fear-of-god-athletics-x-adidas-i-basketball-sesame-carbon\/"]}]},{"@type":"ImageObject","inLanguage":"fr-FR","@id":"https:\/\/tourcruiser.com\/fr\/products\/fear-of-god-athletics-x-adidas-i-basketball-sesame-carbon\/#primaryimage","url":"https:\/\/images.novelship.com\/product\/fear_of_god_athletics_x_adidas_i_basketball__sesam_0_92572.jpeg","contentUrl":"https:\/\/images.novelship.com\/product\/fear_of_god_athletics_x_adidas_i_basketball__sesam_0_92572.jpeg"},{"@type":"BreadcrumbList","@id":"https:\/\/tourcruiser.com\/fr\/products\/fear-of-god-athletics-x-adidas-i-basketball-sesame-carbon\/#breadcrumb","itemListElement":[{"@type":"ListItem","position":1,"name":"Home","item":"https:\/\/tourcruiser.com\/fr\/"},{"@type":"ListItem","position":2,"name":"Shop","item":"https:\/\/tourcruiser.com\/fr\/shop\/"},{"@type":"ListItem","position":3,"name":"Fear of God Athletics x adidas I BASKETBALL 'Sesame Carbon'"}]},{"@type":"WebSite","@id":"https:\/\/tourcruiser.com\/fr\/#website","url":"https:\/\/tourcruiser.com\/fr\/","name":"Styloral Jewelry Shop","description":"Tourcruiser Sneaker Store \u2014 L\u2019endroit o\u00f9 l\u2019univers rencontre votre singularit\u00e9.","publisher":{"@id":"https:\/\/tourcruiser.com\/fr\/#organization"},"potentialAction":[{"@type":"SearchAction","target":{"@type":"EntryPoint","urlTemplate":"https:\/\/tourcruiser.com\/fr\/?s={search_term_string}"},"query-input":{"@type":"PropertyValueSpecification","valueRequired":true,"valueName":"search_term_string"}}],"inLanguage":"fr-FR"},{"@type":"Organization","@id":"https:\/\/tourcruiser.com\/fr\/#organization","name":"STYLORAL PTE. LTD","url":"https:\/\/tourcruiser.com\/fr\/","logo":{"@type":"ImageObject","inLanguage":"fr-FR","@id":"https:\/\/tourcruiser.com\/fr\/#\/schema\/logo\/image\/","url":"https:\/\/www.tourcruiser.com\/wp-content\/uploads\/2025\/12\/logo.png","contentUrl":"https:\/\/www.tourcruiser.com\/wp-content\/uploads\/2025\/12\/logo.png","width":200,"height":65,"caption":"STYLORAL PTE. LTD"},"image":{"@id":"https:\/\/tourcruiser.com\/fr\/#\/schema\/logo\/image\/"}}]}},"_links":{"self":[{"href":"https:\/\/tourcruiser.com\/fr\/wp-json\/wp\/v2\/product\/175111","targetHints":{"allow":["GET"]}}],"collection":[{"href":"https:\/\/tourcruiser.com\/fr\/wp-json\/wp\/v2\/product"}],"about":[{"href":"https:\/\/tourcruiser.com\/fr\/wp-json\/wp\/v2\/types\/product"}],"replies":[{"embeddable":true,"href":"https:\/\/tourcruiser.com\/fr\/wp-json\/wp\/v2\/comments?post=175111"}],"wp:featuredmedia":[{"embeddable":true,"href":"https:\/\/tourcruiser.com\/fr\/wp-json\/wp\/v2\/media\/175112"}],"wp:attachment":[{"href":"https:\/\/tourcruiser.com\/fr\/wp-json\/wp\/v2\/media?parent=175111"}],"wp:term":[{"taxonomy":"product_brand","embeddable":true,"href":"https:\/\/tourcruiser.com\/fr\/wp-json\/wp\/v2\/product_brand?post=175111"},{"taxonomy":"product_cat","embeddable":true,"href":"https:\/\/tourcruiser.com\/fr\/wp-json\/wp\/v2\/product_cat?post=175111"},{"taxonomy":"product_tag","embeddable":true,"href":"https:\/\/tourcruiser.com\/fr\/wp-json\/wp\/v2\/product_tag?post=175111"}],"curies":[{"name":"wp","href":"https:\/\/api.w.org\/{rel}","templated":true}]}}