{"id":174394,"date":"2026-03-02T16:27:01","date_gmt":"2026-03-02T09:27:01","guid":{"rendered":"http:\/\/tourcruiser.com\/product\/adidas-copa-icon-2-pro-hgag-japan-soccer-cleats-for-turf-and-artificial-grass-cloud-whitecore-blackbright-royal"},"modified":"2026-03-14T19:40:21","modified_gmt":"2026-03-14T12:40:21","slug":"adidas-copa-icon-2-pro-hgag-japan-soccer-cleats-for-turf-and-artificial-grass-cloud-whitecore-blackbright-royal","status":"publish","type":"product","link":"https:\/\/tourcruiser.com\/fr\/products\/adidas-copa-icon-2-pro-hgag-japan-soccer-cleats-for-turf-and-artificial-grass-cloud-whitecore-blackbright-royal\/","title":{"rendered":"Adidas Copa Icon 2 Pro HG\/AG Japan Soccer Cleats for Turf and Artificial Grass Cloud White\/Core Black\/Bright Royal"},"content":{"rendered":"<p>D\u00e9couvrez des performances exceptionnelles avec les chaussures de football Adidas Copa Icon 2 Pro HG\/AG Japan, sp\u00e9cialement con\u00e7ues pour les terrains synth\u00e9tiques et naturels. Arborant une \u00e9l\u00e9gante combinaison de couleurs Blanc Nuage, Noir et Bleu Royal, ces chaussures offrent un confort exceptionnel et un contr\u00f4le de balle optimal. Gr\u00e2ce \u00e0 leurs mat\u00e9riaux de haute qualit\u00e9, elles sont particuli\u00e8rement r\u00e9sistantes et offrent des performances de jeu am\u00e9lior\u00e9es. Elles garantissent une stabilit\u00e9 et une adh\u00e9rence optimales sur toutes les surfaces. Am\u00e9liorez votre jeu et lib\u00e9rez votre plein potentiel gr\u00e2ce au design l\u00e9gendaire de la Copa, pl\u00e9biscit\u00e9 par les professionnels du monde entier. Parfaites pour les athl\u00e8tes exigeants qui recherchent pr\u00e9cision et style \u00e0 chaque match. Combinaison de couleurs\u00a0: Blanc Nuage\/Noir\/Bleu Royal. R\u00e9f\u00e9rence\u00a0: JS1630. Couleur\u00a0: Blanc.<\/p>\n","protected":false},"excerpt":{"rendered":"<p>adidas Copa Icon 2 \u201d\u201d Cloud White\/Core Black\/Bright Royal<\/p>\n","protected":false},"featured_media":174395,"comment_status":"open","ping_status":"closed","template":"","meta":[],"product_brand":[],"product_cat":[10760],"product_tag":[10759,11476,13548,10802,10987,10758],"class_list":{"0":"post-174394","1":"product","2":"type-product","3":"status-publish","4":"has-post-thumbnail","6":"product_cat-adidas","7":"product_tag-adidas","8":"product_tag-artificial-ground-ag-football-boots","9":"product_tag-hard-ground-hg-football-boots","10":"product_tag-performance-sport-shoes","11":"product_tag-soccer-shoes-football-cleats","12":"product_tag-under-retail","13":"wcpa_has_options","15":"first","16":"instock","17":"sale","18":"taxable","19":"shipping-taxable","20":"purchasable","21":"product-type-simple"},"wcpa_form_fields":{"rules":{"pric_overide_base_price":false,"pric_overide_base_price_if_gt_zero":false,"pric_overide_base_price_fully":false,"pric_cal_option_once":false,"pric_use_as_fee":false,"bind_quantity":false,"quantity_bind_formula":false},"fields":[{"type":"color-group","required":true,"elementId":"wcpa-color-group-66c4a7f817afe","label":"Taille","inline":true,"priceOptions":"different_for_all","pricingType":"fixed","className":"hassizechart product-shoes-size-eu product-shoes-size","name":"color-group-66c4a7f817b18","disp_type":"square","selection_type":"tick-border","disp_size":"50","show_label_inside":true,"adjust_width":true,"cart_display_type":"text","other_text":"Other","cl_rule":"show","col":6,"values":[{"label":"35","value":"EU 35","price":"","pimage":"","pimage_id":"","pthumb":"","color":""},{"label":"35.5","value":"EU 35.5","price":"","pimage":"","pimage_id":"","pthumb":"","color":""},{"label":"36","value":"EU 36","price":"","pimage":"","pimage_id":"","pthumb":"","color":"","selected":true},{"label":"36 2\/3","value":"EU 36 2\/3","price":"","pimage":"","pimage_id":"","pthumb":"","color":""},{"label":"37 1\/3","value":"EU 37 1\/3","price":"","pimage":"","pimage_id":"","pthumb":"","color":""},{"label":"38","value":"EU 38","price":"","pimage":"","pimage_id":"","pthumb":"","color":""},{"label":"38 2\/3","value":"EU 38 2\/3","price":"","pimage":"","pimage_id":"","pthumb":"","color":""},{"label":"39 1\/3","value":"EU 39 1\/3","price":"","pimage":"","pimage_id":"","pthumb":"","color":""},{"label":"40","value":"EU 40","price":"","pimage":"","pimage_id":"","pthumb":"","color":""},{"label":"40 2\/3","value":"EU 40 2\/3","price":"","pimage":"","pimage_id":"","pthumb":"","color":""},{"label":"41 1\/3","value":"EU 41 1\/3","price":"","pimage":"","pimage_id":"","pthumb":"","color":""},{"label":"42","value":"EU 42","price":"","pimage":"","pimage_id":"","pthumb":"","color":""},{"label":"42 2\/3","value":"EU 42 2\/3","price":"","pimage":"","pimage_id":"","pthumb":"","color":""},{"label":"43 1\/3","value":"EU 43 1\/3","price":"","pimage":"","pimage_id":"","pthumb":"","color":""},{"label":"44","value":"EU 44","price":"","pimage":"","pimage_id":"","pthumb":"","color":""},{"label":"44 2\/3","value":"EU 44 2\/3","price":"","pimage":"","pimage_id":"","pthumb":"","color":""},{"label":"45 1\/3","value":"EU 45 1\/3","price":"","pimage":"","pimage_id":"","pthumb":"","color":""},{"label":"46","value":"EU 46","price":"","pimage":"","pimage_id":"","pthumb":"","color":""},{"label":"46 2\/3","value":"EU 46 2\/3","price":"","pimage":"","pimage_id":"","pthumb":"","color":""},{"label":"47 1\/3","value":"EU 47 1\/3","price":"","pimage":"","pimage_id":"","pthumb":"","color":""}],"relations":[{"operator":false,"rules":[]}],"form_id":24802,"form_rules":{"pric_cal_option_once":false,"exclude_from_discount":false,"pric_use_as_fee":false,"fee_label":"Fee","render_after_acb":false,"disp_hide_options_price":false}}]},"yoast_head":"<!-- This site is optimized with the Yoast SEO plugin v26.5 - https:\/\/yoast.com\/wordpress\/plugins\/seo\/ -->\n<title>Adidas Copa Icon 2 Pro HG\/AG Japan Soccer Cleats for Turf and Artificial Grass Cloud White\/Core Black\/Bright Royal - TOURCRUISER PTE. LTD<\/title>\n<meta name=\"robots\" content=\"index, follow, max-snippet:-1, max-image-preview:large, max-video-preview:-1\" \/>\n<link rel=\"canonical\" href=\"https:\/\/tourcruiser.com\/fr\/products\/adidas-copa-icon-2-pro-hgag-japan-soccer-cleats-for-turf-and-artificial-grass-cloud-whitecore-blackbright-royal\/\" \/>\n<meta property=\"og:locale\" content=\"fr_FR\" \/>\n<meta property=\"og:type\" content=\"article\" \/>\n<meta property=\"og:title\" content=\"Adidas Copa Icon 2 Pro HG\/AG Japan Soccer Cleats for Turf and Artificial Grass Cloud White\/Core Black\/Bright Royal - TOURCRUISER PTE. LTD\" \/>\n<meta property=\"og:description\" content=\"adidas Copa Icon 2 \u201d\u201d Cloud White\/Core Black\/Bright Royal\" \/>\n<meta property=\"og:url\" content=\"https:\/\/tourcruiser.com\/fr\/products\/adidas-copa-icon-2-pro-hgag-japan-soccer-cleats-for-turf-and-artificial-grass-cloud-whitecore-blackbright-royal\/\" \/>\n<meta property=\"og:site_name\" content=\"Tourcruiser Sneaker Store\" \/>\n<meta property=\"article:modified_time\" content=\"2026-03-14T12:40:21+00:00\" \/>\n<meta name=\"twitter:card\" content=\"summary_large_image\" \/>\n<meta name=\"twitter:image\" content=\"https:\/\/images.novelship.com\/product\/adidas_copa_icon_2_pro_hg_ag_japan_soccer_cleats_f_0_64820.jpeg\" \/>\n<meta name=\"twitter:label1\" content=\"Dur\u00e9e de lecture estim\u00e9e\" \/>\n\t<meta name=\"twitter:data1\" content=\"1 minute\" \/>\n<script type=\"application\/ld+json\" class=\"yoast-schema-graph\">{\"@context\":\"https:\/\/schema.org\",\"@graph\":[{\"@type\":\"WebPage\",\"@id\":\"https:\/\/tourcruiser.com\/fr\/products\/adidas-copa-icon-2-pro-hgag-japan-soccer-cleats-for-turf-and-artificial-grass-cloud-whitecore-blackbright-royal\/\",\"url\":\"https:\/\/tourcruiser.com\/fr\/products\/adidas-copa-icon-2-pro-hgag-japan-soccer-cleats-for-turf-and-artificial-grass-cloud-whitecore-blackbright-royal\/\",\"name\":\"Adidas Copa Icon 2 Pro HG\/AG Japan Soccer Cleats for Turf and Artificial Grass Cloud White\/Core Black\/Bright Royal - TOURCRUISER PTE. LTD\",\"isPartOf\":{\"@id\":\"https:\/\/tourcruiser.com\/fr\/#website\"},\"primaryImageOfPage\":{\"@id\":\"https:\/\/tourcruiser.com\/fr\/products\/adidas-copa-icon-2-pro-hgag-japan-soccer-cleats-for-turf-and-artificial-grass-cloud-whitecore-blackbright-royal\/#primaryimage\"},\"image\":{\"@id\":\"https:\/\/tourcruiser.com\/fr\/products\/adidas-copa-icon-2-pro-hgag-japan-soccer-cleats-for-turf-and-artificial-grass-cloud-whitecore-blackbright-royal\/#primaryimage\"},\"thumbnailUrl\":\"https:\/\/images.novelship.com\/product\/adidas_copa_icon_2_pro_hg_ag_japan_soccer_cleats_f_0_64820.jpeg\",\"datePublished\":\"2026-03-02T09:27:01+00:00\",\"dateModified\":\"2026-03-14T12:40:21+00:00\",\"breadcrumb\":{\"@id\":\"https:\/\/tourcruiser.com\/fr\/products\/adidas-copa-icon-2-pro-hgag-japan-soccer-cleats-for-turf-and-artificial-grass-cloud-whitecore-blackbright-royal\/#breadcrumb\"},\"inLanguage\":\"fr-FR\",\"potentialAction\":[{\"@type\":\"ReadAction\",\"target\":[\"https:\/\/tourcruiser.com\/fr\/products\/adidas-copa-icon-2-pro-hgag-japan-soccer-cleats-for-turf-and-artificial-grass-cloud-whitecore-blackbright-royal\/\"]}]},{\"@type\":\"ImageObject\",\"inLanguage\":\"fr-FR\",\"@id\":\"https:\/\/tourcruiser.com\/fr\/products\/adidas-copa-icon-2-pro-hgag-japan-soccer-cleats-for-turf-and-artificial-grass-cloud-whitecore-blackbright-royal\/#primaryimage\",\"url\":\"https:\/\/images.novelship.com\/product\/adidas_copa_icon_2_pro_hg_ag_japan_soccer_cleats_f_0_64820.jpeg\",\"contentUrl\":\"https:\/\/images.novelship.com\/product\/adidas_copa_icon_2_pro_hg_ag_japan_soccer_cleats_f_0_64820.jpeg\"},{\"@type\":\"BreadcrumbList\",\"@id\":\"https:\/\/tourcruiser.com\/fr\/products\/adidas-copa-icon-2-pro-hgag-japan-soccer-cleats-for-turf-and-artificial-grass-cloud-whitecore-blackbright-royal\/#breadcrumb\",\"itemListElement\":[{\"@type\":\"ListItem\",\"position\":1,\"name\":\"Home\",\"item\":\"https:\/\/tourcruiser.com\/fr\/\"},{\"@type\":\"ListItem\",\"position\":2,\"name\":\"Shop\",\"item\":\"https:\/\/tourcruiser.com\/fr\/shop\/\"},{\"@type\":\"ListItem\",\"position\":3,\"name\":\"Adidas Copa Icon 2 Pro HG\/AG Japan Soccer Cleats for Turf and Artificial Grass Cloud White\/Core Black\/Bright Royal\"}]},{\"@type\":\"WebSite\",\"@id\":\"https:\/\/tourcruiser.com\/fr\/#website\",\"url\":\"https:\/\/tourcruiser.com\/fr\/\",\"name\":\"Styloral Jewelry Shop\",\"description\":\"Tourcruiser Sneaker Store \u2014 L\u2019endroit o\u00f9 l\u2019univers rencontre votre singularit\u00e9.\",\"publisher\":{\"@id\":\"https:\/\/tourcruiser.com\/fr\/#organization\"},\"potentialAction\":[{\"@type\":\"SearchAction\",\"target\":{\"@type\":\"EntryPoint\",\"urlTemplate\":\"https:\/\/tourcruiser.com\/fr\/?s={search_term_string}\"},\"query-input\":{\"@type\":\"PropertyValueSpecification\",\"valueRequired\":true,\"valueName\":\"search_term_string\"}}],\"inLanguage\":\"fr-FR\"},{\"@type\":\"Organization\",\"@id\":\"https:\/\/tourcruiser.com\/fr\/#organization\",\"name\":\"STYLORAL PTE. LTD\",\"url\":\"https:\/\/tourcruiser.com\/fr\/\",\"logo\":{\"@type\":\"ImageObject\",\"inLanguage\":\"fr-FR\",\"@id\":\"https:\/\/tourcruiser.com\/fr\/#\/schema\/logo\/image\/\",\"url\":\"https:\/\/www.tourcruiser.com\/wp-content\/uploads\/2025\/12\/logo.png\",\"contentUrl\":\"https:\/\/www.tourcruiser.com\/wp-content\/uploads\/2025\/12\/logo.png\",\"width\":200,\"height\":65,\"caption\":\"STYLORAL PTE. LTD\"},\"image\":{\"@id\":\"https:\/\/tourcruiser.com\/fr\/#\/schema\/logo\/image\/\"}}]}<\/script>\n<!-- \/ Yoast SEO plugin. -->","yoast_head_json":{"title":"Adidas Copa Icon 2 Pro HG\/AG Japan Soccer Cleats for Turf and Artificial Grass Cloud White\/Core Black\/Bright Royal - TOURCRUISER PTE. LTD","robots":{"index":"index","follow":"follow","max-snippet":"max-snippet:-1","max-image-preview":"max-image-preview:large","max-video-preview":"max-video-preview:-1"},"canonical":"https:\/\/tourcruiser.com\/fr\/products\/adidas-copa-icon-2-pro-hgag-japan-soccer-cleats-for-turf-and-artificial-grass-cloud-whitecore-blackbright-royal\/","og_locale":"fr_FR","og_type":"article","og_title":"Adidas Copa Icon 2 Pro HG\/AG Japan Soccer Cleats for Turf and Artificial Grass Cloud White\/Core Black\/Bright Royal - TOURCRUISER PTE. LTD","og_description":"adidas Copa Icon 2 \u201d\u201d Cloud White\/Core Black\/Bright Royal","og_url":"https:\/\/tourcruiser.com\/fr\/products\/adidas-copa-icon-2-pro-hgag-japan-soccer-cleats-for-turf-and-artificial-grass-cloud-whitecore-blackbright-royal\/","og_site_name":"Tourcruiser Sneaker Store","article_modified_time":"2026-03-14T12:40:21+00:00","twitter_card":"summary_large_image","twitter_image":"https:\/\/images.novelship.com\/product\/adidas_copa_icon_2_pro_hg_ag_japan_soccer_cleats_f_0_64820.jpeg","twitter_misc":{"Dur\u00e9e de lecture estim\u00e9e":"1 minute"},"schema":{"@context":"https:\/\/schema.org","@graph":[{"@type":"WebPage","@id":"https:\/\/tourcruiser.com\/fr\/products\/adidas-copa-icon-2-pro-hgag-japan-soccer-cleats-for-turf-and-artificial-grass-cloud-whitecore-blackbright-royal\/","url":"https:\/\/tourcruiser.com\/fr\/products\/adidas-copa-icon-2-pro-hgag-japan-soccer-cleats-for-turf-and-artificial-grass-cloud-whitecore-blackbright-royal\/","name":"Adidas Copa Icon 2 Pro HG\/AG Japan Soccer Cleats for Turf and Artificial Grass Cloud White\/Core Black\/Bright Royal - TOURCRUISER PTE. LTD","isPartOf":{"@id":"https:\/\/tourcruiser.com\/fr\/#website"},"primaryImageOfPage":{"@id":"https:\/\/tourcruiser.com\/fr\/products\/adidas-copa-icon-2-pro-hgag-japan-soccer-cleats-for-turf-and-artificial-grass-cloud-whitecore-blackbright-royal\/#primaryimage"},"image":{"@id":"https:\/\/tourcruiser.com\/fr\/products\/adidas-copa-icon-2-pro-hgag-japan-soccer-cleats-for-turf-and-artificial-grass-cloud-whitecore-blackbright-royal\/#primaryimage"},"thumbnailUrl":"https:\/\/images.novelship.com\/product\/adidas_copa_icon_2_pro_hg_ag_japan_soccer_cleats_f_0_64820.jpeg","datePublished":"2026-03-02T09:27:01+00:00","dateModified":"2026-03-14T12:40:21+00:00","breadcrumb":{"@id":"https:\/\/tourcruiser.com\/fr\/products\/adidas-copa-icon-2-pro-hgag-japan-soccer-cleats-for-turf-and-artificial-grass-cloud-whitecore-blackbright-royal\/#breadcrumb"},"inLanguage":"fr-FR","potentialAction":[{"@type":"ReadAction","target":["https:\/\/tourcruiser.com\/fr\/products\/adidas-copa-icon-2-pro-hgag-japan-soccer-cleats-for-turf-and-artificial-grass-cloud-whitecore-blackbright-royal\/"]}]},{"@type":"ImageObject","inLanguage":"fr-FR","@id":"https:\/\/tourcruiser.com\/fr\/products\/adidas-copa-icon-2-pro-hgag-japan-soccer-cleats-for-turf-and-artificial-grass-cloud-whitecore-blackbright-royal\/#primaryimage","url":"https:\/\/images.novelship.com\/product\/adidas_copa_icon_2_pro_hg_ag_japan_soccer_cleats_f_0_64820.jpeg","contentUrl":"https:\/\/images.novelship.com\/product\/adidas_copa_icon_2_pro_hg_ag_japan_soccer_cleats_f_0_64820.jpeg"},{"@type":"BreadcrumbList","@id":"https:\/\/tourcruiser.com\/fr\/products\/adidas-copa-icon-2-pro-hgag-japan-soccer-cleats-for-turf-and-artificial-grass-cloud-whitecore-blackbright-royal\/#breadcrumb","itemListElement":[{"@type":"ListItem","position":1,"name":"Home","item":"https:\/\/tourcruiser.com\/fr\/"},{"@type":"ListItem","position":2,"name":"Shop","item":"https:\/\/tourcruiser.com\/fr\/shop\/"},{"@type":"ListItem","position":3,"name":"Adidas Copa Icon 2 Pro HG\/AG Japan Soccer Cleats for Turf and Artificial Grass Cloud White\/Core Black\/Bright Royal"}]},{"@type":"WebSite","@id":"https:\/\/tourcruiser.com\/fr\/#website","url":"https:\/\/tourcruiser.com\/fr\/","name":"Styloral Jewelry Shop","description":"Tourcruiser Sneaker Store \u2014 L\u2019endroit o\u00f9 l\u2019univers rencontre votre singularit\u00e9.","publisher":{"@id":"https:\/\/tourcruiser.com\/fr\/#organization"},"potentialAction":[{"@type":"SearchAction","target":{"@type":"EntryPoint","urlTemplate":"https:\/\/tourcruiser.com\/fr\/?s={search_term_string}"},"query-input":{"@type":"PropertyValueSpecification","valueRequired":true,"valueName":"search_term_string"}}],"inLanguage":"fr-FR"},{"@type":"Organization","@id":"https:\/\/tourcruiser.com\/fr\/#organization","name":"STYLORAL PTE. LTD","url":"https:\/\/tourcruiser.com\/fr\/","logo":{"@type":"ImageObject","inLanguage":"fr-FR","@id":"https:\/\/tourcruiser.com\/fr\/#\/schema\/logo\/image\/","url":"https:\/\/www.tourcruiser.com\/wp-content\/uploads\/2025\/12\/logo.png","contentUrl":"https:\/\/www.tourcruiser.com\/wp-content\/uploads\/2025\/12\/logo.png","width":200,"height":65,"caption":"STYLORAL PTE. LTD"},"image":{"@id":"https:\/\/tourcruiser.com\/fr\/#\/schema\/logo\/image\/"}}]}},"_links":{"self":[{"href":"https:\/\/tourcruiser.com\/fr\/wp-json\/wp\/v2\/product\/174394","targetHints":{"allow":["GET"]}}],"collection":[{"href":"https:\/\/tourcruiser.com\/fr\/wp-json\/wp\/v2\/product"}],"about":[{"href":"https:\/\/tourcruiser.com\/fr\/wp-json\/wp\/v2\/types\/product"}],"replies":[{"embeddable":true,"href":"https:\/\/tourcruiser.com\/fr\/wp-json\/wp\/v2\/comments?post=174394"}],"wp:featuredmedia":[{"embeddable":true,"href":"https:\/\/tourcruiser.com\/fr\/wp-json\/wp\/v2\/media\/174395"}],"wp:attachment":[{"href":"https:\/\/tourcruiser.com\/fr\/wp-json\/wp\/v2\/media?parent=174394"}],"wp:term":[{"taxonomy":"product_brand","embeddable":true,"href":"https:\/\/tourcruiser.com\/fr\/wp-json\/wp\/v2\/product_brand?post=174394"},{"taxonomy":"product_cat","embeddable":true,"href":"https:\/\/tourcruiser.com\/fr\/wp-json\/wp\/v2\/product_cat?post=174394"},{"taxonomy":"product_tag","embeddable":true,"href":"https:\/\/tourcruiser.com\/fr\/wp-json\/wp\/v2\/product_tag?post=174394"}],"curies":[{"name":"wp","href":"https:\/\/api.w.org\/{rel}","templated":true}]}}