{"id":173448,"date":"2026-03-02T16:25:39","date_gmt":"2026-03-02T09:25:39","guid":{"rendered":"http:\/\/tourcruiser.com\/product\/eliud-kipchoge-x-nike-air-zoom-alphafly-next-3-no-human-is-limited"},"modified":"2026-03-14T19:39:31","modified_gmt":"2026-03-14T12:39:31","slug":"eliud-kipchoge-x-nike-air-zoom-alphafly-next-3-no-human-is-limited","status":"publish","type":"product","link":"https:\/\/tourcruiser.com\/fr\/products\/eliud-kipchoge-x-nike-air-zoom-alphafly-next-3-no-human-is-limited\/","title":{"rendered":"Eliud Kipchoge x Nike Air Zoom Alphafly NEXT% 3 &lsquo;No Human is Limited&rsquo;"},"content":{"rendered":"<p>D\u00e9couvrez une vitesse et une innovation sans pr\u00e9c\u00e9dent avec la Nike Air Zoom Alphafly NEXT% 3 Eliud Kipchoge x Nike \u00ab\u00a0No Human is Limited\u00a0\u00bb. Con\u00e7ue pour repousser vos limites et vous inspirer \u00e0 atteindre votre plein potentiel, cette chaussure de running avant-gardiste, cr\u00e9\u00e9e en collaboration avec la l\u00e9gende du marathon Eliud Kipchoge, arbore un design \u00e9l\u00e9gant, une empeigne Atomknit 2.0 l\u00e9g\u00e8re pour une respirabilit\u00e9 optimale et une semelle interm\u00e9diaire dot\u00e9e de mousse ZoomX et de deux unit\u00e9s Zoom Air pour un retour d&rsquo;\u00e9nergie explosif. La plaque Carbon Flyplate assure une propulsion optimale, tandis que le talon plus large et le design profil\u00e9 offrent une stabilit\u00e9 exceptionnelle pour les longues distances. Avec ses couleurs dynamiques et son slogan motivant \u00ab\u00a0No Human is Limited\u00a0\u00bb, cette chaussure symbolise le d\u00e9passement des limites et la qu\u00eate de l&rsquo;excellence. La Nike Air Zoom Alphafly NEXT% 3 a \u00e9t\u00e9 con\u00e7ue avec une pr\u00e9cision m\u00e9ticuleuse pour les athl\u00e8tes ambitieux qui veulent battre des records. Elle allie innovation, style et fonctionnalit\u00e9 pour l&rsquo;entra\u00eenement et la comp\u00e9tition de haut niveau.<\/p>\n<ul>\n<li><strong>Coloris\u00a0:<\/strong> Rouge limon\/Vert Shock\/C\u00e9ramique brillante\/Rose feu\/Violet persan\/Carmin vif<\/li>\n<li><strong>Code article\u00a0:<\/strong> HJ7041-600<\/li>\n<li><strong>Tige\u00a0:<\/strong> Atomknit<\/li>\n<li><strong>Semelle interm\u00e9diaire\u00a0:<\/strong> Zoom X<\/li>\n<li><strong>Couleur\u00a0:<\/strong> Multicolore<\/li>\n<\/ul>\n","protected":false},"excerpt":{"rendered":"<p>Nike Alphafly NEXT% 3 \u201d\u201d Silt Red\/Green Shock\/Bright Cermaic\/Fire Pink\/Persian Violet\/Bright Crimson<\/p>\n","protected":false},"featured_media":173449,"comment_status":"open","ping_status":"closed","template":"","meta":[],"product_brand":[],"product_cat":[10803],"product_tag":[10799,10800,10801,10802,10840,10758],"class_list":{"0":"post-173448","1":"product","2":"type-product","3":"status-publish","4":"has-post-thumbnail","6":"product_cat-nike","7":"product_tag-ankle-support-basketball-shoes","8":"product_tag-basketball-shoes","9":"product_tag-nike","10":"product_tag-performance-sport-shoes","11":"product_tag-running-shoes","12":"product_tag-under-retail","13":"wcpa_has_options","15":"first","16":"instock","17":"sale","18":"taxable","19":"shipping-taxable","20":"purchasable","21":"product-type-simple"},"wcpa_form_fields":{"rules":{"pric_overide_base_price":false,"pric_overide_base_price_if_gt_zero":false,"pric_overide_base_price_fully":false,"pric_cal_option_once":false,"pric_use_as_fee":false,"bind_quantity":false,"quantity_bind_formula":false},"fields":[{"type":"color-group","required":true,"elementId":"wcpa-color-group-66c4a75505e74","label":"Taille","inline":true,"priceOptions":"different_for_all","pricingType":"fixed","className":"hassizechart product-shoes-size-eu product-shoes-size","name":"color-group-66c4a75505e89","disp_type":"square","selection_type":"tick-border","disp_size":"44","show_label_inside":true,"adjust_width":true,"cart_display_type":"text","other_text":"Other","cl_rule":"show","col":6,"values":[{"label":"35.5","value":"EU 35.5","price":"","pimage":"","pimage_id":"","pthumb":"","color":""},{"label":"36","value":"EU 36","price":"","pimage":"","pimage_id":"","pthumb":"","color":"","selected":true},{"label":"36.5","value":"EU 36.5","price":"","pimage":"","pimage_id":"","pthumb":"","color":""},{"label":"37.5","value":"EU 37.5","price":"","pimage":"","pimage_id":"","pthumb":"","color":""},{"label":"38","value":"EU 38","price":"","pimage":"","pimage_id":"","pthumb":"","color":""},{"label":"38.5","value":"EU 38.5","price":"","pimage":"","pimage_id":"","pthumb":"","color":""},{"label":"39","value":"EU 39","price":"","pimage":"","pimage_id":"","pthumb":"","color":""},{"label":"40","value":"EU 40","price":"","pimage":"","pimage_id":"","pthumb":"","color":""},{"label":"40.5","value":"EU 40.5","price":"","pimage":"","pimage_id":"","pthumb":"","color":""},{"label":"41","value":"EU 41","price":"","pimage":"","pimage_id":"","pthumb":"","color":""},{"label":"42","value":"EU 42","price":"","pimage":"","pimage_id":"","pthumb":"","color":""},{"label":"42.5","value":"EU 42.5","price":"","pimage":"","pimage_id":"","pthumb":"","color":""},{"label":"43","value":"EU 43","price":"","pimage":"","pimage_id":"","pthumb":"","color":""},{"label":"44","value":"EU 44","price":"","pimage":"","pimage_id":"","pthumb":"","color":""},{"label":"44.5","value":"EU 44.5","price":"","pimage":"","pimage_id":"","pthumb":"","color":""},{"label":"45","value":"EU 45","price":"","pimage":"","pimage_id":"","pthumb":"","color":""},{"label":"45.5","value":"EU 45.5","price":"","pimage":"","pimage_id":"","pthumb":"","color":""},{"label":"46","value":"EU 46","price":"","pimage":"","pimage_id":"","pthumb":"","color":""},{"label":"47","value":"EU 47","price":"","pimage":"","pimage_id":"","pthumb":"","color":""},{"label":"47.5","value":"EU 47.5","price":"","pimage":"","pimage_id":"","pthumb":"","color":""},{"label":"48","value":"EU 48","price":"","pimage":"","pimage_id":"","pthumb":"","color":""}],"relations":[{"operator":false,"rules":[]}],"form_id":18106,"form_rules":{"pric_cal_option_once":false,"exclude_from_discount":false,"pric_use_as_fee":false,"fee_label":"Fee","render_after_acb":false,"disp_hide_options_price":false}}]},"yoast_head":"<!-- This site is optimized with the Yoast SEO plugin v26.5 - https:\/\/yoast.com\/wordpress\/plugins\/seo\/ -->\n<title>Eliud Kipchoge x Nike Air Zoom Alphafly NEXT% 3 &#039;No Human is Limited&#039; - TOURCRUISER PTE. LTD<\/title>\n<meta name=\"robots\" content=\"index, follow, max-snippet:-1, max-image-preview:large, max-video-preview:-1\" \/>\n<link rel=\"canonical\" href=\"https:\/\/tourcruiser.com\/fr\/products\/eliud-kipchoge-x-nike-air-zoom-alphafly-next-3-no-human-is-limited\/\" \/>\n<meta property=\"og:locale\" content=\"fr_FR\" \/>\n<meta property=\"og:type\" content=\"article\" \/>\n<meta property=\"og:title\" content=\"Eliud Kipchoge x Nike Air Zoom Alphafly NEXT% 3 &#039;No Human is Limited&#039; - TOURCRUISER PTE. LTD\" \/>\n<meta property=\"og:description\" content=\"Nike Alphafly NEXT% 3 \u201d\u201d Silt Red\/Green Shock\/Bright Cermaic\/Fire Pink\/Persian Violet\/Bright Crimson\" \/>\n<meta property=\"og:url\" content=\"https:\/\/tourcruiser.com\/fr\/products\/eliud-kipchoge-x-nike-air-zoom-alphafly-next-3-no-human-is-limited\/\" \/>\n<meta property=\"og:site_name\" content=\"Tourcruiser Sneaker Store\" \/>\n<meta property=\"article:modified_time\" content=\"2026-03-14T12:39:31+00:00\" \/>\n<meta name=\"twitter:card\" content=\"summary_large_image\" \/>\n<meta name=\"twitter:image\" content=\"https:\/\/images.novelship.com\/product\/eliud_kipchoge_x_nike_air_zoom_alphafly_next__3__n_0_24388.jpeg\" \/>\n<meta name=\"twitter:label1\" content=\"Dur\u00e9e de lecture estim\u00e9e\" \/>\n\t<meta name=\"twitter:data1\" content=\"1 minute\" \/>\n<script type=\"application\/ld+json\" class=\"yoast-schema-graph\">{\"@context\":\"https:\/\/schema.org\",\"@graph\":[{\"@type\":\"WebPage\",\"@id\":\"https:\/\/tourcruiser.com\/fr\/products\/eliud-kipchoge-x-nike-air-zoom-alphafly-next-3-no-human-is-limited\/\",\"url\":\"https:\/\/tourcruiser.com\/fr\/products\/eliud-kipchoge-x-nike-air-zoom-alphafly-next-3-no-human-is-limited\/\",\"name\":\"Eliud Kipchoge x Nike Air Zoom Alphafly NEXT% 3 'No Human is Limited' - TOURCRUISER PTE. LTD\",\"isPartOf\":{\"@id\":\"https:\/\/tourcruiser.com\/fr\/#website\"},\"primaryImageOfPage\":{\"@id\":\"https:\/\/tourcruiser.com\/fr\/products\/eliud-kipchoge-x-nike-air-zoom-alphafly-next-3-no-human-is-limited\/#primaryimage\"},\"image\":{\"@id\":\"https:\/\/tourcruiser.com\/fr\/products\/eliud-kipchoge-x-nike-air-zoom-alphafly-next-3-no-human-is-limited\/#primaryimage\"},\"thumbnailUrl\":\"https:\/\/images.novelship.com\/product\/eliud_kipchoge_x_nike_air_zoom_alphafly_next__3__n_0_24388.jpeg\",\"datePublished\":\"2026-03-02T09:25:39+00:00\",\"dateModified\":\"2026-03-14T12:39:31+00:00\",\"breadcrumb\":{\"@id\":\"https:\/\/tourcruiser.com\/fr\/products\/eliud-kipchoge-x-nike-air-zoom-alphafly-next-3-no-human-is-limited\/#breadcrumb\"},\"inLanguage\":\"fr-FR\",\"potentialAction\":[{\"@type\":\"ReadAction\",\"target\":[\"https:\/\/tourcruiser.com\/fr\/products\/eliud-kipchoge-x-nike-air-zoom-alphafly-next-3-no-human-is-limited\/\"]}]},{\"@type\":\"ImageObject\",\"inLanguage\":\"fr-FR\",\"@id\":\"https:\/\/tourcruiser.com\/fr\/products\/eliud-kipchoge-x-nike-air-zoom-alphafly-next-3-no-human-is-limited\/#primaryimage\",\"url\":\"https:\/\/images.novelship.com\/product\/eliud_kipchoge_x_nike_air_zoom_alphafly_next__3__n_0_24388.jpeg\",\"contentUrl\":\"https:\/\/images.novelship.com\/product\/eliud_kipchoge_x_nike_air_zoom_alphafly_next__3__n_0_24388.jpeg\"},{\"@type\":\"BreadcrumbList\",\"@id\":\"https:\/\/tourcruiser.com\/fr\/products\/eliud-kipchoge-x-nike-air-zoom-alphafly-next-3-no-human-is-limited\/#breadcrumb\",\"itemListElement\":[{\"@type\":\"ListItem\",\"position\":1,\"name\":\"Home\",\"item\":\"https:\/\/tourcruiser.com\/fr\/\"},{\"@type\":\"ListItem\",\"position\":2,\"name\":\"Shop\",\"item\":\"https:\/\/tourcruiser.com\/fr\/shop\/\"},{\"@type\":\"ListItem\",\"position\":3,\"name\":\"Eliud Kipchoge x Nike Air Zoom Alphafly NEXT% 3 'No Human is Limited'\"}]},{\"@type\":\"WebSite\",\"@id\":\"https:\/\/tourcruiser.com\/fr\/#website\",\"url\":\"https:\/\/tourcruiser.com\/fr\/\",\"name\":\"Styloral Jewelry Shop\",\"description\":\"Tourcruiser Sneaker Store \u2014 L\u2019endroit o\u00f9 l\u2019univers rencontre votre singularit\u00e9.\",\"publisher\":{\"@id\":\"https:\/\/tourcruiser.com\/fr\/#organization\"},\"potentialAction\":[{\"@type\":\"SearchAction\",\"target\":{\"@type\":\"EntryPoint\",\"urlTemplate\":\"https:\/\/tourcruiser.com\/fr\/?s={search_term_string}\"},\"query-input\":{\"@type\":\"PropertyValueSpecification\",\"valueRequired\":true,\"valueName\":\"search_term_string\"}}],\"inLanguage\":\"fr-FR\"},{\"@type\":\"Organization\",\"@id\":\"https:\/\/tourcruiser.com\/fr\/#organization\",\"name\":\"STYLORAL PTE. LTD\",\"url\":\"https:\/\/tourcruiser.com\/fr\/\",\"logo\":{\"@type\":\"ImageObject\",\"inLanguage\":\"fr-FR\",\"@id\":\"https:\/\/tourcruiser.com\/fr\/#\/schema\/logo\/image\/\",\"url\":\"https:\/\/www.tourcruiser.com\/wp-content\/uploads\/2025\/12\/logo.png\",\"contentUrl\":\"https:\/\/www.tourcruiser.com\/wp-content\/uploads\/2025\/12\/logo.png\",\"width\":200,\"height\":65,\"caption\":\"STYLORAL PTE. LTD\"},\"image\":{\"@id\":\"https:\/\/tourcruiser.com\/fr\/#\/schema\/logo\/image\/\"}}]}<\/script>\n<!-- \/ Yoast SEO plugin. -->","yoast_head_json":{"title":"Eliud Kipchoge x Nike Air Zoom Alphafly NEXT% 3 'No Human is Limited' - TOURCRUISER PTE. LTD","robots":{"index":"index","follow":"follow","max-snippet":"max-snippet:-1","max-image-preview":"max-image-preview:large","max-video-preview":"max-video-preview:-1"},"canonical":"https:\/\/tourcruiser.com\/fr\/products\/eliud-kipchoge-x-nike-air-zoom-alphafly-next-3-no-human-is-limited\/","og_locale":"fr_FR","og_type":"article","og_title":"Eliud Kipchoge x Nike Air Zoom Alphafly NEXT% 3 'No Human is Limited' - TOURCRUISER PTE. LTD","og_description":"Nike Alphafly NEXT% 3 \u201d\u201d Silt Red\/Green Shock\/Bright Cermaic\/Fire Pink\/Persian Violet\/Bright Crimson","og_url":"https:\/\/tourcruiser.com\/fr\/products\/eliud-kipchoge-x-nike-air-zoom-alphafly-next-3-no-human-is-limited\/","og_site_name":"Tourcruiser Sneaker Store","article_modified_time":"2026-03-14T12:39:31+00:00","twitter_card":"summary_large_image","twitter_image":"https:\/\/images.novelship.com\/product\/eliud_kipchoge_x_nike_air_zoom_alphafly_next__3__n_0_24388.jpeg","twitter_misc":{"Dur\u00e9e de lecture estim\u00e9e":"1 minute"},"schema":{"@context":"https:\/\/schema.org","@graph":[{"@type":"WebPage","@id":"https:\/\/tourcruiser.com\/fr\/products\/eliud-kipchoge-x-nike-air-zoom-alphafly-next-3-no-human-is-limited\/","url":"https:\/\/tourcruiser.com\/fr\/products\/eliud-kipchoge-x-nike-air-zoom-alphafly-next-3-no-human-is-limited\/","name":"Eliud Kipchoge x Nike Air Zoom Alphafly NEXT% 3 'No Human is Limited' - TOURCRUISER PTE. LTD","isPartOf":{"@id":"https:\/\/tourcruiser.com\/fr\/#website"},"primaryImageOfPage":{"@id":"https:\/\/tourcruiser.com\/fr\/products\/eliud-kipchoge-x-nike-air-zoom-alphafly-next-3-no-human-is-limited\/#primaryimage"},"image":{"@id":"https:\/\/tourcruiser.com\/fr\/products\/eliud-kipchoge-x-nike-air-zoom-alphafly-next-3-no-human-is-limited\/#primaryimage"},"thumbnailUrl":"https:\/\/images.novelship.com\/product\/eliud_kipchoge_x_nike_air_zoom_alphafly_next__3__n_0_24388.jpeg","datePublished":"2026-03-02T09:25:39+00:00","dateModified":"2026-03-14T12:39:31+00:00","breadcrumb":{"@id":"https:\/\/tourcruiser.com\/fr\/products\/eliud-kipchoge-x-nike-air-zoom-alphafly-next-3-no-human-is-limited\/#breadcrumb"},"inLanguage":"fr-FR","potentialAction":[{"@type":"ReadAction","target":["https:\/\/tourcruiser.com\/fr\/products\/eliud-kipchoge-x-nike-air-zoom-alphafly-next-3-no-human-is-limited\/"]}]},{"@type":"ImageObject","inLanguage":"fr-FR","@id":"https:\/\/tourcruiser.com\/fr\/products\/eliud-kipchoge-x-nike-air-zoom-alphafly-next-3-no-human-is-limited\/#primaryimage","url":"https:\/\/images.novelship.com\/product\/eliud_kipchoge_x_nike_air_zoom_alphafly_next__3__n_0_24388.jpeg","contentUrl":"https:\/\/images.novelship.com\/product\/eliud_kipchoge_x_nike_air_zoom_alphafly_next__3__n_0_24388.jpeg"},{"@type":"BreadcrumbList","@id":"https:\/\/tourcruiser.com\/fr\/products\/eliud-kipchoge-x-nike-air-zoom-alphafly-next-3-no-human-is-limited\/#breadcrumb","itemListElement":[{"@type":"ListItem","position":1,"name":"Home","item":"https:\/\/tourcruiser.com\/fr\/"},{"@type":"ListItem","position":2,"name":"Shop","item":"https:\/\/tourcruiser.com\/fr\/shop\/"},{"@type":"ListItem","position":3,"name":"Eliud Kipchoge x Nike Air Zoom Alphafly NEXT% 3 'No Human is Limited'"}]},{"@type":"WebSite","@id":"https:\/\/tourcruiser.com\/fr\/#website","url":"https:\/\/tourcruiser.com\/fr\/","name":"Styloral Jewelry Shop","description":"Tourcruiser Sneaker Store \u2014 L\u2019endroit o\u00f9 l\u2019univers rencontre votre singularit\u00e9.","publisher":{"@id":"https:\/\/tourcruiser.com\/fr\/#organization"},"potentialAction":[{"@type":"SearchAction","target":{"@type":"EntryPoint","urlTemplate":"https:\/\/tourcruiser.com\/fr\/?s={search_term_string}"},"query-input":{"@type":"PropertyValueSpecification","valueRequired":true,"valueName":"search_term_string"}}],"inLanguage":"fr-FR"},{"@type":"Organization","@id":"https:\/\/tourcruiser.com\/fr\/#organization","name":"STYLORAL PTE. LTD","url":"https:\/\/tourcruiser.com\/fr\/","logo":{"@type":"ImageObject","inLanguage":"fr-FR","@id":"https:\/\/tourcruiser.com\/fr\/#\/schema\/logo\/image\/","url":"https:\/\/www.tourcruiser.com\/wp-content\/uploads\/2025\/12\/logo.png","contentUrl":"https:\/\/www.tourcruiser.com\/wp-content\/uploads\/2025\/12\/logo.png","width":200,"height":65,"caption":"STYLORAL PTE. LTD"},"image":{"@id":"https:\/\/tourcruiser.com\/fr\/#\/schema\/logo\/image\/"}}]}},"_links":{"self":[{"href":"https:\/\/tourcruiser.com\/fr\/wp-json\/wp\/v2\/product\/173448","targetHints":{"allow":["GET"]}}],"collection":[{"href":"https:\/\/tourcruiser.com\/fr\/wp-json\/wp\/v2\/product"}],"about":[{"href":"https:\/\/tourcruiser.com\/fr\/wp-json\/wp\/v2\/types\/product"}],"replies":[{"embeddable":true,"href":"https:\/\/tourcruiser.com\/fr\/wp-json\/wp\/v2\/comments?post=173448"}],"wp:featuredmedia":[{"embeddable":true,"href":"https:\/\/tourcruiser.com\/fr\/wp-json\/wp\/v2\/media\/173449"}],"wp:attachment":[{"href":"https:\/\/tourcruiser.com\/fr\/wp-json\/wp\/v2\/media?parent=173448"}],"wp:term":[{"taxonomy":"product_brand","embeddable":true,"href":"https:\/\/tourcruiser.com\/fr\/wp-json\/wp\/v2\/product_brand?post=173448"},{"taxonomy":"product_cat","embeddable":true,"href":"https:\/\/tourcruiser.com\/fr\/wp-json\/wp\/v2\/product_cat?post=173448"},{"taxonomy":"product_tag","embeddable":true,"href":"https:\/\/tourcruiser.com\/fr\/wp-json\/wp\/v2\/product_tag?post=173448"}],"curies":[{"name":"wp","href":"https:\/\/api.w.org\/{rel}","templated":true}]}}