{"id":173369,"date":"2026-03-02T16:25:34","date_gmt":"2026-03-02T09:25:34","guid":{"rendered":"http:\/\/tourcruiser.com\/product\/swaroski-x-nike-ja-2-black-label-packscratch-bling"},"modified":"2026-03-14T19:39:26","modified_gmt":"2026-03-14T12:39:26","slug":"swaroski-x-nike-ja-2-black-label-packscratch-bling","status":"publish","type":"product","link":"https:\/\/tourcruiser.com\/fr\/products\/swaroski-x-nike-ja-2-black-label-packscratch-bling\/","title":{"rendered":"Swaroski x Nike Ja 2 &lsquo;Black Label Pack &#8211; Scratch Bling&rsquo;"},"content":{"rendered":"<p>Sublimez votre style avec les sneakers exclusives Swarovski x Nike Ja 2 \u00ab Black Label Pack \u00bb \u00ab Scratch Bling \u00bb (mod\u00e8le IB3859-001). Ces chaussures en \u00e9dition limit\u00e9e associent le design innovant de Nike aux cristaux iconiques de Swarovski, pour une \u00e9l\u00e9gance et un charme incomparables. Id\u00e9ales pour les personnes soucieuses de leur style\u00a0: leur finition noire sophistiqu\u00e9e, rehauss\u00e9e de d\u00e9tails scintillants, affirme un look unique. Parfaites en toute occasion, ces sneakers promettent un confort exceptionnel et un glamour incomparable. Adoptez ces sneakers styl\u00e9es et brillez o\u00f9 que vous alliez\u00a0!<\/p>\n<p>Coloris\u00a0: Noir\/Lait de coco\/Noir<\/p>\n<p>Code article\u00a0: IB3859-001<\/p>\n<p>Tige\u00a0: Cuir nubuck<\/p>\n<p>Semelle interm\u00e9diaire\u00a0: Zoom Air<\/p>\n<p>Couleur\u00a0: Noir<br \/>\nSaison\u00a0: Hiver<\/p>\n<p>Ann\u00e9e de sortie\u00a0: 2025<\/p>\n","protected":false},"excerpt":{"rendered":"<p>Nike Ja 2 Black Label Pack Scratch Bling \u201d\u201d Black\/Coconut Milk\/Black<\/p>\n","protected":false},"featured_media":173370,"comment_status":"open","ping_status":"closed","template":"","meta":[],"product_brand":[],"product_cat":[10803],"product_tag":[10800,11129,10801,10802],"class_list":{"0":"post-173369","1":"product","2":"type-product","3":"status-publish","4":"has-post-thumbnail","6":"product_cat-nike","7":"product_tag-basketball-shoes","8":"product_tag-lightweight-basketball-shoes","9":"product_tag-nike","10":"product_tag-performance-sport-shoes","11":"wcpa_has_options","13":"first","14":"instock","15":"taxable","16":"shipping-taxable","17":"purchasable","18":"product-type-simple"},"wcpa_form_fields":{"rules":{"pric_overide_base_price":false,"pric_overide_base_price_if_gt_zero":false,"pric_overide_base_price_fully":false,"pric_cal_option_once":false,"pric_use_as_fee":false,"bind_quantity":false,"quantity_bind_formula":false},"fields":[{"type":"color-group","required":true,"elementId":"wcpa-color-group-66c4a75505e74","label":"Taille","inline":true,"priceOptions":"different_for_all","pricingType":"fixed","className":"hassizechart product-shoes-size-eu product-shoes-size","name":"color-group-66c4a75505e89","disp_type":"square","selection_type":"tick-border","disp_size":"44","show_label_inside":true,"adjust_width":true,"cart_display_type":"text","other_text":"Other","cl_rule":"show","col":6,"values":[{"label":"35.5","value":"EU 35.5","price":"","pimage":"","pimage_id":"","pthumb":"","color":""},{"label":"36","value":"EU 36","price":"","pimage":"","pimage_id":"","pthumb":"","color":"","selected":true},{"label":"36.5","value":"EU 36.5","price":"","pimage":"","pimage_id":"","pthumb":"","color":""},{"label":"37.5","value":"EU 37.5","price":"","pimage":"","pimage_id":"","pthumb":"","color":""},{"label":"38","value":"EU 38","price":"","pimage":"","pimage_id":"","pthumb":"","color":""},{"label":"38.5","value":"EU 38.5","price":"","pimage":"","pimage_id":"","pthumb":"","color":""},{"label":"39","value":"EU 39","price":"","pimage":"","pimage_id":"","pthumb":"","color":""},{"label":"40","value":"EU 40","price":"","pimage":"","pimage_id":"","pthumb":"","color":""},{"label":"40.5","value":"EU 40.5","price":"","pimage":"","pimage_id":"","pthumb":"","color":""},{"label":"41","value":"EU 41","price":"","pimage":"","pimage_id":"","pthumb":"","color":""},{"label":"42","value":"EU 42","price":"","pimage":"","pimage_id":"","pthumb":"","color":""},{"label":"42.5","value":"EU 42.5","price":"","pimage":"","pimage_id":"","pthumb":"","color":""},{"label":"43","value":"EU 43","price":"","pimage":"","pimage_id":"","pthumb":"","color":""},{"label":"44","value":"EU 44","price":"","pimage":"","pimage_id":"","pthumb":"","color":""},{"label":"44.5","value":"EU 44.5","price":"","pimage":"","pimage_id":"","pthumb":"","color":""},{"label":"45","value":"EU 45","price":"","pimage":"","pimage_id":"","pthumb":"","color":""},{"label":"45.5","value":"EU 45.5","price":"","pimage":"","pimage_id":"","pthumb":"","color":""},{"label":"46","value":"EU 46","price":"","pimage":"","pimage_id":"","pthumb":"","color":""},{"label":"47","value":"EU 47","price":"","pimage":"","pimage_id":"","pthumb":"","color":""},{"label":"47.5","value":"EU 47.5","price":"","pimage":"","pimage_id":"","pthumb":"","color":""},{"label":"48","value":"EU 48","price":"","pimage":"","pimage_id":"","pthumb":"","color":""}],"relations":[{"operator":false,"rules":[]}],"form_id":18106,"form_rules":{"pric_cal_option_once":false,"exclude_from_discount":false,"pric_use_as_fee":false,"fee_label":"Fee","render_after_acb":false,"disp_hide_options_price":false}}]},"yoast_head":"<!-- This site is optimized with the Yoast SEO plugin v26.5 - https:\/\/yoast.com\/wordpress\/plugins\/seo\/ -->\n<title>Swaroski x Nike Ja 2 &#039;Black Label Pack - Scratch Bling&#039; - TOURCRUISER PTE. LTD<\/title>\n<meta name=\"robots\" content=\"index, follow, max-snippet:-1, max-image-preview:large, max-video-preview:-1\" \/>\n<link rel=\"canonical\" href=\"https:\/\/tourcruiser.com\/fr\/products\/swaroski-x-nike-ja-2-black-label-packscratch-bling\/\" \/>\n<meta property=\"og:locale\" content=\"fr_FR\" \/>\n<meta property=\"og:type\" content=\"article\" \/>\n<meta property=\"og:title\" content=\"Swaroski x Nike Ja 2 &#039;Black Label Pack - Scratch Bling&#039; - TOURCRUISER PTE. LTD\" \/>\n<meta property=\"og:description\" content=\"Nike Ja 2 Black Label Pack Scratch Bling \u201d\u201d Black\/Coconut Milk\/Black\" \/>\n<meta property=\"og:url\" content=\"https:\/\/tourcruiser.com\/fr\/products\/swaroski-x-nike-ja-2-black-label-packscratch-bling\/\" \/>\n<meta property=\"og:site_name\" content=\"Tourcruiser Sneaker Store\" \/>\n<meta property=\"article:modified_time\" content=\"2026-03-14T12:39:26+00:00\" \/>\n<meta name=\"twitter:card\" content=\"summary_large_image\" \/>\n<meta name=\"twitter:image\" content=\"https:\/\/images.novelship.com\/product\/swaroski_x_nike_ja_2__black_label_pack_-_scratch_b_0_43053.jpeg\" \/>\n<meta name=\"twitter:label1\" content=\"Dur\u00e9e de lecture estim\u00e9e\" \/>\n\t<meta name=\"twitter:data1\" content=\"1 minute\" \/>\n<script type=\"application\/ld+json\" class=\"yoast-schema-graph\">{\"@context\":\"https:\/\/schema.org\",\"@graph\":[{\"@type\":\"WebPage\",\"@id\":\"https:\/\/tourcruiser.com\/fr\/products\/swaroski-x-nike-ja-2-black-label-packscratch-bling\/\",\"url\":\"https:\/\/tourcruiser.com\/fr\/products\/swaroski-x-nike-ja-2-black-label-packscratch-bling\/\",\"name\":\"Swaroski x Nike Ja 2 'Black Label Pack - Scratch Bling' - TOURCRUISER PTE. LTD\",\"isPartOf\":{\"@id\":\"https:\/\/tourcruiser.com\/fr\/#website\"},\"primaryImageOfPage\":{\"@id\":\"https:\/\/tourcruiser.com\/fr\/products\/swaroski-x-nike-ja-2-black-label-packscratch-bling\/#primaryimage\"},\"image\":{\"@id\":\"https:\/\/tourcruiser.com\/fr\/products\/swaroski-x-nike-ja-2-black-label-packscratch-bling\/#primaryimage\"},\"thumbnailUrl\":\"https:\/\/images.novelship.com\/product\/swaroski_x_nike_ja_2__black_label_pack_-_scratch_b_0_43053.jpeg\",\"datePublished\":\"2026-03-02T09:25:34+00:00\",\"dateModified\":\"2026-03-14T12:39:26+00:00\",\"breadcrumb\":{\"@id\":\"https:\/\/tourcruiser.com\/fr\/products\/swaroski-x-nike-ja-2-black-label-packscratch-bling\/#breadcrumb\"},\"inLanguage\":\"fr-FR\",\"potentialAction\":[{\"@type\":\"ReadAction\",\"target\":[\"https:\/\/tourcruiser.com\/fr\/products\/swaroski-x-nike-ja-2-black-label-packscratch-bling\/\"]}]},{\"@type\":\"ImageObject\",\"inLanguage\":\"fr-FR\",\"@id\":\"https:\/\/tourcruiser.com\/fr\/products\/swaroski-x-nike-ja-2-black-label-packscratch-bling\/#primaryimage\",\"url\":\"https:\/\/images.novelship.com\/product\/swaroski_x_nike_ja_2__black_label_pack_-_scratch_b_0_43053.jpeg\",\"contentUrl\":\"https:\/\/images.novelship.com\/product\/swaroski_x_nike_ja_2__black_label_pack_-_scratch_b_0_43053.jpeg\"},{\"@type\":\"BreadcrumbList\",\"@id\":\"https:\/\/tourcruiser.com\/fr\/products\/swaroski-x-nike-ja-2-black-label-packscratch-bling\/#breadcrumb\",\"itemListElement\":[{\"@type\":\"ListItem\",\"position\":1,\"name\":\"Home\",\"item\":\"https:\/\/tourcruiser.com\/fr\/\"},{\"@type\":\"ListItem\",\"position\":2,\"name\":\"Shop\",\"item\":\"https:\/\/tourcruiser.com\/fr\/shop\/\"},{\"@type\":\"ListItem\",\"position\":3,\"name\":\"Swaroski x Nike Ja 2 'Black Label Pack - Scratch Bling'\"}]},{\"@type\":\"WebSite\",\"@id\":\"https:\/\/tourcruiser.com\/fr\/#website\",\"url\":\"https:\/\/tourcruiser.com\/fr\/\",\"name\":\"Styloral Jewelry Shop\",\"description\":\"Tourcruiser Sneaker Store \u2014 L\u2019endroit o\u00f9 l\u2019univers rencontre votre singularit\u00e9.\",\"publisher\":{\"@id\":\"https:\/\/tourcruiser.com\/fr\/#organization\"},\"potentialAction\":[{\"@type\":\"SearchAction\",\"target\":{\"@type\":\"EntryPoint\",\"urlTemplate\":\"https:\/\/tourcruiser.com\/fr\/?s={search_term_string}\"},\"query-input\":{\"@type\":\"PropertyValueSpecification\",\"valueRequired\":true,\"valueName\":\"search_term_string\"}}],\"inLanguage\":\"fr-FR\"},{\"@type\":\"Organization\",\"@id\":\"https:\/\/tourcruiser.com\/fr\/#organization\",\"name\":\"STYLORAL PTE. LTD\",\"url\":\"https:\/\/tourcruiser.com\/fr\/\",\"logo\":{\"@type\":\"ImageObject\",\"inLanguage\":\"fr-FR\",\"@id\":\"https:\/\/tourcruiser.com\/fr\/#\/schema\/logo\/image\/\",\"url\":\"https:\/\/www.tourcruiser.com\/wp-content\/uploads\/2025\/12\/logo.png\",\"contentUrl\":\"https:\/\/www.tourcruiser.com\/wp-content\/uploads\/2025\/12\/logo.png\",\"width\":200,\"height\":65,\"caption\":\"STYLORAL PTE. LTD\"},\"image\":{\"@id\":\"https:\/\/tourcruiser.com\/fr\/#\/schema\/logo\/image\/\"}}]}<\/script>\n<!-- \/ Yoast SEO plugin. -->","yoast_head_json":{"title":"Swaroski x Nike Ja 2 'Black Label Pack - Scratch Bling' - TOURCRUISER PTE. LTD","robots":{"index":"index","follow":"follow","max-snippet":"max-snippet:-1","max-image-preview":"max-image-preview:large","max-video-preview":"max-video-preview:-1"},"canonical":"https:\/\/tourcruiser.com\/fr\/products\/swaroski-x-nike-ja-2-black-label-packscratch-bling\/","og_locale":"fr_FR","og_type":"article","og_title":"Swaroski x Nike Ja 2 'Black Label Pack - Scratch Bling' - TOURCRUISER PTE. LTD","og_description":"Nike Ja 2 Black Label Pack Scratch Bling \u201d\u201d Black\/Coconut Milk\/Black","og_url":"https:\/\/tourcruiser.com\/fr\/products\/swaroski-x-nike-ja-2-black-label-packscratch-bling\/","og_site_name":"Tourcruiser Sneaker Store","article_modified_time":"2026-03-14T12:39:26+00:00","twitter_card":"summary_large_image","twitter_image":"https:\/\/images.novelship.com\/product\/swaroski_x_nike_ja_2__black_label_pack_-_scratch_b_0_43053.jpeg","twitter_misc":{"Dur\u00e9e de lecture estim\u00e9e":"1 minute"},"schema":{"@context":"https:\/\/schema.org","@graph":[{"@type":"WebPage","@id":"https:\/\/tourcruiser.com\/fr\/products\/swaroski-x-nike-ja-2-black-label-packscratch-bling\/","url":"https:\/\/tourcruiser.com\/fr\/products\/swaroski-x-nike-ja-2-black-label-packscratch-bling\/","name":"Swaroski x Nike Ja 2 'Black Label Pack - Scratch Bling' - TOURCRUISER PTE. LTD","isPartOf":{"@id":"https:\/\/tourcruiser.com\/fr\/#website"},"primaryImageOfPage":{"@id":"https:\/\/tourcruiser.com\/fr\/products\/swaroski-x-nike-ja-2-black-label-packscratch-bling\/#primaryimage"},"image":{"@id":"https:\/\/tourcruiser.com\/fr\/products\/swaroski-x-nike-ja-2-black-label-packscratch-bling\/#primaryimage"},"thumbnailUrl":"https:\/\/images.novelship.com\/product\/swaroski_x_nike_ja_2__black_label_pack_-_scratch_b_0_43053.jpeg","datePublished":"2026-03-02T09:25:34+00:00","dateModified":"2026-03-14T12:39:26+00:00","breadcrumb":{"@id":"https:\/\/tourcruiser.com\/fr\/products\/swaroski-x-nike-ja-2-black-label-packscratch-bling\/#breadcrumb"},"inLanguage":"fr-FR","potentialAction":[{"@type":"ReadAction","target":["https:\/\/tourcruiser.com\/fr\/products\/swaroski-x-nike-ja-2-black-label-packscratch-bling\/"]}]},{"@type":"ImageObject","inLanguage":"fr-FR","@id":"https:\/\/tourcruiser.com\/fr\/products\/swaroski-x-nike-ja-2-black-label-packscratch-bling\/#primaryimage","url":"https:\/\/images.novelship.com\/product\/swaroski_x_nike_ja_2__black_label_pack_-_scratch_b_0_43053.jpeg","contentUrl":"https:\/\/images.novelship.com\/product\/swaroski_x_nike_ja_2__black_label_pack_-_scratch_b_0_43053.jpeg"},{"@type":"BreadcrumbList","@id":"https:\/\/tourcruiser.com\/fr\/products\/swaroski-x-nike-ja-2-black-label-packscratch-bling\/#breadcrumb","itemListElement":[{"@type":"ListItem","position":1,"name":"Home","item":"https:\/\/tourcruiser.com\/fr\/"},{"@type":"ListItem","position":2,"name":"Shop","item":"https:\/\/tourcruiser.com\/fr\/shop\/"},{"@type":"ListItem","position":3,"name":"Swaroski x Nike Ja 2 'Black Label Pack - Scratch Bling'"}]},{"@type":"WebSite","@id":"https:\/\/tourcruiser.com\/fr\/#website","url":"https:\/\/tourcruiser.com\/fr\/","name":"Styloral Jewelry Shop","description":"Tourcruiser Sneaker Store \u2014 L\u2019endroit o\u00f9 l\u2019univers rencontre votre singularit\u00e9.","publisher":{"@id":"https:\/\/tourcruiser.com\/fr\/#organization"},"potentialAction":[{"@type":"SearchAction","target":{"@type":"EntryPoint","urlTemplate":"https:\/\/tourcruiser.com\/fr\/?s={search_term_string}"},"query-input":{"@type":"PropertyValueSpecification","valueRequired":true,"valueName":"search_term_string"}}],"inLanguage":"fr-FR"},{"@type":"Organization","@id":"https:\/\/tourcruiser.com\/fr\/#organization","name":"STYLORAL PTE. LTD","url":"https:\/\/tourcruiser.com\/fr\/","logo":{"@type":"ImageObject","inLanguage":"fr-FR","@id":"https:\/\/tourcruiser.com\/fr\/#\/schema\/logo\/image\/","url":"https:\/\/www.tourcruiser.com\/wp-content\/uploads\/2025\/12\/logo.png","contentUrl":"https:\/\/www.tourcruiser.com\/wp-content\/uploads\/2025\/12\/logo.png","width":200,"height":65,"caption":"STYLORAL PTE. LTD"},"image":{"@id":"https:\/\/tourcruiser.com\/fr\/#\/schema\/logo\/image\/"}}]}},"_links":{"self":[{"href":"https:\/\/tourcruiser.com\/fr\/wp-json\/wp\/v2\/product\/173369","targetHints":{"allow":["GET"]}}],"collection":[{"href":"https:\/\/tourcruiser.com\/fr\/wp-json\/wp\/v2\/product"}],"about":[{"href":"https:\/\/tourcruiser.com\/fr\/wp-json\/wp\/v2\/types\/product"}],"replies":[{"embeddable":true,"href":"https:\/\/tourcruiser.com\/fr\/wp-json\/wp\/v2\/comments?post=173369"}],"wp:featuredmedia":[{"embeddable":true,"href":"https:\/\/tourcruiser.com\/fr\/wp-json\/wp\/v2\/media\/173370"}],"wp:attachment":[{"href":"https:\/\/tourcruiser.com\/fr\/wp-json\/wp\/v2\/media?parent=173369"}],"wp:term":[{"taxonomy":"product_brand","embeddable":true,"href":"https:\/\/tourcruiser.com\/fr\/wp-json\/wp\/v2\/product_brand?post=173369"},{"taxonomy":"product_cat","embeddable":true,"href":"https:\/\/tourcruiser.com\/fr\/wp-json\/wp\/v2\/product_cat?post=173369"},{"taxonomy":"product_tag","embeddable":true,"href":"https:\/\/tourcruiser.com\/fr\/wp-json\/wp\/v2\/product_tag?post=173369"}],"curies":[{"name":"wp","href":"https:\/\/api.w.org\/{rel}","templated":true}]}}