{"id":173193,"date":"2026-03-02T16:25:19","date_gmt":"2026-03-02T09:25:19","guid":{"rendered":"http:\/\/tourcruiser.com\/product\/swarovski-x-adidas-predator-edge-fg-focus-olive-crystal"},"modified":"2026-03-14T19:39:16","modified_gmt":"2026-03-14T12:39:16","slug":"swarovski-x-adidas-predator-edge-fg-focus-olive-crystal","status":"publish","type":"product","link":"https:\/\/tourcruiser.com\/fr\/products\/swarovski-x-adidas-predator-edge-fg-focus-olive-crystal\/","title":{"rendered":"Swarovski x adidas Predator Edge+ FG &lsquo;Focus Olive Crystal&rsquo;"},"content":{"rendered":"<p>D\u00e9couvrez les sneakers exclusives Swarovski x adidas Predator Edge+ FG Focus Olive Crystal. Con\u00e7ues par adidas, ces sneakers en \u00e9dition limit\u00e9e allient un design exceptionnel \u00e0 des performances in\u00e9gal\u00e9es. Ax\u00e9es sur la pr\u00e9cision et l&rsquo;agilit\u00e9, ces chaussures de football sont orn\u00e9es de cristaux Swarovski \u00e9tincelants, pour un style qui ne passera pas inaper\u00e7u sur et en dehors du terrain. Ces sneakers uniques et captivantes ne manqueront pas d&rsquo;attirer les regards.<\/p>\n<p>Coloris\u00a0: Focus Olive\/Argent M\u00e9tallis\u00e9\/Vert Citron Vert<\/p>\n<p>Code article\u00a0: GX3913<\/p>\n<p>Mati\u00e8re ext\u00e9rieure\u00a0: Primeknit<\/p>\n<p>Couleur\u00a0: Vert<\/p>\n<p>Saison\u00a0: Printemps<\/p>\n<p>Ann\u00e9e de sortie\u00a0: 2022<\/p>\n<p>Couleur\u00a0: Vert<\/p>\n","protected":false},"excerpt":{"rendered":"<p>adidas Predator Edge+ \u201d\u201d Focus Olive\/Silver Metallic\/Magic Lime<\/p>\n","protected":false},"featured_media":173194,"comment_status":"open","ping_status":"closed","template":"","meta":[],"product_brand":[],"product_cat":[10760],"product_tag":[10759,10749,13117,11087,10753,10802,10986,10987,10785,10758],"class_list":{"0":"post-173193","1":"product","2":"type-product","3":"status-publish","4":"has-post-thumbnail","6":"product_cat-adidas","7":"product_tag-adidas","8":"product_tag-adidas-skateboarding-shoes","9":"product_tag-adidas-soccer-shoes","10":"product_tag-firm-ground-fg-football-boots","11":"product_tag-gift-for-him","12":"product_tag-performance-sport-shoes","13":"product_tag-soccer-shoes","14":"product_tag-soccer-shoes-football-cleats","15":"product_tag-trending-deals","16":"product_tag-under-retail","17":"wcpa_has_options","19":"first","20":"instock","21":"sale","22":"taxable","23":"shipping-taxable","24":"purchasable","25":"product-type-simple"},"wcpa_form_fields":{"rules":{"pric_overide_base_price":false,"pric_overide_base_price_if_gt_zero":false,"pric_overide_base_price_fully":false,"pric_cal_option_once":false,"pric_use_as_fee":false,"bind_quantity":false,"quantity_bind_formula":false},"fields":[{"type":"color-group","required":true,"elementId":"wcpa-color-group-66c4a7f817afe","label":"Taille","inline":true,"priceOptions":"different_for_all","pricingType":"fixed","className":"hassizechart product-shoes-size-eu product-shoes-size","name":"color-group-66c4a7f817b18","disp_type":"square","selection_type":"tick-border","disp_size":"50","show_label_inside":true,"adjust_width":true,"cart_display_type":"text","other_text":"Other","cl_rule":"show","col":6,"values":[{"label":"35","value":"EU 35","price":"","pimage":"","pimage_id":"","pthumb":"","color":""},{"label":"35.5","value":"EU 35.5","price":"","pimage":"","pimage_id":"","pthumb":"","color":""},{"label":"36","value":"EU 36","price":"","pimage":"","pimage_id":"","pthumb":"","color":"","selected":true},{"label":"36 2\/3","value":"EU 36 2\/3","price":"","pimage":"","pimage_id":"","pthumb":"","color":""},{"label":"37 1\/3","value":"EU 37 1\/3","price":"","pimage":"","pimage_id":"","pthumb":"","color":""},{"label":"38","value":"EU 38","price":"","pimage":"","pimage_id":"","pthumb":"","color":""},{"label":"38 2\/3","value":"EU 38 2\/3","price":"","pimage":"","pimage_id":"","pthumb":"","color":""},{"label":"39 1\/3","value":"EU 39 1\/3","price":"","pimage":"","pimage_id":"","pthumb":"","color":""},{"label":"40","value":"EU 40","price":"","pimage":"","pimage_id":"","pthumb":"","color":""},{"label":"40 2\/3","value":"EU 40 2\/3","price":"","pimage":"","pimage_id":"","pthumb":"","color":""},{"label":"41 1\/3","value":"EU 41 1\/3","price":"","pimage":"","pimage_id":"","pthumb":"","color":""},{"label":"42","value":"EU 42","price":"","pimage":"","pimage_id":"","pthumb":"","color":""},{"label":"42 2\/3","value":"EU 42 2\/3","price":"","pimage":"","pimage_id":"","pthumb":"","color":""},{"label":"43 1\/3","value":"EU 43 1\/3","price":"","pimage":"","pimage_id":"","pthumb":"","color":""},{"label":"44","value":"EU 44","price":"","pimage":"","pimage_id":"","pthumb":"","color":""},{"label":"44 2\/3","value":"EU 44 2\/3","price":"","pimage":"","pimage_id":"","pthumb":"","color":""},{"label":"45 1\/3","value":"EU 45 1\/3","price":"","pimage":"","pimage_id":"","pthumb":"","color":""},{"label":"46","value":"EU 46","price":"","pimage":"","pimage_id":"","pthumb":"","color":""},{"label":"46 2\/3","value":"EU 46 2\/3","price":"","pimage":"","pimage_id":"","pthumb":"","color":""},{"label":"47 1\/3","value":"EU 47 1\/3","price":"","pimage":"","pimage_id":"","pthumb":"","color":""}],"relations":[{"operator":false,"rules":[]}],"form_id":24802,"form_rules":{"pric_cal_option_once":false,"exclude_from_discount":false,"pric_use_as_fee":false,"fee_label":"Fee","render_after_acb":false,"disp_hide_options_price":false}}]},"yoast_head":"<!-- This site is optimized with the Yoast SEO plugin v26.5 - https:\/\/yoast.com\/wordpress\/plugins\/seo\/ -->\n<title>Swarovski x adidas Predator Edge+ FG &#039;Focus Olive Crystal&#039; - TOURCRUISER PTE. LTD<\/title>\n<meta name=\"robots\" content=\"index, follow, max-snippet:-1, max-image-preview:large, max-video-preview:-1\" \/>\n<link rel=\"canonical\" href=\"https:\/\/tourcruiser.com\/fr\/products\/swarovski-x-adidas-predator-edge-fg-focus-olive-crystal\/\" \/>\n<meta property=\"og:locale\" content=\"fr_FR\" \/>\n<meta property=\"og:type\" content=\"article\" \/>\n<meta property=\"og:title\" content=\"Swarovski x adidas Predator Edge+ FG &#039;Focus Olive Crystal&#039; - TOURCRUISER PTE. LTD\" \/>\n<meta property=\"og:description\" content=\"adidas Predator Edge+ \u201d\u201d Focus Olive\/Silver Metallic\/Magic Lime\" \/>\n<meta property=\"og:url\" content=\"https:\/\/tourcruiser.com\/fr\/products\/swarovski-x-adidas-predator-edge-fg-focus-olive-crystal\/\" \/>\n<meta property=\"og:site_name\" content=\"Tourcruiser Sneaker Store\" \/>\n<meta property=\"article:modified_time\" content=\"2026-03-14T12:39:16+00:00\" \/>\n<meta name=\"twitter:card\" content=\"summary_large_image\" \/>\n<meta name=\"twitter:image\" content=\"https:\/\/images.novelship.com\/product\/swarovski_x_adidas_predator_edge__fg__focus_olive__0_96237.jpeg\" \/>\n<meta name=\"twitter:label1\" content=\"Dur\u00e9e de lecture estim\u00e9e\" \/>\n\t<meta name=\"twitter:data1\" content=\"1 minute\" \/>\n<script type=\"application\/ld+json\" class=\"yoast-schema-graph\">{\"@context\":\"https:\/\/schema.org\",\"@graph\":[{\"@type\":\"WebPage\",\"@id\":\"https:\/\/tourcruiser.com\/fr\/products\/swarovski-x-adidas-predator-edge-fg-focus-olive-crystal\/\",\"url\":\"https:\/\/tourcruiser.com\/fr\/products\/swarovski-x-adidas-predator-edge-fg-focus-olive-crystal\/\",\"name\":\"Swarovski x adidas Predator Edge+ FG 'Focus Olive Crystal' - TOURCRUISER PTE. LTD\",\"isPartOf\":{\"@id\":\"https:\/\/tourcruiser.com\/fr\/#website\"},\"primaryImageOfPage\":{\"@id\":\"https:\/\/tourcruiser.com\/fr\/products\/swarovski-x-adidas-predator-edge-fg-focus-olive-crystal\/#primaryimage\"},\"image\":{\"@id\":\"https:\/\/tourcruiser.com\/fr\/products\/swarovski-x-adidas-predator-edge-fg-focus-olive-crystal\/#primaryimage\"},\"thumbnailUrl\":\"https:\/\/images.novelship.com\/product\/swarovski_x_adidas_predator_edge__fg__focus_olive__0_96237.jpeg\",\"datePublished\":\"2026-03-02T09:25:19+00:00\",\"dateModified\":\"2026-03-14T12:39:16+00:00\",\"breadcrumb\":{\"@id\":\"https:\/\/tourcruiser.com\/fr\/products\/swarovski-x-adidas-predator-edge-fg-focus-olive-crystal\/#breadcrumb\"},\"inLanguage\":\"fr-FR\",\"potentialAction\":[{\"@type\":\"ReadAction\",\"target\":[\"https:\/\/tourcruiser.com\/fr\/products\/swarovski-x-adidas-predator-edge-fg-focus-olive-crystal\/\"]}]},{\"@type\":\"ImageObject\",\"inLanguage\":\"fr-FR\",\"@id\":\"https:\/\/tourcruiser.com\/fr\/products\/swarovski-x-adidas-predator-edge-fg-focus-olive-crystal\/#primaryimage\",\"url\":\"https:\/\/images.novelship.com\/product\/swarovski_x_adidas_predator_edge__fg__focus_olive__0_96237.jpeg\",\"contentUrl\":\"https:\/\/images.novelship.com\/product\/swarovski_x_adidas_predator_edge__fg__focus_olive__0_96237.jpeg\"},{\"@type\":\"BreadcrumbList\",\"@id\":\"https:\/\/tourcruiser.com\/fr\/products\/swarovski-x-adidas-predator-edge-fg-focus-olive-crystal\/#breadcrumb\",\"itemListElement\":[{\"@type\":\"ListItem\",\"position\":1,\"name\":\"Home\",\"item\":\"https:\/\/tourcruiser.com\/fr\/\"},{\"@type\":\"ListItem\",\"position\":2,\"name\":\"Shop\",\"item\":\"https:\/\/tourcruiser.com\/fr\/shop\/\"},{\"@type\":\"ListItem\",\"position\":3,\"name\":\"Swarovski x adidas Predator Edge+ FG 'Focus Olive Crystal'\"}]},{\"@type\":\"WebSite\",\"@id\":\"https:\/\/tourcruiser.com\/fr\/#website\",\"url\":\"https:\/\/tourcruiser.com\/fr\/\",\"name\":\"Styloral Jewelry Shop\",\"description\":\"Tourcruiser Sneaker Store \u2014 L\u2019endroit o\u00f9 l\u2019univers rencontre votre singularit\u00e9.\",\"publisher\":{\"@id\":\"https:\/\/tourcruiser.com\/fr\/#organization\"},\"potentialAction\":[{\"@type\":\"SearchAction\",\"target\":{\"@type\":\"EntryPoint\",\"urlTemplate\":\"https:\/\/tourcruiser.com\/fr\/?s={search_term_string}\"},\"query-input\":{\"@type\":\"PropertyValueSpecification\",\"valueRequired\":true,\"valueName\":\"search_term_string\"}}],\"inLanguage\":\"fr-FR\"},{\"@type\":\"Organization\",\"@id\":\"https:\/\/tourcruiser.com\/fr\/#organization\",\"name\":\"STYLORAL PTE. LTD\",\"url\":\"https:\/\/tourcruiser.com\/fr\/\",\"logo\":{\"@type\":\"ImageObject\",\"inLanguage\":\"fr-FR\",\"@id\":\"https:\/\/tourcruiser.com\/fr\/#\/schema\/logo\/image\/\",\"url\":\"https:\/\/www.tourcruiser.com\/wp-content\/uploads\/2025\/12\/logo.png\",\"contentUrl\":\"https:\/\/www.tourcruiser.com\/wp-content\/uploads\/2025\/12\/logo.png\",\"width\":200,\"height\":65,\"caption\":\"STYLORAL PTE. LTD\"},\"image\":{\"@id\":\"https:\/\/tourcruiser.com\/fr\/#\/schema\/logo\/image\/\"}}]}<\/script>\n<!-- \/ Yoast SEO plugin. -->","yoast_head_json":{"title":"Swarovski x adidas Predator Edge+ FG 'Focus Olive Crystal' - TOURCRUISER PTE. LTD","robots":{"index":"index","follow":"follow","max-snippet":"max-snippet:-1","max-image-preview":"max-image-preview:large","max-video-preview":"max-video-preview:-1"},"canonical":"https:\/\/tourcruiser.com\/fr\/products\/swarovski-x-adidas-predator-edge-fg-focus-olive-crystal\/","og_locale":"fr_FR","og_type":"article","og_title":"Swarovski x adidas Predator Edge+ FG 'Focus Olive Crystal' - TOURCRUISER PTE. LTD","og_description":"adidas Predator Edge+ \u201d\u201d Focus Olive\/Silver Metallic\/Magic Lime","og_url":"https:\/\/tourcruiser.com\/fr\/products\/swarovski-x-adidas-predator-edge-fg-focus-olive-crystal\/","og_site_name":"Tourcruiser Sneaker Store","article_modified_time":"2026-03-14T12:39:16+00:00","twitter_card":"summary_large_image","twitter_image":"https:\/\/images.novelship.com\/product\/swarovski_x_adidas_predator_edge__fg__focus_olive__0_96237.jpeg","twitter_misc":{"Dur\u00e9e de lecture estim\u00e9e":"1 minute"},"schema":{"@context":"https:\/\/schema.org","@graph":[{"@type":"WebPage","@id":"https:\/\/tourcruiser.com\/fr\/products\/swarovski-x-adidas-predator-edge-fg-focus-olive-crystal\/","url":"https:\/\/tourcruiser.com\/fr\/products\/swarovski-x-adidas-predator-edge-fg-focus-olive-crystal\/","name":"Swarovski x adidas Predator Edge+ FG 'Focus Olive Crystal' - TOURCRUISER PTE. LTD","isPartOf":{"@id":"https:\/\/tourcruiser.com\/fr\/#website"},"primaryImageOfPage":{"@id":"https:\/\/tourcruiser.com\/fr\/products\/swarovski-x-adidas-predator-edge-fg-focus-olive-crystal\/#primaryimage"},"image":{"@id":"https:\/\/tourcruiser.com\/fr\/products\/swarovski-x-adidas-predator-edge-fg-focus-olive-crystal\/#primaryimage"},"thumbnailUrl":"https:\/\/images.novelship.com\/product\/swarovski_x_adidas_predator_edge__fg__focus_olive__0_96237.jpeg","datePublished":"2026-03-02T09:25:19+00:00","dateModified":"2026-03-14T12:39:16+00:00","breadcrumb":{"@id":"https:\/\/tourcruiser.com\/fr\/products\/swarovski-x-adidas-predator-edge-fg-focus-olive-crystal\/#breadcrumb"},"inLanguage":"fr-FR","potentialAction":[{"@type":"ReadAction","target":["https:\/\/tourcruiser.com\/fr\/products\/swarovski-x-adidas-predator-edge-fg-focus-olive-crystal\/"]}]},{"@type":"ImageObject","inLanguage":"fr-FR","@id":"https:\/\/tourcruiser.com\/fr\/products\/swarovski-x-adidas-predator-edge-fg-focus-olive-crystal\/#primaryimage","url":"https:\/\/images.novelship.com\/product\/swarovski_x_adidas_predator_edge__fg__focus_olive__0_96237.jpeg","contentUrl":"https:\/\/images.novelship.com\/product\/swarovski_x_adidas_predator_edge__fg__focus_olive__0_96237.jpeg"},{"@type":"BreadcrumbList","@id":"https:\/\/tourcruiser.com\/fr\/products\/swarovski-x-adidas-predator-edge-fg-focus-olive-crystal\/#breadcrumb","itemListElement":[{"@type":"ListItem","position":1,"name":"Home","item":"https:\/\/tourcruiser.com\/fr\/"},{"@type":"ListItem","position":2,"name":"Shop","item":"https:\/\/tourcruiser.com\/fr\/shop\/"},{"@type":"ListItem","position":3,"name":"Swarovski x adidas Predator Edge+ FG 'Focus Olive Crystal'"}]},{"@type":"WebSite","@id":"https:\/\/tourcruiser.com\/fr\/#website","url":"https:\/\/tourcruiser.com\/fr\/","name":"Styloral Jewelry Shop","description":"Tourcruiser Sneaker Store \u2014 L\u2019endroit o\u00f9 l\u2019univers rencontre votre singularit\u00e9.","publisher":{"@id":"https:\/\/tourcruiser.com\/fr\/#organization"},"potentialAction":[{"@type":"SearchAction","target":{"@type":"EntryPoint","urlTemplate":"https:\/\/tourcruiser.com\/fr\/?s={search_term_string}"},"query-input":{"@type":"PropertyValueSpecification","valueRequired":true,"valueName":"search_term_string"}}],"inLanguage":"fr-FR"},{"@type":"Organization","@id":"https:\/\/tourcruiser.com\/fr\/#organization","name":"STYLORAL PTE. LTD","url":"https:\/\/tourcruiser.com\/fr\/","logo":{"@type":"ImageObject","inLanguage":"fr-FR","@id":"https:\/\/tourcruiser.com\/fr\/#\/schema\/logo\/image\/","url":"https:\/\/www.tourcruiser.com\/wp-content\/uploads\/2025\/12\/logo.png","contentUrl":"https:\/\/www.tourcruiser.com\/wp-content\/uploads\/2025\/12\/logo.png","width":200,"height":65,"caption":"STYLORAL PTE. LTD"},"image":{"@id":"https:\/\/tourcruiser.com\/fr\/#\/schema\/logo\/image\/"}}]}},"_links":{"self":[{"href":"https:\/\/tourcruiser.com\/fr\/wp-json\/wp\/v2\/product\/173193","targetHints":{"allow":["GET"]}}],"collection":[{"href":"https:\/\/tourcruiser.com\/fr\/wp-json\/wp\/v2\/product"}],"about":[{"href":"https:\/\/tourcruiser.com\/fr\/wp-json\/wp\/v2\/types\/product"}],"replies":[{"embeddable":true,"href":"https:\/\/tourcruiser.com\/fr\/wp-json\/wp\/v2\/comments?post=173193"}],"wp:featuredmedia":[{"embeddable":true,"href":"https:\/\/tourcruiser.com\/fr\/wp-json\/wp\/v2\/media\/173194"}],"wp:attachment":[{"href":"https:\/\/tourcruiser.com\/fr\/wp-json\/wp\/v2\/media?parent=173193"}],"wp:term":[{"taxonomy":"product_brand","embeddable":true,"href":"https:\/\/tourcruiser.com\/fr\/wp-json\/wp\/v2\/product_brand?post=173193"},{"taxonomy":"product_cat","embeddable":true,"href":"https:\/\/tourcruiser.com\/fr\/wp-json\/wp\/v2\/product_cat?post=173193"},{"taxonomy":"product_tag","embeddable":true,"href":"https:\/\/tourcruiser.com\/fr\/wp-json\/wp\/v2\/product_tag?post=173193"}],"curies":[{"name":"wp","href":"https:\/\/api.w.org\/{rel}","templated":true}]}}