{"id":173061,"date":"2026-03-02T16:25:07","date_gmt":"2026-03-02T09:25:07","guid":{"rendered":"http:\/\/tourcruiser.com\/product\/women-nike-cortez-se-denim-smoky-blueaegean-stormpale-ivoryolive-aura"},"modified":"2026-03-14T19:39:10","modified_gmt":"2026-03-14T12:39:10","slug":"women-nike-cortez-se-denim-smoky-blueaegean-stormpale-ivoryolive-aura","status":"publish","type":"product","link":"https:\/\/tourcruiser.com\/fr\/products\/women-nike-cortez-se-denim-smoky-blueaegean-stormpale-ivoryolive-aura\/","title":{"rendered":"(Women) Nike Cortez SE \u00ab\u00a0Denim\u00a0\u00bb Smoky Blue\/Aegean Storm\/Pale Ivory\/Olive Aura"},"content":{"rendered":"<p>D\u00e9couvrez un style intemporel et un confort optimal avec la Nike Cortez SE pour femme en coloris \u00ab\u00a0Denim\u00a0\u00bb Bleu fum\u00e9\/Orage \u00e9g\u00e9en. Cette sneaker allie un charme vintage \u00e0 des d\u00e9tails modernes et impressionne par sa pr\u00e9cision in\u00e9gal\u00e9e. Les coloris Ivoire p\u00e2le et Olive Aura cr\u00e9ent un look chic et polyvalent, parfait pour toutes les occasions. Enrichissez votre collection de chaussures avec ce mod\u00e8le iconique et le savoir-faire d&rsquo;exception visible dans chaque couture. Id\u00e9ale pour les femmes soucieuses de leur style qui appr\u00e9cient la qualit\u00e9 et une touche d&rsquo;\u00e9l\u00e9gance. <\/p>\n<ul>\n<li><strong>Coloris\u00a0:<\/strong> Bleu fum\u00e9\/Orage \u00e9g\u00e9en\/Ivoire p\u00e2le\/Olive Aura<\/li>\n<li><strong>R\u00e9f\u00e9rence\u00a0:<\/strong> IH6354-004<\/li>\n<li><strong>Mati\u00e8re ext\u00e9rieure\u00a0:<\/strong> Denim<\/li>\n<li><strong>Couleur\u00a0:<\/strong> Bleu<\/li>\n<li><strong>Cr\u00e9ateur\u00a0:<\/strong> Bill Bowerman<\/li>\n<\/ul>\n","protected":false},"excerpt":{"rendered":"<p>Nike Cortez SE \u201d\u201d Smoky Blue\/Aegean Storm\/Pale Ivory\/Olive Aura<\/p>\n","protected":false},"featured_media":173062,"comment_status":"open","ping_status":"closed","template":"","meta":[],"product_brand":[],"product_cat":[10809],"product_tag":[10750,10754,10765,10801,10768,10758],"class_list":{"0":"post-173061","1":"product","2":"type-product","3":"status-publish","4":"has-post-thumbnail","6":"product_cat-nike-women","7":"product_tag-athleisure-shoes","8":"product_tag-lifestyle-casual-shoes","9":"product_tag-lifestyle-shoes-running-inspired","10":"product_tag-nike","11":"product_tag-retro-running-shoes","12":"product_tag-under-retail","13":"wcpa_has_options","15":"first","16":"instock","17":"taxable","18":"shipping-taxable","19":"purchasable","20":"product-type-simple"},"wcpa_form_fields":{"rules":{"pric_overide_base_price":false,"pric_overide_base_price_if_gt_zero":false,"pric_overide_base_price_fully":false,"pric_cal_option_once":false,"pric_use_as_fee":false,"bind_quantity":false,"quantity_bind_formula":false},"fields":[{"type":"color-group","required":true,"elementId":"wcpa-color-group-66c4a75505e74","label":"Taille","inline":true,"priceOptions":"different_for_all","pricingType":"fixed","className":"hassizechart product-shoes-size-eu product-shoes-size","name":"color-group-66c4a75505e89","disp_type":"square","selection_type":"tick-border","disp_size":"44","show_label_inside":true,"adjust_width":true,"cart_display_type":"text","other_text":"Other","cl_rule":"show","col":6,"values":[{"label":"35.5","value":"EU 35.5","price":"","pimage":"","pimage_id":"","pthumb":"","color":""},{"label":"36","value":"EU 36","price":"","pimage":"","pimage_id":"","pthumb":"","color":"","selected":true},{"label":"36.5","value":"EU 36.5","price":"","pimage":"","pimage_id":"","pthumb":"","color":""},{"label":"37.5","value":"EU 37.5","price":"","pimage":"","pimage_id":"","pthumb":"","color":""},{"label":"38","value":"EU 38","price":"","pimage":"","pimage_id":"","pthumb":"","color":""},{"label":"38.5","value":"EU 38.5","price":"","pimage":"","pimage_id":"","pthumb":"","color":""},{"label":"39","value":"EU 39","price":"","pimage":"","pimage_id":"","pthumb":"","color":""},{"label":"40","value":"EU 40","price":"","pimage":"","pimage_id":"","pthumb":"","color":""},{"label":"40.5","value":"EU 40.5","price":"","pimage":"","pimage_id":"","pthumb":"","color":""},{"label":"41","value":"EU 41","price":"","pimage":"","pimage_id":"","pthumb":"","color":""},{"label":"42","value":"EU 42","price":"","pimage":"","pimage_id":"","pthumb":"","color":""},{"label":"42.5","value":"EU 42.5","price":"","pimage":"","pimage_id":"","pthumb":"","color":""},{"label":"43","value":"EU 43","price":"","pimage":"","pimage_id":"","pthumb":"","color":""},{"label":"44","value":"EU 44","price":"","pimage":"","pimage_id":"","pthumb":"","color":""},{"label":"44.5","value":"EU 44.5","price":"","pimage":"","pimage_id":"","pthumb":"","color":""},{"label":"45","value":"EU 45","price":"","pimage":"","pimage_id":"","pthumb":"","color":""},{"label":"45.5","value":"EU 45.5","price":"","pimage":"","pimage_id":"","pthumb":"","color":""},{"label":"46","value":"EU 46","price":"","pimage":"","pimage_id":"","pthumb":"","color":""},{"label":"47","value":"EU 47","price":"","pimage":"","pimage_id":"","pthumb":"","color":""},{"label":"47.5","value":"EU 47.5","price":"","pimage":"","pimage_id":"","pthumb":"","color":""},{"label":"48","value":"EU 48","price":"","pimage":"","pimage_id":"","pthumb":"","color":""}],"relations":[{"operator":false,"rules":[]}],"form_id":18106,"form_rules":{"pric_cal_option_once":false,"exclude_from_discount":false,"pric_use_as_fee":false,"fee_label":"Fee","render_after_acb":false,"disp_hide_options_price":false}}]},"yoast_head":"<!-- This site is optimized with the Yoast SEO plugin v26.5 - https:\/\/yoast.com\/wordpress\/plugins\/seo\/ -->\n<title>(Women) Nike Cortez SE &quot;Denim&quot; Smoky Blue\/Aegean Storm\/Pale Ivory\/Olive Aura - TOURCRUISER PTE. LTD<\/title>\n<meta name=\"robots\" content=\"index, follow, max-snippet:-1, max-image-preview:large, max-video-preview:-1\" \/>\n<link rel=\"canonical\" href=\"https:\/\/tourcruiser.com\/fr\/products\/women-nike-cortez-se-denim-smoky-blueaegean-stormpale-ivoryolive-aura\/\" \/>\n<meta property=\"og:locale\" content=\"fr_FR\" \/>\n<meta property=\"og:type\" content=\"article\" \/>\n<meta property=\"og:title\" content=\"(Women) Nike Cortez SE &quot;Denim&quot; Smoky Blue\/Aegean Storm\/Pale Ivory\/Olive Aura - TOURCRUISER PTE. LTD\" \/>\n<meta property=\"og:description\" content=\"Nike Cortez SE \u201d\u201d Smoky Blue\/Aegean Storm\/Pale Ivory\/Olive Aura\" \/>\n<meta property=\"og:url\" content=\"https:\/\/tourcruiser.com\/fr\/products\/women-nike-cortez-se-denim-smoky-blueaegean-stormpale-ivoryolive-aura\/\" \/>\n<meta property=\"og:site_name\" content=\"Tourcruiser Sneaker Store\" \/>\n<meta property=\"article:modified_time\" content=\"2026-03-14T12:39:10+00:00\" \/>\n<meta name=\"twitter:card\" content=\"summary_large_image\" \/>\n<meta name=\"twitter:image\" content=\"https:\/\/images.novelship.com\/product\/_women__nike_cortez_se__denim__smoky_blue_aegean_s_0_14125.png\" \/>\n<meta name=\"twitter:label1\" content=\"Dur\u00e9e de lecture estim\u00e9e\" \/>\n\t<meta name=\"twitter:data1\" content=\"1 minute\" \/>\n<script type=\"application\/ld+json\" class=\"yoast-schema-graph\">{\"@context\":\"https:\/\/schema.org\",\"@graph\":[{\"@type\":\"WebPage\",\"@id\":\"https:\/\/tourcruiser.com\/fr\/products\/women-nike-cortez-se-denim-smoky-blueaegean-stormpale-ivoryolive-aura\/\",\"url\":\"https:\/\/tourcruiser.com\/fr\/products\/women-nike-cortez-se-denim-smoky-blueaegean-stormpale-ivoryolive-aura\/\",\"name\":\"(Women) Nike Cortez SE \\\"Denim\\\" Smoky Blue\/Aegean Storm\/Pale Ivory\/Olive Aura - TOURCRUISER PTE. LTD\",\"isPartOf\":{\"@id\":\"https:\/\/tourcruiser.com\/fr\/#website\"},\"primaryImageOfPage\":{\"@id\":\"https:\/\/tourcruiser.com\/fr\/products\/women-nike-cortez-se-denim-smoky-blueaegean-stormpale-ivoryolive-aura\/#primaryimage\"},\"image\":{\"@id\":\"https:\/\/tourcruiser.com\/fr\/products\/women-nike-cortez-se-denim-smoky-blueaegean-stormpale-ivoryolive-aura\/#primaryimage\"},\"thumbnailUrl\":\"https:\/\/images.novelship.com\/product\/_women__nike_cortez_se__denim__smoky_blue_aegean_s_0_14125.png\",\"datePublished\":\"2026-03-02T09:25:07+00:00\",\"dateModified\":\"2026-03-14T12:39:10+00:00\",\"breadcrumb\":{\"@id\":\"https:\/\/tourcruiser.com\/fr\/products\/women-nike-cortez-se-denim-smoky-blueaegean-stormpale-ivoryolive-aura\/#breadcrumb\"},\"inLanguage\":\"fr-FR\",\"potentialAction\":[{\"@type\":\"ReadAction\",\"target\":[\"https:\/\/tourcruiser.com\/fr\/products\/women-nike-cortez-se-denim-smoky-blueaegean-stormpale-ivoryolive-aura\/\"]}]},{\"@type\":\"ImageObject\",\"inLanguage\":\"fr-FR\",\"@id\":\"https:\/\/tourcruiser.com\/fr\/products\/women-nike-cortez-se-denim-smoky-blueaegean-stormpale-ivoryolive-aura\/#primaryimage\",\"url\":\"https:\/\/images.novelship.com\/product\/_women__nike_cortez_se__denim__smoky_blue_aegean_s_0_14125.png\",\"contentUrl\":\"https:\/\/images.novelship.com\/product\/_women__nike_cortez_se__denim__smoky_blue_aegean_s_0_14125.png\"},{\"@type\":\"BreadcrumbList\",\"@id\":\"https:\/\/tourcruiser.com\/fr\/products\/women-nike-cortez-se-denim-smoky-blueaegean-stormpale-ivoryolive-aura\/#breadcrumb\",\"itemListElement\":[{\"@type\":\"ListItem\",\"position\":1,\"name\":\"Home\",\"item\":\"https:\/\/tourcruiser.com\/fr\/\"},{\"@type\":\"ListItem\",\"position\":2,\"name\":\"Shop\",\"item\":\"https:\/\/tourcruiser.com\/fr\/shop\/\"},{\"@type\":\"ListItem\",\"position\":3,\"name\":\"(Women) Nike Cortez SE \\\"Denim\\\" Smoky Blue\/Aegean Storm\/Pale Ivory\/Olive Aura\"}]},{\"@type\":\"WebSite\",\"@id\":\"https:\/\/tourcruiser.com\/fr\/#website\",\"url\":\"https:\/\/tourcruiser.com\/fr\/\",\"name\":\"Styloral Jewelry Shop\",\"description\":\"Tourcruiser Sneaker Store \u2014 L\u2019endroit o\u00f9 l\u2019univers rencontre votre singularit\u00e9.\",\"publisher\":{\"@id\":\"https:\/\/tourcruiser.com\/fr\/#organization\"},\"potentialAction\":[{\"@type\":\"SearchAction\",\"target\":{\"@type\":\"EntryPoint\",\"urlTemplate\":\"https:\/\/tourcruiser.com\/fr\/?s={search_term_string}\"},\"query-input\":{\"@type\":\"PropertyValueSpecification\",\"valueRequired\":true,\"valueName\":\"search_term_string\"}}],\"inLanguage\":\"fr-FR\"},{\"@type\":\"Organization\",\"@id\":\"https:\/\/tourcruiser.com\/fr\/#organization\",\"name\":\"STYLORAL PTE. LTD\",\"url\":\"https:\/\/tourcruiser.com\/fr\/\",\"logo\":{\"@type\":\"ImageObject\",\"inLanguage\":\"fr-FR\",\"@id\":\"https:\/\/tourcruiser.com\/fr\/#\/schema\/logo\/image\/\",\"url\":\"https:\/\/www.tourcruiser.com\/wp-content\/uploads\/2025\/12\/logo.png\",\"contentUrl\":\"https:\/\/www.tourcruiser.com\/wp-content\/uploads\/2025\/12\/logo.png\",\"width\":200,\"height\":65,\"caption\":\"STYLORAL PTE. LTD\"},\"image\":{\"@id\":\"https:\/\/tourcruiser.com\/fr\/#\/schema\/logo\/image\/\"}}]}<\/script>\n<!-- \/ Yoast SEO plugin. -->","yoast_head_json":{"title":"(Women) Nike Cortez SE \"Denim\" Smoky Blue\/Aegean Storm\/Pale Ivory\/Olive Aura - TOURCRUISER PTE. LTD","robots":{"index":"index","follow":"follow","max-snippet":"max-snippet:-1","max-image-preview":"max-image-preview:large","max-video-preview":"max-video-preview:-1"},"canonical":"https:\/\/tourcruiser.com\/fr\/products\/women-nike-cortez-se-denim-smoky-blueaegean-stormpale-ivoryolive-aura\/","og_locale":"fr_FR","og_type":"article","og_title":"(Women) Nike Cortez SE \"Denim\" Smoky Blue\/Aegean Storm\/Pale Ivory\/Olive Aura - TOURCRUISER PTE. LTD","og_description":"Nike Cortez SE \u201d\u201d Smoky Blue\/Aegean Storm\/Pale Ivory\/Olive Aura","og_url":"https:\/\/tourcruiser.com\/fr\/products\/women-nike-cortez-se-denim-smoky-blueaegean-stormpale-ivoryolive-aura\/","og_site_name":"Tourcruiser Sneaker Store","article_modified_time":"2026-03-14T12:39:10+00:00","twitter_card":"summary_large_image","twitter_image":"https:\/\/images.novelship.com\/product\/_women__nike_cortez_se__denim__smoky_blue_aegean_s_0_14125.png","twitter_misc":{"Dur\u00e9e de lecture estim\u00e9e":"1 minute"},"schema":{"@context":"https:\/\/schema.org","@graph":[{"@type":"WebPage","@id":"https:\/\/tourcruiser.com\/fr\/products\/women-nike-cortez-se-denim-smoky-blueaegean-stormpale-ivoryolive-aura\/","url":"https:\/\/tourcruiser.com\/fr\/products\/women-nike-cortez-se-denim-smoky-blueaegean-stormpale-ivoryolive-aura\/","name":"(Women) Nike Cortez SE \"Denim\" Smoky Blue\/Aegean Storm\/Pale Ivory\/Olive Aura - TOURCRUISER PTE. LTD","isPartOf":{"@id":"https:\/\/tourcruiser.com\/fr\/#website"},"primaryImageOfPage":{"@id":"https:\/\/tourcruiser.com\/fr\/products\/women-nike-cortez-se-denim-smoky-blueaegean-stormpale-ivoryolive-aura\/#primaryimage"},"image":{"@id":"https:\/\/tourcruiser.com\/fr\/products\/women-nike-cortez-se-denim-smoky-blueaegean-stormpale-ivoryolive-aura\/#primaryimage"},"thumbnailUrl":"https:\/\/images.novelship.com\/product\/_women__nike_cortez_se__denim__smoky_blue_aegean_s_0_14125.png","datePublished":"2026-03-02T09:25:07+00:00","dateModified":"2026-03-14T12:39:10+00:00","breadcrumb":{"@id":"https:\/\/tourcruiser.com\/fr\/products\/women-nike-cortez-se-denim-smoky-blueaegean-stormpale-ivoryolive-aura\/#breadcrumb"},"inLanguage":"fr-FR","potentialAction":[{"@type":"ReadAction","target":["https:\/\/tourcruiser.com\/fr\/products\/women-nike-cortez-se-denim-smoky-blueaegean-stormpale-ivoryolive-aura\/"]}]},{"@type":"ImageObject","inLanguage":"fr-FR","@id":"https:\/\/tourcruiser.com\/fr\/products\/women-nike-cortez-se-denim-smoky-blueaegean-stormpale-ivoryolive-aura\/#primaryimage","url":"https:\/\/images.novelship.com\/product\/_women__nike_cortez_se__denim__smoky_blue_aegean_s_0_14125.png","contentUrl":"https:\/\/images.novelship.com\/product\/_women__nike_cortez_se__denim__smoky_blue_aegean_s_0_14125.png"},{"@type":"BreadcrumbList","@id":"https:\/\/tourcruiser.com\/fr\/products\/women-nike-cortez-se-denim-smoky-blueaegean-stormpale-ivoryolive-aura\/#breadcrumb","itemListElement":[{"@type":"ListItem","position":1,"name":"Home","item":"https:\/\/tourcruiser.com\/fr\/"},{"@type":"ListItem","position":2,"name":"Shop","item":"https:\/\/tourcruiser.com\/fr\/shop\/"},{"@type":"ListItem","position":3,"name":"(Women) Nike Cortez SE \"Denim\" Smoky Blue\/Aegean Storm\/Pale Ivory\/Olive Aura"}]},{"@type":"WebSite","@id":"https:\/\/tourcruiser.com\/fr\/#website","url":"https:\/\/tourcruiser.com\/fr\/","name":"Styloral Jewelry Shop","description":"Tourcruiser Sneaker Store \u2014 L\u2019endroit o\u00f9 l\u2019univers rencontre votre singularit\u00e9.","publisher":{"@id":"https:\/\/tourcruiser.com\/fr\/#organization"},"potentialAction":[{"@type":"SearchAction","target":{"@type":"EntryPoint","urlTemplate":"https:\/\/tourcruiser.com\/fr\/?s={search_term_string}"},"query-input":{"@type":"PropertyValueSpecification","valueRequired":true,"valueName":"search_term_string"}}],"inLanguage":"fr-FR"},{"@type":"Organization","@id":"https:\/\/tourcruiser.com\/fr\/#organization","name":"STYLORAL PTE. LTD","url":"https:\/\/tourcruiser.com\/fr\/","logo":{"@type":"ImageObject","inLanguage":"fr-FR","@id":"https:\/\/tourcruiser.com\/fr\/#\/schema\/logo\/image\/","url":"https:\/\/www.tourcruiser.com\/wp-content\/uploads\/2025\/12\/logo.png","contentUrl":"https:\/\/www.tourcruiser.com\/wp-content\/uploads\/2025\/12\/logo.png","width":200,"height":65,"caption":"STYLORAL PTE. LTD"},"image":{"@id":"https:\/\/tourcruiser.com\/fr\/#\/schema\/logo\/image\/"}}]}},"_links":{"self":[{"href":"https:\/\/tourcruiser.com\/fr\/wp-json\/wp\/v2\/product\/173061","targetHints":{"allow":["GET"]}}],"collection":[{"href":"https:\/\/tourcruiser.com\/fr\/wp-json\/wp\/v2\/product"}],"about":[{"href":"https:\/\/tourcruiser.com\/fr\/wp-json\/wp\/v2\/types\/product"}],"replies":[{"embeddable":true,"href":"https:\/\/tourcruiser.com\/fr\/wp-json\/wp\/v2\/comments?post=173061"}],"wp:featuredmedia":[{"embeddable":true,"href":"https:\/\/tourcruiser.com\/fr\/wp-json\/wp\/v2\/media\/173062"}],"wp:attachment":[{"href":"https:\/\/tourcruiser.com\/fr\/wp-json\/wp\/v2\/media?parent=173061"}],"wp:term":[{"taxonomy":"product_brand","embeddable":true,"href":"https:\/\/tourcruiser.com\/fr\/wp-json\/wp\/v2\/product_brand?post=173061"},{"taxonomy":"product_cat","embeddable":true,"href":"https:\/\/tourcruiser.com\/fr\/wp-json\/wp\/v2\/product_cat?post=173061"},{"taxonomy":"product_tag","embeddable":true,"href":"https:\/\/tourcruiser.com\/fr\/wp-json\/wp\/v2\/product_tag?post=173061"}],"curies":[{"name":"wp","href":"https:\/\/api.w.org\/{rel}","templated":true}]}}