{"id":172980,"date":"2026-03-02T16:25:01","date_gmt":"2026-03-02T09:25:01","guid":{"rendered":"http:\/\/tourcruiser.com\/product\/concepts-x-nike-sb-dunk-low-prm-purple-lobster-special-box-bv1310-555-sb"},"modified":"2026-03-14T19:39:08","modified_gmt":"2026-03-14T12:39:08","slug":"concepts-x-nike-sb-dunk-low-prm-purple-lobster-special-box-bv1310-555-sb","status":"publish","type":"product","link":"https:\/\/tourcruiser.com\/fr\/products\/concepts-x-nike-sb-dunk-low-prm-purple-lobster-special-box-bv1310-555-sb\/","title":{"rendered":"Concepts x Nike SB Dunk Low PRM &lsquo;Purple Lobster&rsquo; (Special Box) BV1310-555-SB"},"content":{"rendered":"<p>D\u00e9couvrez les sneakers Concepts x Nike SB Dunk Low PRM Purple Lobster\u00a0: un incontournable pour tous les fans de Nike. Ces chaussures en \u00e9dition limit\u00e9e impressionnent par leur couleur violette \u00e9clatante et sont pr\u00e9sent\u00e9es dans un coffret exclusif. Avec leur design haut de gamme et leur nom unique, les sneakers Purple Lobster ne manqueront pas de faire sensation. Ajoutez une touche de couleur \u00e0 votre collection de sneakers avec ces chaussures \u00e9l\u00e9gantes de Nike.<\/p>\n<ul>\n<li><strong>Coloris\u00a0:<\/strong> Voltage Purple\/Court Purple\/Voltage Purple<\/li>\n<li><strong>Code article\u00a0:<\/strong> BV1310-555 (S-BOX)<\/li>\n<li><strong>Mati\u00e8re ext\u00e9rieure\u00a0:<\/strong> Cuir\/Nubuck<\/li>\n<li><strong>Semelle interm\u00e9diaire\u00a0:<\/strong> Air<\/li>\n<li><strong>Couleur\u00a0:<\/strong> Violet<\/li>\n<li><strong>Designer\u00a0:<\/strong> Peter Moore<\/li>\n<li><strong>Saison\u00a0:<\/strong> Hiver<\/li>\n<li><strong>Ann\u00e9e de sortie\u00a0:<\/strong> 2018<\/li>\n<\/ul>\n","protected":false},"excerpt":{"rendered":"<p>Nike SB Dunk Low \u201d\u201d Voltage Purple\/Court Purple\/Voltage Purple<\/p>\n","protected":false},"featured_media":172981,"comment_status":"open","ping_status":"closed","template":"","meta":[],"product_brand":[],"product_cat":[10803],"product_tag":[10799,10800,10753,10801,10900,10802,11153],"class_list":{"0":"post-172980","1":"product","2":"type-product","3":"status-publish","4":"has-post-thumbnail","6":"product_cat-nike","7":"product_tag-ankle-support-basketball-shoes","8":"product_tag-basketball-shoes","9":"product_tag-gift-for-him","10":"product_tag-nike","11":"product_tag-nike-skateboarding-shoes","12":"product_tag-performance-sport-shoes","13":"product_tag-skateboard-shoes","14":"wcpa_has_options","16":"first","17":"instock","18":"taxable","19":"shipping-taxable","20":"purchasable","21":"product-type-simple"},"wcpa_form_fields":{"rules":{"pric_overide_base_price":false,"pric_overide_base_price_if_gt_zero":false,"pric_overide_base_price_fully":false,"pric_cal_option_once":false,"pric_use_as_fee":false,"bind_quantity":false,"quantity_bind_formula":false},"fields":[{"type":"color-group","required":true,"elementId":"wcpa-color-group-66c4a75505e74","label":"Taille","inline":true,"priceOptions":"different_for_all","pricingType":"fixed","className":"hassizechart product-shoes-size-eu product-shoes-size","name":"color-group-66c4a75505e89","disp_type":"square","selection_type":"tick-border","disp_size":"44","show_label_inside":true,"adjust_width":true,"cart_display_type":"text","other_text":"Other","cl_rule":"show","col":6,"values":[{"label":"35.5","value":"EU 35.5","price":"","pimage":"","pimage_id":"","pthumb":"","color":""},{"label":"36","value":"EU 36","price":"","pimage":"","pimage_id":"","pthumb":"","color":"","selected":true},{"label":"36.5","value":"EU 36.5","price":"","pimage":"","pimage_id":"","pthumb":"","color":""},{"label":"37.5","value":"EU 37.5","price":"","pimage":"","pimage_id":"","pthumb":"","color":""},{"label":"38","value":"EU 38","price":"","pimage":"","pimage_id":"","pthumb":"","color":""},{"label":"38.5","value":"EU 38.5","price":"","pimage":"","pimage_id":"","pthumb":"","color":""},{"label":"39","value":"EU 39","price":"","pimage":"","pimage_id":"","pthumb":"","color":""},{"label":"40","value":"EU 40","price":"","pimage":"","pimage_id":"","pthumb":"","color":""},{"label":"40.5","value":"EU 40.5","price":"","pimage":"","pimage_id":"","pthumb":"","color":""},{"label":"41","value":"EU 41","price":"","pimage":"","pimage_id":"","pthumb":"","color":""},{"label":"42","value":"EU 42","price":"","pimage":"","pimage_id":"","pthumb":"","color":""},{"label":"42.5","value":"EU 42.5","price":"","pimage":"","pimage_id":"","pthumb":"","color":""},{"label":"43","value":"EU 43","price":"","pimage":"","pimage_id":"","pthumb":"","color":""},{"label":"44","value":"EU 44","price":"","pimage":"","pimage_id":"","pthumb":"","color":""},{"label":"44.5","value":"EU 44.5","price":"","pimage":"","pimage_id":"","pthumb":"","color":""},{"label":"45","value":"EU 45","price":"","pimage":"","pimage_id":"","pthumb":"","color":""},{"label":"45.5","value":"EU 45.5","price":"","pimage":"","pimage_id":"","pthumb":"","color":""},{"label":"46","value":"EU 46","price":"","pimage":"","pimage_id":"","pthumb":"","color":""},{"label":"47","value":"EU 47","price":"","pimage":"","pimage_id":"","pthumb":"","color":""},{"label":"47.5","value":"EU 47.5","price":"","pimage":"","pimage_id":"","pthumb":"","color":""},{"label":"48","value":"EU 48","price":"","pimage":"","pimage_id":"","pthumb":"","color":""}],"relations":[{"operator":false,"rules":[]}],"form_id":18106,"form_rules":{"pric_cal_option_once":false,"exclude_from_discount":false,"pric_use_as_fee":false,"fee_label":"Fee","render_after_acb":false,"disp_hide_options_price":false}}]},"yoast_head":"<!-- This site is optimized with the Yoast SEO plugin v26.5 - https:\/\/yoast.com\/wordpress\/plugins\/seo\/ -->\n<title>Concepts x Nike SB Dunk Low PRM &#039;Purple Lobster&#039; (Special Box) BV1310-555-SB - TOURCRUISER PTE. LTD<\/title>\n<meta name=\"robots\" content=\"index, follow, max-snippet:-1, max-image-preview:large, max-video-preview:-1\" \/>\n<link rel=\"canonical\" href=\"https:\/\/tourcruiser.com\/fr\/products\/concepts-x-nike-sb-dunk-low-prm-purple-lobster-special-box-bv1310-555-sb\/\" \/>\n<meta property=\"og:locale\" content=\"fr_FR\" \/>\n<meta property=\"og:type\" content=\"article\" \/>\n<meta property=\"og:title\" content=\"Concepts x Nike SB Dunk Low PRM &#039;Purple Lobster&#039; (Special Box) BV1310-555-SB - TOURCRUISER PTE. LTD\" \/>\n<meta property=\"og:description\" content=\"Nike SB Dunk Low \u201d\u201d Voltage Purple\/Court Purple\/Voltage Purple\" \/>\n<meta property=\"og:url\" content=\"https:\/\/tourcruiser.com\/fr\/products\/concepts-x-nike-sb-dunk-low-prm-purple-lobster-special-box-bv1310-555-sb\/\" \/>\n<meta property=\"og:site_name\" content=\"Tourcruiser Sneaker Store\" \/>\n<meta property=\"article:modified_time\" content=\"2026-03-14T12:39:08+00:00\" \/>\n<meta name=\"twitter:card\" content=\"summary_large_image\" \/>\n<meta name=\"twitter:image\" content=\"https:\/\/images.novelship.com\/product\/concepts_x_nike_sb_dunk_low_prm__purple_lobster____0_5622.octet-stream\" \/>\n<meta name=\"twitter:label1\" content=\"Dur\u00e9e de lecture estim\u00e9e\" \/>\n\t<meta name=\"twitter:data1\" content=\"1 minute\" \/>\n<script type=\"application\/ld+json\" class=\"yoast-schema-graph\">{\"@context\":\"https:\/\/schema.org\",\"@graph\":[{\"@type\":\"WebPage\",\"@id\":\"https:\/\/tourcruiser.com\/fr\/products\/concepts-x-nike-sb-dunk-low-prm-purple-lobster-special-box-bv1310-555-sb\/\",\"url\":\"https:\/\/tourcruiser.com\/fr\/products\/concepts-x-nike-sb-dunk-low-prm-purple-lobster-special-box-bv1310-555-sb\/\",\"name\":\"Concepts x Nike SB Dunk Low PRM 'Purple Lobster' (Special Box) BV1310-555-SB - TOURCRUISER PTE. LTD\",\"isPartOf\":{\"@id\":\"https:\/\/tourcruiser.com\/fr\/#website\"},\"primaryImageOfPage\":{\"@id\":\"https:\/\/tourcruiser.com\/fr\/products\/concepts-x-nike-sb-dunk-low-prm-purple-lobster-special-box-bv1310-555-sb\/#primaryimage\"},\"image\":{\"@id\":\"https:\/\/tourcruiser.com\/fr\/products\/concepts-x-nike-sb-dunk-low-prm-purple-lobster-special-box-bv1310-555-sb\/#primaryimage\"},\"thumbnailUrl\":\"https:\/\/images.novelship.com\/product\/concepts_x_nike_sb_dunk_low_prm__purple_lobster____0_5622.octet-stream\",\"datePublished\":\"2026-03-02T09:25:01+00:00\",\"dateModified\":\"2026-03-14T12:39:08+00:00\",\"breadcrumb\":{\"@id\":\"https:\/\/tourcruiser.com\/fr\/products\/concepts-x-nike-sb-dunk-low-prm-purple-lobster-special-box-bv1310-555-sb\/#breadcrumb\"},\"inLanguage\":\"fr-FR\",\"potentialAction\":[{\"@type\":\"ReadAction\",\"target\":[\"https:\/\/tourcruiser.com\/fr\/products\/concepts-x-nike-sb-dunk-low-prm-purple-lobster-special-box-bv1310-555-sb\/\"]}]},{\"@type\":\"ImageObject\",\"inLanguage\":\"fr-FR\",\"@id\":\"https:\/\/tourcruiser.com\/fr\/products\/concepts-x-nike-sb-dunk-low-prm-purple-lobster-special-box-bv1310-555-sb\/#primaryimage\",\"url\":\"https:\/\/images.novelship.com\/product\/concepts_x_nike_sb_dunk_low_prm__purple_lobster____0_5622.octet-stream\",\"contentUrl\":\"https:\/\/images.novelship.com\/product\/concepts_x_nike_sb_dunk_low_prm__purple_lobster____0_5622.octet-stream\"},{\"@type\":\"BreadcrumbList\",\"@id\":\"https:\/\/tourcruiser.com\/fr\/products\/concepts-x-nike-sb-dunk-low-prm-purple-lobster-special-box-bv1310-555-sb\/#breadcrumb\",\"itemListElement\":[{\"@type\":\"ListItem\",\"position\":1,\"name\":\"Home\",\"item\":\"https:\/\/tourcruiser.com\/fr\/\"},{\"@type\":\"ListItem\",\"position\":2,\"name\":\"Shop\",\"item\":\"https:\/\/tourcruiser.com\/fr\/shop\/\"},{\"@type\":\"ListItem\",\"position\":3,\"name\":\"Concepts x Nike SB Dunk Low PRM 'Purple Lobster' (Special Box) BV1310-555-SB\"}]},{\"@type\":\"WebSite\",\"@id\":\"https:\/\/tourcruiser.com\/fr\/#website\",\"url\":\"https:\/\/tourcruiser.com\/fr\/\",\"name\":\"Styloral Jewelry Shop\",\"description\":\"Tourcruiser Sneaker Store \u2014 L\u2019endroit o\u00f9 l\u2019univers rencontre votre singularit\u00e9.\",\"publisher\":{\"@id\":\"https:\/\/tourcruiser.com\/fr\/#organization\"},\"potentialAction\":[{\"@type\":\"SearchAction\",\"target\":{\"@type\":\"EntryPoint\",\"urlTemplate\":\"https:\/\/tourcruiser.com\/fr\/?s={search_term_string}\"},\"query-input\":{\"@type\":\"PropertyValueSpecification\",\"valueRequired\":true,\"valueName\":\"search_term_string\"}}],\"inLanguage\":\"fr-FR\"},{\"@type\":\"Organization\",\"@id\":\"https:\/\/tourcruiser.com\/fr\/#organization\",\"name\":\"STYLORAL PTE. LTD\",\"url\":\"https:\/\/tourcruiser.com\/fr\/\",\"logo\":{\"@type\":\"ImageObject\",\"inLanguage\":\"fr-FR\",\"@id\":\"https:\/\/tourcruiser.com\/fr\/#\/schema\/logo\/image\/\",\"url\":\"https:\/\/www.tourcruiser.com\/wp-content\/uploads\/2025\/12\/logo.png\",\"contentUrl\":\"https:\/\/www.tourcruiser.com\/wp-content\/uploads\/2025\/12\/logo.png\",\"width\":200,\"height\":65,\"caption\":\"STYLORAL PTE. LTD\"},\"image\":{\"@id\":\"https:\/\/tourcruiser.com\/fr\/#\/schema\/logo\/image\/\"}}]}<\/script>\n<!-- \/ Yoast SEO plugin. -->","yoast_head_json":{"title":"Concepts x Nike SB Dunk Low PRM 'Purple Lobster' (Special Box) BV1310-555-SB - TOURCRUISER PTE. LTD","robots":{"index":"index","follow":"follow","max-snippet":"max-snippet:-1","max-image-preview":"max-image-preview:large","max-video-preview":"max-video-preview:-1"},"canonical":"https:\/\/tourcruiser.com\/fr\/products\/concepts-x-nike-sb-dunk-low-prm-purple-lobster-special-box-bv1310-555-sb\/","og_locale":"fr_FR","og_type":"article","og_title":"Concepts x Nike SB Dunk Low PRM 'Purple Lobster' (Special Box) BV1310-555-SB - TOURCRUISER PTE. LTD","og_description":"Nike SB Dunk Low \u201d\u201d Voltage Purple\/Court Purple\/Voltage Purple","og_url":"https:\/\/tourcruiser.com\/fr\/products\/concepts-x-nike-sb-dunk-low-prm-purple-lobster-special-box-bv1310-555-sb\/","og_site_name":"Tourcruiser Sneaker Store","article_modified_time":"2026-03-14T12:39:08+00:00","twitter_card":"summary_large_image","twitter_image":"https:\/\/images.novelship.com\/product\/concepts_x_nike_sb_dunk_low_prm__purple_lobster____0_5622.octet-stream","twitter_misc":{"Dur\u00e9e de lecture estim\u00e9e":"1 minute"},"schema":{"@context":"https:\/\/schema.org","@graph":[{"@type":"WebPage","@id":"https:\/\/tourcruiser.com\/fr\/products\/concepts-x-nike-sb-dunk-low-prm-purple-lobster-special-box-bv1310-555-sb\/","url":"https:\/\/tourcruiser.com\/fr\/products\/concepts-x-nike-sb-dunk-low-prm-purple-lobster-special-box-bv1310-555-sb\/","name":"Concepts x Nike SB Dunk Low PRM 'Purple Lobster' (Special Box) BV1310-555-SB - TOURCRUISER PTE. LTD","isPartOf":{"@id":"https:\/\/tourcruiser.com\/fr\/#website"},"primaryImageOfPage":{"@id":"https:\/\/tourcruiser.com\/fr\/products\/concepts-x-nike-sb-dunk-low-prm-purple-lobster-special-box-bv1310-555-sb\/#primaryimage"},"image":{"@id":"https:\/\/tourcruiser.com\/fr\/products\/concepts-x-nike-sb-dunk-low-prm-purple-lobster-special-box-bv1310-555-sb\/#primaryimage"},"thumbnailUrl":"https:\/\/images.novelship.com\/product\/concepts_x_nike_sb_dunk_low_prm__purple_lobster____0_5622.octet-stream","datePublished":"2026-03-02T09:25:01+00:00","dateModified":"2026-03-14T12:39:08+00:00","breadcrumb":{"@id":"https:\/\/tourcruiser.com\/fr\/products\/concepts-x-nike-sb-dunk-low-prm-purple-lobster-special-box-bv1310-555-sb\/#breadcrumb"},"inLanguage":"fr-FR","potentialAction":[{"@type":"ReadAction","target":["https:\/\/tourcruiser.com\/fr\/products\/concepts-x-nike-sb-dunk-low-prm-purple-lobster-special-box-bv1310-555-sb\/"]}]},{"@type":"ImageObject","inLanguage":"fr-FR","@id":"https:\/\/tourcruiser.com\/fr\/products\/concepts-x-nike-sb-dunk-low-prm-purple-lobster-special-box-bv1310-555-sb\/#primaryimage","url":"https:\/\/images.novelship.com\/product\/concepts_x_nike_sb_dunk_low_prm__purple_lobster____0_5622.octet-stream","contentUrl":"https:\/\/images.novelship.com\/product\/concepts_x_nike_sb_dunk_low_prm__purple_lobster____0_5622.octet-stream"},{"@type":"BreadcrumbList","@id":"https:\/\/tourcruiser.com\/fr\/products\/concepts-x-nike-sb-dunk-low-prm-purple-lobster-special-box-bv1310-555-sb\/#breadcrumb","itemListElement":[{"@type":"ListItem","position":1,"name":"Home","item":"https:\/\/tourcruiser.com\/fr\/"},{"@type":"ListItem","position":2,"name":"Shop","item":"https:\/\/tourcruiser.com\/fr\/shop\/"},{"@type":"ListItem","position":3,"name":"Concepts x Nike SB Dunk Low PRM 'Purple Lobster' (Special Box) BV1310-555-SB"}]},{"@type":"WebSite","@id":"https:\/\/tourcruiser.com\/fr\/#website","url":"https:\/\/tourcruiser.com\/fr\/","name":"Styloral Jewelry Shop","description":"Tourcruiser Sneaker Store \u2014 L\u2019endroit o\u00f9 l\u2019univers rencontre votre singularit\u00e9.","publisher":{"@id":"https:\/\/tourcruiser.com\/fr\/#organization"},"potentialAction":[{"@type":"SearchAction","target":{"@type":"EntryPoint","urlTemplate":"https:\/\/tourcruiser.com\/fr\/?s={search_term_string}"},"query-input":{"@type":"PropertyValueSpecification","valueRequired":true,"valueName":"search_term_string"}}],"inLanguage":"fr-FR"},{"@type":"Organization","@id":"https:\/\/tourcruiser.com\/fr\/#organization","name":"STYLORAL PTE. LTD","url":"https:\/\/tourcruiser.com\/fr\/","logo":{"@type":"ImageObject","inLanguage":"fr-FR","@id":"https:\/\/tourcruiser.com\/fr\/#\/schema\/logo\/image\/","url":"https:\/\/www.tourcruiser.com\/wp-content\/uploads\/2025\/12\/logo.png","contentUrl":"https:\/\/www.tourcruiser.com\/wp-content\/uploads\/2025\/12\/logo.png","width":200,"height":65,"caption":"STYLORAL PTE. LTD"},"image":{"@id":"https:\/\/tourcruiser.com\/fr\/#\/schema\/logo\/image\/"}}]}},"_links":{"self":[{"href":"https:\/\/tourcruiser.com\/fr\/wp-json\/wp\/v2\/product\/172980","targetHints":{"allow":["GET"]}}],"collection":[{"href":"https:\/\/tourcruiser.com\/fr\/wp-json\/wp\/v2\/product"}],"about":[{"href":"https:\/\/tourcruiser.com\/fr\/wp-json\/wp\/v2\/types\/product"}],"replies":[{"embeddable":true,"href":"https:\/\/tourcruiser.com\/fr\/wp-json\/wp\/v2\/comments?post=172980"}],"wp:featuredmedia":[{"embeddable":true,"href":"https:\/\/tourcruiser.com\/fr\/wp-json\/wp\/v2\/media\/172981"}],"wp:attachment":[{"href":"https:\/\/tourcruiser.com\/fr\/wp-json\/wp\/v2\/media?parent=172980"}],"wp:term":[{"taxonomy":"product_brand","embeddable":true,"href":"https:\/\/tourcruiser.com\/fr\/wp-json\/wp\/v2\/product_brand?post=172980"},{"taxonomy":"product_cat","embeddable":true,"href":"https:\/\/tourcruiser.com\/fr\/wp-json\/wp\/v2\/product_cat?post=172980"},{"taxonomy":"product_tag","embeddable":true,"href":"https:\/\/tourcruiser.com\/fr\/wp-json\/wp\/v2\/product_tag?post=172980"}],"curies":[{"name":"wp","href":"https:\/\/api.w.org\/{rel}","templated":true}]}}