{"id":172835,"date":"2026-03-02T16:24:46","date_gmt":"2026-03-02T09:24:46","guid":{"rendered":"http:\/\/tourcruiser.com\/product\/women-adidas-adifom-stan-smith-mule-preloved-fig"},"modified":"2026-03-14T19:38:59","modified_gmt":"2026-03-14T12:38:59","slug":"women-adidas-adifom-stan-smith-mule-preloved-fig","status":"publish","type":"product","link":"https:\/\/tourcruiser.com\/fr\/products\/women-adidas-adifom-stan-smith-mule-preloved-fig\/","title":{"rendered":"(Women) adidas AdiFOM Stan Smith Mule &lsquo;Preloved Fig&rsquo;"},"content":{"rendered":"<p>D\u00e9couvrez un style d\u00e9contract\u00e9 et \u00e9coresponsable avec la mule adidas AdiFOM Stan Smith \u00ab\u00a0Preloved Fig\u00a0\u00bb pour femme\u00a0: une r\u00e9interpr\u00e9tation moderne d&rsquo;un classique iconique. Confectionn\u00e9es \u00e0 partir de mat\u00e9riaux \u00e9cologiques, ces mules t\u00e9moignent de l&rsquo;engagement d&rsquo;adidas en faveur d&rsquo;un impact environnemental r\u00e9duit, tout en offrant un confort in\u00e9gal\u00e9. Le coloris unique \u00ab\u00a0Preloved Fig\u00a0\u00bb associe des tons riches et naturels \u00e0 un design \u00e9pur\u00e9 et minimaliste qui s&rsquo;int\u00e8gre parfaitement \u00e0 toutes vos tenues, des plus d\u00e9contract\u00e9es aux plus tendance. La mule AdiFOM Stan Smith, avec sa silhouette facile \u00e0 enfiler, combine le look classique de la Stan Smith au confort d&rsquo;une mule, ce qui la rend id\u00e9ale pour un mode de vie actif. Sa construction l\u00e9g\u00e8re en mousse offre un amorti confortable, tandis que sa semelle ext\u00e9rieure r\u00e9sistante assure une adh\u00e9rence et une traction optimales. Ces chaussures allient style et fonctionnalit\u00e9, offrant un confort tout au long de la journ\u00e9e sans compromis sur l&rsquo;\u00e9l\u00e9gance. Que ce soit pour une vir\u00e9e shopping, une sortie entre amis ou simplement une promenade relaxante, la mule adidas AdiFOM Stan Smith \u00ab\u00a0Preloved Fig\u00a0\u00bb sublime toutes vos tenues gr\u00e2ce \u00e0 son design \u00e9l\u00e9gant et sa fabrication \u00e9coresponsable. Red\u00e9finissez la chaussure d\u00e9contract\u00e9e et choisissez une paire qui incarne l&rsquo;\u00e9l\u00e9gance intemporelle, l&rsquo;innovation et un pas vers un avenir plus \u00e9cologique. Coloris\u00a0: Figue pr\u00e9-emball\u00e9e\/Figue pr\u00e9-emball\u00e9e\/Figue pr\u00e9-emball\u00e9e. Code article\u00a0: IF6972. Mati\u00e8re ext\u00e9rieure\u00a0: Synth\u00e9tique. Couleur\u00a0: Violet.<\/p>\n","protected":false},"excerpt":{"rendered":"<p>adidas Adifom Stan Smith Mule \u201d\u201d Preloved Fig\/Preloved Fig\/Preloved Fig<\/p>\n","protected":false},"featured_media":172836,"comment_status":"open","ping_status":"closed","template":"","meta":[],"product_brand":[],"product_cat":[10941],"product_tag":[10759,10847,10926,12435,10754,11376,10785,10786,10758],"class_list":{"0":"post-172835","1":"product","2":"type-product","3":"status-publish","4":"has-post-thumbnail","6":"product_cat-adidas-women","7":"product_tag-adidas","8":"product_tag-best-finds-under-100","9":"product_tag-gift-for-her","10":"product_tag-hybrid-shoes","11":"product_tag-lifestyle-casual-shoes","12":"product_tag-mules","13":"product_tag-trending-deals","14":"product_tag-trending-deals-under-150","15":"product_tag-under-retail","16":"wcpa_has_options","18":"first","19":"instock","20":"taxable","21":"shipping-taxable","22":"purchasable","23":"product-type-simple"},"wcpa_form_fields":{"rules":{"pric_overide_base_price":false,"pric_overide_base_price_if_gt_zero":false,"pric_overide_base_price_fully":false,"pric_cal_option_once":false,"pric_use_as_fee":false,"bind_quantity":false,"quantity_bind_formula":false},"fields":[{"type":"color-group","required":true,"elementId":"wcpa-color-group-66c4a7f817afe","label":"Taille","inline":true,"priceOptions":"different_for_all","pricingType":"fixed","className":"hassizechart product-shoes-size-eu product-shoes-size","name":"color-group-66c4a7f817b18","disp_type":"square","selection_type":"tick-border","disp_size":"50","show_label_inside":true,"adjust_width":true,"cart_display_type":"text","other_text":"Other","cl_rule":"show","col":6,"values":[{"label":"35","value":"EU 35","price":"","pimage":"","pimage_id":"","pthumb":"","color":""},{"label":"35.5","value":"EU 35.5","price":"","pimage":"","pimage_id":"","pthumb":"","color":""},{"label":"36","value":"EU 36","price":"","pimage":"","pimage_id":"","pthumb":"","color":"","selected":true},{"label":"36 2\/3","value":"EU 36 2\/3","price":"","pimage":"","pimage_id":"","pthumb":"","color":""},{"label":"37 1\/3","value":"EU 37 1\/3","price":"","pimage":"","pimage_id":"","pthumb":"","color":""},{"label":"38","value":"EU 38","price":"","pimage":"","pimage_id":"","pthumb":"","color":""},{"label":"38 2\/3","value":"EU 38 2\/3","price":"","pimage":"","pimage_id":"","pthumb":"","color":""},{"label":"39 1\/3","value":"EU 39 1\/3","price":"","pimage":"","pimage_id":"","pthumb":"","color":""},{"label":"40","value":"EU 40","price":"","pimage":"","pimage_id":"","pthumb":"","color":""},{"label":"40 2\/3","value":"EU 40 2\/3","price":"","pimage":"","pimage_id":"","pthumb":"","color":""},{"label":"41 1\/3","value":"EU 41 1\/3","price":"","pimage":"","pimage_id":"","pthumb":"","color":""},{"label":"42","value":"EU 42","price":"","pimage":"","pimage_id":"","pthumb":"","color":""},{"label":"42 2\/3","value":"EU 42 2\/3","price":"","pimage":"","pimage_id":"","pthumb":"","color":""},{"label":"43 1\/3","value":"EU 43 1\/3","price":"","pimage":"","pimage_id":"","pthumb":"","color":""},{"label":"44","value":"EU 44","price":"","pimage":"","pimage_id":"","pthumb":"","color":""},{"label":"44 2\/3","value":"EU 44 2\/3","price":"","pimage":"","pimage_id":"","pthumb":"","color":""},{"label":"45 1\/3","value":"EU 45 1\/3","price":"","pimage":"","pimage_id":"","pthumb":"","color":""},{"label":"46","value":"EU 46","price":"","pimage":"","pimage_id":"","pthumb":"","color":""},{"label":"46 2\/3","value":"EU 46 2\/3","price":"","pimage":"","pimage_id":"","pthumb":"","color":""},{"label":"47 1\/3","value":"EU 47 1\/3","price":"","pimage":"","pimage_id":"","pthumb":"","color":""}],"relations":[{"operator":false,"rules":[]}],"form_id":24802,"form_rules":{"pric_cal_option_once":false,"exclude_from_discount":false,"pric_use_as_fee":false,"fee_label":"Fee","render_after_acb":false,"disp_hide_options_price":false}}]},"yoast_head":"<!-- This site is optimized with the Yoast SEO plugin v26.5 - https:\/\/yoast.com\/wordpress\/plugins\/seo\/ -->\n<title>(Women) adidas AdiFOM Stan Smith Mule &#039;Preloved Fig&#039; - TOURCRUISER PTE. LTD<\/title>\n<meta name=\"robots\" content=\"index, follow, max-snippet:-1, max-image-preview:large, max-video-preview:-1\" \/>\n<link rel=\"canonical\" href=\"https:\/\/tourcruiser.com\/fr\/products\/women-adidas-adifom-stan-smith-mule-preloved-fig\/\" \/>\n<meta property=\"og:locale\" content=\"fr_FR\" \/>\n<meta property=\"og:type\" content=\"article\" \/>\n<meta property=\"og:title\" content=\"(Women) adidas AdiFOM Stan Smith Mule &#039;Preloved Fig&#039; - TOURCRUISER PTE. LTD\" \/>\n<meta property=\"og:description\" content=\"adidas Adifom Stan Smith Mule \u201d\u201d Preloved Fig\/Preloved Fig\/Preloved Fig\" \/>\n<meta property=\"og:url\" content=\"https:\/\/tourcruiser.com\/fr\/products\/women-adidas-adifom-stan-smith-mule-preloved-fig\/\" \/>\n<meta property=\"og:site_name\" content=\"Tourcruiser Sneaker Store\" \/>\n<meta property=\"article:modified_time\" content=\"2026-03-14T12:38:59+00:00\" \/>\n<meta name=\"twitter:card\" content=\"summary_large_image\" \/>\n<meta name=\"twitter:image\" content=\"https:\/\/images.novelship.com\/product\/_women__adidas_adifom_stan_smith_mule__preloved_fi_0_82346.jpeg\" \/>\n<meta name=\"twitter:label1\" content=\"Dur\u00e9e de lecture estim\u00e9e\" \/>\n\t<meta name=\"twitter:data1\" content=\"1 minute\" \/>\n<script type=\"application\/ld+json\" class=\"yoast-schema-graph\">{\"@context\":\"https:\/\/schema.org\",\"@graph\":[{\"@type\":\"WebPage\",\"@id\":\"https:\/\/tourcruiser.com\/fr\/products\/women-adidas-adifom-stan-smith-mule-preloved-fig\/\",\"url\":\"https:\/\/tourcruiser.com\/fr\/products\/women-adidas-adifom-stan-smith-mule-preloved-fig\/\",\"name\":\"(Women) adidas AdiFOM Stan Smith Mule 'Preloved Fig' - TOURCRUISER PTE. LTD\",\"isPartOf\":{\"@id\":\"https:\/\/tourcruiser.com\/fr\/#website\"},\"primaryImageOfPage\":{\"@id\":\"https:\/\/tourcruiser.com\/fr\/products\/women-adidas-adifom-stan-smith-mule-preloved-fig\/#primaryimage\"},\"image\":{\"@id\":\"https:\/\/tourcruiser.com\/fr\/products\/women-adidas-adifom-stan-smith-mule-preloved-fig\/#primaryimage\"},\"thumbnailUrl\":\"https:\/\/images.novelship.com\/product\/_women__adidas_adifom_stan_smith_mule__preloved_fi_0_82346.jpeg\",\"datePublished\":\"2026-03-02T09:24:46+00:00\",\"dateModified\":\"2026-03-14T12:38:59+00:00\",\"breadcrumb\":{\"@id\":\"https:\/\/tourcruiser.com\/fr\/products\/women-adidas-adifom-stan-smith-mule-preloved-fig\/#breadcrumb\"},\"inLanguage\":\"fr-FR\",\"potentialAction\":[{\"@type\":\"ReadAction\",\"target\":[\"https:\/\/tourcruiser.com\/fr\/products\/women-adidas-adifom-stan-smith-mule-preloved-fig\/\"]}]},{\"@type\":\"ImageObject\",\"inLanguage\":\"fr-FR\",\"@id\":\"https:\/\/tourcruiser.com\/fr\/products\/women-adidas-adifom-stan-smith-mule-preloved-fig\/#primaryimage\",\"url\":\"https:\/\/images.novelship.com\/product\/_women__adidas_adifom_stan_smith_mule__preloved_fi_0_82346.jpeg\",\"contentUrl\":\"https:\/\/images.novelship.com\/product\/_women__adidas_adifom_stan_smith_mule__preloved_fi_0_82346.jpeg\"},{\"@type\":\"BreadcrumbList\",\"@id\":\"https:\/\/tourcruiser.com\/fr\/products\/women-adidas-adifom-stan-smith-mule-preloved-fig\/#breadcrumb\",\"itemListElement\":[{\"@type\":\"ListItem\",\"position\":1,\"name\":\"Home\",\"item\":\"https:\/\/tourcruiser.com\/fr\/\"},{\"@type\":\"ListItem\",\"position\":2,\"name\":\"Shop\",\"item\":\"https:\/\/tourcruiser.com\/fr\/shop\/\"},{\"@type\":\"ListItem\",\"position\":3,\"name\":\"(Women) adidas AdiFOM Stan Smith Mule 'Preloved Fig'\"}]},{\"@type\":\"WebSite\",\"@id\":\"https:\/\/tourcruiser.com\/fr\/#website\",\"url\":\"https:\/\/tourcruiser.com\/fr\/\",\"name\":\"Styloral Jewelry Shop\",\"description\":\"Tourcruiser Sneaker Store \u2014 L\u2019endroit o\u00f9 l\u2019univers rencontre votre singularit\u00e9.\",\"publisher\":{\"@id\":\"https:\/\/tourcruiser.com\/fr\/#organization\"},\"potentialAction\":[{\"@type\":\"SearchAction\",\"target\":{\"@type\":\"EntryPoint\",\"urlTemplate\":\"https:\/\/tourcruiser.com\/fr\/?s={search_term_string}\"},\"query-input\":{\"@type\":\"PropertyValueSpecification\",\"valueRequired\":true,\"valueName\":\"search_term_string\"}}],\"inLanguage\":\"fr-FR\"},{\"@type\":\"Organization\",\"@id\":\"https:\/\/tourcruiser.com\/fr\/#organization\",\"name\":\"STYLORAL PTE. LTD\",\"url\":\"https:\/\/tourcruiser.com\/fr\/\",\"logo\":{\"@type\":\"ImageObject\",\"inLanguage\":\"fr-FR\",\"@id\":\"https:\/\/tourcruiser.com\/fr\/#\/schema\/logo\/image\/\",\"url\":\"https:\/\/www.tourcruiser.com\/wp-content\/uploads\/2025\/12\/logo.png\",\"contentUrl\":\"https:\/\/www.tourcruiser.com\/wp-content\/uploads\/2025\/12\/logo.png\",\"width\":200,\"height\":65,\"caption\":\"STYLORAL PTE. LTD\"},\"image\":{\"@id\":\"https:\/\/tourcruiser.com\/fr\/#\/schema\/logo\/image\/\"}}]}<\/script>\n<!-- \/ Yoast SEO plugin. -->","yoast_head_json":{"title":"(Women) adidas AdiFOM Stan Smith Mule 'Preloved Fig' - TOURCRUISER PTE. LTD","robots":{"index":"index","follow":"follow","max-snippet":"max-snippet:-1","max-image-preview":"max-image-preview:large","max-video-preview":"max-video-preview:-1"},"canonical":"https:\/\/tourcruiser.com\/fr\/products\/women-adidas-adifom-stan-smith-mule-preloved-fig\/","og_locale":"fr_FR","og_type":"article","og_title":"(Women) adidas AdiFOM Stan Smith Mule 'Preloved Fig' - TOURCRUISER PTE. LTD","og_description":"adidas Adifom Stan Smith Mule \u201d\u201d Preloved Fig\/Preloved Fig\/Preloved Fig","og_url":"https:\/\/tourcruiser.com\/fr\/products\/women-adidas-adifom-stan-smith-mule-preloved-fig\/","og_site_name":"Tourcruiser Sneaker Store","article_modified_time":"2026-03-14T12:38:59+00:00","twitter_card":"summary_large_image","twitter_image":"https:\/\/images.novelship.com\/product\/_women__adidas_adifom_stan_smith_mule__preloved_fi_0_82346.jpeg","twitter_misc":{"Dur\u00e9e de lecture estim\u00e9e":"1 minute"},"schema":{"@context":"https:\/\/schema.org","@graph":[{"@type":"WebPage","@id":"https:\/\/tourcruiser.com\/fr\/products\/women-adidas-adifom-stan-smith-mule-preloved-fig\/","url":"https:\/\/tourcruiser.com\/fr\/products\/women-adidas-adifom-stan-smith-mule-preloved-fig\/","name":"(Women) adidas AdiFOM Stan Smith Mule 'Preloved Fig' - TOURCRUISER PTE. LTD","isPartOf":{"@id":"https:\/\/tourcruiser.com\/fr\/#website"},"primaryImageOfPage":{"@id":"https:\/\/tourcruiser.com\/fr\/products\/women-adidas-adifom-stan-smith-mule-preloved-fig\/#primaryimage"},"image":{"@id":"https:\/\/tourcruiser.com\/fr\/products\/women-adidas-adifom-stan-smith-mule-preloved-fig\/#primaryimage"},"thumbnailUrl":"https:\/\/images.novelship.com\/product\/_women__adidas_adifom_stan_smith_mule__preloved_fi_0_82346.jpeg","datePublished":"2026-03-02T09:24:46+00:00","dateModified":"2026-03-14T12:38:59+00:00","breadcrumb":{"@id":"https:\/\/tourcruiser.com\/fr\/products\/women-adidas-adifom-stan-smith-mule-preloved-fig\/#breadcrumb"},"inLanguage":"fr-FR","potentialAction":[{"@type":"ReadAction","target":["https:\/\/tourcruiser.com\/fr\/products\/women-adidas-adifom-stan-smith-mule-preloved-fig\/"]}]},{"@type":"ImageObject","inLanguage":"fr-FR","@id":"https:\/\/tourcruiser.com\/fr\/products\/women-adidas-adifom-stan-smith-mule-preloved-fig\/#primaryimage","url":"https:\/\/images.novelship.com\/product\/_women__adidas_adifom_stan_smith_mule__preloved_fi_0_82346.jpeg","contentUrl":"https:\/\/images.novelship.com\/product\/_women__adidas_adifom_stan_smith_mule__preloved_fi_0_82346.jpeg"},{"@type":"BreadcrumbList","@id":"https:\/\/tourcruiser.com\/fr\/products\/women-adidas-adifom-stan-smith-mule-preloved-fig\/#breadcrumb","itemListElement":[{"@type":"ListItem","position":1,"name":"Home","item":"https:\/\/tourcruiser.com\/fr\/"},{"@type":"ListItem","position":2,"name":"Shop","item":"https:\/\/tourcruiser.com\/fr\/shop\/"},{"@type":"ListItem","position":3,"name":"(Women) adidas AdiFOM Stan Smith Mule 'Preloved Fig'"}]},{"@type":"WebSite","@id":"https:\/\/tourcruiser.com\/fr\/#website","url":"https:\/\/tourcruiser.com\/fr\/","name":"Styloral Jewelry Shop","description":"Tourcruiser Sneaker Store \u2014 L\u2019endroit o\u00f9 l\u2019univers rencontre votre singularit\u00e9.","publisher":{"@id":"https:\/\/tourcruiser.com\/fr\/#organization"},"potentialAction":[{"@type":"SearchAction","target":{"@type":"EntryPoint","urlTemplate":"https:\/\/tourcruiser.com\/fr\/?s={search_term_string}"},"query-input":{"@type":"PropertyValueSpecification","valueRequired":true,"valueName":"search_term_string"}}],"inLanguage":"fr-FR"},{"@type":"Organization","@id":"https:\/\/tourcruiser.com\/fr\/#organization","name":"STYLORAL PTE. LTD","url":"https:\/\/tourcruiser.com\/fr\/","logo":{"@type":"ImageObject","inLanguage":"fr-FR","@id":"https:\/\/tourcruiser.com\/fr\/#\/schema\/logo\/image\/","url":"https:\/\/www.tourcruiser.com\/wp-content\/uploads\/2025\/12\/logo.png","contentUrl":"https:\/\/www.tourcruiser.com\/wp-content\/uploads\/2025\/12\/logo.png","width":200,"height":65,"caption":"STYLORAL PTE. LTD"},"image":{"@id":"https:\/\/tourcruiser.com\/fr\/#\/schema\/logo\/image\/"}}]}},"_links":{"self":[{"href":"https:\/\/tourcruiser.com\/fr\/wp-json\/wp\/v2\/product\/172835","targetHints":{"allow":["GET"]}}],"collection":[{"href":"https:\/\/tourcruiser.com\/fr\/wp-json\/wp\/v2\/product"}],"about":[{"href":"https:\/\/tourcruiser.com\/fr\/wp-json\/wp\/v2\/types\/product"}],"replies":[{"embeddable":true,"href":"https:\/\/tourcruiser.com\/fr\/wp-json\/wp\/v2\/comments?post=172835"}],"wp:featuredmedia":[{"embeddable":true,"href":"https:\/\/tourcruiser.com\/fr\/wp-json\/wp\/v2\/media\/172836"}],"wp:attachment":[{"href":"https:\/\/tourcruiser.com\/fr\/wp-json\/wp\/v2\/media?parent=172835"}],"wp:term":[{"taxonomy":"product_brand","embeddable":true,"href":"https:\/\/tourcruiser.com\/fr\/wp-json\/wp\/v2\/product_brand?post=172835"},{"taxonomy":"product_cat","embeddable":true,"href":"https:\/\/tourcruiser.com\/fr\/wp-json\/wp\/v2\/product_cat?post=172835"},{"taxonomy":"product_tag","embeddable":true,"href":"https:\/\/tourcruiser.com\/fr\/wp-json\/wp\/v2\/product_tag?post=172835"}],"curies":[{"name":"wp","href":"https:\/\/api.w.org\/{rel}","templated":true}]}}