{"id":172413,"date":"2026-03-02T16:24:03","date_gmt":"2026-03-02T09:24:03","guid":{"rendered":"http:\/\/tourcruiser.com\/product\/black-sheep-x-nike-sb-dunk-high-pro-black-hornet-special-box-bq6827-001"},"modified":"2026-03-14T19:38:36","modified_gmt":"2026-03-14T12:38:36","slug":"black-sheep-x-nike-sb-dunk-high-pro-black-hornet-special-box-bq6827-001","status":"publish","type":"product","link":"https:\/\/tourcruiser.com\/fr\/products\/black-sheep-x-nike-sb-dunk-high-pro-black-hornet-special-box-bq6827-001\/","title":{"rendered":"Black Sheep x Nike SB Dunk High Pro &lsquo;Black Hornet&rsquo; (Special Box) \/BQ6827-001"},"content":{"rendered":"<p>La Black Sheep x Nike SB Dunk High Pro Black Hornet (bo\u00eete sp\u00e9ciale) est une collaboration \u00e9l\u00e9gante et styl\u00e9e entre Nike et Black Sheep. Cette chaussure en \u00e9dition limit\u00e9e est principalement noire et est pr\u00e9sent\u00e9e dans une bo\u00eete sp\u00e9ciale. La Black Hornet est id\u00e9ale pour les passionn\u00e9s et les collectionneurs de sneakers et constitue un ajout unique et tendance \u00e0 toute collection. <\/p>\n<p>Coloris\u00a0: Noir\/Noir\/Gris fonc\u00e9<br \/>\nCode article\u00a0: BQ6827-001-SB<br \/>\nTige\u00a0: Cuir<br \/>\nSemelle interm\u00e9diaire\u00a0: Air<br \/>\nCouleur\u00a0: Noir<br \/>\nDesigner\u00a0: Peter Moore<br \/>\nSaison\u00a0: Hiver<br \/>\nAnn\u00e9e de sortie\u00a0: 2019<\/p>\n<p>Couleur\u00a0: Noir<\/p>\n","protected":false},"excerpt":{"rendered":"<p>Nike SB Dunk High \u201d\u201d Black\/Black\/Dark Grey<\/p>\n","protected":false},"featured_media":172414,"comment_status":"open","ping_status":"closed","template":"","meta":[],"product_brand":[],"product_cat":[10803],"product_tag":[10799,10800,10753,10801,10900,10802,11153],"class_list":{"0":"post-172413","1":"product","2":"type-product","3":"status-publish","4":"has-post-thumbnail","6":"product_cat-nike","7":"product_tag-ankle-support-basketball-shoes","8":"product_tag-basketball-shoes","9":"product_tag-gift-for-him","10":"product_tag-nike","11":"product_tag-nike-skateboarding-shoes","12":"product_tag-performance-sport-shoes","13":"product_tag-skateboard-shoes","14":"wcpa_has_options","16":"first","17":"instock","18":"taxable","19":"shipping-taxable","20":"purchasable","21":"product-type-simple"},"wcpa_form_fields":{"rules":{"pric_overide_base_price":false,"pric_overide_base_price_if_gt_zero":false,"pric_overide_base_price_fully":false,"pric_cal_option_once":false,"pric_use_as_fee":false,"bind_quantity":false,"quantity_bind_formula":false},"fields":[{"type":"color-group","required":true,"elementId":"wcpa-color-group-66c4a75505e74","label":"Taille","inline":true,"priceOptions":"different_for_all","pricingType":"fixed","className":"hassizechart product-shoes-size-eu product-shoes-size","name":"color-group-66c4a75505e89","disp_type":"square","selection_type":"tick-border","disp_size":"44","show_label_inside":true,"adjust_width":true,"cart_display_type":"text","other_text":"Other","cl_rule":"show","col":6,"values":[{"label":"35.5","value":"EU 35.5","price":"","pimage":"","pimage_id":"","pthumb":"","color":""},{"label":"36","value":"EU 36","price":"","pimage":"","pimage_id":"","pthumb":"","color":"","selected":true},{"label":"36.5","value":"EU 36.5","price":"","pimage":"","pimage_id":"","pthumb":"","color":""},{"label":"37.5","value":"EU 37.5","price":"","pimage":"","pimage_id":"","pthumb":"","color":""},{"label":"38","value":"EU 38","price":"","pimage":"","pimage_id":"","pthumb":"","color":""},{"label":"38.5","value":"EU 38.5","price":"","pimage":"","pimage_id":"","pthumb":"","color":""},{"label":"39","value":"EU 39","price":"","pimage":"","pimage_id":"","pthumb":"","color":""},{"label":"40","value":"EU 40","price":"","pimage":"","pimage_id":"","pthumb":"","color":""},{"label":"40.5","value":"EU 40.5","price":"","pimage":"","pimage_id":"","pthumb":"","color":""},{"label":"41","value":"EU 41","price":"","pimage":"","pimage_id":"","pthumb":"","color":""},{"label":"42","value":"EU 42","price":"","pimage":"","pimage_id":"","pthumb":"","color":""},{"label":"42.5","value":"EU 42.5","price":"","pimage":"","pimage_id":"","pthumb":"","color":""},{"label":"43","value":"EU 43","price":"","pimage":"","pimage_id":"","pthumb":"","color":""},{"label":"44","value":"EU 44","price":"","pimage":"","pimage_id":"","pthumb":"","color":""},{"label":"44.5","value":"EU 44.5","price":"","pimage":"","pimage_id":"","pthumb":"","color":""},{"label":"45","value":"EU 45","price":"","pimage":"","pimage_id":"","pthumb":"","color":""},{"label":"45.5","value":"EU 45.5","price":"","pimage":"","pimage_id":"","pthumb":"","color":""},{"label":"46","value":"EU 46","price":"","pimage":"","pimage_id":"","pthumb":"","color":""},{"label":"47","value":"EU 47","price":"","pimage":"","pimage_id":"","pthumb":"","color":""},{"label":"47.5","value":"EU 47.5","price":"","pimage":"","pimage_id":"","pthumb":"","color":""},{"label":"48","value":"EU 48","price":"","pimage":"","pimage_id":"","pthumb":"","color":""}],"relations":[{"operator":false,"rules":[]}],"form_id":18106,"form_rules":{"pric_cal_option_once":false,"exclude_from_discount":false,"pric_use_as_fee":false,"fee_label":"Fee","render_after_acb":false,"disp_hide_options_price":false}}]},"yoast_head":"<!-- This site is optimized with the Yoast SEO plugin v26.5 - https:\/\/yoast.com\/wordpress\/plugins\/seo\/ -->\n<title>Black Sheep x Nike SB Dunk High Pro &#039;Black Hornet&#039; (Special Box) \/BQ6827-001 - TOURCRUISER PTE. LTD<\/title>\n<meta name=\"robots\" content=\"index, follow, max-snippet:-1, max-image-preview:large, max-video-preview:-1\" \/>\n<link rel=\"canonical\" href=\"https:\/\/tourcruiser.com\/fr\/products\/black-sheep-x-nike-sb-dunk-high-pro-black-hornet-special-box-bq6827-001\/\" \/>\n<meta property=\"og:locale\" content=\"fr_FR\" \/>\n<meta property=\"og:type\" content=\"article\" \/>\n<meta property=\"og:title\" content=\"Black Sheep x Nike SB Dunk High Pro &#039;Black Hornet&#039; (Special Box) \/BQ6827-001 - TOURCRUISER PTE. LTD\" \/>\n<meta property=\"og:description\" content=\"Nike SB Dunk High \u201d\u201d Black\/Black\/Dark Grey\" \/>\n<meta property=\"og:url\" content=\"https:\/\/tourcruiser.com\/fr\/products\/black-sheep-x-nike-sb-dunk-high-pro-black-hornet-special-box-bq6827-001\/\" \/>\n<meta property=\"og:site_name\" content=\"Tourcruiser Sneaker Store\" \/>\n<meta property=\"article:modified_time\" content=\"2026-03-14T12:38:36+00:00\" \/>\n<meta name=\"twitter:card\" content=\"summary_large_image\" \/>\n<meta name=\"twitter:image\" content=\"https:\/\/images.novelship.com\/product\/black_sheep_x_nike_sb_dunk_high_pro__black_hornet__0_82672.jpeg\" \/>\n<meta name=\"twitter:label1\" content=\"Dur\u00e9e de lecture estim\u00e9e\" \/>\n\t<meta name=\"twitter:data1\" content=\"1 minute\" \/>\n<script type=\"application\/ld+json\" class=\"yoast-schema-graph\">{\"@context\":\"https:\/\/schema.org\",\"@graph\":[{\"@type\":\"WebPage\",\"@id\":\"https:\/\/tourcruiser.com\/fr\/products\/black-sheep-x-nike-sb-dunk-high-pro-black-hornet-special-box-bq6827-001\/\",\"url\":\"https:\/\/tourcruiser.com\/fr\/products\/black-sheep-x-nike-sb-dunk-high-pro-black-hornet-special-box-bq6827-001\/\",\"name\":\"Black Sheep x Nike SB Dunk High Pro 'Black Hornet' (Special Box) \/BQ6827-001 - TOURCRUISER PTE. LTD\",\"isPartOf\":{\"@id\":\"https:\/\/tourcruiser.com\/fr\/#website\"},\"primaryImageOfPage\":{\"@id\":\"https:\/\/tourcruiser.com\/fr\/products\/black-sheep-x-nike-sb-dunk-high-pro-black-hornet-special-box-bq6827-001\/#primaryimage\"},\"image\":{\"@id\":\"https:\/\/tourcruiser.com\/fr\/products\/black-sheep-x-nike-sb-dunk-high-pro-black-hornet-special-box-bq6827-001\/#primaryimage\"},\"thumbnailUrl\":\"https:\/\/images.novelship.com\/product\/black_sheep_x_nike_sb_dunk_high_pro__black_hornet__0_82672.jpeg\",\"datePublished\":\"2026-03-02T09:24:03+00:00\",\"dateModified\":\"2026-03-14T12:38:36+00:00\",\"breadcrumb\":{\"@id\":\"https:\/\/tourcruiser.com\/fr\/products\/black-sheep-x-nike-sb-dunk-high-pro-black-hornet-special-box-bq6827-001\/#breadcrumb\"},\"inLanguage\":\"fr-FR\",\"potentialAction\":[{\"@type\":\"ReadAction\",\"target\":[\"https:\/\/tourcruiser.com\/fr\/products\/black-sheep-x-nike-sb-dunk-high-pro-black-hornet-special-box-bq6827-001\/\"]}]},{\"@type\":\"ImageObject\",\"inLanguage\":\"fr-FR\",\"@id\":\"https:\/\/tourcruiser.com\/fr\/products\/black-sheep-x-nike-sb-dunk-high-pro-black-hornet-special-box-bq6827-001\/#primaryimage\",\"url\":\"https:\/\/images.novelship.com\/product\/black_sheep_x_nike_sb_dunk_high_pro__black_hornet__0_82672.jpeg\",\"contentUrl\":\"https:\/\/images.novelship.com\/product\/black_sheep_x_nike_sb_dunk_high_pro__black_hornet__0_82672.jpeg\"},{\"@type\":\"BreadcrumbList\",\"@id\":\"https:\/\/tourcruiser.com\/fr\/products\/black-sheep-x-nike-sb-dunk-high-pro-black-hornet-special-box-bq6827-001\/#breadcrumb\",\"itemListElement\":[{\"@type\":\"ListItem\",\"position\":1,\"name\":\"Home\",\"item\":\"https:\/\/tourcruiser.com\/fr\/\"},{\"@type\":\"ListItem\",\"position\":2,\"name\":\"Shop\",\"item\":\"https:\/\/tourcruiser.com\/fr\/shop\/\"},{\"@type\":\"ListItem\",\"position\":3,\"name\":\"Black Sheep x Nike SB Dunk High Pro 'Black Hornet' (Special Box) \/BQ6827-001\"}]},{\"@type\":\"WebSite\",\"@id\":\"https:\/\/tourcruiser.com\/fr\/#website\",\"url\":\"https:\/\/tourcruiser.com\/fr\/\",\"name\":\"Styloral Jewelry Shop\",\"description\":\"Tourcruiser Sneaker Store \u2014 L\u2019endroit o\u00f9 l\u2019univers rencontre votre singularit\u00e9.\",\"publisher\":{\"@id\":\"https:\/\/tourcruiser.com\/fr\/#organization\"},\"potentialAction\":[{\"@type\":\"SearchAction\",\"target\":{\"@type\":\"EntryPoint\",\"urlTemplate\":\"https:\/\/tourcruiser.com\/fr\/?s={search_term_string}\"},\"query-input\":{\"@type\":\"PropertyValueSpecification\",\"valueRequired\":true,\"valueName\":\"search_term_string\"}}],\"inLanguage\":\"fr-FR\"},{\"@type\":\"Organization\",\"@id\":\"https:\/\/tourcruiser.com\/fr\/#organization\",\"name\":\"STYLORAL PTE. LTD\",\"url\":\"https:\/\/tourcruiser.com\/fr\/\",\"logo\":{\"@type\":\"ImageObject\",\"inLanguage\":\"fr-FR\",\"@id\":\"https:\/\/tourcruiser.com\/fr\/#\/schema\/logo\/image\/\",\"url\":\"https:\/\/www.tourcruiser.com\/wp-content\/uploads\/2025\/12\/logo.png\",\"contentUrl\":\"https:\/\/www.tourcruiser.com\/wp-content\/uploads\/2025\/12\/logo.png\",\"width\":200,\"height\":65,\"caption\":\"STYLORAL PTE. LTD\"},\"image\":{\"@id\":\"https:\/\/tourcruiser.com\/fr\/#\/schema\/logo\/image\/\"}}]}<\/script>\n<!-- \/ Yoast SEO plugin. -->","yoast_head_json":{"title":"Black Sheep x Nike SB Dunk High Pro 'Black Hornet' (Special Box) \/BQ6827-001 - TOURCRUISER PTE. LTD","robots":{"index":"index","follow":"follow","max-snippet":"max-snippet:-1","max-image-preview":"max-image-preview:large","max-video-preview":"max-video-preview:-1"},"canonical":"https:\/\/tourcruiser.com\/fr\/products\/black-sheep-x-nike-sb-dunk-high-pro-black-hornet-special-box-bq6827-001\/","og_locale":"fr_FR","og_type":"article","og_title":"Black Sheep x Nike SB Dunk High Pro 'Black Hornet' (Special Box) \/BQ6827-001 - TOURCRUISER PTE. LTD","og_description":"Nike SB Dunk High \u201d\u201d Black\/Black\/Dark Grey","og_url":"https:\/\/tourcruiser.com\/fr\/products\/black-sheep-x-nike-sb-dunk-high-pro-black-hornet-special-box-bq6827-001\/","og_site_name":"Tourcruiser Sneaker Store","article_modified_time":"2026-03-14T12:38:36+00:00","twitter_card":"summary_large_image","twitter_image":"https:\/\/images.novelship.com\/product\/black_sheep_x_nike_sb_dunk_high_pro__black_hornet__0_82672.jpeg","twitter_misc":{"Dur\u00e9e de lecture estim\u00e9e":"1 minute"},"schema":{"@context":"https:\/\/schema.org","@graph":[{"@type":"WebPage","@id":"https:\/\/tourcruiser.com\/fr\/products\/black-sheep-x-nike-sb-dunk-high-pro-black-hornet-special-box-bq6827-001\/","url":"https:\/\/tourcruiser.com\/fr\/products\/black-sheep-x-nike-sb-dunk-high-pro-black-hornet-special-box-bq6827-001\/","name":"Black Sheep x Nike SB Dunk High Pro 'Black Hornet' (Special Box) \/BQ6827-001 - TOURCRUISER PTE. LTD","isPartOf":{"@id":"https:\/\/tourcruiser.com\/fr\/#website"},"primaryImageOfPage":{"@id":"https:\/\/tourcruiser.com\/fr\/products\/black-sheep-x-nike-sb-dunk-high-pro-black-hornet-special-box-bq6827-001\/#primaryimage"},"image":{"@id":"https:\/\/tourcruiser.com\/fr\/products\/black-sheep-x-nike-sb-dunk-high-pro-black-hornet-special-box-bq6827-001\/#primaryimage"},"thumbnailUrl":"https:\/\/images.novelship.com\/product\/black_sheep_x_nike_sb_dunk_high_pro__black_hornet__0_82672.jpeg","datePublished":"2026-03-02T09:24:03+00:00","dateModified":"2026-03-14T12:38:36+00:00","breadcrumb":{"@id":"https:\/\/tourcruiser.com\/fr\/products\/black-sheep-x-nike-sb-dunk-high-pro-black-hornet-special-box-bq6827-001\/#breadcrumb"},"inLanguage":"fr-FR","potentialAction":[{"@type":"ReadAction","target":["https:\/\/tourcruiser.com\/fr\/products\/black-sheep-x-nike-sb-dunk-high-pro-black-hornet-special-box-bq6827-001\/"]}]},{"@type":"ImageObject","inLanguage":"fr-FR","@id":"https:\/\/tourcruiser.com\/fr\/products\/black-sheep-x-nike-sb-dunk-high-pro-black-hornet-special-box-bq6827-001\/#primaryimage","url":"https:\/\/images.novelship.com\/product\/black_sheep_x_nike_sb_dunk_high_pro__black_hornet__0_82672.jpeg","contentUrl":"https:\/\/images.novelship.com\/product\/black_sheep_x_nike_sb_dunk_high_pro__black_hornet__0_82672.jpeg"},{"@type":"BreadcrumbList","@id":"https:\/\/tourcruiser.com\/fr\/products\/black-sheep-x-nike-sb-dunk-high-pro-black-hornet-special-box-bq6827-001\/#breadcrumb","itemListElement":[{"@type":"ListItem","position":1,"name":"Home","item":"https:\/\/tourcruiser.com\/fr\/"},{"@type":"ListItem","position":2,"name":"Shop","item":"https:\/\/tourcruiser.com\/fr\/shop\/"},{"@type":"ListItem","position":3,"name":"Black Sheep x Nike SB Dunk High Pro 'Black Hornet' (Special Box) \/BQ6827-001"}]},{"@type":"WebSite","@id":"https:\/\/tourcruiser.com\/fr\/#website","url":"https:\/\/tourcruiser.com\/fr\/","name":"Styloral Jewelry Shop","description":"Tourcruiser Sneaker Store \u2014 L\u2019endroit o\u00f9 l\u2019univers rencontre votre singularit\u00e9.","publisher":{"@id":"https:\/\/tourcruiser.com\/fr\/#organization"},"potentialAction":[{"@type":"SearchAction","target":{"@type":"EntryPoint","urlTemplate":"https:\/\/tourcruiser.com\/fr\/?s={search_term_string}"},"query-input":{"@type":"PropertyValueSpecification","valueRequired":true,"valueName":"search_term_string"}}],"inLanguage":"fr-FR"},{"@type":"Organization","@id":"https:\/\/tourcruiser.com\/fr\/#organization","name":"STYLORAL PTE. LTD","url":"https:\/\/tourcruiser.com\/fr\/","logo":{"@type":"ImageObject","inLanguage":"fr-FR","@id":"https:\/\/tourcruiser.com\/fr\/#\/schema\/logo\/image\/","url":"https:\/\/www.tourcruiser.com\/wp-content\/uploads\/2025\/12\/logo.png","contentUrl":"https:\/\/www.tourcruiser.com\/wp-content\/uploads\/2025\/12\/logo.png","width":200,"height":65,"caption":"STYLORAL PTE. LTD"},"image":{"@id":"https:\/\/tourcruiser.com\/fr\/#\/schema\/logo\/image\/"}}]}},"_links":{"self":[{"href":"https:\/\/tourcruiser.com\/fr\/wp-json\/wp\/v2\/product\/172413","targetHints":{"allow":["GET"]}}],"collection":[{"href":"https:\/\/tourcruiser.com\/fr\/wp-json\/wp\/v2\/product"}],"about":[{"href":"https:\/\/tourcruiser.com\/fr\/wp-json\/wp\/v2\/types\/product"}],"replies":[{"embeddable":true,"href":"https:\/\/tourcruiser.com\/fr\/wp-json\/wp\/v2\/comments?post=172413"}],"wp:featuredmedia":[{"embeddable":true,"href":"https:\/\/tourcruiser.com\/fr\/wp-json\/wp\/v2\/media\/172414"}],"wp:attachment":[{"href":"https:\/\/tourcruiser.com\/fr\/wp-json\/wp\/v2\/media?parent=172413"}],"wp:term":[{"taxonomy":"product_brand","embeddable":true,"href":"https:\/\/tourcruiser.com\/fr\/wp-json\/wp\/v2\/product_brand?post=172413"},{"taxonomy":"product_cat","embeddable":true,"href":"https:\/\/tourcruiser.com\/fr\/wp-json\/wp\/v2\/product_cat?post=172413"},{"taxonomy":"product_tag","embeddable":true,"href":"https:\/\/tourcruiser.com\/fr\/wp-json\/wp\/v2\/product_tag?post=172413"}],"curies":[{"name":"wp","href":"https:\/\/api.w.org\/{rel}","templated":true}]}}