{"id":172315,"date":"2026-03-02T16:23:52","date_gmt":"2026-03-02T09:23:52","guid":{"rendered":"http:\/\/tourcruiser.com\/product\/nike-phantom-gx-2-pro-metallic-silver-volt"},"modified":"2026-03-14T19:38:31","modified_gmt":"2026-03-14T12:38:31","slug":"nike-phantom-gx-2-pro-metallic-silver-volt","status":"publish","type":"product","link":"https:\/\/tourcruiser.com\/fr\/products\/nike-phantom-gx-2-pro-metallic-silver-volt\/","title":{"rendered":"Nike Phantom GX 2 Pro &lsquo;Metallic Silver Volt&rsquo;"},"content":{"rendered":"<p>La Nike Phantom GX 2 Pro \u00ab\u00a0Metallic Silver Volt\u00a0\u00bb FJ2583-003 offre des performances de haut niveau et un style saisissant, id\u00e9ale pour les joueurs exigeants en mati\u00e8re de pr\u00e9cision et de contr\u00f4le sur le terrain. Dot\u00e9e d&rsquo;une empeigne synth\u00e9tique premium et de la technologie Gripknit de Nike, cette chaussure de football garantit un contr\u00f4le optimal du ballon et une excellente adh\u00e9rence quelles que soient les conditions. Son coloris argent m\u00e9tallis\u00e9 et volt lui conf\u00e8re un look moderne et assure une pr\u00e9sence remarqu\u00e9e sur le terrain. Le syst\u00e8me de la\u00e7age asym\u00e9trique Ghost Lace offre une surface de frappe nette et un maintien s\u00fbr, tandis que la semelle ext\u00e9rieure l\u00e9g\u00e8re favorise des mouvements explosifs et des changements de direction rapides. Les crampons strat\u00e9giquement plac\u00e9s optimisent la traction et la stabilit\u00e9 sur gazon naturel et synth\u00e9tique, pour une vitesse et une agilit\u00e9 optimales. Alliant performances innovantes et design \u00e9l\u00e9gant, la Nike Phantom GX 2 Pro est le choix id\u00e9al pour les athl\u00e8tes qui valorisent la pr\u00e9cision, la cr\u00e9ativit\u00e9 et le style, sur et en dehors du terrain. Con\u00e7ues pour les athl\u00e8tes de haut niveau, ces chaussures de football s&rsquo;inspirent de l&rsquo;\u00e9nergie visuelle du jeu. Elles sont indispensables pour tous ceux qui souhaitent repousser leurs limites. Coloris\u00a0: Argent m\u00e9tallis\u00e9\/Volt\/Noir R\u00e9f\u00e9rence\u00a0: FJ2583-003 Mati\u00e8re ext\u00e9rieure\u00a0: Flyknit Couleur\u00a0: Gris<\/p>\n","protected":false},"excerpt":{"rendered":"<p>Nike Phantom GX 2 Pro \u201d\u201d Metallic Silver\/Volt\/Black<\/p>\n","protected":false},"featured_media":172316,"comment_status":"open","ping_status":"closed","template":"","meta":[],"product_brand":[],"product_cat":[10803],"product_tag":[10799,10800,10847,10801,10802,10986,10987,10785,10786,10758],"class_list":{"0":"post-172315","1":"product","2":"type-product","3":"status-publish","4":"has-post-thumbnail","6":"product_cat-nike","7":"product_tag-ankle-support-basketball-shoes","8":"product_tag-basketball-shoes","9":"product_tag-best-finds-under-100","10":"product_tag-nike","11":"product_tag-performance-sport-shoes","12":"product_tag-soccer-shoes","13":"product_tag-soccer-shoes-football-cleats","14":"product_tag-trending-deals","15":"product_tag-trending-deals-under-150","16":"product_tag-under-retail","17":"wcpa_has_options","19":"first","20":"instock","21":"taxable","22":"shipping-taxable","23":"purchasable","24":"product-type-simple"},"wcpa_form_fields":{"rules":{"pric_overide_base_price":false,"pric_overide_base_price_if_gt_zero":false,"pric_overide_base_price_fully":false,"pric_cal_option_once":false,"pric_use_as_fee":false,"bind_quantity":false,"quantity_bind_formula":false},"fields":[{"type":"color-group","required":true,"elementId":"wcpa-color-group-66c4a75505e74","label":"Taille","inline":true,"priceOptions":"different_for_all","pricingType":"fixed","className":"hassizechart product-shoes-size-eu product-shoes-size","name":"color-group-66c4a75505e89","disp_type":"square","selection_type":"tick-border","disp_size":"44","show_label_inside":true,"adjust_width":true,"cart_display_type":"text","other_text":"Other","cl_rule":"show","col":6,"values":[{"label":"35.5","value":"EU 35.5","price":"","pimage":"","pimage_id":"","pthumb":"","color":""},{"label":"36","value":"EU 36","price":"","pimage":"","pimage_id":"","pthumb":"","color":"","selected":true},{"label":"36.5","value":"EU 36.5","price":"","pimage":"","pimage_id":"","pthumb":"","color":""},{"label":"37.5","value":"EU 37.5","price":"","pimage":"","pimage_id":"","pthumb":"","color":""},{"label":"38","value":"EU 38","price":"","pimage":"","pimage_id":"","pthumb":"","color":""},{"label":"38.5","value":"EU 38.5","price":"","pimage":"","pimage_id":"","pthumb":"","color":""},{"label":"39","value":"EU 39","price":"","pimage":"","pimage_id":"","pthumb":"","color":""},{"label":"40","value":"EU 40","price":"","pimage":"","pimage_id":"","pthumb":"","color":""},{"label":"40.5","value":"EU 40.5","price":"","pimage":"","pimage_id":"","pthumb":"","color":""},{"label":"41","value":"EU 41","price":"","pimage":"","pimage_id":"","pthumb":"","color":""},{"label":"42","value":"EU 42","price":"","pimage":"","pimage_id":"","pthumb":"","color":""},{"label":"42.5","value":"EU 42.5","price":"","pimage":"","pimage_id":"","pthumb":"","color":""},{"label":"43","value":"EU 43","price":"","pimage":"","pimage_id":"","pthumb":"","color":""},{"label":"44","value":"EU 44","price":"","pimage":"","pimage_id":"","pthumb":"","color":""},{"label":"44.5","value":"EU 44.5","price":"","pimage":"","pimage_id":"","pthumb":"","color":""},{"label":"45","value":"EU 45","price":"","pimage":"","pimage_id":"","pthumb":"","color":""},{"label":"45.5","value":"EU 45.5","price":"","pimage":"","pimage_id":"","pthumb":"","color":""},{"label":"46","value":"EU 46","price":"","pimage":"","pimage_id":"","pthumb":"","color":""},{"label":"47","value":"EU 47","price":"","pimage":"","pimage_id":"","pthumb":"","color":""},{"label":"47.5","value":"EU 47.5","price":"","pimage":"","pimage_id":"","pthumb":"","color":""},{"label":"48","value":"EU 48","price":"","pimage":"","pimage_id":"","pthumb":"","color":""}],"relations":[{"operator":false,"rules":[]}],"form_id":18106,"form_rules":{"pric_cal_option_once":false,"exclude_from_discount":false,"pric_use_as_fee":false,"fee_label":"Fee","render_after_acb":false,"disp_hide_options_price":false}}]},"yoast_head":"<!-- This site is optimized with the Yoast SEO plugin v26.5 - https:\/\/yoast.com\/wordpress\/plugins\/seo\/ -->\n<title>Nike Phantom GX 2 Pro &#039;Metallic Silver Volt&#039; - TOURCRUISER PTE. LTD<\/title>\n<meta name=\"robots\" content=\"index, follow, max-snippet:-1, max-image-preview:large, max-video-preview:-1\" \/>\n<link rel=\"canonical\" href=\"https:\/\/tourcruiser.com\/fr\/products\/nike-phantom-gx-2-pro-metallic-silver-volt\/\" \/>\n<meta property=\"og:locale\" content=\"fr_FR\" \/>\n<meta property=\"og:type\" content=\"article\" \/>\n<meta property=\"og:title\" content=\"Nike Phantom GX 2 Pro &#039;Metallic Silver Volt&#039; - TOURCRUISER PTE. LTD\" \/>\n<meta property=\"og:description\" content=\"Nike Phantom GX 2 Pro \u201d\u201d Metallic Silver\/Volt\/Black\" \/>\n<meta property=\"og:url\" content=\"https:\/\/tourcruiser.com\/fr\/products\/nike-phantom-gx-2-pro-metallic-silver-volt\/\" \/>\n<meta property=\"og:site_name\" content=\"Tourcruiser Sneaker Store\" \/>\n<meta property=\"article:modified_time\" content=\"2026-03-14T12:38:31+00:00\" \/>\n<meta name=\"twitter:card\" content=\"summary_large_image\" \/>\n<meta name=\"twitter:image\" content=\"https:\/\/images.novelship.com\/product\/nike_phantom_gx_2_pro__metallic_silver_volt__fj258_0_9991.jpeg\" \/>\n<meta name=\"twitter:label1\" content=\"Dur\u00e9e de lecture estim\u00e9e\" \/>\n\t<meta name=\"twitter:data1\" content=\"1 minute\" \/>\n<script type=\"application\/ld+json\" class=\"yoast-schema-graph\">{\"@context\":\"https:\/\/schema.org\",\"@graph\":[{\"@type\":\"WebPage\",\"@id\":\"https:\/\/tourcruiser.com\/fr\/products\/nike-phantom-gx-2-pro-metallic-silver-volt\/\",\"url\":\"https:\/\/tourcruiser.com\/fr\/products\/nike-phantom-gx-2-pro-metallic-silver-volt\/\",\"name\":\"Nike Phantom GX 2 Pro 'Metallic Silver Volt' - TOURCRUISER PTE. LTD\",\"isPartOf\":{\"@id\":\"https:\/\/tourcruiser.com\/fr\/#website\"},\"primaryImageOfPage\":{\"@id\":\"https:\/\/tourcruiser.com\/fr\/products\/nike-phantom-gx-2-pro-metallic-silver-volt\/#primaryimage\"},\"image\":{\"@id\":\"https:\/\/tourcruiser.com\/fr\/products\/nike-phantom-gx-2-pro-metallic-silver-volt\/#primaryimage\"},\"thumbnailUrl\":\"https:\/\/images.novelship.com\/product\/nike_phantom_gx_2_pro__metallic_silver_volt__fj258_0_9991.jpeg\",\"datePublished\":\"2026-03-02T09:23:52+00:00\",\"dateModified\":\"2026-03-14T12:38:31+00:00\",\"breadcrumb\":{\"@id\":\"https:\/\/tourcruiser.com\/fr\/products\/nike-phantom-gx-2-pro-metallic-silver-volt\/#breadcrumb\"},\"inLanguage\":\"fr-FR\",\"potentialAction\":[{\"@type\":\"ReadAction\",\"target\":[\"https:\/\/tourcruiser.com\/fr\/products\/nike-phantom-gx-2-pro-metallic-silver-volt\/\"]}]},{\"@type\":\"ImageObject\",\"inLanguage\":\"fr-FR\",\"@id\":\"https:\/\/tourcruiser.com\/fr\/products\/nike-phantom-gx-2-pro-metallic-silver-volt\/#primaryimage\",\"url\":\"https:\/\/images.novelship.com\/product\/nike_phantom_gx_2_pro__metallic_silver_volt__fj258_0_9991.jpeg\",\"contentUrl\":\"https:\/\/images.novelship.com\/product\/nike_phantom_gx_2_pro__metallic_silver_volt__fj258_0_9991.jpeg\"},{\"@type\":\"BreadcrumbList\",\"@id\":\"https:\/\/tourcruiser.com\/fr\/products\/nike-phantom-gx-2-pro-metallic-silver-volt\/#breadcrumb\",\"itemListElement\":[{\"@type\":\"ListItem\",\"position\":1,\"name\":\"Home\",\"item\":\"https:\/\/tourcruiser.com\/fr\/\"},{\"@type\":\"ListItem\",\"position\":2,\"name\":\"Shop\",\"item\":\"https:\/\/tourcruiser.com\/fr\/shop\/\"},{\"@type\":\"ListItem\",\"position\":3,\"name\":\"Nike Phantom GX 2 Pro 'Metallic Silver Volt'\"}]},{\"@type\":\"WebSite\",\"@id\":\"https:\/\/tourcruiser.com\/fr\/#website\",\"url\":\"https:\/\/tourcruiser.com\/fr\/\",\"name\":\"Styloral Jewelry Shop\",\"description\":\"Tourcruiser Sneaker Store \u2014 L\u2019endroit o\u00f9 l\u2019univers rencontre votre singularit\u00e9.\",\"publisher\":{\"@id\":\"https:\/\/tourcruiser.com\/fr\/#organization\"},\"potentialAction\":[{\"@type\":\"SearchAction\",\"target\":{\"@type\":\"EntryPoint\",\"urlTemplate\":\"https:\/\/tourcruiser.com\/fr\/?s={search_term_string}\"},\"query-input\":{\"@type\":\"PropertyValueSpecification\",\"valueRequired\":true,\"valueName\":\"search_term_string\"}}],\"inLanguage\":\"fr-FR\"},{\"@type\":\"Organization\",\"@id\":\"https:\/\/tourcruiser.com\/fr\/#organization\",\"name\":\"STYLORAL PTE. LTD\",\"url\":\"https:\/\/tourcruiser.com\/fr\/\",\"logo\":{\"@type\":\"ImageObject\",\"inLanguage\":\"fr-FR\",\"@id\":\"https:\/\/tourcruiser.com\/fr\/#\/schema\/logo\/image\/\",\"url\":\"https:\/\/www.tourcruiser.com\/wp-content\/uploads\/2025\/12\/logo.png\",\"contentUrl\":\"https:\/\/www.tourcruiser.com\/wp-content\/uploads\/2025\/12\/logo.png\",\"width\":200,\"height\":65,\"caption\":\"STYLORAL PTE. LTD\"},\"image\":{\"@id\":\"https:\/\/tourcruiser.com\/fr\/#\/schema\/logo\/image\/\"}}]}<\/script>\n<!-- \/ Yoast SEO plugin. -->","yoast_head_json":{"title":"Nike Phantom GX 2 Pro 'Metallic Silver Volt' - TOURCRUISER PTE. LTD","robots":{"index":"index","follow":"follow","max-snippet":"max-snippet:-1","max-image-preview":"max-image-preview:large","max-video-preview":"max-video-preview:-1"},"canonical":"https:\/\/tourcruiser.com\/fr\/products\/nike-phantom-gx-2-pro-metallic-silver-volt\/","og_locale":"fr_FR","og_type":"article","og_title":"Nike Phantom GX 2 Pro 'Metallic Silver Volt' - TOURCRUISER PTE. LTD","og_description":"Nike Phantom GX 2 Pro \u201d\u201d Metallic Silver\/Volt\/Black","og_url":"https:\/\/tourcruiser.com\/fr\/products\/nike-phantom-gx-2-pro-metallic-silver-volt\/","og_site_name":"Tourcruiser Sneaker Store","article_modified_time":"2026-03-14T12:38:31+00:00","twitter_card":"summary_large_image","twitter_image":"https:\/\/images.novelship.com\/product\/nike_phantom_gx_2_pro__metallic_silver_volt__fj258_0_9991.jpeg","twitter_misc":{"Dur\u00e9e de lecture estim\u00e9e":"1 minute"},"schema":{"@context":"https:\/\/schema.org","@graph":[{"@type":"WebPage","@id":"https:\/\/tourcruiser.com\/fr\/products\/nike-phantom-gx-2-pro-metallic-silver-volt\/","url":"https:\/\/tourcruiser.com\/fr\/products\/nike-phantom-gx-2-pro-metallic-silver-volt\/","name":"Nike Phantom GX 2 Pro 'Metallic Silver Volt' - TOURCRUISER PTE. LTD","isPartOf":{"@id":"https:\/\/tourcruiser.com\/fr\/#website"},"primaryImageOfPage":{"@id":"https:\/\/tourcruiser.com\/fr\/products\/nike-phantom-gx-2-pro-metallic-silver-volt\/#primaryimage"},"image":{"@id":"https:\/\/tourcruiser.com\/fr\/products\/nike-phantom-gx-2-pro-metallic-silver-volt\/#primaryimage"},"thumbnailUrl":"https:\/\/images.novelship.com\/product\/nike_phantom_gx_2_pro__metallic_silver_volt__fj258_0_9991.jpeg","datePublished":"2026-03-02T09:23:52+00:00","dateModified":"2026-03-14T12:38:31+00:00","breadcrumb":{"@id":"https:\/\/tourcruiser.com\/fr\/products\/nike-phantom-gx-2-pro-metallic-silver-volt\/#breadcrumb"},"inLanguage":"fr-FR","potentialAction":[{"@type":"ReadAction","target":["https:\/\/tourcruiser.com\/fr\/products\/nike-phantom-gx-2-pro-metallic-silver-volt\/"]}]},{"@type":"ImageObject","inLanguage":"fr-FR","@id":"https:\/\/tourcruiser.com\/fr\/products\/nike-phantom-gx-2-pro-metallic-silver-volt\/#primaryimage","url":"https:\/\/images.novelship.com\/product\/nike_phantom_gx_2_pro__metallic_silver_volt__fj258_0_9991.jpeg","contentUrl":"https:\/\/images.novelship.com\/product\/nike_phantom_gx_2_pro__metallic_silver_volt__fj258_0_9991.jpeg"},{"@type":"BreadcrumbList","@id":"https:\/\/tourcruiser.com\/fr\/products\/nike-phantom-gx-2-pro-metallic-silver-volt\/#breadcrumb","itemListElement":[{"@type":"ListItem","position":1,"name":"Home","item":"https:\/\/tourcruiser.com\/fr\/"},{"@type":"ListItem","position":2,"name":"Shop","item":"https:\/\/tourcruiser.com\/fr\/shop\/"},{"@type":"ListItem","position":3,"name":"Nike Phantom GX 2 Pro 'Metallic Silver Volt'"}]},{"@type":"WebSite","@id":"https:\/\/tourcruiser.com\/fr\/#website","url":"https:\/\/tourcruiser.com\/fr\/","name":"Styloral Jewelry Shop","description":"Tourcruiser Sneaker Store \u2014 L\u2019endroit o\u00f9 l\u2019univers rencontre votre singularit\u00e9.","publisher":{"@id":"https:\/\/tourcruiser.com\/fr\/#organization"},"potentialAction":[{"@type":"SearchAction","target":{"@type":"EntryPoint","urlTemplate":"https:\/\/tourcruiser.com\/fr\/?s={search_term_string}"},"query-input":{"@type":"PropertyValueSpecification","valueRequired":true,"valueName":"search_term_string"}}],"inLanguage":"fr-FR"},{"@type":"Organization","@id":"https:\/\/tourcruiser.com\/fr\/#organization","name":"STYLORAL PTE. LTD","url":"https:\/\/tourcruiser.com\/fr\/","logo":{"@type":"ImageObject","inLanguage":"fr-FR","@id":"https:\/\/tourcruiser.com\/fr\/#\/schema\/logo\/image\/","url":"https:\/\/www.tourcruiser.com\/wp-content\/uploads\/2025\/12\/logo.png","contentUrl":"https:\/\/www.tourcruiser.com\/wp-content\/uploads\/2025\/12\/logo.png","width":200,"height":65,"caption":"STYLORAL PTE. LTD"},"image":{"@id":"https:\/\/tourcruiser.com\/fr\/#\/schema\/logo\/image\/"}}]}},"_links":{"self":[{"href":"https:\/\/tourcruiser.com\/fr\/wp-json\/wp\/v2\/product\/172315","targetHints":{"allow":["GET"]}}],"collection":[{"href":"https:\/\/tourcruiser.com\/fr\/wp-json\/wp\/v2\/product"}],"about":[{"href":"https:\/\/tourcruiser.com\/fr\/wp-json\/wp\/v2\/types\/product"}],"replies":[{"embeddable":true,"href":"https:\/\/tourcruiser.com\/fr\/wp-json\/wp\/v2\/comments?post=172315"}],"wp:featuredmedia":[{"embeddable":true,"href":"https:\/\/tourcruiser.com\/fr\/wp-json\/wp\/v2\/media\/172316"}],"wp:attachment":[{"href":"https:\/\/tourcruiser.com\/fr\/wp-json\/wp\/v2\/media?parent=172315"}],"wp:term":[{"taxonomy":"product_brand","embeddable":true,"href":"https:\/\/tourcruiser.com\/fr\/wp-json\/wp\/v2\/product_brand?post=172315"},{"taxonomy":"product_cat","embeddable":true,"href":"https:\/\/tourcruiser.com\/fr\/wp-json\/wp\/v2\/product_cat?post=172315"},{"taxonomy":"product_tag","embeddable":true,"href":"https:\/\/tourcruiser.com\/fr\/wp-json\/wp\/v2\/product_tag?post=172315"}],"curies":[{"name":"wp","href":"https:\/\/api.w.org\/{rel}","templated":true}]}}