{"id":172126,"date":"2026-03-02T16:23:38","date_gmt":"2026-03-02T09:23:38","guid":{"rendered":"http:\/\/tourcruiser.com\/product\/asics-gel-quantum-kinetic-dark-sepia"},"modified":"2026-03-14T18:14:24","modified_gmt":"2026-03-14T11:14:24","slug":"asics-gel-quantum-kinetic-dark-sepia","status":"publish","type":"product","link":"https:\/\/tourcruiser.com\/fr\/products\/asics-gel-quantum-kinetic-dark-sepia\/","title":{"rendered":"ASICS Gel Quantum Kinetic &lsquo;Dark Sepia&rsquo;"},"content":{"rendered":"<p>D\u00e9couvrez le futur de la performance et du style avec l&rsquo;ASICS Gel Quantum Kinetic \u00ab Dark Sepia \u00bb 1203A270-253 \u2013 la fusion parfaite entre technologie de pointe et design contemporain. Gr\u00e2ce \u00e0 son syst\u00e8me d&rsquo;amorti avanc\u00e9 dot\u00e9 de la technologie GEL \u00e9prouv\u00e9e d&rsquo;ASICS, cette chaussure offre un confort in\u00e9gal\u00e9 et une absorption des chocs optimale, la rendant id\u00e9ale pour les athl\u00e8tes comme pour les sportifs de loisir. Son \u00e9l\u00e9gant coloris \u00ab Dark Sepia \u00bb apporte une touche sophistiqu\u00e9e et polyvalente, en faisant le compagnon id\u00e9al sur tous les terrains, de la salle de sport \u00e0 la ville. L&#8217;empeigne en maille sans coutures assure une excellente respirabilit\u00e9 et un ajustement confortable et adaptatif, offrant un maintien optimal \u00e0 vos pieds tout au long de la journ\u00e9e. La semelle ext\u00e9rieure en caoutchouc durable offre une adh\u00e9rence et une traction exceptionnelles pour une marche en toute s\u00e9curit\u00e9 sur toutes les surfaces. Que vous repoussiez vos limites lors d&rsquo;un entra\u00eenement intense ou que vous vous promeniez tranquillement, l&rsquo;ASICS Gel Quantum Kinetic allie fonctionnalit\u00e9 dynamique et esth\u00e9tique intemporelle. Cette sneaker a \u00e9t\u00e9 con\u00e7ue sp\u00e9cifiquement pour un public international qui valorise le confort, la durabilit\u00e9 et le style, \u00e9tablissant de nouvelles normes en mati\u00e8re d&rsquo;innovation dans le domaine de la chaussure. Couleur\u00a0: S\u00e9pia fonc\u00e9\/Noir Num\u00e9ro d&rsquo;article\u00a0: 1203A270-253 Tige\u00a0: Mesh Semelle interm\u00e9diaire\u00a0: Gel Couleur\u00a0: Noir<\/p>\n","protected":false},"excerpt":{"rendered":"<p>ASICS Gel Quantum Kinetic \u201d\u201d Dark Sepia\/Black<\/p>\n","protected":false},"featured_media":172127,"comment_status":"open","ping_status":"closed","template":"","meta":[],"product_brand":[],"product_cat":[10792],"product_tag":[10791,10750,10754,10765,10768,10840,10758],"class_list":{"0":"post-172126","1":"product","2":"type-product","3":"status-publish","4":"has-post-thumbnail","6":"product_cat-asics","7":"product_tag-asics","8":"product_tag-athleisure-shoes","9":"product_tag-lifestyle-casual-shoes","10":"product_tag-lifestyle-shoes-running-inspired","11":"product_tag-retro-running-shoes","12":"product_tag-running-shoes","13":"product_tag-under-retail","14":"wcpa_has_options","16":"first","17":"instock","18":"sale","19":"taxable","20":"shipping-taxable","21":"purchasable","22":"product-type-simple"},"wcpa_form_fields":{"rules":{"pric_overide_base_price":false,"pric_overide_base_price_if_gt_zero":false,"pric_overide_base_price_fully":false,"pric_cal_option_once":false,"pric_use_as_fee":false,"bind_quantity":false,"quantity_bind_formula":false},"fields":[{"type":"color-group","required":true,"elementId":"wcpa-color-group-69a5ab08ee12d","label":"Taille","inline":true,"priceOptions":"different_for_all","pricingType":"fixed","className":"hassizechart product-shoes-size-eu product-shoes-size","name":"color-group-69a5ab08ee136","disp_type":"square","selection_type":"tick-border","disp_size":"50","show_label_inside":true,"adjust_width":true,"cart_display_type":"text","other_text":"Other","cl_rule":"show","col":6,"values":[{"label":"36","value":"EU 36","price":"","pimage":"","pimage_id":"","pthumb":"","color":"","selected":true},{"label":"37","value":"EU 37","price":"","pimage":"","pimage_id":"","pthumb":"","color":""},{"label":"37.5","value":"EU 37.5","price":"","pimage":"","pimage_id":"","pthumb":"","color":""},{"label":"38","value":"EU 38","price":"","pimage":"","pimage_id":"","pthumb":"","color":""},{"label":"38.5","value":"EU 38.5","price":"","pimage":"","pimage_id":"","pthumb":"","color":""},{"label":"39","value":"EU 39","price":"","pimage":"","pimage_id":"","pthumb":"","color":""},{"label":"39.5","value":"EU 39.5","price":"","pimage":"","pimage_id":"","pthumb":"","color":""},{"label":"40","value":"EU 40","price":"","pimage":"","pimage_id":"","pthumb":"","color":""},{"label":"40.5","value":"EU 40.5","price":"","pimage":"","pimage_id":"","pthumb":"","color":""},{"label":" 41.5","value":"EU 41.5","price":"","pimage":"","pimage_id":"","pthumb":"","color":""},{"label":"42","value":"EU 42","price":"","pimage":"","pimage_id":"","pthumb":"","color":""},{"label":"42.5","value":"EU 42.5","price":"","pimage":"","pimage_id":"","pthumb":"","color":""},{"label":"43","value":"EU 43","price":"","pimage":"","pimage_id":"","pthumb":"","color":""},{"label":"44","value":"EU 44","price":"","pimage":"","pimage_id":"","pthumb":"","color":""},{"label":"44.5","value":"EU 44.5","price":"","pimage":"","pimage_id":"","pthumb":"","color":""},{"label":"45","value":"EU 45","price":"","pimage":"","pimage_id":"","pthumb":"","color":""},{"label":"45.5","value":"EU 45.5","price":"","pimage":"","pimage_id":"","pthumb":"","color":""},{"label":"46","value":"EU 46","price":"","pimage":"","pimage_id":"","pthumb":"","color":""},{"label":"46.5","value":"EU 46.5","price":"","pimage":"","pimage_id":"","pthumb":"","color":""},{"label":"47","value":"EU 47","price":"","pimage":"","pimage_id":"","pthumb":"","color":""}],"relations":[{"operator":false,"rules":[]}],"form_id":184311,"form_rules":{"pric_cal_option_once":false,"exclude_from_discount":false,"pric_use_as_fee":false,"fee_label":"Fee","render_after_acb":false,"disp_hide_options_price":false}}]},"yoast_head":"<!-- This site is optimized with the Yoast SEO plugin v26.5 - https:\/\/yoast.com\/wordpress\/plugins\/seo\/ -->\n<title>ASICS Gel Quantum Kinetic &#039;Dark Sepia&#039; - TOURCRUISER PTE. LTD<\/title>\n<meta name=\"robots\" content=\"index, follow, max-snippet:-1, max-image-preview:large, max-video-preview:-1\" \/>\n<link rel=\"canonical\" href=\"https:\/\/tourcruiser.com\/fr\/products\/asics-gel-quantum-kinetic-dark-sepia\/\" \/>\n<meta property=\"og:locale\" content=\"fr_FR\" \/>\n<meta property=\"og:type\" content=\"article\" \/>\n<meta property=\"og:title\" content=\"ASICS Gel Quantum Kinetic &#039;Dark Sepia&#039; - TOURCRUISER PTE. LTD\" \/>\n<meta property=\"og:description\" content=\"ASICS Gel Quantum Kinetic \u201d\u201d Dark Sepia\/Black\" \/>\n<meta property=\"og:url\" content=\"https:\/\/tourcruiser.com\/fr\/products\/asics-gel-quantum-kinetic-dark-sepia\/\" \/>\n<meta property=\"og:site_name\" content=\"Tourcruiser Sneaker Store\" \/>\n<meta property=\"article:modified_time\" content=\"2026-03-14T11:14:24+00:00\" \/>\n<meta name=\"twitter:card\" content=\"summary_large_image\" \/>\n<meta name=\"twitter:image\" content=\"https:\/\/images.novelship.com\/product\/asics_gel_quantum_kinetic__dark_sepia__1203a270-25_0_12512.jpeg\" \/>\n<meta name=\"twitter:label1\" content=\"Dur\u00e9e de lecture estim\u00e9e\" \/>\n\t<meta name=\"twitter:data1\" content=\"1 minute\" \/>\n<script type=\"application\/ld+json\" class=\"yoast-schema-graph\">{\"@context\":\"https:\/\/schema.org\",\"@graph\":[{\"@type\":\"WebPage\",\"@id\":\"https:\/\/tourcruiser.com\/fr\/products\/asics-gel-quantum-kinetic-dark-sepia\/\",\"url\":\"https:\/\/tourcruiser.com\/fr\/products\/asics-gel-quantum-kinetic-dark-sepia\/\",\"name\":\"ASICS Gel Quantum Kinetic 'Dark Sepia' - TOURCRUISER PTE. LTD\",\"isPartOf\":{\"@id\":\"https:\/\/tourcruiser.com\/fr\/#website\"},\"primaryImageOfPage\":{\"@id\":\"https:\/\/tourcruiser.com\/fr\/products\/asics-gel-quantum-kinetic-dark-sepia\/#primaryimage\"},\"image\":{\"@id\":\"https:\/\/tourcruiser.com\/fr\/products\/asics-gel-quantum-kinetic-dark-sepia\/#primaryimage\"},\"thumbnailUrl\":\"https:\/\/images.novelship.com\/product\/asics_gel_quantum_kinetic__dark_sepia__1203a270-25_0_12512.jpeg\",\"datePublished\":\"2026-03-02T09:23:38+00:00\",\"dateModified\":\"2026-03-14T11:14:24+00:00\",\"breadcrumb\":{\"@id\":\"https:\/\/tourcruiser.com\/fr\/products\/asics-gel-quantum-kinetic-dark-sepia\/#breadcrumb\"},\"inLanguage\":\"fr-FR\",\"potentialAction\":[{\"@type\":\"ReadAction\",\"target\":[\"https:\/\/tourcruiser.com\/fr\/products\/asics-gel-quantum-kinetic-dark-sepia\/\"]}]},{\"@type\":\"ImageObject\",\"inLanguage\":\"fr-FR\",\"@id\":\"https:\/\/tourcruiser.com\/fr\/products\/asics-gel-quantum-kinetic-dark-sepia\/#primaryimage\",\"url\":\"https:\/\/images.novelship.com\/product\/asics_gel_quantum_kinetic__dark_sepia__1203a270-25_0_12512.jpeg\",\"contentUrl\":\"https:\/\/images.novelship.com\/product\/asics_gel_quantum_kinetic__dark_sepia__1203a270-25_0_12512.jpeg\"},{\"@type\":\"BreadcrumbList\",\"@id\":\"https:\/\/tourcruiser.com\/fr\/products\/asics-gel-quantum-kinetic-dark-sepia\/#breadcrumb\",\"itemListElement\":[{\"@type\":\"ListItem\",\"position\":1,\"name\":\"Home\",\"item\":\"https:\/\/tourcruiser.com\/fr\/\"},{\"@type\":\"ListItem\",\"position\":2,\"name\":\"Shop\",\"item\":\"https:\/\/tourcruiser.com\/fr\/shop\/\"},{\"@type\":\"ListItem\",\"position\":3,\"name\":\"ASICS Gel Quantum Kinetic 'Dark Sepia'\"}]},{\"@type\":\"WebSite\",\"@id\":\"https:\/\/tourcruiser.com\/fr\/#website\",\"url\":\"https:\/\/tourcruiser.com\/fr\/\",\"name\":\"Styloral Jewelry Shop\",\"description\":\"Tourcruiser Sneaker Store \u2014 L\u2019endroit o\u00f9 l\u2019univers rencontre votre singularit\u00e9.\",\"publisher\":{\"@id\":\"https:\/\/tourcruiser.com\/fr\/#organization\"},\"potentialAction\":[{\"@type\":\"SearchAction\",\"target\":{\"@type\":\"EntryPoint\",\"urlTemplate\":\"https:\/\/tourcruiser.com\/fr\/?s={search_term_string}\"},\"query-input\":{\"@type\":\"PropertyValueSpecification\",\"valueRequired\":true,\"valueName\":\"search_term_string\"}}],\"inLanguage\":\"fr-FR\"},{\"@type\":\"Organization\",\"@id\":\"https:\/\/tourcruiser.com\/fr\/#organization\",\"name\":\"STYLORAL PTE. LTD\",\"url\":\"https:\/\/tourcruiser.com\/fr\/\",\"logo\":{\"@type\":\"ImageObject\",\"inLanguage\":\"fr-FR\",\"@id\":\"https:\/\/tourcruiser.com\/fr\/#\/schema\/logo\/image\/\",\"url\":\"https:\/\/www.tourcruiser.com\/wp-content\/uploads\/2025\/12\/logo.png\",\"contentUrl\":\"https:\/\/www.tourcruiser.com\/wp-content\/uploads\/2025\/12\/logo.png\",\"width\":200,\"height\":65,\"caption\":\"STYLORAL PTE. LTD\"},\"image\":{\"@id\":\"https:\/\/tourcruiser.com\/fr\/#\/schema\/logo\/image\/\"}}]}<\/script>\n<!-- \/ Yoast SEO plugin. -->","yoast_head_json":{"title":"ASICS Gel Quantum Kinetic 'Dark Sepia' - TOURCRUISER PTE. LTD","robots":{"index":"index","follow":"follow","max-snippet":"max-snippet:-1","max-image-preview":"max-image-preview:large","max-video-preview":"max-video-preview:-1"},"canonical":"https:\/\/tourcruiser.com\/fr\/products\/asics-gel-quantum-kinetic-dark-sepia\/","og_locale":"fr_FR","og_type":"article","og_title":"ASICS Gel Quantum Kinetic 'Dark Sepia' - TOURCRUISER PTE. LTD","og_description":"ASICS Gel Quantum Kinetic \u201d\u201d Dark Sepia\/Black","og_url":"https:\/\/tourcruiser.com\/fr\/products\/asics-gel-quantum-kinetic-dark-sepia\/","og_site_name":"Tourcruiser Sneaker Store","article_modified_time":"2026-03-14T11:14:24+00:00","twitter_card":"summary_large_image","twitter_image":"https:\/\/images.novelship.com\/product\/asics_gel_quantum_kinetic__dark_sepia__1203a270-25_0_12512.jpeg","twitter_misc":{"Dur\u00e9e de lecture estim\u00e9e":"1 minute"},"schema":{"@context":"https:\/\/schema.org","@graph":[{"@type":"WebPage","@id":"https:\/\/tourcruiser.com\/fr\/products\/asics-gel-quantum-kinetic-dark-sepia\/","url":"https:\/\/tourcruiser.com\/fr\/products\/asics-gel-quantum-kinetic-dark-sepia\/","name":"ASICS Gel Quantum Kinetic 'Dark Sepia' - TOURCRUISER PTE. LTD","isPartOf":{"@id":"https:\/\/tourcruiser.com\/fr\/#website"},"primaryImageOfPage":{"@id":"https:\/\/tourcruiser.com\/fr\/products\/asics-gel-quantum-kinetic-dark-sepia\/#primaryimage"},"image":{"@id":"https:\/\/tourcruiser.com\/fr\/products\/asics-gel-quantum-kinetic-dark-sepia\/#primaryimage"},"thumbnailUrl":"https:\/\/images.novelship.com\/product\/asics_gel_quantum_kinetic__dark_sepia__1203a270-25_0_12512.jpeg","datePublished":"2026-03-02T09:23:38+00:00","dateModified":"2026-03-14T11:14:24+00:00","breadcrumb":{"@id":"https:\/\/tourcruiser.com\/fr\/products\/asics-gel-quantum-kinetic-dark-sepia\/#breadcrumb"},"inLanguage":"fr-FR","potentialAction":[{"@type":"ReadAction","target":["https:\/\/tourcruiser.com\/fr\/products\/asics-gel-quantum-kinetic-dark-sepia\/"]}]},{"@type":"ImageObject","inLanguage":"fr-FR","@id":"https:\/\/tourcruiser.com\/fr\/products\/asics-gel-quantum-kinetic-dark-sepia\/#primaryimage","url":"https:\/\/images.novelship.com\/product\/asics_gel_quantum_kinetic__dark_sepia__1203a270-25_0_12512.jpeg","contentUrl":"https:\/\/images.novelship.com\/product\/asics_gel_quantum_kinetic__dark_sepia__1203a270-25_0_12512.jpeg"},{"@type":"BreadcrumbList","@id":"https:\/\/tourcruiser.com\/fr\/products\/asics-gel-quantum-kinetic-dark-sepia\/#breadcrumb","itemListElement":[{"@type":"ListItem","position":1,"name":"Home","item":"https:\/\/tourcruiser.com\/fr\/"},{"@type":"ListItem","position":2,"name":"Shop","item":"https:\/\/tourcruiser.com\/fr\/shop\/"},{"@type":"ListItem","position":3,"name":"ASICS Gel Quantum Kinetic 'Dark Sepia'"}]},{"@type":"WebSite","@id":"https:\/\/tourcruiser.com\/fr\/#website","url":"https:\/\/tourcruiser.com\/fr\/","name":"Styloral Jewelry Shop","description":"Tourcruiser Sneaker Store \u2014 L\u2019endroit o\u00f9 l\u2019univers rencontre votre singularit\u00e9.","publisher":{"@id":"https:\/\/tourcruiser.com\/fr\/#organization"},"potentialAction":[{"@type":"SearchAction","target":{"@type":"EntryPoint","urlTemplate":"https:\/\/tourcruiser.com\/fr\/?s={search_term_string}"},"query-input":{"@type":"PropertyValueSpecification","valueRequired":true,"valueName":"search_term_string"}}],"inLanguage":"fr-FR"},{"@type":"Organization","@id":"https:\/\/tourcruiser.com\/fr\/#organization","name":"STYLORAL PTE. LTD","url":"https:\/\/tourcruiser.com\/fr\/","logo":{"@type":"ImageObject","inLanguage":"fr-FR","@id":"https:\/\/tourcruiser.com\/fr\/#\/schema\/logo\/image\/","url":"https:\/\/www.tourcruiser.com\/wp-content\/uploads\/2025\/12\/logo.png","contentUrl":"https:\/\/www.tourcruiser.com\/wp-content\/uploads\/2025\/12\/logo.png","width":200,"height":65,"caption":"STYLORAL PTE. LTD"},"image":{"@id":"https:\/\/tourcruiser.com\/fr\/#\/schema\/logo\/image\/"}}]}},"_links":{"self":[{"href":"https:\/\/tourcruiser.com\/fr\/wp-json\/wp\/v2\/product\/172126","targetHints":{"allow":["GET"]}}],"collection":[{"href":"https:\/\/tourcruiser.com\/fr\/wp-json\/wp\/v2\/product"}],"about":[{"href":"https:\/\/tourcruiser.com\/fr\/wp-json\/wp\/v2\/types\/product"}],"replies":[{"embeddable":true,"href":"https:\/\/tourcruiser.com\/fr\/wp-json\/wp\/v2\/comments?post=172126"}],"wp:featuredmedia":[{"embeddable":true,"href":"https:\/\/tourcruiser.com\/fr\/wp-json\/wp\/v2\/media\/172127"}],"wp:attachment":[{"href":"https:\/\/tourcruiser.com\/fr\/wp-json\/wp\/v2\/media?parent=172126"}],"wp:term":[{"taxonomy":"product_brand","embeddable":true,"href":"https:\/\/tourcruiser.com\/fr\/wp-json\/wp\/v2\/product_brand?post=172126"},{"taxonomy":"product_cat","embeddable":true,"href":"https:\/\/tourcruiser.com\/fr\/wp-json\/wp\/v2\/product_cat?post=172126"},{"taxonomy":"product_tag","embeddable":true,"href":"https:\/\/tourcruiser.com\/fr\/wp-json\/wp\/v2\/product_tag?post=172126"}],"curies":[{"name":"wp","href":"https:\/\/api.w.org\/{rel}","templated":true}]}}