{"id":171921,"date":"2026-03-02T16:23:16","date_gmt":"2026-03-02T09:23:16","guid":{"rendered":"http:\/\/tourcruiser.com\/product\/hal-studios-x-asics-gel-nyc-20-brown"},"modified":"2026-03-14T19:38:09","modified_gmt":"2026-03-14T12:38:09","slug":"hal-studios-x-asics-gel-nyc-20-brown","status":"publish","type":"product","link":"https:\/\/tourcruiser.com\/fr\/products\/hal-studios-x-asics-gel-nyc-20-brown\/","title":{"rendered":"HAL STUDIOS x ASICS Gel NYC 2.0 &lsquo;Brown&rsquo;"},"content":{"rendered":"<p>Avec la HAL STUDIOS x ASICS Gel NYC 2.0 \u00ab\u00a0Brown\u00a0\u00bb, apportez une touche d&rsquo;originalit\u00e9 \u00e0 votre style\u00a0: un mariage harmonieux de savoir-faire haut de gamme et de technologies de confort innovantes. Cette collaboration allie design moderne et performance optimale, et s\u00e9duit par sa riche palette de bruns naturels qui respire l&rsquo;\u00e9l\u00e9gance et la polyvalence. Dot\u00e9e de l&rsquo;amorti GEL embl\u00e9matique d&rsquo;ASICS pour un maintien in\u00e9gal\u00e9, d&rsquo;une tige respirante et d&rsquo;une semelle ext\u00e9rieure r\u00e9sistante, cette chaussure est id\u00e9ale pour les explorateurs urbains et tous ceux qui m\u00e8nent une vie active. Son design sans coutures garantit un confort optimal tout au long de la journ\u00e9e, tout en assurant un look moderne et \u00e9pur\u00e9 qui s&rsquo;accorde facilement avec toutes vos tenues. Gr\u00e2ce \u00e0 une attention m\u00e9ticuleuse port\u00e9e aux d\u00e9tails et \u00e0 des mat\u00e9riaux de haute qualit\u00e9, la HAL STUDIOS x ASICS Gel NYC 2.0 \u00ab\u00a0Brown\u00a0\u00bb offre l&rsquo;\u00e9quilibre parfait entre fonctionnalit\u00e9 et style, ce qui en fait un accessoire indispensable de votre garde-robe. Coloris\u00a0: Marron\/Noir-Rouge R\u00e9f\u00e9rence\u00a0: 1203A896-200 Mati\u00e8re ext\u00e9rieure\u00a0: Textile Semelle interm\u00e9diaire\u00a0: Gel Couleur\u00a0: Marron Saison\u00a0: Hiver Ann\u00e9e de sortie\u00a0: 2026<\/p>\n","protected":false},"excerpt":{"rendered":"<p>ASICS Gel NYC 2.0 \u201d\u201d Brown\/Black-Red<\/p>\n","protected":false},"featured_media":171922,"comment_status":"open","ping_status":"closed","template":"","meta":[],"product_brand":[],"product_cat":[10792],"product_tag":[10791,10750,10754,10765,10768,10758],"class_list":{"0":"post-171921","1":"product","2":"type-product","3":"status-publish","4":"has-post-thumbnail","6":"product_cat-asics","7":"product_tag-asics","8":"product_tag-athleisure-shoes","9":"product_tag-lifestyle-casual-shoes","10":"product_tag-lifestyle-shoes-running-inspired","11":"product_tag-retro-running-shoes","12":"product_tag-under-retail","13":"wcpa_has_options","15":"first","16":"instock","17":"taxable","18":"shipping-taxable","19":"purchasable","20":"product-type-simple"},"wcpa_form_fields":{"rules":{"pric_overide_base_price":false,"pric_overide_base_price_if_gt_zero":false,"pric_overide_base_price_fully":false,"pric_cal_option_once":false,"pric_use_as_fee":false,"bind_quantity":false,"quantity_bind_formula":false},"fields":[{"type":"color-group","required":true,"elementId":"wcpa-color-group-69a5ab08ee12d","label":"Taille","inline":true,"priceOptions":"different_for_all","pricingType":"fixed","className":"hassizechart product-shoes-size-eu product-shoes-size","name":"color-group-69a5ab08ee136","disp_type":"square","selection_type":"tick-border","disp_size":"50","show_label_inside":true,"adjust_width":true,"cart_display_type":"text","other_text":"Other","cl_rule":"show","col":6,"values":[{"label":"36","value":"EU 36","price":"","pimage":"","pimage_id":"","pthumb":"","color":"","selected":true},{"label":"37","value":"EU 37","price":"","pimage":"","pimage_id":"","pthumb":"","color":""},{"label":"37.5","value":"EU 37.5","price":"","pimage":"","pimage_id":"","pthumb":"","color":""},{"label":"38","value":"EU 38","price":"","pimage":"","pimage_id":"","pthumb":"","color":""},{"label":"38.5","value":"EU 38.5","price":"","pimage":"","pimage_id":"","pthumb":"","color":""},{"label":"39","value":"EU 39","price":"","pimage":"","pimage_id":"","pthumb":"","color":""},{"label":"39.5","value":"EU 39.5","price":"","pimage":"","pimage_id":"","pthumb":"","color":""},{"label":"40","value":"EU 40","price":"","pimage":"","pimage_id":"","pthumb":"","color":""},{"label":"40.5","value":"EU 40.5","price":"","pimage":"","pimage_id":"","pthumb":"","color":""},{"label":" 41.5","value":"EU 41.5","price":"","pimage":"","pimage_id":"","pthumb":"","color":""},{"label":"42","value":"EU 42","price":"","pimage":"","pimage_id":"","pthumb":"","color":""},{"label":"42.5","value":"EU 42.5","price":"","pimage":"","pimage_id":"","pthumb":"","color":""},{"label":"43","value":"EU 43","price":"","pimage":"","pimage_id":"","pthumb":"","color":""},{"label":"44","value":"EU 44","price":"","pimage":"","pimage_id":"","pthumb":"","color":""},{"label":"44.5","value":"EU 44.5","price":"","pimage":"","pimage_id":"","pthumb":"","color":""},{"label":"45","value":"EU 45","price":"","pimage":"","pimage_id":"","pthumb":"","color":""},{"label":"45.5","value":"EU 45.5","price":"","pimage":"","pimage_id":"","pthumb":"","color":""},{"label":"46","value":"EU 46","price":"","pimage":"","pimage_id":"","pthumb":"","color":""},{"label":"46.5","value":"EU 46.5","price":"","pimage":"","pimage_id":"","pthumb":"","color":""},{"label":"47","value":"EU 47","price":"","pimage":"","pimage_id":"","pthumb":"","color":""}],"relations":[{"operator":false,"rules":[]}],"form_id":184311,"form_rules":{"pric_cal_option_once":false,"exclude_from_discount":false,"pric_use_as_fee":false,"fee_label":"Fee","render_after_acb":false,"disp_hide_options_price":false}}]},"yoast_head":"<!-- This site is optimized with the Yoast SEO plugin v26.5 - https:\/\/yoast.com\/wordpress\/plugins\/seo\/ -->\n<title>HAL STUDIOS x ASICS Gel NYC 2.0 &#039;Brown&#039; - TOURCRUISER PTE. LTD<\/title>\n<meta name=\"robots\" content=\"index, follow, max-snippet:-1, max-image-preview:large, max-video-preview:-1\" \/>\n<link rel=\"canonical\" href=\"https:\/\/tourcruiser.com\/fr\/products\/hal-studios-x-asics-gel-nyc-20-brown\/\" \/>\n<meta property=\"og:locale\" content=\"fr_FR\" \/>\n<meta property=\"og:type\" content=\"article\" \/>\n<meta property=\"og:title\" content=\"HAL STUDIOS x ASICS Gel NYC 2.0 &#039;Brown&#039; - TOURCRUISER PTE. LTD\" \/>\n<meta property=\"og:description\" content=\"ASICS Gel NYC 2.0 \u201d\u201d Brown\/Black-Red\" \/>\n<meta property=\"og:url\" content=\"https:\/\/tourcruiser.com\/fr\/products\/hal-studios-x-asics-gel-nyc-20-brown\/\" \/>\n<meta property=\"og:site_name\" content=\"Tourcruiser Sneaker Store\" \/>\n<meta property=\"article:modified_time\" content=\"2026-03-14T12:38:09+00:00\" \/>\n<meta name=\"twitter:card\" content=\"summary_large_image\" \/>\n<meta name=\"twitter:image\" content=\"https:\/\/images.novelship.com\/product\/hal_studios_x_asics_gel_nyc_2_0__brown__1203a896-2_0_61706.jpeg\" \/>\n<meta name=\"twitter:label1\" content=\"Dur\u00e9e de lecture estim\u00e9e\" \/>\n\t<meta name=\"twitter:data1\" content=\"1 minute\" \/>\n<script type=\"application\/ld+json\" class=\"yoast-schema-graph\">{\"@context\":\"https:\/\/schema.org\",\"@graph\":[{\"@type\":\"WebPage\",\"@id\":\"https:\/\/tourcruiser.com\/fr\/products\/hal-studios-x-asics-gel-nyc-20-brown\/\",\"url\":\"https:\/\/tourcruiser.com\/fr\/products\/hal-studios-x-asics-gel-nyc-20-brown\/\",\"name\":\"HAL STUDIOS x ASICS Gel NYC 2.0 'Brown' - TOURCRUISER PTE. LTD\",\"isPartOf\":{\"@id\":\"https:\/\/tourcruiser.com\/fr\/#website\"},\"primaryImageOfPage\":{\"@id\":\"https:\/\/tourcruiser.com\/fr\/products\/hal-studios-x-asics-gel-nyc-20-brown\/#primaryimage\"},\"image\":{\"@id\":\"https:\/\/tourcruiser.com\/fr\/products\/hal-studios-x-asics-gel-nyc-20-brown\/#primaryimage\"},\"thumbnailUrl\":\"https:\/\/images.novelship.com\/product\/hal_studios_x_asics_gel_nyc_2_0__brown__1203a896-2_0_61706.jpeg\",\"datePublished\":\"2026-03-02T09:23:16+00:00\",\"dateModified\":\"2026-03-14T12:38:09+00:00\",\"breadcrumb\":{\"@id\":\"https:\/\/tourcruiser.com\/fr\/products\/hal-studios-x-asics-gel-nyc-20-brown\/#breadcrumb\"},\"inLanguage\":\"fr-FR\",\"potentialAction\":[{\"@type\":\"ReadAction\",\"target\":[\"https:\/\/tourcruiser.com\/fr\/products\/hal-studios-x-asics-gel-nyc-20-brown\/\"]}]},{\"@type\":\"ImageObject\",\"inLanguage\":\"fr-FR\",\"@id\":\"https:\/\/tourcruiser.com\/fr\/products\/hal-studios-x-asics-gel-nyc-20-brown\/#primaryimage\",\"url\":\"https:\/\/images.novelship.com\/product\/hal_studios_x_asics_gel_nyc_2_0__brown__1203a896-2_0_61706.jpeg\",\"contentUrl\":\"https:\/\/images.novelship.com\/product\/hal_studios_x_asics_gel_nyc_2_0__brown__1203a896-2_0_61706.jpeg\"},{\"@type\":\"BreadcrumbList\",\"@id\":\"https:\/\/tourcruiser.com\/fr\/products\/hal-studios-x-asics-gel-nyc-20-brown\/#breadcrumb\",\"itemListElement\":[{\"@type\":\"ListItem\",\"position\":1,\"name\":\"Home\",\"item\":\"https:\/\/tourcruiser.com\/fr\/\"},{\"@type\":\"ListItem\",\"position\":2,\"name\":\"Shop\",\"item\":\"https:\/\/tourcruiser.com\/fr\/shop\/\"},{\"@type\":\"ListItem\",\"position\":3,\"name\":\"HAL STUDIOS x ASICS Gel NYC 2.0 'Brown'\"}]},{\"@type\":\"WebSite\",\"@id\":\"https:\/\/tourcruiser.com\/fr\/#website\",\"url\":\"https:\/\/tourcruiser.com\/fr\/\",\"name\":\"Styloral Jewelry Shop\",\"description\":\"Tourcruiser Sneaker Store \u2014 L\u2019endroit o\u00f9 l\u2019univers rencontre votre singularit\u00e9.\",\"publisher\":{\"@id\":\"https:\/\/tourcruiser.com\/fr\/#organization\"},\"potentialAction\":[{\"@type\":\"SearchAction\",\"target\":{\"@type\":\"EntryPoint\",\"urlTemplate\":\"https:\/\/tourcruiser.com\/fr\/?s={search_term_string}\"},\"query-input\":{\"@type\":\"PropertyValueSpecification\",\"valueRequired\":true,\"valueName\":\"search_term_string\"}}],\"inLanguage\":\"fr-FR\"},{\"@type\":\"Organization\",\"@id\":\"https:\/\/tourcruiser.com\/fr\/#organization\",\"name\":\"STYLORAL PTE. LTD\",\"url\":\"https:\/\/tourcruiser.com\/fr\/\",\"logo\":{\"@type\":\"ImageObject\",\"inLanguage\":\"fr-FR\",\"@id\":\"https:\/\/tourcruiser.com\/fr\/#\/schema\/logo\/image\/\",\"url\":\"https:\/\/www.tourcruiser.com\/wp-content\/uploads\/2025\/12\/logo.png\",\"contentUrl\":\"https:\/\/www.tourcruiser.com\/wp-content\/uploads\/2025\/12\/logo.png\",\"width\":200,\"height\":65,\"caption\":\"STYLORAL PTE. LTD\"},\"image\":{\"@id\":\"https:\/\/tourcruiser.com\/fr\/#\/schema\/logo\/image\/\"}}]}<\/script>\n<!-- \/ Yoast SEO plugin. -->","yoast_head_json":{"title":"HAL STUDIOS x ASICS Gel NYC 2.0 'Brown' - TOURCRUISER PTE. LTD","robots":{"index":"index","follow":"follow","max-snippet":"max-snippet:-1","max-image-preview":"max-image-preview:large","max-video-preview":"max-video-preview:-1"},"canonical":"https:\/\/tourcruiser.com\/fr\/products\/hal-studios-x-asics-gel-nyc-20-brown\/","og_locale":"fr_FR","og_type":"article","og_title":"HAL STUDIOS x ASICS Gel NYC 2.0 'Brown' - TOURCRUISER PTE. LTD","og_description":"ASICS Gel NYC 2.0 \u201d\u201d Brown\/Black-Red","og_url":"https:\/\/tourcruiser.com\/fr\/products\/hal-studios-x-asics-gel-nyc-20-brown\/","og_site_name":"Tourcruiser Sneaker Store","article_modified_time":"2026-03-14T12:38:09+00:00","twitter_card":"summary_large_image","twitter_image":"https:\/\/images.novelship.com\/product\/hal_studios_x_asics_gel_nyc_2_0__brown__1203a896-2_0_61706.jpeg","twitter_misc":{"Dur\u00e9e de lecture estim\u00e9e":"1 minute"},"schema":{"@context":"https:\/\/schema.org","@graph":[{"@type":"WebPage","@id":"https:\/\/tourcruiser.com\/fr\/products\/hal-studios-x-asics-gel-nyc-20-brown\/","url":"https:\/\/tourcruiser.com\/fr\/products\/hal-studios-x-asics-gel-nyc-20-brown\/","name":"HAL STUDIOS x ASICS Gel NYC 2.0 'Brown' - TOURCRUISER PTE. LTD","isPartOf":{"@id":"https:\/\/tourcruiser.com\/fr\/#website"},"primaryImageOfPage":{"@id":"https:\/\/tourcruiser.com\/fr\/products\/hal-studios-x-asics-gel-nyc-20-brown\/#primaryimage"},"image":{"@id":"https:\/\/tourcruiser.com\/fr\/products\/hal-studios-x-asics-gel-nyc-20-brown\/#primaryimage"},"thumbnailUrl":"https:\/\/images.novelship.com\/product\/hal_studios_x_asics_gel_nyc_2_0__brown__1203a896-2_0_61706.jpeg","datePublished":"2026-03-02T09:23:16+00:00","dateModified":"2026-03-14T12:38:09+00:00","breadcrumb":{"@id":"https:\/\/tourcruiser.com\/fr\/products\/hal-studios-x-asics-gel-nyc-20-brown\/#breadcrumb"},"inLanguage":"fr-FR","potentialAction":[{"@type":"ReadAction","target":["https:\/\/tourcruiser.com\/fr\/products\/hal-studios-x-asics-gel-nyc-20-brown\/"]}]},{"@type":"ImageObject","inLanguage":"fr-FR","@id":"https:\/\/tourcruiser.com\/fr\/products\/hal-studios-x-asics-gel-nyc-20-brown\/#primaryimage","url":"https:\/\/images.novelship.com\/product\/hal_studios_x_asics_gel_nyc_2_0__brown__1203a896-2_0_61706.jpeg","contentUrl":"https:\/\/images.novelship.com\/product\/hal_studios_x_asics_gel_nyc_2_0__brown__1203a896-2_0_61706.jpeg"},{"@type":"BreadcrumbList","@id":"https:\/\/tourcruiser.com\/fr\/products\/hal-studios-x-asics-gel-nyc-20-brown\/#breadcrumb","itemListElement":[{"@type":"ListItem","position":1,"name":"Home","item":"https:\/\/tourcruiser.com\/fr\/"},{"@type":"ListItem","position":2,"name":"Shop","item":"https:\/\/tourcruiser.com\/fr\/shop\/"},{"@type":"ListItem","position":3,"name":"HAL STUDIOS x ASICS Gel NYC 2.0 'Brown'"}]},{"@type":"WebSite","@id":"https:\/\/tourcruiser.com\/fr\/#website","url":"https:\/\/tourcruiser.com\/fr\/","name":"Styloral Jewelry Shop","description":"Tourcruiser Sneaker Store \u2014 L\u2019endroit o\u00f9 l\u2019univers rencontre votre singularit\u00e9.","publisher":{"@id":"https:\/\/tourcruiser.com\/fr\/#organization"},"potentialAction":[{"@type":"SearchAction","target":{"@type":"EntryPoint","urlTemplate":"https:\/\/tourcruiser.com\/fr\/?s={search_term_string}"},"query-input":{"@type":"PropertyValueSpecification","valueRequired":true,"valueName":"search_term_string"}}],"inLanguage":"fr-FR"},{"@type":"Organization","@id":"https:\/\/tourcruiser.com\/fr\/#organization","name":"STYLORAL PTE. LTD","url":"https:\/\/tourcruiser.com\/fr\/","logo":{"@type":"ImageObject","inLanguage":"fr-FR","@id":"https:\/\/tourcruiser.com\/fr\/#\/schema\/logo\/image\/","url":"https:\/\/www.tourcruiser.com\/wp-content\/uploads\/2025\/12\/logo.png","contentUrl":"https:\/\/www.tourcruiser.com\/wp-content\/uploads\/2025\/12\/logo.png","width":200,"height":65,"caption":"STYLORAL PTE. LTD"},"image":{"@id":"https:\/\/tourcruiser.com\/fr\/#\/schema\/logo\/image\/"}}]}},"_links":{"self":[{"href":"https:\/\/tourcruiser.com\/fr\/wp-json\/wp\/v2\/product\/171921","targetHints":{"allow":["GET"]}}],"collection":[{"href":"https:\/\/tourcruiser.com\/fr\/wp-json\/wp\/v2\/product"}],"about":[{"href":"https:\/\/tourcruiser.com\/fr\/wp-json\/wp\/v2\/types\/product"}],"replies":[{"embeddable":true,"href":"https:\/\/tourcruiser.com\/fr\/wp-json\/wp\/v2\/comments?post=171921"}],"wp:featuredmedia":[{"embeddable":true,"href":"https:\/\/tourcruiser.com\/fr\/wp-json\/wp\/v2\/media\/171922"}],"wp:attachment":[{"href":"https:\/\/tourcruiser.com\/fr\/wp-json\/wp\/v2\/media?parent=171921"}],"wp:term":[{"taxonomy":"product_brand","embeddable":true,"href":"https:\/\/tourcruiser.com\/fr\/wp-json\/wp\/v2\/product_brand?post=171921"},{"taxonomy":"product_cat","embeddable":true,"href":"https:\/\/tourcruiser.com\/fr\/wp-json\/wp\/v2\/product_cat?post=171921"},{"taxonomy":"product_tag","embeddable":true,"href":"https:\/\/tourcruiser.com\/fr\/wp-json\/wp\/v2\/product_tag?post=171921"}],"curies":[{"name":"wp","href":"https:\/\/api.w.org\/{rel}","templated":true}]}}