{"id":171389,"date":"2026-03-02T16:22:31","date_gmt":"2026-03-02T09:22:31","guid":{"rendered":"http:\/\/tourcruiser.com\/product\/adidas-adizero-prime-sp-4-sprinting-spikes-cloud-whitelucid-orangelucid-red"},"modified":"2026-03-14T19:37:40","modified_gmt":"2026-03-14T12:37:40","slug":"adidas-adizero-prime-sp-4-sprinting-spikes-cloud-whitelucid-orangelucid-red","status":"publish","type":"product","link":"https:\/\/tourcruiser.com\/fr\/products\/adidas-adizero-prime-sp-4-sprinting-spikes-cloud-whitelucid-orangelucid-red\/","title":{"rendered":"Adidas Adizero Prime SP 4 Sprinting Spikes Cloud White\/Lucid Orange\/Lucid Red"},"content":{"rendered":"<p>Lib\u00e9rez tout votre potentiel de vitesse avec les pointes de sprint Adidas Adizero Prime SP 4, disponibles en blanc nuage, orange vif et rouge vif. Con\u00e7ues pour les athl\u00e8tes de haut niveau, ces pointes l\u00e9g\u00e8res optimisent vos performances gr\u00e2ce \u00e0 une adh\u00e9rence et une traction optimales. Le m\u00e9lange de mat\u00e9riaux de pointe assure un retour d&rsquo;\u00e9nergie maximal, tandis que la forme a\u00e9rodynamique r\u00e9duit la r\u00e9sistance \u00e0 l&rsquo;air. Parfaites pour les sprinteurs ambitieux qui visent de nouveaux records personnels. Faites confiance \u00e0 l&rsquo;innovation Adidas et boostez vos performances en comp\u00e9tition \u00e0 travers le monde. Id\u00e9ales pour tous les passionn\u00e9s d&rsquo;athl\u00e9tisme en qu\u00eate de performance optimale. Coloris\u00a0: Blanc nuage\/Orange vif\/Rouge vif. R\u00e9f\u00e9rence\u00a0: JQ0795. Couleur\u00a0: Blanc.<\/p>\n","protected":false},"excerpt":{"rendered":"<p>adidas Adizero Prime SP 4 \u201d\u201d Cloud White\/Lucid Orange\/Lucid Red<\/p>\n","protected":false},"featured_media":171390,"comment_status":"open","ping_status":"closed","template":"","meta":[],"product_brand":[],"product_cat":[10760],"product_tag":[10759,10802,10840],"class_list":{"0":"post-171389","1":"product","2":"type-product","3":"status-publish","4":"has-post-thumbnail","6":"product_cat-adidas","7":"product_tag-adidas","8":"product_tag-performance-sport-shoes","9":"product_tag-running-shoes","10":"wcpa_has_options","12":"first","13":"instock","14":"taxable","15":"shipping-taxable","16":"purchasable","17":"product-type-simple"},"wcpa_form_fields":{"rules":{"pric_overide_base_price":false,"pric_overide_base_price_if_gt_zero":false,"pric_overide_base_price_fully":false,"pric_cal_option_once":false,"pric_use_as_fee":false,"bind_quantity":false,"quantity_bind_formula":false},"fields":[{"type":"color-group","required":true,"elementId":"wcpa-color-group-66c4a7f817afe","label":"Taille","inline":true,"priceOptions":"different_for_all","pricingType":"fixed","className":"hassizechart product-shoes-size-eu product-shoes-size","name":"color-group-66c4a7f817b18","disp_type":"square","selection_type":"tick-border","disp_size":"50","show_label_inside":true,"adjust_width":true,"cart_display_type":"text","other_text":"Other","cl_rule":"show","col":6,"values":[{"label":"35","value":"EU 35","price":"","pimage":"","pimage_id":"","pthumb":"","color":""},{"label":"35.5","value":"EU 35.5","price":"","pimage":"","pimage_id":"","pthumb":"","color":""},{"label":"36","value":"EU 36","price":"","pimage":"","pimage_id":"","pthumb":"","color":"","selected":true},{"label":"36 2\/3","value":"EU 36 2\/3","price":"","pimage":"","pimage_id":"","pthumb":"","color":""},{"label":"37 1\/3","value":"EU 37 1\/3","price":"","pimage":"","pimage_id":"","pthumb":"","color":""},{"label":"38","value":"EU 38","price":"","pimage":"","pimage_id":"","pthumb":"","color":""},{"label":"38 2\/3","value":"EU 38 2\/3","price":"","pimage":"","pimage_id":"","pthumb":"","color":""},{"label":"39 1\/3","value":"EU 39 1\/3","price":"","pimage":"","pimage_id":"","pthumb":"","color":""},{"label":"40","value":"EU 40","price":"","pimage":"","pimage_id":"","pthumb":"","color":""},{"label":"40 2\/3","value":"EU 40 2\/3","price":"","pimage":"","pimage_id":"","pthumb":"","color":""},{"label":"41 1\/3","value":"EU 41 1\/3","price":"","pimage":"","pimage_id":"","pthumb":"","color":""},{"label":"42","value":"EU 42","price":"","pimage":"","pimage_id":"","pthumb":"","color":""},{"label":"42 2\/3","value":"EU 42 2\/3","price":"","pimage":"","pimage_id":"","pthumb":"","color":""},{"label":"43 1\/3","value":"EU 43 1\/3","price":"","pimage":"","pimage_id":"","pthumb":"","color":""},{"label":"44","value":"EU 44","price":"","pimage":"","pimage_id":"","pthumb":"","color":""},{"label":"44 2\/3","value":"EU 44 2\/3","price":"","pimage":"","pimage_id":"","pthumb":"","color":""},{"label":"45 1\/3","value":"EU 45 1\/3","price":"","pimage":"","pimage_id":"","pthumb":"","color":""},{"label":"46","value":"EU 46","price":"","pimage":"","pimage_id":"","pthumb":"","color":""},{"label":"46 2\/3","value":"EU 46 2\/3","price":"","pimage":"","pimage_id":"","pthumb":"","color":""},{"label":"47 1\/3","value":"EU 47 1\/3","price":"","pimage":"","pimage_id":"","pthumb":"","color":""}],"relations":[{"operator":false,"rules":[]}],"form_id":24802,"form_rules":{"pric_cal_option_once":false,"exclude_from_discount":false,"pric_use_as_fee":false,"fee_label":"Fee","render_after_acb":false,"disp_hide_options_price":false}}]},"yoast_head":"<!-- This site is optimized with the Yoast SEO plugin v26.5 - https:\/\/yoast.com\/wordpress\/plugins\/seo\/ -->\n<title>Adidas Adizero Prime SP 4 Sprinting Spikes Cloud White\/Lucid Orange\/Lucid Red - TOURCRUISER PTE. LTD<\/title>\n<meta name=\"robots\" content=\"index, follow, max-snippet:-1, max-image-preview:large, max-video-preview:-1\" \/>\n<link rel=\"canonical\" href=\"https:\/\/tourcruiser.com\/fr\/products\/adidas-adizero-prime-sp-4-sprinting-spikes-cloud-whitelucid-orangelucid-red\/\" \/>\n<meta property=\"og:locale\" content=\"fr_FR\" \/>\n<meta property=\"og:type\" content=\"article\" \/>\n<meta property=\"og:title\" content=\"Adidas Adizero Prime SP 4 Sprinting Spikes Cloud White\/Lucid Orange\/Lucid Red - TOURCRUISER PTE. LTD\" \/>\n<meta property=\"og:description\" content=\"adidas Adizero Prime SP 4 \u201d\u201d Cloud White\/Lucid Orange\/Lucid Red\" \/>\n<meta property=\"og:url\" content=\"https:\/\/tourcruiser.com\/fr\/products\/adidas-adizero-prime-sp-4-sprinting-spikes-cloud-whitelucid-orangelucid-red\/\" \/>\n<meta property=\"og:site_name\" content=\"Tourcruiser Sneaker Store\" \/>\n<meta property=\"article:modified_time\" content=\"2026-03-14T12:37:40+00:00\" \/>\n<meta name=\"twitter:card\" content=\"summary_large_image\" \/>\n<meta name=\"twitter:image\" content=\"https:\/\/images.novelship.com\/product\/adidas_adizero_prime_sp_4_sprinting_spikes_cloud_w_0_4380.jpeg\" \/>\n<meta name=\"twitter:label1\" content=\"Dur\u00e9e de lecture estim\u00e9e\" \/>\n\t<meta name=\"twitter:data1\" content=\"1 minute\" \/>\n<script type=\"application\/ld+json\" class=\"yoast-schema-graph\">{\"@context\":\"https:\/\/schema.org\",\"@graph\":[{\"@type\":\"WebPage\",\"@id\":\"https:\/\/tourcruiser.com\/fr\/products\/adidas-adizero-prime-sp-4-sprinting-spikes-cloud-whitelucid-orangelucid-red\/\",\"url\":\"https:\/\/tourcruiser.com\/fr\/products\/adidas-adizero-prime-sp-4-sprinting-spikes-cloud-whitelucid-orangelucid-red\/\",\"name\":\"Adidas Adizero Prime SP 4 Sprinting Spikes Cloud White\/Lucid Orange\/Lucid Red - TOURCRUISER PTE. LTD\",\"isPartOf\":{\"@id\":\"https:\/\/tourcruiser.com\/fr\/#website\"},\"primaryImageOfPage\":{\"@id\":\"https:\/\/tourcruiser.com\/fr\/products\/adidas-adizero-prime-sp-4-sprinting-spikes-cloud-whitelucid-orangelucid-red\/#primaryimage\"},\"image\":{\"@id\":\"https:\/\/tourcruiser.com\/fr\/products\/adidas-adizero-prime-sp-4-sprinting-spikes-cloud-whitelucid-orangelucid-red\/#primaryimage\"},\"thumbnailUrl\":\"https:\/\/images.novelship.com\/product\/adidas_adizero_prime_sp_4_sprinting_spikes_cloud_w_0_4380.jpeg\",\"datePublished\":\"2026-03-02T09:22:31+00:00\",\"dateModified\":\"2026-03-14T12:37:40+00:00\",\"breadcrumb\":{\"@id\":\"https:\/\/tourcruiser.com\/fr\/products\/adidas-adizero-prime-sp-4-sprinting-spikes-cloud-whitelucid-orangelucid-red\/#breadcrumb\"},\"inLanguage\":\"fr-FR\",\"potentialAction\":[{\"@type\":\"ReadAction\",\"target\":[\"https:\/\/tourcruiser.com\/fr\/products\/adidas-adizero-prime-sp-4-sprinting-spikes-cloud-whitelucid-orangelucid-red\/\"]}]},{\"@type\":\"ImageObject\",\"inLanguage\":\"fr-FR\",\"@id\":\"https:\/\/tourcruiser.com\/fr\/products\/adidas-adizero-prime-sp-4-sprinting-spikes-cloud-whitelucid-orangelucid-red\/#primaryimage\",\"url\":\"https:\/\/images.novelship.com\/product\/adidas_adizero_prime_sp_4_sprinting_spikes_cloud_w_0_4380.jpeg\",\"contentUrl\":\"https:\/\/images.novelship.com\/product\/adidas_adizero_prime_sp_4_sprinting_spikes_cloud_w_0_4380.jpeg\"},{\"@type\":\"BreadcrumbList\",\"@id\":\"https:\/\/tourcruiser.com\/fr\/products\/adidas-adizero-prime-sp-4-sprinting-spikes-cloud-whitelucid-orangelucid-red\/#breadcrumb\",\"itemListElement\":[{\"@type\":\"ListItem\",\"position\":1,\"name\":\"Home\",\"item\":\"https:\/\/tourcruiser.com\/fr\/\"},{\"@type\":\"ListItem\",\"position\":2,\"name\":\"Shop\",\"item\":\"https:\/\/tourcruiser.com\/fr\/shop\/\"},{\"@type\":\"ListItem\",\"position\":3,\"name\":\"Adidas Adizero Prime SP 4 Sprinting Spikes Cloud White\/Lucid Orange\/Lucid Red\"}]},{\"@type\":\"WebSite\",\"@id\":\"https:\/\/tourcruiser.com\/fr\/#website\",\"url\":\"https:\/\/tourcruiser.com\/fr\/\",\"name\":\"Styloral Jewelry Shop\",\"description\":\"Tourcruiser Sneaker Store \u2014 L\u2019endroit o\u00f9 l\u2019univers rencontre votre singularit\u00e9.\",\"publisher\":{\"@id\":\"https:\/\/tourcruiser.com\/fr\/#organization\"},\"potentialAction\":[{\"@type\":\"SearchAction\",\"target\":{\"@type\":\"EntryPoint\",\"urlTemplate\":\"https:\/\/tourcruiser.com\/fr\/?s={search_term_string}\"},\"query-input\":{\"@type\":\"PropertyValueSpecification\",\"valueRequired\":true,\"valueName\":\"search_term_string\"}}],\"inLanguage\":\"fr-FR\"},{\"@type\":\"Organization\",\"@id\":\"https:\/\/tourcruiser.com\/fr\/#organization\",\"name\":\"STYLORAL PTE. LTD\",\"url\":\"https:\/\/tourcruiser.com\/fr\/\",\"logo\":{\"@type\":\"ImageObject\",\"inLanguage\":\"fr-FR\",\"@id\":\"https:\/\/tourcruiser.com\/fr\/#\/schema\/logo\/image\/\",\"url\":\"https:\/\/www.tourcruiser.com\/wp-content\/uploads\/2025\/12\/logo.png\",\"contentUrl\":\"https:\/\/www.tourcruiser.com\/wp-content\/uploads\/2025\/12\/logo.png\",\"width\":200,\"height\":65,\"caption\":\"STYLORAL PTE. LTD\"},\"image\":{\"@id\":\"https:\/\/tourcruiser.com\/fr\/#\/schema\/logo\/image\/\"}}]}<\/script>\n<!-- \/ Yoast SEO plugin. -->","yoast_head_json":{"title":"Adidas Adizero Prime SP 4 Sprinting Spikes Cloud White\/Lucid Orange\/Lucid Red - TOURCRUISER PTE. LTD","robots":{"index":"index","follow":"follow","max-snippet":"max-snippet:-1","max-image-preview":"max-image-preview:large","max-video-preview":"max-video-preview:-1"},"canonical":"https:\/\/tourcruiser.com\/fr\/products\/adidas-adizero-prime-sp-4-sprinting-spikes-cloud-whitelucid-orangelucid-red\/","og_locale":"fr_FR","og_type":"article","og_title":"Adidas Adizero Prime SP 4 Sprinting Spikes Cloud White\/Lucid Orange\/Lucid Red - TOURCRUISER PTE. LTD","og_description":"adidas Adizero Prime SP 4 \u201d\u201d Cloud White\/Lucid Orange\/Lucid Red","og_url":"https:\/\/tourcruiser.com\/fr\/products\/adidas-adizero-prime-sp-4-sprinting-spikes-cloud-whitelucid-orangelucid-red\/","og_site_name":"Tourcruiser Sneaker Store","article_modified_time":"2026-03-14T12:37:40+00:00","twitter_card":"summary_large_image","twitter_image":"https:\/\/images.novelship.com\/product\/adidas_adizero_prime_sp_4_sprinting_spikes_cloud_w_0_4380.jpeg","twitter_misc":{"Dur\u00e9e de lecture estim\u00e9e":"1 minute"},"schema":{"@context":"https:\/\/schema.org","@graph":[{"@type":"WebPage","@id":"https:\/\/tourcruiser.com\/fr\/products\/adidas-adizero-prime-sp-4-sprinting-spikes-cloud-whitelucid-orangelucid-red\/","url":"https:\/\/tourcruiser.com\/fr\/products\/adidas-adizero-prime-sp-4-sprinting-spikes-cloud-whitelucid-orangelucid-red\/","name":"Adidas Adizero Prime SP 4 Sprinting Spikes Cloud White\/Lucid Orange\/Lucid Red - TOURCRUISER PTE. LTD","isPartOf":{"@id":"https:\/\/tourcruiser.com\/fr\/#website"},"primaryImageOfPage":{"@id":"https:\/\/tourcruiser.com\/fr\/products\/adidas-adizero-prime-sp-4-sprinting-spikes-cloud-whitelucid-orangelucid-red\/#primaryimage"},"image":{"@id":"https:\/\/tourcruiser.com\/fr\/products\/adidas-adizero-prime-sp-4-sprinting-spikes-cloud-whitelucid-orangelucid-red\/#primaryimage"},"thumbnailUrl":"https:\/\/images.novelship.com\/product\/adidas_adizero_prime_sp_4_sprinting_spikes_cloud_w_0_4380.jpeg","datePublished":"2026-03-02T09:22:31+00:00","dateModified":"2026-03-14T12:37:40+00:00","breadcrumb":{"@id":"https:\/\/tourcruiser.com\/fr\/products\/adidas-adizero-prime-sp-4-sprinting-spikes-cloud-whitelucid-orangelucid-red\/#breadcrumb"},"inLanguage":"fr-FR","potentialAction":[{"@type":"ReadAction","target":["https:\/\/tourcruiser.com\/fr\/products\/adidas-adizero-prime-sp-4-sprinting-spikes-cloud-whitelucid-orangelucid-red\/"]}]},{"@type":"ImageObject","inLanguage":"fr-FR","@id":"https:\/\/tourcruiser.com\/fr\/products\/adidas-adizero-prime-sp-4-sprinting-spikes-cloud-whitelucid-orangelucid-red\/#primaryimage","url":"https:\/\/images.novelship.com\/product\/adidas_adizero_prime_sp_4_sprinting_spikes_cloud_w_0_4380.jpeg","contentUrl":"https:\/\/images.novelship.com\/product\/adidas_adizero_prime_sp_4_sprinting_spikes_cloud_w_0_4380.jpeg"},{"@type":"BreadcrumbList","@id":"https:\/\/tourcruiser.com\/fr\/products\/adidas-adizero-prime-sp-4-sprinting-spikes-cloud-whitelucid-orangelucid-red\/#breadcrumb","itemListElement":[{"@type":"ListItem","position":1,"name":"Home","item":"https:\/\/tourcruiser.com\/fr\/"},{"@type":"ListItem","position":2,"name":"Shop","item":"https:\/\/tourcruiser.com\/fr\/shop\/"},{"@type":"ListItem","position":3,"name":"Adidas Adizero Prime SP 4 Sprinting Spikes Cloud White\/Lucid Orange\/Lucid Red"}]},{"@type":"WebSite","@id":"https:\/\/tourcruiser.com\/fr\/#website","url":"https:\/\/tourcruiser.com\/fr\/","name":"Styloral Jewelry Shop","description":"Tourcruiser Sneaker Store \u2014 L\u2019endroit o\u00f9 l\u2019univers rencontre votre singularit\u00e9.","publisher":{"@id":"https:\/\/tourcruiser.com\/fr\/#organization"},"potentialAction":[{"@type":"SearchAction","target":{"@type":"EntryPoint","urlTemplate":"https:\/\/tourcruiser.com\/fr\/?s={search_term_string}"},"query-input":{"@type":"PropertyValueSpecification","valueRequired":true,"valueName":"search_term_string"}}],"inLanguage":"fr-FR"},{"@type":"Organization","@id":"https:\/\/tourcruiser.com\/fr\/#organization","name":"STYLORAL PTE. LTD","url":"https:\/\/tourcruiser.com\/fr\/","logo":{"@type":"ImageObject","inLanguage":"fr-FR","@id":"https:\/\/tourcruiser.com\/fr\/#\/schema\/logo\/image\/","url":"https:\/\/www.tourcruiser.com\/wp-content\/uploads\/2025\/12\/logo.png","contentUrl":"https:\/\/www.tourcruiser.com\/wp-content\/uploads\/2025\/12\/logo.png","width":200,"height":65,"caption":"STYLORAL PTE. LTD"},"image":{"@id":"https:\/\/tourcruiser.com\/fr\/#\/schema\/logo\/image\/"}}]}},"_links":{"self":[{"href":"https:\/\/tourcruiser.com\/fr\/wp-json\/wp\/v2\/product\/171389","targetHints":{"allow":["GET"]}}],"collection":[{"href":"https:\/\/tourcruiser.com\/fr\/wp-json\/wp\/v2\/product"}],"about":[{"href":"https:\/\/tourcruiser.com\/fr\/wp-json\/wp\/v2\/types\/product"}],"replies":[{"embeddable":true,"href":"https:\/\/tourcruiser.com\/fr\/wp-json\/wp\/v2\/comments?post=171389"}],"wp:featuredmedia":[{"embeddable":true,"href":"https:\/\/tourcruiser.com\/fr\/wp-json\/wp\/v2\/media\/171390"}],"wp:attachment":[{"href":"https:\/\/tourcruiser.com\/fr\/wp-json\/wp\/v2\/media?parent=171389"}],"wp:term":[{"taxonomy":"product_brand","embeddable":true,"href":"https:\/\/tourcruiser.com\/fr\/wp-json\/wp\/v2\/product_brand?post=171389"},{"taxonomy":"product_cat","embeddable":true,"href":"https:\/\/tourcruiser.com\/fr\/wp-json\/wp\/v2\/product_cat?post=171389"},{"taxonomy":"product_tag","embeddable":true,"href":"https:\/\/tourcruiser.com\/fr\/wp-json\/wp\/v2\/product_tag?post=171389"}],"curies":[{"name":"wp","href":"https:\/\/api.w.org\/{rel}","templated":true}]}}