{"id":171272,"date":"2026-03-02T16:22:19","date_gmt":"2026-03-02T09:22:19","guid":{"rendered":"http:\/\/tourcruiser.com\/product\/asics-court-ff-3-clay-white-gris-blue"},"modified":"2026-03-14T19:37:34","modified_gmt":"2026-03-14T12:37:34","slug":"asics-court-ff-3-clay-white-gris-blue","status":"publish","type":"product","link":"https:\/\/tourcruiser.com\/fr\/products\/asics-court-ff-3-clay-white-gris-blue\/","title":{"rendered":"ASICS Court FF 3 Clay &lsquo;White Gris Blue&rsquo;"},"content":{"rendered":"<p>Am\u00e9liorez votre jeu avec les chaussures de tennis ASICS Court FF 3 Clay \u00ab\u00a0Blanc Gris Bleu\u00a0\u00bb. Sp\u00e9cialement con\u00e7ues pour la terre battue, leur semelle ext\u00e9rieure \u00e0 chevrons offre une adh\u00e9rence exceptionnelle, tandis que le syst\u00e8me Dynamic Fit et la semelle interm\u00e9diaire FlyteFoam assurent une stabilit\u00e9 et un amorti in\u00e9gal\u00e9s. La semelle int\u00e9rieure OrthoLite am\u00e9liore le confort et le renfort PGuard \u00e0 l&rsquo;avant garantit une durabilit\u00e9 optimale. Profitez de performances et d&rsquo;un style exceptionnels avec ces chaussures incontournables, con\u00e7ues pour la victoire sur terre battue. Code article\u00a0: 1041A371-101 Tige\u00a0: Mesh Semelle interm\u00e9diaire\u00a0: FlyteFoam Couleur\u00a0: Blanc Ann\u00e9e de sortie\u00a0: 2023<\/p>\n","protected":false},"excerpt":{"rendered":"<p>ASICS Court FF 3 Clay &lsquo;White Gris Blue&rsquo;<\/p>\n","protected":false},"featured_media":171273,"comment_status":"open","ping_status":"closed","template":"","meta":[],"product_brand":[],"product_cat":[10792],"product_tag":[10791,18932,10753,10802,11082],"class_list":{"0":"post-171272","1":"product","2":"type-product","3":"status-publish","4":"has-post-thumbnail","6":"product_cat-asics","7":"product_tag-asics","8":"product_tag-asics-tennis-shoes","9":"product_tag-gift-for-him","10":"product_tag-performance-sport-shoes","11":"product_tag-tennis-shoes","12":"wcpa_has_options","14":"first","15":"instock","16":"taxable","17":"shipping-taxable","18":"purchasable","19":"product-type-simple"},"wcpa_form_fields":{"rules":{"pric_overide_base_price":false,"pric_overide_base_price_if_gt_zero":false,"pric_overide_base_price_fully":false,"pric_cal_option_once":false,"pric_use_as_fee":false,"bind_quantity":false,"quantity_bind_formula":false},"fields":[{"type":"color-group","required":true,"elementId":"wcpa-color-group-69a5ab08ee12d","label":"Taille","inline":true,"priceOptions":"different_for_all","pricingType":"fixed","className":"hassizechart product-shoes-size-eu product-shoes-size","name":"color-group-69a5ab08ee136","disp_type":"square","selection_type":"tick-border","disp_size":"50","show_label_inside":true,"adjust_width":true,"cart_display_type":"text","other_text":"Other","cl_rule":"show","col":6,"values":[{"label":"36","value":"EU 36","price":"","pimage":"","pimage_id":"","pthumb":"","color":"","selected":true},{"label":"37","value":"EU 37","price":"","pimage":"","pimage_id":"","pthumb":"","color":""},{"label":"37.5","value":"EU 37.5","price":"","pimage":"","pimage_id":"","pthumb":"","color":""},{"label":"38","value":"EU 38","price":"","pimage":"","pimage_id":"","pthumb":"","color":""},{"label":"38.5","value":"EU 38.5","price":"","pimage":"","pimage_id":"","pthumb":"","color":""},{"label":"39","value":"EU 39","price":"","pimage":"","pimage_id":"","pthumb":"","color":""},{"label":"39.5","value":"EU 39.5","price":"","pimage":"","pimage_id":"","pthumb":"","color":""},{"label":"40","value":"EU 40","price":"","pimage":"","pimage_id":"","pthumb":"","color":""},{"label":"40.5","value":"EU 40.5","price":"","pimage":"","pimage_id":"","pthumb":"","color":""},{"label":" 41.5","value":"EU 41.5","price":"","pimage":"","pimage_id":"","pthumb":"","color":""},{"label":"42","value":"EU 42","price":"","pimage":"","pimage_id":"","pthumb":"","color":""},{"label":"42.5","value":"EU 42.5","price":"","pimage":"","pimage_id":"","pthumb":"","color":""},{"label":"43","value":"EU 43","price":"","pimage":"","pimage_id":"","pthumb":"","color":""},{"label":"44","value":"EU 44","price":"","pimage":"","pimage_id":"","pthumb":"","color":""},{"label":"44.5","value":"EU 44.5","price":"","pimage":"","pimage_id":"","pthumb":"","color":""},{"label":"45","value":"EU 45","price":"","pimage":"","pimage_id":"","pthumb":"","color":""},{"label":"45.5","value":"EU 45.5","price":"","pimage":"","pimage_id":"","pthumb":"","color":""},{"label":"46","value":"EU 46","price":"","pimage":"","pimage_id":"","pthumb":"","color":""},{"label":"46.5","value":"EU 46.5","price":"","pimage":"","pimage_id":"","pthumb":"","color":""},{"label":"47","value":"EU 47","price":"","pimage":"","pimage_id":"","pthumb":"","color":""}],"relations":[{"operator":false,"rules":[]}],"form_id":184311,"form_rules":{"pric_cal_option_once":false,"exclude_from_discount":false,"pric_use_as_fee":false,"fee_label":"Fee","render_after_acb":false,"disp_hide_options_price":false}}]},"yoast_head":"<!-- This site is optimized with the Yoast SEO plugin v26.5 - https:\/\/yoast.com\/wordpress\/plugins\/seo\/ -->\n<title>ASICS Court FF 3 Clay &#039;White Gris Blue&#039; - TOURCRUISER PTE. LTD<\/title>\n<meta name=\"robots\" content=\"index, follow, max-snippet:-1, max-image-preview:large, max-video-preview:-1\" \/>\n<link rel=\"canonical\" href=\"https:\/\/tourcruiser.com\/fr\/products\/asics-court-ff-3-clay-white-gris-blue\/\" \/>\n<meta property=\"og:locale\" content=\"fr_FR\" \/>\n<meta property=\"og:type\" content=\"article\" \/>\n<meta property=\"og:title\" content=\"ASICS Court FF 3 Clay &#039;White Gris Blue&#039; - TOURCRUISER PTE. LTD\" \/>\n<meta property=\"og:description\" content=\"ASICS Court FF 3 Clay &#039;White Gris Blue&#039;\" \/>\n<meta property=\"og:url\" content=\"https:\/\/tourcruiser.com\/fr\/products\/asics-court-ff-3-clay-white-gris-blue\/\" \/>\n<meta property=\"og:site_name\" content=\"Tourcruiser Sneaker Store\" \/>\n<meta property=\"article:modified_time\" content=\"2026-03-14T12:37:34+00:00\" \/>\n<meta name=\"twitter:card\" content=\"summary_large_image\" \/>\n<meta name=\"twitter:image\" content=\"https:\/\/images.novelship.com\/product\/asics_court_ff_3_clay__white_gris_blue__1041a371-1_0_4076.png\" \/>\n<meta name=\"twitter:label1\" content=\"Dur\u00e9e de lecture estim\u00e9e\" \/>\n\t<meta name=\"twitter:data1\" content=\"1 minute\" \/>\n<script type=\"application\/ld+json\" class=\"yoast-schema-graph\">{\"@context\":\"https:\/\/schema.org\",\"@graph\":[{\"@type\":\"WebPage\",\"@id\":\"https:\/\/tourcruiser.com\/fr\/products\/asics-court-ff-3-clay-white-gris-blue\/\",\"url\":\"https:\/\/tourcruiser.com\/fr\/products\/asics-court-ff-3-clay-white-gris-blue\/\",\"name\":\"ASICS Court FF 3 Clay 'White Gris Blue' - TOURCRUISER PTE. LTD\",\"isPartOf\":{\"@id\":\"https:\/\/tourcruiser.com\/fr\/#website\"},\"primaryImageOfPage\":{\"@id\":\"https:\/\/tourcruiser.com\/fr\/products\/asics-court-ff-3-clay-white-gris-blue\/#primaryimage\"},\"image\":{\"@id\":\"https:\/\/tourcruiser.com\/fr\/products\/asics-court-ff-3-clay-white-gris-blue\/#primaryimage\"},\"thumbnailUrl\":\"https:\/\/images.novelship.com\/product\/asics_court_ff_3_clay__white_gris_blue__1041a371-1_0_4076.png\",\"datePublished\":\"2026-03-02T09:22:19+00:00\",\"dateModified\":\"2026-03-14T12:37:34+00:00\",\"breadcrumb\":{\"@id\":\"https:\/\/tourcruiser.com\/fr\/products\/asics-court-ff-3-clay-white-gris-blue\/#breadcrumb\"},\"inLanguage\":\"fr-FR\",\"potentialAction\":[{\"@type\":\"ReadAction\",\"target\":[\"https:\/\/tourcruiser.com\/fr\/products\/asics-court-ff-3-clay-white-gris-blue\/\"]}]},{\"@type\":\"ImageObject\",\"inLanguage\":\"fr-FR\",\"@id\":\"https:\/\/tourcruiser.com\/fr\/products\/asics-court-ff-3-clay-white-gris-blue\/#primaryimage\",\"url\":\"https:\/\/images.novelship.com\/product\/asics_court_ff_3_clay__white_gris_blue__1041a371-1_0_4076.png\",\"contentUrl\":\"https:\/\/images.novelship.com\/product\/asics_court_ff_3_clay__white_gris_blue__1041a371-1_0_4076.png\"},{\"@type\":\"BreadcrumbList\",\"@id\":\"https:\/\/tourcruiser.com\/fr\/products\/asics-court-ff-3-clay-white-gris-blue\/#breadcrumb\",\"itemListElement\":[{\"@type\":\"ListItem\",\"position\":1,\"name\":\"Home\",\"item\":\"https:\/\/tourcruiser.com\/fr\/\"},{\"@type\":\"ListItem\",\"position\":2,\"name\":\"Shop\",\"item\":\"https:\/\/tourcruiser.com\/fr\/shop\/\"},{\"@type\":\"ListItem\",\"position\":3,\"name\":\"ASICS Court FF 3 Clay 'White Gris Blue'\"}]},{\"@type\":\"WebSite\",\"@id\":\"https:\/\/tourcruiser.com\/fr\/#website\",\"url\":\"https:\/\/tourcruiser.com\/fr\/\",\"name\":\"Styloral Jewelry Shop\",\"description\":\"Tourcruiser Sneaker Store \u2014 L\u2019endroit o\u00f9 l\u2019univers rencontre votre singularit\u00e9.\",\"publisher\":{\"@id\":\"https:\/\/tourcruiser.com\/fr\/#organization\"},\"potentialAction\":[{\"@type\":\"SearchAction\",\"target\":{\"@type\":\"EntryPoint\",\"urlTemplate\":\"https:\/\/tourcruiser.com\/fr\/?s={search_term_string}\"},\"query-input\":{\"@type\":\"PropertyValueSpecification\",\"valueRequired\":true,\"valueName\":\"search_term_string\"}}],\"inLanguage\":\"fr-FR\"},{\"@type\":\"Organization\",\"@id\":\"https:\/\/tourcruiser.com\/fr\/#organization\",\"name\":\"STYLORAL PTE. LTD\",\"url\":\"https:\/\/tourcruiser.com\/fr\/\",\"logo\":{\"@type\":\"ImageObject\",\"inLanguage\":\"fr-FR\",\"@id\":\"https:\/\/tourcruiser.com\/fr\/#\/schema\/logo\/image\/\",\"url\":\"https:\/\/www.tourcruiser.com\/wp-content\/uploads\/2025\/12\/logo.png\",\"contentUrl\":\"https:\/\/www.tourcruiser.com\/wp-content\/uploads\/2025\/12\/logo.png\",\"width\":200,\"height\":65,\"caption\":\"STYLORAL PTE. LTD\"},\"image\":{\"@id\":\"https:\/\/tourcruiser.com\/fr\/#\/schema\/logo\/image\/\"}}]}<\/script>\n<!-- \/ Yoast SEO plugin. -->","yoast_head_json":{"title":"ASICS Court FF 3 Clay 'White Gris Blue' - TOURCRUISER PTE. LTD","robots":{"index":"index","follow":"follow","max-snippet":"max-snippet:-1","max-image-preview":"max-image-preview:large","max-video-preview":"max-video-preview:-1"},"canonical":"https:\/\/tourcruiser.com\/fr\/products\/asics-court-ff-3-clay-white-gris-blue\/","og_locale":"fr_FR","og_type":"article","og_title":"ASICS Court FF 3 Clay 'White Gris Blue' - TOURCRUISER PTE. LTD","og_description":"ASICS Court FF 3 Clay 'White Gris Blue'","og_url":"https:\/\/tourcruiser.com\/fr\/products\/asics-court-ff-3-clay-white-gris-blue\/","og_site_name":"Tourcruiser Sneaker Store","article_modified_time":"2026-03-14T12:37:34+00:00","twitter_card":"summary_large_image","twitter_image":"https:\/\/images.novelship.com\/product\/asics_court_ff_3_clay__white_gris_blue__1041a371-1_0_4076.png","twitter_misc":{"Dur\u00e9e de lecture estim\u00e9e":"1 minute"},"schema":{"@context":"https:\/\/schema.org","@graph":[{"@type":"WebPage","@id":"https:\/\/tourcruiser.com\/fr\/products\/asics-court-ff-3-clay-white-gris-blue\/","url":"https:\/\/tourcruiser.com\/fr\/products\/asics-court-ff-3-clay-white-gris-blue\/","name":"ASICS Court FF 3 Clay 'White Gris Blue' - TOURCRUISER PTE. LTD","isPartOf":{"@id":"https:\/\/tourcruiser.com\/fr\/#website"},"primaryImageOfPage":{"@id":"https:\/\/tourcruiser.com\/fr\/products\/asics-court-ff-3-clay-white-gris-blue\/#primaryimage"},"image":{"@id":"https:\/\/tourcruiser.com\/fr\/products\/asics-court-ff-3-clay-white-gris-blue\/#primaryimage"},"thumbnailUrl":"https:\/\/images.novelship.com\/product\/asics_court_ff_3_clay__white_gris_blue__1041a371-1_0_4076.png","datePublished":"2026-03-02T09:22:19+00:00","dateModified":"2026-03-14T12:37:34+00:00","breadcrumb":{"@id":"https:\/\/tourcruiser.com\/fr\/products\/asics-court-ff-3-clay-white-gris-blue\/#breadcrumb"},"inLanguage":"fr-FR","potentialAction":[{"@type":"ReadAction","target":["https:\/\/tourcruiser.com\/fr\/products\/asics-court-ff-3-clay-white-gris-blue\/"]}]},{"@type":"ImageObject","inLanguage":"fr-FR","@id":"https:\/\/tourcruiser.com\/fr\/products\/asics-court-ff-3-clay-white-gris-blue\/#primaryimage","url":"https:\/\/images.novelship.com\/product\/asics_court_ff_3_clay__white_gris_blue__1041a371-1_0_4076.png","contentUrl":"https:\/\/images.novelship.com\/product\/asics_court_ff_3_clay__white_gris_blue__1041a371-1_0_4076.png"},{"@type":"BreadcrumbList","@id":"https:\/\/tourcruiser.com\/fr\/products\/asics-court-ff-3-clay-white-gris-blue\/#breadcrumb","itemListElement":[{"@type":"ListItem","position":1,"name":"Home","item":"https:\/\/tourcruiser.com\/fr\/"},{"@type":"ListItem","position":2,"name":"Shop","item":"https:\/\/tourcruiser.com\/fr\/shop\/"},{"@type":"ListItem","position":3,"name":"ASICS Court FF 3 Clay 'White Gris Blue'"}]},{"@type":"WebSite","@id":"https:\/\/tourcruiser.com\/fr\/#website","url":"https:\/\/tourcruiser.com\/fr\/","name":"Styloral Jewelry Shop","description":"Tourcruiser Sneaker Store \u2014 L\u2019endroit o\u00f9 l\u2019univers rencontre votre singularit\u00e9.","publisher":{"@id":"https:\/\/tourcruiser.com\/fr\/#organization"},"potentialAction":[{"@type":"SearchAction","target":{"@type":"EntryPoint","urlTemplate":"https:\/\/tourcruiser.com\/fr\/?s={search_term_string}"},"query-input":{"@type":"PropertyValueSpecification","valueRequired":true,"valueName":"search_term_string"}}],"inLanguage":"fr-FR"},{"@type":"Organization","@id":"https:\/\/tourcruiser.com\/fr\/#organization","name":"STYLORAL PTE. LTD","url":"https:\/\/tourcruiser.com\/fr\/","logo":{"@type":"ImageObject","inLanguage":"fr-FR","@id":"https:\/\/tourcruiser.com\/fr\/#\/schema\/logo\/image\/","url":"https:\/\/www.tourcruiser.com\/wp-content\/uploads\/2025\/12\/logo.png","contentUrl":"https:\/\/www.tourcruiser.com\/wp-content\/uploads\/2025\/12\/logo.png","width":200,"height":65,"caption":"STYLORAL PTE. LTD"},"image":{"@id":"https:\/\/tourcruiser.com\/fr\/#\/schema\/logo\/image\/"}}]}},"_links":{"self":[{"href":"https:\/\/tourcruiser.com\/fr\/wp-json\/wp\/v2\/product\/171272","targetHints":{"allow":["GET"]}}],"collection":[{"href":"https:\/\/tourcruiser.com\/fr\/wp-json\/wp\/v2\/product"}],"about":[{"href":"https:\/\/tourcruiser.com\/fr\/wp-json\/wp\/v2\/types\/product"}],"replies":[{"embeddable":true,"href":"https:\/\/tourcruiser.com\/fr\/wp-json\/wp\/v2\/comments?post=171272"}],"wp:featuredmedia":[{"embeddable":true,"href":"https:\/\/tourcruiser.com\/fr\/wp-json\/wp\/v2\/media\/171273"}],"wp:attachment":[{"href":"https:\/\/tourcruiser.com\/fr\/wp-json\/wp\/v2\/media?parent=171272"}],"wp:term":[{"taxonomy":"product_brand","embeddable":true,"href":"https:\/\/tourcruiser.com\/fr\/wp-json\/wp\/v2\/product_brand?post=171272"},{"taxonomy":"product_cat","embeddable":true,"href":"https:\/\/tourcruiser.com\/fr\/wp-json\/wp\/v2\/product_cat?post=171272"},{"taxonomy":"product_tag","embeddable":true,"href":"https:\/\/tourcruiser.com\/fr\/wp-json\/wp\/v2\/product_tag?post=171272"}],"curies":[{"name":"wp","href":"https:\/\/api.w.org\/{rel}","templated":true}]}}