{"id":170679,"date":"2026-03-02T16:21:29","date_gmt":"2026-03-02T09:21:29","guid":{"rendered":"http:\/\/tourcruiser.com\/product\/willy-chavarria-x-adidas-superstar-compton-cowboys"},"modified":"2026-03-14T19:37:06","modified_gmt":"2026-03-14T12:37:06","slug":"willy-chavarria-x-adidas-superstar-compton-cowboys","status":"publish","type":"product","link":"https:\/\/tourcruiser.com\/fr\/products\/willy-chavarria-x-adidas-superstar-compton-cowboys\/","title":{"rendered":"Willy Chavarria x adidas Superstar &lsquo;Compton Cowboys&rsquo;"},"content":{"rendered":"<p>La Willy Chavarria x adidas Superstar \u00ab Compton Cowboys \u00bb KJ4551 fusionne haute couture et style streetwear intemporel, c\u00e9l\u00e9brant l&rsquo;h\u00e9ritage de la communaut\u00e9 des cowboys noirs. Cette collaboration exclusive associe la silhouette classique de l&rsquo;adidas Superstar \u00e0 des mat\u00e9riaux haut de gamme et un design raffin\u00e9. Des d\u00e9tails saisissants, comme la broderie et le logo minimaliste, conf\u00e8rent \u00e0 la chaussure une esth\u00e9tique \u00e0 la fois moderne et robuste. L&rsquo;\u00e9l\u00e9gant coloris noir et blanc est rehauss\u00e9 par une empeigne \u00e0 la texture unique et le bout iconique, garantissant une \u00e9l\u00e9gance intemporelle. Adapt\u00e9e aux personnes soucieuses de leur style comme aux passionn\u00e9s de sneakers, cette chaussure rend hommage \u00e0 la culture et \u00e0 l&rsquo;individualit\u00e9. Offrant un \u00e9quilibre parfait entre confort et durabilit\u00e9, elle est dot\u00e9e de semelles int\u00e9rieures OrthoLite et d&rsquo;une semelle ext\u00e9rieure en caoutchouc pour un confort optimal tout au long de la journ\u00e9e. Port\u00e9e dans la rue ou comme pi\u00e8ce de collection, cette sneaker raconte une histoire et incarne l&rsquo;\u00e9l\u00e9gance urbaine. Coloris : Noir\/Noir\/Blanc cass\u00e9. R\u00e9f\u00e9rence : KJ4551. Mati\u00e8re de l&#8217;empeigne : Cuir. Couleur : Noir. Cr\u00e9ateur : Horst Dassler. Saison : Hiver. Ann\u00e9e de sortie : 2026.<\/p>\n","protected":false},"excerpt":{"rendered":"<p>adidas Superstar \u201d\u201d Core Black\/Core Black\/Off White<\/p>\n","protected":false},"featured_media":170680,"comment_status":"open","ping_status":"closed","template":"","meta":[],"product_brand":[],"product_cat":[10760],"product_tag":[10759,11029,10813,10754,11460,10778],"class_list":{"0":"post-170679","1":"product","2":"type-product","3":"status-publish","4":"has-post-thumbnail","6":"product_cat-adidas","7":"product_tag-adidas","8":"product_tag-athleisure-casual-shoes","9":"product_tag-court-classic-shoes","10":"product_tag-lifestyle-casual-shoes","11":"product_tag-lifestyle-shoes-casual","12":"product_tag-new-release","13":"wcpa_has_options","15":"first","16":"instock","17":"taxable","18":"shipping-taxable","19":"purchasable","20":"product-type-simple"},"wcpa_form_fields":{"rules":{"pric_overide_base_price":false,"pric_overide_base_price_if_gt_zero":false,"pric_overide_base_price_fully":false,"pric_cal_option_once":false,"pric_use_as_fee":false,"bind_quantity":false,"quantity_bind_formula":false},"fields":[{"type":"color-group","required":true,"elementId":"wcpa-color-group-66c4a7f817afe","label":"Taille","inline":true,"priceOptions":"different_for_all","pricingType":"fixed","className":"hassizechart product-shoes-size-eu product-shoes-size","name":"color-group-66c4a7f817b18","disp_type":"square","selection_type":"tick-border","disp_size":"50","show_label_inside":true,"adjust_width":true,"cart_display_type":"text","other_text":"Other","cl_rule":"show","col":6,"values":[{"label":"35","value":"EU 35","price":"","pimage":"","pimage_id":"","pthumb":"","color":""},{"label":"35.5","value":"EU 35.5","price":"","pimage":"","pimage_id":"","pthumb":"","color":""},{"label":"36","value":"EU 36","price":"","pimage":"","pimage_id":"","pthumb":"","color":"","selected":true},{"label":"36 2\/3","value":"EU 36 2\/3","price":"","pimage":"","pimage_id":"","pthumb":"","color":""},{"label":"37 1\/3","value":"EU 37 1\/3","price":"","pimage":"","pimage_id":"","pthumb":"","color":""},{"label":"38","value":"EU 38","price":"","pimage":"","pimage_id":"","pthumb":"","color":""},{"label":"38 2\/3","value":"EU 38 2\/3","price":"","pimage":"","pimage_id":"","pthumb":"","color":""},{"label":"39 1\/3","value":"EU 39 1\/3","price":"","pimage":"","pimage_id":"","pthumb":"","color":""},{"label":"40","value":"EU 40","price":"","pimage":"","pimage_id":"","pthumb":"","color":""},{"label":"40 2\/3","value":"EU 40 2\/3","price":"","pimage":"","pimage_id":"","pthumb":"","color":""},{"label":"41 1\/3","value":"EU 41 1\/3","price":"","pimage":"","pimage_id":"","pthumb":"","color":""},{"label":"42","value":"EU 42","price":"","pimage":"","pimage_id":"","pthumb":"","color":""},{"label":"42 2\/3","value":"EU 42 2\/3","price":"","pimage":"","pimage_id":"","pthumb":"","color":""},{"label":"43 1\/3","value":"EU 43 1\/3","price":"","pimage":"","pimage_id":"","pthumb":"","color":""},{"label":"44","value":"EU 44","price":"","pimage":"","pimage_id":"","pthumb":"","color":""},{"label":"44 2\/3","value":"EU 44 2\/3","price":"","pimage":"","pimage_id":"","pthumb":"","color":""},{"label":"45 1\/3","value":"EU 45 1\/3","price":"","pimage":"","pimage_id":"","pthumb":"","color":""},{"label":"46","value":"EU 46","price":"","pimage":"","pimage_id":"","pthumb":"","color":""},{"label":"46 2\/3","value":"EU 46 2\/3","price":"","pimage":"","pimage_id":"","pthumb":"","color":""},{"label":"47 1\/3","value":"EU 47 1\/3","price":"","pimage":"","pimage_id":"","pthumb":"","color":""}],"relations":[{"operator":false,"rules":[]}],"form_id":24802,"form_rules":{"pric_cal_option_once":false,"exclude_from_discount":false,"pric_use_as_fee":false,"fee_label":"Fee","render_after_acb":false,"disp_hide_options_price":false}}]},"yoast_head":"<!-- This site is optimized with the Yoast SEO plugin v26.5 - https:\/\/yoast.com\/wordpress\/plugins\/seo\/ -->\n<title>Willy Chavarria x adidas Superstar &#039;Compton Cowboys&#039; - TOURCRUISER PTE. LTD<\/title>\n<meta name=\"robots\" content=\"index, follow, max-snippet:-1, max-image-preview:large, max-video-preview:-1\" \/>\n<link rel=\"canonical\" href=\"https:\/\/tourcruiser.com\/fr\/products\/willy-chavarria-x-adidas-superstar-compton-cowboys\/\" \/>\n<meta property=\"og:locale\" content=\"fr_FR\" \/>\n<meta property=\"og:type\" content=\"article\" \/>\n<meta property=\"og:title\" content=\"Willy Chavarria x adidas Superstar &#039;Compton Cowboys&#039; - TOURCRUISER PTE. LTD\" \/>\n<meta property=\"og:description\" content=\"adidas Superstar \u201d\u201d Core Black\/Core Black\/Off White\" \/>\n<meta property=\"og:url\" content=\"https:\/\/tourcruiser.com\/fr\/products\/willy-chavarria-x-adidas-superstar-compton-cowboys\/\" \/>\n<meta property=\"og:site_name\" content=\"Tourcruiser Sneaker Store\" \/>\n<meta property=\"article:modified_time\" content=\"2026-03-14T12:37:06+00:00\" \/>\n<meta name=\"twitter:card\" content=\"summary_large_image\" \/>\n<meta name=\"twitter:image\" content=\"https:\/\/images.novelship.com\/product\/willy_chavarria_x_adidas_superstar__compton_cowboy_0_88928.jpeg\" \/>\n<meta name=\"twitter:label1\" content=\"Dur\u00e9e de lecture estim\u00e9e\" \/>\n\t<meta name=\"twitter:data1\" content=\"1 minute\" \/>\n<script type=\"application\/ld+json\" class=\"yoast-schema-graph\">{\"@context\":\"https:\/\/schema.org\",\"@graph\":[{\"@type\":\"WebPage\",\"@id\":\"https:\/\/tourcruiser.com\/fr\/products\/willy-chavarria-x-adidas-superstar-compton-cowboys\/\",\"url\":\"https:\/\/tourcruiser.com\/fr\/products\/willy-chavarria-x-adidas-superstar-compton-cowboys\/\",\"name\":\"Willy Chavarria x adidas Superstar 'Compton Cowboys' - TOURCRUISER PTE. LTD\",\"isPartOf\":{\"@id\":\"https:\/\/tourcruiser.com\/fr\/#website\"},\"primaryImageOfPage\":{\"@id\":\"https:\/\/tourcruiser.com\/fr\/products\/willy-chavarria-x-adidas-superstar-compton-cowboys\/#primaryimage\"},\"image\":{\"@id\":\"https:\/\/tourcruiser.com\/fr\/products\/willy-chavarria-x-adidas-superstar-compton-cowboys\/#primaryimage\"},\"thumbnailUrl\":\"https:\/\/images.novelship.com\/product\/willy_chavarria_x_adidas_superstar__compton_cowboy_0_88928.jpeg\",\"datePublished\":\"2026-03-02T09:21:29+00:00\",\"dateModified\":\"2026-03-14T12:37:06+00:00\",\"breadcrumb\":{\"@id\":\"https:\/\/tourcruiser.com\/fr\/products\/willy-chavarria-x-adidas-superstar-compton-cowboys\/#breadcrumb\"},\"inLanguage\":\"fr-FR\",\"potentialAction\":[{\"@type\":\"ReadAction\",\"target\":[\"https:\/\/tourcruiser.com\/fr\/products\/willy-chavarria-x-adidas-superstar-compton-cowboys\/\"]}]},{\"@type\":\"ImageObject\",\"inLanguage\":\"fr-FR\",\"@id\":\"https:\/\/tourcruiser.com\/fr\/products\/willy-chavarria-x-adidas-superstar-compton-cowboys\/#primaryimage\",\"url\":\"https:\/\/images.novelship.com\/product\/willy_chavarria_x_adidas_superstar__compton_cowboy_0_88928.jpeg\",\"contentUrl\":\"https:\/\/images.novelship.com\/product\/willy_chavarria_x_adidas_superstar__compton_cowboy_0_88928.jpeg\"},{\"@type\":\"BreadcrumbList\",\"@id\":\"https:\/\/tourcruiser.com\/fr\/products\/willy-chavarria-x-adidas-superstar-compton-cowboys\/#breadcrumb\",\"itemListElement\":[{\"@type\":\"ListItem\",\"position\":1,\"name\":\"Home\",\"item\":\"https:\/\/tourcruiser.com\/fr\/\"},{\"@type\":\"ListItem\",\"position\":2,\"name\":\"Shop\",\"item\":\"https:\/\/tourcruiser.com\/fr\/shop\/\"},{\"@type\":\"ListItem\",\"position\":3,\"name\":\"Willy Chavarria x adidas Superstar 'Compton Cowboys'\"}]},{\"@type\":\"WebSite\",\"@id\":\"https:\/\/tourcruiser.com\/fr\/#website\",\"url\":\"https:\/\/tourcruiser.com\/fr\/\",\"name\":\"Styloral Jewelry Shop\",\"description\":\"Tourcruiser Sneaker Store \u2014 L\u2019endroit o\u00f9 l\u2019univers rencontre votre singularit\u00e9.\",\"publisher\":{\"@id\":\"https:\/\/tourcruiser.com\/fr\/#organization\"},\"potentialAction\":[{\"@type\":\"SearchAction\",\"target\":{\"@type\":\"EntryPoint\",\"urlTemplate\":\"https:\/\/tourcruiser.com\/fr\/?s={search_term_string}\"},\"query-input\":{\"@type\":\"PropertyValueSpecification\",\"valueRequired\":true,\"valueName\":\"search_term_string\"}}],\"inLanguage\":\"fr-FR\"},{\"@type\":\"Organization\",\"@id\":\"https:\/\/tourcruiser.com\/fr\/#organization\",\"name\":\"STYLORAL PTE. LTD\",\"url\":\"https:\/\/tourcruiser.com\/fr\/\",\"logo\":{\"@type\":\"ImageObject\",\"inLanguage\":\"fr-FR\",\"@id\":\"https:\/\/tourcruiser.com\/fr\/#\/schema\/logo\/image\/\",\"url\":\"https:\/\/www.tourcruiser.com\/wp-content\/uploads\/2025\/12\/logo.png\",\"contentUrl\":\"https:\/\/www.tourcruiser.com\/wp-content\/uploads\/2025\/12\/logo.png\",\"width\":200,\"height\":65,\"caption\":\"STYLORAL PTE. LTD\"},\"image\":{\"@id\":\"https:\/\/tourcruiser.com\/fr\/#\/schema\/logo\/image\/\"}}]}<\/script>\n<!-- \/ Yoast SEO plugin. -->","yoast_head_json":{"title":"Willy Chavarria x adidas Superstar 'Compton Cowboys' - TOURCRUISER PTE. LTD","robots":{"index":"index","follow":"follow","max-snippet":"max-snippet:-1","max-image-preview":"max-image-preview:large","max-video-preview":"max-video-preview:-1"},"canonical":"https:\/\/tourcruiser.com\/fr\/products\/willy-chavarria-x-adidas-superstar-compton-cowboys\/","og_locale":"fr_FR","og_type":"article","og_title":"Willy Chavarria x adidas Superstar 'Compton Cowboys' - TOURCRUISER PTE. LTD","og_description":"adidas Superstar \u201d\u201d Core Black\/Core Black\/Off White","og_url":"https:\/\/tourcruiser.com\/fr\/products\/willy-chavarria-x-adidas-superstar-compton-cowboys\/","og_site_name":"Tourcruiser Sneaker Store","article_modified_time":"2026-03-14T12:37:06+00:00","twitter_card":"summary_large_image","twitter_image":"https:\/\/images.novelship.com\/product\/willy_chavarria_x_adidas_superstar__compton_cowboy_0_88928.jpeg","twitter_misc":{"Dur\u00e9e de lecture estim\u00e9e":"1 minute"},"schema":{"@context":"https:\/\/schema.org","@graph":[{"@type":"WebPage","@id":"https:\/\/tourcruiser.com\/fr\/products\/willy-chavarria-x-adidas-superstar-compton-cowboys\/","url":"https:\/\/tourcruiser.com\/fr\/products\/willy-chavarria-x-adidas-superstar-compton-cowboys\/","name":"Willy Chavarria x adidas Superstar 'Compton Cowboys' - TOURCRUISER PTE. LTD","isPartOf":{"@id":"https:\/\/tourcruiser.com\/fr\/#website"},"primaryImageOfPage":{"@id":"https:\/\/tourcruiser.com\/fr\/products\/willy-chavarria-x-adidas-superstar-compton-cowboys\/#primaryimage"},"image":{"@id":"https:\/\/tourcruiser.com\/fr\/products\/willy-chavarria-x-adidas-superstar-compton-cowboys\/#primaryimage"},"thumbnailUrl":"https:\/\/images.novelship.com\/product\/willy_chavarria_x_adidas_superstar__compton_cowboy_0_88928.jpeg","datePublished":"2026-03-02T09:21:29+00:00","dateModified":"2026-03-14T12:37:06+00:00","breadcrumb":{"@id":"https:\/\/tourcruiser.com\/fr\/products\/willy-chavarria-x-adidas-superstar-compton-cowboys\/#breadcrumb"},"inLanguage":"fr-FR","potentialAction":[{"@type":"ReadAction","target":["https:\/\/tourcruiser.com\/fr\/products\/willy-chavarria-x-adidas-superstar-compton-cowboys\/"]}]},{"@type":"ImageObject","inLanguage":"fr-FR","@id":"https:\/\/tourcruiser.com\/fr\/products\/willy-chavarria-x-adidas-superstar-compton-cowboys\/#primaryimage","url":"https:\/\/images.novelship.com\/product\/willy_chavarria_x_adidas_superstar__compton_cowboy_0_88928.jpeg","contentUrl":"https:\/\/images.novelship.com\/product\/willy_chavarria_x_adidas_superstar__compton_cowboy_0_88928.jpeg"},{"@type":"BreadcrumbList","@id":"https:\/\/tourcruiser.com\/fr\/products\/willy-chavarria-x-adidas-superstar-compton-cowboys\/#breadcrumb","itemListElement":[{"@type":"ListItem","position":1,"name":"Home","item":"https:\/\/tourcruiser.com\/fr\/"},{"@type":"ListItem","position":2,"name":"Shop","item":"https:\/\/tourcruiser.com\/fr\/shop\/"},{"@type":"ListItem","position":3,"name":"Willy Chavarria x adidas Superstar 'Compton Cowboys'"}]},{"@type":"WebSite","@id":"https:\/\/tourcruiser.com\/fr\/#website","url":"https:\/\/tourcruiser.com\/fr\/","name":"Styloral Jewelry Shop","description":"Tourcruiser Sneaker Store \u2014 L\u2019endroit o\u00f9 l\u2019univers rencontre votre singularit\u00e9.","publisher":{"@id":"https:\/\/tourcruiser.com\/fr\/#organization"},"potentialAction":[{"@type":"SearchAction","target":{"@type":"EntryPoint","urlTemplate":"https:\/\/tourcruiser.com\/fr\/?s={search_term_string}"},"query-input":{"@type":"PropertyValueSpecification","valueRequired":true,"valueName":"search_term_string"}}],"inLanguage":"fr-FR"},{"@type":"Organization","@id":"https:\/\/tourcruiser.com\/fr\/#organization","name":"STYLORAL PTE. LTD","url":"https:\/\/tourcruiser.com\/fr\/","logo":{"@type":"ImageObject","inLanguage":"fr-FR","@id":"https:\/\/tourcruiser.com\/fr\/#\/schema\/logo\/image\/","url":"https:\/\/www.tourcruiser.com\/wp-content\/uploads\/2025\/12\/logo.png","contentUrl":"https:\/\/www.tourcruiser.com\/wp-content\/uploads\/2025\/12\/logo.png","width":200,"height":65,"caption":"STYLORAL PTE. LTD"},"image":{"@id":"https:\/\/tourcruiser.com\/fr\/#\/schema\/logo\/image\/"}}]}},"_links":{"self":[{"href":"https:\/\/tourcruiser.com\/fr\/wp-json\/wp\/v2\/product\/170679","targetHints":{"allow":["GET"]}}],"collection":[{"href":"https:\/\/tourcruiser.com\/fr\/wp-json\/wp\/v2\/product"}],"about":[{"href":"https:\/\/tourcruiser.com\/fr\/wp-json\/wp\/v2\/types\/product"}],"replies":[{"embeddable":true,"href":"https:\/\/tourcruiser.com\/fr\/wp-json\/wp\/v2\/comments?post=170679"}],"wp:featuredmedia":[{"embeddable":true,"href":"https:\/\/tourcruiser.com\/fr\/wp-json\/wp\/v2\/media\/170680"}],"wp:attachment":[{"href":"https:\/\/tourcruiser.com\/fr\/wp-json\/wp\/v2\/media?parent=170679"}],"wp:term":[{"taxonomy":"product_brand","embeddable":true,"href":"https:\/\/tourcruiser.com\/fr\/wp-json\/wp\/v2\/product_brand?post=170679"},{"taxonomy":"product_cat","embeddable":true,"href":"https:\/\/tourcruiser.com\/fr\/wp-json\/wp\/v2\/product_cat?post=170679"},{"taxonomy":"product_tag","embeddable":true,"href":"https:\/\/tourcruiser.com\/fr\/wp-json\/wp\/v2\/product_tag?post=170679"}],"curies":[{"name":"wp","href":"https:\/\/api.w.org\/{rel}","templated":true}]}}