{"id":169655,"date":"2026-03-02T16:19:55","date_gmt":"2026-03-02T09:19:55","guid":{"rendered":"http:\/\/tourcruiser.com\/product\/nike-supreme-x-air-force-1-low-shanghai-exclusive-box-logospeed-red"},"modified":"2026-03-14T19:36:08","modified_gmt":"2026-03-14T12:36:08","slug":"nike-supreme-x-air-force-1-low-shanghai-exclusive-box-logospeed-red","status":"publish","type":"product","link":"https:\/\/tourcruiser.com\/fr\/products\/nike-supreme-x-air-force-1-low-shanghai-exclusive-box-logospeed-red\/","title":{"rendered":"Nike Supreme x Air Force 1 Low Shanghai Exclusive &lsquo;Box Logo &#8211; Speed Red&rsquo;"},"content":{"rendered":"<p>D\u00e9couvrez la Nike Supreme x Air Force 1 Low Shanghai Exclusive \u00ab Box Logo \u00bb \u00ab Speed \u200b\u200b\u00bb rouge CU9225-101. Cette sneaker en \u00e9dition limit\u00e9e allie des mat\u00e9riaux haut de gamme \u00e0 un design saisissant, mettant en valeur l&#8217;embl\u00e9matique logo Supreme Box Logo dans un rouge Speed \u200b\u200b\u00e9clatant. Fruit d&rsquo;une collaboration id\u00e9ale pour les passionn\u00e9s de sneakers, elle offre un style et un confort in\u00e9gal\u00e9s. Avec ses finitions soign\u00e9es et sa construction r\u00e9sistante, elle est parfaite au quotidien comme pour les collectionneurs. Donnez une touche d&rsquo;originalit\u00e9 \u00e0 votre style avec cette chaussure exclusive et incontournable de Nike.<\/p>\n<ul>\n<li><strong>Coloris\u00a0:<\/strong> Blanc\/Rouge vif\/Blanc<\/li>\n<li><strong>Code article\u00a0:<\/strong> CU9225-101<\/li>\n<li><strong>Tige\u00a0:<\/strong> Cuir<\/li>\n<li><strong>Semelle interm\u00e9diaire\u00a0:<\/strong> Air<\/li>\n<li><strong>Couleur\u00a0:<\/strong> Blanc<\/li>\n<li><strong>Designer\u00a0:<\/strong> Bruce Kilgore<\/li>\n<li><strong>Ann\u00e9e de sortie\u00a0:<\/strong> 2024<\/li>\n<\/ul>\n","protected":false},"excerpt":{"rendered":"<p>Nike Air Force 1 Low Supreme x Box Logo &#8211; Speed Red \u201d\u201d White\/Speed Red\/White<\/p>\n","protected":false},"featured_media":169656,"comment_status":"open","ping_status":"closed","template":"","meta":[],"product_brand":[],"product_cat":[10803],"product_tag":[10799,10800,10753,10754,10777,10801,10802],"class_list":{"0":"post-169655","1":"product","2":"type-product","3":"status-publish","4":"has-post-thumbnail","6":"product_cat-nike","7":"product_tag-ankle-support-basketball-shoes","8":"product_tag-basketball-shoes","9":"product_tag-gift-for-him","10":"product_tag-lifestyle-casual-shoes","11":"product_tag-lifestyle-shoes-basketball-inspired","12":"product_tag-nike","13":"product_tag-performance-sport-shoes","14":"wcpa_has_options","16":"first","17":"instock","18":"taxable","19":"shipping-taxable","20":"purchasable","21":"product-type-simple"},"wcpa_form_fields":{"rules":{"pric_overide_base_price":false,"pric_overide_base_price_if_gt_zero":false,"pric_overide_base_price_fully":false,"pric_cal_option_once":false,"pric_use_as_fee":false,"bind_quantity":false,"quantity_bind_formula":false},"fields":[{"type":"color-group","required":true,"elementId":"wcpa-color-group-66c4a75505e74","label":"Taille","inline":true,"priceOptions":"different_for_all","pricingType":"fixed","className":"hassizechart product-shoes-size-eu product-shoes-size","name":"color-group-66c4a75505e89","disp_type":"square","selection_type":"tick-border","disp_size":"44","show_label_inside":true,"adjust_width":true,"cart_display_type":"text","other_text":"Other","cl_rule":"show","col":6,"values":[{"label":"35.5","value":"EU 35.5","price":"","pimage":"","pimage_id":"","pthumb":"","color":""},{"label":"36","value":"EU 36","price":"","pimage":"","pimage_id":"","pthumb":"","color":"","selected":true},{"label":"36.5","value":"EU 36.5","price":"","pimage":"","pimage_id":"","pthumb":"","color":""},{"label":"37.5","value":"EU 37.5","price":"","pimage":"","pimage_id":"","pthumb":"","color":""},{"label":"38","value":"EU 38","price":"","pimage":"","pimage_id":"","pthumb":"","color":""},{"label":"38.5","value":"EU 38.5","price":"","pimage":"","pimage_id":"","pthumb":"","color":""},{"label":"39","value":"EU 39","price":"","pimage":"","pimage_id":"","pthumb":"","color":""},{"label":"40","value":"EU 40","price":"","pimage":"","pimage_id":"","pthumb":"","color":""},{"label":"40.5","value":"EU 40.5","price":"","pimage":"","pimage_id":"","pthumb":"","color":""},{"label":"41","value":"EU 41","price":"","pimage":"","pimage_id":"","pthumb":"","color":""},{"label":"42","value":"EU 42","price":"","pimage":"","pimage_id":"","pthumb":"","color":""},{"label":"42.5","value":"EU 42.5","price":"","pimage":"","pimage_id":"","pthumb":"","color":""},{"label":"43","value":"EU 43","price":"","pimage":"","pimage_id":"","pthumb":"","color":""},{"label":"44","value":"EU 44","price":"","pimage":"","pimage_id":"","pthumb":"","color":""},{"label":"44.5","value":"EU 44.5","price":"","pimage":"","pimage_id":"","pthumb":"","color":""},{"label":"45","value":"EU 45","price":"","pimage":"","pimage_id":"","pthumb":"","color":""},{"label":"45.5","value":"EU 45.5","price":"","pimage":"","pimage_id":"","pthumb":"","color":""},{"label":"46","value":"EU 46","price":"","pimage":"","pimage_id":"","pthumb":"","color":""},{"label":"47","value":"EU 47","price":"","pimage":"","pimage_id":"","pthumb":"","color":""},{"label":"47.5","value":"EU 47.5","price":"","pimage":"","pimage_id":"","pthumb":"","color":""},{"label":"48","value":"EU 48","price":"","pimage":"","pimage_id":"","pthumb":"","color":""}],"relations":[{"operator":false,"rules":[]}],"form_id":18106,"form_rules":{"pric_cal_option_once":false,"exclude_from_discount":false,"pric_use_as_fee":false,"fee_label":"Fee","render_after_acb":false,"disp_hide_options_price":false}}]},"yoast_head":"<!-- This site is optimized with the Yoast SEO plugin v26.5 - https:\/\/yoast.com\/wordpress\/plugins\/seo\/ -->\n<title>Nike Supreme x Air Force 1 Low Shanghai Exclusive &#039;Box Logo - Speed Red&#039; - TOURCRUISER PTE. LTD<\/title>\n<meta name=\"robots\" content=\"index, follow, max-snippet:-1, max-image-preview:large, max-video-preview:-1\" \/>\n<link rel=\"canonical\" href=\"https:\/\/tourcruiser.com\/fr\/products\/nike-supreme-x-air-force-1-low-shanghai-exclusive-box-logospeed-red\/\" \/>\n<meta property=\"og:locale\" content=\"fr_FR\" \/>\n<meta property=\"og:type\" content=\"article\" \/>\n<meta property=\"og:title\" content=\"Nike Supreme x Air Force 1 Low Shanghai Exclusive &#039;Box Logo - Speed Red&#039; - TOURCRUISER PTE. LTD\" \/>\n<meta property=\"og:description\" content=\"Nike Air Force 1 Low Supreme x Box Logo - Speed Red \u201d\u201d White\/Speed Red\/White\" \/>\n<meta property=\"og:url\" content=\"https:\/\/tourcruiser.com\/fr\/products\/nike-supreme-x-air-force-1-low-shanghai-exclusive-box-logospeed-red\/\" \/>\n<meta property=\"og:site_name\" content=\"Tourcruiser Sneaker Store\" \/>\n<meta property=\"article:modified_time\" content=\"2026-03-14T12:36:08+00:00\" \/>\n<meta name=\"twitter:card\" content=\"summary_large_image\" \/>\n<meta name=\"twitter:image\" content=\"https:\/\/images.novelship.com\/product\/nike_supreme_x_air_force_1_low_shanghai_exclusive__0_10465.png\" \/>\n<meta name=\"twitter:label1\" content=\"Dur\u00e9e de lecture estim\u00e9e\" \/>\n\t<meta name=\"twitter:data1\" content=\"1 minute\" \/>\n<script type=\"application\/ld+json\" class=\"yoast-schema-graph\">{\"@context\":\"https:\/\/schema.org\",\"@graph\":[{\"@type\":\"WebPage\",\"@id\":\"https:\/\/tourcruiser.com\/fr\/products\/nike-supreme-x-air-force-1-low-shanghai-exclusive-box-logospeed-red\/\",\"url\":\"https:\/\/tourcruiser.com\/fr\/products\/nike-supreme-x-air-force-1-low-shanghai-exclusive-box-logospeed-red\/\",\"name\":\"Nike Supreme x Air Force 1 Low Shanghai Exclusive 'Box Logo - Speed Red' - TOURCRUISER PTE. LTD\",\"isPartOf\":{\"@id\":\"https:\/\/tourcruiser.com\/fr\/#website\"},\"primaryImageOfPage\":{\"@id\":\"https:\/\/tourcruiser.com\/fr\/products\/nike-supreme-x-air-force-1-low-shanghai-exclusive-box-logospeed-red\/#primaryimage\"},\"image\":{\"@id\":\"https:\/\/tourcruiser.com\/fr\/products\/nike-supreme-x-air-force-1-low-shanghai-exclusive-box-logospeed-red\/#primaryimage\"},\"thumbnailUrl\":\"https:\/\/images.novelship.com\/product\/nike_supreme_x_air_force_1_low_shanghai_exclusive__0_10465.png\",\"datePublished\":\"2026-03-02T09:19:55+00:00\",\"dateModified\":\"2026-03-14T12:36:08+00:00\",\"breadcrumb\":{\"@id\":\"https:\/\/tourcruiser.com\/fr\/products\/nike-supreme-x-air-force-1-low-shanghai-exclusive-box-logospeed-red\/#breadcrumb\"},\"inLanguage\":\"fr-FR\",\"potentialAction\":[{\"@type\":\"ReadAction\",\"target\":[\"https:\/\/tourcruiser.com\/fr\/products\/nike-supreme-x-air-force-1-low-shanghai-exclusive-box-logospeed-red\/\"]}]},{\"@type\":\"ImageObject\",\"inLanguage\":\"fr-FR\",\"@id\":\"https:\/\/tourcruiser.com\/fr\/products\/nike-supreme-x-air-force-1-low-shanghai-exclusive-box-logospeed-red\/#primaryimage\",\"url\":\"https:\/\/images.novelship.com\/product\/nike_supreme_x_air_force_1_low_shanghai_exclusive__0_10465.png\",\"contentUrl\":\"https:\/\/images.novelship.com\/product\/nike_supreme_x_air_force_1_low_shanghai_exclusive__0_10465.png\"},{\"@type\":\"BreadcrumbList\",\"@id\":\"https:\/\/tourcruiser.com\/fr\/products\/nike-supreme-x-air-force-1-low-shanghai-exclusive-box-logospeed-red\/#breadcrumb\",\"itemListElement\":[{\"@type\":\"ListItem\",\"position\":1,\"name\":\"Home\",\"item\":\"https:\/\/tourcruiser.com\/fr\/\"},{\"@type\":\"ListItem\",\"position\":2,\"name\":\"Shop\",\"item\":\"https:\/\/tourcruiser.com\/fr\/shop\/\"},{\"@type\":\"ListItem\",\"position\":3,\"name\":\"Nike Supreme x Air Force 1 Low Shanghai Exclusive 'Box Logo - Speed Red'\"}]},{\"@type\":\"WebSite\",\"@id\":\"https:\/\/tourcruiser.com\/fr\/#website\",\"url\":\"https:\/\/tourcruiser.com\/fr\/\",\"name\":\"Styloral Jewelry Shop\",\"description\":\"Tourcruiser Sneaker Store \u2014 L\u2019endroit o\u00f9 l\u2019univers rencontre votre singularit\u00e9.\",\"publisher\":{\"@id\":\"https:\/\/tourcruiser.com\/fr\/#organization\"},\"potentialAction\":[{\"@type\":\"SearchAction\",\"target\":{\"@type\":\"EntryPoint\",\"urlTemplate\":\"https:\/\/tourcruiser.com\/fr\/?s={search_term_string}\"},\"query-input\":{\"@type\":\"PropertyValueSpecification\",\"valueRequired\":true,\"valueName\":\"search_term_string\"}}],\"inLanguage\":\"fr-FR\"},{\"@type\":\"Organization\",\"@id\":\"https:\/\/tourcruiser.com\/fr\/#organization\",\"name\":\"STYLORAL PTE. LTD\",\"url\":\"https:\/\/tourcruiser.com\/fr\/\",\"logo\":{\"@type\":\"ImageObject\",\"inLanguage\":\"fr-FR\",\"@id\":\"https:\/\/tourcruiser.com\/fr\/#\/schema\/logo\/image\/\",\"url\":\"https:\/\/www.tourcruiser.com\/wp-content\/uploads\/2025\/12\/logo.png\",\"contentUrl\":\"https:\/\/www.tourcruiser.com\/wp-content\/uploads\/2025\/12\/logo.png\",\"width\":200,\"height\":65,\"caption\":\"STYLORAL PTE. LTD\"},\"image\":{\"@id\":\"https:\/\/tourcruiser.com\/fr\/#\/schema\/logo\/image\/\"}}]}<\/script>\n<!-- \/ Yoast SEO plugin. -->","yoast_head_json":{"title":"Nike Supreme x Air Force 1 Low Shanghai Exclusive 'Box Logo - Speed Red' - TOURCRUISER PTE. LTD","robots":{"index":"index","follow":"follow","max-snippet":"max-snippet:-1","max-image-preview":"max-image-preview:large","max-video-preview":"max-video-preview:-1"},"canonical":"https:\/\/tourcruiser.com\/fr\/products\/nike-supreme-x-air-force-1-low-shanghai-exclusive-box-logospeed-red\/","og_locale":"fr_FR","og_type":"article","og_title":"Nike Supreme x Air Force 1 Low Shanghai Exclusive 'Box Logo - Speed Red' - TOURCRUISER PTE. LTD","og_description":"Nike Air Force 1 Low Supreme x Box Logo - Speed Red \u201d\u201d White\/Speed Red\/White","og_url":"https:\/\/tourcruiser.com\/fr\/products\/nike-supreme-x-air-force-1-low-shanghai-exclusive-box-logospeed-red\/","og_site_name":"Tourcruiser Sneaker Store","article_modified_time":"2026-03-14T12:36:08+00:00","twitter_card":"summary_large_image","twitter_image":"https:\/\/images.novelship.com\/product\/nike_supreme_x_air_force_1_low_shanghai_exclusive__0_10465.png","twitter_misc":{"Dur\u00e9e de lecture estim\u00e9e":"1 minute"},"schema":{"@context":"https:\/\/schema.org","@graph":[{"@type":"WebPage","@id":"https:\/\/tourcruiser.com\/fr\/products\/nike-supreme-x-air-force-1-low-shanghai-exclusive-box-logospeed-red\/","url":"https:\/\/tourcruiser.com\/fr\/products\/nike-supreme-x-air-force-1-low-shanghai-exclusive-box-logospeed-red\/","name":"Nike Supreme x Air Force 1 Low Shanghai Exclusive 'Box Logo - Speed Red' - TOURCRUISER PTE. LTD","isPartOf":{"@id":"https:\/\/tourcruiser.com\/fr\/#website"},"primaryImageOfPage":{"@id":"https:\/\/tourcruiser.com\/fr\/products\/nike-supreme-x-air-force-1-low-shanghai-exclusive-box-logospeed-red\/#primaryimage"},"image":{"@id":"https:\/\/tourcruiser.com\/fr\/products\/nike-supreme-x-air-force-1-low-shanghai-exclusive-box-logospeed-red\/#primaryimage"},"thumbnailUrl":"https:\/\/images.novelship.com\/product\/nike_supreme_x_air_force_1_low_shanghai_exclusive__0_10465.png","datePublished":"2026-03-02T09:19:55+00:00","dateModified":"2026-03-14T12:36:08+00:00","breadcrumb":{"@id":"https:\/\/tourcruiser.com\/fr\/products\/nike-supreme-x-air-force-1-low-shanghai-exclusive-box-logospeed-red\/#breadcrumb"},"inLanguage":"fr-FR","potentialAction":[{"@type":"ReadAction","target":["https:\/\/tourcruiser.com\/fr\/products\/nike-supreme-x-air-force-1-low-shanghai-exclusive-box-logospeed-red\/"]}]},{"@type":"ImageObject","inLanguage":"fr-FR","@id":"https:\/\/tourcruiser.com\/fr\/products\/nike-supreme-x-air-force-1-low-shanghai-exclusive-box-logospeed-red\/#primaryimage","url":"https:\/\/images.novelship.com\/product\/nike_supreme_x_air_force_1_low_shanghai_exclusive__0_10465.png","contentUrl":"https:\/\/images.novelship.com\/product\/nike_supreme_x_air_force_1_low_shanghai_exclusive__0_10465.png"},{"@type":"BreadcrumbList","@id":"https:\/\/tourcruiser.com\/fr\/products\/nike-supreme-x-air-force-1-low-shanghai-exclusive-box-logospeed-red\/#breadcrumb","itemListElement":[{"@type":"ListItem","position":1,"name":"Home","item":"https:\/\/tourcruiser.com\/fr\/"},{"@type":"ListItem","position":2,"name":"Shop","item":"https:\/\/tourcruiser.com\/fr\/shop\/"},{"@type":"ListItem","position":3,"name":"Nike Supreme x Air Force 1 Low Shanghai Exclusive 'Box Logo - Speed Red'"}]},{"@type":"WebSite","@id":"https:\/\/tourcruiser.com\/fr\/#website","url":"https:\/\/tourcruiser.com\/fr\/","name":"Styloral Jewelry Shop","description":"Tourcruiser Sneaker Store \u2014 L\u2019endroit o\u00f9 l\u2019univers rencontre votre singularit\u00e9.","publisher":{"@id":"https:\/\/tourcruiser.com\/fr\/#organization"},"potentialAction":[{"@type":"SearchAction","target":{"@type":"EntryPoint","urlTemplate":"https:\/\/tourcruiser.com\/fr\/?s={search_term_string}"},"query-input":{"@type":"PropertyValueSpecification","valueRequired":true,"valueName":"search_term_string"}}],"inLanguage":"fr-FR"},{"@type":"Organization","@id":"https:\/\/tourcruiser.com\/fr\/#organization","name":"STYLORAL PTE. LTD","url":"https:\/\/tourcruiser.com\/fr\/","logo":{"@type":"ImageObject","inLanguage":"fr-FR","@id":"https:\/\/tourcruiser.com\/fr\/#\/schema\/logo\/image\/","url":"https:\/\/www.tourcruiser.com\/wp-content\/uploads\/2025\/12\/logo.png","contentUrl":"https:\/\/www.tourcruiser.com\/wp-content\/uploads\/2025\/12\/logo.png","width":200,"height":65,"caption":"STYLORAL PTE. LTD"},"image":{"@id":"https:\/\/tourcruiser.com\/fr\/#\/schema\/logo\/image\/"}}]}},"_links":{"self":[{"href":"https:\/\/tourcruiser.com\/fr\/wp-json\/wp\/v2\/product\/169655","targetHints":{"allow":["GET"]}}],"collection":[{"href":"https:\/\/tourcruiser.com\/fr\/wp-json\/wp\/v2\/product"}],"about":[{"href":"https:\/\/tourcruiser.com\/fr\/wp-json\/wp\/v2\/types\/product"}],"replies":[{"embeddable":true,"href":"https:\/\/tourcruiser.com\/fr\/wp-json\/wp\/v2\/comments?post=169655"}],"wp:featuredmedia":[{"embeddable":true,"href":"https:\/\/tourcruiser.com\/fr\/wp-json\/wp\/v2\/media\/169656"}],"wp:attachment":[{"href":"https:\/\/tourcruiser.com\/fr\/wp-json\/wp\/v2\/media?parent=169655"}],"wp:term":[{"taxonomy":"product_brand","embeddable":true,"href":"https:\/\/tourcruiser.com\/fr\/wp-json\/wp\/v2\/product_brand?post=169655"},{"taxonomy":"product_cat","embeddable":true,"href":"https:\/\/tourcruiser.com\/fr\/wp-json\/wp\/v2\/product_cat?post=169655"},{"taxonomy":"product_tag","embeddable":true,"href":"https:\/\/tourcruiser.com\/fr\/wp-json\/wp\/v2\/product_tag?post=169655"}],"curies":[{"name":"wp","href":"https:\/\/api.w.org\/{rel}","templated":true}]}}