{"id":168440,"date":"2026-03-02T16:18:07","date_gmt":"2026-03-02T09:18:07","guid":{"rendered":"http:\/\/tourcruiser.com\/product\/alexia-putellas-x-nike-phantom-6-low-elite-fg-bright-crimson-black"},"modified":"2026-03-14T18:13:12","modified_gmt":"2026-03-14T11:13:12","slug":"alexia-putellas-x-nike-phantom-6-low-elite-fg-bright-crimson-black","status":"publish","type":"product","link":"https:\/\/tourcruiser.com\/fr\/products\/alexia-putellas-x-nike-phantom-6-low-elite-fg-bright-crimson-black\/","title":{"rendered":"Alexia Putellas x Nike Phantom 6 Low Elite FG &lsquo;Bright Crimson Black&rsquo;"},"content":{"rendered":"<p>Dominez le terrain avec une pr\u00e9cision et un contr\u00f4le in\u00e9gal\u00e9s gr\u00e2ce \u00e0 la Nike Phantom 6 Low Elite FG Alexia Putellas IB5141-600, con\u00e7ue pour les joueuses qui excellent sur le terrain. Inspir\u00e9e par le style d&rsquo;Alexia Putellas et une technologie de pointe, cette chaussure de football d&rsquo;\u00e9lite offre une vitesse explosive, un contr\u00f4le pr\u00e9cis du ballon et une adh\u00e9rence sup\u00e9rieure sur terrain sec. Sa construction l\u00e9g\u00e8re et son syst\u00e8me de la\u00e7age asym\u00e9trique augmentent la surface de frappe pour un placement de balle optimal et des tirs puissants. L&#8217;empeigne Flyknit \u00e9pouse parfaitement le pied, tandis que les zones textur\u00e9es am\u00e9liorent l&rsquo;accroche et le toucher, vous offrant un contr\u00f4le total en toutes circonstances. Les crampons strat\u00e9giquement plac\u00e9s assurent une agilit\u00e9 et une stabilit\u00e9 maximales, facilitant les changements de direction et les virages serr\u00e9s. Son design moderne et audacieux, rehauss\u00e9 de d\u00e9tails dynamiques, souligne votre engagement envers l&rsquo;excellence et rend hommage \u00e0 l&rsquo;une des plus grandes footballeuses de tous les temps. Boostez vos performances et dominez le jeu gr\u00e2ce \u00e0 l&rsquo;alliance parfaite du style et de la fonctionnalit\u00e9 \u2013 id\u00e9ale pour les professionnelles et les joueuses ambitieuses. Coloris\u00a0: Rouge vif\/Noir Num\u00e9ro d&rsquo;article\u00a0: IB5141-600 Mati\u00e8re ext\u00e9rieure\u00a0: Maille Couleur\u00a0: Rouge Ann\u00e9e de sortie\u00a0: 2026<\/p>\n","protected":false},"excerpt":{"rendered":"<p>Nike Phantom 6 Low Elite FG \u201d\u201d Bright Crimson\/Black<\/p>\n","protected":false},"featured_media":168441,"comment_status":"open","ping_status":"closed","template":"","meta":[],"product_brand":[],"product_cat":[10803],"product_tag":[11173,10778,10801,10802,10987],"class_list":{"0":"post-168440","1":"product","2":"type-product","3":"status-publish","4":"has-post-thumbnail","6":"product_cat-nike","7":"product_tag-firm-ground-fg-football-boots","8":"product_tag-new-release","9":"product_tag-nike","10":"product_tag-performance-sport-shoes","11":"product_tag-soccer-shoes-football-cleats","12":"wcpa_has_options","14":"first","15":"instock","16":"taxable","17":"shipping-taxable","18":"purchasable","19":"product-type-simple"},"wcpa_form_fields":{"rules":{"pric_overide_base_price":false,"pric_overide_base_price_if_gt_zero":false,"pric_overide_base_price_fully":false,"pric_cal_option_once":false,"pric_use_as_fee":false,"bind_quantity":false,"quantity_bind_formula":false},"fields":[{"type":"color-group","required":true,"elementId":"wcpa-color-group-66c4a75505e74","label":"Taille","inline":true,"priceOptions":"different_for_all","pricingType":"fixed","className":"hassizechart product-shoes-size-eu product-shoes-size","name":"color-group-66c4a75505e89","disp_type":"square","selection_type":"tick-border","disp_size":"44","show_label_inside":true,"adjust_width":true,"cart_display_type":"text","other_text":"Other","cl_rule":"show","col":6,"values":[{"label":"35.5","value":"EU 35.5","price":"","pimage":"","pimage_id":"","pthumb":"","color":""},{"label":"36","value":"EU 36","price":"","pimage":"","pimage_id":"","pthumb":"","color":"","selected":true},{"label":"36.5","value":"EU 36.5","price":"","pimage":"","pimage_id":"","pthumb":"","color":""},{"label":"37.5","value":"EU 37.5","price":"","pimage":"","pimage_id":"","pthumb":"","color":""},{"label":"38","value":"EU 38","price":"","pimage":"","pimage_id":"","pthumb":"","color":""},{"label":"38.5","value":"EU 38.5","price":"","pimage":"","pimage_id":"","pthumb":"","color":""},{"label":"39","value":"EU 39","price":"","pimage":"","pimage_id":"","pthumb":"","color":""},{"label":"40","value":"EU 40","price":"","pimage":"","pimage_id":"","pthumb":"","color":""},{"label":"40.5","value":"EU 40.5","price":"","pimage":"","pimage_id":"","pthumb":"","color":""},{"label":"41","value":"EU 41","price":"","pimage":"","pimage_id":"","pthumb":"","color":""},{"label":"42","value":"EU 42","price":"","pimage":"","pimage_id":"","pthumb":"","color":""},{"label":"42.5","value":"EU 42.5","price":"","pimage":"","pimage_id":"","pthumb":"","color":""},{"label":"43","value":"EU 43","price":"","pimage":"","pimage_id":"","pthumb":"","color":""},{"label":"44","value":"EU 44","price":"","pimage":"","pimage_id":"","pthumb":"","color":""},{"label":"44.5","value":"EU 44.5","price":"","pimage":"","pimage_id":"","pthumb":"","color":""},{"label":"45","value":"EU 45","price":"","pimage":"","pimage_id":"","pthumb":"","color":""},{"label":"45.5","value":"EU 45.5","price":"","pimage":"","pimage_id":"","pthumb":"","color":""},{"label":"46","value":"EU 46","price":"","pimage":"","pimage_id":"","pthumb":"","color":""},{"label":"47","value":"EU 47","price":"","pimage":"","pimage_id":"","pthumb":"","color":""},{"label":"47.5","value":"EU 47.5","price":"","pimage":"","pimage_id":"","pthumb":"","color":""},{"label":"48","value":"EU 48","price":"","pimage":"","pimage_id":"","pthumb":"","color":""}],"relations":[{"operator":false,"rules":[]}],"form_id":18106,"form_rules":{"pric_cal_option_once":false,"exclude_from_discount":false,"pric_use_as_fee":false,"fee_label":"Fee","render_after_acb":false,"disp_hide_options_price":false}}]},"yoast_head":"<!-- This site is optimized with the Yoast SEO plugin v26.5 - https:\/\/yoast.com\/wordpress\/plugins\/seo\/ -->\n<title>Alexia Putellas x Nike Phantom 6 Low Elite FG &#039;Bright Crimson Black&#039; - TOURCRUISER PTE. LTD<\/title>\n<meta name=\"robots\" content=\"index, follow, max-snippet:-1, max-image-preview:large, max-video-preview:-1\" \/>\n<link rel=\"canonical\" href=\"https:\/\/tourcruiser.com\/fr\/products\/alexia-putellas-x-nike-phantom-6-low-elite-fg-bright-crimson-black\/\" \/>\n<meta property=\"og:locale\" content=\"fr_FR\" \/>\n<meta property=\"og:type\" content=\"article\" \/>\n<meta property=\"og:title\" content=\"Alexia Putellas x Nike Phantom 6 Low Elite FG &#039;Bright Crimson Black&#039; - TOURCRUISER PTE. LTD\" \/>\n<meta property=\"og:description\" content=\"Nike Phantom 6 Low Elite FG \u201d\u201d Bright Crimson\/Black\" \/>\n<meta property=\"og:url\" content=\"https:\/\/tourcruiser.com\/fr\/products\/alexia-putellas-x-nike-phantom-6-low-elite-fg-bright-crimson-black\/\" \/>\n<meta property=\"og:site_name\" content=\"Tourcruiser Sneaker Store\" \/>\n<meta property=\"article:modified_time\" content=\"2026-03-14T11:13:12+00:00\" \/>\n<meta name=\"twitter:card\" content=\"summary_large_image\" \/>\n<meta name=\"twitter:image\" content=\"https:\/\/images.novelship.com\/product\/nike_phantom_6_low_elite_fg_alexia_putellas_ib5141_0_60080.jpeg\" \/>\n<meta name=\"twitter:label1\" content=\"Dur\u00e9e de lecture estim\u00e9e\" \/>\n\t<meta name=\"twitter:data1\" content=\"1 minute\" \/>\n<script type=\"application\/ld+json\" class=\"yoast-schema-graph\">{\"@context\":\"https:\/\/schema.org\",\"@graph\":[{\"@type\":\"WebPage\",\"@id\":\"https:\/\/tourcruiser.com\/fr\/products\/alexia-putellas-x-nike-phantom-6-low-elite-fg-bright-crimson-black\/\",\"url\":\"https:\/\/tourcruiser.com\/fr\/products\/alexia-putellas-x-nike-phantom-6-low-elite-fg-bright-crimson-black\/\",\"name\":\"Alexia Putellas x Nike Phantom 6 Low Elite FG 'Bright Crimson Black' - TOURCRUISER PTE. LTD\",\"isPartOf\":{\"@id\":\"https:\/\/tourcruiser.com\/fr\/#website\"},\"primaryImageOfPage\":{\"@id\":\"https:\/\/tourcruiser.com\/fr\/products\/alexia-putellas-x-nike-phantom-6-low-elite-fg-bright-crimson-black\/#primaryimage\"},\"image\":{\"@id\":\"https:\/\/tourcruiser.com\/fr\/products\/alexia-putellas-x-nike-phantom-6-low-elite-fg-bright-crimson-black\/#primaryimage\"},\"thumbnailUrl\":\"https:\/\/images.novelship.com\/product\/nike_phantom_6_low_elite_fg_alexia_putellas_ib5141_0_60080.jpeg\",\"datePublished\":\"2026-03-02T09:18:07+00:00\",\"dateModified\":\"2026-03-14T11:13:12+00:00\",\"breadcrumb\":{\"@id\":\"https:\/\/tourcruiser.com\/fr\/products\/alexia-putellas-x-nike-phantom-6-low-elite-fg-bright-crimson-black\/#breadcrumb\"},\"inLanguage\":\"fr-FR\",\"potentialAction\":[{\"@type\":\"ReadAction\",\"target\":[\"https:\/\/tourcruiser.com\/fr\/products\/alexia-putellas-x-nike-phantom-6-low-elite-fg-bright-crimson-black\/\"]}]},{\"@type\":\"ImageObject\",\"inLanguage\":\"fr-FR\",\"@id\":\"https:\/\/tourcruiser.com\/fr\/products\/alexia-putellas-x-nike-phantom-6-low-elite-fg-bright-crimson-black\/#primaryimage\",\"url\":\"https:\/\/images.novelship.com\/product\/nike_phantom_6_low_elite_fg_alexia_putellas_ib5141_0_60080.jpeg\",\"contentUrl\":\"https:\/\/images.novelship.com\/product\/nike_phantom_6_low_elite_fg_alexia_putellas_ib5141_0_60080.jpeg\"},{\"@type\":\"BreadcrumbList\",\"@id\":\"https:\/\/tourcruiser.com\/fr\/products\/alexia-putellas-x-nike-phantom-6-low-elite-fg-bright-crimson-black\/#breadcrumb\",\"itemListElement\":[{\"@type\":\"ListItem\",\"position\":1,\"name\":\"Home\",\"item\":\"https:\/\/tourcruiser.com\/fr\/\"},{\"@type\":\"ListItem\",\"position\":2,\"name\":\"Shop\",\"item\":\"https:\/\/tourcruiser.com\/fr\/shop\/\"},{\"@type\":\"ListItem\",\"position\":3,\"name\":\"Alexia Putellas x Nike Phantom 6 Low Elite FG 'Bright Crimson Black'\"}]},{\"@type\":\"WebSite\",\"@id\":\"https:\/\/tourcruiser.com\/fr\/#website\",\"url\":\"https:\/\/tourcruiser.com\/fr\/\",\"name\":\"Styloral Jewelry Shop\",\"description\":\"Tourcruiser Sneaker Store \u2014 L\u2019endroit o\u00f9 l\u2019univers rencontre votre singularit\u00e9.\",\"publisher\":{\"@id\":\"https:\/\/tourcruiser.com\/fr\/#organization\"},\"potentialAction\":[{\"@type\":\"SearchAction\",\"target\":{\"@type\":\"EntryPoint\",\"urlTemplate\":\"https:\/\/tourcruiser.com\/fr\/?s={search_term_string}\"},\"query-input\":{\"@type\":\"PropertyValueSpecification\",\"valueRequired\":true,\"valueName\":\"search_term_string\"}}],\"inLanguage\":\"fr-FR\"},{\"@type\":\"Organization\",\"@id\":\"https:\/\/tourcruiser.com\/fr\/#organization\",\"name\":\"STYLORAL PTE. LTD\",\"url\":\"https:\/\/tourcruiser.com\/fr\/\",\"logo\":{\"@type\":\"ImageObject\",\"inLanguage\":\"fr-FR\",\"@id\":\"https:\/\/tourcruiser.com\/fr\/#\/schema\/logo\/image\/\",\"url\":\"https:\/\/www.tourcruiser.com\/wp-content\/uploads\/2025\/12\/logo.png\",\"contentUrl\":\"https:\/\/www.tourcruiser.com\/wp-content\/uploads\/2025\/12\/logo.png\",\"width\":200,\"height\":65,\"caption\":\"STYLORAL PTE. LTD\"},\"image\":{\"@id\":\"https:\/\/tourcruiser.com\/fr\/#\/schema\/logo\/image\/\"}}]}<\/script>\n<!-- \/ Yoast SEO plugin. -->","yoast_head_json":{"title":"Alexia Putellas x Nike Phantom 6 Low Elite FG 'Bright Crimson Black' - TOURCRUISER PTE. LTD","robots":{"index":"index","follow":"follow","max-snippet":"max-snippet:-1","max-image-preview":"max-image-preview:large","max-video-preview":"max-video-preview:-1"},"canonical":"https:\/\/tourcruiser.com\/fr\/products\/alexia-putellas-x-nike-phantom-6-low-elite-fg-bright-crimson-black\/","og_locale":"fr_FR","og_type":"article","og_title":"Alexia Putellas x Nike Phantom 6 Low Elite FG 'Bright Crimson Black' - TOURCRUISER PTE. LTD","og_description":"Nike Phantom 6 Low Elite FG \u201d\u201d Bright Crimson\/Black","og_url":"https:\/\/tourcruiser.com\/fr\/products\/alexia-putellas-x-nike-phantom-6-low-elite-fg-bright-crimson-black\/","og_site_name":"Tourcruiser Sneaker Store","article_modified_time":"2026-03-14T11:13:12+00:00","twitter_card":"summary_large_image","twitter_image":"https:\/\/images.novelship.com\/product\/nike_phantom_6_low_elite_fg_alexia_putellas_ib5141_0_60080.jpeg","twitter_misc":{"Dur\u00e9e de lecture estim\u00e9e":"1 minute"},"schema":{"@context":"https:\/\/schema.org","@graph":[{"@type":"WebPage","@id":"https:\/\/tourcruiser.com\/fr\/products\/alexia-putellas-x-nike-phantom-6-low-elite-fg-bright-crimson-black\/","url":"https:\/\/tourcruiser.com\/fr\/products\/alexia-putellas-x-nike-phantom-6-low-elite-fg-bright-crimson-black\/","name":"Alexia Putellas x Nike Phantom 6 Low Elite FG 'Bright Crimson Black' - TOURCRUISER PTE. LTD","isPartOf":{"@id":"https:\/\/tourcruiser.com\/fr\/#website"},"primaryImageOfPage":{"@id":"https:\/\/tourcruiser.com\/fr\/products\/alexia-putellas-x-nike-phantom-6-low-elite-fg-bright-crimson-black\/#primaryimage"},"image":{"@id":"https:\/\/tourcruiser.com\/fr\/products\/alexia-putellas-x-nike-phantom-6-low-elite-fg-bright-crimson-black\/#primaryimage"},"thumbnailUrl":"https:\/\/images.novelship.com\/product\/nike_phantom_6_low_elite_fg_alexia_putellas_ib5141_0_60080.jpeg","datePublished":"2026-03-02T09:18:07+00:00","dateModified":"2026-03-14T11:13:12+00:00","breadcrumb":{"@id":"https:\/\/tourcruiser.com\/fr\/products\/alexia-putellas-x-nike-phantom-6-low-elite-fg-bright-crimson-black\/#breadcrumb"},"inLanguage":"fr-FR","potentialAction":[{"@type":"ReadAction","target":["https:\/\/tourcruiser.com\/fr\/products\/alexia-putellas-x-nike-phantom-6-low-elite-fg-bright-crimson-black\/"]}]},{"@type":"ImageObject","inLanguage":"fr-FR","@id":"https:\/\/tourcruiser.com\/fr\/products\/alexia-putellas-x-nike-phantom-6-low-elite-fg-bright-crimson-black\/#primaryimage","url":"https:\/\/images.novelship.com\/product\/nike_phantom_6_low_elite_fg_alexia_putellas_ib5141_0_60080.jpeg","contentUrl":"https:\/\/images.novelship.com\/product\/nike_phantom_6_low_elite_fg_alexia_putellas_ib5141_0_60080.jpeg"},{"@type":"BreadcrumbList","@id":"https:\/\/tourcruiser.com\/fr\/products\/alexia-putellas-x-nike-phantom-6-low-elite-fg-bright-crimson-black\/#breadcrumb","itemListElement":[{"@type":"ListItem","position":1,"name":"Home","item":"https:\/\/tourcruiser.com\/fr\/"},{"@type":"ListItem","position":2,"name":"Shop","item":"https:\/\/tourcruiser.com\/fr\/shop\/"},{"@type":"ListItem","position":3,"name":"Alexia Putellas x Nike Phantom 6 Low Elite FG 'Bright Crimson Black'"}]},{"@type":"WebSite","@id":"https:\/\/tourcruiser.com\/fr\/#website","url":"https:\/\/tourcruiser.com\/fr\/","name":"Styloral Jewelry Shop","description":"Tourcruiser Sneaker Store \u2014 L\u2019endroit o\u00f9 l\u2019univers rencontre votre singularit\u00e9.","publisher":{"@id":"https:\/\/tourcruiser.com\/fr\/#organization"},"potentialAction":[{"@type":"SearchAction","target":{"@type":"EntryPoint","urlTemplate":"https:\/\/tourcruiser.com\/fr\/?s={search_term_string}"},"query-input":{"@type":"PropertyValueSpecification","valueRequired":true,"valueName":"search_term_string"}}],"inLanguage":"fr-FR"},{"@type":"Organization","@id":"https:\/\/tourcruiser.com\/fr\/#organization","name":"STYLORAL PTE. LTD","url":"https:\/\/tourcruiser.com\/fr\/","logo":{"@type":"ImageObject","inLanguage":"fr-FR","@id":"https:\/\/tourcruiser.com\/fr\/#\/schema\/logo\/image\/","url":"https:\/\/www.tourcruiser.com\/wp-content\/uploads\/2025\/12\/logo.png","contentUrl":"https:\/\/www.tourcruiser.com\/wp-content\/uploads\/2025\/12\/logo.png","width":200,"height":65,"caption":"STYLORAL PTE. LTD"},"image":{"@id":"https:\/\/tourcruiser.com\/fr\/#\/schema\/logo\/image\/"}}]}},"_links":{"self":[{"href":"https:\/\/tourcruiser.com\/fr\/wp-json\/wp\/v2\/product\/168440","targetHints":{"allow":["GET"]}}],"collection":[{"href":"https:\/\/tourcruiser.com\/fr\/wp-json\/wp\/v2\/product"}],"about":[{"href":"https:\/\/tourcruiser.com\/fr\/wp-json\/wp\/v2\/types\/product"}],"replies":[{"embeddable":true,"href":"https:\/\/tourcruiser.com\/fr\/wp-json\/wp\/v2\/comments?post=168440"}],"wp:featuredmedia":[{"embeddable":true,"href":"https:\/\/tourcruiser.com\/fr\/wp-json\/wp\/v2\/media\/168441"}],"wp:attachment":[{"href":"https:\/\/tourcruiser.com\/fr\/wp-json\/wp\/v2\/media?parent=168440"}],"wp:term":[{"taxonomy":"product_brand","embeddable":true,"href":"https:\/\/tourcruiser.com\/fr\/wp-json\/wp\/v2\/product_brand?post=168440"},{"taxonomy":"product_cat","embeddable":true,"href":"https:\/\/tourcruiser.com\/fr\/wp-json\/wp\/v2\/product_cat?post=168440"},{"taxonomy":"product_tag","embeddable":true,"href":"https:\/\/tourcruiser.com\/fr\/wp-json\/wp\/v2\/product_tag?post=168440"}],"curies":[{"name":"wp","href":"https:\/\/api.w.org\/{rel}","templated":true}]}}