{"id":16841,"date":"2026-02-20T15:07:47","date_gmt":"2026-02-20T08:07:47","guid":{"rendered":"http:\/\/tourcruiser.com\/product\/nike-vomero-18-men-s-road-running-shoes-hm6803-602"},"modified":"2026-03-14T17:49:11","modified_gmt":"2026-03-14T10:49:11","slug":"nike-vomero-18-men-s-road-running-shoes-hm6803-602","status":"publish","type":"product","link":"https:\/\/tourcruiser.com\/fr\/products\/nike-vomero-18-men-s-road-running-shoes-hm6803-602\/","title":{"rendered":"Nike Vomero 18 &lsquo;Pink Foam\/Hyper Pink\/Black&rsquo;"},"content":{"rendered":"<p>Am\u00e9liorez votre exp\u00e9rience de course avec la Nike Zoom Vomero 18, con\u00e7ue pour un confort et un maintien exceptionnels. Arborant une combinaison de couleurs dynamique (Rose Mousse, Rose Hyper et Noir), cette chaussure offre un style \u00e9l\u00e9gant et des performances optimales. L&rsquo;amorti innovant Zoom Air assure une foul\u00e9e r\u00e9active, id\u00e9ale aussi bien pour les joggeurs occasionnels que pour les marathoniens ambitieux. Gr\u00e2ce \u00e0 son empeigne en mesh respirant et \u00e0 son maintien s\u00fbr, la Vomero 18 est le choix id\u00e9al pour une exp\u00e9rience de course fluide et performante. Tirez le meilleur parti de chaque kilom\u00e8tre gr\u00e2ce \u00e0 la conception innovante de Nike. <\/p>\n<p>Coloris\u00a0: Rose Mousse\/Rose Hyper\/Noir<br \/>\nR\u00e9f\u00e9rence\u00a0: HM6803-602<br \/>\nMati\u00e8re de l&#8217;empeigne\u00a0: Mesh<br \/>\nCouleur\u00a0: Rose<\/p>\n","protected":false},"excerpt":{"rendered":"<p>Nike Vomero 18 \u2014 Pink Foam\/Hyper Pink\/Black<\/p>\n","protected":false},"featured_media":16842,"comment_status":"open","ping_status":"closed","template":"","meta":[],"product_brand":[],"product_cat":[6654],"product_tag":[],"class_list":{"0":"post-16841","1":"product","2":"type-product","3":"status-publish","4":"has-post-thumbnail","6":"product_cat-nike-2026","7":"wcpa_has_options","9":"first","10":"instock","11":"taxable","12":"shipping-taxable","13":"purchasable","14":"product-type-simple"},"wcpa_form_fields":{"rules":{"pric_overide_base_price":false,"pric_overide_base_price_if_gt_zero":false,"pric_overide_base_price_fully":false,"pric_cal_option_once":false,"pric_use_as_fee":false,"bind_quantity":false,"quantity_bind_formula":false},"fields":[{"type":"color-group","required":true,"elementId":"wcpa-color-group-66c4a75505e74","label":"Taille","inline":true,"priceOptions":"different_for_all","pricingType":"fixed","className":"hassizechart product-shoes-size-eu product-shoes-size","name":"color-group-66c4a75505e89","disp_type":"square","selection_type":"tick-border","disp_size":"44","show_label_inside":true,"adjust_width":true,"cart_display_type":"text","other_text":"Other","cl_rule":"show","col":6,"values":[{"label":"35.5","value":"EU 35.5","price":"","pimage":"","pimage_id":"","pthumb":"","color":""},{"label":"36","value":"EU 36","price":"","pimage":"","pimage_id":"","pthumb":"","color":"","selected":true},{"label":"36.5","value":"EU 36.5","price":"","pimage":"","pimage_id":"","pthumb":"","color":""},{"label":"37.5","value":"EU 37.5","price":"","pimage":"","pimage_id":"","pthumb":"","color":""},{"label":"38","value":"EU 38","price":"","pimage":"","pimage_id":"","pthumb":"","color":""},{"label":"38.5","value":"EU 38.5","price":"","pimage":"","pimage_id":"","pthumb":"","color":""},{"label":"39","value":"EU 39","price":"","pimage":"","pimage_id":"","pthumb":"","color":""},{"label":"40","value":"EU 40","price":"","pimage":"","pimage_id":"","pthumb":"","color":""},{"label":"40.5","value":"EU 40.5","price":"","pimage":"","pimage_id":"","pthumb":"","color":""},{"label":"41","value":"EU 41","price":"","pimage":"","pimage_id":"","pthumb":"","color":""},{"label":"42","value":"EU 42","price":"","pimage":"","pimage_id":"","pthumb":"","color":""},{"label":"42.5","value":"EU 42.5","price":"","pimage":"","pimage_id":"","pthumb":"","color":""},{"label":"43","value":"EU 43","price":"","pimage":"","pimage_id":"","pthumb":"","color":""},{"label":"44","value":"EU 44","price":"","pimage":"","pimage_id":"","pthumb":"","color":""},{"label":"44.5","value":"EU 44.5","price":"","pimage":"","pimage_id":"","pthumb":"","color":""},{"label":"45","value":"EU 45","price":"","pimage":"","pimage_id":"","pthumb":"","color":""},{"label":"45.5","value":"EU 45.5","price":"","pimage":"","pimage_id":"","pthumb":"","color":""},{"label":"46","value":"EU 46","price":"","pimage":"","pimage_id":"","pthumb":"","color":""},{"label":"47","value":"EU 47","price":"","pimage":"","pimage_id":"","pthumb":"","color":""},{"label":"47.5","value":"EU 47.5","price":"","pimage":"","pimage_id":"","pthumb":"","color":""},{"label":"48","value":"EU 48","price":"","pimage":"","pimage_id":"","pthumb":"","color":""}],"relations":[{"operator":false,"rules":[]}],"form_id":18106,"form_rules":{"pric_cal_option_once":false,"exclude_from_discount":false,"pric_use_as_fee":false,"fee_label":"Fee","render_after_acb":false,"disp_hide_options_price":false}}]},"yoast_head":"<!-- This site is optimized with the Yoast SEO plugin v26.5 - https:\/\/yoast.com\/wordpress\/plugins\/seo\/ -->\n<title>Nike Vomero 18 &#039;Pink Foam\/Hyper Pink\/Black&#039; - TOURCRUISER PTE. LTD<\/title>\n<meta name=\"robots\" content=\"index, follow, max-snippet:-1, max-image-preview:large, max-video-preview:-1\" \/>\n<link rel=\"canonical\" href=\"https:\/\/tourcruiser.com\/fr\/products\/nike-vomero-18-men-s-road-running-shoes-hm6803-602\/\" \/>\n<meta property=\"og:locale\" content=\"fr_FR\" \/>\n<meta property=\"og:type\" content=\"article\" \/>\n<meta property=\"og:title\" content=\"Nike Vomero 18 &#039;Pink Foam\/Hyper Pink\/Black&#039; - TOURCRUISER PTE. LTD\" \/>\n<meta property=\"og:description\" content=\"Nike Vomero 18 \u2014 Pink Foam\/Hyper Pink\/Black\" \/>\n<meta property=\"og:url\" content=\"https:\/\/tourcruiser.com\/fr\/products\/nike-vomero-18-men-s-road-running-shoes-hm6803-602\/\" \/>\n<meta property=\"og:site_name\" content=\"Tourcruiser Sneaker Store\" \/>\n<meta property=\"article:modified_time\" content=\"2026-03-14T10:49:11+00:00\" \/>\n<meta name=\"twitter:card\" content=\"summary_large_image\" \/>\n<meta name=\"twitter:image\" content=\"https:\/\/images.novelship.com\/product\/nike_zoom_vomero_18_pink_foam_hyper_pink_black_hm6_0_21622.png\" \/>\n<meta name=\"twitter:label1\" content=\"Dur\u00e9e de lecture estim\u00e9e\" \/>\n\t<meta name=\"twitter:data1\" content=\"1 minute\" \/>\n<script type=\"application\/ld+json\" class=\"yoast-schema-graph\">{\"@context\":\"https:\/\/schema.org\",\"@graph\":[{\"@type\":\"WebPage\",\"@id\":\"https:\/\/tourcruiser.com\/fr\/products\/nike-vomero-18-men-s-road-running-shoes-hm6803-602\/\",\"url\":\"https:\/\/tourcruiser.com\/fr\/products\/nike-vomero-18-men-s-road-running-shoes-hm6803-602\/\",\"name\":\"Nike Vomero 18 'Pink Foam\/Hyper Pink\/Black' - TOURCRUISER PTE. LTD\",\"isPartOf\":{\"@id\":\"https:\/\/tourcruiser.com\/fr\/#website\"},\"primaryImageOfPage\":{\"@id\":\"https:\/\/tourcruiser.com\/fr\/products\/nike-vomero-18-men-s-road-running-shoes-hm6803-602\/#primaryimage\"},\"image\":{\"@id\":\"https:\/\/tourcruiser.com\/fr\/products\/nike-vomero-18-men-s-road-running-shoes-hm6803-602\/#primaryimage\"},\"thumbnailUrl\":\"https:\/\/images.novelship.com\/product\/nike_zoom_vomero_18_pink_foam_hyper_pink_black_hm6_0_21622.png\",\"datePublished\":\"2026-02-20T08:07:47+00:00\",\"dateModified\":\"2026-03-14T10:49:11+00:00\",\"breadcrumb\":{\"@id\":\"https:\/\/tourcruiser.com\/fr\/products\/nike-vomero-18-men-s-road-running-shoes-hm6803-602\/#breadcrumb\"},\"inLanguage\":\"fr-FR\",\"potentialAction\":[{\"@type\":\"ReadAction\",\"target\":[\"https:\/\/tourcruiser.com\/fr\/products\/nike-vomero-18-men-s-road-running-shoes-hm6803-602\/\"]}]},{\"@type\":\"ImageObject\",\"inLanguage\":\"fr-FR\",\"@id\":\"https:\/\/tourcruiser.com\/fr\/products\/nike-vomero-18-men-s-road-running-shoes-hm6803-602\/#primaryimage\",\"url\":\"https:\/\/images.novelship.com\/product\/nike_zoom_vomero_18_pink_foam_hyper_pink_black_hm6_0_21622.png\",\"contentUrl\":\"https:\/\/images.novelship.com\/product\/nike_zoom_vomero_18_pink_foam_hyper_pink_black_hm6_0_21622.png\"},{\"@type\":\"BreadcrumbList\",\"@id\":\"https:\/\/tourcruiser.com\/fr\/products\/nike-vomero-18-men-s-road-running-shoes-hm6803-602\/#breadcrumb\",\"itemListElement\":[{\"@type\":\"ListItem\",\"position\":1,\"name\":\"Home\",\"item\":\"https:\/\/tourcruiser.com\/fr\/\"},{\"@type\":\"ListItem\",\"position\":2,\"name\":\"Shop\",\"item\":\"https:\/\/tourcruiser.com\/fr\/shop\/\"},{\"@type\":\"ListItem\",\"position\":3,\"name\":\"Nike Vomero 18 'Pink Foam\/Hyper Pink\/Black'\"}]},{\"@type\":\"WebSite\",\"@id\":\"https:\/\/tourcruiser.com\/fr\/#website\",\"url\":\"https:\/\/tourcruiser.com\/fr\/\",\"name\":\"Styloral Jewelry Shop\",\"description\":\"Tourcruiser Sneaker Store \u2014 L\u2019endroit o\u00f9 l\u2019univers rencontre votre singularit\u00e9.\",\"publisher\":{\"@id\":\"https:\/\/tourcruiser.com\/fr\/#organization\"},\"potentialAction\":[{\"@type\":\"SearchAction\",\"target\":{\"@type\":\"EntryPoint\",\"urlTemplate\":\"https:\/\/tourcruiser.com\/fr\/?s={search_term_string}\"},\"query-input\":{\"@type\":\"PropertyValueSpecification\",\"valueRequired\":true,\"valueName\":\"search_term_string\"}}],\"inLanguage\":\"fr-FR\"},{\"@type\":\"Organization\",\"@id\":\"https:\/\/tourcruiser.com\/fr\/#organization\",\"name\":\"STYLORAL PTE. LTD\",\"url\":\"https:\/\/tourcruiser.com\/fr\/\",\"logo\":{\"@type\":\"ImageObject\",\"inLanguage\":\"fr-FR\",\"@id\":\"https:\/\/tourcruiser.com\/fr\/#\/schema\/logo\/image\/\",\"url\":\"https:\/\/www.tourcruiser.com\/wp-content\/uploads\/2025\/12\/logo.png\",\"contentUrl\":\"https:\/\/www.tourcruiser.com\/wp-content\/uploads\/2025\/12\/logo.png\",\"width\":200,\"height\":65,\"caption\":\"STYLORAL PTE. LTD\"},\"image\":{\"@id\":\"https:\/\/tourcruiser.com\/fr\/#\/schema\/logo\/image\/\"}}]}<\/script>\n<!-- \/ Yoast SEO plugin. -->","yoast_head_json":{"title":"Nike Vomero 18 'Pink Foam\/Hyper Pink\/Black' - TOURCRUISER PTE. LTD","robots":{"index":"index","follow":"follow","max-snippet":"max-snippet:-1","max-image-preview":"max-image-preview:large","max-video-preview":"max-video-preview:-1"},"canonical":"https:\/\/tourcruiser.com\/fr\/products\/nike-vomero-18-men-s-road-running-shoes-hm6803-602\/","og_locale":"fr_FR","og_type":"article","og_title":"Nike Vomero 18 'Pink Foam\/Hyper Pink\/Black' - TOURCRUISER PTE. LTD","og_description":"Nike Vomero 18 \u2014 Pink Foam\/Hyper Pink\/Black","og_url":"https:\/\/tourcruiser.com\/fr\/products\/nike-vomero-18-men-s-road-running-shoes-hm6803-602\/","og_site_name":"Tourcruiser Sneaker Store","article_modified_time":"2026-03-14T10:49:11+00:00","twitter_card":"summary_large_image","twitter_image":"https:\/\/images.novelship.com\/product\/nike_zoom_vomero_18_pink_foam_hyper_pink_black_hm6_0_21622.png","twitter_misc":{"Dur\u00e9e de lecture estim\u00e9e":"1 minute"},"schema":{"@context":"https:\/\/schema.org","@graph":[{"@type":"WebPage","@id":"https:\/\/tourcruiser.com\/fr\/products\/nike-vomero-18-men-s-road-running-shoes-hm6803-602\/","url":"https:\/\/tourcruiser.com\/fr\/products\/nike-vomero-18-men-s-road-running-shoes-hm6803-602\/","name":"Nike Vomero 18 'Pink Foam\/Hyper Pink\/Black' - TOURCRUISER PTE. LTD","isPartOf":{"@id":"https:\/\/tourcruiser.com\/fr\/#website"},"primaryImageOfPage":{"@id":"https:\/\/tourcruiser.com\/fr\/products\/nike-vomero-18-men-s-road-running-shoes-hm6803-602\/#primaryimage"},"image":{"@id":"https:\/\/tourcruiser.com\/fr\/products\/nike-vomero-18-men-s-road-running-shoes-hm6803-602\/#primaryimage"},"thumbnailUrl":"https:\/\/images.novelship.com\/product\/nike_zoom_vomero_18_pink_foam_hyper_pink_black_hm6_0_21622.png","datePublished":"2026-02-20T08:07:47+00:00","dateModified":"2026-03-14T10:49:11+00:00","breadcrumb":{"@id":"https:\/\/tourcruiser.com\/fr\/products\/nike-vomero-18-men-s-road-running-shoes-hm6803-602\/#breadcrumb"},"inLanguage":"fr-FR","potentialAction":[{"@type":"ReadAction","target":["https:\/\/tourcruiser.com\/fr\/products\/nike-vomero-18-men-s-road-running-shoes-hm6803-602\/"]}]},{"@type":"ImageObject","inLanguage":"fr-FR","@id":"https:\/\/tourcruiser.com\/fr\/products\/nike-vomero-18-men-s-road-running-shoes-hm6803-602\/#primaryimage","url":"https:\/\/images.novelship.com\/product\/nike_zoom_vomero_18_pink_foam_hyper_pink_black_hm6_0_21622.png","contentUrl":"https:\/\/images.novelship.com\/product\/nike_zoom_vomero_18_pink_foam_hyper_pink_black_hm6_0_21622.png"},{"@type":"BreadcrumbList","@id":"https:\/\/tourcruiser.com\/fr\/products\/nike-vomero-18-men-s-road-running-shoes-hm6803-602\/#breadcrumb","itemListElement":[{"@type":"ListItem","position":1,"name":"Home","item":"https:\/\/tourcruiser.com\/fr\/"},{"@type":"ListItem","position":2,"name":"Shop","item":"https:\/\/tourcruiser.com\/fr\/shop\/"},{"@type":"ListItem","position":3,"name":"Nike Vomero 18 'Pink Foam\/Hyper Pink\/Black'"}]},{"@type":"WebSite","@id":"https:\/\/tourcruiser.com\/fr\/#website","url":"https:\/\/tourcruiser.com\/fr\/","name":"Styloral Jewelry Shop","description":"Tourcruiser Sneaker Store \u2014 L\u2019endroit o\u00f9 l\u2019univers rencontre votre singularit\u00e9.","publisher":{"@id":"https:\/\/tourcruiser.com\/fr\/#organization"},"potentialAction":[{"@type":"SearchAction","target":{"@type":"EntryPoint","urlTemplate":"https:\/\/tourcruiser.com\/fr\/?s={search_term_string}"},"query-input":{"@type":"PropertyValueSpecification","valueRequired":true,"valueName":"search_term_string"}}],"inLanguage":"fr-FR"},{"@type":"Organization","@id":"https:\/\/tourcruiser.com\/fr\/#organization","name":"STYLORAL PTE. LTD","url":"https:\/\/tourcruiser.com\/fr\/","logo":{"@type":"ImageObject","inLanguage":"fr-FR","@id":"https:\/\/tourcruiser.com\/fr\/#\/schema\/logo\/image\/","url":"https:\/\/www.tourcruiser.com\/wp-content\/uploads\/2025\/12\/logo.png","contentUrl":"https:\/\/www.tourcruiser.com\/wp-content\/uploads\/2025\/12\/logo.png","width":200,"height":65,"caption":"STYLORAL PTE. LTD"},"image":{"@id":"https:\/\/tourcruiser.com\/fr\/#\/schema\/logo\/image\/"}}]}},"_links":{"self":[{"href":"https:\/\/tourcruiser.com\/fr\/wp-json\/wp\/v2\/product\/16841","targetHints":{"allow":["GET"]}}],"collection":[{"href":"https:\/\/tourcruiser.com\/fr\/wp-json\/wp\/v2\/product"}],"about":[{"href":"https:\/\/tourcruiser.com\/fr\/wp-json\/wp\/v2\/types\/product"}],"replies":[{"embeddable":true,"href":"https:\/\/tourcruiser.com\/fr\/wp-json\/wp\/v2\/comments?post=16841"}],"wp:featuredmedia":[{"embeddable":true,"href":"https:\/\/tourcruiser.com\/fr\/wp-json\/wp\/v2\/media\/16842"}],"wp:attachment":[{"href":"https:\/\/tourcruiser.com\/fr\/wp-json\/wp\/v2\/media?parent=16841"}],"wp:term":[{"taxonomy":"product_brand","embeddable":true,"href":"https:\/\/tourcruiser.com\/fr\/wp-json\/wp\/v2\/product_brand?post=16841"},{"taxonomy":"product_cat","embeddable":true,"href":"https:\/\/tourcruiser.com\/fr\/wp-json\/wp\/v2\/product_cat?post=16841"},{"taxonomy":"product_tag","embeddable":true,"href":"https:\/\/tourcruiser.com\/fr\/wp-json\/wp\/v2\/product_tag?post=16841"}],"curies":[{"name":"wp","href":"https:\/\/api.w.org\/{rel}","templated":true}]}}