{"id":168154,"date":"2026-03-02T16:17:42","date_gmt":"2026-03-02T09:17:42","guid":{"rendered":"http:\/\/tourcruiser.com\/product\/candy-funhouse-x-nike-giannis-freak-6-candy"},"modified":"2026-03-14T19:34:21","modified_gmt":"2026-03-14T12:34:21","slug":"candy-funhouse-x-nike-giannis-freak-6-candy","status":"publish","type":"product","link":"https:\/\/tourcruiser.com\/fr\/products\/candy-funhouse-x-nike-giannis-freak-6-candy\/","title":{"rendered":"Candy Funhouse x Nike Giannis Freak 6 &lsquo;Candy&rsquo;"},"content":{"rendered":"<p>D\u00e9couvrez la fusion parfaite entre gourmandise et performance avec la Candy Funhouse x Nike Giannis Freak 6 \u00ab Candy \u00bb HF1819-700. Cette chaussure allie style dynamique et fonctionnalit\u00e9 r\u00e9volutionnaire, sur le terrain comme en dehors. Fruit d&rsquo;une collaboration exclusive, elle fusionne la technologie sportive innovante de Nike avec un design vibrant inspir\u00e9 des bonbons, pour une sensation de plaisir \u00e0 chaque pas. Reprenant la silhouette embl\u00e9matique de Giannis Antetokounmpo, la Freak 6, cette sneaker est confectionn\u00e9e \u00e0 partir de mat\u00e9riaux haut de gamme pour une durabilit\u00e9, un maintien et un confort optimaux \u2013 id\u00e9ale pour les mouvements explosifs et les changements de direction rapides. Son coloris audacieux, \u00e9voquant l&rsquo;univers des confiseries, lui conf\u00e8re un style ludique et original qui ne passera pas inaper\u00e7u. La technologie Nike Zoom Air offre un amorti r\u00e9actif, tandis que le syst\u00e8me de la\u00e7age s\u00e9curis\u00e9 et la semelle ext\u00e9rieure r\u00e9sistante garantissent une adh\u00e9rence maximale pour des performances optimales. Que vous dominiez le terrain ou que vous arpentiez les rues, la Candy Funhouse x Nike Giannis Freak 6 \u00ab Candy \u00bb sublime votre style et votre \u00e9nergie. Bien plus qu&rsquo;une simple chaussure, c&rsquo;est l&rsquo;expression d&rsquo;une individualit\u00e9 et d&rsquo;une cr\u00e9ativit\u00e9 inspir\u00e9e du sport. Pr\u00e9parez-vous \u00e0 une pure merveille avec ce mod\u00e8le en \u00e9dition limit\u00e9e qui red\u00e9finit la puissance et le jeu.<\/p>\n","protected":false},"excerpt":{"rendered":"<p>Nike Freak 6 \u201d\u201d Lightening\/Hyper Pink\/University Blue<\/p>\n","protected":false},"featured_media":168155,"comment_status":"open","ping_status":"closed","template":"","meta":[],"product_brand":[],"product_cat":[10803],"product_tag":[10800,10847,10801,10802,10785,10786,10758],"class_list":{"0":"post-168154","1":"product","2":"type-product","3":"status-publish","4":"has-post-thumbnail","6":"product_cat-nike","7":"product_tag-basketball-shoes","8":"product_tag-best-finds-under-100","9":"product_tag-nike","10":"product_tag-performance-sport-shoes","11":"product_tag-trending-deals","12":"product_tag-trending-deals-under-150","13":"product_tag-under-retail","14":"wcpa_has_options","16":"first","17":"instock","18":"taxable","19":"shipping-taxable","20":"purchasable","21":"product-type-simple"},"wcpa_form_fields":{"rules":{"pric_overide_base_price":false,"pric_overide_base_price_if_gt_zero":false,"pric_overide_base_price_fully":false,"pric_cal_option_once":false,"pric_use_as_fee":false,"bind_quantity":false,"quantity_bind_formula":false},"fields":[{"type":"color-group","required":true,"elementId":"wcpa-color-group-66c4a75505e74","label":"Taille","inline":true,"priceOptions":"different_for_all","pricingType":"fixed","className":"hassizechart product-shoes-size-eu product-shoes-size","name":"color-group-66c4a75505e89","disp_type":"square","selection_type":"tick-border","disp_size":"44","show_label_inside":true,"adjust_width":true,"cart_display_type":"text","other_text":"Other","cl_rule":"show","col":6,"values":[{"label":"35.5","value":"EU 35.5","price":"","pimage":"","pimage_id":"","pthumb":"","color":""},{"label":"36","value":"EU 36","price":"","pimage":"","pimage_id":"","pthumb":"","color":"","selected":true},{"label":"36.5","value":"EU 36.5","price":"","pimage":"","pimage_id":"","pthumb":"","color":""},{"label":"37.5","value":"EU 37.5","price":"","pimage":"","pimage_id":"","pthumb":"","color":""},{"label":"38","value":"EU 38","price":"","pimage":"","pimage_id":"","pthumb":"","color":""},{"label":"38.5","value":"EU 38.5","price":"","pimage":"","pimage_id":"","pthumb":"","color":""},{"label":"39","value":"EU 39","price":"","pimage":"","pimage_id":"","pthumb":"","color":""},{"label":"40","value":"EU 40","price":"","pimage":"","pimage_id":"","pthumb":"","color":""},{"label":"40.5","value":"EU 40.5","price":"","pimage":"","pimage_id":"","pthumb":"","color":""},{"label":"41","value":"EU 41","price":"","pimage":"","pimage_id":"","pthumb":"","color":""},{"label":"42","value":"EU 42","price":"","pimage":"","pimage_id":"","pthumb":"","color":""},{"label":"42.5","value":"EU 42.5","price":"","pimage":"","pimage_id":"","pthumb":"","color":""},{"label":"43","value":"EU 43","price":"","pimage":"","pimage_id":"","pthumb":"","color":""},{"label":"44","value":"EU 44","price":"","pimage":"","pimage_id":"","pthumb":"","color":""},{"label":"44.5","value":"EU 44.5","price":"","pimage":"","pimage_id":"","pthumb":"","color":""},{"label":"45","value":"EU 45","price":"","pimage":"","pimage_id":"","pthumb":"","color":""},{"label":"45.5","value":"EU 45.5","price":"","pimage":"","pimage_id":"","pthumb":"","color":""},{"label":"46","value":"EU 46","price":"","pimage":"","pimage_id":"","pthumb":"","color":""},{"label":"47","value":"EU 47","price":"","pimage":"","pimage_id":"","pthumb":"","color":""},{"label":"47.5","value":"EU 47.5","price":"","pimage":"","pimage_id":"","pthumb":"","color":""},{"label":"48","value":"EU 48","price":"","pimage":"","pimage_id":"","pthumb":"","color":""}],"relations":[{"operator":false,"rules":[]}],"form_id":18106,"form_rules":{"pric_cal_option_once":false,"exclude_from_discount":false,"pric_use_as_fee":false,"fee_label":"Fee","render_after_acb":false,"disp_hide_options_price":false}}]},"yoast_head":"<!-- This site is optimized with the Yoast SEO plugin v26.5 - https:\/\/yoast.com\/wordpress\/plugins\/seo\/ -->\n<title>Candy Funhouse x Nike Giannis Freak 6 &#039;Candy&#039; - TOURCRUISER PTE. LTD<\/title>\n<meta name=\"robots\" content=\"index, follow, max-snippet:-1, max-image-preview:large, max-video-preview:-1\" \/>\n<link rel=\"canonical\" href=\"https:\/\/tourcruiser.com\/fr\/products\/candy-funhouse-x-nike-giannis-freak-6-candy\/\" \/>\n<meta property=\"og:locale\" content=\"fr_FR\" \/>\n<meta property=\"og:type\" content=\"article\" \/>\n<meta property=\"og:title\" content=\"Candy Funhouse x Nike Giannis Freak 6 &#039;Candy&#039; - TOURCRUISER PTE. LTD\" \/>\n<meta property=\"og:description\" content=\"Nike Freak 6 \u201d\u201d Lightening\/Hyper Pink\/University Blue\" \/>\n<meta property=\"og:url\" content=\"https:\/\/tourcruiser.com\/fr\/products\/candy-funhouse-x-nike-giannis-freak-6-candy\/\" \/>\n<meta property=\"og:site_name\" content=\"Tourcruiser Sneaker Store\" \/>\n<meta property=\"article:modified_time\" content=\"2026-03-14T12:34:21+00:00\" \/>\n<meta name=\"twitter:card\" content=\"summary_large_image\" \/>\n<meta name=\"twitter:image\" content=\"https:\/\/images.novelship.com\/product\/candy_funhouse_x_nike_giannis_freak_6__candy__hf18_0_79883.png\" \/>\n<meta name=\"twitter:label1\" content=\"Dur\u00e9e de lecture estim\u00e9e\" \/>\n\t<meta name=\"twitter:data1\" content=\"1 minute\" \/>\n<script type=\"application\/ld+json\" class=\"yoast-schema-graph\">{\"@context\":\"https:\/\/schema.org\",\"@graph\":[{\"@type\":\"WebPage\",\"@id\":\"https:\/\/tourcruiser.com\/fr\/products\/candy-funhouse-x-nike-giannis-freak-6-candy\/\",\"url\":\"https:\/\/tourcruiser.com\/fr\/products\/candy-funhouse-x-nike-giannis-freak-6-candy\/\",\"name\":\"Candy Funhouse x Nike Giannis Freak 6 'Candy' - TOURCRUISER PTE. LTD\",\"isPartOf\":{\"@id\":\"https:\/\/tourcruiser.com\/fr\/#website\"},\"primaryImageOfPage\":{\"@id\":\"https:\/\/tourcruiser.com\/fr\/products\/candy-funhouse-x-nike-giannis-freak-6-candy\/#primaryimage\"},\"image\":{\"@id\":\"https:\/\/tourcruiser.com\/fr\/products\/candy-funhouse-x-nike-giannis-freak-6-candy\/#primaryimage\"},\"thumbnailUrl\":\"https:\/\/images.novelship.com\/product\/candy_funhouse_x_nike_giannis_freak_6__candy__hf18_0_79883.png\",\"datePublished\":\"2026-03-02T09:17:42+00:00\",\"dateModified\":\"2026-03-14T12:34:21+00:00\",\"breadcrumb\":{\"@id\":\"https:\/\/tourcruiser.com\/fr\/products\/candy-funhouse-x-nike-giannis-freak-6-candy\/#breadcrumb\"},\"inLanguage\":\"fr-FR\",\"potentialAction\":[{\"@type\":\"ReadAction\",\"target\":[\"https:\/\/tourcruiser.com\/fr\/products\/candy-funhouse-x-nike-giannis-freak-6-candy\/\"]}]},{\"@type\":\"ImageObject\",\"inLanguage\":\"fr-FR\",\"@id\":\"https:\/\/tourcruiser.com\/fr\/products\/candy-funhouse-x-nike-giannis-freak-6-candy\/#primaryimage\",\"url\":\"https:\/\/images.novelship.com\/product\/candy_funhouse_x_nike_giannis_freak_6__candy__hf18_0_79883.png\",\"contentUrl\":\"https:\/\/images.novelship.com\/product\/candy_funhouse_x_nike_giannis_freak_6__candy__hf18_0_79883.png\"},{\"@type\":\"BreadcrumbList\",\"@id\":\"https:\/\/tourcruiser.com\/fr\/products\/candy-funhouse-x-nike-giannis-freak-6-candy\/#breadcrumb\",\"itemListElement\":[{\"@type\":\"ListItem\",\"position\":1,\"name\":\"Home\",\"item\":\"https:\/\/tourcruiser.com\/fr\/\"},{\"@type\":\"ListItem\",\"position\":2,\"name\":\"Shop\",\"item\":\"https:\/\/tourcruiser.com\/fr\/shop\/\"},{\"@type\":\"ListItem\",\"position\":3,\"name\":\"Candy Funhouse x Nike Giannis Freak 6 'Candy'\"}]},{\"@type\":\"WebSite\",\"@id\":\"https:\/\/tourcruiser.com\/fr\/#website\",\"url\":\"https:\/\/tourcruiser.com\/fr\/\",\"name\":\"Styloral Jewelry Shop\",\"description\":\"Tourcruiser Sneaker Store \u2014 L\u2019endroit o\u00f9 l\u2019univers rencontre votre singularit\u00e9.\",\"publisher\":{\"@id\":\"https:\/\/tourcruiser.com\/fr\/#organization\"},\"potentialAction\":[{\"@type\":\"SearchAction\",\"target\":{\"@type\":\"EntryPoint\",\"urlTemplate\":\"https:\/\/tourcruiser.com\/fr\/?s={search_term_string}\"},\"query-input\":{\"@type\":\"PropertyValueSpecification\",\"valueRequired\":true,\"valueName\":\"search_term_string\"}}],\"inLanguage\":\"fr-FR\"},{\"@type\":\"Organization\",\"@id\":\"https:\/\/tourcruiser.com\/fr\/#organization\",\"name\":\"STYLORAL PTE. LTD\",\"url\":\"https:\/\/tourcruiser.com\/fr\/\",\"logo\":{\"@type\":\"ImageObject\",\"inLanguage\":\"fr-FR\",\"@id\":\"https:\/\/tourcruiser.com\/fr\/#\/schema\/logo\/image\/\",\"url\":\"https:\/\/www.tourcruiser.com\/wp-content\/uploads\/2025\/12\/logo.png\",\"contentUrl\":\"https:\/\/www.tourcruiser.com\/wp-content\/uploads\/2025\/12\/logo.png\",\"width\":200,\"height\":65,\"caption\":\"STYLORAL PTE. LTD\"},\"image\":{\"@id\":\"https:\/\/tourcruiser.com\/fr\/#\/schema\/logo\/image\/\"}}]}<\/script>\n<!-- \/ Yoast SEO plugin. -->","yoast_head_json":{"title":"Candy Funhouse x Nike Giannis Freak 6 'Candy' - TOURCRUISER PTE. LTD","robots":{"index":"index","follow":"follow","max-snippet":"max-snippet:-1","max-image-preview":"max-image-preview:large","max-video-preview":"max-video-preview:-1"},"canonical":"https:\/\/tourcruiser.com\/fr\/products\/candy-funhouse-x-nike-giannis-freak-6-candy\/","og_locale":"fr_FR","og_type":"article","og_title":"Candy Funhouse x Nike Giannis Freak 6 'Candy' - TOURCRUISER PTE. LTD","og_description":"Nike Freak 6 \u201d\u201d Lightening\/Hyper Pink\/University Blue","og_url":"https:\/\/tourcruiser.com\/fr\/products\/candy-funhouse-x-nike-giannis-freak-6-candy\/","og_site_name":"Tourcruiser Sneaker Store","article_modified_time":"2026-03-14T12:34:21+00:00","twitter_card":"summary_large_image","twitter_image":"https:\/\/images.novelship.com\/product\/candy_funhouse_x_nike_giannis_freak_6__candy__hf18_0_79883.png","twitter_misc":{"Dur\u00e9e de lecture estim\u00e9e":"1 minute"},"schema":{"@context":"https:\/\/schema.org","@graph":[{"@type":"WebPage","@id":"https:\/\/tourcruiser.com\/fr\/products\/candy-funhouse-x-nike-giannis-freak-6-candy\/","url":"https:\/\/tourcruiser.com\/fr\/products\/candy-funhouse-x-nike-giannis-freak-6-candy\/","name":"Candy Funhouse x Nike Giannis Freak 6 'Candy' - TOURCRUISER PTE. LTD","isPartOf":{"@id":"https:\/\/tourcruiser.com\/fr\/#website"},"primaryImageOfPage":{"@id":"https:\/\/tourcruiser.com\/fr\/products\/candy-funhouse-x-nike-giannis-freak-6-candy\/#primaryimage"},"image":{"@id":"https:\/\/tourcruiser.com\/fr\/products\/candy-funhouse-x-nike-giannis-freak-6-candy\/#primaryimage"},"thumbnailUrl":"https:\/\/images.novelship.com\/product\/candy_funhouse_x_nike_giannis_freak_6__candy__hf18_0_79883.png","datePublished":"2026-03-02T09:17:42+00:00","dateModified":"2026-03-14T12:34:21+00:00","breadcrumb":{"@id":"https:\/\/tourcruiser.com\/fr\/products\/candy-funhouse-x-nike-giannis-freak-6-candy\/#breadcrumb"},"inLanguage":"fr-FR","potentialAction":[{"@type":"ReadAction","target":["https:\/\/tourcruiser.com\/fr\/products\/candy-funhouse-x-nike-giannis-freak-6-candy\/"]}]},{"@type":"ImageObject","inLanguage":"fr-FR","@id":"https:\/\/tourcruiser.com\/fr\/products\/candy-funhouse-x-nike-giannis-freak-6-candy\/#primaryimage","url":"https:\/\/images.novelship.com\/product\/candy_funhouse_x_nike_giannis_freak_6__candy__hf18_0_79883.png","contentUrl":"https:\/\/images.novelship.com\/product\/candy_funhouse_x_nike_giannis_freak_6__candy__hf18_0_79883.png"},{"@type":"BreadcrumbList","@id":"https:\/\/tourcruiser.com\/fr\/products\/candy-funhouse-x-nike-giannis-freak-6-candy\/#breadcrumb","itemListElement":[{"@type":"ListItem","position":1,"name":"Home","item":"https:\/\/tourcruiser.com\/fr\/"},{"@type":"ListItem","position":2,"name":"Shop","item":"https:\/\/tourcruiser.com\/fr\/shop\/"},{"@type":"ListItem","position":3,"name":"Candy Funhouse x Nike Giannis Freak 6 'Candy'"}]},{"@type":"WebSite","@id":"https:\/\/tourcruiser.com\/fr\/#website","url":"https:\/\/tourcruiser.com\/fr\/","name":"Styloral Jewelry Shop","description":"Tourcruiser Sneaker Store \u2014 L\u2019endroit o\u00f9 l\u2019univers rencontre votre singularit\u00e9.","publisher":{"@id":"https:\/\/tourcruiser.com\/fr\/#organization"},"potentialAction":[{"@type":"SearchAction","target":{"@type":"EntryPoint","urlTemplate":"https:\/\/tourcruiser.com\/fr\/?s={search_term_string}"},"query-input":{"@type":"PropertyValueSpecification","valueRequired":true,"valueName":"search_term_string"}}],"inLanguage":"fr-FR"},{"@type":"Organization","@id":"https:\/\/tourcruiser.com\/fr\/#organization","name":"STYLORAL PTE. LTD","url":"https:\/\/tourcruiser.com\/fr\/","logo":{"@type":"ImageObject","inLanguage":"fr-FR","@id":"https:\/\/tourcruiser.com\/fr\/#\/schema\/logo\/image\/","url":"https:\/\/www.tourcruiser.com\/wp-content\/uploads\/2025\/12\/logo.png","contentUrl":"https:\/\/www.tourcruiser.com\/wp-content\/uploads\/2025\/12\/logo.png","width":200,"height":65,"caption":"STYLORAL PTE. LTD"},"image":{"@id":"https:\/\/tourcruiser.com\/fr\/#\/schema\/logo\/image\/"}}]}},"_links":{"self":[{"href":"https:\/\/tourcruiser.com\/fr\/wp-json\/wp\/v2\/product\/168154","targetHints":{"allow":["GET"]}}],"collection":[{"href":"https:\/\/tourcruiser.com\/fr\/wp-json\/wp\/v2\/product"}],"about":[{"href":"https:\/\/tourcruiser.com\/fr\/wp-json\/wp\/v2\/types\/product"}],"replies":[{"embeddable":true,"href":"https:\/\/tourcruiser.com\/fr\/wp-json\/wp\/v2\/comments?post=168154"}],"wp:featuredmedia":[{"embeddable":true,"href":"https:\/\/tourcruiser.com\/fr\/wp-json\/wp\/v2\/media\/168155"}],"wp:attachment":[{"href":"https:\/\/tourcruiser.com\/fr\/wp-json\/wp\/v2\/media?parent=168154"}],"wp:term":[{"taxonomy":"product_brand","embeddable":true,"href":"https:\/\/tourcruiser.com\/fr\/wp-json\/wp\/v2\/product_brand?post=168154"},{"taxonomy":"product_cat","embeddable":true,"href":"https:\/\/tourcruiser.com\/fr\/wp-json\/wp\/v2\/product_cat?post=168154"},{"taxonomy":"product_tag","embeddable":true,"href":"https:\/\/tourcruiser.com\/fr\/wp-json\/wp\/v2\/product_tag?post=168154"}],"curies":[{"name":"wp","href":"https:\/\/api.w.org\/{rel}","templated":true}]}}