{"id":16699,"date":"2026-02-20T15:07:08","date_gmt":"2026-02-20T08:07:08","guid":{"rendered":"http:\/\/tourcruiser.com\/product\/knwls-x-nike-wmns-air-max-muse-ballet-black-ii3670-001"},"modified":"2026-03-14T17:48:58","modified_gmt":"2026-03-14T10:48:58","slug":"knwls-x-nike-wmns-air-max-muse-ballet-black-ii3670-001","status":"publish","type":"product","link":"https:\/\/tourcruiser.com\/fr\/products\/knwls-x-nike-wmns-air-max-muse-ballet-black-ii3670-001\/","title":{"rendered":"Nike KNWLS x Wmns Air Max Muse Ballet &lsquo;Black&rsquo;"},"content":{"rendered":"<p>Affirmez votre style avec la KNWLS x Nike Air Max Muse Ballet \u00ab\u00a0Black\u00a0\u00bb \u2013 une collaboration innovante qui fusionne haute couture et performance sportive. Con\u00e7ues exclusivement pour les femmes, ces sneakers remarquables allient avec brio l&rsquo;\u00e9l\u00e9gance de KNWLS au confort et aux performances in\u00e9gal\u00e9s de la technologie Nike Air Max. Fabriqu\u00e9e \u00e0 partir de mat\u00e9riaux haut de gamme, leur silhouette moderne d&rsquo;un noir profond offre un \u00e9quilibre parfait entre fonctionnalit\u00e9 et luxe, id\u00e9ale pour les loisirs comme pour le sport. Leur construction l\u00e9g\u00e8re assure une libert\u00e9 de mouvement optimale, tandis que l&rsquo;amorti l\u00e9gendaire Nike Air garantit confort et maintien tout au long de la journ\u00e9e. Des d\u00e9tails raffin\u00e9s soulignent la fusion entre design avant-gardiste et \u00e9l\u00e9ments classiques de la sneaker, cr\u00e9ant un look unique qui s&rsquo;int\u00e8gre harmonieusement \u00e0 toutes vos tenues. Ce mod\u00e8le en \u00e9dition limit\u00e9e est parfait pour les passionn\u00e9es de streetwear et les influenceuses, et suffisamment polyvalent pour \u00eatre port\u00e9 au quotidien ou lors d&rsquo;occasions sp\u00e9ciales. La KNWLS x Nike Air Max Muse Ballet \u00ab\u00a0Black\u00a0\u00bb est bien plus qu&rsquo;une simple chaussure\u00a0: c&rsquo;est une v\u00e9ritable affirmation de style, alliant innovation et expression de soi. Offrez-vous l&rsquo;alliance ultime de l&rsquo;\u00e9l\u00e9gance et de la fonctionnalit\u00e9 avec ce mod\u00e8le exclusif et red\u00e9finissez les standards de la sneaker f\u00e9minine. Pr\u00e9parez-vous \u00e0 red\u00e9finir votre garde-robe avec assurance et style.<\/p>\n","protected":false},"excerpt":{"rendered":"<p>Nike Air Max Muse \u2014 Black\/Black<\/p>\n","protected":false},"featured_media":16700,"comment_status":"open","ping_status":"closed","template":"","meta":[],"product_brand":[],"product_cat":[6654],"product_tag":[],"class_list":{"0":"post-16699","1":"product","2":"type-product","3":"status-publish","4":"has-post-thumbnail","6":"product_cat-nike-2026","7":"wcpa_has_options","9":"first","10":"instock","11":"taxable","12":"shipping-taxable","13":"purchasable","14":"product-type-simple"},"wcpa_form_fields":{"rules":{"pric_overide_base_price":false,"pric_overide_base_price_if_gt_zero":false,"pric_overide_base_price_fully":false,"pric_cal_option_once":false,"pric_use_as_fee":false,"bind_quantity":false,"quantity_bind_formula":false},"fields":[{"type":"color-group","required":true,"elementId":"wcpa-color-group-66c4a75505e74","label":"Taille","inline":true,"priceOptions":"different_for_all","pricingType":"fixed","className":"hassizechart product-shoes-size-eu product-shoes-size","name":"color-group-66c4a75505e89","disp_type":"square","selection_type":"tick-border","disp_size":"44","show_label_inside":true,"adjust_width":true,"cart_display_type":"text","other_text":"Other","cl_rule":"show","col":6,"values":[{"label":"35.5","value":"EU 35.5","price":"","pimage":"","pimage_id":"","pthumb":"","color":""},{"label":"36","value":"EU 36","price":"","pimage":"","pimage_id":"","pthumb":"","color":"","selected":true},{"label":"36.5","value":"EU 36.5","price":"","pimage":"","pimage_id":"","pthumb":"","color":""},{"label":"37.5","value":"EU 37.5","price":"","pimage":"","pimage_id":"","pthumb":"","color":""},{"label":"38","value":"EU 38","price":"","pimage":"","pimage_id":"","pthumb":"","color":""},{"label":"38.5","value":"EU 38.5","price":"","pimage":"","pimage_id":"","pthumb":"","color":""},{"label":"39","value":"EU 39","price":"","pimage":"","pimage_id":"","pthumb":"","color":""},{"label":"40","value":"EU 40","price":"","pimage":"","pimage_id":"","pthumb":"","color":""},{"label":"40.5","value":"EU 40.5","price":"","pimage":"","pimage_id":"","pthumb":"","color":""},{"label":"41","value":"EU 41","price":"","pimage":"","pimage_id":"","pthumb":"","color":""},{"label":"42","value":"EU 42","price":"","pimage":"","pimage_id":"","pthumb":"","color":""},{"label":"42.5","value":"EU 42.5","price":"","pimage":"","pimage_id":"","pthumb":"","color":""},{"label":"43","value":"EU 43","price":"","pimage":"","pimage_id":"","pthumb":"","color":""},{"label":"44","value":"EU 44","price":"","pimage":"","pimage_id":"","pthumb":"","color":""},{"label":"44.5","value":"EU 44.5","price":"","pimage":"","pimage_id":"","pthumb":"","color":""},{"label":"45","value":"EU 45","price":"","pimage":"","pimage_id":"","pthumb":"","color":""},{"label":"45.5","value":"EU 45.5","price":"","pimage":"","pimage_id":"","pthumb":"","color":""},{"label":"46","value":"EU 46","price":"","pimage":"","pimage_id":"","pthumb":"","color":""},{"label":"47","value":"EU 47","price":"","pimage":"","pimage_id":"","pthumb":"","color":""},{"label":"47.5","value":"EU 47.5","price":"","pimage":"","pimage_id":"","pthumb":"","color":""},{"label":"48","value":"EU 48","price":"","pimage":"","pimage_id":"","pthumb":"","color":""}],"relations":[{"operator":false,"rules":[]}],"form_id":18106,"form_rules":{"pric_cal_option_once":false,"exclude_from_discount":false,"pric_use_as_fee":false,"fee_label":"Fee","render_after_acb":false,"disp_hide_options_price":false}}]},"yoast_head":"<!-- This site is optimized with the Yoast SEO plugin v26.5 - https:\/\/yoast.com\/wordpress\/plugins\/seo\/ -->\n<title>Nike KNWLS x Wmns Air Max Muse Ballet &#039;Black&#039; - TOURCRUISER PTE. LTD<\/title>\n<meta name=\"robots\" content=\"index, follow, max-snippet:-1, max-image-preview:large, max-video-preview:-1\" \/>\n<link rel=\"canonical\" href=\"https:\/\/tourcruiser.com\/fr\/products\/knwls-x-nike-wmns-air-max-muse-ballet-black-ii3670-001\/\" \/>\n<meta property=\"og:locale\" content=\"fr_FR\" \/>\n<meta property=\"og:type\" content=\"article\" \/>\n<meta property=\"og:title\" content=\"Nike KNWLS x Wmns Air Max Muse Ballet &#039;Black&#039; - TOURCRUISER PTE. LTD\" \/>\n<meta property=\"og:description\" content=\"Nike Air Max Muse \u2014 Black\/Black\" \/>\n<meta property=\"og:url\" content=\"https:\/\/tourcruiser.com\/fr\/products\/knwls-x-nike-wmns-air-max-muse-ballet-black-ii3670-001\/\" \/>\n<meta property=\"og:site_name\" content=\"Tourcruiser Sneaker Store\" \/>\n<meta property=\"article:modified_time\" content=\"2026-03-14T10:48:58+00:00\" \/>\n<meta name=\"twitter:card\" content=\"summary_large_image\" \/>\n<meta name=\"twitter:image\" content=\"https:\/\/images.novelship.com\/product\/_women__knwls_x_nike_air_max_muse_ballet__black__i_0_46761.jpeg\" \/>\n<meta name=\"twitter:label1\" content=\"Dur\u00e9e de lecture estim\u00e9e\" \/>\n\t<meta name=\"twitter:data1\" content=\"1 minute\" \/>\n<script type=\"application\/ld+json\" class=\"yoast-schema-graph\">{\"@context\":\"https:\/\/schema.org\",\"@graph\":[{\"@type\":\"WebPage\",\"@id\":\"https:\/\/tourcruiser.com\/fr\/products\/knwls-x-nike-wmns-air-max-muse-ballet-black-ii3670-001\/\",\"url\":\"https:\/\/tourcruiser.com\/fr\/products\/knwls-x-nike-wmns-air-max-muse-ballet-black-ii3670-001\/\",\"name\":\"Nike KNWLS x Wmns Air Max Muse Ballet 'Black' - TOURCRUISER PTE. LTD\",\"isPartOf\":{\"@id\":\"https:\/\/tourcruiser.com\/fr\/#website\"},\"primaryImageOfPage\":{\"@id\":\"https:\/\/tourcruiser.com\/fr\/products\/knwls-x-nike-wmns-air-max-muse-ballet-black-ii3670-001\/#primaryimage\"},\"image\":{\"@id\":\"https:\/\/tourcruiser.com\/fr\/products\/knwls-x-nike-wmns-air-max-muse-ballet-black-ii3670-001\/#primaryimage\"},\"thumbnailUrl\":\"https:\/\/images.novelship.com\/product\/_women__knwls_x_nike_air_max_muse_ballet__black__i_0_46761.jpeg\",\"datePublished\":\"2026-02-20T08:07:08+00:00\",\"dateModified\":\"2026-03-14T10:48:58+00:00\",\"breadcrumb\":{\"@id\":\"https:\/\/tourcruiser.com\/fr\/products\/knwls-x-nike-wmns-air-max-muse-ballet-black-ii3670-001\/#breadcrumb\"},\"inLanguage\":\"fr-FR\",\"potentialAction\":[{\"@type\":\"ReadAction\",\"target\":[\"https:\/\/tourcruiser.com\/fr\/products\/knwls-x-nike-wmns-air-max-muse-ballet-black-ii3670-001\/\"]}]},{\"@type\":\"ImageObject\",\"inLanguage\":\"fr-FR\",\"@id\":\"https:\/\/tourcruiser.com\/fr\/products\/knwls-x-nike-wmns-air-max-muse-ballet-black-ii3670-001\/#primaryimage\",\"url\":\"https:\/\/images.novelship.com\/product\/_women__knwls_x_nike_air_max_muse_ballet__black__i_0_46761.jpeg\",\"contentUrl\":\"https:\/\/images.novelship.com\/product\/_women__knwls_x_nike_air_max_muse_ballet__black__i_0_46761.jpeg\"},{\"@type\":\"BreadcrumbList\",\"@id\":\"https:\/\/tourcruiser.com\/fr\/products\/knwls-x-nike-wmns-air-max-muse-ballet-black-ii3670-001\/#breadcrumb\",\"itemListElement\":[{\"@type\":\"ListItem\",\"position\":1,\"name\":\"Home\",\"item\":\"https:\/\/tourcruiser.com\/fr\/\"},{\"@type\":\"ListItem\",\"position\":2,\"name\":\"Shop\",\"item\":\"https:\/\/tourcruiser.com\/fr\/shop\/\"},{\"@type\":\"ListItem\",\"position\":3,\"name\":\"Nike KNWLS x Wmns Air Max Muse Ballet 'Black'\"}]},{\"@type\":\"WebSite\",\"@id\":\"https:\/\/tourcruiser.com\/fr\/#website\",\"url\":\"https:\/\/tourcruiser.com\/fr\/\",\"name\":\"Styloral Jewelry Shop\",\"description\":\"Tourcruiser Sneaker Store \u2014 L\u2019endroit o\u00f9 l\u2019univers rencontre votre singularit\u00e9.\",\"publisher\":{\"@id\":\"https:\/\/tourcruiser.com\/fr\/#organization\"},\"potentialAction\":[{\"@type\":\"SearchAction\",\"target\":{\"@type\":\"EntryPoint\",\"urlTemplate\":\"https:\/\/tourcruiser.com\/fr\/?s={search_term_string}\"},\"query-input\":{\"@type\":\"PropertyValueSpecification\",\"valueRequired\":true,\"valueName\":\"search_term_string\"}}],\"inLanguage\":\"fr-FR\"},{\"@type\":\"Organization\",\"@id\":\"https:\/\/tourcruiser.com\/fr\/#organization\",\"name\":\"STYLORAL PTE. LTD\",\"url\":\"https:\/\/tourcruiser.com\/fr\/\",\"logo\":{\"@type\":\"ImageObject\",\"inLanguage\":\"fr-FR\",\"@id\":\"https:\/\/tourcruiser.com\/fr\/#\/schema\/logo\/image\/\",\"url\":\"https:\/\/www.tourcruiser.com\/wp-content\/uploads\/2025\/12\/logo.png\",\"contentUrl\":\"https:\/\/www.tourcruiser.com\/wp-content\/uploads\/2025\/12\/logo.png\",\"width\":200,\"height\":65,\"caption\":\"STYLORAL PTE. LTD\"},\"image\":{\"@id\":\"https:\/\/tourcruiser.com\/fr\/#\/schema\/logo\/image\/\"}}]}<\/script>\n<!-- \/ Yoast SEO plugin. -->","yoast_head_json":{"title":"Nike KNWLS x Wmns Air Max Muse Ballet 'Black' - TOURCRUISER PTE. LTD","robots":{"index":"index","follow":"follow","max-snippet":"max-snippet:-1","max-image-preview":"max-image-preview:large","max-video-preview":"max-video-preview:-1"},"canonical":"https:\/\/tourcruiser.com\/fr\/products\/knwls-x-nike-wmns-air-max-muse-ballet-black-ii3670-001\/","og_locale":"fr_FR","og_type":"article","og_title":"Nike KNWLS x Wmns Air Max Muse Ballet 'Black' - TOURCRUISER PTE. LTD","og_description":"Nike Air Max Muse \u2014 Black\/Black","og_url":"https:\/\/tourcruiser.com\/fr\/products\/knwls-x-nike-wmns-air-max-muse-ballet-black-ii3670-001\/","og_site_name":"Tourcruiser Sneaker Store","article_modified_time":"2026-03-14T10:48:58+00:00","twitter_card":"summary_large_image","twitter_image":"https:\/\/images.novelship.com\/product\/_women__knwls_x_nike_air_max_muse_ballet__black__i_0_46761.jpeg","twitter_misc":{"Dur\u00e9e de lecture estim\u00e9e":"1 minute"},"schema":{"@context":"https:\/\/schema.org","@graph":[{"@type":"WebPage","@id":"https:\/\/tourcruiser.com\/fr\/products\/knwls-x-nike-wmns-air-max-muse-ballet-black-ii3670-001\/","url":"https:\/\/tourcruiser.com\/fr\/products\/knwls-x-nike-wmns-air-max-muse-ballet-black-ii3670-001\/","name":"Nike KNWLS x Wmns Air Max Muse Ballet 'Black' - TOURCRUISER PTE. LTD","isPartOf":{"@id":"https:\/\/tourcruiser.com\/fr\/#website"},"primaryImageOfPage":{"@id":"https:\/\/tourcruiser.com\/fr\/products\/knwls-x-nike-wmns-air-max-muse-ballet-black-ii3670-001\/#primaryimage"},"image":{"@id":"https:\/\/tourcruiser.com\/fr\/products\/knwls-x-nike-wmns-air-max-muse-ballet-black-ii3670-001\/#primaryimage"},"thumbnailUrl":"https:\/\/images.novelship.com\/product\/_women__knwls_x_nike_air_max_muse_ballet__black__i_0_46761.jpeg","datePublished":"2026-02-20T08:07:08+00:00","dateModified":"2026-03-14T10:48:58+00:00","breadcrumb":{"@id":"https:\/\/tourcruiser.com\/fr\/products\/knwls-x-nike-wmns-air-max-muse-ballet-black-ii3670-001\/#breadcrumb"},"inLanguage":"fr-FR","potentialAction":[{"@type":"ReadAction","target":["https:\/\/tourcruiser.com\/fr\/products\/knwls-x-nike-wmns-air-max-muse-ballet-black-ii3670-001\/"]}]},{"@type":"ImageObject","inLanguage":"fr-FR","@id":"https:\/\/tourcruiser.com\/fr\/products\/knwls-x-nike-wmns-air-max-muse-ballet-black-ii3670-001\/#primaryimage","url":"https:\/\/images.novelship.com\/product\/_women__knwls_x_nike_air_max_muse_ballet__black__i_0_46761.jpeg","contentUrl":"https:\/\/images.novelship.com\/product\/_women__knwls_x_nike_air_max_muse_ballet__black__i_0_46761.jpeg"},{"@type":"BreadcrumbList","@id":"https:\/\/tourcruiser.com\/fr\/products\/knwls-x-nike-wmns-air-max-muse-ballet-black-ii3670-001\/#breadcrumb","itemListElement":[{"@type":"ListItem","position":1,"name":"Home","item":"https:\/\/tourcruiser.com\/fr\/"},{"@type":"ListItem","position":2,"name":"Shop","item":"https:\/\/tourcruiser.com\/fr\/shop\/"},{"@type":"ListItem","position":3,"name":"Nike KNWLS x Wmns Air Max Muse Ballet 'Black'"}]},{"@type":"WebSite","@id":"https:\/\/tourcruiser.com\/fr\/#website","url":"https:\/\/tourcruiser.com\/fr\/","name":"Styloral Jewelry Shop","description":"Tourcruiser Sneaker Store \u2014 L\u2019endroit o\u00f9 l\u2019univers rencontre votre singularit\u00e9.","publisher":{"@id":"https:\/\/tourcruiser.com\/fr\/#organization"},"potentialAction":[{"@type":"SearchAction","target":{"@type":"EntryPoint","urlTemplate":"https:\/\/tourcruiser.com\/fr\/?s={search_term_string}"},"query-input":{"@type":"PropertyValueSpecification","valueRequired":true,"valueName":"search_term_string"}}],"inLanguage":"fr-FR"},{"@type":"Organization","@id":"https:\/\/tourcruiser.com\/fr\/#organization","name":"STYLORAL PTE. LTD","url":"https:\/\/tourcruiser.com\/fr\/","logo":{"@type":"ImageObject","inLanguage":"fr-FR","@id":"https:\/\/tourcruiser.com\/fr\/#\/schema\/logo\/image\/","url":"https:\/\/www.tourcruiser.com\/wp-content\/uploads\/2025\/12\/logo.png","contentUrl":"https:\/\/www.tourcruiser.com\/wp-content\/uploads\/2025\/12\/logo.png","width":200,"height":65,"caption":"STYLORAL PTE. LTD"},"image":{"@id":"https:\/\/tourcruiser.com\/fr\/#\/schema\/logo\/image\/"}}]}},"_links":{"self":[{"href":"https:\/\/tourcruiser.com\/fr\/wp-json\/wp\/v2\/product\/16699","targetHints":{"allow":["GET"]}}],"collection":[{"href":"https:\/\/tourcruiser.com\/fr\/wp-json\/wp\/v2\/product"}],"about":[{"href":"https:\/\/tourcruiser.com\/fr\/wp-json\/wp\/v2\/types\/product"}],"replies":[{"embeddable":true,"href":"https:\/\/tourcruiser.com\/fr\/wp-json\/wp\/v2\/comments?post=16699"}],"wp:featuredmedia":[{"embeddable":true,"href":"https:\/\/tourcruiser.com\/fr\/wp-json\/wp\/v2\/media\/16700"}],"wp:attachment":[{"href":"https:\/\/tourcruiser.com\/fr\/wp-json\/wp\/v2\/media?parent=16699"}],"wp:term":[{"taxonomy":"product_brand","embeddable":true,"href":"https:\/\/tourcruiser.com\/fr\/wp-json\/wp\/v2\/product_brand?post=16699"},{"taxonomy":"product_cat","embeddable":true,"href":"https:\/\/tourcruiser.com\/fr\/wp-json\/wp\/v2\/product_cat?post=16699"},{"taxonomy":"product_tag","embeddable":true,"href":"https:\/\/tourcruiser.com\/fr\/wp-json\/wp\/v2\/product_tag?post=16699"}],"curies":[{"name":"wp","href":"https:\/\/api.w.org\/{rel}","templated":true}]}}