{"id":166645,"date":"2026-03-02T16:15:33","date_gmt":"2026-03-02T09:15:33","guid":{"rendered":"http:\/\/tourcruiser.com\/product\/travis-scott-x-nike-sb-dunk-low-prm-qs-cactus-jack-friends-and-family"},"modified":"2026-03-14T18:12:40","modified_gmt":"2026-03-14T11:12:40","slug":"travis-scott-x-nike-sb-dunk-low-prm-qs-cactus-jack-friends-and-family","status":"publish","type":"product","link":"https:\/\/tourcruiser.com\/fr\/products\/travis-scott-x-nike-sb-dunk-low-prm-qs-cactus-jack-friends-and-family\/","title":{"rendered":"Travis Scott x Nike SB Dunk Low PRM QS &lsquo;Cactus Jack&rsquo; Friends and Family"},"content":{"rendered":"<p>Procurez-vous en exclusivit\u00e9 les sneakers Travis Scott x Nike SB Dunk Low PRM QS Cactus Jack Friends and Family. Con\u00e7ues en collaboration avec Travis Scott, ces Nike SB Dunk arborent un design noir \u00e9l\u00e9gant et le logo iconique Cactus Jack. Ne manquez pas cette \u00e9dition limit\u00e9e, qui fera sensation et sublimera votre collection de sneakers.<\/p>\n<ul>\n<li><strong>Code article\u00a0:<\/strong> CT5053-001-FF<\/li>\n<li><strong>Mati\u00e8re ext\u00e9rieure\u00a0:<\/strong> Cuir nubuck<\/li>\n<li><strong>Semelle interm\u00e9diaire\u00a0:<\/strong> Zoom Air<\/li>\n<li><strong>Couleur\u00a0:<\/strong> Noir<\/li>\n<li><strong>Designer\u00a0:<\/strong> Peter Moore<\/li>\n<li><strong>Ann\u00e9e de sortie\u00a0:<\/strong> 2020<\/li>\n<\/ul>\n","protected":false},"excerpt":{"rendered":"<p>Travis Nike SB Dunk Low PRM QS &lsquo;Cactus Jack&rsquo; Friends and Family<\/p>\n","protected":false},"featured_media":166646,"comment_status":"open","ping_status":"closed","template":"","meta":[],"product_brand":[],"product_cat":[10803],"product_tag":[10753,11434,10801,10900,10802,11153,11671,11672],"class_list":{"0":"post-166645","1":"product","2":"type-product","3":"status-publish","4":"has-post-thumbnail","6":"product_cat-nike","7":"product_tag-gift-for-him","8":"product_tag-low-top-skateboard-shoes","9":"product_tag-nike","10":"product_tag-nike-skateboarding-shoes","11":"product_tag-performance-sport-shoes","12":"product_tag-skateboard-shoes","13":"product_tag-travis-scott-collection","14":"product_tag-travis-scott-shoes","15":"wcpa_has_options","17":"first","18":"instock","19":"taxable","20":"shipping-taxable","21":"purchasable","22":"product-type-simple"},"wcpa_form_fields":{"rules":{"pric_overide_base_price":false,"pric_overide_base_price_if_gt_zero":false,"pric_overide_base_price_fully":false,"pric_cal_option_once":false,"pric_use_as_fee":false,"bind_quantity":false,"quantity_bind_formula":false},"fields":[{"type":"color-group","required":true,"elementId":"wcpa-color-group-66c4a75505e74","label":"Taille","inline":true,"priceOptions":"different_for_all","pricingType":"fixed","className":"hassizechart product-shoes-size-eu product-shoes-size","name":"color-group-66c4a75505e89","disp_type":"square","selection_type":"tick-border","disp_size":"44","show_label_inside":true,"adjust_width":true,"cart_display_type":"text","other_text":"Other","cl_rule":"show","col":6,"values":[{"label":"35.5","value":"EU 35.5","price":"","pimage":"","pimage_id":"","pthumb":"","color":""},{"label":"36","value":"EU 36","price":"","pimage":"","pimage_id":"","pthumb":"","color":"","selected":true},{"label":"36.5","value":"EU 36.5","price":"","pimage":"","pimage_id":"","pthumb":"","color":""},{"label":"37.5","value":"EU 37.5","price":"","pimage":"","pimage_id":"","pthumb":"","color":""},{"label":"38","value":"EU 38","price":"","pimage":"","pimage_id":"","pthumb":"","color":""},{"label":"38.5","value":"EU 38.5","price":"","pimage":"","pimage_id":"","pthumb":"","color":""},{"label":"39","value":"EU 39","price":"","pimage":"","pimage_id":"","pthumb":"","color":""},{"label":"40","value":"EU 40","price":"","pimage":"","pimage_id":"","pthumb":"","color":""},{"label":"40.5","value":"EU 40.5","price":"","pimage":"","pimage_id":"","pthumb":"","color":""},{"label":"41","value":"EU 41","price":"","pimage":"","pimage_id":"","pthumb":"","color":""},{"label":"42","value":"EU 42","price":"","pimage":"","pimage_id":"","pthumb":"","color":""},{"label":"42.5","value":"EU 42.5","price":"","pimage":"","pimage_id":"","pthumb":"","color":""},{"label":"43","value":"EU 43","price":"","pimage":"","pimage_id":"","pthumb":"","color":""},{"label":"44","value":"EU 44","price":"","pimage":"","pimage_id":"","pthumb":"","color":""},{"label":"44.5","value":"EU 44.5","price":"","pimage":"","pimage_id":"","pthumb":"","color":""},{"label":"45","value":"EU 45","price":"","pimage":"","pimage_id":"","pthumb":"","color":""},{"label":"45.5","value":"EU 45.5","price":"","pimage":"","pimage_id":"","pthumb":"","color":""},{"label":"46","value":"EU 46","price":"","pimage":"","pimage_id":"","pthumb":"","color":""},{"label":"47","value":"EU 47","price":"","pimage":"","pimage_id":"","pthumb":"","color":""},{"label":"47.5","value":"EU 47.5","price":"","pimage":"","pimage_id":"","pthumb":"","color":""},{"label":"48","value":"EU 48","price":"","pimage":"","pimage_id":"","pthumb":"","color":""}],"relations":[{"operator":false,"rules":[]}],"form_id":18106,"form_rules":{"pric_cal_option_once":false,"exclude_from_discount":false,"pric_use_as_fee":false,"fee_label":"Fee","render_after_acb":false,"disp_hide_options_price":false}}]},"yoast_head":"<!-- This site is optimized with the Yoast SEO plugin v26.5 - https:\/\/yoast.com\/wordpress\/plugins\/seo\/ -->\n<title>Travis Scott x Nike SB Dunk Low PRM QS &#039;Cactus Jack&#039; Friends and Family - TOURCRUISER PTE. LTD<\/title>\n<meta name=\"robots\" content=\"index, follow, max-snippet:-1, max-image-preview:large, max-video-preview:-1\" \/>\n<link rel=\"canonical\" href=\"https:\/\/tourcruiser.com\/fr\/products\/travis-scott-x-nike-sb-dunk-low-prm-qs-cactus-jack-friends-and-family\/\" \/>\n<meta property=\"og:locale\" content=\"fr_FR\" \/>\n<meta property=\"og:type\" content=\"article\" \/>\n<meta property=\"og:title\" content=\"Travis Scott x Nike SB Dunk Low PRM QS &#039;Cactus Jack&#039; Friends and Family - TOURCRUISER PTE. LTD\" \/>\n<meta property=\"og:description\" content=\"Travis Nike SB Dunk Low PRM QS &#039;Cactus Jack&#039; Friends and Family\" \/>\n<meta property=\"og:url\" content=\"https:\/\/tourcruiser.com\/fr\/products\/travis-scott-x-nike-sb-dunk-low-prm-qs-cactus-jack-friends-and-family\/\" \/>\n<meta property=\"og:site_name\" content=\"Tourcruiser Sneaker Store\" \/>\n<meta property=\"article:modified_time\" content=\"2026-03-14T11:12:40+00:00\" \/>\n<meta name=\"twitter:card\" content=\"summary_large_image\" \/>\n<meta name=\"twitter:image\" content=\"https:\/\/images.novelship.com\/product\/travis_scott_x_nike_sb_dunk_low_prm_qs__cactus_jac_0_8892.jpeg\" \/>\n<script type=\"application\/ld+json\" class=\"yoast-schema-graph\">{\"@context\":\"https:\/\/schema.org\",\"@graph\":[{\"@type\":\"WebPage\",\"@id\":\"https:\/\/tourcruiser.com\/fr\/products\/travis-scott-x-nike-sb-dunk-low-prm-qs-cactus-jack-friends-and-family\/\",\"url\":\"https:\/\/tourcruiser.com\/fr\/products\/travis-scott-x-nike-sb-dunk-low-prm-qs-cactus-jack-friends-and-family\/\",\"name\":\"Travis Scott x Nike SB Dunk Low PRM QS 'Cactus Jack' Friends and Family - TOURCRUISER PTE. LTD\",\"isPartOf\":{\"@id\":\"https:\/\/tourcruiser.com\/fr\/#website\"},\"primaryImageOfPage\":{\"@id\":\"https:\/\/tourcruiser.com\/fr\/products\/travis-scott-x-nike-sb-dunk-low-prm-qs-cactus-jack-friends-and-family\/#primaryimage\"},\"image\":{\"@id\":\"https:\/\/tourcruiser.com\/fr\/products\/travis-scott-x-nike-sb-dunk-low-prm-qs-cactus-jack-friends-and-family\/#primaryimage\"},\"thumbnailUrl\":\"https:\/\/images.novelship.com\/product\/travis_scott_x_nike_sb_dunk_low_prm_qs__cactus_jac_0_8892.jpeg\",\"datePublished\":\"2026-03-02T09:15:33+00:00\",\"dateModified\":\"2026-03-14T11:12:40+00:00\",\"breadcrumb\":{\"@id\":\"https:\/\/tourcruiser.com\/fr\/products\/travis-scott-x-nike-sb-dunk-low-prm-qs-cactus-jack-friends-and-family\/#breadcrumb\"},\"inLanguage\":\"fr-FR\",\"potentialAction\":[{\"@type\":\"ReadAction\",\"target\":[\"https:\/\/tourcruiser.com\/fr\/products\/travis-scott-x-nike-sb-dunk-low-prm-qs-cactus-jack-friends-and-family\/\"]}]},{\"@type\":\"ImageObject\",\"inLanguage\":\"fr-FR\",\"@id\":\"https:\/\/tourcruiser.com\/fr\/products\/travis-scott-x-nike-sb-dunk-low-prm-qs-cactus-jack-friends-and-family\/#primaryimage\",\"url\":\"https:\/\/images.novelship.com\/product\/travis_scott_x_nike_sb_dunk_low_prm_qs__cactus_jac_0_8892.jpeg\",\"contentUrl\":\"https:\/\/images.novelship.com\/product\/travis_scott_x_nike_sb_dunk_low_prm_qs__cactus_jac_0_8892.jpeg\"},{\"@type\":\"BreadcrumbList\",\"@id\":\"https:\/\/tourcruiser.com\/fr\/products\/travis-scott-x-nike-sb-dunk-low-prm-qs-cactus-jack-friends-and-family\/#breadcrumb\",\"itemListElement\":[{\"@type\":\"ListItem\",\"position\":1,\"name\":\"Home\",\"item\":\"https:\/\/tourcruiser.com\/fr\/\"},{\"@type\":\"ListItem\",\"position\":2,\"name\":\"Shop\",\"item\":\"https:\/\/tourcruiser.com\/fr\/shop\/\"},{\"@type\":\"ListItem\",\"position\":3,\"name\":\"Travis Scott x Nike SB Dunk Low PRM QS 'Cactus Jack' Friends and Family\"}]},{\"@type\":\"WebSite\",\"@id\":\"https:\/\/tourcruiser.com\/fr\/#website\",\"url\":\"https:\/\/tourcruiser.com\/fr\/\",\"name\":\"Styloral Jewelry Shop\",\"description\":\"Tourcruiser Sneaker Store \u2014 L\u2019endroit o\u00f9 l\u2019univers rencontre votre singularit\u00e9.\",\"publisher\":{\"@id\":\"https:\/\/tourcruiser.com\/fr\/#organization\"},\"potentialAction\":[{\"@type\":\"SearchAction\",\"target\":{\"@type\":\"EntryPoint\",\"urlTemplate\":\"https:\/\/tourcruiser.com\/fr\/?s={search_term_string}\"},\"query-input\":{\"@type\":\"PropertyValueSpecification\",\"valueRequired\":true,\"valueName\":\"search_term_string\"}}],\"inLanguage\":\"fr-FR\"},{\"@type\":\"Organization\",\"@id\":\"https:\/\/tourcruiser.com\/fr\/#organization\",\"name\":\"STYLORAL PTE. LTD\",\"url\":\"https:\/\/tourcruiser.com\/fr\/\",\"logo\":{\"@type\":\"ImageObject\",\"inLanguage\":\"fr-FR\",\"@id\":\"https:\/\/tourcruiser.com\/fr\/#\/schema\/logo\/image\/\",\"url\":\"https:\/\/www.tourcruiser.com\/wp-content\/uploads\/2025\/12\/logo.png\",\"contentUrl\":\"https:\/\/www.tourcruiser.com\/wp-content\/uploads\/2025\/12\/logo.png\",\"width\":200,\"height\":65,\"caption\":\"STYLORAL PTE. LTD\"},\"image\":{\"@id\":\"https:\/\/tourcruiser.com\/fr\/#\/schema\/logo\/image\/\"}}]}<\/script>\n<!-- \/ Yoast SEO plugin. -->","yoast_head_json":{"title":"Travis Scott x Nike SB Dunk Low PRM QS 'Cactus Jack' Friends and Family - TOURCRUISER PTE. LTD","robots":{"index":"index","follow":"follow","max-snippet":"max-snippet:-1","max-image-preview":"max-image-preview:large","max-video-preview":"max-video-preview:-1"},"canonical":"https:\/\/tourcruiser.com\/fr\/products\/travis-scott-x-nike-sb-dunk-low-prm-qs-cactus-jack-friends-and-family\/","og_locale":"fr_FR","og_type":"article","og_title":"Travis Scott x Nike SB Dunk Low PRM QS 'Cactus Jack' Friends and Family - TOURCRUISER PTE. LTD","og_description":"Travis Nike SB Dunk Low PRM QS 'Cactus Jack' Friends and Family","og_url":"https:\/\/tourcruiser.com\/fr\/products\/travis-scott-x-nike-sb-dunk-low-prm-qs-cactus-jack-friends-and-family\/","og_site_name":"Tourcruiser Sneaker Store","article_modified_time":"2026-03-14T11:12:40+00:00","twitter_card":"summary_large_image","twitter_image":"https:\/\/images.novelship.com\/product\/travis_scott_x_nike_sb_dunk_low_prm_qs__cactus_jac_0_8892.jpeg","schema":{"@context":"https:\/\/schema.org","@graph":[{"@type":"WebPage","@id":"https:\/\/tourcruiser.com\/fr\/products\/travis-scott-x-nike-sb-dunk-low-prm-qs-cactus-jack-friends-and-family\/","url":"https:\/\/tourcruiser.com\/fr\/products\/travis-scott-x-nike-sb-dunk-low-prm-qs-cactus-jack-friends-and-family\/","name":"Travis Scott x Nike SB Dunk Low PRM QS 'Cactus Jack' Friends and Family - TOURCRUISER PTE. LTD","isPartOf":{"@id":"https:\/\/tourcruiser.com\/fr\/#website"},"primaryImageOfPage":{"@id":"https:\/\/tourcruiser.com\/fr\/products\/travis-scott-x-nike-sb-dunk-low-prm-qs-cactus-jack-friends-and-family\/#primaryimage"},"image":{"@id":"https:\/\/tourcruiser.com\/fr\/products\/travis-scott-x-nike-sb-dunk-low-prm-qs-cactus-jack-friends-and-family\/#primaryimage"},"thumbnailUrl":"https:\/\/images.novelship.com\/product\/travis_scott_x_nike_sb_dunk_low_prm_qs__cactus_jac_0_8892.jpeg","datePublished":"2026-03-02T09:15:33+00:00","dateModified":"2026-03-14T11:12:40+00:00","breadcrumb":{"@id":"https:\/\/tourcruiser.com\/fr\/products\/travis-scott-x-nike-sb-dunk-low-prm-qs-cactus-jack-friends-and-family\/#breadcrumb"},"inLanguage":"fr-FR","potentialAction":[{"@type":"ReadAction","target":["https:\/\/tourcruiser.com\/fr\/products\/travis-scott-x-nike-sb-dunk-low-prm-qs-cactus-jack-friends-and-family\/"]}]},{"@type":"ImageObject","inLanguage":"fr-FR","@id":"https:\/\/tourcruiser.com\/fr\/products\/travis-scott-x-nike-sb-dunk-low-prm-qs-cactus-jack-friends-and-family\/#primaryimage","url":"https:\/\/images.novelship.com\/product\/travis_scott_x_nike_sb_dunk_low_prm_qs__cactus_jac_0_8892.jpeg","contentUrl":"https:\/\/images.novelship.com\/product\/travis_scott_x_nike_sb_dunk_low_prm_qs__cactus_jac_0_8892.jpeg"},{"@type":"BreadcrumbList","@id":"https:\/\/tourcruiser.com\/fr\/products\/travis-scott-x-nike-sb-dunk-low-prm-qs-cactus-jack-friends-and-family\/#breadcrumb","itemListElement":[{"@type":"ListItem","position":1,"name":"Home","item":"https:\/\/tourcruiser.com\/fr\/"},{"@type":"ListItem","position":2,"name":"Shop","item":"https:\/\/tourcruiser.com\/fr\/shop\/"},{"@type":"ListItem","position":3,"name":"Travis Scott x Nike SB Dunk Low PRM QS 'Cactus Jack' Friends and Family"}]},{"@type":"WebSite","@id":"https:\/\/tourcruiser.com\/fr\/#website","url":"https:\/\/tourcruiser.com\/fr\/","name":"Styloral Jewelry Shop","description":"Tourcruiser Sneaker Store \u2014 L\u2019endroit o\u00f9 l\u2019univers rencontre votre singularit\u00e9.","publisher":{"@id":"https:\/\/tourcruiser.com\/fr\/#organization"},"potentialAction":[{"@type":"SearchAction","target":{"@type":"EntryPoint","urlTemplate":"https:\/\/tourcruiser.com\/fr\/?s={search_term_string}"},"query-input":{"@type":"PropertyValueSpecification","valueRequired":true,"valueName":"search_term_string"}}],"inLanguage":"fr-FR"},{"@type":"Organization","@id":"https:\/\/tourcruiser.com\/fr\/#organization","name":"STYLORAL PTE. LTD","url":"https:\/\/tourcruiser.com\/fr\/","logo":{"@type":"ImageObject","inLanguage":"fr-FR","@id":"https:\/\/tourcruiser.com\/fr\/#\/schema\/logo\/image\/","url":"https:\/\/www.tourcruiser.com\/wp-content\/uploads\/2025\/12\/logo.png","contentUrl":"https:\/\/www.tourcruiser.com\/wp-content\/uploads\/2025\/12\/logo.png","width":200,"height":65,"caption":"STYLORAL PTE. LTD"},"image":{"@id":"https:\/\/tourcruiser.com\/fr\/#\/schema\/logo\/image\/"}}]}},"_links":{"self":[{"href":"https:\/\/tourcruiser.com\/fr\/wp-json\/wp\/v2\/product\/166645","targetHints":{"allow":["GET"]}}],"collection":[{"href":"https:\/\/tourcruiser.com\/fr\/wp-json\/wp\/v2\/product"}],"about":[{"href":"https:\/\/tourcruiser.com\/fr\/wp-json\/wp\/v2\/types\/product"}],"replies":[{"embeddable":true,"href":"https:\/\/tourcruiser.com\/fr\/wp-json\/wp\/v2\/comments?post=166645"}],"wp:featuredmedia":[{"embeddable":true,"href":"https:\/\/tourcruiser.com\/fr\/wp-json\/wp\/v2\/media\/166646"}],"wp:attachment":[{"href":"https:\/\/tourcruiser.com\/fr\/wp-json\/wp\/v2\/media?parent=166645"}],"wp:term":[{"taxonomy":"product_brand","embeddable":true,"href":"https:\/\/tourcruiser.com\/fr\/wp-json\/wp\/v2\/product_brand?post=166645"},{"taxonomy":"product_cat","embeddable":true,"href":"https:\/\/tourcruiser.com\/fr\/wp-json\/wp\/v2\/product_cat?post=166645"},{"taxonomy":"product_tag","embeddable":true,"href":"https:\/\/tourcruiser.com\/fr\/wp-json\/wp\/v2\/product_tag?post=166645"}],"curies":[{"name":"wp","href":"https:\/\/api.w.org\/{rel}","templated":true}]}}