{"id":166481,"date":"2026-03-02T16:15:18","date_gmt":"2026-03-02T09:15:18","guid":{"rendered":"http:\/\/tourcruiser.com\/product\/hoka-challenger-8-wide-maple-cardamom"},"modified":"2026-03-14T19:32:51","modified_gmt":"2026-03-14T12:32:51","slug":"hoka-challenger-8-wide-maple-cardamom","status":"publish","type":"product","link":"https:\/\/tourcruiser.com\/fr\/products\/hoka-challenger-8-wide-maple-cardamom\/","title":{"rendered":"HOKA Challenger 8 Wide &lsquo;Maple Cardamom&rsquo;"},"content":{"rendered":"<p>La HOKA Challenger 8 Wide \u00ab\u00a0Maple Cardamom\u00a0\u00bb est une chaussure de running polyvalente id\u00e9ale pour les sentiers et la route. Elle offre un confort, une durabilit\u00e9 et des performances exceptionnels sur tous les terrains. Gr\u00e2ce \u00e0 sa coupe plus large, qui assure une stabilit\u00e9 accrue et s&rsquo;adapte \u00e0 diff\u00e9rentes morphologies de pied, cette chaussure est dot\u00e9e d&rsquo;une tige en mesh respirant qui offre maintien et une sensation de l\u00e9g\u00e8ret\u00e9 et d&rsquo;a\u00e9ration \u00e0 chaque foul\u00e9e. La semelle interm\u00e9diaire en CMEVA offre un amorti confortable qui r\u00e9duit l&rsquo;impact et optimise le retour d&rsquo;\u00e9nergie, id\u00e9al pour les routes lisses comme pour les sentiers techniques. Les crampons de 4 mm de la semelle ext\u00e9rieure offrent une adh\u00e9rence et une traction exceptionnelles sur les surfaces irr\u00e9guli\u00e8res, faisant de cette chaussure une alli\u00e9e fiable pour toutes vos aventures. Ce mod\u00e8le \u00e9l\u00e9gant, dans son coloris \u00ab\u00a0Maple Cardamom\u00a0\u00bb, allie esth\u00e9tique et technologie de pointe et convient aussi bien aux activit\u00e9s sportives qu&rsquo;aux loisirs. La HOKA Challenger 8 Wide a \u00e9t\u00e9 con\u00e7ue pour celles et ceux qui privil\u00e9gient l&rsquo;adaptabilit\u00e9 et un confort optimal, permettant des transitions fluides sur tous types de terrains sans compromettre la stabilit\u00e9 ni la vitesse. Parfaite pour les coureurs, randonneurs et explorateurs ambitieux, c&rsquo;est la chaussure id\u00e9ale pour les longues distances et une utilisation polyvalente. R\u00e9f\u00e9rence : 1168718-MPLC Mati\u00e8re ext\u00e9rieure : Mesh Semelle interm\u00e9diaire : CMEVA Couleur : Marron<\/p>\n","protected":false},"excerpt":{"rendered":"<p>HOKA Challenger 8 Wide &lsquo;Maple Cardamom&rsquo;<\/p>\n","protected":false},"featured_media":166482,"comment_status":"open","ping_status":"closed","template":"","meta":[],"product_brand":[],"product_cat":[11495],"product_tag":[11494,10802,10840,11006,10758,11692],"class_list":{"0":"post-166481","1":"product","2":"type-product","3":"status-publish","4":"has-post-thumbnail","6":"product_cat-hoka","7":"product_tag-hoka","8":"product_tag-performance-sport-shoes","9":"product_tag-running-shoes","10":"product_tag-trail-running-shoes","11":"product_tag-under-retail","12":"product_tag-wide-running-shoes","13":"wcpa_has_options","15":"first","16":"instock","17":"sale","18":"taxable","19":"shipping-taxable","20":"purchasable","21":"product-type-simple"},"wcpa_form_fields":{"rules":{"pric_overide_base_price":false,"pric_overide_base_price_if_gt_zero":false,"pric_overide_base_price_fully":false,"pric_cal_option_once":false,"pric_use_as_fee":false,"bind_quantity":false,"quantity_bind_formula":false},"fields":[{"type":"color-group","required":true,"elementId":"wcpa-color-group-69a5afd8a7cca","label":"Taille","inline":true,"priceOptions":"different_for_all","pricingType":"fixed","className":"hassizechart product-shoes-size-eu product-shoes-size","name":"color-group-69a5afd8a7cd3","disp_type":"square","selection_type":"tick-border","disp_size":"50","show_label_inside":true,"adjust_width":true,"cart_display_type":"text","other_text":"Other","cl_rule":"show","col":6,"values":[{"label":"35 1\/3","value":"EU 35 1\/3","price":"","pimage":"","pimage_id":"","pthumb":"","color":""},{"label":"36","value":"EU 36","price":"","pimage":"","pimage_id":"","pthumb":"","color":""},{"label":"36 2\/3","value":"EU 36 2\/3","price":"","pimage":"","pimage_id":"","pthumb":"","color":""},{"label":"37 1\/3","value":"EU 37 1\/3","price":"","pimage":"","pimage_id":"","pthumb":"","color":"","selected":true},{"label":"38","value":"EU 38","price":"","pimage":"","pimage_id":"","pthumb":"","color":""},{"label":"38 2\/3","value":"EU 38 2\/3","price":"","pimage":"","pimage_id":"","pthumb":"","color":""},{"label":"39 1\/3","value":"EU 39 1\/3","price":"","pimage":"","pimage_id":"","pthumb":"","color":""},{"label":"39.5","value":"EU 39.5","price":"","pimage":"","pimage_id":"","pthumb":"","color":""},{"label":"40","value":"EU 40","price":"","pimage":"","pimage_id":"","pthumb":"","color":""},{"label":"40 2\/3","value":"EU 40  2\/3","price":"","pimage":"","pimage_id":"","pthumb":"","color":""},{"label":" 41 1\/3","value":"EU 41.5","price":"","pimage":"","pimage_id":"","pthumb":"","color":""},{"label":"42","value":"EU 42","price":"","pimage":"","pimage_id":"","pthumb":"","color":""},{"label":"42 2\/3","value":"EU 42 2\/3","price":"","pimage":"","pimage_id":"","pthumb":"","color":""},{"label":"43 1\/3","value":"EU 43 1\/3","price":"","pimage":"","pimage_id":"","pthumb":"","color":""},{"label":"44","value":"EU 44","price":"","pimage":"","pimage_id":"","pthumb":"","color":""},{"label":"44 2\/3","value":"EU 44 2\/3","price":"","pimage":"","pimage_id":"","pthumb":"","color":""},{"label":"45 1\/3","value":"EU 45 1\/3","price":"","pimage":"","pimage_id":"","pthumb":"","color":""},{"label":"46","value":"EU 46","price":"","pimage":"","pimage_id":"","pthumb":"","color":""},{"label":"46 2\/3","value":"EU 46 2\/3","price":"","pimage":"","pimage_id":"","pthumb":"","color":""},{"label":"47 1\/3","value":"EU 47 1\/3","price":"","pimage":"","pimage_id":"","pthumb":"","color":""},{"label":"48","value":"EU 48","price":"","pimage":"","pimage_id":"","pthumb":"","color":""}],"relations":[{"operator":false,"rules":[]}],"form_id":184317,"form_rules":{"pric_cal_option_once":false,"exclude_from_discount":false,"pric_use_as_fee":false,"fee_label":"Fee","render_after_acb":false,"disp_hide_options_price":false}}]},"yoast_head":"<!-- This site is optimized with the Yoast SEO plugin v26.5 - https:\/\/yoast.com\/wordpress\/plugins\/seo\/ -->\n<title>HOKA Challenger 8 Wide &#039;Maple Cardamom&#039; - TOURCRUISER PTE. LTD<\/title>\n<meta name=\"robots\" content=\"index, follow, max-snippet:-1, max-image-preview:large, max-video-preview:-1\" \/>\n<link rel=\"canonical\" href=\"https:\/\/tourcruiser.com\/fr\/products\/hoka-challenger-8-wide-maple-cardamom\/\" \/>\n<meta property=\"og:locale\" content=\"fr_FR\" \/>\n<meta property=\"og:type\" content=\"article\" \/>\n<meta property=\"og:title\" content=\"HOKA Challenger 8 Wide &#039;Maple Cardamom&#039; - TOURCRUISER PTE. LTD\" \/>\n<meta property=\"og:description\" content=\"HOKA Challenger 8 Wide &#039;Maple Cardamom&#039;\" \/>\n<meta property=\"og:url\" content=\"https:\/\/tourcruiser.com\/fr\/products\/hoka-challenger-8-wide-maple-cardamom\/\" \/>\n<meta property=\"og:site_name\" content=\"Tourcruiser Sneaker Store\" \/>\n<meta property=\"article:modified_time\" content=\"2026-03-14T12:32:51+00:00\" \/>\n<meta name=\"twitter:card\" content=\"summary_large_image\" \/>\n<meta name=\"twitter:image\" content=\"https:\/\/images.novelship.com\/product\/hoka_challenger_8_wide__maple_cardamom__1168718-mp_0_88893.png\" \/>\n<meta name=\"twitter:label1\" content=\"Dur\u00e9e de lecture estim\u00e9e\" \/>\n\t<meta name=\"twitter:data1\" content=\"1 minute\" \/>\n<script type=\"application\/ld+json\" class=\"yoast-schema-graph\">{\"@context\":\"https:\/\/schema.org\",\"@graph\":[{\"@type\":\"WebPage\",\"@id\":\"https:\/\/tourcruiser.com\/fr\/products\/hoka-challenger-8-wide-maple-cardamom\/\",\"url\":\"https:\/\/tourcruiser.com\/fr\/products\/hoka-challenger-8-wide-maple-cardamom\/\",\"name\":\"HOKA Challenger 8 Wide 'Maple Cardamom' - TOURCRUISER PTE. LTD\",\"isPartOf\":{\"@id\":\"https:\/\/tourcruiser.com\/fr\/#website\"},\"primaryImageOfPage\":{\"@id\":\"https:\/\/tourcruiser.com\/fr\/products\/hoka-challenger-8-wide-maple-cardamom\/#primaryimage\"},\"image\":{\"@id\":\"https:\/\/tourcruiser.com\/fr\/products\/hoka-challenger-8-wide-maple-cardamom\/#primaryimage\"},\"thumbnailUrl\":\"https:\/\/images.novelship.com\/product\/hoka_challenger_8_wide__maple_cardamom__1168718-mp_0_88893.png\",\"datePublished\":\"2026-03-02T09:15:18+00:00\",\"dateModified\":\"2026-03-14T12:32:51+00:00\",\"breadcrumb\":{\"@id\":\"https:\/\/tourcruiser.com\/fr\/products\/hoka-challenger-8-wide-maple-cardamom\/#breadcrumb\"},\"inLanguage\":\"fr-FR\",\"potentialAction\":[{\"@type\":\"ReadAction\",\"target\":[\"https:\/\/tourcruiser.com\/fr\/products\/hoka-challenger-8-wide-maple-cardamom\/\"]}]},{\"@type\":\"ImageObject\",\"inLanguage\":\"fr-FR\",\"@id\":\"https:\/\/tourcruiser.com\/fr\/products\/hoka-challenger-8-wide-maple-cardamom\/#primaryimage\",\"url\":\"https:\/\/images.novelship.com\/product\/hoka_challenger_8_wide__maple_cardamom__1168718-mp_0_88893.png\",\"contentUrl\":\"https:\/\/images.novelship.com\/product\/hoka_challenger_8_wide__maple_cardamom__1168718-mp_0_88893.png\"},{\"@type\":\"BreadcrumbList\",\"@id\":\"https:\/\/tourcruiser.com\/fr\/products\/hoka-challenger-8-wide-maple-cardamom\/#breadcrumb\",\"itemListElement\":[{\"@type\":\"ListItem\",\"position\":1,\"name\":\"Home\",\"item\":\"https:\/\/tourcruiser.com\/fr\/\"},{\"@type\":\"ListItem\",\"position\":2,\"name\":\"Shop\",\"item\":\"https:\/\/tourcruiser.com\/fr\/shop\/\"},{\"@type\":\"ListItem\",\"position\":3,\"name\":\"HOKA Challenger 8 Wide 'Maple Cardamom'\"}]},{\"@type\":\"WebSite\",\"@id\":\"https:\/\/tourcruiser.com\/fr\/#website\",\"url\":\"https:\/\/tourcruiser.com\/fr\/\",\"name\":\"Styloral Jewelry Shop\",\"description\":\"Tourcruiser Sneaker Store \u2014 L\u2019endroit o\u00f9 l\u2019univers rencontre votre singularit\u00e9.\",\"publisher\":{\"@id\":\"https:\/\/tourcruiser.com\/fr\/#organization\"},\"potentialAction\":[{\"@type\":\"SearchAction\",\"target\":{\"@type\":\"EntryPoint\",\"urlTemplate\":\"https:\/\/tourcruiser.com\/fr\/?s={search_term_string}\"},\"query-input\":{\"@type\":\"PropertyValueSpecification\",\"valueRequired\":true,\"valueName\":\"search_term_string\"}}],\"inLanguage\":\"fr-FR\"},{\"@type\":\"Organization\",\"@id\":\"https:\/\/tourcruiser.com\/fr\/#organization\",\"name\":\"STYLORAL PTE. LTD\",\"url\":\"https:\/\/tourcruiser.com\/fr\/\",\"logo\":{\"@type\":\"ImageObject\",\"inLanguage\":\"fr-FR\",\"@id\":\"https:\/\/tourcruiser.com\/fr\/#\/schema\/logo\/image\/\",\"url\":\"https:\/\/www.tourcruiser.com\/wp-content\/uploads\/2025\/12\/logo.png\",\"contentUrl\":\"https:\/\/www.tourcruiser.com\/wp-content\/uploads\/2025\/12\/logo.png\",\"width\":200,\"height\":65,\"caption\":\"STYLORAL PTE. LTD\"},\"image\":{\"@id\":\"https:\/\/tourcruiser.com\/fr\/#\/schema\/logo\/image\/\"}}]}<\/script>\n<!-- \/ Yoast SEO plugin. -->","yoast_head_json":{"title":"HOKA Challenger 8 Wide 'Maple Cardamom' - TOURCRUISER PTE. LTD","robots":{"index":"index","follow":"follow","max-snippet":"max-snippet:-1","max-image-preview":"max-image-preview:large","max-video-preview":"max-video-preview:-1"},"canonical":"https:\/\/tourcruiser.com\/fr\/products\/hoka-challenger-8-wide-maple-cardamom\/","og_locale":"fr_FR","og_type":"article","og_title":"HOKA Challenger 8 Wide 'Maple Cardamom' - TOURCRUISER PTE. LTD","og_description":"HOKA Challenger 8 Wide 'Maple Cardamom'","og_url":"https:\/\/tourcruiser.com\/fr\/products\/hoka-challenger-8-wide-maple-cardamom\/","og_site_name":"Tourcruiser Sneaker Store","article_modified_time":"2026-03-14T12:32:51+00:00","twitter_card":"summary_large_image","twitter_image":"https:\/\/images.novelship.com\/product\/hoka_challenger_8_wide__maple_cardamom__1168718-mp_0_88893.png","twitter_misc":{"Dur\u00e9e de lecture estim\u00e9e":"1 minute"},"schema":{"@context":"https:\/\/schema.org","@graph":[{"@type":"WebPage","@id":"https:\/\/tourcruiser.com\/fr\/products\/hoka-challenger-8-wide-maple-cardamom\/","url":"https:\/\/tourcruiser.com\/fr\/products\/hoka-challenger-8-wide-maple-cardamom\/","name":"HOKA Challenger 8 Wide 'Maple Cardamom' - TOURCRUISER PTE. LTD","isPartOf":{"@id":"https:\/\/tourcruiser.com\/fr\/#website"},"primaryImageOfPage":{"@id":"https:\/\/tourcruiser.com\/fr\/products\/hoka-challenger-8-wide-maple-cardamom\/#primaryimage"},"image":{"@id":"https:\/\/tourcruiser.com\/fr\/products\/hoka-challenger-8-wide-maple-cardamom\/#primaryimage"},"thumbnailUrl":"https:\/\/images.novelship.com\/product\/hoka_challenger_8_wide__maple_cardamom__1168718-mp_0_88893.png","datePublished":"2026-03-02T09:15:18+00:00","dateModified":"2026-03-14T12:32:51+00:00","breadcrumb":{"@id":"https:\/\/tourcruiser.com\/fr\/products\/hoka-challenger-8-wide-maple-cardamom\/#breadcrumb"},"inLanguage":"fr-FR","potentialAction":[{"@type":"ReadAction","target":["https:\/\/tourcruiser.com\/fr\/products\/hoka-challenger-8-wide-maple-cardamom\/"]}]},{"@type":"ImageObject","inLanguage":"fr-FR","@id":"https:\/\/tourcruiser.com\/fr\/products\/hoka-challenger-8-wide-maple-cardamom\/#primaryimage","url":"https:\/\/images.novelship.com\/product\/hoka_challenger_8_wide__maple_cardamom__1168718-mp_0_88893.png","contentUrl":"https:\/\/images.novelship.com\/product\/hoka_challenger_8_wide__maple_cardamom__1168718-mp_0_88893.png"},{"@type":"BreadcrumbList","@id":"https:\/\/tourcruiser.com\/fr\/products\/hoka-challenger-8-wide-maple-cardamom\/#breadcrumb","itemListElement":[{"@type":"ListItem","position":1,"name":"Home","item":"https:\/\/tourcruiser.com\/fr\/"},{"@type":"ListItem","position":2,"name":"Shop","item":"https:\/\/tourcruiser.com\/fr\/shop\/"},{"@type":"ListItem","position":3,"name":"HOKA Challenger 8 Wide 'Maple Cardamom'"}]},{"@type":"WebSite","@id":"https:\/\/tourcruiser.com\/fr\/#website","url":"https:\/\/tourcruiser.com\/fr\/","name":"Styloral Jewelry Shop","description":"Tourcruiser Sneaker Store \u2014 L\u2019endroit o\u00f9 l\u2019univers rencontre votre singularit\u00e9.","publisher":{"@id":"https:\/\/tourcruiser.com\/fr\/#organization"},"potentialAction":[{"@type":"SearchAction","target":{"@type":"EntryPoint","urlTemplate":"https:\/\/tourcruiser.com\/fr\/?s={search_term_string}"},"query-input":{"@type":"PropertyValueSpecification","valueRequired":true,"valueName":"search_term_string"}}],"inLanguage":"fr-FR"},{"@type":"Organization","@id":"https:\/\/tourcruiser.com\/fr\/#organization","name":"STYLORAL PTE. LTD","url":"https:\/\/tourcruiser.com\/fr\/","logo":{"@type":"ImageObject","inLanguage":"fr-FR","@id":"https:\/\/tourcruiser.com\/fr\/#\/schema\/logo\/image\/","url":"https:\/\/www.tourcruiser.com\/wp-content\/uploads\/2025\/12\/logo.png","contentUrl":"https:\/\/www.tourcruiser.com\/wp-content\/uploads\/2025\/12\/logo.png","width":200,"height":65,"caption":"STYLORAL PTE. LTD"},"image":{"@id":"https:\/\/tourcruiser.com\/fr\/#\/schema\/logo\/image\/"}}]}},"_links":{"self":[{"href":"https:\/\/tourcruiser.com\/fr\/wp-json\/wp\/v2\/product\/166481","targetHints":{"allow":["GET"]}}],"collection":[{"href":"https:\/\/tourcruiser.com\/fr\/wp-json\/wp\/v2\/product"}],"about":[{"href":"https:\/\/tourcruiser.com\/fr\/wp-json\/wp\/v2\/types\/product"}],"replies":[{"embeddable":true,"href":"https:\/\/tourcruiser.com\/fr\/wp-json\/wp\/v2\/comments?post=166481"}],"wp:featuredmedia":[{"embeddable":true,"href":"https:\/\/tourcruiser.com\/fr\/wp-json\/wp\/v2\/media\/166482"}],"wp:attachment":[{"href":"https:\/\/tourcruiser.com\/fr\/wp-json\/wp\/v2\/media?parent=166481"}],"wp:term":[{"taxonomy":"product_brand","embeddable":true,"href":"https:\/\/tourcruiser.com\/fr\/wp-json\/wp\/v2\/product_brand?post=166481"},{"taxonomy":"product_cat","embeddable":true,"href":"https:\/\/tourcruiser.com\/fr\/wp-json\/wp\/v2\/product_cat?post=166481"},{"taxonomy":"product_tag","embeddable":true,"href":"https:\/\/tourcruiser.com\/fr\/wp-json\/wp\/v2\/product_tag?post=166481"}],"curies":[{"name":"wp","href":"https:\/\/api.w.org\/{rel}","templated":true}]}}