{"id":16583,"date":"2026-02-20T15:06:33","date_gmt":"2026-02-20T08:06:33","guid":{"rendered":"http:\/\/tourcruiser.com\/product\/nike-wmns-air-max-muse-black-multi-color-metallic-silver-ib2221-002"},"modified":"2026-03-14T17:48:44","modified_gmt":"2026-03-14T10:48:44","slug":"nike-wmns-air-max-muse-black-multi-color-metallic-silver-ib2221-002","status":"publish","type":"product","link":"https:\/\/tourcruiser.com\/fr\/products\/nike-wmns-air-max-muse-black-multi-color-metallic-silver-ib2221-002\/","title":{"rendered":"Nike Wmns Air Max Muse &lsquo;Black\/Multi-Color\/Metallic Silver&rsquo;"},"content":{"rendered":"<p>Sublimez votre style au quotidien avec la Nike Air Max Muse \u00ab\u00a0Black\u00a0\u00bb IB2221-002, une sneaker \u00e9l\u00e9gante et polyvalente pour femme qui allie mode et confort. Gr\u00e2ce \u00e0 l&rsquo;amorti l\u00e9gendaire Air Max, elle offre un confort et un maintien optimaux \u00e0 chaque pas. Son coloris noir intemporel s&rsquo;accorde avec toutes vos tenues, ce qui en fait un indispensable pour la femme moderne. Con\u00e7ue \u00e0 partir de mat\u00e9riaux l\u00e9gers et dot\u00e9e d&rsquo;une semelle en caoutchouc r\u00e9sistante, cette chaussure offre un confort durable sans compromis sur le style. L&#8217;empeigne en mesh respirant assure une ventilation optimale, tandis que le col et la languette rembourr\u00e9s offrent un confort accru tout au long de la journ\u00e9e. Que ce soit pour le sport, le shopping ou un moment de d\u00e9tente, la Nike Air Max Muse allie performance et \u00e9l\u00e9gance. Son design minimaliste est \u00e0 la fois sobre et expressif, id\u00e9al pour celles qui aiment un look \u00e0 la fois sophistiqu\u00e9 et sportif. Avec cette silhouette iconique qui fusionne \u00e0 la perfection tradition et modernit\u00e9, vous rayonnerez de confiance et deviendrez une r\u00e9f\u00e9rence pour les fans de sneakers. D\u00e9couvrez l&rsquo;\u00e9quilibre parfait entre fonctionnalit\u00e9 et style avec la Nike Air Max Muse \u00ab\u00a0Black\u00a0\u00bb \u2013 la chaussure id\u00e9ale pour un confort polyvalent qui s&rsquo;accorde parfaitement \u00e0 votre style de vie actif. Chaque pas respire l&rsquo;\u00e9l\u00e9gance naturelle et offre des performances exceptionnelles. Coloris\u00a0: Noir\/Multicolore\/Argent m\u00e9tallis\u00e9. Code article\u00a0: IB2221-002. Mati\u00e8re ext\u00e9rieure\u00a0: Maille. Couleur\u00a0: Noir. Ann\u00e9e de sortie\u00a0: 2025.<\/p>\n","protected":false},"excerpt":{"rendered":"<p>Nike Air Max Muse \u2014 Black\/Multi-Color\/Metallic Silver<\/p>\n","protected":false},"featured_media":16584,"comment_status":"open","ping_status":"closed","template":"","meta":[],"product_brand":[],"product_cat":[6654],"product_tag":[],"class_list":{"0":"post-16583","1":"product","2":"type-product","3":"status-publish","4":"has-post-thumbnail","6":"product_cat-nike-2026","7":"wcpa_has_options","9":"first","10":"instock","11":"taxable","12":"shipping-taxable","13":"purchasable","14":"product-type-simple"},"wcpa_form_fields":{"rules":{"pric_overide_base_price":false,"pric_overide_base_price_if_gt_zero":false,"pric_overide_base_price_fully":false,"pric_cal_option_once":false,"pric_use_as_fee":false,"bind_quantity":false,"quantity_bind_formula":false},"fields":[{"type":"color-group","required":true,"elementId":"wcpa-color-group-66c4a75505e74","label":"Taille","inline":true,"priceOptions":"different_for_all","pricingType":"fixed","className":"hassizechart product-shoes-size-eu product-shoes-size","name":"color-group-66c4a75505e89","disp_type":"square","selection_type":"tick-border","disp_size":"44","show_label_inside":true,"adjust_width":true,"cart_display_type":"text","other_text":"Other","cl_rule":"show","col":6,"values":[{"label":"35.5","value":"EU 35.5","price":"","pimage":"","pimage_id":"","pthumb":"","color":""},{"label":"36","value":"EU 36","price":"","pimage":"","pimage_id":"","pthumb":"","color":"","selected":true},{"label":"36.5","value":"EU 36.5","price":"","pimage":"","pimage_id":"","pthumb":"","color":""},{"label":"37.5","value":"EU 37.5","price":"","pimage":"","pimage_id":"","pthumb":"","color":""},{"label":"38","value":"EU 38","price":"","pimage":"","pimage_id":"","pthumb":"","color":""},{"label":"38.5","value":"EU 38.5","price":"","pimage":"","pimage_id":"","pthumb":"","color":""},{"label":"39","value":"EU 39","price":"","pimage":"","pimage_id":"","pthumb":"","color":""},{"label":"40","value":"EU 40","price":"","pimage":"","pimage_id":"","pthumb":"","color":""},{"label":"40.5","value":"EU 40.5","price":"","pimage":"","pimage_id":"","pthumb":"","color":""},{"label":"41","value":"EU 41","price":"","pimage":"","pimage_id":"","pthumb":"","color":""},{"label":"42","value":"EU 42","price":"","pimage":"","pimage_id":"","pthumb":"","color":""},{"label":"42.5","value":"EU 42.5","price":"","pimage":"","pimage_id":"","pthumb":"","color":""},{"label":"43","value":"EU 43","price":"","pimage":"","pimage_id":"","pthumb":"","color":""},{"label":"44","value":"EU 44","price":"","pimage":"","pimage_id":"","pthumb":"","color":""},{"label":"44.5","value":"EU 44.5","price":"","pimage":"","pimage_id":"","pthumb":"","color":""},{"label":"45","value":"EU 45","price":"","pimage":"","pimage_id":"","pthumb":"","color":""},{"label":"45.5","value":"EU 45.5","price":"","pimage":"","pimage_id":"","pthumb":"","color":""},{"label":"46","value":"EU 46","price":"","pimage":"","pimage_id":"","pthumb":"","color":""},{"label":"47","value":"EU 47","price":"","pimage":"","pimage_id":"","pthumb":"","color":""},{"label":"47.5","value":"EU 47.5","price":"","pimage":"","pimage_id":"","pthumb":"","color":""},{"label":"48","value":"EU 48","price":"","pimage":"","pimage_id":"","pthumb":"","color":""}],"relations":[{"operator":false,"rules":[]}],"form_id":18106,"form_rules":{"pric_cal_option_once":false,"exclude_from_discount":false,"pric_use_as_fee":false,"fee_label":"Fee","render_after_acb":false,"disp_hide_options_price":false}}]},"yoast_head":"<!-- This site is optimized with the Yoast SEO plugin v26.5 - https:\/\/yoast.com\/wordpress\/plugins\/seo\/ -->\n<title>Nike Wmns Air Max Muse &#039;Black\/Multi-Color\/Metallic Silver&#039; - TOURCRUISER PTE. LTD<\/title>\n<meta name=\"robots\" content=\"index, follow, max-snippet:-1, max-image-preview:large, max-video-preview:-1\" \/>\n<link rel=\"canonical\" href=\"https:\/\/tourcruiser.com\/fr\/products\/nike-wmns-air-max-muse-black-multi-color-metallic-silver-ib2221-002\/\" \/>\n<meta property=\"og:locale\" content=\"fr_FR\" \/>\n<meta property=\"og:type\" content=\"article\" \/>\n<meta property=\"og:title\" content=\"Nike Wmns Air Max Muse &#039;Black\/Multi-Color\/Metallic Silver&#039; - TOURCRUISER PTE. LTD\" \/>\n<meta property=\"og:description\" content=\"Nike Air Max Muse \u2014 Black\/Multi-Color\/Metallic Silver\" \/>\n<meta property=\"og:url\" content=\"https:\/\/tourcruiser.com\/fr\/products\/nike-wmns-air-max-muse-black-multi-color-metallic-silver-ib2221-002\/\" \/>\n<meta property=\"og:site_name\" content=\"Tourcruiser Sneaker Store\" \/>\n<meta property=\"article:modified_time\" content=\"2026-03-14T10:48:44+00:00\" \/>\n<meta name=\"twitter:card\" content=\"summary_large_image\" \/>\n<meta name=\"twitter:image\" content=\"https:\/\/images.novelship.com\/product\/_women__nike_air_max_muse_black_reflective_ib2221-_0_97632.jpeg\" \/>\n<meta name=\"twitter:label1\" content=\"Dur\u00e9e de lecture estim\u00e9e\" \/>\n\t<meta name=\"twitter:data1\" content=\"1 minute\" \/>\n<script type=\"application\/ld+json\" class=\"yoast-schema-graph\">{\"@context\":\"https:\/\/schema.org\",\"@graph\":[{\"@type\":\"WebPage\",\"@id\":\"https:\/\/tourcruiser.com\/fr\/products\/nike-wmns-air-max-muse-black-multi-color-metallic-silver-ib2221-002\/\",\"url\":\"https:\/\/tourcruiser.com\/fr\/products\/nike-wmns-air-max-muse-black-multi-color-metallic-silver-ib2221-002\/\",\"name\":\"Nike Wmns Air Max Muse 'Black\/Multi-Color\/Metallic Silver' - TOURCRUISER PTE. LTD\",\"isPartOf\":{\"@id\":\"https:\/\/tourcruiser.com\/fr\/#website\"},\"primaryImageOfPage\":{\"@id\":\"https:\/\/tourcruiser.com\/fr\/products\/nike-wmns-air-max-muse-black-multi-color-metallic-silver-ib2221-002\/#primaryimage\"},\"image\":{\"@id\":\"https:\/\/tourcruiser.com\/fr\/products\/nike-wmns-air-max-muse-black-multi-color-metallic-silver-ib2221-002\/#primaryimage\"},\"thumbnailUrl\":\"https:\/\/images.novelship.com\/product\/_women__nike_air_max_muse_black_reflective_ib2221-_0_97632.jpeg\",\"datePublished\":\"2026-02-20T08:06:33+00:00\",\"dateModified\":\"2026-03-14T10:48:44+00:00\",\"breadcrumb\":{\"@id\":\"https:\/\/tourcruiser.com\/fr\/products\/nike-wmns-air-max-muse-black-multi-color-metallic-silver-ib2221-002\/#breadcrumb\"},\"inLanguage\":\"fr-FR\",\"potentialAction\":[{\"@type\":\"ReadAction\",\"target\":[\"https:\/\/tourcruiser.com\/fr\/products\/nike-wmns-air-max-muse-black-multi-color-metallic-silver-ib2221-002\/\"]}]},{\"@type\":\"ImageObject\",\"inLanguage\":\"fr-FR\",\"@id\":\"https:\/\/tourcruiser.com\/fr\/products\/nike-wmns-air-max-muse-black-multi-color-metallic-silver-ib2221-002\/#primaryimage\",\"url\":\"https:\/\/images.novelship.com\/product\/_women__nike_air_max_muse_black_reflective_ib2221-_0_97632.jpeg\",\"contentUrl\":\"https:\/\/images.novelship.com\/product\/_women__nike_air_max_muse_black_reflective_ib2221-_0_97632.jpeg\"},{\"@type\":\"BreadcrumbList\",\"@id\":\"https:\/\/tourcruiser.com\/fr\/products\/nike-wmns-air-max-muse-black-multi-color-metallic-silver-ib2221-002\/#breadcrumb\",\"itemListElement\":[{\"@type\":\"ListItem\",\"position\":1,\"name\":\"Home\",\"item\":\"https:\/\/tourcruiser.com\/fr\/\"},{\"@type\":\"ListItem\",\"position\":2,\"name\":\"Shop\",\"item\":\"https:\/\/tourcruiser.com\/fr\/shop\/\"},{\"@type\":\"ListItem\",\"position\":3,\"name\":\"Nike Wmns Air Max Muse 'Black\/Multi-Color\/Metallic Silver'\"}]},{\"@type\":\"WebSite\",\"@id\":\"https:\/\/tourcruiser.com\/fr\/#website\",\"url\":\"https:\/\/tourcruiser.com\/fr\/\",\"name\":\"Styloral Jewelry Shop\",\"description\":\"Tourcruiser Sneaker Store \u2014 L\u2019endroit o\u00f9 l\u2019univers rencontre votre singularit\u00e9.\",\"publisher\":{\"@id\":\"https:\/\/tourcruiser.com\/fr\/#organization\"},\"potentialAction\":[{\"@type\":\"SearchAction\",\"target\":{\"@type\":\"EntryPoint\",\"urlTemplate\":\"https:\/\/tourcruiser.com\/fr\/?s={search_term_string}\"},\"query-input\":{\"@type\":\"PropertyValueSpecification\",\"valueRequired\":true,\"valueName\":\"search_term_string\"}}],\"inLanguage\":\"fr-FR\"},{\"@type\":\"Organization\",\"@id\":\"https:\/\/tourcruiser.com\/fr\/#organization\",\"name\":\"STYLORAL PTE. LTD\",\"url\":\"https:\/\/tourcruiser.com\/fr\/\",\"logo\":{\"@type\":\"ImageObject\",\"inLanguage\":\"fr-FR\",\"@id\":\"https:\/\/tourcruiser.com\/fr\/#\/schema\/logo\/image\/\",\"url\":\"https:\/\/www.tourcruiser.com\/wp-content\/uploads\/2025\/12\/logo.png\",\"contentUrl\":\"https:\/\/www.tourcruiser.com\/wp-content\/uploads\/2025\/12\/logo.png\",\"width\":200,\"height\":65,\"caption\":\"STYLORAL PTE. LTD\"},\"image\":{\"@id\":\"https:\/\/tourcruiser.com\/fr\/#\/schema\/logo\/image\/\"}}]}<\/script>\n<!-- \/ Yoast SEO plugin. -->","yoast_head_json":{"title":"Nike Wmns Air Max Muse 'Black\/Multi-Color\/Metallic Silver' - TOURCRUISER PTE. LTD","robots":{"index":"index","follow":"follow","max-snippet":"max-snippet:-1","max-image-preview":"max-image-preview:large","max-video-preview":"max-video-preview:-1"},"canonical":"https:\/\/tourcruiser.com\/fr\/products\/nike-wmns-air-max-muse-black-multi-color-metallic-silver-ib2221-002\/","og_locale":"fr_FR","og_type":"article","og_title":"Nike Wmns Air Max Muse 'Black\/Multi-Color\/Metallic Silver' - TOURCRUISER PTE. LTD","og_description":"Nike Air Max Muse \u2014 Black\/Multi-Color\/Metallic Silver","og_url":"https:\/\/tourcruiser.com\/fr\/products\/nike-wmns-air-max-muse-black-multi-color-metallic-silver-ib2221-002\/","og_site_name":"Tourcruiser Sneaker Store","article_modified_time":"2026-03-14T10:48:44+00:00","twitter_card":"summary_large_image","twitter_image":"https:\/\/images.novelship.com\/product\/_women__nike_air_max_muse_black_reflective_ib2221-_0_97632.jpeg","twitter_misc":{"Dur\u00e9e de lecture estim\u00e9e":"1 minute"},"schema":{"@context":"https:\/\/schema.org","@graph":[{"@type":"WebPage","@id":"https:\/\/tourcruiser.com\/fr\/products\/nike-wmns-air-max-muse-black-multi-color-metallic-silver-ib2221-002\/","url":"https:\/\/tourcruiser.com\/fr\/products\/nike-wmns-air-max-muse-black-multi-color-metallic-silver-ib2221-002\/","name":"Nike Wmns Air Max Muse 'Black\/Multi-Color\/Metallic Silver' - TOURCRUISER PTE. LTD","isPartOf":{"@id":"https:\/\/tourcruiser.com\/fr\/#website"},"primaryImageOfPage":{"@id":"https:\/\/tourcruiser.com\/fr\/products\/nike-wmns-air-max-muse-black-multi-color-metallic-silver-ib2221-002\/#primaryimage"},"image":{"@id":"https:\/\/tourcruiser.com\/fr\/products\/nike-wmns-air-max-muse-black-multi-color-metallic-silver-ib2221-002\/#primaryimage"},"thumbnailUrl":"https:\/\/images.novelship.com\/product\/_women__nike_air_max_muse_black_reflective_ib2221-_0_97632.jpeg","datePublished":"2026-02-20T08:06:33+00:00","dateModified":"2026-03-14T10:48:44+00:00","breadcrumb":{"@id":"https:\/\/tourcruiser.com\/fr\/products\/nike-wmns-air-max-muse-black-multi-color-metallic-silver-ib2221-002\/#breadcrumb"},"inLanguage":"fr-FR","potentialAction":[{"@type":"ReadAction","target":["https:\/\/tourcruiser.com\/fr\/products\/nike-wmns-air-max-muse-black-multi-color-metallic-silver-ib2221-002\/"]}]},{"@type":"ImageObject","inLanguage":"fr-FR","@id":"https:\/\/tourcruiser.com\/fr\/products\/nike-wmns-air-max-muse-black-multi-color-metallic-silver-ib2221-002\/#primaryimage","url":"https:\/\/images.novelship.com\/product\/_women__nike_air_max_muse_black_reflective_ib2221-_0_97632.jpeg","contentUrl":"https:\/\/images.novelship.com\/product\/_women__nike_air_max_muse_black_reflective_ib2221-_0_97632.jpeg"},{"@type":"BreadcrumbList","@id":"https:\/\/tourcruiser.com\/fr\/products\/nike-wmns-air-max-muse-black-multi-color-metallic-silver-ib2221-002\/#breadcrumb","itemListElement":[{"@type":"ListItem","position":1,"name":"Home","item":"https:\/\/tourcruiser.com\/fr\/"},{"@type":"ListItem","position":2,"name":"Shop","item":"https:\/\/tourcruiser.com\/fr\/shop\/"},{"@type":"ListItem","position":3,"name":"Nike Wmns Air Max Muse 'Black\/Multi-Color\/Metallic Silver'"}]},{"@type":"WebSite","@id":"https:\/\/tourcruiser.com\/fr\/#website","url":"https:\/\/tourcruiser.com\/fr\/","name":"Styloral Jewelry Shop","description":"Tourcruiser Sneaker Store \u2014 L\u2019endroit o\u00f9 l\u2019univers rencontre votre singularit\u00e9.","publisher":{"@id":"https:\/\/tourcruiser.com\/fr\/#organization"},"potentialAction":[{"@type":"SearchAction","target":{"@type":"EntryPoint","urlTemplate":"https:\/\/tourcruiser.com\/fr\/?s={search_term_string}"},"query-input":{"@type":"PropertyValueSpecification","valueRequired":true,"valueName":"search_term_string"}}],"inLanguage":"fr-FR"},{"@type":"Organization","@id":"https:\/\/tourcruiser.com\/fr\/#organization","name":"STYLORAL PTE. LTD","url":"https:\/\/tourcruiser.com\/fr\/","logo":{"@type":"ImageObject","inLanguage":"fr-FR","@id":"https:\/\/tourcruiser.com\/fr\/#\/schema\/logo\/image\/","url":"https:\/\/www.tourcruiser.com\/wp-content\/uploads\/2025\/12\/logo.png","contentUrl":"https:\/\/www.tourcruiser.com\/wp-content\/uploads\/2025\/12\/logo.png","width":200,"height":65,"caption":"STYLORAL PTE. LTD"},"image":{"@id":"https:\/\/tourcruiser.com\/fr\/#\/schema\/logo\/image\/"}}]}},"_links":{"self":[{"href":"https:\/\/tourcruiser.com\/fr\/wp-json\/wp\/v2\/product\/16583","targetHints":{"allow":["GET"]}}],"collection":[{"href":"https:\/\/tourcruiser.com\/fr\/wp-json\/wp\/v2\/product"}],"about":[{"href":"https:\/\/tourcruiser.com\/fr\/wp-json\/wp\/v2\/types\/product"}],"replies":[{"embeddable":true,"href":"https:\/\/tourcruiser.com\/fr\/wp-json\/wp\/v2\/comments?post=16583"}],"wp:featuredmedia":[{"embeddable":true,"href":"https:\/\/tourcruiser.com\/fr\/wp-json\/wp\/v2\/media\/16584"}],"wp:attachment":[{"href":"https:\/\/tourcruiser.com\/fr\/wp-json\/wp\/v2\/media?parent=16583"}],"wp:term":[{"taxonomy":"product_brand","embeddable":true,"href":"https:\/\/tourcruiser.com\/fr\/wp-json\/wp\/v2\/product_brand?post=16583"},{"taxonomy":"product_cat","embeddable":true,"href":"https:\/\/tourcruiser.com\/fr\/wp-json\/wp\/v2\/product_cat?post=16583"},{"taxonomy":"product_tag","embeddable":true,"href":"https:\/\/tourcruiser.com\/fr\/wp-json\/wp\/v2\/product_tag?post=16583"}],"curies":[{"name":"wp","href":"https:\/\/api.w.org\/{rel}","templated":true}]}}