{"id":16552,"date":"2026-02-20T15:06:23","date_gmt":"2026-02-20T08:06:23","guid":{"rendered":"http:\/\/tourcruiser.com\/product\/nike-wmns-air-max-muse-se-burgundy-crush-black-anthracite-metallic-dark-grey-ib6689-600"},"modified":"2026-03-14T17:48:42","modified_gmt":"2026-03-14T10:48:42","slug":"nike-wmns-air-max-muse-se-burgundy-crush-black-anthracite-metallic-dark-grey-ib6689-600","status":"publish","type":"product","link":"https:\/\/tourcruiser.com\/fr\/products\/nike-wmns-air-max-muse-se-burgundy-crush-black-anthracite-metallic-dark-grey-ib6689-600\/","title":{"rendered":"Nike Wmns Air Max Muse SE &lsquo;Burgundy Crush\/Black\/Anthracite\/Metallic Dark Grey&rsquo;"},"content":{"rendered":"<p>Affirmez votre style avec la Nike Air Max Muse SE pour femme, dans un coloris Burgundy Crush captivant. Des d\u00e9tails noirs, anthracite et gris fonc\u00e9 m\u00e9tallis\u00e9 conf\u00e8rent \u00e0 cette sneaker \u00e9l\u00e9gance et performance. L&rsquo;amorti l\u00e9gendaire Air Max offre un confort et un maintien in\u00e9gal\u00e9s. Son design allie harmonieusement esth\u00e9tique tendance et praticit\u00e9 au quotidien. La Nike Air Max Muse SE est le choix id\u00e9al pour les femmes qui refusent tout compromis entre style et confort, que ce soit pour le sport ou les loisirs. Coloris\u00a0: Burgundy Crush\/Noir\/Charbon\/Gris fonc\u00e9 m\u00e9tallis\u00e9. Code article\u00a0: IB6689-600. Mati\u00e8re ext\u00e9rieure\u00a0: Synth\u00e9tique. Semelle interm\u00e9diaire\u00a0: Air. Couleur\u00a0: Burgundy.<\/p>\n","protected":false},"excerpt":{"rendered":"<p>Nike Air Max Muse SE \u2014 Burgundy Crush\/Black\/Anthracite\/Metallic Dark Gray<\/p>\n","protected":false},"featured_media":16553,"comment_status":"open","ping_status":"closed","template":"","meta":[],"product_brand":[],"product_cat":[6654],"product_tag":[],"class_list":{"0":"post-16552","1":"product","2":"type-product","3":"status-publish","4":"has-post-thumbnail","6":"product_cat-nike-2026","7":"wcpa_has_options","9":"first","10":"instock","11":"taxable","12":"shipping-taxable","13":"purchasable","14":"product-type-simple"},"wcpa_form_fields":{"rules":{"pric_overide_base_price":false,"pric_overide_base_price_if_gt_zero":false,"pric_overide_base_price_fully":false,"pric_cal_option_once":false,"pric_use_as_fee":false,"bind_quantity":false,"quantity_bind_formula":false},"fields":[{"type":"color-group","required":true,"elementId":"wcpa-color-group-66c4a75505e74","label":"Taille","inline":true,"priceOptions":"different_for_all","pricingType":"fixed","className":"hassizechart product-shoes-size-eu product-shoes-size","name":"color-group-66c4a75505e89","disp_type":"square","selection_type":"tick-border","disp_size":"44","show_label_inside":true,"adjust_width":true,"cart_display_type":"text","other_text":"Other","cl_rule":"show","col":6,"values":[{"label":"35.5","value":"EU 35.5","price":"","pimage":"","pimage_id":"","pthumb":"","color":""},{"label":"36","value":"EU 36","price":"","pimage":"","pimage_id":"","pthumb":"","color":"","selected":true},{"label":"36.5","value":"EU 36.5","price":"","pimage":"","pimage_id":"","pthumb":"","color":""},{"label":"37.5","value":"EU 37.5","price":"","pimage":"","pimage_id":"","pthumb":"","color":""},{"label":"38","value":"EU 38","price":"","pimage":"","pimage_id":"","pthumb":"","color":""},{"label":"38.5","value":"EU 38.5","price":"","pimage":"","pimage_id":"","pthumb":"","color":""},{"label":"39","value":"EU 39","price":"","pimage":"","pimage_id":"","pthumb":"","color":""},{"label":"40","value":"EU 40","price":"","pimage":"","pimage_id":"","pthumb":"","color":""},{"label":"40.5","value":"EU 40.5","price":"","pimage":"","pimage_id":"","pthumb":"","color":""},{"label":"41","value":"EU 41","price":"","pimage":"","pimage_id":"","pthumb":"","color":""},{"label":"42","value":"EU 42","price":"","pimage":"","pimage_id":"","pthumb":"","color":""},{"label":"42.5","value":"EU 42.5","price":"","pimage":"","pimage_id":"","pthumb":"","color":""},{"label":"43","value":"EU 43","price":"","pimage":"","pimage_id":"","pthumb":"","color":""},{"label":"44","value":"EU 44","price":"","pimage":"","pimage_id":"","pthumb":"","color":""},{"label":"44.5","value":"EU 44.5","price":"","pimage":"","pimage_id":"","pthumb":"","color":""},{"label":"45","value":"EU 45","price":"","pimage":"","pimage_id":"","pthumb":"","color":""},{"label":"45.5","value":"EU 45.5","price":"","pimage":"","pimage_id":"","pthumb":"","color":""},{"label":"46","value":"EU 46","price":"","pimage":"","pimage_id":"","pthumb":"","color":""},{"label":"47","value":"EU 47","price":"","pimage":"","pimage_id":"","pthumb":"","color":""},{"label":"47.5","value":"EU 47.5","price":"","pimage":"","pimage_id":"","pthumb":"","color":""},{"label":"48","value":"EU 48","price":"","pimage":"","pimage_id":"","pthumb":"","color":""}],"relations":[{"operator":false,"rules":[]}],"form_id":18106,"form_rules":{"pric_cal_option_once":false,"exclude_from_discount":false,"pric_use_as_fee":false,"fee_label":"Fee","render_after_acb":false,"disp_hide_options_price":false}}]},"yoast_head":"<!-- This site is optimized with the Yoast SEO plugin v26.5 - https:\/\/yoast.com\/wordpress\/plugins\/seo\/ -->\n<title>Nike Wmns Air Max Muse SE &#039;Burgundy Crush\/Black\/Anthracite\/Metallic Dark Grey&#039; - TOURCRUISER PTE. LTD<\/title>\n<meta name=\"robots\" content=\"index, follow, max-snippet:-1, max-image-preview:large, max-video-preview:-1\" \/>\n<link rel=\"canonical\" href=\"https:\/\/tourcruiser.com\/fr\/products\/nike-wmns-air-max-muse-se-burgundy-crush-black-anthracite-metallic-dark-grey-ib6689-600\/\" \/>\n<meta property=\"og:locale\" content=\"fr_FR\" \/>\n<meta property=\"og:type\" content=\"article\" \/>\n<meta property=\"og:title\" content=\"Nike Wmns Air Max Muse SE &#039;Burgundy Crush\/Black\/Anthracite\/Metallic Dark Grey&#039; - TOURCRUISER PTE. LTD\" \/>\n<meta property=\"og:description\" content=\"Nike Air Max Muse SE \u2014 Burgundy Crush\/Black\/Anthracite\/Metallic Dark Gray\" \/>\n<meta property=\"og:url\" content=\"https:\/\/tourcruiser.com\/fr\/products\/nike-wmns-air-max-muse-se-burgundy-crush-black-anthracite-metallic-dark-grey-ib6689-600\/\" \/>\n<meta property=\"og:site_name\" content=\"Tourcruiser Sneaker Store\" \/>\n<meta property=\"article:modified_time\" content=\"2026-03-14T10:48:42+00:00\" \/>\n<meta name=\"twitter:card\" content=\"summary_large_image\" \/>\n<meta name=\"twitter:image\" content=\"https:\/\/images.novelship.com\/product\/_women__nike_air_max_muse_se_burgundy_crush_black__0_46393.png\" \/>\n<meta name=\"twitter:label1\" content=\"Dur\u00e9e de lecture estim\u00e9e\" \/>\n\t<meta name=\"twitter:data1\" content=\"1 minute\" \/>\n<script type=\"application\/ld+json\" class=\"yoast-schema-graph\">{\"@context\":\"https:\/\/schema.org\",\"@graph\":[{\"@type\":\"WebPage\",\"@id\":\"https:\/\/tourcruiser.com\/fr\/products\/nike-wmns-air-max-muse-se-burgundy-crush-black-anthracite-metallic-dark-grey-ib6689-600\/\",\"url\":\"https:\/\/tourcruiser.com\/fr\/products\/nike-wmns-air-max-muse-se-burgundy-crush-black-anthracite-metallic-dark-grey-ib6689-600\/\",\"name\":\"Nike Wmns Air Max Muse SE 'Burgundy Crush\/Black\/Anthracite\/Metallic Dark Grey' - TOURCRUISER PTE. LTD\",\"isPartOf\":{\"@id\":\"https:\/\/tourcruiser.com\/fr\/#website\"},\"primaryImageOfPage\":{\"@id\":\"https:\/\/tourcruiser.com\/fr\/products\/nike-wmns-air-max-muse-se-burgundy-crush-black-anthracite-metallic-dark-grey-ib6689-600\/#primaryimage\"},\"image\":{\"@id\":\"https:\/\/tourcruiser.com\/fr\/products\/nike-wmns-air-max-muse-se-burgundy-crush-black-anthracite-metallic-dark-grey-ib6689-600\/#primaryimage\"},\"thumbnailUrl\":\"https:\/\/images.novelship.com\/product\/_women__nike_air_max_muse_se_burgundy_crush_black__0_46393.png\",\"datePublished\":\"2026-02-20T08:06:23+00:00\",\"dateModified\":\"2026-03-14T10:48:42+00:00\",\"breadcrumb\":{\"@id\":\"https:\/\/tourcruiser.com\/fr\/products\/nike-wmns-air-max-muse-se-burgundy-crush-black-anthracite-metallic-dark-grey-ib6689-600\/#breadcrumb\"},\"inLanguage\":\"fr-FR\",\"potentialAction\":[{\"@type\":\"ReadAction\",\"target\":[\"https:\/\/tourcruiser.com\/fr\/products\/nike-wmns-air-max-muse-se-burgundy-crush-black-anthracite-metallic-dark-grey-ib6689-600\/\"]}]},{\"@type\":\"ImageObject\",\"inLanguage\":\"fr-FR\",\"@id\":\"https:\/\/tourcruiser.com\/fr\/products\/nike-wmns-air-max-muse-se-burgundy-crush-black-anthracite-metallic-dark-grey-ib6689-600\/#primaryimage\",\"url\":\"https:\/\/images.novelship.com\/product\/_women__nike_air_max_muse_se_burgundy_crush_black__0_46393.png\",\"contentUrl\":\"https:\/\/images.novelship.com\/product\/_women__nike_air_max_muse_se_burgundy_crush_black__0_46393.png\"},{\"@type\":\"BreadcrumbList\",\"@id\":\"https:\/\/tourcruiser.com\/fr\/products\/nike-wmns-air-max-muse-se-burgundy-crush-black-anthracite-metallic-dark-grey-ib6689-600\/#breadcrumb\",\"itemListElement\":[{\"@type\":\"ListItem\",\"position\":1,\"name\":\"Home\",\"item\":\"https:\/\/tourcruiser.com\/fr\/\"},{\"@type\":\"ListItem\",\"position\":2,\"name\":\"Shop\",\"item\":\"https:\/\/tourcruiser.com\/fr\/shop\/\"},{\"@type\":\"ListItem\",\"position\":3,\"name\":\"Nike Wmns Air Max Muse SE 'Burgundy Crush\/Black\/Anthracite\/Metallic Dark Grey'\"}]},{\"@type\":\"WebSite\",\"@id\":\"https:\/\/tourcruiser.com\/fr\/#website\",\"url\":\"https:\/\/tourcruiser.com\/fr\/\",\"name\":\"Styloral Jewelry Shop\",\"description\":\"Tourcruiser Sneaker Store \u2014 L\u2019endroit o\u00f9 l\u2019univers rencontre votre singularit\u00e9.\",\"publisher\":{\"@id\":\"https:\/\/tourcruiser.com\/fr\/#organization\"},\"potentialAction\":[{\"@type\":\"SearchAction\",\"target\":{\"@type\":\"EntryPoint\",\"urlTemplate\":\"https:\/\/tourcruiser.com\/fr\/?s={search_term_string}\"},\"query-input\":{\"@type\":\"PropertyValueSpecification\",\"valueRequired\":true,\"valueName\":\"search_term_string\"}}],\"inLanguage\":\"fr-FR\"},{\"@type\":\"Organization\",\"@id\":\"https:\/\/tourcruiser.com\/fr\/#organization\",\"name\":\"STYLORAL PTE. LTD\",\"url\":\"https:\/\/tourcruiser.com\/fr\/\",\"logo\":{\"@type\":\"ImageObject\",\"inLanguage\":\"fr-FR\",\"@id\":\"https:\/\/tourcruiser.com\/fr\/#\/schema\/logo\/image\/\",\"url\":\"https:\/\/www.tourcruiser.com\/wp-content\/uploads\/2025\/12\/logo.png\",\"contentUrl\":\"https:\/\/www.tourcruiser.com\/wp-content\/uploads\/2025\/12\/logo.png\",\"width\":200,\"height\":65,\"caption\":\"STYLORAL PTE. LTD\"},\"image\":{\"@id\":\"https:\/\/tourcruiser.com\/fr\/#\/schema\/logo\/image\/\"}}]}<\/script>\n<!-- \/ Yoast SEO plugin. -->","yoast_head_json":{"title":"Nike Wmns Air Max Muse SE 'Burgundy Crush\/Black\/Anthracite\/Metallic Dark Grey' - TOURCRUISER PTE. LTD","robots":{"index":"index","follow":"follow","max-snippet":"max-snippet:-1","max-image-preview":"max-image-preview:large","max-video-preview":"max-video-preview:-1"},"canonical":"https:\/\/tourcruiser.com\/fr\/products\/nike-wmns-air-max-muse-se-burgundy-crush-black-anthracite-metallic-dark-grey-ib6689-600\/","og_locale":"fr_FR","og_type":"article","og_title":"Nike Wmns Air Max Muse SE 'Burgundy Crush\/Black\/Anthracite\/Metallic Dark Grey' - TOURCRUISER PTE. LTD","og_description":"Nike Air Max Muse SE \u2014 Burgundy Crush\/Black\/Anthracite\/Metallic Dark Gray","og_url":"https:\/\/tourcruiser.com\/fr\/products\/nike-wmns-air-max-muse-se-burgundy-crush-black-anthracite-metallic-dark-grey-ib6689-600\/","og_site_name":"Tourcruiser Sneaker Store","article_modified_time":"2026-03-14T10:48:42+00:00","twitter_card":"summary_large_image","twitter_image":"https:\/\/images.novelship.com\/product\/_women__nike_air_max_muse_se_burgundy_crush_black__0_46393.png","twitter_misc":{"Dur\u00e9e de lecture estim\u00e9e":"1 minute"},"schema":{"@context":"https:\/\/schema.org","@graph":[{"@type":"WebPage","@id":"https:\/\/tourcruiser.com\/fr\/products\/nike-wmns-air-max-muse-se-burgundy-crush-black-anthracite-metallic-dark-grey-ib6689-600\/","url":"https:\/\/tourcruiser.com\/fr\/products\/nike-wmns-air-max-muse-se-burgundy-crush-black-anthracite-metallic-dark-grey-ib6689-600\/","name":"Nike Wmns Air Max Muse SE 'Burgundy Crush\/Black\/Anthracite\/Metallic Dark Grey' - TOURCRUISER PTE. LTD","isPartOf":{"@id":"https:\/\/tourcruiser.com\/fr\/#website"},"primaryImageOfPage":{"@id":"https:\/\/tourcruiser.com\/fr\/products\/nike-wmns-air-max-muse-se-burgundy-crush-black-anthracite-metallic-dark-grey-ib6689-600\/#primaryimage"},"image":{"@id":"https:\/\/tourcruiser.com\/fr\/products\/nike-wmns-air-max-muse-se-burgundy-crush-black-anthracite-metallic-dark-grey-ib6689-600\/#primaryimage"},"thumbnailUrl":"https:\/\/images.novelship.com\/product\/_women__nike_air_max_muse_se_burgundy_crush_black__0_46393.png","datePublished":"2026-02-20T08:06:23+00:00","dateModified":"2026-03-14T10:48:42+00:00","breadcrumb":{"@id":"https:\/\/tourcruiser.com\/fr\/products\/nike-wmns-air-max-muse-se-burgundy-crush-black-anthracite-metallic-dark-grey-ib6689-600\/#breadcrumb"},"inLanguage":"fr-FR","potentialAction":[{"@type":"ReadAction","target":["https:\/\/tourcruiser.com\/fr\/products\/nike-wmns-air-max-muse-se-burgundy-crush-black-anthracite-metallic-dark-grey-ib6689-600\/"]}]},{"@type":"ImageObject","inLanguage":"fr-FR","@id":"https:\/\/tourcruiser.com\/fr\/products\/nike-wmns-air-max-muse-se-burgundy-crush-black-anthracite-metallic-dark-grey-ib6689-600\/#primaryimage","url":"https:\/\/images.novelship.com\/product\/_women__nike_air_max_muse_se_burgundy_crush_black__0_46393.png","contentUrl":"https:\/\/images.novelship.com\/product\/_women__nike_air_max_muse_se_burgundy_crush_black__0_46393.png"},{"@type":"BreadcrumbList","@id":"https:\/\/tourcruiser.com\/fr\/products\/nike-wmns-air-max-muse-se-burgundy-crush-black-anthracite-metallic-dark-grey-ib6689-600\/#breadcrumb","itemListElement":[{"@type":"ListItem","position":1,"name":"Home","item":"https:\/\/tourcruiser.com\/fr\/"},{"@type":"ListItem","position":2,"name":"Shop","item":"https:\/\/tourcruiser.com\/fr\/shop\/"},{"@type":"ListItem","position":3,"name":"Nike Wmns Air Max Muse SE 'Burgundy Crush\/Black\/Anthracite\/Metallic Dark Grey'"}]},{"@type":"WebSite","@id":"https:\/\/tourcruiser.com\/fr\/#website","url":"https:\/\/tourcruiser.com\/fr\/","name":"Styloral Jewelry Shop","description":"Tourcruiser Sneaker Store \u2014 L\u2019endroit o\u00f9 l\u2019univers rencontre votre singularit\u00e9.","publisher":{"@id":"https:\/\/tourcruiser.com\/fr\/#organization"},"potentialAction":[{"@type":"SearchAction","target":{"@type":"EntryPoint","urlTemplate":"https:\/\/tourcruiser.com\/fr\/?s={search_term_string}"},"query-input":{"@type":"PropertyValueSpecification","valueRequired":true,"valueName":"search_term_string"}}],"inLanguage":"fr-FR"},{"@type":"Organization","@id":"https:\/\/tourcruiser.com\/fr\/#organization","name":"STYLORAL PTE. LTD","url":"https:\/\/tourcruiser.com\/fr\/","logo":{"@type":"ImageObject","inLanguage":"fr-FR","@id":"https:\/\/tourcruiser.com\/fr\/#\/schema\/logo\/image\/","url":"https:\/\/www.tourcruiser.com\/wp-content\/uploads\/2025\/12\/logo.png","contentUrl":"https:\/\/www.tourcruiser.com\/wp-content\/uploads\/2025\/12\/logo.png","width":200,"height":65,"caption":"STYLORAL PTE. LTD"},"image":{"@id":"https:\/\/tourcruiser.com\/fr\/#\/schema\/logo\/image\/"}}]}},"_links":{"self":[{"href":"https:\/\/tourcruiser.com\/fr\/wp-json\/wp\/v2\/product\/16552","targetHints":{"allow":["GET"]}}],"collection":[{"href":"https:\/\/tourcruiser.com\/fr\/wp-json\/wp\/v2\/product"}],"about":[{"href":"https:\/\/tourcruiser.com\/fr\/wp-json\/wp\/v2\/types\/product"}],"replies":[{"embeddable":true,"href":"https:\/\/tourcruiser.com\/fr\/wp-json\/wp\/v2\/comments?post=16552"}],"wp:featuredmedia":[{"embeddable":true,"href":"https:\/\/tourcruiser.com\/fr\/wp-json\/wp\/v2\/media\/16553"}],"wp:attachment":[{"href":"https:\/\/tourcruiser.com\/fr\/wp-json\/wp\/v2\/media?parent=16552"}],"wp:term":[{"taxonomy":"product_brand","embeddable":true,"href":"https:\/\/tourcruiser.com\/fr\/wp-json\/wp\/v2\/product_brand?post=16552"},{"taxonomy":"product_cat","embeddable":true,"href":"https:\/\/tourcruiser.com\/fr\/wp-json\/wp\/v2\/product_cat?post=16552"},{"taxonomy":"product_tag","embeddable":true,"href":"https:\/\/tourcruiser.com\/fr\/wp-json\/wp\/v2\/product_tag?post=16552"}],"curies":[{"name":"wp","href":"https:\/\/api.w.org\/{rel}","templated":true}]}}