{"id":16538,"date":"2026-02-20T15:06:20","date_gmt":"2026-02-20T08:06:20","guid":{"rendered":"http:\/\/tourcruiser.com\/product\/nike-kobe-bryant-x-air-force-1-low-triple-black-ib0018-003"},"modified":"2026-03-14T17:48:41","modified_gmt":"2026-03-14T10:48:41","slug":"nike-kobe-bryant-x-air-force-1-low-triple-black-ib0018-003","status":"publish","type":"product","link":"https:\/\/tourcruiser.com\/fr\/products\/nike-kobe-bryant-x-air-force-1-low-triple-black-ib0018-003\/","title":{"rendered":"Nike Kobe Bryant x Air Force 1 Low &lsquo;Triple Black&rsquo;"},"content":{"rendered":"<p>C\u00e9l\u00e9brez l&rsquo;h\u00e9ritage de Kobe Bryant avec la Nike Air Force 1 Low \u00ab Triple Black \u00bb\u00a0: un mod\u00e8le \u00e9l\u00e9gant et intemporel qui allie un savoir-faire d&rsquo;exception \u00e0 l&rsquo;inspiration embl\u00e9matique du basketball. Cr\u00e9\u00e9e en collaboration avec la ligne Kobe Bryant Signature, cette sneaker enti\u00e8rement noire associe une empeigne en cuir pour une durabilit\u00e9 et un confort optimaux \u00e0 un subtil embossage rendant hommage \u00e0 la l\u00e9gende du basketball. La semelle Air embl\u00e9matique offre un soutien et un amorti in\u00e9gal\u00e9s pour un confort tout au long de la journ\u00e9e. Son style monochrome est id\u00e9al aussi bien sur le terrain que pendant vos moments de d\u00e9tente et s&rsquo;accorde facilement avec toutes vos tenues. Chaque d\u00e9tail de cette sneaker en \u00e9dition limit\u00e9e refl\u00e8te la passion, l&rsquo;ambition et l&rsquo;impact durable de Kobe sur le sport. La Nike Air Force 1 Low \u00ab Triple Black \u00bb IB0018-003 est bien plus qu&rsquo;une simple chaussure\u00a0; Un morceau d&rsquo;histoire du basketball, r\u00e9interpr\u00e9t\u00e9 pour le quotidien.<\/p>\n<ul>\n<li><strong>Coloris\u00a0:<\/strong> Noir\/Noir<\/li>\n<li><strong>Code article\u00a0:<\/strong> IB0018-003<\/li>\n<li><strong>Tige\u00a0:<\/strong> Cuir<\/li>\n<li><strong>Semelle interm\u00e9diaire\u00a0:<\/strong> Air<\/li>\n<li><strong>Couleur\u00a0:<\/strong> Noir<\/li>\n<li><strong>Designer\u00a0:<\/strong> Bruce Kilgore<\/li>\n<li><strong>Saison\u00a0:<\/strong> \u00c9t\u00e9<\/li>\n<li><strong>Ann\u00e9e de sortie\u00a0:<\/strong> 2026<\/li>\n<\/ul>\n","protected":false},"excerpt":{"rendered":"<p>Nike Air Force 1 \u2014 Black\/Black<\/p>\n","protected":false},"featured_media":16539,"comment_status":"open","ping_status":"closed","template":"","meta":[],"product_brand":[],"product_cat":[6654],"product_tag":[],"class_list":{"0":"post-16538","1":"product","2":"type-product","3":"status-publish","4":"has-post-thumbnail","6":"product_cat-nike-2026","7":"wcpa_has_options","9":"first","10":"instock","11":"taxable","12":"shipping-taxable","13":"purchasable","14":"product-type-simple"},"wcpa_form_fields":{"rules":{"pric_overide_base_price":false,"pric_overide_base_price_if_gt_zero":false,"pric_overide_base_price_fully":false,"pric_cal_option_once":false,"pric_use_as_fee":false,"bind_quantity":false,"quantity_bind_formula":false},"fields":[{"type":"color-group","required":true,"elementId":"wcpa-color-group-66c4a75505e74","label":"Taille","inline":true,"priceOptions":"different_for_all","pricingType":"fixed","className":"hassizechart product-shoes-size-eu product-shoes-size","name":"color-group-66c4a75505e89","disp_type":"square","selection_type":"tick-border","disp_size":"44","show_label_inside":true,"adjust_width":true,"cart_display_type":"text","other_text":"Other","cl_rule":"show","col":6,"values":[{"label":"35.5","value":"EU 35.5","price":"","pimage":"","pimage_id":"","pthumb":"","color":""},{"label":"36","value":"EU 36","price":"","pimage":"","pimage_id":"","pthumb":"","color":"","selected":true},{"label":"36.5","value":"EU 36.5","price":"","pimage":"","pimage_id":"","pthumb":"","color":""},{"label":"37.5","value":"EU 37.5","price":"","pimage":"","pimage_id":"","pthumb":"","color":""},{"label":"38","value":"EU 38","price":"","pimage":"","pimage_id":"","pthumb":"","color":""},{"label":"38.5","value":"EU 38.5","price":"","pimage":"","pimage_id":"","pthumb":"","color":""},{"label":"39","value":"EU 39","price":"","pimage":"","pimage_id":"","pthumb":"","color":""},{"label":"40","value":"EU 40","price":"","pimage":"","pimage_id":"","pthumb":"","color":""},{"label":"40.5","value":"EU 40.5","price":"","pimage":"","pimage_id":"","pthumb":"","color":""},{"label":"41","value":"EU 41","price":"","pimage":"","pimage_id":"","pthumb":"","color":""},{"label":"42","value":"EU 42","price":"","pimage":"","pimage_id":"","pthumb":"","color":""},{"label":"42.5","value":"EU 42.5","price":"","pimage":"","pimage_id":"","pthumb":"","color":""},{"label":"43","value":"EU 43","price":"","pimage":"","pimage_id":"","pthumb":"","color":""},{"label":"44","value":"EU 44","price":"","pimage":"","pimage_id":"","pthumb":"","color":""},{"label":"44.5","value":"EU 44.5","price":"","pimage":"","pimage_id":"","pthumb":"","color":""},{"label":"45","value":"EU 45","price":"","pimage":"","pimage_id":"","pthumb":"","color":""},{"label":"45.5","value":"EU 45.5","price":"","pimage":"","pimage_id":"","pthumb":"","color":""},{"label":"46","value":"EU 46","price":"","pimage":"","pimage_id":"","pthumb":"","color":""},{"label":"47","value":"EU 47","price":"","pimage":"","pimage_id":"","pthumb":"","color":""},{"label":"47.5","value":"EU 47.5","price":"","pimage":"","pimage_id":"","pthumb":"","color":""},{"label":"48","value":"EU 48","price":"","pimage":"","pimage_id":"","pthumb":"","color":""}],"relations":[{"operator":false,"rules":[]}],"form_id":18106,"form_rules":{"pric_cal_option_once":false,"exclude_from_discount":false,"pric_use_as_fee":false,"fee_label":"Fee","render_after_acb":false,"disp_hide_options_price":false}}]},"yoast_head":"<!-- This site is optimized with the Yoast SEO plugin v26.5 - https:\/\/yoast.com\/wordpress\/plugins\/seo\/ -->\n<title>Nike Kobe Bryant x Air Force 1 Low &#039;Triple Black&#039; - TOURCRUISER PTE. LTD<\/title>\n<meta name=\"robots\" content=\"index, follow, max-snippet:-1, max-image-preview:large, max-video-preview:-1\" \/>\n<link rel=\"canonical\" href=\"https:\/\/tourcruiser.com\/fr\/products\/nike-kobe-bryant-x-air-force-1-low-triple-black-ib0018-003\/\" \/>\n<meta property=\"og:locale\" content=\"fr_FR\" \/>\n<meta property=\"og:type\" content=\"article\" \/>\n<meta property=\"og:title\" content=\"Nike Kobe Bryant x Air Force 1 Low &#039;Triple Black&#039; - TOURCRUISER PTE. LTD\" \/>\n<meta property=\"og:description\" content=\"Nike Air Force 1 \u2014 Black\/Black\" \/>\n<meta property=\"og:url\" content=\"https:\/\/tourcruiser.com\/fr\/products\/nike-kobe-bryant-x-air-force-1-low-triple-black-ib0018-003\/\" \/>\n<meta property=\"og:site_name\" content=\"Tourcruiser Sneaker Store\" \/>\n<meta property=\"article:modified_time\" content=\"2026-03-14T10:48:41+00:00\" \/>\n<meta name=\"twitter:card\" content=\"summary_large_image\" \/>\n<meta name=\"twitter:image\" content=\"https:\/\/images.novelship.com\/product\/kobe_bryant_x_nike_air_force_1_low__triple_black___0_45650.jpeg\" \/>\n<meta name=\"twitter:label1\" content=\"Dur\u00e9e de lecture estim\u00e9e\" \/>\n\t<meta name=\"twitter:data1\" content=\"1 minute\" \/>\n<script type=\"application\/ld+json\" class=\"yoast-schema-graph\">{\"@context\":\"https:\/\/schema.org\",\"@graph\":[{\"@type\":\"WebPage\",\"@id\":\"https:\/\/tourcruiser.com\/fr\/products\/nike-kobe-bryant-x-air-force-1-low-triple-black-ib0018-003\/\",\"url\":\"https:\/\/tourcruiser.com\/fr\/products\/nike-kobe-bryant-x-air-force-1-low-triple-black-ib0018-003\/\",\"name\":\"Nike Kobe Bryant x Air Force 1 Low 'Triple Black' - TOURCRUISER PTE. LTD\",\"isPartOf\":{\"@id\":\"https:\/\/tourcruiser.com\/fr\/#website\"},\"primaryImageOfPage\":{\"@id\":\"https:\/\/tourcruiser.com\/fr\/products\/nike-kobe-bryant-x-air-force-1-low-triple-black-ib0018-003\/#primaryimage\"},\"image\":{\"@id\":\"https:\/\/tourcruiser.com\/fr\/products\/nike-kobe-bryant-x-air-force-1-low-triple-black-ib0018-003\/#primaryimage\"},\"thumbnailUrl\":\"https:\/\/images.novelship.com\/product\/kobe_bryant_x_nike_air_force_1_low__triple_black___0_45650.jpeg\",\"datePublished\":\"2026-02-20T08:06:20+00:00\",\"dateModified\":\"2026-03-14T10:48:41+00:00\",\"breadcrumb\":{\"@id\":\"https:\/\/tourcruiser.com\/fr\/products\/nike-kobe-bryant-x-air-force-1-low-triple-black-ib0018-003\/#breadcrumb\"},\"inLanguage\":\"fr-FR\",\"potentialAction\":[{\"@type\":\"ReadAction\",\"target\":[\"https:\/\/tourcruiser.com\/fr\/products\/nike-kobe-bryant-x-air-force-1-low-triple-black-ib0018-003\/\"]}]},{\"@type\":\"ImageObject\",\"inLanguage\":\"fr-FR\",\"@id\":\"https:\/\/tourcruiser.com\/fr\/products\/nike-kobe-bryant-x-air-force-1-low-triple-black-ib0018-003\/#primaryimage\",\"url\":\"https:\/\/images.novelship.com\/product\/kobe_bryant_x_nike_air_force_1_low__triple_black___0_45650.jpeg\",\"contentUrl\":\"https:\/\/images.novelship.com\/product\/kobe_bryant_x_nike_air_force_1_low__triple_black___0_45650.jpeg\"},{\"@type\":\"BreadcrumbList\",\"@id\":\"https:\/\/tourcruiser.com\/fr\/products\/nike-kobe-bryant-x-air-force-1-low-triple-black-ib0018-003\/#breadcrumb\",\"itemListElement\":[{\"@type\":\"ListItem\",\"position\":1,\"name\":\"Home\",\"item\":\"https:\/\/tourcruiser.com\/fr\/\"},{\"@type\":\"ListItem\",\"position\":2,\"name\":\"Shop\",\"item\":\"https:\/\/tourcruiser.com\/fr\/shop\/\"},{\"@type\":\"ListItem\",\"position\":3,\"name\":\"Nike Kobe Bryant x Air Force 1 Low 'Triple Black'\"}]},{\"@type\":\"WebSite\",\"@id\":\"https:\/\/tourcruiser.com\/fr\/#website\",\"url\":\"https:\/\/tourcruiser.com\/fr\/\",\"name\":\"Styloral Jewelry Shop\",\"description\":\"Tourcruiser Sneaker Store \u2014 L\u2019endroit o\u00f9 l\u2019univers rencontre votre singularit\u00e9.\",\"publisher\":{\"@id\":\"https:\/\/tourcruiser.com\/fr\/#organization\"},\"potentialAction\":[{\"@type\":\"SearchAction\",\"target\":{\"@type\":\"EntryPoint\",\"urlTemplate\":\"https:\/\/tourcruiser.com\/fr\/?s={search_term_string}\"},\"query-input\":{\"@type\":\"PropertyValueSpecification\",\"valueRequired\":true,\"valueName\":\"search_term_string\"}}],\"inLanguage\":\"fr-FR\"},{\"@type\":\"Organization\",\"@id\":\"https:\/\/tourcruiser.com\/fr\/#organization\",\"name\":\"STYLORAL PTE. LTD\",\"url\":\"https:\/\/tourcruiser.com\/fr\/\",\"logo\":{\"@type\":\"ImageObject\",\"inLanguage\":\"fr-FR\",\"@id\":\"https:\/\/tourcruiser.com\/fr\/#\/schema\/logo\/image\/\",\"url\":\"https:\/\/www.tourcruiser.com\/wp-content\/uploads\/2025\/12\/logo.png\",\"contentUrl\":\"https:\/\/www.tourcruiser.com\/wp-content\/uploads\/2025\/12\/logo.png\",\"width\":200,\"height\":65,\"caption\":\"STYLORAL PTE. LTD\"},\"image\":{\"@id\":\"https:\/\/tourcruiser.com\/fr\/#\/schema\/logo\/image\/\"}}]}<\/script>\n<!-- \/ Yoast SEO plugin. -->","yoast_head_json":{"title":"Nike Kobe Bryant x Air Force 1 Low 'Triple Black' - TOURCRUISER PTE. LTD","robots":{"index":"index","follow":"follow","max-snippet":"max-snippet:-1","max-image-preview":"max-image-preview:large","max-video-preview":"max-video-preview:-1"},"canonical":"https:\/\/tourcruiser.com\/fr\/products\/nike-kobe-bryant-x-air-force-1-low-triple-black-ib0018-003\/","og_locale":"fr_FR","og_type":"article","og_title":"Nike Kobe Bryant x Air Force 1 Low 'Triple Black' - TOURCRUISER PTE. LTD","og_description":"Nike Air Force 1 \u2014 Black\/Black","og_url":"https:\/\/tourcruiser.com\/fr\/products\/nike-kobe-bryant-x-air-force-1-low-triple-black-ib0018-003\/","og_site_name":"Tourcruiser Sneaker Store","article_modified_time":"2026-03-14T10:48:41+00:00","twitter_card":"summary_large_image","twitter_image":"https:\/\/images.novelship.com\/product\/kobe_bryant_x_nike_air_force_1_low__triple_black___0_45650.jpeg","twitter_misc":{"Dur\u00e9e de lecture estim\u00e9e":"1 minute"},"schema":{"@context":"https:\/\/schema.org","@graph":[{"@type":"WebPage","@id":"https:\/\/tourcruiser.com\/fr\/products\/nike-kobe-bryant-x-air-force-1-low-triple-black-ib0018-003\/","url":"https:\/\/tourcruiser.com\/fr\/products\/nike-kobe-bryant-x-air-force-1-low-triple-black-ib0018-003\/","name":"Nike Kobe Bryant x Air Force 1 Low 'Triple Black' - TOURCRUISER PTE. LTD","isPartOf":{"@id":"https:\/\/tourcruiser.com\/fr\/#website"},"primaryImageOfPage":{"@id":"https:\/\/tourcruiser.com\/fr\/products\/nike-kobe-bryant-x-air-force-1-low-triple-black-ib0018-003\/#primaryimage"},"image":{"@id":"https:\/\/tourcruiser.com\/fr\/products\/nike-kobe-bryant-x-air-force-1-low-triple-black-ib0018-003\/#primaryimage"},"thumbnailUrl":"https:\/\/images.novelship.com\/product\/kobe_bryant_x_nike_air_force_1_low__triple_black___0_45650.jpeg","datePublished":"2026-02-20T08:06:20+00:00","dateModified":"2026-03-14T10:48:41+00:00","breadcrumb":{"@id":"https:\/\/tourcruiser.com\/fr\/products\/nike-kobe-bryant-x-air-force-1-low-triple-black-ib0018-003\/#breadcrumb"},"inLanguage":"fr-FR","potentialAction":[{"@type":"ReadAction","target":["https:\/\/tourcruiser.com\/fr\/products\/nike-kobe-bryant-x-air-force-1-low-triple-black-ib0018-003\/"]}]},{"@type":"ImageObject","inLanguage":"fr-FR","@id":"https:\/\/tourcruiser.com\/fr\/products\/nike-kobe-bryant-x-air-force-1-low-triple-black-ib0018-003\/#primaryimage","url":"https:\/\/images.novelship.com\/product\/kobe_bryant_x_nike_air_force_1_low__triple_black___0_45650.jpeg","contentUrl":"https:\/\/images.novelship.com\/product\/kobe_bryant_x_nike_air_force_1_low__triple_black___0_45650.jpeg"},{"@type":"BreadcrumbList","@id":"https:\/\/tourcruiser.com\/fr\/products\/nike-kobe-bryant-x-air-force-1-low-triple-black-ib0018-003\/#breadcrumb","itemListElement":[{"@type":"ListItem","position":1,"name":"Home","item":"https:\/\/tourcruiser.com\/fr\/"},{"@type":"ListItem","position":2,"name":"Shop","item":"https:\/\/tourcruiser.com\/fr\/shop\/"},{"@type":"ListItem","position":3,"name":"Nike Kobe Bryant x Air Force 1 Low 'Triple Black'"}]},{"@type":"WebSite","@id":"https:\/\/tourcruiser.com\/fr\/#website","url":"https:\/\/tourcruiser.com\/fr\/","name":"Styloral Jewelry Shop","description":"Tourcruiser Sneaker Store \u2014 L\u2019endroit o\u00f9 l\u2019univers rencontre votre singularit\u00e9.","publisher":{"@id":"https:\/\/tourcruiser.com\/fr\/#organization"},"potentialAction":[{"@type":"SearchAction","target":{"@type":"EntryPoint","urlTemplate":"https:\/\/tourcruiser.com\/fr\/?s={search_term_string}"},"query-input":{"@type":"PropertyValueSpecification","valueRequired":true,"valueName":"search_term_string"}}],"inLanguage":"fr-FR"},{"@type":"Organization","@id":"https:\/\/tourcruiser.com\/fr\/#organization","name":"STYLORAL PTE. LTD","url":"https:\/\/tourcruiser.com\/fr\/","logo":{"@type":"ImageObject","inLanguage":"fr-FR","@id":"https:\/\/tourcruiser.com\/fr\/#\/schema\/logo\/image\/","url":"https:\/\/www.tourcruiser.com\/wp-content\/uploads\/2025\/12\/logo.png","contentUrl":"https:\/\/www.tourcruiser.com\/wp-content\/uploads\/2025\/12\/logo.png","width":200,"height":65,"caption":"STYLORAL PTE. LTD"},"image":{"@id":"https:\/\/tourcruiser.com\/fr\/#\/schema\/logo\/image\/"}}]}},"_links":{"self":[{"href":"https:\/\/tourcruiser.com\/fr\/wp-json\/wp\/v2\/product\/16538","targetHints":{"allow":["GET"]}}],"collection":[{"href":"https:\/\/tourcruiser.com\/fr\/wp-json\/wp\/v2\/product"}],"about":[{"href":"https:\/\/tourcruiser.com\/fr\/wp-json\/wp\/v2\/types\/product"}],"replies":[{"embeddable":true,"href":"https:\/\/tourcruiser.com\/fr\/wp-json\/wp\/v2\/comments?post=16538"}],"wp:featuredmedia":[{"embeddable":true,"href":"https:\/\/tourcruiser.com\/fr\/wp-json\/wp\/v2\/media\/16539"}],"wp:attachment":[{"href":"https:\/\/tourcruiser.com\/fr\/wp-json\/wp\/v2\/media?parent=16538"}],"wp:term":[{"taxonomy":"product_brand","embeddable":true,"href":"https:\/\/tourcruiser.com\/fr\/wp-json\/wp\/v2\/product_brand?post=16538"},{"taxonomy":"product_cat","embeddable":true,"href":"https:\/\/tourcruiser.com\/fr\/wp-json\/wp\/v2\/product_cat?post=16538"},{"taxonomy":"product_tag","embeddable":true,"href":"https:\/\/tourcruiser.com\/fr\/wp-json\/wp\/v2\/product_tag?post=16538"}],"curies":[{"name":"wp","href":"https:\/\/api.w.org\/{rel}","templated":true}]}}