{"id":16518,"date":"2026-02-20T15:06:16","date_gmt":"2026-02-20T08:06:16","guid":{"rendered":"http:\/\/tourcruiser.com\/product\/windowsen-x-nike-wmns-air-max-muse-metallic-silver-ih2120-002"},"modified":"2026-03-14T17:49:27","modified_gmt":"2026-03-14T10:49:27","slug":"windowsen-x-nike-wmns-air-max-muse-metallic-silver-ih2120-002","status":"publish","type":"product","link":"https:\/\/tourcruiser.com\/fr\/products\/windowsen-x-nike-wmns-air-max-muse-metallic-silver-ih2120-002\/","title":{"rendered":"Nike Windowsen x Wmns Air Max Muse &lsquo;Metallic Silver&rsquo;"},"content":{"rendered":"<p>La WINDOWSEN x Nike Air Max Muse \u00ab Metallic Silver Rage Green \u00bb IH2120-002 allie design futuriste et innovation sportive. Son empeigne argent\u00e9e m\u00e9tallis\u00e9e contraste avec des touches de vert vif. Fruit d&rsquo;une collaboration, cette sneaker r\u00e9interpr\u00e8te l&rsquo;esth\u00e9tique moderne gr\u00e2ce \u00e0 des mat\u00e9riaux innovants. Dot\u00e9e du l\u00e9gendaire syst\u00e8me d&rsquo;amorti Air Max de Nike, elle offre un confort optimal. Sa silhouette \u00e9l\u00e9gante associe une finition m\u00e9tallis\u00e9e textur\u00e9e \u00e0 des empi\u00e8cements en mesh respirant pour une construction \u00e0 la fois l\u00e9g\u00e8re et r\u00e9sistante. Des \u00e9l\u00e9ments r\u00e9fl\u00e9chissants am\u00e9liorent la visibilit\u00e9, faisant de cette chaussure un mod\u00e8le remarquable par son style et sa fonctionnalit\u00e9. Les d\u00e9tails vert vif, tels que les lacets et le logo embl\u00e9matique, apportent des touches de couleur dynamiques et cr\u00e9ent un contraste saisissant avec la base argent\u00e9e. La semelle interm\u00e9diaire moul\u00e9e assure maintien et performance optimale au quotidien, tandis que la semelle ext\u00e9rieure en caoutchouc garantit une adh\u00e9rence et une traction exceptionnelles. Fusion de design avant-gardiste et de technologies de pointe, cette sneaker en \u00e9dition limit\u00e9e est une pi\u00e8ce incontournable pour les passionn\u00e9s de sneakers du monde entier. Que vous soyez un explorateur urbain ou un individualiste soucieux de son style, la WINDOWSEN x Nike Air Max Muse \u00ab\u00a0Metallic Silver Rage Green\u00a0\u00bb red\u00e9finit le confort, le style et la fonctionnalit\u00e9. Apportez une touche de fra\u00eecheur \u00e0 votre look et enrichissez votre collection de sneakers avec ce chef-d&rsquo;\u0153uvre exclusif et m\u00e9ticuleusement con\u00e7u, pens\u00e9 pour celles et ceux qui affirment leur personnalit\u00e9 et leur originalit\u00e9. Coloris\u00a0: Argent m\u00e9tallis\u00e9\/Vert Rage\/Anthracite\/Noir\/Blanc. Code article\u00a0: IH2120-002. Mati\u00e8re ext\u00e9rieure\u00a0: Synth\u00e9tique. Semelle interm\u00e9diaire\u00a0: Air. Couleur\u00a0: Argent. Ann\u00e9e de sortie\u00a0: 2025.<\/p>\n","protected":false},"excerpt":{"rendered":"<p>Nike None \u2014 Metallic Silver\/Rage Green\/Anthracite\/Black\/White<\/p>\n","protected":false},"featured_media":16519,"comment_status":"open","ping_status":"closed","template":"","meta":[],"product_brand":[],"product_cat":[6654],"product_tag":[],"class_list":{"0":"post-16518","1":"product","2":"type-product","3":"status-publish","4":"has-post-thumbnail","6":"product_cat-nike-2026","7":"wcpa_has_options","9":"first","10":"instock","11":"taxable","12":"shipping-taxable","13":"purchasable","14":"product-type-simple"},"wcpa_form_fields":{"rules":{"pric_overide_base_price":false,"pric_overide_base_price_if_gt_zero":false,"pric_overide_base_price_fully":false,"pric_cal_option_once":false,"pric_use_as_fee":false,"bind_quantity":false,"quantity_bind_formula":false},"fields":[{"type":"color-group","required":true,"elementId":"wcpa-color-group-66c4a75505e74","label":"Taille","inline":true,"priceOptions":"different_for_all","pricingType":"fixed","className":"hassizechart product-shoes-size-eu product-shoes-size","name":"color-group-66c4a75505e89","disp_type":"square","selection_type":"tick-border","disp_size":"44","show_label_inside":true,"adjust_width":true,"cart_display_type":"text","other_text":"Other","cl_rule":"show","col":6,"values":[{"label":"35.5","value":"EU 35.5","price":"","pimage":"","pimage_id":"","pthumb":"","color":""},{"label":"36","value":"EU 36","price":"","pimage":"","pimage_id":"","pthumb":"","color":"","selected":true},{"label":"36.5","value":"EU 36.5","price":"","pimage":"","pimage_id":"","pthumb":"","color":""},{"label":"37.5","value":"EU 37.5","price":"","pimage":"","pimage_id":"","pthumb":"","color":""},{"label":"38","value":"EU 38","price":"","pimage":"","pimage_id":"","pthumb":"","color":""},{"label":"38.5","value":"EU 38.5","price":"","pimage":"","pimage_id":"","pthumb":"","color":""},{"label":"39","value":"EU 39","price":"","pimage":"","pimage_id":"","pthumb":"","color":""},{"label":"40","value":"EU 40","price":"","pimage":"","pimage_id":"","pthumb":"","color":""},{"label":"40.5","value":"EU 40.5","price":"","pimage":"","pimage_id":"","pthumb":"","color":""},{"label":"41","value":"EU 41","price":"","pimage":"","pimage_id":"","pthumb":"","color":""},{"label":"42","value":"EU 42","price":"","pimage":"","pimage_id":"","pthumb":"","color":""},{"label":"42.5","value":"EU 42.5","price":"","pimage":"","pimage_id":"","pthumb":"","color":""},{"label":"43","value":"EU 43","price":"","pimage":"","pimage_id":"","pthumb":"","color":""},{"label":"44","value":"EU 44","price":"","pimage":"","pimage_id":"","pthumb":"","color":""},{"label":"44.5","value":"EU 44.5","price":"","pimage":"","pimage_id":"","pthumb":"","color":""},{"label":"45","value":"EU 45","price":"","pimage":"","pimage_id":"","pthumb":"","color":""},{"label":"45.5","value":"EU 45.5","price":"","pimage":"","pimage_id":"","pthumb":"","color":""},{"label":"46","value":"EU 46","price":"","pimage":"","pimage_id":"","pthumb":"","color":""},{"label":"47","value":"EU 47","price":"","pimage":"","pimage_id":"","pthumb":"","color":""},{"label":"47.5","value":"EU 47.5","price":"","pimage":"","pimage_id":"","pthumb":"","color":""},{"label":"48","value":"EU 48","price":"","pimage":"","pimage_id":"","pthumb":"","color":""}],"relations":[{"operator":false,"rules":[]}],"form_id":18106,"form_rules":{"pric_cal_option_once":false,"exclude_from_discount":false,"pric_use_as_fee":false,"fee_label":"Fee","render_after_acb":false,"disp_hide_options_price":false}}]},"yoast_head":"<!-- This site is optimized with the Yoast SEO plugin v26.5 - https:\/\/yoast.com\/wordpress\/plugins\/seo\/ -->\n<title>Nike Windowsen x Wmns Air Max Muse &#039;Metallic Silver&#039; - TOURCRUISER PTE. LTD<\/title>\n<meta name=\"robots\" content=\"index, follow, max-snippet:-1, max-image-preview:large, max-video-preview:-1\" \/>\n<link rel=\"canonical\" href=\"https:\/\/tourcruiser.com\/fr\/products\/windowsen-x-nike-wmns-air-max-muse-metallic-silver-ih2120-002\/\" \/>\n<meta property=\"og:locale\" content=\"fr_FR\" \/>\n<meta property=\"og:type\" content=\"article\" \/>\n<meta property=\"og:title\" content=\"Nike Windowsen x Wmns Air Max Muse &#039;Metallic Silver&#039; - TOURCRUISER PTE. LTD\" \/>\n<meta property=\"og:description\" content=\"Nike None \u2014 Metallic Silver\/Rage Green\/Anthracite\/Black\/White\" \/>\n<meta property=\"og:url\" content=\"https:\/\/tourcruiser.com\/fr\/products\/windowsen-x-nike-wmns-air-max-muse-metallic-silver-ih2120-002\/\" \/>\n<meta property=\"og:site_name\" content=\"Tourcruiser Sneaker Store\" \/>\n<meta property=\"article:modified_time\" content=\"2026-03-14T10:49:27+00:00\" \/>\n<meta name=\"twitter:card\" content=\"summary_large_image\" \/>\n<meta name=\"twitter:image\" content=\"https:\/\/images.novelship.com\/product\/windowsen_x_nike_air_max_muse__metallic_silver_rag_0_98119.jpeg\" \/>\n<meta name=\"twitter:label1\" content=\"Dur\u00e9e de lecture estim\u00e9e\" \/>\n\t<meta name=\"twitter:data1\" content=\"2 minutes\" \/>\n<script type=\"application\/ld+json\" class=\"yoast-schema-graph\">{\"@context\":\"https:\/\/schema.org\",\"@graph\":[{\"@type\":\"WebPage\",\"@id\":\"https:\/\/tourcruiser.com\/fr\/products\/windowsen-x-nike-wmns-air-max-muse-metallic-silver-ih2120-002\/\",\"url\":\"https:\/\/tourcruiser.com\/fr\/products\/windowsen-x-nike-wmns-air-max-muse-metallic-silver-ih2120-002\/\",\"name\":\"Nike Windowsen x Wmns Air Max Muse 'Metallic Silver' - TOURCRUISER PTE. LTD\",\"isPartOf\":{\"@id\":\"https:\/\/tourcruiser.com\/fr\/#website\"},\"primaryImageOfPage\":{\"@id\":\"https:\/\/tourcruiser.com\/fr\/products\/windowsen-x-nike-wmns-air-max-muse-metallic-silver-ih2120-002\/#primaryimage\"},\"image\":{\"@id\":\"https:\/\/tourcruiser.com\/fr\/products\/windowsen-x-nike-wmns-air-max-muse-metallic-silver-ih2120-002\/#primaryimage\"},\"thumbnailUrl\":\"https:\/\/images.novelship.com\/product\/windowsen_x_nike_air_max_muse__metallic_silver_rag_0_98119.jpeg\",\"datePublished\":\"2026-02-20T08:06:16+00:00\",\"dateModified\":\"2026-03-14T10:49:27+00:00\",\"breadcrumb\":{\"@id\":\"https:\/\/tourcruiser.com\/fr\/products\/windowsen-x-nike-wmns-air-max-muse-metallic-silver-ih2120-002\/#breadcrumb\"},\"inLanguage\":\"fr-FR\",\"potentialAction\":[{\"@type\":\"ReadAction\",\"target\":[\"https:\/\/tourcruiser.com\/fr\/products\/windowsen-x-nike-wmns-air-max-muse-metallic-silver-ih2120-002\/\"]}]},{\"@type\":\"ImageObject\",\"inLanguage\":\"fr-FR\",\"@id\":\"https:\/\/tourcruiser.com\/fr\/products\/windowsen-x-nike-wmns-air-max-muse-metallic-silver-ih2120-002\/#primaryimage\",\"url\":\"https:\/\/images.novelship.com\/product\/windowsen_x_nike_air_max_muse__metallic_silver_rag_0_98119.jpeg\",\"contentUrl\":\"https:\/\/images.novelship.com\/product\/windowsen_x_nike_air_max_muse__metallic_silver_rag_0_98119.jpeg\"},{\"@type\":\"BreadcrumbList\",\"@id\":\"https:\/\/tourcruiser.com\/fr\/products\/windowsen-x-nike-wmns-air-max-muse-metallic-silver-ih2120-002\/#breadcrumb\",\"itemListElement\":[{\"@type\":\"ListItem\",\"position\":1,\"name\":\"Home\",\"item\":\"https:\/\/tourcruiser.com\/fr\/\"},{\"@type\":\"ListItem\",\"position\":2,\"name\":\"Shop\",\"item\":\"https:\/\/tourcruiser.com\/fr\/shop\/\"},{\"@type\":\"ListItem\",\"position\":3,\"name\":\"Nike Windowsen x Wmns Air Max Muse 'Metallic Silver'\"}]},{\"@type\":\"WebSite\",\"@id\":\"https:\/\/tourcruiser.com\/fr\/#website\",\"url\":\"https:\/\/tourcruiser.com\/fr\/\",\"name\":\"Styloral Jewelry Shop\",\"description\":\"Tourcruiser Sneaker Store \u2014 L\u2019endroit o\u00f9 l\u2019univers rencontre votre singularit\u00e9.\",\"publisher\":{\"@id\":\"https:\/\/tourcruiser.com\/fr\/#organization\"},\"potentialAction\":[{\"@type\":\"SearchAction\",\"target\":{\"@type\":\"EntryPoint\",\"urlTemplate\":\"https:\/\/tourcruiser.com\/fr\/?s={search_term_string}\"},\"query-input\":{\"@type\":\"PropertyValueSpecification\",\"valueRequired\":true,\"valueName\":\"search_term_string\"}}],\"inLanguage\":\"fr-FR\"},{\"@type\":\"Organization\",\"@id\":\"https:\/\/tourcruiser.com\/fr\/#organization\",\"name\":\"STYLORAL PTE. LTD\",\"url\":\"https:\/\/tourcruiser.com\/fr\/\",\"logo\":{\"@type\":\"ImageObject\",\"inLanguage\":\"fr-FR\",\"@id\":\"https:\/\/tourcruiser.com\/fr\/#\/schema\/logo\/image\/\",\"url\":\"https:\/\/www.tourcruiser.com\/wp-content\/uploads\/2025\/12\/logo.png\",\"contentUrl\":\"https:\/\/www.tourcruiser.com\/wp-content\/uploads\/2025\/12\/logo.png\",\"width\":200,\"height\":65,\"caption\":\"STYLORAL PTE. LTD\"},\"image\":{\"@id\":\"https:\/\/tourcruiser.com\/fr\/#\/schema\/logo\/image\/\"}}]}<\/script>\n<!-- \/ Yoast SEO plugin. -->","yoast_head_json":{"title":"Nike Windowsen x Wmns Air Max Muse 'Metallic Silver' - TOURCRUISER PTE. LTD","robots":{"index":"index","follow":"follow","max-snippet":"max-snippet:-1","max-image-preview":"max-image-preview:large","max-video-preview":"max-video-preview:-1"},"canonical":"https:\/\/tourcruiser.com\/fr\/products\/windowsen-x-nike-wmns-air-max-muse-metallic-silver-ih2120-002\/","og_locale":"fr_FR","og_type":"article","og_title":"Nike Windowsen x Wmns Air Max Muse 'Metallic Silver' - TOURCRUISER PTE. LTD","og_description":"Nike None \u2014 Metallic Silver\/Rage Green\/Anthracite\/Black\/White","og_url":"https:\/\/tourcruiser.com\/fr\/products\/windowsen-x-nike-wmns-air-max-muse-metallic-silver-ih2120-002\/","og_site_name":"Tourcruiser Sneaker Store","article_modified_time":"2026-03-14T10:49:27+00:00","twitter_card":"summary_large_image","twitter_image":"https:\/\/images.novelship.com\/product\/windowsen_x_nike_air_max_muse__metallic_silver_rag_0_98119.jpeg","twitter_misc":{"Dur\u00e9e de lecture estim\u00e9e":"2 minutes"},"schema":{"@context":"https:\/\/schema.org","@graph":[{"@type":"WebPage","@id":"https:\/\/tourcruiser.com\/fr\/products\/windowsen-x-nike-wmns-air-max-muse-metallic-silver-ih2120-002\/","url":"https:\/\/tourcruiser.com\/fr\/products\/windowsen-x-nike-wmns-air-max-muse-metallic-silver-ih2120-002\/","name":"Nike Windowsen x Wmns Air Max Muse 'Metallic Silver' - TOURCRUISER PTE. LTD","isPartOf":{"@id":"https:\/\/tourcruiser.com\/fr\/#website"},"primaryImageOfPage":{"@id":"https:\/\/tourcruiser.com\/fr\/products\/windowsen-x-nike-wmns-air-max-muse-metallic-silver-ih2120-002\/#primaryimage"},"image":{"@id":"https:\/\/tourcruiser.com\/fr\/products\/windowsen-x-nike-wmns-air-max-muse-metallic-silver-ih2120-002\/#primaryimage"},"thumbnailUrl":"https:\/\/images.novelship.com\/product\/windowsen_x_nike_air_max_muse__metallic_silver_rag_0_98119.jpeg","datePublished":"2026-02-20T08:06:16+00:00","dateModified":"2026-03-14T10:49:27+00:00","breadcrumb":{"@id":"https:\/\/tourcruiser.com\/fr\/products\/windowsen-x-nike-wmns-air-max-muse-metallic-silver-ih2120-002\/#breadcrumb"},"inLanguage":"fr-FR","potentialAction":[{"@type":"ReadAction","target":["https:\/\/tourcruiser.com\/fr\/products\/windowsen-x-nike-wmns-air-max-muse-metallic-silver-ih2120-002\/"]}]},{"@type":"ImageObject","inLanguage":"fr-FR","@id":"https:\/\/tourcruiser.com\/fr\/products\/windowsen-x-nike-wmns-air-max-muse-metallic-silver-ih2120-002\/#primaryimage","url":"https:\/\/images.novelship.com\/product\/windowsen_x_nike_air_max_muse__metallic_silver_rag_0_98119.jpeg","contentUrl":"https:\/\/images.novelship.com\/product\/windowsen_x_nike_air_max_muse__metallic_silver_rag_0_98119.jpeg"},{"@type":"BreadcrumbList","@id":"https:\/\/tourcruiser.com\/fr\/products\/windowsen-x-nike-wmns-air-max-muse-metallic-silver-ih2120-002\/#breadcrumb","itemListElement":[{"@type":"ListItem","position":1,"name":"Home","item":"https:\/\/tourcruiser.com\/fr\/"},{"@type":"ListItem","position":2,"name":"Shop","item":"https:\/\/tourcruiser.com\/fr\/shop\/"},{"@type":"ListItem","position":3,"name":"Nike Windowsen x Wmns Air Max Muse 'Metallic Silver'"}]},{"@type":"WebSite","@id":"https:\/\/tourcruiser.com\/fr\/#website","url":"https:\/\/tourcruiser.com\/fr\/","name":"Styloral Jewelry Shop","description":"Tourcruiser Sneaker Store \u2014 L\u2019endroit o\u00f9 l\u2019univers rencontre votre singularit\u00e9.","publisher":{"@id":"https:\/\/tourcruiser.com\/fr\/#organization"},"potentialAction":[{"@type":"SearchAction","target":{"@type":"EntryPoint","urlTemplate":"https:\/\/tourcruiser.com\/fr\/?s={search_term_string}"},"query-input":{"@type":"PropertyValueSpecification","valueRequired":true,"valueName":"search_term_string"}}],"inLanguage":"fr-FR"},{"@type":"Organization","@id":"https:\/\/tourcruiser.com\/fr\/#organization","name":"STYLORAL PTE. LTD","url":"https:\/\/tourcruiser.com\/fr\/","logo":{"@type":"ImageObject","inLanguage":"fr-FR","@id":"https:\/\/tourcruiser.com\/fr\/#\/schema\/logo\/image\/","url":"https:\/\/www.tourcruiser.com\/wp-content\/uploads\/2025\/12\/logo.png","contentUrl":"https:\/\/www.tourcruiser.com\/wp-content\/uploads\/2025\/12\/logo.png","width":200,"height":65,"caption":"STYLORAL PTE. LTD"},"image":{"@id":"https:\/\/tourcruiser.com\/fr\/#\/schema\/logo\/image\/"}}]}},"_links":{"self":[{"href":"https:\/\/tourcruiser.com\/fr\/wp-json\/wp\/v2\/product\/16518","targetHints":{"allow":["GET"]}}],"collection":[{"href":"https:\/\/tourcruiser.com\/fr\/wp-json\/wp\/v2\/product"}],"about":[{"href":"https:\/\/tourcruiser.com\/fr\/wp-json\/wp\/v2\/types\/product"}],"replies":[{"embeddable":true,"href":"https:\/\/tourcruiser.com\/fr\/wp-json\/wp\/v2\/comments?post=16518"}],"wp:featuredmedia":[{"embeddable":true,"href":"https:\/\/tourcruiser.com\/fr\/wp-json\/wp\/v2\/media\/16519"}],"wp:attachment":[{"href":"https:\/\/tourcruiser.com\/fr\/wp-json\/wp\/v2\/media?parent=16518"}],"wp:term":[{"taxonomy":"product_brand","embeddable":true,"href":"https:\/\/tourcruiser.com\/fr\/wp-json\/wp\/v2\/product_brand?post=16518"},{"taxonomy":"product_cat","embeddable":true,"href":"https:\/\/tourcruiser.com\/fr\/wp-json\/wp\/v2\/product_cat?post=16518"},{"taxonomy":"product_tag","embeddable":true,"href":"https:\/\/tourcruiser.com\/fr\/wp-json\/wp\/v2\/product_tag?post=16518"}],"curies":[{"name":"wp","href":"https:\/\/api.w.org\/{rel}","templated":true}]}}