{"id":163635,"date":"2026-03-02T16:10:56","date_gmt":"2026-03-02T09:10:56","guid":{"rendered":"http:\/\/tourcruiser.com\/product\/marcus-rashford-x-nike-zoom-mercurial-superfly-9-elite-fg-better-believe-it"},"modified":"2026-03-14T19:30:27","modified_gmt":"2026-03-14T12:30:27","slug":"marcus-rashford-x-nike-zoom-mercurial-superfly-9-elite-fg-better-believe-it","status":"publish","type":"product","link":"https:\/\/tourcruiser.com\/fr\/products\/marcus-rashford-x-nike-zoom-mercurial-superfly-9-elite-fg-better-believe-it\/","title":{"rendered":"Marcus Rashford x Nike Zoom Mercurial Superfly 9 Elite FG &lsquo;Better Believe It&rsquo;"},"content":{"rendered":"<p>Am\u00e9liorez votre jeu avec la Nike Zoom Mercurial Superfly 9 Elite FG \u00ab\u00a0Better Believe It\u00a0\u00bb de Marcus Rashford. Ces chaussures de football pr\u00e9sentent un design r\u00e9volutionnaire avec une empeigne ajust\u00e9e et l\u00e9g\u00e8re qui optimise la vitesse et l&rsquo;agilit\u00e9. L&rsquo;unit\u00e9 Zoom Air \u00e0 l&rsquo;avant-pied offre une r\u00e9activit\u00e9 explosive, tandis que les crampons en chevrons de la semelle ext\u00e9rieure assurent une adh\u00e9rence exceptionnelle sur terrain ferme. Arborant le slogan \u00ab\u00a0Better Believe It\u00a0\u00bb de Rashford sur le c\u00f4t\u00e9, ces chaussures vous donnent la puissance n\u00e9cessaire pour entrer sur le terrain avec confiance et style. Coloris\u00a0: Blanc\/Noir. Num\u00e9ro d&rsquo;article\u00a0: FD1171-100. Mati\u00e8re de l&#8217;empeigne\u00a0: Vaporposite+. Semelle interm\u00e9diaire\u00a0: Zoom Air. Couleur\u00a0: Blanc. Ann\u00e9e de sortie\u00a0: 2023.<\/p>\n","protected":false},"excerpt":{"rendered":"<p>Nike Mercurial Superfly 9 Elite \u201d\u201d White\/Black<\/p>\n","protected":false},"featured_media":163636,"comment_status":"open","ping_status":"closed","template":"","meta":[],"product_brand":[],"product_cat":[10803],"product_tag":[10799,10800,10753,10801,10900,11477,10802,10986,10987],"class_list":{"0":"post-163635","1":"product","2":"type-product","3":"status-publish","4":"has-post-thumbnail","6":"product_cat-nike","7":"product_tag-ankle-support-basketball-shoes","8":"product_tag-basketball-shoes","9":"product_tag-gift-for-him","10":"product_tag-nike","11":"product_tag-nike-skateboarding-shoes","12":"product_tag-nike-soccer-shoes","13":"product_tag-performance-sport-shoes","14":"product_tag-soccer-shoes","15":"product_tag-soccer-shoes-football-cleats","16":"wcpa_has_options","18":"first","19":"instock","20":"taxable","21":"shipping-taxable","22":"purchasable","23":"product-type-simple"},"wcpa_form_fields":{"rules":{"pric_overide_base_price":false,"pric_overide_base_price_if_gt_zero":false,"pric_overide_base_price_fully":false,"pric_cal_option_once":false,"pric_use_as_fee":false,"bind_quantity":false,"quantity_bind_formula":false},"fields":[{"type":"color-group","required":true,"elementId":"wcpa-color-group-66c4a75505e74","label":"Taille","inline":true,"priceOptions":"different_for_all","pricingType":"fixed","className":"hassizechart product-shoes-size-eu product-shoes-size","name":"color-group-66c4a75505e89","disp_type":"square","selection_type":"tick-border","disp_size":"44","show_label_inside":true,"adjust_width":true,"cart_display_type":"text","other_text":"Other","cl_rule":"show","col":6,"values":[{"label":"35.5","value":"EU 35.5","price":"","pimage":"","pimage_id":"","pthumb":"","color":""},{"label":"36","value":"EU 36","price":"","pimage":"","pimage_id":"","pthumb":"","color":"","selected":true},{"label":"36.5","value":"EU 36.5","price":"","pimage":"","pimage_id":"","pthumb":"","color":""},{"label":"37.5","value":"EU 37.5","price":"","pimage":"","pimage_id":"","pthumb":"","color":""},{"label":"38","value":"EU 38","price":"","pimage":"","pimage_id":"","pthumb":"","color":""},{"label":"38.5","value":"EU 38.5","price":"","pimage":"","pimage_id":"","pthumb":"","color":""},{"label":"39","value":"EU 39","price":"","pimage":"","pimage_id":"","pthumb":"","color":""},{"label":"40","value":"EU 40","price":"","pimage":"","pimage_id":"","pthumb":"","color":""},{"label":"40.5","value":"EU 40.5","price":"","pimage":"","pimage_id":"","pthumb":"","color":""},{"label":"41","value":"EU 41","price":"","pimage":"","pimage_id":"","pthumb":"","color":""},{"label":"42","value":"EU 42","price":"","pimage":"","pimage_id":"","pthumb":"","color":""},{"label":"42.5","value":"EU 42.5","price":"","pimage":"","pimage_id":"","pthumb":"","color":""},{"label":"43","value":"EU 43","price":"","pimage":"","pimage_id":"","pthumb":"","color":""},{"label":"44","value":"EU 44","price":"","pimage":"","pimage_id":"","pthumb":"","color":""},{"label":"44.5","value":"EU 44.5","price":"","pimage":"","pimage_id":"","pthumb":"","color":""},{"label":"45","value":"EU 45","price":"","pimage":"","pimage_id":"","pthumb":"","color":""},{"label":"45.5","value":"EU 45.5","price":"","pimage":"","pimage_id":"","pthumb":"","color":""},{"label":"46","value":"EU 46","price":"","pimage":"","pimage_id":"","pthumb":"","color":""},{"label":"47","value":"EU 47","price":"","pimage":"","pimage_id":"","pthumb":"","color":""},{"label":"47.5","value":"EU 47.5","price":"","pimage":"","pimage_id":"","pthumb":"","color":""},{"label":"48","value":"EU 48","price":"","pimage":"","pimage_id":"","pthumb":"","color":""}],"relations":[{"operator":false,"rules":[]}],"form_id":18106,"form_rules":{"pric_cal_option_once":false,"exclude_from_discount":false,"pric_use_as_fee":false,"fee_label":"Fee","render_after_acb":false,"disp_hide_options_price":false}}]},"yoast_head":"<!-- This site is optimized with the Yoast SEO plugin v26.5 - https:\/\/yoast.com\/wordpress\/plugins\/seo\/ -->\n<title>Marcus Rashford x Nike Zoom Mercurial Superfly 9 Elite FG &#039;Better Believe It&#039; - TOURCRUISER PTE. LTD<\/title>\n<meta name=\"robots\" content=\"index, follow, max-snippet:-1, max-image-preview:large, max-video-preview:-1\" \/>\n<link rel=\"canonical\" href=\"https:\/\/tourcruiser.com\/fr\/products\/marcus-rashford-x-nike-zoom-mercurial-superfly-9-elite-fg-better-believe-it\/\" \/>\n<meta property=\"og:locale\" content=\"fr_FR\" \/>\n<meta property=\"og:type\" content=\"article\" \/>\n<meta property=\"og:title\" content=\"Marcus Rashford x Nike Zoom Mercurial Superfly 9 Elite FG &#039;Better Believe It&#039; - TOURCRUISER PTE. LTD\" \/>\n<meta property=\"og:description\" content=\"Nike Mercurial Superfly 9 Elite \u201d\u201d White\/Black\" \/>\n<meta property=\"og:url\" content=\"https:\/\/tourcruiser.com\/fr\/products\/marcus-rashford-x-nike-zoom-mercurial-superfly-9-elite-fg-better-believe-it\/\" \/>\n<meta property=\"og:site_name\" content=\"Tourcruiser Sneaker Store\" \/>\n<meta property=\"article:modified_time\" content=\"2026-03-14T12:30:27+00:00\" \/>\n<meta name=\"twitter:card\" content=\"summary_large_image\" \/>\n<meta name=\"twitter:image\" content=\"https:\/\/images.novelship.com\/product\/marcus_rashford_x_nike_zoom_mercurial_superfly_9_e_0_47053.jpeg\" \/>\n<meta name=\"twitter:label1\" content=\"Dur\u00e9e de lecture estim\u00e9e\" \/>\n\t<meta name=\"twitter:data1\" content=\"1 minute\" \/>\n<script type=\"application\/ld+json\" class=\"yoast-schema-graph\">{\"@context\":\"https:\/\/schema.org\",\"@graph\":[{\"@type\":\"WebPage\",\"@id\":\"https:\/\/tourcruiser.com\/fr\/products\/marcus-rashford-x-nike-zoom-mercurial-superfly-9-elite-fg-better-believe-it\/\",\"url\":\"https:\/\/tourcruiser.com\/fr\/products\/marcus-rashford-x-nike-zoom-mercurial-superfly-9-elite-fg-better-believe-it\/\",\"name\":\"Marcus Rashford x Nike Zoom Mercurial Superfly 9 Elite FG 'Better Believe It' - TOURCRUISER PTE. LTD\",\"isPartOf\":{\"@id\":\"https:\/\/tourcruiser.com\/fr\/#website\"},\"primaryImageOfPage\":{\"@id\":\"https:\/\/tourcruiser.com\/fr\/products\/marcus-rashford-x-nike-zoom-mercurial-superfly-9-elite-fg-better-believe-it\/#primaryimage\"},\"image\":{\"@id\":\"https:\/\/tourcruiser.com\/fr\/products\/marcus-rashford-x-nike-zoom-mercurial-superfly-9-elite-fg-better-believe-it\/#primaryimage\"},\"thumbnailUrl\":\"https:\/\/images.novelship.com\/product\/marcus_rashford_x_nike_zoom_mercurial_superfly_9_e_0_47053.jpeg\",\"datePublished\":\"2026-03-02T09:10:56+00:00\",\"dateModified\":\"2026-03-14T12:30:27+00:00\",\"breadcrumb\":{\"@id\":\"https:\/\/tourcruiser.com\/fr\/products\/marcus-rashford-x-nike-zoom-mercurial-superfly-9-elite-fg-better-believe-it\/#breadcrumb\"},\"inLanguage\":\"fr-FR\",\"potentialAction\":[{\"@type\":\"ReadAction\",\"target\":[\"https:\/\/tourcruiser.com\/fr\/products\/marcus-rashford-x-nike-zoom-mercurial-superfly-9-elite-fg-better-believe-it\/\"]}]},{\"@type\":\"ImageObject\",\"inLanguage\":\"fr-FR\",\"@id\":\"https:\/\/tourcruiser.com\/fr\/products\/marcus-rashford-x-nike-zoom-mercurial-superfly-9-elite-fg-better-believe-it\/#primaryimage\",\"url\":\"https:\/\/images.novelship.com\/product\/marcus_rashford_x_nike_zoom_mercurial_superfly_9_e_0_47053.jpeg\",\"contentUrl\":\"https:\/\/images.novelship.com\/product\/marcus_rashford_x_nike_zoom_mercurial_superfly_9_e_0_47053.jpeg\"},{\"@type\":\"BreadcrumbList\",\"@id\":\"https:\/\/tourcruiser.com\/fr\/products\/marcus-rashford-x-nike-zoom-mercurial-superfly-9-elite-fg-better-believe-it\/#breadcrumb\",\"itemListElement\":[{\"@type\":\"ListItem\",\"position\":1,\"name\":\"Home\",\"item\":\"https:\/\/tourcruiser.com\/fr\/\"},{\"@type\":\"ListItem\",\"position\":2,\"name\":\"Shop\",\"item\":\"https:\/\/tourcruiser.com\/fr\/shop\/\"},{\"@type\":\"ListItem\",\"position\":3,\"name\":\"Marcus Rashford x Nike Zoom Mercurial Superfly 9 Elite FG 'Better Believe It'\"}]},{\"@type\":\"WebSite\",\"@id\":\"https:\/\/tourcruiser.com\/fr\/#website\",\"url\":\"https:\/\/tourcruiser.com\/fr\/\",\"name\":\"Styloral Jewelry Shop\",\"description\":\"Tourcruiser Sneaker Store \u2014 L\u2019endroit o\u00f9 l\u2019univers rencontre votre singularit\u00e9.\",\"publisher\":{\"@id\":\"https:\/\/tourcruiser.com\/fr\/#organization\"},\"potentialAction\":[{\"@type\":\"SearchAction\",\"target\":{\"@type\":\"EntryPoint\",\"urlTemplate\":\"https:\/\/tourcruiser.com\/fr\/?s={search_term_string}\"},\"query-input\":{\"@type\":\"PropertyValueSpecification\",\"valueRequired\":true,\"valueName\":\"search_term_string\"}}],\"inLanguage\":\"fr-FR\"},{\"@type\":\"Organization\",\"@id\":\"https:\/\/tourcruiser.com\/fr\/#organization\",\"name\":\"STYLORAL PTE. LTD\",\"url\":\"https:\/\/tourcruiser.com\/fr\/\",\"logo\":{\"@type\":\"ImageObject\",\"inLanguage\":\"fr-FR\",\"@id\":\"https:\/\/tourcruiser.com\/fr\/#\/schema\/logo\/image\/\",\"url\":\"https:\/\/www.tourcruiser.com\/wp-content\/uploads\/2025\/12\/logo.png\",\"contentUrl\":\"https:\/\/www.tourcruiser.com\/wp-content\/uploads\/2025\/12\/logo.png\",\"width\":200,\"height\":65,\"caption\":\"STYLORAL PTE. LTD\"},\"image\":{\"@id\":\"https:\/\/tourcruiser.com\/fr\/#\/schema\/logo\/image\/\"}}]}<\/script>\n<!-- \/ Yoast SEO plugin. -->","yoast_head_json":{"title":"Marcus Rashford x Nike Zoom Mercurial Superfly 9 Elite FG 'Better Believe It' - TOURCRUISER PTE. LTD","robots":{"index":"index","follow":"follow","max-snippet":"max-snippet:-1","max-image-preview":"max-image-preview:large","max-video-preview":"max-video-preview:-1"},"canonical":"https:\/\/tourcruiser.com\/fr\/products\/marcus-rashford-x-nike-zoom-mercurial-superfly-9-elite-fg-better-believe-it\/","og_locale":"fr_FR","og_type":"article","og_title":"Marcus Rashford x Nike Zoom Mercurial Superfly 9 Elite FG 'Better Believe It' - TOURCRUISER PTE. LTD","og_description":"Nike Mercurial Superfly 9 Elite \u201d\u201d White\/Black","og_url":"https:\/\/tourcruiser.com\/fr\/products\/marcus-rashford-x-nike-zoom-mercurial-superfly-9-elite-fg-better-believe-it\/","og_site_name":"Tourcruiser Sneaker Store","article_modified_time":"2026-03-14T12:30:27+00:00","twitter_card":"summary_large_image","twitter_image":"https:\/\/images.novelship.com\/product\/marcus_rashford_x_nike_zoom_mercurial_superfly_9_e_0_47053.jpeg","twitter_misc":{"Dur\u00e9e de lecture estim\u00e9e":"1 minute"},"schema":{"@context":"https:\/\/schema.org","@graph":[{"@type":"WebPage","@id":"https:\/\/tourcruiser.com\/fr\/products\/marcus-rashford-x-nike-zoom-mercurial-superfly-9-elite-fg-better-believe-it\/","url":"https:\/\/tourcruiser.com\/fr\/products\/marcus-rashford-x-nike-zoom-mercurial-superfly-9-elite-fg-better-believe-it\/","name":"Marcus Rashford x Nike Zoom Mercurial Superfly 9 Elite FG 'Better Believe It' - TOURCRUISER PTE. LTD","isPartOf":{"@id":"https:\/\/tourcruiser.com\/fr\/#website"},"primaryImageOfPage":{"@id":"https:\/\/tourcruiser.com\/fr\/products\/marcus-rashford-x-nike-zoom-mercurial-superfly-9-elite-fg-better-believe-it\/#primaryimage"},"image":{"@id":"https:\/\/tourcruiser.com\/fr\/products\/marcus-rashford-x-nike-zoom-mercurial-superfly-9-elite-fg-better-believe-it\/#primaryimage"},"thumbnailUrl":"https:\/\/images.novelship.com\/product\/marcus_rashford_x_nike_zoom_mercurial_superfly_9_e_0_47053.jpeg","datePublished":"2026-03-02T09:10:56+00:00","dateModified":"2026-03-14T12:30:27+00:00","breadcrumb":{"@id":"https:\/\/tourcruiser.com\/fr\/products\/marcus-rashford-x-nike-zoom-mercurial-superfly-9-elite-fg-better-believe-it\/#breadcrumb"},"inLanguage":"fr-FR","potentialAction":[{"@type":"ReadAction","target":["https:\/\/tourcruiser.com\/fr\/products\/marcus-rashford-x-nike-zoom-mercurial-superfly-9-elite-fg-better-believe-it\/"]}]},{"@type":"ImageObject","inLanguage":"fr-FR","@id":"https:\/\/tourcruiser.com\/fr\/products\/marcus-rashford-x-nike-zoom-mercurial-superfly-9-elite-fg-better-believe-it\/#primaryimage","url":"https:\/\/images.novelship.com\/product\/marcus_rashford_x_nike_zoom_mercurial_superfly_9_e_0_47053.jpeg","contentUrl":"https:\/\/images.novelship.com\/product\/marcus_rashford_x_nike_zoom_mercurial_superfly_9_e_0_47053.jpeg"},{"@type":"BreadcrumbList","@id":"https:\/\/tourcruiser.com\/fr\/products\/marcus-rashford-x-nike-zoom-mercurial-superfly-9-elite-fg-better-believe-it\/#breadcrumb","itemListElement":[{"@type":"ListItem","position":1,"name":"Home","item":"https:\/\/tourcruiser.com\/fr\/"},{"@type":"ListItem","position":2,"name":"Shop","item":"https:\/\/tourcruiser.com\/fr\/shop\/"},{"@type":"ListItem","position":3,"name":"Marcus Rashford x Nike Zoom Mercurial Superfly 9 Elite FG 'Better Believe It'"}]},{"@type":"WebSite","@id":"https:\/\/tourcruiser.com\/fr\/#website","url":"https:\/\/tourcruiser.com\/fr\/","name":"Styloral Jewelry Shop","description":"Tourcruiser Sneaker Store \u2014 L\u2019endroit o\u00f9 l\u2019univers rencontre votre singularit\u00e9.","publisher":{"@id":"https:\/\/tourcruiser.com\/fr\/#organization"},"potentialAction":[{"@type":"SearchAction","target":{"@type":"EntryPoint","urlTemplate":"https:\/\/tourcruiser.com\/fr\/?s={search_term_string}"},"query-input":{"@type":"PropertyValueSpecification","valueRequired":true,"valueName":"search_term_string"}}],"inLanguage":"fr-FR"},{"@type":"Organization","@id":"https:\/\/tourcruiser.com\/fr\/#organization","name":"STYLORAL PTE. LTD","url":"https:\/\/tourcruiser.com\/fr\/","logo":{"@type":"ImageObject","inLanguage":"fr-FR","@id":"https:\/\/tourcruiser.com\/fr\/#\/schema\/logo\/image\/","url":"https:\/\/www.tourcruiser.com\/wp-content\/uploads\/2025\/12\/logo.png","contentUrl":"https:\/\/www.tourcruiser.com\/wp-content\/uploads\/2025\/12\/logo.png","width":200,"height":65,"caption":"STYLORAL PTE. LTD"},"image":{"@id":"https:\/\/tourcruiser.com\/fr\/#\/schema\/logo\/image\/"}}]}},"_links":{"self":[{"href":"https:\/\/tourcruiser.com\/fr\/wp-json\/wp\/v2\/product\/163635","targetHints":{"allow":["GET"]}}],"collection":[{"href":"https:\/\/tourcruiser.com\/fr\/wp-json\/wp\/v2\/product"}],"about":[{"href":"https:\/\/tourcruiser.com\/fr\/wp-json\/wp\/v2\/types\/product"}],"replies":[{"embeddable":true,"href":"https:\/\/tourcruiser.com\/fr\/wp-json\/wp\/v2\/comments?post=163635"}],"wp:featuredmedia":[{"embeddable":true,"href":"https:\/\/tourcruiser.com\/fr\/wp-json\/wp\/v2\/media\/163636"}],"wp:attachment":[{"href":"https:\/\/tourcruiser.com\/fr\/wp-json\/wp\/v2\/media?parent=163635"}],"wp:term":[{"taxonomy":"product_brand","embeddable":true,"href":"https:\/\/tourcruiser.com\/fr\/wp-json\/wp\/v2\/product_brand?post=163635"},{"taxonomy":"product_cat","embeddable":true,"href":"https:\/\/tourcruiser.com\/fr\/wp-json\/wp\/v2\/product_cat?post=163635"},{"taxonomy":"product_tag","embeddable":true,"href":"https:\/\/tourcruiser.com\/fr\/wp-json\/wp\/v2\/product_tag?post=163635"}],"curies":[{"name":"wp","href":"https:\/\/api.w.org\/{rel}","templated":true}]}}