{"id":162599,"date":"2026-03-02T16:09:21","date_gmt":"2026-03-02T09:09:21","guid":{"rendered":"http:\/\/tourcruiser.com\/product\/aim-leon-dore-x-new-balance-1000-sea-salt-concrete"},"modified":"2026-03-14T19:29:24","modified_gmt":"2026-03-14T12:29:24","slug":"aim-leon-dore-x-new-balance-1000-sea-salt-concrete","status":"publish","type":"product","link":"https:\/\/tourcruiser.com\/fr\/products\/aim-leon-dore-x-new-balance-1000-sea-salt-concrete\/","title":{"rendered":"Aim\u00e9 Leon Dore x New Balance 1000 &lsquo;Sea Salt Concrete&rsquo;"},"content":{"rendered":"<p>D\u00e9couvrez la Aim\u00e9 Leon Dore x New Balance 1000 \u00ab\u00a0Sea Salt Concrete\u00a0\u00bb\u00a0: une collaboration exceptionnelle qui allie style classique et modernit\u00e9. Confectionn\u00e9e en daim et mesh de qualit\u00e9 sup\u00e9rieure, cette sneaker arbore un coloris in\u00e9dit \u00ab\u00a0Sea Salt Concrete\u00a0\u00bb et des d\u00e9tails raffin\u00e9s. La semelle interm\u00e9diaire ENCAP offre un amorti optimal, tandis que la semelle ext\u00e9rieure en caoutchouc garantit une durabilit\u00e9 exceptionnelle. Cette collaboration exclusive est id\u00e9ale pour sublimer vos tenues casual ou streetwear et deviendra vite un incontournable pour les passionn\u00e9s de sneakers et les personnes soucieuses de leur style. <\/p>\n<ul>\n<li><strong>Coloris\u00a0:<\/strong> Blanc\/Argent<\/li>\n<li><strong>Code article\u00a0:<\/strong> M1000AC1<\/li>\n<li><strong>Tige\u00a0:<\/strong> Mesh<\/li>\n<li><strong>Semelle interm\u00e9diaire\u00a0:<\/strong> ABZORB<\/li>\n<li><strong>Couleur\u00a0:<\/strong> Blanc<\/li>\n<li><strong>Ann\u00e9e de sortie\u00a0:<\/strong> 2024<\/li>\n<\/ul>\n","protected":false},"excerpt":{"rendered":"<p>New Balance 1000 \u201d\u201d White\/Silver<\/p>\n","protected":false},"featured_media":162600,"comment_status":"open","ping_status":"closed","template":"","meta":[],"product_brand":[],"product_cat":[10771],"product_tag":[10750,10753,10754,10765,10766,10768,10785],"class_list":{"0":"post-162599","1":"product","2":"type-product","3":"status-publish","4":"has-post-thumbnail","6":"product_cat-new-balance","7":"product_tag-athleisure-shoes","8":"product_tag-gift-for-him","9":"product_tag-lifestyle-casual-shoes","10":"product_tag-lifestyle-shoes-running-inspired","11":"product_tag-new-balance","12":"product_tag-retro-running-shoes","13":"product_tag-trending-deals","14":"wcpa_has_options","16":"first","17":"instock","18":"taxable","19":"shipping-taxable","20":"purchasable","21":"product-type-simple"},"wcpa_form_fields":{"rules":{"pric_overide_base_price":false,"pric_overide_base_price_if_gt_zero":false,"pric_overide_base_price_fully":false,"pric_cal_option_once":false,"pric_use_as_fee":false,"bind_quantity":false,"quantity_bind_formula":false},"fields":[{"type":"color-group","required":true,"elementId":"wcpa-color-group-66c4a928225d2","label":"Taille","inline":true,"priceOptions":"different_for_all","pricingType":"fixed","className":"hassizechart product-shoes-size-eu product-shoes-size","name":"color-group-66c4a928225e2","disp_type":"square","selection_type":"tick-border","disp_size":"50","show_label_inside":true,"adjust_width":true,"cart_display_type":"text","other_text":"Other","cl_rule":"show","col":6,"values":[{"label":"35","value":"EU 35","price":"","pimage":"","pimage_id":"","pthumb":"","color":""},{"label":"36","value":"EU 36","price":"","pimage":"","pimage_id":"","pthumb":"","color":"","selected":true},{"label":"37","value":"EU 37","price":"","pimage":"","pimage_id":"","pthumb":"","color":""},{"label":"37.5","value":"EU 37.5","price":"","pimage":"","pimage_id":"","pthumb":"","color":""},{"label":"38","value":"EU 38","price":"","pimage":"","pimage_id":"","pthumb":"","color":""},{"label":"38.5","value":"EU 38.5","price":"","pimage":"","pimage_id":"","pthumb":"","color":""},{"label":"39","value":"EU 39","price":"","pimage":"","pimage_id":"","pthumb":"","color":""},{"label":"39.5","value":"EU 39.5","price":"","pimage":"","pimage_id":"","pthumb":"","color":""},{"label":"40","value":"EU 40","price":"","pimage":"","pimage_id":"","pthumb":"","color":""},{"label":"40.5","value":"EU 40.5","price":"","pimage":"","pimage_id":"","pthumb":"","color":""},{"label":" 41.5","value":"EU 41.5","price":"","pimage":"","pimage_id":"","pthumb":"","color":""},{"label":"42","value":"EU 42","price":"","pimage":"","pimage_id":"","pthumb":"","color":""},{"label":"42.5","value":"EU 42.5","price":"","pimage":"","pimage_id":"","pthumb":"","color":""},{"label":"43","value":"EU 43","price":"","pimage":"","pimage_id":"","pthumb":"","color":""},{"label":"44","value":"EU 44","price":"","pimage":"","pimage_id":"","pthumb":"","color":""},{"label":"44.5","value":"EU 44.5","price":"","pimage":"","pimage_id":"","pthumb":"","color":""},{"label":"45","value":"EU 45","price":"","pimage":"","pimage_id":"","pthumb":"","color":""},{"label":"45.5","value":"EU 45.5","price":"","pimage":"","pimage_id":"","pthumb":"","color":""},{"label":"46","value":"EU 46","price":"","pimage":"","pimage_id":"","pthumb":"","color":""}],"relations":[{"operator":false,"rules":[]}],"form_id":24803,"form_rules":{"pric_cal_option_once":false,"exclude_from_discount":false,"pric_use_as_fee":false,"fee_label":"Fee","render_after_acb":false,"disp_hide_options_price":false}}]},"yoast_head":"<!-- This site is optimized with the Yoast SEO plugin v26.5 - https:\/\/yoast.com\/wordpress\/plugins\/seo\/ -->\n<title>Aim\u00e9 Leon Dore x New Balance 1000 &#039;Sea Salt Concrete&#039; - TOURCRUISER PTE. LTD<\/title>\n<meta name=\"robots\" content=\"index, follow, max-snippet:-1, max-image-preview:large, max-video-preview:-1\" \/>\n<link rel=\"canonical\" href=\"https:\/\/tourcruiser.com\/fr\/products\/aim-leon-dore-x-new-balance-1000-sea-salt-concrete\/\" \/>\n<meta property=\"og:locale\" content=\"fr_FR\" \/>\n<meta property=\"og:type\" content=\"article\" \/>\n<meta property=\"og:title\" content=\"Aim\u00e9 Leon Dore x New Balance 1000 &#039;Sea Salt Concrete&#039; - TOURCRUISER PTE. LTD\" \/>\n<meta property=\"og:description\" content=\"New Balance 1000 \u201d\u201d White\/Silver\" \/>\n<meta property=\"og:url\" content=\"https:\/\/tourcruiser.com\/fr\/products\/aim-leon-dore-x-new-balance-1000-sea-salt-concrete\/\" \/>\n<meta property=\"og:site_name\" content=\"Tourcruiser Sneaker Store\" \/>\n<meta property=\"article:modified_time\" content=\"2026-03-14T12:29:24+00:00\" \/>\n<meta name=\"twitter:card\" content=\"summary_large_image\" \/>\n<meta name=\"twitter:image\" content=\"https:\/\/images.novelship.com\/product\/aim__leon_dore_x_new_balance_1000__sea_salt_concre_0_83264.jpeg\" \/>\n<meta name=\"twitter:label1\" content=\"Dur\u00e9e de lecture estim\u00e9e\" \/>\n\t<meta name=\"twitter:data1\" content=\"1 minute\" \/>\n<script type=\"application\/ld+json\" class=\"yoast-schema-graph\">{\"@context\":\"https:\/\/schema.org\",\"@graph\":[{\"@type\":\"WebPage\",\"@id\":\"https:\/\/tourcruiser.com\/fr\/products\/aim-leon-dore-x-new-balance-1000-sea-salt-concrete\/\",\"url\":\"https:\/\/tourcruiser.com\/fr\/products\/aim-leon-dore-x-new-balance-1000-sea-salt-concrete\/\",\"name\":\"Aim\u00e9 Leon Dore x New Balance 1000 'Sea Salt Concrete' - TOURCRUISER PTE. LTD\",\"isPartOf\":{\"@id\":\"https:\/\/tourcruiser.com\/fr\/#website\"},\"primaryImageOfPage\":{\"@id\":\"https:\/\/tourcruiser.com\/fr\/products\/aim-leon-dore-x-new-balance-1000-sea-salt-concrete\/#primaryimage\"},\"image\":{\"@id\":\"https:\/\/tourcruiser.com\/fr\/products\/aim-leon-dore-x-new-balance-1000-sea-salt-concrete\/#primaryimage\"},\"thumbnailUrl\":\"https:\/\/images.novelship.com\/product\/aim__leon_dore_x_new_balance_1000__sea_salt_concre_0_83264.jpeg\",\"datePublished\":\"2026-03-02T09:09:21+00:00\",\"dateModified\":\"2026-03-14T12:29:24+00:00\",\"breadcrumb\":{\"@id\":\"https:\/\/tourcruiser.com\/fr\/products\/aim-leon-dore-x-new-balance-1000-sea-salt-concrete\/#breadcrumb\"},\"inLanguage\":\"fr-FR\",\"potentialAction\":[{\"@type\":\"ReadAction\",\"target\":[\"https:\/\/tourcruiser.com\/fr\/products\/aim-leon-dore-x-new-balance-1000-sea-salt-concrete\/\"]}]},{\"@type\":\"ImageObject\",\"inLanguage\":\"fr-FR\",\"@id\":\"https:\/\/tourcruiser.com\/fr\/products\/aim-leon-dore-x-new-balance-1000-sea-salt-concrete\/#primaryimage\",\"url\":\"https:\/\/images.novelship.com\/product\/aim__leon_dore_x_new_balance_1000__sea_salt_concre_0_83264.jpeg\",\"contentUrl\":\"https:\/\/images.novelship.com\/product\/aim__leon_dore_x_new_balance_1000__sea_salt_concre_0_83264.jpeg\"},{\"@type\":\"BreadcrumbList\",\"@id\":\"https:\/\/tourcruiser.com\/fr\/products\/aim-leon-dore-x-new-balance-1000-sea-salt-concrete\/#breadcrumb\",\"itemListElement\":[{\"@type\":\"ListItem\",\"position\":1,\"name\":\"Home\",\"item\":\"https:\/\/tourcruiser.com\/fr\/\"},{\"@type\":\"ListItem\",\"position\":2,\"name\":\"Shop\",\"item\":\"https:\/\/tourcruiser.com\/fr\/shop\/\"},{\"@type\":\"ListItem\",\"position\":3,\"name\":\"Aim\u00e9 Leon Dore x New Balance 1000 'Sea Salt Concrete'\"}]},{\"@type\":\"WebSite\",\"@id\":\"https:\/\/tourcruiser.com\/fr\/#website\",\"url\":\"https:\/\/tourcruiser.com\/fr\/\",\"name\":\"Styloral Jewelry Shop\",\"description\":\"Tourcruiser Sneaker Store \u2014 L\u2019endroit o\u00f9 l\u2019univers rencontre votre singularit\u00e9.\",\"publisher\":{\"@id\":\"https:\/\/tourcruiser.com\/fr\/#organization\"},\"potentialAction\":[{\"@type\":\"SearchAction\",\"target\":{\"@type\":\"EntryPoint\",\"urlTemplate\":\"https:\/\/tourcruiser.com\/fr\/?s={search_term_string}\"},\"query-input\":{\"@type\":\"PropertyValueSpecification\",\"valueRequired\":true,\"valueName\":\"search_term_string\"}}],\"inLanguage\":\"fr-FR\"},{\"@type\":\"Organization\",\"@id\":\"https:\/\/tourcruiser.com\/fr\/#organization\",\"name\":\"STYLORAL PTE. LTD\",\"url\":\"https:\/\/tourcruiser.com\/fr\/\",\"logo\":{\"@type\":\"ImageObject\",\"inLanguage\":\"fr-FR\",\"@id\":\"https:\/\/tourcruiser.com\/fr\/#\/schema\/logo\/image\/\",\"url\":\"https:\/\/www.tourcruiser.com\/wp-content\/uploads\/2025\/12\/logo.png\",\"contentUrl\":\"https:\/\/www.tourcruiser.com\/wp-content\/uploads\/2025\/12\/logo.png\",\"width\":200,\"height\":65,\"caption\":\"STYLORAL PTE. LTD\"},\"image\":{\"@id\":\"https:\/\/tourcruiser.com\/fr\/#\/schema\/logo\/image\/\"}}]}<\/script>\n<!-- \/ Yoast SEO plugin. -->","yoast_head_json":{"title":"Aim\u00e9 Leon Dore x New Balance 1000 'Sea Salt Concrete' - TOURCRUISER PTE. LTD","robots":{"index":"index","follow":"follow","max-snippet":"max-snippet:-1","max-image-preview":"max-image-preview:large","max-video-preview":"max-video-preview:-1"},"canonical":"https:\/\/tourcruiser.com\/fr\/products\/aim-leon-dore-x-new-balance-1000-sea-salt-concrete\/","og_locale":"fr_FR","og_type":"article","og_title":"Aim\u00e9 Leon Dore x New Balance 1000 'Sea Salt Concrete' - TOURCRUISER PTE. LTD","og_description":"New Balance 1000 \u201d\u201d White\/Silver","og_url":"https:\/\/tourcruiser.com\/fr\/products\/aim-leon-dore-x-new-balance-1000-sea-salt-concrete\/","og_site_name":"Tourcruiser Sneaker Store","article_modified_time":"2026-03-14T12:29:24+00:00","twitter_card":"summary_large_image","twitter_image":"https:\/\/images.novelship.com\/product\/aim__leon_dore_x_new_balance_1000__sea_salt_concre_0_83264.jpeg","twitter_misc":{"Dur\u00e9e de lecture estim\u00e9e":"1 minute"},"schema":{"@context":"https:\/\/schema.org","@graph":[{"@type":"WebPage","@id":"https:\/\/tourcruiser.com\/fr\/products\/aim-leon-dore-x-new-balance-1000-sea-salt-concrete\/","url":"https:\/\/tourcruiser.com\/fr\/products\/aim-leon-dore-x-new-balance-1000-sea-salt-concrete\/","name":"Aim\u00e9 Leon Dore x New Balance 1000 'Sea Salt Concrete' - TOURCRUISER PTE. LTD","isPartOf":{"@id":"https:\/\/tourcruiser.com\/fr\/#website"},"primaryImageOfPage":{"@id":"https:\/\/tourcruiser.com\/fr\/products\/aim-leon-dore-x-new-balance-1000-sea-salt-concrete\/#primaryimage"},"image":{"@id":"https:\/\/tourcruiser.com\/fr\/products\/aim-leon-dore-x-new-balance-1000-sea-salt-concrete\/#primaryimage"},"thumbnailUrl":"https:\/\/images.novelship.com\/product\/aim__leon_dore_x_new_balance_1000__sea_salt_concre_0_83264.jpeg","datePublished":"2026-03-02T09:09:21+00:00","dateModified":"2026-03-14T12:29:24+00:00","breadcrumb":{"@id":"https:\/\/tourcruiser.com\/fr\/products\/aim-leon-dore-x-new-balance-1000-sea-salt-concrete\/#breadcrumb"},"inLanguage":"fr-FR","potentialAction":[{"@type":"ReadAction","target":["https:\/\/tourcruiser.com\/fr\/products\/aim-leon-dore-x-new-balance-1000-sea-salt-concrete\/"]}]},{"@type":"ImageObject","inLanguage":"fr-FR","@id":"https:\/\/tourcruiser.com\/fr\/products\/aim-leon-dore-x-new-balance-1000-sea-salt-concrete\/#primaryimage","url":"https:\/\/images.novelship.com\/product\/aim__leon_dore_x_new_balance_1000__sea_salt_concre_0_83264.jpeg","contentUrl":"https:\/\/images.novelship.com\/product\/aim__leon_dore_x_new_balance_1000__sea_salt_concre_0_83264.jpeg"},{"@type":"BreadcrumbList","@id":"https:\/\/tourcruiser.com\/fr\/products\/aim-leon-dore-x-new-balance-1000-sea-salt-concrete\/#breadcrumb","itemListElement":[{"@type":"ListItem","position":1,"name":"Home","item":"https:\/\/tourcruiser.com\/fr\/"},{"@type":"ListItem","position":2,"name":"Shop","item":"https:\/\/tourcruiser.com\/fr\/shop\/"},{"@type":"ListItem","position":3,"name":"Aim\u00e9 Leon Dore x New Balance 1000 'Sea Salt Concrete'"}]},{"@type":"WebSite","@id":"https:\/\/tourcruiser.com\/fr\/#website","url":"https:\/\/tourcruiser.com\/fr\/","name":"Styloral Jewelry Shop","description":"Tourcruiser Sneaker Store \u2014 L\u2019endroit o\u00f9 l\u2019univers rencontre votre singularit\u00e9.","publisher":{"@id":"https:\/\/tourcruiser.com\/fr\/#organization"},"potentialAction":[{"@type":"SearchAction","target":{"@type":"EntryPoint","urlTemplate":"https:\/\/tourcruiser.com\/fr\/?s={search_term_string}"},"query-input":{"@type":"PropertyValueSpecification","valueRequired":true,"valueName":"search_term_string"}}],"inLanguage":"fr-FR"},{"@type":"Organization","@id":"https:\/\/tourcruiser.com\/fr\/#organization","name":"STYLORAL PTE. LTD","url":"https:\/\/tourcruiser.com\/fr\/","logo":{"@type":"ImageObject","inLanguage":"fr-FR","@id":"https:\/\/tourcruiser.com\/fr\/#\/schema\/logo\/image\/","url":"https:\/\/www.tourcruiser.com\/wp-content\/uploads\/2025\/12\/logo.png","contentUrl":"https:\/\/www.tourcruiser.com\/wp-content\/uploads\/2025\/12\/logo.png","width":200,"height":65,"caption":"STYLORAL PTE. LTD"},"image":{"@id":"https:\/\/tourcruiser.com\/fr\/#\/schema\/logo\/image\/"}}]}},"_links":{"self":[{"href":"https:\/\/tourcruiser.com\/fr\/wp-json\/wp\/v2\/product\/162599","targetHints":{"allow":["GET"]}}],"collection":[{"href":"https:\/\/tourcruiser.com\/fr\/wp-json\/wp\/v2\/product"}],"about":[{"href":"https:\/\/tourcruiser.com\/fr\/wp-json\/wp\/v2\/types\/product"}],"replies":[{"embeddable":true,"href":"https:\/\/tourcruiser.com\/fr\/wp-json\/wp\/v2\/comments?post=162599"}],"wp:featuredmedia":[{"embeddable":true,"href":"https:\/\/tourcruiser.com\/fr\/wp-json\/wp\/v2\/media\/162600"}],"wp:attachment":[{"href":"https:\/\/tourcruiser.com\/fr\/wp-json\/wp\/v2\/media?parent=162599"}],"wp:term":[{"taxonomy":"product_brand","embeddable":true,"href":"https:\/\/tourcruiser.com\/fr\/wp-json\/wp\/v2\/product_brand?post=162599"},{"taxonomy":"product_cat","embeddable":true,"href":"https:\/\/tourcruiser.com\/fr\/wp-json\/wp\/v2\/product_cat?post=162599"},{"taxonomy":"product_tag","embeddable":true,"href":"https:\/\/tourcruiser.com\/fr\/wp-json\/wp\/v2\/product_tag?post=162599"}],"curies":[{"name":"wp","href":"https:\/\/api.w.org\/{rel}","templated":true}]}}