{"id":162132,"date":"2026-03-02T16:08:44","date_gmt":"2026-03-02T09:08:44","guid":{"rendered":"http:\/\/tourcruiser.com\/product\/atmos-pink-x-adidas-gazelle-indoor-trinity-leopard-warm-sandstone"},"modified":"2026-03-14T18:10:53","modified_gmt":"2026-03-14T11:10:53","slug":"atmos-pink-x-adidas-gazelle-indoor-trinity-leopard-warm-sandstone","status":"publish","type":"product","link":"https:\/\/tourcruiser.com\/fr\/products\/atmos-pink-x-adidas-gazelle-indoor-trinity-leopard-warm-sandstone\/","title":{"rendered":"atmos Pink x adidas Gazelle Indoor &lsquo;Trinity Leopard Warm Sandstone&rsquo;"},"content":{"rendered":"<p>Plongez au c\u0153ur de la nature avec la atmos Pink x adidas Gazelle Indoor \u00ab Trinity Leopard Warm Sandstone \u00bb \u2013 une fusion audacieuse de style r\u00e9tro et de mode actuelle, con\u00e7ue pour celles et ceux qui veulent se d\u00e9marquer. Ces sneakers exclusives arborent une luxueuse base en gr\u00e8s chaud orn\u00e9e d&rsquo;imprim\u00e9s l\u00e9opard saisissants, m\u00ealant streetwear et \u00e9l\u00e9gance inspir\u00e9e par la nature. Fabriqu\u00e9e \u00e0 partir de mat\u00e9riaux haut de gamme, la chaussure garantit un confort optimal tout en conservant la silhouette iconique de la Gazelle. La semelle en caoutchouc semi-transparente offre un look vintage et une adh\u00e9rence fiable, id\u00e9ale au quotidien. Fruit d&rsquo;une collaboration, cette sneaker capture l&rsquo;essence de l&rsquo;individualit\u00e9 et du charme, ce qui en fait le choix polyvalent pour des sorties d\u00e9contract\u00e9es et des looks qui ne passent pas inaper\u00e7us. Parfaite pour les personnes soucieuses de leur style, elle combine avec aisance tradition et modernit\u00e9, apportant du dynamisme \u00e0 chaque pas. Collectionneur\u00b7euse ou influenceur\u00b7euse, l&rsquo;\u00e9dition limit\u00e9e \u00ab Trinity Leopard Warm Sandstone \u00bb fera sensation partout o\u00f9 vous irez. Ne manquez pas l&rsquo;occasion de sublimer votre style avec ce chef-d&rsquo;\u0153uvre unique sign\u00e9 atmos Pink et adidas. Coloris\u00a0: Sable chaud\/Blanc chaussures\/Or m\u00e9tallis\u00e9 Code article\u00a0: JS4599 Mati\u00e8re ext\u00e9rieure\u00a0: Fourrure Couleur\u00a0: Beige Ann\u00e9e de sortie\u00a0: 2025<\/p>\n","protected":false},"excerpt":{"rendered":"<p>adidas Gazelle \u201d\u201d Warm Sand\/Footwear White\/Gold Metallic<\/p>\n","protected":false},"featured_media":162133,"comment_status":"open","ping_status":"closed","template":"","meta":[],"product_brand":[],"product_cat":[10760],"product_tag":[10759,10750,10754,11460,10756],"class_list":{"0":"post-162132","1":"product","2":"type-product","3":"status-publish","4":"has-post-thumbnail","6":"product_cat-adidas","7":"product_tag-adidas","8":"product_tag-athleisure-shoes","9":"product_tag-lifestyle-casual-shoes","10":"product_tag-lifestyle-shoes-casual","11":"product_tag-retro-casual-shoes","12":"wcpa_has_options","14":"first","15":"instock","16":"taxable","17":"shipping-taxable","18":"purchasable","19":"product-type-simple"},"wcpa_form_fields":{"rules":{"pric_overide_base_price":false,"pric_overide_base_price_if_gt_zero":false,"pric_overide_base_price_fully":false,"pric_cal_option_once":false,"pric_use_as_fee":false,"bind_quantity":false,"quantity_bind_formula":false},"fields":[{"type":"color-group","required":true,"elementId":"wcpa-color-group-66c4a7f817afe","label":"Taille","inline":true,"priceOptions":"different_for_all","pricingType":"fixed","className":"hassizechart product-shoes-size-eu product-shoes-size","name":"color-group-66c4a7f817b18","disp_type":"square","selection_type":"tick-border","disp_size":"50","show_label_inside":true,"adjust_width":true,"cart_display_type":"text","other_text":"Other","cl_rule":"show","col":6,"values":[{"label":"35","value":"EU 35","price":"","pimage":"","pimage_id":"","pthumb":"","color":""},{"label":"35.5","value":"EU 35.5","price":"","pimage":"","pimage_id":"","pthumb":"","color":""},{"label":"36","value":"EU 36","price":"","pimage":"","pimage_id":"","pthumb":"","color":"","selected":true},{"label":"36 2\/3","value":"EU 36 2\/3","price":"","pimage":"","pimage_id":"","pthumb":"","color":""},{"label":"37 1\/3","value":"EU 37 1\/3","price":"","pimage":"","pimage_id":"","pthumb":"","color":""},{"label":"38","value":"EU 38","price":"","pimage":"","pimage_id":"","pthumb":"","color":""},{"label":"38 2\/3","value":"EU 38 2\/3","price":"","pimage":"","pimage_id":"","pthumb":"","color":""},{"label":"39 1\/3","value":"EU 39 1\/3","price":"","pimage":"","pimage_id":"","pthumb":"","color":""},{"label":"40","value":"EU 40","price":"","pimage":"","pimage_id":"","pthumb":"","color":""},{"label":"40 2\/3","value":"EU 40 2\/3","price":"","pimage":"","pimage_id":"","pthumb":"","color":""},{"label":"41 1\/3","value":"EU 41 1\/3","price":"","pimage":"","pimage_id":"","pthumb":"","color":""},{"label":"42","value":"EU 42","price":"","pimage":"","pimage_id":"","pthumb":"","color":""},{"label":"42 2\/3","value":"EU 42 2\/3","price":"","pimage":"","pimage_id":"","pthumb":"","color":""},{"label":"43 1\/3","value":"EU 43 1\/3","price":"","pimage":"","pimage_id":"","pthumb":"","color":""},{"label":"44","value":"EU 44","price":"","pimage":"","pimage_id":"","pthumb":"","color":""},{"label":"44 2\/3","value":"EU 44 2\/3","price":"","pimage":"","pimage_id":"","pthumb":"","color":""},{"label":"45 1\/3","value":"EU 45 1\/3","price":"","pimage":"","pimage_id":"","pthumb":"","color":""},{"label":"46","value":"EU 46","price":"","pimage":"","pimage_id":"","pthumb":"","color":""},{"label":"46 2\/3","value":"EU 46 2\/3","price":"","pimage":"","pimage_id":"","pthumb":"","color":""},{"label":"47 1\/3","value":"EU 47 1\/3","price":"","pimage":"","pimage_id":"","pthumb":"","color":""}],"relations":[{"operator":false,"rules":[]}],"form_id":24802,"form_rules":{"pric_cal_option_once":false,"exclude_from_discount":false,"pric_use_as_fee":false,"fee_label":"Fee","render_after_acb":false,"disp_hide_options_price":false}}]},"yoast_head":"<!-- This site is optimized with the Yoast SEO plugin v26.5 - https:\/\/yoast.com\/wordpress\/plugins\/seo\/ -->\n<title>atmos Pink x adidas Gazelle Indoor &#039;Trinity Leopard Warm Sandstone&#039; - TOURCRUISER PTE. LTD<\/title>\n<meta name=\"robots\" content=\"index, follow, max-snippet:-1, max-image-preview:large, max-video-preview:-1\" \/>\n<link rel=\"canonical\" href=\"https:\/\/tourcruiser.com\/fr\/products\/atmos-pink-x-adidas-gazelle-indoor-trinity-leopard-warm-sandstone\/\" \/>\n<meta property=\"og:locale\" content=\"fr_FR\" \/>\n<meta property=\"og:type\" content=\"article\" \/>\n<meta property=\"og:title\" content=\"atmos Pink x adidas Gazelle Indoor &#039;Trinity Leopard Warm Sandstone&#039; - TOURCRUISER PTE. LTD\" \/>\n<meta property=\"og:description\" content=\"adidas Gazelle \u201d\u201d Warm Sand\/Footwear White\/Gold Metallic\" \/>\n<meta property=\"og:url\" content=\"https:\/\/tourcruiser.com\/fr\/products\/atmos-pink-x-adidas-gazelle-indoor-trinity-leopard-warm-sandstone\/\" \/>\n<meta property=\"og:site_name\" content=\"Tourcruiser Sneaker Store\" \/>\n<meta property=\"article:modified_time\" content=\"2026-03-14T11:10:53+00:00\" \/>\n<meta name=\"twitter:card\" content=\"summary_large_image\" \/>\n<meta name=\"twitter:image\" content=\"https:\/\/images.novelship.com\/product\/atmos_pink_x_adidas_gazelle_indoor__trinity_leopar_0_13547.jpeg\" \/>\n<meta name=\"twitter:label1\" content=\"Dur\u00e9e de lecture estim\u00e9e\" \/>\n\t<meta name=\"twitter:data1\" content=\"1 minute\" \/>\n<script type=\"application\/ld+json\" class=\"yoast-schema-graph\">{\"@context\":\"https:\/\/schema.org\",\"@graph\":[{\"@type\":\"WebPage\",\"@id\":\"https:\/\/tourcruiser.com\/fr\/products\/atmos-pink-x-adidas-gazelle-indoor-trinity-leopard-warm-sandstone\/\",\"url\":\"https:\/\/tourcruiser.com\/fr\/products\/atmos-pink-x-adidas-gazelle-indoor-trinity-leopard-warm-sandstone\/\",\"name\":\"atmos Pink x adidas Gazelle Indoor 'Trinity Leopard Warm Sandstone' - TOURCRUISER PTE. LTD\",\"isPartOf\":{\"@id\":\"https:\/\/tourcruiser.com\/fr\/#website\"},\"primaryImageOfPage\":{\"@id\":\"https:\/\/tourcruiser.com\/fr\/products\/atmos-pink-x-adidas-gazelle-indoor-trinity-leopard-warm-sandstone\/#primaryimage\"},\"image\":{\"@id\":\"https:\/\/tourcruiser.com\/fr\/products\/atmos-pink-x-adidas-gazelle-indoor-trinity-leopard-warm-sandstone\/#primaryimage\"},\"thumbnailUrl\":\"https:\/\/images.novelship.com\/product\/atmos_pink_x_adidas_gazelle_indoor__trinity_leopar_0_13547.jpeg\",\"datePublished\":\"2026-03-02T09:08:44+00:00\",\"dateModified\":\"2026-03-14T11:10:53+00:00\",\"breadcrumb\":{\"@id\":\"https:\/\/tourcruiser.com\/fr\/products\/atmos-pink-x-adidas-gazelle-indoor-trinity-leopard-warm-sandstone\/#breadcrumb\"},\"inLanguage\":\"fr-FR\",\"potentialAction\":[{\"@type\":\"ReadAction\",\"target\":[\"https:\/\/tourcruiser.com\/fr\/products\/atmos-pink-x-adidas-gazelle-indoor-trinity-leopard-warm-sandstone\/\"]}]},{\"@type\":\"ImageObject\",\"inLanguage\":\"fr-FR\",\"@id\":\"https:\/\/tourcruiser.com\/fr\/products\/atmos-pink-x-adidas-gazelle-indoor-trinity-leopard-warm-sandstone\/#primaryimage\",\"url\":\"https:\/\/images.novelship.com\/product\/atmos_pink_x_adidas_gazelle_indoor__trinity_leopar_0_13547.jpeg\",\"contentUrl\":\"https:\/\/images.novelship.com\/product\/atmos_pink_x_adidas_gazelle_indoor__trinity_leopar_0_13547.jpeg\"},{\"@type\":\"BreadcrumbList\",\"@id\":\"https:\/\/tourcruiser.com\/fr\/products\/atmos-pink-x-adidas-gazelle-indoor-trinity-leopard-warm-sandstone\/#breadcrumb\",\"itemListElement\":[{\"@type\":\"ListItem\",\"position\":1,\"name\":\"Home\",\"item\":\"https:\/\/tourcruiser.com\/fr\/\"},{\"@type\":\"ListItem\",\"position\":2,\"name\":\"Shop\",\"item\":\"https:\/\/tourcruiser.com\/fr\/shop\/\"},{\"@type\":\"ListItem\",\"position\":3,\"name\":\"atmos Pink x adidas Gazelle Indoor 'Trinity Leopard Warm Sandstone'\"}]},{\"@type\":\"WebSite\",\"@id\":\"https:\/\/tourcruiser.com\/fr\/#website\",\"url\":\"https:\/\/tourcruiser.com\/fr\/\",\"name\":\"Styloral Jewelry Shop\",\"description\":\"Tourcruiser Sneaker Store \u2014 L\u2019endroit o\u00f9 l\u2019univers rencontre votre singularit\u00e9.\",\"publisher\":{\"@id\":\"https:\/\/tourcruiser.com\/fr\/#organization\"},\"potentialAction\":[{\"@type\":\"SearchAction\",\"target\":{\"@type\":\"EntryPoint\",\"urlTemplate\":\"https:\/\/tourcruiser.com\/fr\/?s={search_term_string}\"},\"query-input\":{\"@type\":\"PropertyValueSpecification\",\"valueRequired\":true,\"valueName\":\"search_term_string\"}}],\"inLanguage\":\"fr-FR\"},{\"@type\":\"Organization\",\"@id\":\"https:\/\/tourcruiser.com\/fr\/#organization\",\"name\":\"STYLORAL PTE. LTD\",\"url\":\"https:\/\/tourcruiser.com\/fr\/\",\"logo\":{\"@type\":\"ImageObject\",\"inLanguage\":\"fr-FR\",\"@id\":\"https:\/\/tourcruiser.com\/fr\/#\/schema\/logo\/image\/\",\"url\":\"https:\/\/www.tourcruiser.com\/wp-content\/uploads\/2025\/12\/logo.png\",\"contentUrl\":\"https:\/\/www.tourcruiser.com\/wp-content\/uploads\/2025\/12\/logo.png\",\"width\":200,\"height\":65,\"caption\":\"STYLORAL PTE. LTD\"},\"image\":{\"@id\":\"https:\/\/tourcruiser.com\/fr\/#\/schema\/logo\/image\/\"}}]}<\/script>\n<!-- \/ Yoast SEO plugin. -->","yoast_head_json":{"title":"atmos Pink x adidas Gazelle Indoor 'Trinity Leopard Warm Sandstone' - TOURCRUISER PTE. LTD","robots":{"index":"index","follow":"follow","max-snippet":"max-snippet:-1","max-image-preview":"max-image-preview:large","max-video-preview":"max-video-preview:-1"},"canonical":"https:\/\/tourcruiser.com\/fr\/products\/atmos-pink-x-adidas-gazelle-indoor-trinity-leopard-warm-sandstone\/","og_locale":"fr_FR","og_type":"article","og_title":"atmos Pink x adidas Gazelle Indoor 'Trinity Leopard Warm Sandstone' - TOURCRUISER PTE. LTD","og_description":"adidas Gazelle \u201d\u201d Warm Sand\/Footwear White\/Gold Metallic","og_url":"https:\/\/tourcruiser.com\/fr\/products\/atmos-pink-x-adidas-gazelle-indoor-trinity-leopard-warm-sandstone\/","og_site_name":"Tourcruiser Sneaker Store","article_modified_time":"2026-03-14T11:10:53+00:00","twitter_card":"summary_large_image","twitter_image":"https:\/\/images.novelship.com\/product\/atmos_pink_x_adidas_gazelle_indoor__trinity_leopar_0_13547.jpeg","twitter_misc":{"Dur\u00e9e de lecture estim\u00e9e":"1 minute"},"schema":{"@context":"https:\/\/schema.org","@graph":[{"@type":"WebPage","@id":"https:\/\/tourcruiser.com\/fr\/products\/atmos-pink-x-adidas-gazelle-indoor-trinity-leopard-warm-sandstone\/","url":"https:\/\/tourcruiser.com\/fr\/products\/atmos-pink-x-adidas-gazelle-indoor-trinity-leopard-warm-sandstone\/","name":"atmos Pink x adidas Gazelle Indoor 'Trinity Leopard Warm Sandstone' - TOURCRUISER PTE. LTD","isPartOf":{"@id":"https:\/\/tourcruiser.com\/fr\/#website"},"primaryImageOfPage":{"@id":"https:\/\/tourcruiser.com\/fr\/products\/atmos-pink-x-adidas-gazelle-indoor-trinity-leopard-warm-sandstone\/#primaryimage"},"image":{"@id":"https:\/\/tourcruiser.com\/fr\/products\/atmos-pink-x-adidas-gazelle-indoor-trinity-leopard-warm-sandstone\/#primaryimage"},"thumbnailUrl":"https:\/\/images.novelship.com\/product\/atmos_pink_x_adidas_gazelle_indoor__trinity_leopar_0_13547.jpeg","datePublished":"2026-03-02T09:08:44+00:00","dateModified":"2026-03-14T11:10:53+00:00","breadcrumb":{"@id":"https:\/\/tourcruiser.com\/fr\/products\/atmos-pink-x-adidas-gazelle-indoor-trinity-leopard-warm-sandstone\/#breadcrumb"},"inLanguage":"fr-FR","potentialAction":[{"@type":"ReadAction","target":["https:\/\/tourcruiser.com\/fr\/products\/atmos-pink-x-adidas-gazelle-indoor-trinity-leopard-warm-sandstone\/"]}]},{"@type":"ImageObject","inLanguage":"fr-FR","@id":"https:\/\/tourcruiser.com\/fr\/products\/atmos-pink-x-adidas-gazelle-indoor-trinity-leopard-warm-sandstone\/#primaryimage","url":"https:\/\/images.novelship.com\/product\/atmos_pink_x_adidas_gazelle_indoor__trinity_leopar_0_13547.jpeg","contentUrl":"https:\/\/images.novelship.com\/product\/atmos_pink_x_adidas_gazelle_indoor__trinity_leopar_0_13547.jpeg"},{"@type":"BreadcrumbList","@id":"https:\/\/tourcruiser.com\/fr\/products\/atmos-pink-x-adidas-gazelle-indoor-trinity-leopard-warm-sandstone\/#breadcrumb","itemListElement":[{"@type":"ListItem","position":1,"name":"Home","item":"https:\/\/tourcruiser.com\/fr\/"},{"@type":"ListItem","position":2,"name":"Shop","item":"https:\/\/tourcruiser.com\/fr\/shop\/"},{"@type":"ListItem","position":3,"name":"atmos Pink x adidas Gazelle Indoor 'Trinity Leopard Warm Sandstone'"}]},{"@type":"WebSite","@id":"https:\/\/tourcruiser.com\/fr\/#website","url":"https:\/\/tourcruiser.com\/fr\/","name":"Styloral Jewelry Shop","description":"Tourcruiser Sneaker Store \u2014 L\u2019endroit o\u00f9 l\u2019univers rencontre votre singularit\u00e9.","publisher":{"@id":"https:\/\/tourcruiser.com\/fr\/#organization"},"potentialAction":[{"@type":"SearchAction","target":{"@type":"EntryPoint","urlTemplate":"https:\/\/tourcruiser.com\/fr\/?s={search_term_string}"},"query-input":{"@type":"PropertyValueSpecification","valueRequired":true,"valueName":"search_term_string"}}],"inLanguage":"fr-FR"},{"@type":"Organization","@id":"https:\/\/tourcruiser.com\/fr\/#organization","name":"STYLORAL PTE. LTD","url":"https:\/\/tourcruiser.com\/fr\/","logo":{"@type":"ImageObject","inLanguage":"fr-FR","@id":"https:\/\/tourcruiser.com\/fr\/#\/schema\/logo\/image\/","url":"https:\/\/www.tourcruiser.com\/wp-content\/uploads\/2025\/12\/logo.png","contentUrl":"https:\/\/www.tourcruiser.com\/wp-content\/uploads\/2025\/12\/logo.png","width":200,"height":65,"caption":"STYLORAL PTE. LTD"},"image":{"@id":"https:\/\/tourcruiser.com\/fr\/#\/schema\/logo\/image\/"}}]}},"_links":{"self":[{"href":"https:\/\/tourcruiser.com\/fr\/wp-json\/wp\/v2\/product\/162132","targetHints":{"allow":["GET"]}}],"collection":[{"href":"https:\/\/tourcruiser.com\/fr\/wp-json\/wp\/v2\/product"}],"about":[{"href":"https:\/\/tourcruiser.com\/fr\/wp-json\/wp\/v2\/types\/product"}],"replies":[{"embeddable":true,"href":"https:\/\/tourcruiser.com\/fr\/wp-json\/wp\/v2\/comments?post=162132"}],"wp:featuredmedia":[{"embeddable":true,"href":"https:\/\/tourcruiser.com\/fr\/wp-json\/wp\/v2\/media\/162133"}],"wp:attachment":[{"href":"https:\/\/tourcruiser.com\/fr\/wp-json\/wp\/v2\/media?parent=162132"}],"wp:term":[{"taxonomy":"product_brand","embeddable":true,"href":"https:\/\/tourcruiser.com\/fr\/wp-json\/wp\/v2\/product_brand?post=162132"},{"taxonomy":"product_cat","embeddable":true,"href":"https:\/\/tourcruiser.com\/fr\/wp-json\/wp\/v2\/product_cat?post=162132"},{"taxonomy":"product_tag","embeddable":true,"href":"https:\/\/tourcruiser.com\/fr\/wp-json\/wp\/v2\/product_tag?post=162132"}],"curies":[{"name":"wp","href":"https:\/\/api.w.org\/{rel}","templated":true}]}}