{"id":161047,"date":"2026-03-02T16:07:08","date_gmt":"2026-03-02T09:07:08","guid":{"rendered":"http:\/\/tourcruiser.com\/product\/nike-court-zoom-vapor-cage-4-rapha-blue-void-blue"},"modified":"2026-03-19T14:59:30","modified_gmt":"2026-03-19T07:59:30","slug":"nike-court-zoom-vapor-cage-4-rapha-blue-void-blue","status":"publish","type":"product","link":"https:\/\/tourcruiser.com\/fr\/products\/nike-court-zoom-vapor-cage-4-rapha-blue-void-blue\/","title":{"rendered":"Nike Court Zoom Vapor Cage 4 Rapha &lsquo;Blue Void Blue&rsquo;"},"content":{"rendered":"<p>D\u00e9couvrez des performances et une durabilit\u00e9 exceptionnelles avec la Nike Court Zoom Vapor Cage 4 Rapha \u00ab\u00a0Blue Void Blue\u00a0\u00bb DD1579-401, une chaussure de tennis con\u00e7ue pour les joueurs qui privil\u00e9gient l&rsquo;agilit\u00e9, la stabilit\u00e9 et le style. Cette chaussure haut de gamme allie technologie de pointe et mat\u00e9riaux l\u00e9gers. Son amorti Zoom Air r\u00e9actif absorbe les chocs et permet des mouvements explosifs sur le court. La semelle ext\u00e9rieure r\u00e9sistante garantit une excellente adh\u00e9rence et supporte m\u00eame les matchs les plus intenses, tandis que le syst\u00e8me de la\u00e7age innovant assure un maintien optimal. Le coloris \u00ab\u00a0Blue Void Blue\u00a0\u00bb lui conf\u00e8re un look \u00e0 la fois \u00e9l\u00e9gant et audacieux, id\u00e9al pour les athl\u00e8tes et les passionn\u00e9s de sport. Con\u00e7ue pour un confort et des performances optimales, la chaussure est dot\u00e9e de zones renforc\u00e9es pour une durabilit\u00e9 accrue, m\u00eame lors des matchs les plus exigeants. La Nike Court Zoom Vapor Cage 4 Rapha est parfaite pour les changements de direction rapides et les virages brusques, optimisant votre jeu pour que vous puissiez vous concentrer pleinement sur vos performances. Que vous soyez professionnel ou amateur ambitieux, cette chaussure con\u00e7ue avec soin, qui allie le design embl\u00e9matique de Nike \u00e0 une fonctionnalit\u00e9 in\u00e9gal\u00e9e sur le terrain, vous permettra d&rsquo;am\u00e9liorer votre jeu. B\u00e9n\u00e9ficiez d&rsquo;une pr\u00e9cision chirurgicale et prenez l&rsquo;avantage sur vos adversaires gr\u00e2ce \u00e0 un parfait \u00e9quilibre entre innovation, performance et style. Coloris\u00a0: Bleu Void\/Bleu Void\/Bleu Laser. R\u00e9f\u00e9rence\u00a0: DD1579-401. Tige\u00a0: Mesh. Semelle interm\u00e9diaire\u00a0: Zoom Air. Couleur\u00a0: Bleu.<\/p>\n","protected":false},"excerpt":{"rendered":"<p>Nike None \u201d\u201d Blue Void\/Blue Void\/Laser Blue<\/p>\n","protected":false},"featured_media":161048,"comment_status":"open","ping_status":"closed","template":"","meta":[],"product_brand":[],"product_cat":[10803],"product_tag":[11081,10753,10801,10802,11082,10758],"class_list":{"0":"post-161047","1":"product","2":"type-product","3":"status-publish","4":"has-post-thumbnail","6":"product_cat-nike","7":"product_tag-clay-court-tennis-shoes","8":"product_tag-gift-for-him","9":"product_tag-nike","10":"product_tag-performance-sport-shoes","11":"product_tag-tennis-shoes","12":"product_tag-under-retail","13":"wcpa_has_options","15":"first","16":"outofstock","17":"taxable","18":"shipping-taxable","19":"purchasable","20":"product-type-simple"},"wcpa_form_fields":{"rules":{"pric_overide_base_price":false,"pric_overide_base_price_if_gt_zero":false,"pric_overide_base_price_fully":false,"pric_cal_option_once":false,"pric_use_as_fee":false,"bind_quantity":false,"quantity_bind_formula":false},"fields":[{"type":"color-group","required":true,"elementId":"wcpa-color-group-66c4a75505e74","label":"Taille","inline":true,"priceOptions":"different_for_all","pricingType":"fixed","className":"hassizechart product-shoes-size-eu product-shoes-size","name":"color-group-66c4a75505e89","disp_type":"square","selection_type":"tick-border","disp_size":"44","show_label_inside":true,"adjust_width":true,"cart_display_type":"text","other_text":"Other","cl_rule":"show","col":6,"values":[{"label":"35.5","value":"EU 35.5","price":"","pimage":"","pimage_id":"","pthumb":"","color":""},{"label":"36","value":"EU 36","price":"","pimage":"","pimage_id":"","pthumb":"","color":"","selected":true},{"label":"36.5","value":"EU 36.5","price":"","pimage":"","pimage_id":"","pthumb":"","color":""},{"label":"37.5","value":"EU 37.5","price":"","pimage":"","pimage_id":"","pthumb":"","color":""},{"label":"38","value":"EU 38","price":"","pimage":"","pimage_id":"","pthumb":"","color":""},{"label":"38.5","value":"EU 38.5","price":"","pimage":"","pimage_id":"","pthumb":"","color":""},{"label":"39","value":"EU 39","price":"","pimage":"","pimage_id":"","pthumb":"","color":""},{"label":"40","value":"EU 40","price":"","pimage":"","pimage_id":"","pthumb":"","color":""},{"label":"40.5","value":"EU 40.5","price":"","pimage":"","pimage_id":"","pthumb":"","color":""},{"label":"41","value":"EU 41","price":"","pimage":"","pimage_id":"","pthumb":"","color":""},{"label":"42","value":"EU 42","price":"","pimage":"","pimage_id":"","pthumb":"","color":""},{"label":"42.5","value":"EU 42.5","price":"","pimage":"","pimage_id":"","pthumb":"","color":""},{"label":"43","value":"EU 43","price":"","pimage":"","pimage_id":"","pthumb":"","color":""},{"label":"44","value":"EU 44","price":"","pimage":"","pimage_id":"","pthumb":"","color":""},{"label":"44.5","value":"EU 44.5","price":"","pimage":"","pimage_id":"","pthumb":"","color":""},{"label":"45","value":"EU 45","price":"","pimage":"","pimage_id":"","pthumb":"","color":""},{"label":"45.5","value":"EU 45.5","price":"","pimage":"","pimage_id":"","pthumb":"","color":""},{"label":"46","value":"EU 46","price":"","pimage":"","pimage_id":"","pthumb":"","color":""},{"label":"47","value":"EU 47","price":"","pimage":"","pimage_id":"","pthumb":"","color":""},{"label":"47.5","value":"EU 47.5","price":"","pimage":"","pimage_id":"","pthumb":"","color":""},{"label":"48","value":"EU 48","price":"","pimage":"","pimage_id":"","pthumb":"","color":""}],"relations":[{"operator":false,"rules":[]}],"form_id":18106,"form_rules":{"pric_cal_option_once":false,"exclude_from_discount":false,"pric_use_as_fee":false,"fee_label":"Fee","render_after_acb":false,"disp_hide_options_price":false}}]},"yoast_head":"<!-- This site is optimized with the Yoast SEO plugin v26.5 - https:\/\/yoast.com\/wordpress\/plugins\/seo\/ -->\n<title>Nike Court Zoom Vapor Cage 4 Rapha &#039;Blue Void Blue&#039; - TOURCRUISER PTE. LTD<\/title>\n<meta name=\"robots\" content=\"index, follow, max-snippet:-1, max-image-preview:large, max-video-preview:-1\" \/>\n<link rel=\"canonical\" href=\"https:\/\/tourcruiser.com\/fr\/products\/nike-court-zoom-vapor-cage-4-rapha-blue-void-blue\/\" \/>\n<meta property=\"og:locale\" content=\"fr_FR\" \/>\n<meta property=\"og:type\" content=\"article\" \/>\n<meta property=\"og:title\" content=\"Nike Court Zoom Vapor Cage 4 Rapha &#039;Blue Void Blue&#039; - TOURCRUISER PTE. LTD\" \/>\n<meta property=\"og:description\" content=\"Nike None \u201d\u201d Blue Void\/Blue Void\/Laser Blue\" \/>\n<meta property=\"og:url\" content=\"https:\/\/tourcruiser.com\/fr\/products\/nike-court-zoom-vapor-cage-4-rapha-blue-void-blue\/\" \/>\n<meta property=\"og:site_name\" content=\"Tourcruiser Sneaker Store\" \/>\n<meta property=\"article:modified_time\" content=\"2026-03-19T07:59:30+00:00\" \/>\n<meta name=\"twitter:card\" content=\"summary_large_image\" \/>\n<meta name=\"twitter:image\" content=\"https:\/\/images.novelship.com\/product\/nike_court_zoom_vapor_cage_4_rapha__blue_void_blue_0_24513.jpeg\" \/>\n<meta name=\"twitter:label1\" content=\"Dur\u00e9e de lecture estim\u00e9e\" \/>\n\t<meta name=\"twitter:data1\" content=\"1 minute\" \/>\n<script type=\"application\/ld+json\" class=\"yoast-schema-graph\">{\"@context\":\"https:\/\/schema.org\",\"@graph\":[{\"@type\":\"WebPage\",\"@id\":\"https:\/\/tourcruiser.com\/fr\/products\/nike-court-zoom-vapor-cage-4-rapha-blue-void-blue\/\",\"url\":\"https:\/\/tourcruiser.com\/fr\/products\/nike-court-zoom-vapor-cage-4-rapha-blue-void-blue\/\",\"name\":\"Nike Court Zoom Vapor Cage 4 Rapha 'Blue Void Blue' - TOURCRUISER PTE. LTD\",\"isPartOf\":{\"@id\":\"https:\/\/tourcruiser.com\/fr\/#website\"},\"primaryImageOfPage\":{\"@id\":\"https:\/\/tourcruiser.com\/fr\/products\/nike-court-zoom-vapor-cage-4-rapha-blue-void-blue\/#primaryimage\"},\"image\":{\"@id\":\"https:\/\/tourcruiser.com\/fr\/products\/nike-court-zoom-vapor-cage-4-rapha-blue-void-blue\/#primaryimage\"},\"thumbnailUrl\":\"https:\/\/images.novelship.com\/product\/nike_court_zoom_vapor_cage_4_rapha__blue_void_blue_0_24513.jpeg\",\"datePublished\":\"2026-03-02T09:07:08+00:00\",\"dateModified\":\"2026-03-19T07:59:30+00:00\",\"breadcrumb\":{\"@id\":\"https:\/\/tourcruiser.com\/fr\/products\/nike-court-zoom-vapor-cage-4-rapha-blue-void-blue\/#breadcrumb\"},\"inLanguage\":\"fr-FR\",\"potentialAction\":[{\"@type\":\"ReadAction\",\"target\":[\"https:\/\/tourcruiser.com\/fr\/products\/nike-court-zoom-vapor-cage-4-rapha-blue-void-blue\/\"]}]},{\"@type\":\"ImageObject\",\"inLanguage\":\"fr-FR\",\"@id\":\"https:\/\/tourcruiser.com\/fr\/products\/nike-court-zoom-vapor-cage-4-rapha-blue-void-blue\/#primaryimage\",\"url\":\"https:\/\/images.novelship.com\/product\/nike_court_zoom_vapor_cage_4_rapha__blue_void_blue_0_24513.jpeg\",\"contentUrl\":\"https:\/\/images.novelship.com\/product\/nike_court_zoom_vapor_cage_4_rapha__blue_void_blue_0_24513.jpeg\"},{\"@type\":\"BreadcrumbList\",\"@id\":\"https:\/\/tourcruiser.com\/fr\/products\/nike-court-zoom-vapor-cage-4-rapha-blue-void-blue\/#breadcrumb\",\"itemListElement\":[{\"@type\":\"ListItem\",\"position\":1,\"name\":\"Home\",\"item\":\"https:\/\/tourcruiser.com\/fr\/\"},{\"@type\":\"ListItem\",\"position\":2,\"name\":\"Shop\",\"item\":\"https:\/\/tourcruiser.com\/fr\/shop\/\"},{\"@type\":\"ListItem\",\"position\":3,\"name\":\"Nike Court Zoom Vapor Cage 4 Rapha 'Blue Void Blue'\"}]},{\"@type\":\"WebSite\",\"@id\":\"https:\/\/tourcruiser.com\/fr\/#website\",\"url\":\"https:\/\/tourcruiser.com\/fr\/\",\"name\":\"Styloral Jewelry Shop\",\"description\":\"Tourcruiser Sneaker Store \u2014 L\u2019endroit o\u00f9 l\u2019univers rencontre votre singularit\u00e9.\",\"publisher\":{\"@id\":\"https:\/\/tourcruiser.com\/fr\/#organization\"},\"potentialAction\":[{\"@type\":\"SearchAction\",\"target\":{\"@type\":\"EntryPoint\",\"urlTemplate\":\"https:\/\/tourcruiser.com\/fr\/?s={search_term_string}\"},\"query-input\":{\"@type\":\"PropertyValueSpecification\",\"valueRequired\":true,\"valueName\":\"search_term_string\"}}],\"inLanguage\":\"fr-FR\"},{\"@type\":\"Organization\",\"@id\":\"https:\/\/tourcruiser.com\/fr\/#organization\",\"name\":\"STYLORAL PTE. LTD\",\"url\":\"https:\/\/tourcruiser.com\/fr\/\",\"logo\":{\"@type\":\"ImageObject\",\"inLanguage\":\"fr-FR\",\"@id\":\"https:\/\/tourcruiser.com\/fr\/#\/schema\/logo\/image\/\",\"url\":\"https:\/\/www.tourcruiser.com\/wp-content\/uploads\/2025\/12\/logo.png\",\"contentUrl\":\"https:\/\/www.tourcruiser.com\/wp-content\/uploads\/2025\/12\/logo.png\",\"width\":200,\"height\":65,\"caption\":\"STYLORAL PTE. LTD\"},\"image\":{\"@id\":\"https:\/\/tourcruiser.com\/fr\/#\/schema\/logo\/image\/\"}}]}<\/script>\n<!-- \/ Yoast SEO plugin. -->","yoast_head_json":{"title":"Nike Court Zoom Vapor Cage 4 Rapha 'Blue Void Blue' - TOURCRUISER PTE. LTD","robots":{"index":"index","follow":"follow","max-snippet":"max-snippet:-1","max-image-preview":"max-image-preview:large","max-video-preview":"max-video-preview:-1"},"canonical":"https:\/\/tourcruiser.com\/fr\/products\/nike-court-zoom-vapor-cage-4-rapha-blue-void-blue\/","og_locale":"fr_FR","og_type":"article","og_title":"Nike Court Zoom Vapor Cage 4 Rapha 'Blue Void Blue' - TOURCRUISER PTE. LTD","og_description":"Nike None \u201d\u201d Blue Void\/Blue Void\/Laser Blue","og_url":"https:\/\/tourcruiser.com\/fr\/products\/nike-court-zoom-vapor-cage-4-rapha-blue-void-blue\/","og_site_name":"Tourcruiser Sneaker Store","article_modified_time":"2026-03-19T07:59:30+00:00","twitter_card":"summary_large_image","twitter_image":"https:\/\/images.novelship.com\/product\/nike_court_zoom_vapor_cage_4_rapha__blue_void_blue_0_24513.jpeg","twitter_misc":{"Dur\u00e9e de lecture estim\u00e9e":"1 minute"},"schema":{"@context":"https:\/\/schema.org","@graph":[{"@type":"WebPage","@id":"https:\/\/tourcruiser.com\/fr\/products\/nike-court-zoom-vapor-cage-4-rapha-blue-void-blue\/","url":"https:\/\/tourcruiser.com\/fr\/products\/nike-court-zoom-vapor-cage-4-rapha-blue-void-blue\/","name":"Nike Court Zoom Vapor Cage 4 Rapha 'Blue Void Blue' - TOURCRUISER PTE. LTD","isPartOf":{"@id":"https:\/\/tourcruiser.com\/fr\/#website"},"primaryImageOfPage":{"@id":"https:\/\/tourcruiser.com\/fr\/products\/nike-court-zoom-vapor-cage-4-rapha-blue-void-blue\/#primaryimage"},"image":{"@id":"https:\/\/tourcruiser.com\/fr\/products\/nike-court-zoom-vapor-cage-4-rapha-blue-void-blue\/#primaryimage"},"thumbnailUrl":"https:\/\/images.novelship.com\/product\/nike_court_zoom_vapor_cage_4_rapha__blue_void_blue_0_24513.jpeg","datePublished":"2026-03-02T09:07:08+00:00","dateModified":"2026-03-19T07:59:30+00:00","breadcrumb":{"@id":"https:\/\/tourcruiser.com\/fr\/products\/nike-court-zoom-vapor-cage-4-rapha-blue-void-blue\/#breadcrumb"},"inLanguage":"fr-FR","potentialAction":[{"@type":"ReadAction","target":["https:\/\/tourcruiser.com\/fr\/products\/nike-court-zoom-vapor-cage-4-rapha-blue-void-blue\/"]}]},{"@type":"ImageObject","inLanguage":"fr-FR","@id":"https:\/\/tourcruiser.com\/fr\/products\/nike-court-zoom-vapor-cage-4-rapha-blue-void-blue\/#primaryimage","url":"https:\/\/images.novelship.com\/product\/nike_court_zoom_vapor_cage_4_rapha__blue_void_blue_0_24513.jpeg","contentUrl":"https:\/\/images.novelship.com\/product\/nike_court_zoom_vapor_cage_4_rapha__blue_void_blue_0_24513.jpeg"},{"@type":"BreadcrumbList","@id":"https:\/\/tourcruiser.com\/fr\/products\/nike-court-zoom-vapor-cage-4-rapha-blue-void-blue\/#breadcrumb","itemListElement":[{"@type":"ListItem","position":1,"name":"Home","item":"https:\/\/tourcruiser.com\/fr\/"},{"@type":"ListItem","position":2,"name":"Shop","item":"https:\/\/tourcruiser.com\/fr\/shop\/"},{"@type":"ListItem","position":3,"name":"Nike Court Zoom Vapor Cage 4 Rapha 'Blue Void Blue'"}]},{"@type":"WebSite","@id":"https:\/\/tourcruiser.com\/fr\/#website","url":"https:\/\/tourcruiser.com\/fr\/","name":"Styloral Jewelry Shop","description":"Tourcruiser Sneaker Store \u2014 L\u2019endroit o\u00f9 l\u2019univers rencontre votre singularit\u00e9.","publisher":{"@id":"https:\/\/tourcruiser.com\/fr\/#organization"},"potentialAction":[{"@type":"SearchAction","target":{"@type":"EntryPoint","urlTemplate":"https:\/\/tourcruiser.com\/fr\/?s={search_term_string}"},"query-input":{"@type":"PropertyValueSpecification","valueRequired":true,"valueName":"search_term_string"}}],"inLanguage":"fr-FR"},{"@type":"Organization","@id":"https:\/\/tourcruiser.com\/fr\/#organization","name":"STYLORAL PTE. LTD","url":"https:\/\/tourcruiser.com\/fr\/","logo":{"@type":"ImageObject","inLanguage":"fr-FR","@id":"https:\/\/tourcruiser.com\/fr\/#\/schema\/logo\/image\/","url":"https:\/\/www.tourcruiser.com\/wp-content\/uploads\/2025\/12\/logo.png","contentUrl":"https:\/\/www.tourcruiser.com\/wp-content\/uploads\/2025\/12\/logo.png","width":200,"height":65,"caption":"STYLORAL PTE. LTD"},"image":{"@id":"https:\/\/tourcruiser.com\/fr\/#\/schema\/logo\/image\/"}}]}},"_links":{"self":[{"href":"https:\/\/tourcruiser.com\/fr\/wp-json\/wp\/v2\/product\/161047","targetHints":{"allow":["GET"]}}],"collection":[{"href":"https:\/\/tourcruiser.com\/fr\/wp-json\/wp\/v2\/product"}],"about":[{"href":"https:\/\/tourcruiser.com\/fr\/wp-json\/wp\/v2\/types\/product"}],"replies":[{"embeddable":true,"href":"https:\/\/tourcruiser.com\/fr\/wp-json\/wp\/v2\/comments?post=161047"}],"wp:featuredmedia":[{"embeddable":true,"href":"https:\/\/tourcruiser.com\/fr\/wp-json\/wp\/v2\/media\/161048"}],"wp:attachment":[{"href":"https:\/\/tourcruiser.com\/fr\/wp-json\/wp\/v2\/media?parent=161047"}],"wp:term":[{"taxonomy":"product_brand","embeddable":true,"href":"https:\/\/tourcruiser.com\/fr\/wp-json\/wp\/v2\/product_brand?post=161047"},{"taxonomy":"product_cat","embeddable":true,"href":"https:\/\/tourcruiser.com\/fr\/wp-json\/wp\/v2\/product_cat?post=161047"},{"taxonomy":"product_tag","embeddable":true,"href":"https:\/\/tourcruiser.com\/fr\/wp-json\/wp\/v2\/product_tag?post=161047"}],"curies":[{"name":"wp","href":"https:\/\/api.w.org\/{rel}","templated":true}]}}