{"id":16020,"date":"2026-02-20T15:04:10","date_gmt":"2026-02-20T08:04:10","guid":{"rendered":"http:\/\/tourcruiser.com\/product\/swarovski-x-nike-wmns-air-zoom-pegasus-premium-blue-force-im7384-499"},"modified":"2026-03-14T17:47:56","modified_gmt":"2026-03-14T10:47:56","slug":"swarovski-x-nike-wmns-air-zoom-pegasus-premium-blue-force-im7384-499","status":"publish","type":"product","link":"https:\/\/tourcruiser.com\/fr\/products\/swarovski-x-nike-wmns-air-zoom-pegasus-premium-blue-force-im7384-499\/","title":{"rendered":"Nike Swarovski x Wmns Air Zoom Pegasus Premium &lsquo;Blue Force&rsquo;"},"content":{"rendered":"<p>D\u00e9couvrez une \u00e9l\u00e9gance et des performances in\u00e9gal\u00e9es avec la Swarovski x Nike Air Zoom Pegasus Premium \u00ab\u00a0Blue Force\u00a0\u00bb IM7384-499 \u2013 une chaussure luxueuse qui allie \u00e0 la perfection confort, style et innovation, con\u00e7ue sp\u00e9cialement pour les femmes. Cette sneaker iconique arbore une superbe palette de bleus et est orn\u00e9e de cristaux Swarovski \u00e9tincelants qui ajoutent une touche d&rsquo;\u00e9l\u00e9gance \u00e0 chaque pas. Gr\u00e2ce \u00e0 la technologie Air Zoom de Nike, elle offre un amorti et une r\u00e9activit\u00e9 exceptionnels pour des transitions fluides, que vous couriez, vous entra\u00eeniez ou vous d\u00e9tendiez. L&#8217;empeigne l\u00e9g\u00e8re et respirante assure un maintien s\u00fbr et confortable, tandis que la semelle ext\u00e9rieure r\u00e9sistante offre une excellente adh\u00e9rence et une grande durabilit\u00e9. Que vous souhaitiez sublimer votre tenue de sport ou affirmer votre style, ces sneakers premium combinent les performances innovantes qui font la renomm\u00e9e de Nike \u00e0 l&rsquo;\u00e9clat incomparable de Swarovski. La Swarovski x Nike Air Zoom Pegasus Premium est bien plus qu&rsquo;une simple chaussure\u00a0: c&rsquo;est un hommage \u00e0 l&rsquo;innovation moderne et au luxe intemporel. Elle est parfaite pour les athl\u00e8tes ambitieuses et les femmes soucieuses de leur style. D\u00e9couvrez l&rsquo;alliance parfaite entre fonctionnalit\u00e9 et \u00e9l\u00e9gance avec ces sneakers exclusives qui red\u00e9finissent la mode fitness. Coloris\u00a0: Bleu Force\/Bleu Force\/Bleu Void\/Argent M\u00e9tallis\u00e9. R\u00e9f\u00e9rence\u00a0: IM7384-499. Tige\u00a0: Textile. Semelle interm\u00e9diaire\u00a0: Zoom Air. Couleur\u00a0: Bleu. Ann\u00e9e de sortie\u00a0: 2025.<\/p>\n","protected":false},"excerpt":{"rendered":"<p>Nike Pegasus Premium \u2014 Blue Force\/Blue Force\/Blue Void\/Metallic Silver<\/p>\n","protected":false},"featured_media":16021,"comment_status":"open","ping_status":"closed","template":"","meta":[],"product_brand":[],"product_cat":[6654],"product_tag":[],"class_list":{"0":"post-16020","1":"product","2":"type-product","3":"status-publish","4":"has-post-thumbnail","6":"product_cat-nike-2026","7":"wcpa_has_options","9":"first","10":"instock","11":"taxable","12":"shipping-taxable","13":"purchasable","14":"product-type-simple"},"wcpa_form_fields":{"rules":{"pric_overide_base_price":false,"pric_overide_base_price_if_gt_zero":false,"pric_overide_base_price_fully":false,"pric_cal_option_once":false,"pric_use_as_fee":false,"bind_quantity":false,"quantity_bind_formula":false},"fields":[{"type":"color-group","required":true,"elementId":"wcpa-color-group-66c4a75505e74","label":"Taille","inline":true,"priceOptions":"different_for_all","pricingType":"fixed","className":"hassizechart product-shoes-size-eu product-shoes-size","name":"color-group-66c4a75505e89","disp_type":"square","selection_type":"tick-border","disp_size":"44","show_label_inside":true,"adjust_width":true,"cart_display_type":"text","other_text":"Other","cl_rule":"show","col":6,"values":[{"label":"35.5","value":"EU 35.5","price":"","pimage":"","pimage_id":"","pthumb":"","color":""},{"label":"36","value":"EU 36","price":"","pimage":"","pimage_id":"","pthumb":"","color":"","selected":true},{"label":"36.5","value":"EU 36.5","price":"","pimage":"","pimage_id":"","pthumb":"","color":""},{"label":"37.5","value":"EU 37.5","price":"","pimage":"","pimage_id":"","pthumb":"","color":""},{"label":"38","value":"EU 38","price":"","pimage":"","pimage_id":"","pthumb":"","color":""},{"label":"38.5","value":"EU 38.5","price":"","pimage":"","pimage_id":"","pthumb":"","color":""},{"label":"39","value":"EU 39","price":"","pimage":"","pimage_id":"","pthumb":"","color":""},{"label":"40","value":"EU 40","price":"","pimage":"","pimage_id":"","pthumb":"","color":""},{"label":"40.5","value":"EU 40.5","price":"","pimage":"","pimage_id":"","pthumb":"","color":""},{"label":"41","value":"EU 41","price":"","pimage":"","pimage_id":"","pthumb":"","color":""},{"label":"42","value":"EU 42","price":"","pimage":"","pimage_id":"","pthumb":"","color":""},{"label":"42.5","value":"EU 42.5","price":"","pimage":"","pimage_id":"","pthumb":"","color":""},{"label":"43","value":"EU 43","price":"","pimage":"","pimage_id":"","pthumb":"","color":""},{"label":"44","value":"EU 44","price":"","pimage":"","pimage_id":"","pthumb":"","color":""},{"label":"44.5","value":"EU 44.5","price":"","pimage":"","pimage_id":"","pthumb":"","color":""},{"label":"45","value":"EU 45","price":"","pimage":"","pimage_id":"","pthumb":"","color":""},{"label":"45.5","value":"EU 45.5","price":"","pimage":"","pimage_id":"","pthumb":"","color":""},{"label":"46","value":"EU 46","price":"","pimage":"","pimage_id":"","pthumb":"","color":""},{"label":"47","value":"EU 47","price":"","pimage":"","pimage_id":"","pthumb":"","color":""},{"label":"47.5","value":"EU 47.5","price":"","pimage":"","pimage_id":"","pthumb":"","color":""},{"label":"48","value":"EU 48","price":"","pimage":"","pimage_id":"","pthumb":"","color":""}],"relations":[{"operator":false,"rules":[]}],"form_id":18106,"form_rules":{"pric_cal_option_once":false,"exclude_from_discount":false,"pric_use_as_fee":false,"fee_label":"Fee","render_after_acb":false,"disp_hide_options_price":false}}]},"yoast_head":"<!-- This site is optimized with the Yoast SEO plugin v26.5 - https:\/\/yoast.com\/wordpress\/plugins\/seo\/ -->\n<title>Nike Swarovski x Wmns Air Zoom Pegasus Premium &#039;Blue Force&#039; - TOURCRUISER PTE. LTD<\/title>\n<meta name=\"robots\" content=\"index, follow, max-snippet:-1, max-image-preview:large, max-video-preview:-1\" \/>\n<link rel=\"canonical\" href=\"https:\/\/tourcruiser.com\/fr\/products\/swarovski-x-nike-wmns-air-zoom-pegasus-premium-blue-force-im7384-499\/\" \/>\n<meta property=\"og:locale\" content=\"fr_FR\" \/>\n<meta property=\"og:type\" content=\"article\" \/>\n<meta property=\"og:title\" content=\"Nike Swarovski x Wmns Air Zoom Pegasus Premium &#039;Blue Force&#039; - TOURCRUISER PTE. LTD\" \/>\n<meta property=\"og:description\" content=\"Nike Pegasus Premium \u2014 Blue Force\/Blue Force\/Blue Void\/Metallic Silver\" \/>\n<meta property=\"og:url\" content=\"https:\/\/tourcruiser.com\/fr\/products\/swarovski-x-nike-wmns-air-zoom-pegasus-premium-blue-force-im7384-499\/\" \/>\n<meta property=\"og:site_name\" content=\"Tourcruiser Sneaker Store\" \/>\n<meta property=\"article:modified_time\" content=\"2026-03-14T10:47:56+00:00\" \/>\n<meta name=\"twitter:card\" content=\"summary_large_image\" \/>\n<meta name=\"twitter:image\" content=\"https:\/\/images.novelship.com\/product\/_women__swarovski_x_nike_air_zoom_pegasus_premium__0_6557.jpeg\" \/>\n<meta name=\"twitter:label1\" content=\"Dur\u00e9e de lecture estim\u00e9e\" \/>\n\t<meta name=\"twitter:data1\" content=\"1 minute\" \/>\n<script type=\"application\/ld+json\" class=\"yoast-schema-graph\">{\"@context\":\"https:\/\/schema.org\",\"@graph\":[{\"@type\":\"WebPage\",\"@id\":\"https:\/\/tourcruiser.com\/fr\/products\/swarovski-x-nike-wmns-air-zoom-pegasus-premium-blue-force-im7384-499\/\",\"url\":\"https:\/\/tourcruiser.com\/fr\/products\/swarovski-x-nike-wmns-air-zoom-pegasus-premium-blue-force-im7384-499\/\",\"name\":\"Nike Swarovski x Wmns Air Zoom Pegasus Premium 'Blue Force' - TOURCRUISER PTE. LTD\",\"isPartOf\":{\"@id\":\"https:\/\/tourcruiser.com\/fr\/#website\"},\"primaryImageOfPage\":{\"@id\":\"https:\/\/tourcruiser.com\/fr\/products\/swarovski-x-nike-wmns-air-zoom-pegasus-premium-blue-force-im7384-499\/#primaryimage\"},\"image\":{\"@id\":\"https:\/\/tourcruiser.com\/fr\/products\/swarovski-x-nike-wmns-air-zoom-pegasus-premium-blue-force-im7384-499\/#primaryimage\"},\"thumbnailUrl\":\"https:\/\/images.novelship.com\/product\/_women__swarovski_x_nike_air_zoom_pegasus_premium__0_6557.jpeg\",\"datePublished\":\"2026-02-20T08:04:10+00:00\",\"dateModified\":\"2026-03-14T10:47:56+00:00\",\"breadcrumb\":{\"@id\":\"https:\/\/tourcruiser.com\/fr\/products\/swarovski-x-nike-wmns-air-zoom-pegasus-premium-blue-force-im7384-499\/#breadcrumb\"},\"inLanguage\":\"fr-FR\",\"potentialAction\":[{\"@type\":\"ReadAction\",\"target\":[\"https:\/\/tourcruiser.com\/fr\/products\/swarovski-x-nike-wmns-air-zoom-pegasus-premium-blue-force-im7384-499\/\"]}]},{\"@type\":\"ImageObject\",\"inLanguage\":\"fr-FR\",\"@id\":\"https:\/\/tourcruiser.com\/fr\/products\/swarovski-x-nike-wmns-air-zoom-pegasus-premium-blue-force-im7384-499\/#primaryimage\",\"url\":\"https:\/\/images.novelship.com\/product\/_women__swarovski_x_nike_air_zoom_pegasus_premium__0_6557.jpeg\",\"contentUrl\":\"https:\/\/images.novelship.com\/product\/_women__swarovski_x_nike_air_zoom_pegasus_premium__0_6557.jpeg\"},{\"@type\":\"BreadcrumbList\",\"@id\":\"https:\/\/tourcruiser.com\/fr\/products\/swarovski-x-nike-wmns-air-zoom-pegasus-premium-blue-force-im7384-499\/#breadcrumb\",\"itemListElement\":[{\"@type\":\"ListItem\",\"position\":1,\"name\":\"Home\",\"item\":\"https:\/\/tourcruiser.com\/fr\/\"},{\"@type\":\"ListItem\",\"position\":2,\"name\":\"Shop\",\"item\":\"https:\/\/tourcruiser.com\/fr\/shop\/\"},{\"@type\":\"ListItem\",\"position\":3,\"name\":\"Nike Swarovski x Wmns Air Zoom Pegasus Premium 'Blue Force'\"}]},{\"@type\":\"WebSite\",\"@id\":\"https:\/\/tourcruiser.com\/fr\/#website\",\"url\":\"https:\/\/tourcruiser.com\/fr\/\",\"name\":\"Styloral Jewelry Shop\",\"description\":\"Tourcruiser Sneaker Store \u2014 L\u2019endroit o\u00f9 l\u2019univers rencontre votre singularit\u00e9.\",\"publisher\":{\"@id\":\"https:\/\/tourcruiser.com\/fr\/#organization\"},\"potentialAction\":[{\"@type\":\"SearchAction\",\"target\":{\"@type\":\"EntryPoint\",\"urlTemplate\":\"https:\/\/tourcruiser.com\/fr\/?s={search_term_string}\"},\"query-input\":{\"@type\":\"PropertyValueSpecification\",\"valueRequired\":true,\"valueName\":\"search_term_string\"}}],\"inLanguage\":\"fr-FR\"},{\"@type\":\"Organization\",\"@id\":\"https:\/\/tourcruiser.com\/fr\/#organization\",\"name\":\"STYLORAL PTE. LTD\",\"url\":\"https:\/\/tourcruiser.com\/fr\/\",\"logo\":{\"@type\":\"ImageObject\",\"inLanguage\":\"fr-FR\",\"@id\":\"https:\/\/tourcruiser.com\/fr\/#\/schema\/logo\/image\/\",\"url\":\"https:\/\/www.tourcruiser.com\/wp-content\/uploads\/2025\/12\/logo.png\",\"contentUrl\":\"https:\/\/www.tourcruiser.com\/wp-content\/uploads\/2025\/12\/logo.png\",\"width\":200,\"height\":65,\"caption\":\"STYLORAL PTE. LTD\"},\"image\":{\"@id\":\"https:\/\/tourcruiser.com\/fr\/#\/schema\/logo\/image\/\"}}]}<\/script>\n<!-- \/ Yoast SEO plugin. -->","yoast_head_json":{"title":"Nike Swarovski x Wmns Air Zoom Pegasus Premium 'Blue Force' - TOURCRUISER PTE. LTD","robots":{"index":"index","follow":"follow","max-snippet":"max-snippet:-1","max-image-preview":"max-image-preview:large","max-video-preview":"max-video-preview:-1"},"canonical":"https:\/\/tourcruiser.com\/fr\/products\/swarovski-x-nike-wmns-air-zoom-pegasus-premium-blue-force-im7384-499\/","og_locale":"fr_FR","og_type":"article","og_title":"Nike Swarovski x Wmns Air Zoom Pegasus Premium 'Blue Force' - TOURCRUISER PTE. LTD","og_description":"Nike Pegasus Premium \u2014 Blue Force\/Blue Force\/Blue Void\/Metallic Silver","og_url":"https:\/\/tourcruiser.com\/fr\/products\/swarovski-x-nike-wmns-air-zoom-pegasus-premium-blue-force-im7384-499\/","og_site_name":"Tourcruiser Sneaker Store","article_modified_time":"2026-03-14T10:47:56+00:00","twitter_card":"summary_large_image","twitter_image":"https:\/\/images.novelship.com\/product\/_women__swarovski_x_nike_air_zoom_pegasus_premium__0_6557.jpeg","twitter_misc":{"Dur\u00e9e de lecture estim\u00e9e":"1 minute"},"schema":{"@context":"https:\/\/schema.org","@graph":[{"@type":"WebPage","@id":"https:\/\/tourcruiser.com\/fr\/products\/swarovski-x-nike-wmns-air-zoom-pegasus-premium-blue-force-im7384-499\/","url":"https:\/\/tourcruiser.com\/fr\/products\/swarovski-x-nike-wmns-air-zoom-pegasus-premium-blue-force-im7384-499\/","name":"Nike Swarovski x Wmns Air Zoom Pegasus Premium 'Blue Force' - TOURCRUISER PTE. LTD","isPartOf":{"@id":"https:\/\/tourcruiser.com\/fr\/#website"},"primaryImageOfPage":{"@id":"https:\/\/tourcruiser.com\/fr\/products\/swarovski-x-nike-wmns-air-zoom-pegasus-premium-blue-force-im7384-499\/#primaryimage"},"image":{"@id":"https:\/\/tourcruiser.com\/fr\/products\/swarovski-x-nike-wmns-air-zoom-pegasus-premium-blue-force-im7384-499\/#primaryimage"},"thumbnailUrl":"https:\/\/images.novelship.com\/product\/_women__swarovski_x_nike_air_zoom_pegasus_premium__0_6557.jpeg","datePublished":"2026-02-20T08:04:10+00:00","dateModified":"2026-03-14T10:47:56+00:00","breadcrumb":{"@id":"https:\/\/tourcruiser.com\/fr\/products\/swarovski-x-nike-wmns-air-zoom-pegasus-premium-blue-force-im7384-499\/#breadcrumb"},"inLanguage":"fr-FR","potentialAction":[{"@type":"ReadAction","target":["https:\/\/tourcruiser.com\/fr\/products\/swarovski-x-nike-wmns-air-zoom-pegasus-premium-blue-force-im7384-499\/"]}]},{"@type":"ImageObject","inLanguage":"fr-FR","@id":"https:\/\/tourcruiser.com\/fr\/products\/swarovski-x-nike-wmns-air-zoom-pegasus-premium-blue-force-im7384-499\/#primaryimage","url":"https:\/\/images.novelship.com\/product\/_women__swarovski_x_nike_air_zoom_pegasus_premium__0_6557.jpeg","contentUrl":"https:\/\/images.novelship.com\/product\/_women__swarovski_x_nike_air_zoom_pegasus_premium__0_6557.jpeg"},{"@type":"BreadcrumbList","@id":"https:\/\/tourcruiser.com\/fr\/products\/swarovski-x-nike-wmns-air-zoom-pegasus-premium-blue-force-im7384-499\/#breadcrumb","itemListElement":[{"@type":"ListItem","position":1,"name":"Home","item":"https:\/\/tourcruiser.com\/fr\/"},{"@type":"ListItem","position":2,"name":"Shop","item":"https:\/\/tourcruiser.com\/fr\/shop\/"},{"@type":"ListItem","position":3,"name":"Nike Swarovski x Wmns Air Zoom Pegasus Premium 'Blue Force'"}]},{"@type":"WebSite","@id":"https:\/\/tourcruiser.com\/fr\/#website","url":"https:\/\/tourcruiser.com\/fr\/","name":"Styloral Jewelry Shop","description":"Tourcruiser Sneaker Store \u2014 L\u2019endroit o\u00f9 l\u2019univers rencontre votre singularit\u00e9.","publisher":{"@id":"https:\/\/tourcruiser.com\/fr\/#organization"},"potentialAction":[{"@type":"SearchAction","target":{"@type":"EntryPoint","urlTemplate":"https:\/\/tourcruiser.com\/fr\/?s={search_term_string}"},"query-input":{"@type":"PropertyValueSpecification","valueRequired":true,"valueName":"search_term_string"}}],"inLanguage":"fr-FR"},{"@type":"Organization","@id":"https:\/\/tourcruiser.com\/fr\/#organization","name":"STYLORAL PTE. LTD","url":"https:\/\/tourcruiser.com\/fr\/","logo":{"@type":"ImageObject","inLanguage":"fr-FR","@id":"https:\/\/tourcruiser.com\/fr\/#\/schema\/logo\/image\/","url":"https:\/\/www.tourcruiser.com\/wp-content\/uploads\/2025\/12\/logo.png","contentUrl":"https:\/\/www.tourcruiser.com\/wp-content\/uploads\/2025\/12\/logo.png","width":200,"height":65,"caption":"STYLORAL PTE. LTD"},"image":{"@id":"https:\/\/tourcruiser.com\/fr\/#\/schema\/logo\/image\/"}}]}},"_links":{"self":[{"href":"https:\/\/tourcruiser.com\/fr\/wp-json\/wp\/v2\/product\/16020","targetHints":{"allow":["GET"]}}],"collection":[{"href":"https:\/\/tourcruiser.com\/fr\/wp-json\/wp\/v2\/product"}],"about":[{"href":"https:\/\/tourcruiser.com\/fr\/wp-json\/wp\/v2\/types\/product"}],"replies":[{"embeddable":true,"href":"https:\/\/tourcruiser.com\/fr\/wp-json\/wp\/v2\/comments?post=16020"}],"wp:featuredmedia":[{"embeddable":true,"href":"https:\/\/tourcruiser.com\/fr\/wp-json\/wp\/v2\/media\/16021"}],"wp:attachment":[{"href":"https:\/\/tourcruiser.com\/fr\/wp-json\/wp\/v2\/media?parent=16020"}],"wp:term":[{"taxonomy":"product_brand","embeddable":true,"href":"https:\/\/tourcruiser.com\/fr\/wp-json\/wp\/v2\/product_brand?post=16020"},{"taxonomy":"product_cat","embeddable":true,"href":"https:\/\/tourcruiser.com\/fr\/wp-json\/wp\/v2\/product_cat?post=16020"},{"taxonomy":"product_tag","embeddable":true,"href":"https:\/\/tourcruiser.com\/fr\/wp-json\/wp\/v2\/product_tag?post=16020"}],"curies":[{"name":"wp","href":"https:\/\/api.w.org\/{rel}","templated":true}]}}