{"id":160142,"date":"2026-03-02T16:05:52","date_gmt":"2026-03-02T09:05:52","guid":{"rendered":"http:\/\/tourcruiser.com\/product\/women-adidas-runfalcon-5-wide-white-pink"},"modified":"2026-03-14T19:27:21","modified_gmt":"2026-03-14T12:27:21","slug":"women-adidas-runfalcon-5-wide-white-pink","status":"publish","type":"product","link":"https:\/\/tourcruiser.com\/fr\/products\/women-adidas-runfalcon-5-wide-white-pink\/","title":{"rendered":"(Women) adidas Runfalcon 5 Wide &lsquo;White Pink&rsquo;"},"content":{"rendered":"<p>Am\u00e9liorez votre exp\u00e9rience de course avec l&rsquo;adidas Runfalcon 5 Wide \u00ab\u00a0Blanc Rose\u00a0\u00bb, une chaussure de running l\u00e9g\u00e8re et \u00e9l\u00e9gante qui allie confort et performance. Son empeigne en mesh respirant d&rsquo;un blanc raffin\u00e9 est rehauss\u00e9e de d\u00e9licats d\u00e9tails roses pour un look moderne et f\u00e9minin. Gr\u00e2ce \u00e0 sa coupe large, elle offre un confort et une flexibilit\u00e9 optimaux tout au long de la journ\u00e9e, ainsi qu&rsquo;un maintien adapt\u00e9 \u00e0 toutes les morphologies de pied. La semelle interm\u00e9diaire l\u00e9g\u00e8re en EVA assure un excellent amorti, r\u00e9duisant les impacts et vous permettant de garder votre \u00e9nergie kilom\u00e8tre apr\u00e8s kilom\u00e8tre. La semelle ext\u00e9rieure en caoutchouc r\u00e9sistant offre une adh\u00e9rence et une stabilit\u00e9 exceptionnelles sur toutes les surfaces, la rendant id\u00e9ale pour les activit\u00e9s en int\u00e9rieur comme en ext\u00e9rieur. La Runfalcon 5 Wide est parfaite pour les coureuses occasionnelles, les passionn\u00e9es de fitness et toutes celles qui recherchent une chaussure polyvalente et fiable, alliant fonctionnalit\u00e9 et esth\u00e9tique chic. Que ce soit \u00e0 la salle de sport, en jogging ou pour faire vos courses, cette chaussure vous accompagnera sans effort. Optimisez vos performances et votre style avec l&rsquo;adidas Runfalcon 5 Wide \u00ab\u00a0Blanc Rose\u00a0\u00bb\u00a0: le choix id\u00e9al pour les femmes qui recherchent fonctionnalit\u00e9 et style dans leurs v\u00eatements de sport. Coloris\u00a0: Blanc nuage \/ Gris uni \/ Noir. Code article\u00a0: JH6015. Tige\u00a0: Mesh. Semelle interm\u00e9diaire\u00a0: EVA. Couleur\u00a0: Blanc.<\/p>\n","protected":false},"excerpt":{"rendered":"<p>adidas Runfalcon 5 Wide \u201d\u201d Cloud White \/ Mgh Solid Grey \/ Core Black<\/p>\n","protected":false},"featured_media":160143,"comment_status":"open","ping_status":"closed","template":"","meta":[],"product_brand":[],"product_cat":[10941],"product_tag":[11169],"class_list":{"0":"post-160142","1":"product","2":"type-product","3":"status-publish","4":"has-post-thumbnail","6":"product_cat-adidas-women","7":"product_tag-small-special-price","8":"wcpa_has_options","10":"first","11":"instock","12":"taxable","13":"shipping-taxable","14":"purchasable","15":"product-type-simple"},"wcpa_form_fields":{"rules":{"pric_overide_base_price":false,"pric_overide_base_price_if_gt_zero":false,"pric_overide_base_price_fully":false,"pric_cal_option_once":false,"pric_use_as_fee":false,"bind_quantity":false,"quantity_bind_formula":false},"fields":[{"type":"color-group","required":true,"elementId":"wcpa-color-group-66c4a7f817afe","label":"Taille","inline":true,"priceOptions":"different_for_all","pricingType":"fixed","className":"hassizechart product-shoes-size-eu product-shoes-size","name":"color-group-66c4a7f817b18","disp_type":"square","selection_type":"tick-border","disp_size":"50","show_label_inside":true,"adjust_width":true,"cart_display_type":"text","other_text":"Other","cl_rule":"show","col":6,"values":[{"label":"35","value":"EU 35","price":"","pimage":"","pimage_id":"","pthumb":"","color":""},{"label":"35.5","value":"EU 35.5","price":"","pimage":"","pimage_id":"","pthumb":"","color":""},{"label":"36","value":"EU 36","price":"","pimage":"","pimage_id":"","pthumb":"","color":"","selected":true},{"label":"36 2\/3","value":"EU 36 2\/3","price":"","pimage":"","pimage_id":"","pthumb":"","color":""},{"label":"37 1\/3","value":"EU 37 1\/3","price":"","pimage":"","pimage_id":"","pthumb":"","color":""},{"label":"38","value":"EU 38","price":"","pimage":"","pimage_id":"","pthumb":"","color":""},{"label":"38 2\/3","value":"EU 38 2\/3","price":"","pimage":"","pimage_id":"","pthumb":"","color":""},{"label":"39 1\/3","value":"EU 39 1\/3","price":"","pimage":"","pimage_id":"","pthumb":"","color":""},{"label":"40","value":"EU 40","price":"","pimage":"","pimage_id":"","pthumb":"","color":""},{"label":"40 2\/3","value":"EU 40 2\/3","price":"","pimage":"","pimage_id":"","pthumb":"","color":""},{"label":"41 1\/3","value":"EU 41 1\/3","price":"","pimage":"","pimage_id":"","pthumb":"","color":""},{"label":"42","value":"EU 42","price":"","pimage":"","pimage_id":"","pthumb":"","color":""},{"label":"42 2\/3","value":"EU 42 2\/3","price":"","pimage":"","pimage_id":"","pthumb":"","color":""},{"label":"43 1\/3","value":"EU 43 1\/3","price":"","pimage":"","pimage_id":"","pthumb":"","color":""},{"label":"44","value":"EU 44","price":"","pimage":"","pimage_id":"","pthumb":"","color":""},{"label":"44 2\/3","value":"EU 44 2\/3","price":"","pimage":"","pimage_id":"","pthumb":"","color":""},{"label":"45 1\/3","value":"EU 45 1\/3","price":"","pimage":"","pimage_id":"","pthumb":"","color":""},{"label":"46","value":"EU 46","price":"","pimage":"","pimage_id":"","pthumb":"","color":""},{"label":"46 2\/3","value":"EU 46 2\/3","price":"","pimage":"","pimage_id":"","pthumb":"","color":""},{"label":"47 1\/3","value":"EU 47 1\/3","price":"","pimage":"","pimage_id":"","pthumb":"","color":""}],"relations":[{"operator":false,"rules":[]}],"form_id":24802,"form_rules":{"pric_cal_option_once":false,"exclude_from_discount":false,"pric_use_as_fee":false,"fee_label":"Fee","render_after_acb":false,"disp_hide_options_price":false}}]},"yoast_head":"<!-- This site is optimized with the Yoast SEO plugin v26.5 - https:\/\/yoast.com\/wordpress\/plugins\/seo\/ -->\n<title>(Women) adidas Runfalcon 5 Wide &#039;White Pink&#039; - TOURCRUISER PTE. LTD<\/title>\n<meta name=\"robots\" content=\"index, follow, max-snippet:-1, max-image-preview:large, max-video-preview:-1\" \/>\n<link rel=\"canonical\" href=\"https:\/\/tourcruiser.com\/fr\/products\/women-adidas-runfalcon-5-wide-white-pink\/\" \/>\n<meta property=\"og:locale\" content=\"fr_FR\" \/>\n<meta property=\"og:type\" content=\"article\" \/>\n<meta property=\"og:title\" content=\"(Women) adidas Runfalcon 5 Wide &#039;White Pink&#039; - TOURCRUISER PTE. LTD\" \/>\n<meta property=\"og:description\" content=\"adidas Runfalcon 5 Wide \u201d\u201d Cloud White \/ Mgh Solid Grey \/ Core Black\" \/>\n<meta property=\"og:url\" content=\"https:\/\/tourcruiser.com\/fr\/products\/women-adidas-runfalcon-5-wide-white-pink\/\" \/>\n<meta property=\"og:site_name\" content=\"Tourcruiser Sneaker Store\" \/>\n<meta property=\"article:modified_time\" content=\"2026-03-14T12:27:21+00:00\" \/>\n<meta name=\"twitter:card\" content=\"summary_large_image\" \/>\n<meta name=\"twitter:image\" content=\"https:\/\/images.novelship.com\/product\/_women__adidas_runfalcon_5_wide__white_pink__jh601_0_65464.jpeg\" \/>\n<meta name=\"twitter:label1\" content=\"Dur\u00e9e de lecture estim\u00e9e\" \/>\n\t<meta name=\"twitter:data1\" content=\"1 minute\" \/>\n<script type=\"application\/ld+json\" class=\"yoast-schema-graph\">{\"@context\":\"https:\/\/schema.org\",\"@graph\":[{\"@type\":\"WebPage\",\"@id\":\"https:\/\/tourcruiser.com\/fr\/products\/women-adidas-runfalcon-5-wide-white-pink\/\",\"url\":\"https:\/\/tourcruiser.com\/fr\/products\/women-adidas-runfalcon-5-wide-white-pink\/\",\"name\":\"(Women) adidas Runfalcon 5 Wide 'White Pink' - TOURCRUISER PTE. LTD\",\"isPartOf\":{\"@id\":\"https:\/\/tourcruiser.com\/fr\/#website\"},\"primaryImageOfPage\":{\"@id\":\"https:\/\/tourcruiser.com\/fr\/products\/women-adidas-runfalcon-5-wide-white-pink\/#primaryimage\"},\"image\":{\"@id\":\"https:\/\/tourcruiser.com\/fr\/products\/women-adidas-runfalcon-5-wide-white-pink\/#primaryimage\"},\"thumbnailUrl\":\"https:\/\/images.novelship.com\/product\/_women__adidas_runfalcon_5_wide__white_pink__jh601_0_65464.jpeg\",\"datePublished\":\"2026-03-02T09:05:52+00:00\",\"dateModified\":\"2026-03-14T12:27:21+00:00\",\"breadcrumb\":{\"@id\":\"https:\/\/tourcruiser.com\/fr\/products\/women-adidas-runfalcon-5-wide-white-pink\/#breadcrumb\"},\"inLanguage\":\"fr-FR\",\"potentialAction\":[{\"@type\":\"ReadAction\",\"target\":[\"https:\/\/tourcruiser.com\/fr\/products\/women-adidas-runfalcon-5-wide-white-pink\/\"]}]},{\"@type\":\"ImageObject\",\"inLanguage\":\"fr-FR\",\"@id\":\"https:\/\/tourcruiser.com\/fr\/products\/women-adidas-runfalcon-5-wide-white-pink\/#primaryimage\",\"url\":\"https:\/\/images.novelship.com\/product\/_women__adidas_runfalcon_5_wide__white_pink__jh601_0_65464.jpeg\",\"contentUrl\":\"https:\/\/images.novelship.com\/product\/_women__adidas_runfalcon_5_wide__white_pink__jh601_0_65464.jpeg\"},{\"@type\":\"BreadcrumbList\",\"@id\":\"https:\/\/tourcruiser.com\/fr\/products\/women-adidas-runfalcon-5-wide-white-pink\/#breadcrumb\",\"itemListElement\":[{\"@type\":\"ListItem\",\"position\":1,\"name\":\"Home\",\"item\":\"https:\/\/tourcruiser.com\/fr\/\"},{\"@type\":\"ListItem\",\"position\":2,\"name\":\"Shop\",\"item\":\"https:\/\/tourcruiser.com\/fr\/shop\/\"},{\"@type\":\"ListItem\",\"position\":3,\"name\":\"(Women) adidas Runfalcon 5 Wide 'White Pink'\"}]},{\"@type\":\"WebSite\",\"@id\":\"https:\/\/tourcruiser.com\/fr\/#website\",\"url\":\"https:\/\/tourcruiser.com\/fr\/\",\"name\":\"Styloral Jewelry Shop\",\"description\":\"Tourcruiser Sneaker Store \u2014 L\u2019endroit o\u00f9 l\u2019univers rencontre votre singularit\u00e9.\",\"publisher\":{\"@id\":\"https:\/\/tourcruiser.com\/fr\/#organization\"},\"potentialAction\":[{\"@type\":\"SearchAction\",\"target\":{\"@type\":\"EntryPoint\",\"urlTemplate\":\"https:\/\/tourcruiser.com\/fr\/?s={search_term_string}\"},\"query-input\":{\"@type\":\"PropertyValueSpecification\",\"valueRequired\":true,\"valueName\":\"search_term_string\"}}],\"inLanguage\":\"fr-FR\"},{\"@type\":\"Organization\",\"@id\":\"https:\/\/tourcruiser.com\/fr\/#organization\",\"name\":\"STYLORAL PTE. LTD\",\"url\":\"https:\/\/tourcruiser.com\/fr\/\",\"logo\":{\"@type\":\"ImageObject\",\"inLanguage\":\"fr-FR\",\"@id\":\"https:\/\/tourcruiser.com\/fr\/#\/schema\/logo\/image\/\",\"url\":\"https:\/\/www.tourcruiser.com\/wp-content\/uploads\/2025\/12\/logo.png\",\"contentUrl\":\"https:\/\/www.tourcruiser.com\/wp-content\/uploads\/2025\/12\/logo.png\",\"width\":200,\"height\":65,\"caption\":\"STYLORAL PTE. LTD\"},\"image\":{\"@id\":\"https:\/\/tourcruiser.com\/fr\/#\/schema\/logo\/image\/\"}}]}<\/script>\n<!-- \/ Yoast SEO plugin. -->","yoast_head_json":{"title":"(Women) adidas Runfalcon 5 Wide 'White Pink' - TOURCRUISER PTE. LTD","robots":{"index":"index","follow":"follow","max-snippet":"max-snippet:-1","max-image-preview":"max-image-preview:large","max-video-preview":"max-video-preview:-1"},"canonical":"https:\/\/tourcruiser.com\/fr\/products\/women-adidas-runfalcon-5-wide-white-pink\/","og_locale":"fr_FR","og_type":"article","og_title":"(Women) adidas Runfalcon 5 Wide 'White Pink' - TOURCRUISER PTE. LTD","og_description":"adidas Runfalcon 5 Wide \u201d\u201d Cloud White \/ Mgh Solid Grey \/ Core Black","og_url":"https:\/\/tourcruiser.com\/fr\/products\/women-adidas-runfalcon-5-wide-white-pink\/","og_site_name":"Tourcruiser Sneaker Store","article_modified_time":"2026-03-14T12:27:21+00:00","twitter_card":"summary_large_image","twitter_image":"https:\/\/images.novelship.com\/product\/_women__adidas_runfalcon_5_wide__white_pink__jh601_0_65464.jpeg","twitter_misc":{"Dur\u00e9e de lecture estim\u00e9e":"1 minute"},"schema":{"@context":"https:\/\/schema.org","@graph":[{"@type":"WebPage","@id":"https:\/\/tourcruiser.com\/fr\/products\/women-adidas-runfalcon-5-wide-white-pink\/","url":"https:\/\/tourcruiser.com\/fr\/products\/women-adidas-runfalcon-5-wide-white-pink\/","name":"(Women) adidas Runfalcon 5 Wide 'White Pink' - TOURCRUISER PTE. LTD","isPartOf":{"@id":"https:\/\/tourcruiser.com\/fr\/#website"},"primaryImageOfPage":{"@id":"https:\/\/tourcruiser.com\/fr\/products\/women-adidas-runfalcon-5-wide-white-pink\/#primaryimage"},"image":{"@id":"https:\/\/tourcruiser.com\/fr\/products\/women-adidas-runfalcon-5-wide-white-pink\/#primaryimage"},"thumbnailUrl":"https:\/\/images.novelship.com\/product\/_women__adidas_runfalcon_5_wide__white_pink__jh601_0_65464.jpeg","datePublished":"2026-03-02T09:05:52+00:00","dateModified":"2026-03-14T12:27:21+00:00","breadcrumb":{"@id":"https:\/\/tourcruiser.com\/fr\/products\/women-adidas-runfalcon-5-wide-white-pink\/#breadcrumb"},"inLanguage":"fr-FR","potentialAction":[{"@type":"ReadAction","target":["https:\/\/tourcruiser.com\/fr\/products\/women-adidas-runfalcon-5-wide-white-pink\/"]}]},{"@type":"ImageObject","inLanguage":"fr-FR","@id":"https:\/\/tourcruiser.com\/fr\/products\/women-adidas-runfalcon-5-wide-white-pink\/#primaryimage","url":"https:\/\/images.novelship.com\/product\/_women__adidas_runfalcon_5_wide__white_pink__jh601_0_65464.jpeg","contentUrl":"https:\/\/images.novelship.com\/product\/_women__adidas_runfalcon_5_wide__white_pink__jh601_0_65464.jpeg"},{"@type":"BreadcrumbList","@id":"https:\/\/tourcruiser.com\/fr\/products\/women-adidas-runfalcon-5-wide-white-pink\/#breadcrumb","itemListElement":[{"@type":"ListItem","position":1,"name":"Home","item":"https:\/\/tourcruiser.com\/fr\/"},{"@type":"ListItem","position":2,"name":"Shop","item":"https:\/\/tourcruiser.com\/fr\/shop\/"},{"@type":"ListItem","position":3,"name":"(Women) adidas Runfalcon 5 Wide 'White Pink'"}]},{"@type":"WebSite","@id":"https:\/\/tourcruiser.com\/fr\/#website","url":"https:\/\/tourcruiser.com\/fr\/","name":"Styloral Jewelry Shop","description":"Tourcruiser Sneaker Store \u2014 L\u2019endroit o\u00f9 l\u2019univers rencontre votre singularit\u00e9.","publisher":{"@id":"https:\/\/tourcruiser.com\/fr\/#organization"},"potentialAction":[{"@type":"SearchAction","target":{"@type":"EntryPoint","urlTemplate":"https:\/\/tourcruiser.com\/fr\/?s={search_term_string}"},"query-input":{"@type":"PropertyValueSpecification","valueRequired":true,"valueName":"search_term_string"}}],"inLanguage":"fr-FR"},{"@type":"Organization","@id":"https:\/\/tourcruiser.com\/fr\/#organization","name":"STYLORAL PTE. LTD","url":"https:\/\/tourcruiser.com\/fr\/","logo":{"@type":"ImageObject","inLanguage":"fr-FR","@id":"https:\/\/tourcruiser.com\/fr\/#\/schema\/logo\/image\/","url":"https:\/\/www.tourcruiser.com\/wp-content\/uploads\/2025\/12\/logo.png","contentUrl":"https:\/\/www.tourcruiser.com\/wp-content\/uploads\/2025\/12\/logo.png","width":200,"height":65,"caption":"STYLORAL PTE. LTD"},"image":{"@id":"https:\/\/tourcruiser.com\/fr\/#\/schema\/logo\/image\/"}}]}},"_links":{"self":[{"href":"https:\/\/tourcruiser.com\/fr\/wp-json\/wp\/v2\/product\/160142","targetHints":{"allow":["GET"]}}],"collection":[{"href":"https:\/\/tourcruiser.com\/fr\/wp-json\/wp\/v2\/product"}],"about":[{"href":"https:\/\/tourcruiser.com\/fr\/wp-json\/wp\/v2\/types\/product"}],"replies":[{"embeddable":true,"href":"https:\/\/tourcruiser.com\/fr\/wp-json\/wp\/v2\/comments?post=160142"}],"wp:featuredmedia":[{"embeddable":true,"href":"https:\/\/tourcruiser.com\/fr\/wp-json\/wp\/v2\/media\/160143"}],"wp:attachment":[{"href":"https:\/\/tourcruiser.com\/fr\/wp-json\/wp\/v2\/media?parent=160142"}],"wp:term":[{"taxonomy":"product_brand","embeddable":true,"href":"https:\/\/tourcruiser.com\/fr\/wp-json\/wp\/v2\/product_brand?post=160142"},{"taxonomy":"product_cat","embeddable":true,"href":"https:\/\/tourcruiser.com\/fr\/wp-json\/wp\/v2\/product_cat?post=160142"},{"taxonomy":"product_tag","embeddable":true,"href":"https:\/\/tourcruiser.com\/fr\/wp-json\/wp\/v2\/product_tag?post=160142"}],"curies":[{"name":"wp","href":"https:\/\/api.w.org\/{rel}","templated":true}]}}