{"id":159591,"date":"2026-03-02T16:05:08","date_gmt":"2026-03-02T09:05:08","guid":{"rendered":"http:\/\/tourcruiser.com\/product\/tokyo-design-studio-x-new-balance-fresh-foam-x-trail-more-v3-light-army-green"},"modified":"2026-03-14T18:10:11","modified_gmt":"2026-03-14T11:10:11","slug":"tokyo-design-studio-x-new-balance-fresh-foam-x-trail-more-v3-light-army-green","status":"publish","type":"product","link":"https:\/\/tourcruiser.com\/fr\/products\/tokyo-design-studio-x-new-balance-fresh-foam-x-trail-more-v3-light-army-green\/","title":{"rendered":"Tokyo Design Studio x New Balance Fresh Foam X Trail More v3 &lsquo;Light Army Green&rsquo;"},"content":{"rendered":"<p>D\u00e9couvrez la sneaker Tokyo Design Studio x New Balance Fresh Foam X Trail More v3 vert clair. Fruit d&rsquo;une collaboration avec New Balance, cette sneaker \u00e9l\u00e9gante s\u00e9duit par son design raffin\u00e9 et sa semelle interm\u00e9diaire Fresh Foam pour un confort optimal. Id\u00e9ale pour les aventures en plein air ou au quotidien, cette sneaker vert clair allie parfaitement style et fonctionnalit\u00e9. Compl\u00e9tez votre collection avec cette paire incontournable. <\/p>\n<p>Couleur\u00a0: Vert clair<br \/>\nCode article\u00a0: MTMORNGN<br \/>\nTige\u00a0: Mesh<br \/>\nSemelle interm\u00e9diaire\u00a0: Fresh Foam X<br \/>\nCouleur\u00a0: Vert<br \/>\nSaison\u00a0: Printemps<br \/>\nAnn\u00e9e de sortie\u00a0: 2023<\/p>\n","protected":false},"excerpt":{"rendered":"<p>New Balance Fresh Foam X Trail More v3 \u201d\u201d Light Army Green<\/p>\n","protected":false},"featured_media":159592,"comment_status":"open","ping_status":"closed","template":"","meta":[],"product_brand":[],"product_cat":[10771],"product_tag":[10753,10766,10767,10839,10802,11006],"class_list":{"0":"post-159591","1":"product","2":"type-product","3":"status-publish","4":"has-post-thumbnail","6":"product_cat-new-balance","7":"product_tag-gift-for-him","8":"product_tag-new-balance","9":"product_tag-new-balance-running-shoes","10":"product_tag-performance-running-shoes","11":"product_tag-performance-sport-shoes","12":"product_tag-trail-running-shoes","13":"wcpa_has_options","15":"first","16":"instock","17":"taxable","18":"shipping-taxable","19":"purchasable","20":"product-type-simple"},"wcpa_form_fields":{"rules":{"pric_overide_base_price":false,"pric_overide_base_price_if_gt_zero":false,"pric_overide_base_price_fully":false,"pric_cal_option_once":false,"pric_use_as_fee":false,"bind_quantity":false,"quantity_bind_formula":false},"fields":[{"type":"color-group","required":true,"elementId":"wcpa-color-group-66c4a928225d2","label":"Taille","inline":true,"priceOptions":"different_for_all","pricingType":"fixed","className":"hassizechart product-shoes-size-eu product-shoes-size","name":"color-group-66c4a928225e2","disp_type":"square","selection_type":"tick-border","disp_size":"50","show_label_inside":true,"adjust_width":true,"cart_display_type":"text","other_text":"Other","cl_rule":"show","col":6,"values":[{"label":"35","value":"EU 35","price":"","pimage":"","pimage_id":"","pthumb":"","color":""},{"label":"36","value":"EU 36","price":"","pimage":"","pimage_id":"","pthumb":"","color":"","selected":true},{"label":"37","value":"EU 37","price":"","pimage":"","pimage_id":"","pthumb":"","color":""},{"label":"37.5","value":"EU 37.5","price":"","pimage":"","pimage_id":"","pthumb":"","color":""},{"label":"38","value":"EU 38","price":"","pimage":"","pimage_id":"","pthumb":"","color":""},{"label":"38.5","value":"EU 38.5","price":"","pimage":"","pimage_id":"","pthumb":"","color":""},{"label":"39","value":"EU 39","price":"","pimage":"","pimage_id":"","pthumb":"","color":""},{"label":"39.5","value":"EU 39.5","price":"","pimage":"","pimage_id":"","pthumb":"","color":""},{"label":"40","value":"EU 40","price":"","pimage":"","pimage_id":"","pthumb":"","color":""},{"label":"40.5","value":"EU 40.5","price":"","pimage":"","pimage_id":"","pthumb":"","color":""},{"label":" 41.5","value":"EU 41.5","price":"","pimage":"","pimage_id":"","pthumb":"","color":""},{"label":"42","value":"EU 42","price":"","pimage":"","pimage_id":"","pthumb":"","color":""},{"label":"42.5","value":"EU 42.5","price":"","pimage":"","pimage_id":"","pthumb":"","color":""},{"label":"43","value":"EU 43","price":"","pimage":"","pimage_id":"","pthumb":"","color":""},{"label":"44","value":"EU 44","price":"","pimage":"","pimage_id":"","pthumb":"","color":""},{"label":"44.5","value":"EU 44.5","price":"","pimage":"","pimage_id":"","pthumb":"","color":""},{"label":"45","value":"EU 45","price":"","pimage":"","pimage_id":"","pthumb":"","color":""},{"label":"45.5","value":"EU 45.5","price":"","pimage":"","pimage_id":"","pthumb":"","color":""},{"label":"46","value":"EU 46","price":"","pimage":"","pimage_id":"","pthumb":"","color":""}],"relations":[{"operator":false,"rules":[]}],"form_id":24803,"form_rules":{"pric_cal_option_once":false,"exclude_from_discount":false,"pric_use_as_fee":false,"fee_label":"Fee","render_after_acb":false,"disp_hide_options_price":false}}]},"yoast_head":"<!-- This site is optimized with the Yoast SEO plugin v26.5 - https:\/\/yoast.com\/wordpress\/plugins\/seo\/ -->\n<title>Tokyo Design Studio x New Balance Fresh Foam X Trail More v3 &#039;Light Army Green&#039; - TOURCRUISER PTE. LTD<\/title>\n<meta name=\"robots\" content=\"index, follow, max-snippet:-1, max-image-preview:large, max-video-preview:-1\" \/>\n<link rel=\"canonical\" href=\"https:\/\/tourcruiser.com\/fr\/products\/tokyo-design-studio-x-new-balance-fresh-foam-x-trail-more-v3-light-army-green\/\" \/>\n<meta property=\"og:locale\" content=\"fr_FR\" \/>\n<meta property=\"og:type\" content=\"article\" \/>\n<meta property=\"og:title\" content=\"Tokyo Design Studio x New Balance Fresh Foam X Trail More v3 &#039;Light Army Green&#039; - TOURCRUISER PTE. LTD\" \/>\n<meta property=\"og:description\" content=\"New Balance Fresh Foam X Trail More v3 \u201d\u201d Light Army Green\" \/>\n<meta property=\"og:url\" content=\"https:\/\/tourcruiser.com\/fr\/products\/tokyo-design-studio-x-new-balance-fresh-foam-x-trail-more-v3-light-army-green\/\" \/>\n<meta property=\"og:site_name\" content=\"Tourcruiser Sneaker Store\" \/>\n<meta property=\"article:modified_time\" content=\"2026-03-14T11:10:11+00:00\" \/>\n<meta name=\"twitter:card\" content=\"summary_large_image\" \/>\n<meta name=\"twitter:image\" content=\"https:\/\/images.novelship.com\/product\/tokyo_design_studio_x_new_balance_fresh_foam_x_tra_0_85404.jpeg\" \/>\n<script type=\"application\/ld+json\" class=\"yoast-schema-graph\">{\"@context\":\"https:\/\/schema.org\",\"@graph\":[{\"@type\":\"WebPage\",\"@id\":\"https:\/\/tourcruiser.com\/fr\/products\/tokyo-design-studio-x-new-balance-fresh-foam-x-trail-more-v3-light-army-green\/\",\"url\":\"https:\/\/tourcruiser.com\/fr\/products\/tokyo-design-studio-x-new-balance-fresh-foam-x-trail-more-v3-light-army-green\/\",\"name\":\"Tokyo Design Studio x New Balance Fresh Foam X Trail More v3 'Light Army Green' - TOURCRUISER PTE. LTD\",\"isPartOf\":{\"@id\":\"https:\/\/tourcruiser.com\/fr\/#website\"},\"primaryImageOfPage\":{\"@id\":\"https:\/\/tourcruiser.com\/fr\/products\/tokyo-design-studio-x-new-balance-fresh-foam-x-trail-more-v3-light-army-green\/#primaryimage\"},\"image\":{\"@id\":\"https:\/\/tourcruiser.com\/fr\/products\/tokyo-design-studio-x-new-balance-fresh-foam-x-trail-more-v3-light-army-green\/#primaryimage\"},\"thumbnailUrl\":\"https:\/\/images.novelship.com\/product\/tokyo_design_studio_x_new_balance_fresh_foam_x_tra_0_85404.jpeg\",\"datePublished\":\"2026-03-02T09:05:08+00:00\",\"dateModified\":\"2026-03-14T11:10:11+00:00\",\"breadcrumb\":{\"@id\":\"https:\/\/tourcruiser.com\/fr\/products\/tokyo-design-studio-x-new-balance-fresh-foam-x-trail-more-v3-light-army-green\/#breadcrumb\"},\"inLanguage\":\"fr-FR\",\"potentialAction\":[{\"@type\":\"ReadAction\",\"target\":[\"https:\/\/tourcruiser.com\/fr\/products\/tokyo-design-studio-x-new-balance-fresh-foam-x-trail-more-v3-light-army-green\/\"]}]},{\"@type\":\"ImageObject\",\"inLanguage\":\"fr-FR\",\"@id\":\"https:\/\/tourcruiser.com\/fr\/products\/tokyo-design-studio-x-new-balance-fresh-foam-x-trail-more-v3-light-army-green\/#primaryimage\",\"url\":\"https:\/\/images.novelship.com\/product\/tokyo_design_studio_x_new_balance_fresh_foam_x_tra_0_85404.jpeg\",\"contentUrl\":\"https:\/\/images.novelship.com\/product\/tokyo_design_studio_x_new_balance_fresh_foam_x_tra_0_85404.jpeg\"},{\"@type\":\"BreadcrumbList\",\"@id\":\"https:\/\/tourcruiser.com\/fr\/products\/tokyo-design-studio-x-new-balance-fresh-foam-x-trail-more-v3-light-army-green\/#breadcrumb\",\"itemListElement\":[{\"@type\":\"ListItem\",\"position\":1,\"name\":\"Home\",\"item\":\"https:\/\/tourcruiser.com\/fr\/\"},{\"@type\":\"ListItem\",\"position\":2,\"name\":\"Shop\",\"item\":\"https:\/\/tourcruiser.com\/fr\/shop\/\"},{\"@type\":\"ListItem\",\"position\":3,\"name\":\"Tokyo Design Studio x New Balance Fresh Foam X Trail More v3 'Light Army Green'\"}]},{\"@type\":\"WebSite\",\"@id\":\"https:\/\/tourcruiser.com\/fr\/#website\",\"url\":\"https:\/\/tourcruiser.com\/fr\/\",\"name\":\"Styloral Jewelry Shop\",\"description\":\"Tourcruiser Sneaker Store \u2014 L\u2019endroit o\u00f9 l\u2019univers rencontre votre singularit\u00e9.\",\"publisher\":{\"@id\":\"https:\/\/tourcruiser.com\/fr\/#organization\"},\"potentialAction\":[{\"@type\":\"SearchAction\",\"target\":{\"@type\":\"EntryPoint\",\"urlTemplate\":\"https:\/\/tourcruiser.com\/fr\/?s={search_term_string}\"},\"query-input\":{\"@type\":\"PropertyValueSpecification\",\"valueRequired\":true,\"valueName\":\"search_term_string\"}}],\"inLanguage\":\"fr-FR\"},{\"@type\":\"Organization\",\"@id\":\"https:\/\/tourcruiser.com\/fr\/#organization\",\"name\":\"STYLORAL PTE. LTD\",\"url\":\"https:\/\/tourcruiser.com\/fr\/\",\"logo\":{\"@type\":\"ImageObject\",\"inLanguage\":\"fr-FR\",\"@id\":\"https:\/\/tourcruiser.com\/fr\/#\/schema\/logo\/image\/\",\"url\":\"https:\/\/www.tourcruiser.com\/wp-content\/uploads\/2025\/12\/logo.png\",\"contentUrl\":\"https:\/\/www.tourcruiser.com\/wp-content\/uploads\/2025\/12\/logo.png\",\"width\":200,\"height\":65,\"caption\":\"STYLORAL PTE. LTD\"},\"image\":{\"@id\":\"https:\/\/tourcruiser.com\/fr\/#\/schema\/logo\/image\/\"}}]}<\/script>\n<!-- \/ Yoast SEO plugin. -->","yoast_head_json":{"title":"Tokyo Design Studio x New Balance Fresh Foam X Trail More v3 'Light Army Green' - TOURCRUISER PTE. LTD","robots":{"index":"index","follow":"follow","max-snippet":"max-snippet:-1","max-image-preview":"max-image-preview:large","max-video-preview":"max-video-preview:-1"},"canonical":"https:\/\/tourcruiser.com\/fr\/products\/tokyo-design-studio-x-new-balance-fresh-foam-x-trail-more-v3-light-army-green\/","og_locale":"fr_FR","og_type":"article","og_title":"Tokyo Design Studio x New Balance Fresh Foam X Trail More v3 'Light Army Green' - TOURCRUISER PTE. LTD","og_description":"New Balance Fresh Foam X Trail More v3 \u201d\u201d Light Army Green","og_url":"https:\/\/tourcruiser.com\/fr\/products\/tokyo-design-studio-x-new-balance-fresh-foam-x-trail-more-v3-light-army-green\/","og_site_name":"Tourcruiser Sneaker Store","article_modified_time":"2026-03-14T11:10:11+00:00","twitter_card":"summary_large_image","twitter_image":"https:\/\/images.novelship.com\/product\/tokyo_design_studio_x_new_balance_fresh_foam_x_tra_0_85404.jpeg","schema":{"@context":"https:\/\/schema.org","@graph":[{"@type":"WebPage","@id":"https:\/\/tourcruiser.com\/fr\/products\/tokyo-design-studio-x-new-balance-fresh-foam-x-trail-more-v3-light-army-green\/","url":"https:\/\/tourcruiser.com\/fr\/products\/tokyo-design-studio-x-new-balance-fresh-foam-x-trail-more-v3-light-army-green\/","name":"Tokyo Design Studio x New Balance Fresh Foam X Trail More v3 'Light Army Green' - TOURCRUISER PTE. LTD","isPartOf":{"@id":"https:\/\/tourcruiser.com\/fr\/#website"},"primaryImageOfPage":{"@id":"https:\/\/tourcruiser.com\/fr\/products\/tokyo-design-studio-x-new-balance-fresh-foam-x-trail-more-v3-light-army-green\/#primaryimage"},"image":{"@id":"https:\/\/tourcruiser.com\/fr\/products\/tokyo-design-studio-x-new-balance-fresh-foam-x-trail-more-v3-light-army-green\/#primaryimage"},"thumbnailUrl":"https:\/\/images.novelship.com\/product\/tokyo_design_studio_x_new_balance_fresh_foam_x_tra_0_85404.jpeg","datePublished":"2026-03-02T09:05:08+00:00","dateModified":"2026-03-14T11:10:11+00:00","breadcrumb":{"@id":"https:\/\/tourcruiser.com\/fr\/products\/tokyo-design-studio-x-new-balance-fresh-foam-x-trail-more-v3-light-army-green\/#breadcrumb"},"inLanguage":"fr-FR","potentialAction":[{"@type":"ReadAction","target":["https:\/\/tourcruiser.com\/fr\/products\/tokyo-design-studio-x-new-balance-fresh-foam-x-trail-more-v3-light-army-green\/"]}]},{"@type":"ImageObject","inLanguage":"fr-FR","@id":"https:\/\/tourcruiser.com\/fr\/products\/tokyo-design-studio-x-new-balance-fresh-foam-x-trail-more-v3-light-army-green\/#primaryimage","url":"https:\/\/images.novelship.com\/product\/tokyo_design_studio_x_new_balance_fresh_foam_x_tra_0_85404.jpeg","contentUrl":"https:\/\/images.novelship.com\/product\/tokyo_design_studio_x_new_balance_fresh_foam_x_tra_0_85404.jpeg"},{"@type":"BreadcrumbList","@id":"https:\/\/tourcruiser.com\/fr\/products\/tokyo-design-studio-x-new-balance-fresh-foam-x-trail-more-v3-light-army-green\/#breadcrumb","itemListElement":[{"@type":"ListItem","position":1,"name":"Home","item":"https:\/\/tourcruiser.com\/fr\/"},{"@type":"ListItem","position":2,"name":"Shop","item":"https:\/\/tourcruiser.com\/fr\/shop\/"},{"@type":"ListItem","position":3,"name":"Tokyo Design Studio x New Balance Fresh Foam X Trail More v3 'Light Army Green'"}]},{"@type":"WebSite","@id":"https:\/\/tourcruiser.com\/fr\/#website","url":"https:\/\/tourcruiser.com\/fr\/","name":"Styloral Jewelry Shop","description":"Tourcruiser Sneaker Store \u2014 L\u2019endroit o\u00f9 l\u2019univers rencontre votre singularit\u00e9.","publisher":{"@id":"https:\/\/tourcruiser.com\/fr\/#organization"},"potentialAction":[{"@type":"SearchAction","target":{"@type":"EntryPoint","urlTemplate":"https:\/\/tourcruiser.com\/fr\/?s={search_term_string}"},"query-input":{"@type":"PropertyValueSpecification","valueRequired":true,"valueName":"search_term_string"}}],"inLanguage":"fr-FR"},{"@type":"Organization","@id":"https:\/\/tourcruiser.com\/fr\/#organization","name":"STYLORAL PTE. LTD","url":"https:\/\/tourcruiser.com\/fr\/","logo":{"@type":"ImageObject","inLanguage":"fr-FR","@id":"https:\/\/tourcruiser.com\/fr\/#\/schema\/logo\/image\/","url":"https:\/\/www.tourcruiser.com\/wp-content\/uploads\/2025\/12\/logo.png","contentUrl":"https:\/\/www.tourcruiser.com\/wp-content\/uploads\/2025\/12\/logo.png","width":200,"height":65,"caption":"STYLORAL PTE. LTD"},"image":{"@id":"https:\/\/tourcruiser.com\/fr\/#\/schema\/logo\/image\/"}}]}},"_links":{"self":[{"href":"https:\/\/tourcruiser.com\/fr\/wp-json\/wp\/v2\/product\/159591","targetHints":{"allow":["GET"]}}],"collection":[{"href":"https:\/\/tourcruiser.com\/fr\/wp-json\/wp\/v2\/product"}],"about":[{"href":"https:\/\/tourcruiser.com\/fr\/wp-json\/wp\/v2\/types\/product"}],"replies":[{"embeddable":true,"href":"https:\/\/tourcruiser.com\/fr\/wp-json\/wp\/v2\/comments?post=159591"}],"wp:featuredmedia":[{"embeddable":true,"href":"https:\/\/tourcruiser.com\/fr\/wp-json\/wp\/v2\/media\/159592"}],"wp:attachment":[{"href":"https:\/\/tourcruiser.com\/fr\/wp-json\/wp\/v2\/media?parent=159591"}],"wp:term":[{"taxonomy":"product_brand","embeddable":true,"href":"https:\/\/tourcruiser.com\/fr\/wp-json\/wp\/v2\/product_brand?post=159591"},{"taxonomy":"product_cat","embeddable":true,"href":"https:\/\/tourcruiser.com\/fr\/wp-json\/wp\/v2\/product_cat?post=159591"},{"taxonomy":"product_tag","embeddable":true,"href":"https:\/\/tourcruiser.com\/fr\/wp-json\/wp\/v2\/product_tag?post=159591"}],"curies":[{"name":"wp","href":"https:\/\/api.w.org\/{rel}","templated":true}]}}