{"id":159557,"date":"2026-03-02T16:05:04","date_gmt":"2026-03-02T09:05:04","guid":{"rendered":"http:\/\/tourcruiser.com\/product\/asics-cecilie-bahnsen-x-gel-quantum-360-8-silver-black-yellow"},"modified":"2026-03-14T19:26:52","modified_gmt":"2026-03-14T12:26:52","slug":"asics-cecilie-bahnsen-x-gel-quantum-360-8-silver-black-yellow","status":"publish","type":"product","link":"https:\/\/tourcruiser.com\/fr\/products\/asics-cecilie-bahnsen-x-gel-quantum-360-8-silver-black-yellow\/","title":{"rendered":"ASICS Cecilie Bahnsen x Gel Quantum 360 8 &lsquo;Silver Black Yellow&rsquo;"},"content":{"rendered":"<p>D\u00e9couvrez le futur de la chaussure avec les ASICS Gel-Quantum 360 VIII Cecilie Bahnsen Jaune (Femme)\u00a0! Profitez d&rsquo;un confort et d&rsquo;un style in\u00e9gal\u00e9s gr\u00e2ce \u00e0 l&rsquo;amorti gel \u00e0 360\u00b0 et au design saisissant inspir\u00e9 par Cecilie Bahnsen. La teinte jaune \u00e9clatante apporte une touche de couleur \u00e0 votre tenue de sport, tandis que la tige en mesh respirant garde vos pieds au frais et au sec. Adoptez l&rsquo;innovation et boostez vos performances avec ces sneakers exceptionnelles.<\/p>\n","protected":false},"excerpt":{"rendered":"<p>ASICS Gel-Quantum 360 VIII Cecilie Bahnsen \u201d\u201d Yellow<\/p>\n","protected":false},"featured_media":159558,"comment_status":"open","ping_status":"closed","template":"","meta":[],"product_brand":[],"product_cat":[10792],"product_tag":[10791,10750,10754,10765,10768,10758],"class_list":{"0":"post-159557","1":"product","2":"type-product","3":"status-publish","4":"has-post-thumbnail","6":"product_cat-asics","7":"product_tag-asics","8":"product_tag-athleisure-shoes","9":"product_tag-lifestyle-casual-shoes","10":"product_tag-lifestyle-shoes-running-inspired","11":"product_tag-retro-running-shoes","12":"product_tag-under-retail","13":"wcpa_has_options","15":"first","16":"instock","17":"sale","18":"taxable","19":"shipping-taxable","20":"purchasable","21":"product-type-simple"},"wcpa_form_fields":{"rules":{"pric_overide_base_price":false,"pric_overide_base_price_if_gt_zero":false,"pric_overide_base_price_fully":false,"pric_cal_option_once":false,"pric_use_as_fee":false,"bind_quantity":false,"quantity_bind_formula":false},"fields":[{"type":"color-group","required":true,"elementId":"wcpa-color-group-69a5ab08ee12d","label":"Taille","inline":true,"priceOptions":"different_for_all","pricingType":"fixed","className":"hassizechart product-shoes-size-eu product-shoes-size","name":"color-group-69a5ab08ee136","disp_type":"square","selection_type":"tick-border","disp_size":"50","show_label_inside":true,"adjust_width":true,"cart_display_type":"text","other_text":"Other","cl_rule":"show","col":6,"values":[{"label":"36","value":"EU 36","price":"","pimage":"","pimage_id":"","pthumb":"","color":"","selected":true},{"label":"37","value":"EU 37","price":"","pimage":"","pimage_id":"","pthumb":"","color":""},{"label":"37.5","value":"EU 37.5","price":"","pimage":"","pimage_id":"","pthumb":"","color":""},{"label":"38","value":"EU 38","price":"","pimage":"","pimage_id":"","pthumb":"","color":""},{"label":"38.5","value":"EU 38.5","price":"","pimage":"","pimage_id":"","pthumb":"","color":""},{"label":"39","value":"EU 39","price":"","pimage":"","pimage_id":"","pthumb":"","color":""},{"label":"39.5","value":"EU 39.5","price":"","pimage":"","pimage_id":"","pthumb":"","color":""},{"label":"40","value":"EU 40","price":"","pimage":"","pimage_id":"","pthumb":"","color":""},{"label":"40.5","value":"EU 40.5","price":"","pimage":"","pimage_id":"","pthumb":"","color":""},{"label":" 41.5","value":"EU 41.5","price":"","pimage":"","pimage_id":"","pthumb":"","color":""},{"label":"42","value":"EU 42","price":"","pimage":"","pimage_id":"","pthumb":"","color":""},{"label":"42.5","value":"EU 42.5","price":"","pimage":"","pimage_id":"","pthumb":"","color":""},{"label":"43","value":"EU 43","price":"","pimage":"","pimage_id":"","pthumb":"","color":""},{"label":"44","value":"EU 44","price":"","pimage":"","pimage_id":"","pthumb":"","color":""},{"label":"44.5","value":"EU 44.5","price":"","pimage":"","pimage_id":"","pthumb":"","color":""},{"label":"45","value":"EU 45","price":"","pimage":"","pimage_id":"","pthumb":"","color":""},{"label":"45.5","value":"EU 45.5","price":"","pimage":"","pimage_id":"","pthumb":"","color":""},{"label":"46","value":"EU 46","price":"","pimage":"","pimage_id":"","pthumb":"","color":""},{"label":"46.5","value":"EU 46.5","price":"","pimage":"","pimage_id":"","pthumb":"","color":""},{"label":"47","value":"EU 47","price":"","pimage":"","pimage_id":"","pthumb":"","color":""}],"relations":[{"operator":false,"rules":[]}],"form_id":184311,"form_rules":{"pric_cal_option_once":false,"exclude_from_discount":false,"pric_use_as_fee":false,"fee_label":"Fee","render_after_acb":false,"disp_hide_options_price":false}}]},"yoast_head":"<!-- This site is optimized with the Yoast SEO plugin v26.5 - https:\/\/yoast.com\/wordpress\/plugins\/seo\/ -->\n<title>ASICS Cecilie Bahnsen x Gel Quantum 360 8 &#039;Silver Black Yellow&#039; - TOURCRUISER PTE. LTD<\/title>\n<meta name=\"robots\" content=\"index, follow, max-snippet:-1, max-image-preview:large, max-video-preview:-1\" \/>\n<link rel=\"canonical\" href=\"https:\/\/tourcruiser.com\/fr\/products\/asics-cecilie-bahnsen-x-gel-quantum-360-8-silver-black-yellow\/\" \/>\n<meta property=\"og:locale\" content=\"fr_FR\" \/>\n<meta property=\"og:type\" content=\"article\" \/>\n<meta property=\"og:title\" content=\"ASICS Cecilie Bahnsen x Gel Quantum 360 8 &#039;Silver Black Yellow&#039; - TOURCRUISER PTE. LTD\" \/>\n<meta property=\"og:description\" content=\"ASICS Gel-Quantum 360 VIII Cecilie Bahnsen \u201d\u201d Yellow\" \/>\n<meta property=\"og:url\" content=\"https:\/\/tourcruiser.com\/fr\/products\/asics-cecilie-bahnsen-x-gel-quantum-360-8-silver-black-yellow\/\" \/>\n<meta property=\"og:site_name\" content=\"Tourcruiser Sneaker Store\" \/>\n<meta property=\"article:modified_time\" content=\"2026-03-14T12:26:52+00:00\" \/>\n<meta name=\"twitter:card\" content=\"summary_large_image\" \/>\n<meta name=\"twitter:image\" content=\"https:\/\/images.novelship.com\/product\/asics_gel-quantum_360_viii_cecilie_bahnsen_yellow__0_19009.jpeg\" \/>\n<script type=\"application\/ld+json\" class=\"yoast-schema-graph\">{\"@context\":\"https:\/\/schema.org\",\"@graph\":[{\"@type\":\"WebPage\",\"@id\":\"https:\/\/tourcruiser.com\/fr\/products\/asics-cecilie-bahnsen-x-gel-quantum-360-8-silver-black-yellow\/\",\"url\":\"https:\/\/tourcruiser.com\/fr\/products\/asics-cecilie-bahnsen-x-gel-quantum-360-8-silver-black-yellow\/\",\"name\":\"ASICS Cecilie Bahnsen x Gel Quantum 360 8 'Silver Black Yellow' - TOURCRUISER PTE. LTD\",\"isPartOf\":{\"@id\":\"https:\/\/tourcruiser.com\/fr\/#website\"},\"primaryImageOfPage\":{\"@id\":\"https:\/\/tourcruiser.com\/fr\/products\/asics-cecilie-bahnsen-x-gel-quantum-360-8-silver-black-yellow\/#primaryimage\"},\"image\":{\"@id\":\"https:\/\/tourcruiser.com\/fr\/products\/asics-cecilie-bahnsen-x-gel-quantum-360-8-silver-black-yellow\/#primaryimage\"},\"thumbnailUrl\":\"https:\/\/images.novelship.com\/product\/asics_gel-quantum_360_viii_cecilie_bahnsen_yellow__0_19009.jpeg\",\"datePublished\":\"2026-03-02T09:05:04+00:00\",\"dateModified\":\"2026-03-14T12:26:52+00:00\",\"breadcrumb\":{\"@id\":\"https:\/\/tourcruiser.com\/fr\/products\/asics-cecilie-bahnsen-x-gel-quantum-360-8-silver-black-yellow\/#breadcrumb\"},\"inLanguage\":\"fr-FR\",\"potentialAction\":[{\"@type\":\"ReadAction\",\"target\":[\"https:\/\/tourcruiser.com\/fr\/products\/asics-cecilie-bahnsen-x-gel-quantum-360-8-silver-black-yellow\/\"]}]},{\"@type\":\"ImageObject\",\"inLanguage\":\"fr-FR\",\"@id\":\"https:\/\/tourcruiser.com\/fr\/products\/asics-cecilie-bahnsen-x-gel-quantum-360-8-silver-black-yellow\/#primaryimage\",\"url\":\"https:\/\/images.novelship.com\/product\/asics_gel-quantum_360_viii_cecilie_bahnsen_yellow__0_19009.jpeg\",\"contentUrl\":\"https:\/\/images.novelship.com\/product\/asics_gel-quantum_360_viii_cecilie_bahnsen_yellow__0_19009.jpeg\"},{\"@type\":\"BreadcrumbList\",\"@id\":\"https:\/\/tourcruiser.com\/fr\/products\/asics-cecilie-bahnsen-x-gel-quantum-360-8-silver-black-yellow\/#breadcrumb\",\"itemListElement\":[{\"@type\":\"ListItem\",\"position\":1,\"name\":\"Home\",\"item\":\"https:\/\/tourcruiser.com\/fr\/\"},{\"@type\":\"ListItem\",\"position\":2,\"name\":\"Shop\",\"item\":\"https:\/\/tourcruiser.com\/fr\/shop\/\"},{\"@type\":\"ListItem\",\"position\":3,\"name\":\"ASICS Cecilie Bahnsen x Gel Quantum 360 8 'Silver Black Yellow'\"}]},{\"@type\":\"WebSite\",\"@id\":\"https:\/\/tourcruiser.com\/fr\/#website\",\"url\":\"https:\/\/tourcruiser.com\/fr\/\",\"name\":\"Styloral Jewelry Shop\",\"description\":\"Tourcruiser Sneaker Store \u2014 L\u2019endroit o\u00f9 l\u2019univers rencontre votre singularit\u00e9.\",\"publisher\":{\"@id\":\"https:\/\/tourcruiser.com\/fr\/#organization\"},\"potentialAction\":[{\"@type\":\"SearchAction\",\"target\":{\"@type\":\"EntryPoint\",\"urlTemplate\":\"https:\/\/tourcruiser.com\/fr\/?s={search_term_string}\"},\"query-input\":{\"@type\":\"PropertyValueSpecification\",\"valueRequired\":true,\"valueName\":\"search_term_string\"}}],\"inLanguage\":\"fr-FR\"},{\"@type\":\"Organization\",\"@id\":\"https:\/\/tourcruiser.com\/fr\/#organization\",\"name\":\"STYLORAL PTE. LTD\",\"url\":\"https:\/\/tourcruiser.com\/fr\/\",\"logo\":{\"@type\":\"ImageObject\",\"inLanguage\":\"fr-FR\",\"@id\":\"https:\/\/tourcruiser.com\/fr\/#\/schema\/logo\/image\/\",\"url\":\"https:\/\/www.tourcruiser.com\/wp-content\/uploads\/2025\/12\/logo.png\",\"contentUrl\":\"https:\/\/www.tourcruiser.com\/wp-content\/uploads\/2025\/12\/logo.png\",\"width\":200,\"height\":65,\"caption\":\"STYLORAL PTE. LTD\"},\"image\":{\"@id\":\"https:\/\/tourcruiser.com\/fr\/#\/schema\/logo\/image\/\"}}]}<\/script>\n<!-- \/ Yoast SEO plugin. -->","yoast_head_json":{"title":"ASICS Cecilie Bahnsen x Gel Quantum 360 8 'Silver Black Yellow' - TOURCRUISER PTE. LTD","robots":{"index":"index","follow":"follow","max-snippet":"max-snippet:-1","max-image-preview":"max-image-preview:large","max-video-preview":"max-video-preview:-1"},"canonical":"https:\/\/tourcruiser.com\/fr\/products\/asics-cecilie-bahnsen-x-gel-quantum-360-8-silver-black-yellow\/","og_locale":"fr_FR","og_type":"article","og_title":"ASICS Cecilie Bahnsen x Gel Quantum 360 8 'Silver Black Yellow' - TOURCRUISER PTE. LTD","og_description":"ASICS Gel-Quantum 360 VIII Cecilie Bahnsen \u201d\u201d Yellow","og_url":"https:\/\/tourcruiser.com\/fr\/products\/asics-cecilie-bahnsen-x-gel-quantum-360-8-silver-black-yellow\/","og_site_name":"Tourcruiser Sneaker Store","article_modified_time":"2026-03-14T12:26:52+00:00","twitter_card":"summary_large_image","twitter_image":"https:\/\/images.novelship.com\/product\/asics_gel-quantum_360_viii_cecilie_bahnsen_yellow__0_19009.jpeg","schema":{"@context":"https:\/\/schema.org","@graph":[{"@type":"WebPage","@id":"https:\/\/tourcruiser.com\/fr\/products\/asics-cecilie-bahnsen-x-gel-quantum-360-8-silver-black-yellow\/","url":"https:\/\/tourcruiser.com\/fr\/products\/asics-cecilie-bahnsen-x-gel-quantum-360-8-silver-black-yellow\/","name":"ASICS Cecilie Bahnsen x Gel Quantum 360 8 'Silver Black Yellow' - TOURCRUISER PTE. LTD","isPartOf":{"@id":"https:\/\/tourcruiser.com\/fr\/#website"},"primaryImageOfPage":{"@id":"https:\/\/tourcruiser.com\/fr\/products\/asics-cecilie-bahnsen-x-gel-quantum-360-8-silver-black-yellow\/#primaryimage"},"image":{"@id":"https:\/\/tourcruiser.com\/fr\/products\/asics-cecilie-bahnsen-x-gel-quantum-360-8-silver-black-yellow\/#primaryimage"},"thumbnailUrl":"https:\/\/images.novelship.com\/product\/asics_gel-quantum_360_viii_cecilie_bahnsen_yellow__0_19009.jpeg","datePublished":"2026-03-02T09:05:04+00:00","dateModified":"2026-03-14T12:26:52+00:00","breadcrumb":{"@id":"https:\/\/tourcruiser.com\/fr\/products\/asics-cecilie-bahnsen-x-gel-quantum-360-8-silver-black-yellow\/#breadcrumb"},"inLanguage":"fr-FR","potentialAction":[{"@type":"ReadAction","target":["https:\/\/tourcruiser.com\/fr\/products\/asics-cecilie-bahnsen-x-gel-quantum-360-8-silver-black-yellow\/"]}]},{"@type":"ImageObject","inLanguage":"fr-FR","@id":"https:\/\/tourcruiser.com\/fr\/products\/asics-cecilie-bahnsen-x-gel-quantum-360-8-silver-black-yellow\/#primaryimage","url":"https:\/\/images.novelship.com\/product\/asics_gel-quantum_360_viii_cecilie_bahnsen_yellow__0_19009.jpeg","contentUrl":"https:\/\/images.novelship.com\/product\/asics_gel-quantum_360_viii_cecilie_bahnsen_yellow__0_19009.jpeg"},{"@type":"BreadcrumbList","@id":"https:\/\/tourcruiser.com\/fr\/products\/asics-cecilie-bahnsen-x-gel-quantum-360-8-silver-black-yellow\/#breadcrumb","itemListElement":[{"@type":"ListItem","position":1,"name":"Home","item":"https:\/\/tourcruiser.com\/fr\/"},{"@type":"ListItem","position":2,"name":"Shop","item":"https:\/\/tourcruiser.com\/fr\/shop\/"},{"@type":"ListItem","position":3,"name":"ASICS Cecilie Bahnsen x Gel Quantum 360 8 'Silver Black Yellow'"}]},{"@type":"WebSite","@id":"https:\/\/tourcruiser.com\/fr\/#website","url":"https:\/\/tourcruiser.com\/fr\/","name":"Styloral Jewelry Shop","description":"Tourcruiser Sneaker Store \u2014 L\u2019endroit o\u00f9 l\u2019univers rencontre votre singularit\u00e9.","publisher":{"@id":"https:\/\/tourcruiser.com\/fr\/#organization"},"potentialAction":[{"@type":"SearchAction","target":{"@type":"EntryPoint","urlTemplate":"https:\/\/tourcruiser.com\/fr\/?s={search_term_string}"},"query-input":{"@type":"PropertyValueSpecification","valueRequired":true,"valueName":"search_term_string"}}],"inLanguage":"fr-FR"},{"@type":"Organization","@id":"https:\/\/tourcruiser.com\/fr\/#organization","name":"STYLORAL PTE. LTD","url":"https:\/\/tourcruiser.com\/fr\/","logo":{"@type":"ImageObject","inLanguage":"fr-FR","@id":"https:\/\/tourcruiser.com\/fr\/#\/schema\/logo\/image\/","url":"https:\/\/www.tourcruiser.com\/wp-content\/uploads\/2025\/12\/logo.png","contentUrl":"https:\/\/www.tourcruiser.com\/wp-content\/uploads\/2025\/12\/logo.png","width":200,"height":65,"caption":"STYLORAL PTE. LTD"},"image":{"@id":"https:\/\/tourcruiser.com\/fr\/#\/schema\/logo\/image\/"}}]}},"_links":{"self":[{"href":"https:\/\/tourcruiser.com\/fr\/wp-json\/wp\/v2\/product\/159557","targetHints":{"allow":["GET"]}}],"collection":[{"href":"https:\/\/tourcruiser.com\/fr\/wp-json\/wp\/v2\/product"}],"about":[{"href":"https:\/\/tourcruiser.com\/fr\/wp-json\/wp\/v2\/types\/product"}],"replies":[{"embeddable":true,"href":"https:\/\/tourcruiser.com\/fr\/wp-json\/wp\/v2\/comments?post=159557"}],"wp:featuredmedia":[{"embeddable":true,"href":"https:\/\/tourcruiser.com\/fr\/wp-json\/wp\/v2\/media\/159558"}],"wp:attachment":[{"href":"https:\/\/tourcruiser.com\/fr\/wp-json\/wp\/v2\/media?parent=159557"}],"wp:term":[{"taxonomy":"product_brand","embeddable":true,"href":"https:\/\/tourcruiser.com\/fr\/wp-json\/wp\/v2\/product_brand?post=159557"},{"taxonomy":"product_cat","embeddable":true,"href":"https:\/\/tourcruiser.com\/fr\/wp-json\/wp\/v2\/product_cat?post=159557"},{"taxonomy":"product_tag","embeddable":true,"href":"https:\/\/tourcruiser.com\/fr\/wp-json\/wp\/v2\/product_tag?post=159557"}],"curies":[{"name":"wp","href":"https:\/\/api.w.org\/{rel}","templated":true}]}}