{"id":15948,"date":"2026-02-20T15:03:56","date_gmt":"2026-02-20T08:03:56","guid":{"rendered":"http:\/\/tourcruiser.com\/product\/jalen-brunson-x-zoom-kobe-6-protro-statue-of-liberty-iq5774-300"},"modified":"2026-03-14T17:47:51","modified_gmt":"2026-03-14T10:47:51","slug":"jalen-brunson-x-zoom-kobe-6-protro-statue-of-liberty-iq5774-300","status":"publish","type":"product","link":"https:\/\/tourcruiser.com\/fr\/products\/jalen-brunson-x-zoom-kobe-6-protro-statue-of-liberty-iq5774-300\/","title":{"rendered":"Nike Jalen Brunson x Zoom Kobe 6 Protro &lsquo;Statue of Liberty&rsquo;"},"content":{"rendered":"<p>D\u00e9couvrez des performances et un style l\u00e9gendaires avec la Jalen Brunson x Nike Zoom Kobe 6 Protro \u00ab Statue de la Libert\u00e9 \u00bb. Elle offre un amorti de pointe, un design turquoise et cuivre saisissant inspir\u00e9 du monument embl\u00e9matique, et une l\u00e9g\u00e8ret\u00e9 optimale pour des performances athl\u00e9tiques exceptionnelles. Coloris\u00a0: Turquoise hyper\/Cuivre m\u00e9tallis\u00e9. Code article\u00a0: IQ5774-300. Tige\u00a0: Synth\u00e9tique. Semelle interm\u00e9diaire\u00a0: Zoom Air. Couleur\u00a0: Turquoise. Designer\u00a0: Eric Avar.<\/p>\n","protected":false},"excerpt":{"rendered":"<p>Nike Kobe 6 Protro \u2014 Hyper Turquoise\/Metallic Copper<\/p>\n","protected":false},"featured_media":15949,"comment_status":"open","ping_status":"closed","template":"","meta":[],"product_brand":[],"product_cat":[6654],"product_tag":[],"class_list":{"0":"post-15948","1":"product","2":"type-product","3":"status-publish","4":"has-post-thumbnail","6":"product_cat-nike-2026","7":"wcpa_has_options","9":"first","10":"instock","11":"taxable","12":"shipping-taxable","13":"purchasable","14":"product-type-simple"},"wcpa_form_fields":{"rules":{"pric_overide_base_price":false,"pric_overide_base_price_if_gt_zero":false,"pric_overide_base_price_fully":false,"pric_cal_option_once":false,"pric_use_as_fee":false,"bind_quantity":false,"quantity_bind_formula":false},"fields":[{"type":"color-group","required":true,"elementId":"wcpa-color-group-66c4a75505e74","label":"Taille","inline":true,"priceOptions":"different_for_all","pricingType":"fixed","className":"hassizechart product-shoes-size-eu product-shoes-size","name":"color-group-66c4a75505e89","disp_type":"square","selection_type":"tick-border","disp_size":"44","show_label_inside":true,"adjust_width":true,"cart_display_type":"text","other_text":"Other","cl_rule":"show","col":6,"values":[{"label":"35.5","value":"EU 35.5","price":"","pimage":"","pimage_id":"","pthumb":"","color":""},{"label":"36","value":"EU 36","price":"","pimage":"","pimage_id":"","pthumb":"","color":"","selected":true},{"label":"36.5","value":"EU 36.5","price":"","pimage":"","pimage_id":"","pthumb":"","color":""},{"label":"37.5","value":"EU 37.5","price":"","pimage":"","pimage_id":"","pthumb":"","color":""},{"label":"38","value":"EU 38","price":"","pimage":"","pimage_id":"","pthumb":"","color":""},{"label":"38.5","value":"EU 38.5","price":"","pimage":"","pimage_id":"","pthumb":"","color":""},{"label":"39","value":"EU 39","price":"","pimage":"","pimage_id":"","pthumb":"","color":""},{"label":"40","value":"EU 40","price":"","pimage":"","pimage_id":"","pthumb":"","color":""},{"label":"40.5","value":"EU 40.5","price":"","pimage":"","pimage_id":"","pthumb":"","color":""},{"label":"41","value":"EU 41","price":"","pimage":"","pimage_id":"","pthumb":"","color":""},{"label":"42","value":"EU 42","price":"","pimage":"","pimage_id":"","pthumb":"","color":""},{"label":"42.5","value":"EU 42.5","price":"","pimage":"","pimage_id":"","pthumb":"","color":""},{"label":"43","value":"EU 43","price":"","pimage":"","pimage_id":"","pthumb":"","color":""},{"label":"44","value":"EU 44","price":"","pimage":"","pimage_id":"","pthumb":"","color":""},{"label":"44.5","value":"EU 44.5","price":"","pimage":"","pimage_id":"","pthumb":"","color":""},{"label":"45","value":"EU 45","price":"","pimage":"","pimage_id":"","pthumb":"","color":""},{"label":"45.5","value":"EU 45.5","price":"","pimage":"","pimage_id":"","pthumb":"","color":""},{"label":"46","value":"EU 46","price":"","pimage":"","pimage_id":"","pthumb":"","color":""},{"label":"47","value":"EU 47","price":"","pimage":"","pimage_id":"","pthumb":"","color":""},{"label":"47.5","value":"EU 47.5","price":"","pimage":"","pimage_id":"","pthumb":"","color":""},{"label":"48","value":"EU 48","price":"","pimage":"","pimage_id":"","pthumb":"","color":""}],"relations":[{"operator":false,"rules":[]}],"form_id":18106,"form_rules":{"pric_cal_option_once":false,"exclude_from_discount":false,"pric_use_as_fee":false,"fee_label":"Fee","render_after_acb":false,"disp_hide_options_price":false}}]},"yoast_head":"<!-- This site is optimized with the Yoast SEO plugin v26.5 - https:\/\/yoast.com\/wordpress\/plugins\/seo\/ -->\n<title>Nike Jalen Brunson x Zoom Kobe 6 Protro &#039;Statue of Liberty&#039; - TOURCRUISER PTE. LTD<\/title>\n<meta name=\"robots\" content=\"index, follow, max-snippet:-1, max-image-preview:large, max-video-preview:-1\" \/>\n<link rel=\"canonical\" href=\"https:\/\/tourcruiser.com\/fr\/products\/jalen-brunson-x-zoom-kobe-6-protro-statue-of-liberty-iq5774-300\/\" \/>\n<meta property=\"og:locale\" content=\"fr_FR\" \/>\n<meta property=\"og:type\" content=\"article\" \/>\n<meta property=\"og:title\" content=\"Nike Jalen Brunson x Zoom Kobe 6 Protro &#039;Statue of Liberty&#039; - TOURCRUISER PTE. LTD\" \/>\n<meta property=\"og:description\" content=\"Nike Kobe 6 Protro \u2014 Hyper Turquoise\/Metallic Copper\" \/>\n<meta property=\"og:url\" content=\"https:\/\/tourcruiser.com\/fr\/products\/jalen-brunson-x-zoom-kobe-6-protro-statue-of-liberty-iq5774-300\/\" \/>\n<meta property=\"og:site_name\" content=\"Tourcruiser Sneaker Store\" \/>\n<meta property=\"article:modified_time\" content=\"2026-03-14T10:47:51+00:00\" \/>\n<meta name=\"twitter:card\" content=\"summary_large_image\" \/>\n<meta name=\"twitter:image\" content=\"https:\/\/images.novelship.com\/product\/jalen_brunson_x_nike_zoom_kobe_6_protro__statue_of_0_4365.png\" \/>\n<script type=\"application\/ld+json\" class=\"yoast-schema-graph\">{\"@context\":\"https:\/\/schema.org\",\"@graph\":[{\"@type\":\"WebPage\",\"@id\":\"https:\/\/tourcruiser.com\/fr\/products\/jalen-brunson-x-zoom-kobe-6-protro-statue-of-liberty-iq5774-300\/\",\"url\":\"https:\/\/tourcruiser.com\/fr\/products\/jalen-brunson-x-zoom-kobe-6-protro-statue-of-liberty-iq5774-300\/\",\"name\":\"Nike Jalen Brunson x Zoom Kobe 6 Protro 'Statue of Liberty' - TOURCRUISER PTE. LTD\",\"isPartOf\":{\"@id\":\"https:\/\/tourcruiser.com\/fr\/#website\"},\"primaryImageOfPage\":{\"@id\":\"https:\/\/tourcruiser.com\/fr\/products\/jalen-brunson-x-zoom-kobe-6-protro-statue-of-liberty-iq5774-300\/#primaryimage\"},\"image\":{\"@id\":\"https:\/\/tourcruiser.com\/fr\/products\/jalen-brunson-x-zoom-kobe-6-protro-statue-of-liberty-iq5774-300\/#primaryimage\"},\"thumbnailUrl\":\"https:\/\/images.novelship.com\/product\/jalen_brunson_x_nike_zoom_kobe_6_protro__statue_of_0_4365.png\",\"datePublished\":\"2026-02-20T08:03:56+00:00\",\"dateModified\":\"2026-03-14T10:47:51+00:00\",\"breadcrumb\":{\"@id\":\"https:\/\/tourcruiser.com\/fr\/products\/jalen-brunson-x-zoom-kobe-6-protro-statue-of-liberty-iq5774-300\/#breadcrumb\"},\"inLanguage\":\"fr-FR\",\"potentialAction\":[{\"@type\":\"ReadAction\",\"target\":[\"https:\/\/tourcruiser.com\/fr\/products\/jalen-brunson-x-zoom-kobe-6-protro-statue-of-liberty-iq5774-300\/\"]}]},{\"@type\":\"ImageObject\",\"inLanguage\":\"fr-FR\",\"@id\":\"https:\/\/tourcruiser.com\/fr\/products\/jalen-brunson-x-zoom-kobe-6-protro-statue-of-liberty-iq5774-300\/#primaryimage\",\"url\":\"https:\/\/images.novelship.com\/product\/jalen_brunson_x_nike_zoom_kobe_6_protro__statue_of_0_4365.png\",\"contentUrl\":\"https:\/\/images.novelship.com\/product\/jalen_brunson_x_nike_zoom_kobe_6_protro__statue_of_0_4365.png\"},{\"@type\":\"BreadcrumbList\",\"@id\":\"https:\/\/tourcruiser.com\/fr\/products\/jalen-brunson-x-zoom-kobe-6-protro-statue-of-liberty-iq5774-300\/#breadcrumb\",\"itemListElement\":[{\"@type\":\"ListItem\",\"position\":1,\"name\":\"Home\",\"item\":\"https:\/\/tourcruiser.com\/fr\/\"},{\"@type\":\"ListItem\",\"position\":2,\"name\":\"Shop\",\"item\":\"https:\/\/tourcruiser.com\/fr\/shop\/\"},{\"@type\":\"ListItem\",\"position\":3,\"name\":\"Nike Jalen Brunson x Zoom Kobe 6 Protro 'Statue of Liberty'\"}]},{\"@type\":\"WebSite\",\"@id\":\"https:\/\/tourcruiser.com\/fr\/#website\",\"url\":\"https:\/\/tourcruiser.com\/fr\/\",\"name\":\"Styloral Jewelry Shop\",\"description\":\"Tourcruiser Sneaker Store \u2014 L\u2019endroit o\u00f9 l\u2019univers rencontre votre singularit\u00e9.\",\"publisher\":{\"@id\":\"https:\/\/tourcruiser.com\/fr\/#organization\"},\"potentialAction\":[{\"@type\":\"SearchAction\",\"target\":{\"@type\":\"EntryPoint\",\"urlTemplate\":\"https:\/\/tourcruiser.com\/fr\/?s={search_term_string}\"},\"query-input\":{\"@type\":\"PropertyValueSpecification\",\"valueRequired\":true,\"valueName\":\"search_term_string\"}}],\"inLanguage\":\"fr-FR\"},{\"@type\":\"Organization\",\"@id\":\"https:\/\/tourcruiser.com\/fr\/#organization\",\"name\":\"STYLORAL PTE. LTD\",\"url\":\"https:\/\/tourcruiser.com\/fr\/\",\"logo\":{\"@type\":\"ImageObject\",\"inLanguage\":\"fr-FR\",\"@id\":\"https:\/\/tourcruiser.com\/fr\/#\/schema\/logo\/image\/\",\"url\":\"https:\/\/www.tourcruiser.com\/wp-content\/uploads\/2025\/12\/logo.png\",\"contentUrl\":\"https:\/\/www.tourcruiser.com\/wp-content\/uploads\/2025\/12\/logo.png\",\"width\":200,\"height\":65,\"caption\":\"STYLORAL PTE. LTD\"},\"image\":{\"@id\":\"https:\/\/tourcruiser.com\/fr\/#\/schema\/logo\/image\/\"}}]}<\/script>\n<!-- \/ Yoast SEO plugin. -->","yoast_head_json":{"title":"Nike Jalen Brunson x Zoom Kobe 6 Protro 'Statue of Liberty' - TOURCRUISER PTE. LTD","robots":{"index":"index","follow":"follow","max-snippet":"max-snippet:-1","max-image-preview":"max-image-preview:large","max-video-preview":"max-video-preview:-1"},"canonical":"https:\/\/tourcruiser.com\/fr\/products\/jalen-brunson-x-zoom-kobe-6-protro-statue-of-liberty-iq5774-300\/","og_locale":"fr_FR","og_type":"article","og_title":"Nike Jalen Brunson x Zoom Kobe 6 Protro 'Statue of Liberty' - TOURCRUISER PTE. LTD","og_description":"Nike Kobe 6 Protro \u2014 Hyper Turquoise\/Metallic Copper","og_url":"https:\/\/tourcruiser.com\/fr\/products\/jalen-brunson-x-zoom-kobe-6-protro-statue-of-liberty-iq5774-300\/","og_site_name":"Tourcruiser Sneaker Store","article_modified_time":"2026-03-14T10:47:51+00:00","twitter_card":"summary_large_image","twitter_image":"https:\/\/images.novelship.com\/product\/jalen_brunson_x_nike_zoom_kobe_6_protro__statue_of_0_4365.png","schema":{"@context":"https:\/\/schema.org","@graph":[{"@type":"WebPage","@id":"https:\/\/tourcruiser.com\/fr\/products\/jalen-brunson-x-zoom-kobe-6-protro-statue-of-liberty-iq5774-300\/","url":"https:\/\/tourcruiser.com\/fr\/products\/jalen-brunson-x-zoom-kobe-6-protro-statue-of-liberty-iq5774-300\/","name":"Nike Jalen Brunson x Zoom Kobe 6 Protro 'Statue of Liberty' - TOURCRUISER PTE. LTD","isPartOf":{"@id":"https:\/\/tourcruiser.com\/fr\/#website"},"primaryImageOfPage":{"@id":"https:\/\/tourcruiser.com\/fr\/products\/jalen-brunson-x-zoom-kobe-6-protro-statue-of-liberty-iq5774-300\/#primaryimage"},"image":{"@id":"https:\/\/tourcruiser.com\/fr\/products\/jalen-brunson-x-zoom-kobe-6-protro-statue-of-liberty-iq5774-300\/#primaryimage"},"thumbnailUrl":"https:\/\/images.novelship.com\/product\/jalen_brunson_x_nike_zoom_kobe_6_protro__statue_of_0_4365.png","datePublished":"2026-02-20T08:03:56+00:00","dateModified":"2026-03-14T10:47:51+00:00","breadcrumb":{"@id":"https:\/\/tourcruiser.com\/fr\/products\/jalen-brunson-x-zoom-kobe-6-protro-statue-of-liberty-iq5774-300\/#breadcrumb"},"inLanguage":"fr-FR","potentialAction":[{"@type":"ReadAction","target":["https:\/\/tourcruiser.com\/fr\/products\/jalen-brunson-x-zoom-kobe-6-protro-statue-of-liberty-iq5774-300\/"]}]},{"@type":"ImageObject","inLanguage":"fr-FR","@id":"https:\/\/tourcruiser.com\/fr\/products\/jalen-brunson-x-zoom-kobe-6-protro-statue-of-liberty-iq5774-300\/#primaryimage","url":"https:\/\/images.novelship.com\/product\/jalen_brunson_x_nike_zoom_kobe_6_protro__statue_of_0_4365.png","contentUrl":"https:\/\/images.novelship.com\/product\/jalen_brunson_x_nike_zoom_kobe_6_protro__statue_of_0_4365.png"},{"@type":"BreadcrumbList","@id":"https:\/\/tourcruiser.com\/fr\/products\/jalen-brunson-x-zoom-kobe-6-protro-statue-of-liberty-iq5774-300\/#breadcrumb","itemListElement":[{"@type":"ListItem","position":1,"name":"Home","item":"https:\/\/tourcruiser.com\/fr\/"},{"@type":"ListItem","position":2,"name":"Shop","item":"https:\/\/tourcruiser.com\/fr\/shop\/"},{"@type":"ListItem","position":3,"name":"Nike Jalen Brunson x Zoom Kobe 6 Protro 'Statue of Liberty'"}]},{"@type":"WebSite","@id":"https:\/\/tourcruiser.com\/fr\/#website","url":"https:\/\/tourcruiser.com\/fr\/","name":"Styloral Jewelry Shop","description":"Tourcruiser Sneaker Store \u2014 L\u2019endroit o\u00f9 l\u2019univers rencontre votre singularit\u00e9.","publisher":{"@id":"https:\/\/tourcruiser.com\/fr\/#organization"},"potentialAction":[{"@type":"SearchAction","target":{"@type":"EntryPoint","urlTemplate":"https:\/\/tourcruiser.com\/fr\/?s={search_term_string}"},"query-input":{"@type":"PropertyValueSpecification","valueRequired":true,"valueName":"search_term_string"}}],"inLanguage":"fr-FR"},{"@type":"Organization","@id":"https:\/\/tourcruiser.com\/fr\/#organization","name":"STYLORAL PTE. LTD","url":"https:\/\/tourcruiser.com\/fr\/","logo":{"@type":"ImageObject","inLanguage":"fr-FR","@id":"https:\/\/tourcruiser.com\/fr\/#\/schema\/logo\/image\/","url":"https:\/\/www.tourcruiser.com\/wp-content\/uploads\/2025\/12\/logo.png","contentUrl":"https:\/\/www.tourcruiser.com\/wp-content\/uploads\/2025\/12\/logo.png","width":200,"height":65,"caption":"STYLORAL PTE. LTD"},"image":{"@id":"https:\/\/tourcruiser.com\/fr\/#\/schema\/logo\/image\/"}}]}},"_links":{"self":[{"href":"https:\/\/tourcruiser.com\/fr\/wp-json\/wp\/v2\/product\/15948","targetHints":{"allow":["GET"]}}],"collection":[{"href":"https:\/\/tourcruiser.com\/fr\/wp-json\/wp\/v2\/product"}],"about":[{"href":"https:\/\/tourcruiser.com\/fr\/wp-json\/wp\/v2\/types\/product"}],"replies":[{"embeddable":true,"href":"https:\/\/tourcruiser.com\/fr\/wp-json\/wp\/v2\/comments?post=15948"}],"wp:featuredmedia":[{"embeddable":true,"href":"https:\/\/tourcruiser.com\/fr\/wp-json\/wp\/v2\/media\/15949"}],"wp:attachment":[{"href":"https:\/\/tourcruiser.com\/fr\/wp-json\/wp\/v2\/media?parent=15948"}],"wp:term":[{"taxonomy":"product_brand","embeddable":true,"href":"https:\/\/tourcruiser.com\/fr\/wp-json\/wp\/v2\/product_brand?post=15948"},{"taxonomy":"product_cat","embeddable":true,"href":"https:\/\/tourcruiser.com\/fr\/wp-json\/wp\/v2\/product_cat?post=15948"},{"taxonomy":"product_tag","embeddable":true,"href":"https:\/\/tourcruiser.com\/fr\/wp-json\/wp\/v2\/product_tag?post=15948"}],"curies":[{"name":"wp","href":"https:\/\/api.w.org\/{rel}","templated":true}]}}