{"id":158837,"date":"2026-03-02T16:04:04","date_gmt":"2026-03-02T09:04:04","guid":{"rendered":"http:\/\/tourcruiser.com\/product\/moncler-x-hoka-mafate-speed-2-nimbus-cloud-harbor-mist"},"modified":"2026-03-14T18:10:00","modified_gmt":"2026-03-14T11:10:00","slug":"moncler-x-hoka-mafate-speed-2-nimbus-cloud-harbor-mist","status":"publish","type":"product","link":"https:\/\/tourcruiser.com\/fr\/products\/moncler-x-hoka-mafate-speed-2-nimbus-cloud-harbor-mist\/","title":{"rendered":"Moncler x HOKA Mafate Speed 2 &lsquo;Nimbus Cloud Harbor Mist&rsquo;"},"content":{"rendered":"<p>D\u00e9couvrez la Moncler x HOKA Mafate Speed \u200b\u200b2 \u00ab Nimbus Cloud Harbor Mist \u00bb, une fusion r\u00e9volutionnaire de mode et de performance. Cette sneaker en \u00e9dition limit\u00e9e arbore un coloris unique inspir\u00e9 par la beaut\u00e9 \u00e9th\u00e9r\u00e9e des nuages. Sa semelle ext\u00e9rieure Vibram Megagrip de pointe garantit une adh\u00e9rence exceptionnelle, tandis que son chausson ajust\u00e9 et ses mat\u00e9riaux respirants assurent un confort in\u00e9gal\u00e9. Affirmez votre style et partez \u00e0 la conqu\u00eate de tous les terrains avec ce chef-d&rsquo;\u0153uvre issu d&rsquo;une collaboration exceptionnelle.<\/p>\n","protected":false},"excerpt":{"rendered":"<p>HOKA Mafate Speed 2 \u201d\u201d white<\/p>\n","protected":false},"featured_media":158838,"comment_status":"open","ping_status":"closed","template":"","meta":[],"product_brand":[],"product_cat":[11495],"product_tag":[10753,11114,11494,10802,11006,11116],"class_list":{"0":"post-158837","1":"product","2":"type-product","3":"status-publish","4":"has-post-thumbnail","6":"product_cat-hoka","7":"product_tag-gift-for-him","8":"product_tag-hiking-shoes","9":"product_tag-hoka","10":"product_tag-performance-sport-shoes","11":"product_tag-trail-running-shoes","12":"product_tag-waterproof-hiking-shoes","13":"wcpa_has_options","15":"first","16":"instock","17":"taxable","18":"shipping-taxable","19":"purchasable","20":"product-type-simple"},"wcpa_form_fields":{"rules":{"pric_overide_base_price":false,"pric_overide_base_price_if_gt_zero":false,"pric_overide_base_price_fully":false,"pric_cal_option_once":false,"pric_use_as_fee":false,"bind_quantity":false,"quantity_bind_formula":false},"fields":[{"type":"color-group","required":true,"elementId":"wcpa-color-group-69a5afd8a7cca","label":"Taille","inline":true,"priceOptions":"different_for_all","pricingType":"fixed","className":"hassizechart product-shoes-size-eu product-shoes-size","name":"color-group-69a5afd8a7cd3","disp_type":"square","selection_type":"tick-border","disp_size":"50","show_label_inside":true,"adjust_width":true,"cart_display_type":"text","other_text":"Other","cl_rule":"show","col":6,"values":[{"label":"35 1\/3","value":"EU 35 1\/3","price":"","pimage":"","pimage_id":"","pthumb":"","color":""},{"label":"36","value":"EU 36","price":"","pimage":"","pimage_id":"","pthumb":"","color":""},{"label":"36 2\/3","value":"EU 36 2\/3","price":"","pimage":"","pimage_id":"","pthumb":"","color":""},{"label":"37 1\/3","value":"EU 37 1\/3","price":"","pimage":"","pimage_id":"","pthumb":"","color":"","selected":true},{"label":"38","value":"EU 38","price":"","pimage":"","pimage_id":"","pthumb":"","color":""},{"label":"38 2\/3","value":"EU 38 2\/3","price":"","pimage":"","pimage_id":"","pthumb":"","color":""},{"label":"39 1\/3","value":"EU 39 1\/3","price":"","pimage":"","pimage_id":"","pthumb":"","color":""},{"label":"39.5","value":"EU 39.5","price":"","pimage":"","pimage_id":"","pthumb":"","color":""},{"label":"40","value":"EU 40","price":"","pimage":"","pimage_id":"","pthumb":"","color":""},{"label":"40 2\/3","value":"EU 40  2\/3","price":"","pimage":"","pimage_id":"","pthumb":"","color":""},{"label":" 41 1\/3","value":"EU 41.5","price":"","pimage":"","pimage_id":"","pthumb":"","color":""},{"label":"42","value":"EU 42","price":"","pimage":"","pimage_id":"","pthumb":"","color":""},{"label":"42 2\/3","value":"EU 42 2\/3","price":"","pimage":"","pimage_id":"","pthumb":"","color":""},{"label":"43 1\/3","value":"EU 43 1\/3","price":"","pimage":"","pimage_id":"","pthumb":"","color":""},{"label":"44","value":"EU 44","price":"","pimage":"","pimage_id":"","pthumb":"","color":""},{"label":"44 2\/3","value":"EU 44 2\/3","price":"","pimage":"","pimage_id":"","pthumb":"","color":""},{"label":"45 1\/3","value":"EU 45 1\/3","price":"","pimage":"","pimage_id":"","pthumb":"","color":""},{"label":"46","value":"EU 46","price":"","pimage":"","pimage_id":"","pthumb":"","color":""},{"label":"46 2\/3","value":"EU 46 2\/3","price":"","pimage":"","pimage_id":"","pthumb":"","color":""},{"label":"47 1\/3","value":"EU 47 1\/3","price":"","pimage":"","pimage_id":"","pthumb":"","color":""},{"label":"48","value":"EU 48","price":"","pimage":"","pimage_id":"","pthumb":"","color":""}],"relations":[{"operator":false,"rules":[]}],"form_id":184317,"form_rules":{"pric_cal_option_once":false,"exclude_from_discount":false,"pric_use_as_fee":false,"fee_label":"Fee","render_after_acb":false,"disp_hide_options_price":false}}]},"yoast_head":"<!-- This site is optimized with the Yoast SEO plugin v26.5 - https:\/\/yoast.com\/wordpress\/plugins\/seo\/ -->\n<title>Moncler x HOKA Mafate Speed 2 &#039;Nimbus Cloud Harbor Mist&#039; - TOURCRUISER PTE. LTD<\/title>\n<meta name=\"robots\" content=\"index, follow, max-snippet:-1, max-image-preview:large, max-video-preview:-1\" \/>\n<link rel=\"canonical\" href=\"https:\/\/tourcruiser.com\/fr\/products\/moncler-x-hoka-mafate-speed-2-nimbus-cloud-harbor-mist\/\" \/>\n<meta property=\"og:locale\" content=\"fr_FR\" \/>\n<meta property=\"og:type\" content=\"article\" \/>\n<meta property=\"og:title\" content=\"Moncler x HOKA Mafate Speed 2 &#039;Nimbus Cloud Harbor Mist&#039; - TOURCRUISER PTE. LTD\" \/>\n<meta property=\"og:description\" content=\"HOKA Mafate Speed 2 \u201d\u201d white\" \/>\n<meta property=\"og:url\" content=\"https:\/\/tourcruiser.com\/fr\/products\/moncler-x-hoka-mafate-speed-2-nimbus-cloud-harbor-mist\/\" \/>\n<meta property=\"og:site_name\" content=\"Tourcruiser Sneaker Store\" \/>\n<meta property=\"article:modified_time\" content=\"2026-03-14T11:10:00+00:00\" \/>\n<meta name=\"twitter:card\" content=\"summary_large_image\" \/>\n<meta name=\"twitter:image\" content=\"https:\/\/images.novelship.com\/product\/moncler_x_hoka_mafate_speed_2__nimbus_cloud_harbor_0_1106.jpeg\" \/>\n<script type=\"application\/ld+json\" class=\"yoast-schema-graph\">{\"@context\":\"https:\/\/schema.org\",\"@graph\":[{\"@type\":\"WebPage\",\"@id\":\"https:\/\/tourcruiser.com\/fr\/products\/moncler-x-hoka-mafate-speed-2-nimbus-cloud-harbor-mist\/\",\"url\":\"https:\/\/tourcruiser.com\/fr\/products\/moncler-x-hoka-mafate-speed-2-nimbus-cloud-harbor-mist\/\",\"name\":\"Moncler x HOKA Mafate Speed 2 'Nimbus Cloud Harbor Mist' - TOURCRUISER PTE. LTD\",\"isPartOf\":{\"@id\":\"https:\/\/tourcruiser.com\/fr\/#website\"},\"primaryImageOfPage\":{\"@id\":\"https:\/\/tourcruiser.com\/fr\/products\/moncler-x-hoka-mafate-speed-2-nimbus-cloud-harbor-mist\/#primaryimage\"},\"image\":{\"@id\":\"https:\/\/tourcruiser.com\/fr\/products\/moncler-x-hoka-mafate-speed-2-nimbus-cloud-harbor-mist\/#primaryimage\"},\"thumbnailUrl\":\"https:\/\/images.novelship.com\/product\/moncler_x_hoka_mafate_speed_2__nimbus_cloud_harbor_0_1106.jpeg\",\"datePublished\":\"2026-03-02T09:04:04+00:00\",\"dateModified\":\"2026-03-14T11:10:00+00:00\",\"breadcrumb\":{\"@id\":\"https:\/\/tourcruiser.com\/fr\/products\/moncler-x-hoka-mafate-speed-2-nimbus-cloud-harbor-mist\/#breadcrumb\"},\"inLanguage\":\"fr-FR\",\"potentialAction\":[{\"@type\":\"ReadAction\",\"target\":[\"https:\/\/tourcruiser.com\/fr\/products\/moncler-x-hoka-mafate-speed-2-nimbus-cloud-harbor-mist\/\"]}]},{\"@type\":\"ImageObject\",\"inLanguage\":\"fr-FR\",\"@id\":\"https:\/\/tourcruiser.com\/fr\/products\/moncler-x-hoka-mafate-speed-2-nimbus-cloud-harbor-mist\/#primaryimage\",\"url\":\"https:\/\/images.novelship.com\/product\/moncler_x_hoka_mafate_speed_2__nimbus_cloud_harbor_0_1106.jpeg\",\"contentUrl\":\"https:\/\/images.novelship.com\/product\/moncler_x_hoka_mafate_speed_2__nimbus_cloud_harbor_0_1106.jpeg\"},{\"@type\":\"BreadcrumbList\",\"@id\":\"https:\/\/tourcruiser.com\/fr\/products\/moncler-x-hoka-mafate-speed-2-nimbus-cloud-harbor-mist\/#breadcrumb\",\"itemListElement\":[{\"@type\":\"ListItem\",\"position\":1,\"name\":\"Home\",\"item\":\"https:\/\/tourcruiser.com\/fr\/\"},{\"@type\":\"ListItem\",\"position\":2,\"name\":\"Shop\",\"item\":\"https:\/\/tourcruiser.com\/fr\/shop\/\"},{\"@type\":\"ListItem\",\"position\":3,\"name\":\"Moncler x HOKA Mafate Speed 2 'Nimbus Cloud Harbor Mist'\"}]},{\"@type\":\"WebSite\",\"@id\":\"https:\/\/tourcruiser.com\/fr\/#website\",\"url\":\"https:\/\/tourcruiser.com\/fr\/\",\"name\":\"Styloral Jewelry Shop\",\"description\":\"Tourcruiser Sneaker Store \u2014 L\u2019endroit o\u00f9 l\u2019univers rencontre votre singularit\u00e9.\",\"publisher\":{\"@id\":\"https:\/\/tourcruiser.com\/fr\/#organization\"},\"potentialAction\":[{\"@type\":\"SearchAction\",\"target\":{\"@type\":\"EntryPoint\",\"urlTemplate\":\"https:\/\/tourcruiser.com\/fr\/?s={search_term_string}\"},\"query-input\":{\"@type\":\"PropertyValueSpecification\",\"valueRequired\":true,\"valueName\":\"search_term_string\"}}],\"inLanguage\":\"fr-FR\"},{\"@type\":\"Organization\",\"@id\":\"https:\/\/tourcruiser.com\/fr\/#organization\",\"name\":\"STYLORAL PTE. LTD\",\"url\":\"https:\/\/tourcruiser.com\/fr\/\",\"logo\":{\"@type\":\"ImageObject\",\"inLanguage\":\"fr-FR\",\"@id\":\"https:\/\/tourcruiser.com\/fr\/#\/schema\/logo\/image\/\",\"url\":\"https:\/\/www.tourcruiser.com\/wp-content\/uploads\/2025\/12\/logo.png\",\"contentUrl\":\"https:\/\/www.tourcruiser.com\/wp-content\/uploads\/2025\/12\/logo.png\",\"width\":200,\"height\":65,\"caption\":\"STYLORAL PTE. LTD\"},\"image\":{\"@id\":\"https:\/\/tourcruiser.com\/fr\/#\/schema\/logo\/image\/\"}}]}<\/script>\n<!-- \/ Yoast SEO plugin. -->","yoast_head_json":{"title":"Moncler x HOKA Mafate Speed 2 'Nimbus Cloud Harbor Mist' - TOURCRUISER PTE. LTD","robots":{"index":"index","follow":"follow","max-snippet":"max-snippet:-1","max-image-preview":"max-image-preview:large","max-video-preview":"max-video-preview:-1"},"canonical":"https:\/\/tourcruiser.com\/fr\/products\/moncler-x-hoka-mafate-speed-2-nimbus-cloud-harbor-mist\/","og_locale":"fr_FR","og_type":"article","og_title":"Moncler x HOKA Mafate Speed 2 'Nimbus Cloud Harbor Mist' - TOURCRUISER PTE. LTD","og_description":"HOKA Mafate Speed 2 \u201d\u201d white","og_url":"https:\/\/tourcruiser.com\/fr\/products\/moncler-x-hoka-mafate-speed-2-nimbus-cloud-harbor-mist\/","og_site_name":"Tourcruiser Sneaker Store","article_modified_time":"2026-03-14T11:10:00+00:00","twitter_card":"summary_large_image","twitter_image":"https:\/\/images.novelship.com\/product\/moncler_x_hoka_mafate_speed_2__nimbus_cloud_harbor_0_1106.jpeg","schema":{"@context":"https:\/\/schema.org","@graph":[{"@type":"WebPage","@id":"https:\/\/tourcruiser.com\/fr\/products\/moncler-x-hoka-mafate-speed-2-nimbus-cloud-harbor-mist\/","url":"https:\/\/tourcruiser.com\/fr\/products\/moncler-x-hoka-mafate-speed-2-nimbus-cloud-harbor-mist\/","name":"Moncler x HOKA Mafate Speed 2 'Nimbus Cloud Harbor Mist' - TOURCRUISER PTE. LTD","isPartOf":{"@id":"https:\/\/tourcruiser.com\/fr\/#website"},"primaryImageOfPage":{"@id":"https:\/\/tourcruiser.com\/fr\/products\/moncler-x-hoka-mafate-speed-2-nimbus-cloud-harbor-mist\/#primaryimage"},"image":{"@id":"https:\/\/tourcruiser.com\/fr\/products\/moncler-x-hoka-mafate-speed-2-nimbus-cloud-harbor-mist\/#primaryimage"},"thumbnailUrl":"https:\/\/images.novelship.com\/product\/moncler_x_hoka_mafate_speed_2__nimbus_cloud_harbor_0_1106.jpeg","datePublished":"2026-03-02T09:04:04+00:00","dateModified":"2026-03-14T11:10:00+00:00","breadcrumb":{"@id":"https:\/\/tourcruiser.com\/fr\/products\/moncler-x-hoka-mafate-speed-2-nimbus-cloud-harbor-mist\/#breadcrumb"},"inLanguage":"fr-FR","potentialAction":[{"@type":"ReadAction","target":["https:\/\/tourcruiser.com\/fr\/products\/moncler-x-hoka-mafate-speed-2-nimbus-cloud-harbor-mist\/"]}]},{"@type":"ImageObject","inLanguage":"fr-FR","@id":"https:\/\/tourcruiser.com\/fr\/products\/moncler-x-hoka-mafate-speed-2-nimbus-cloud-harbor-mist\/#primaryimage","url":"https:\/\/images.novelship.com\/product\/moncler_x_hoka_mafate_speed_2__nimbus_cloud_harbor_0_1106.jpeg","contentUrl":"https:\/\/images.novelship.com\/product\/moncler_x_hoka_mafate_speed_2__nimbus_cloud_harbor_0_1106.jpeg"},{"@type":"BreadcrumbList","@id":"https:\/\/tourcruiser.com\/fr\/products\/moncler-x-hoka-mafate-speed-2-nimbus-cloud-harbor-mist\/#breadcrumb","itemListElement":[{"@type":"ListItem","position":1,"name":"Home","item":"https:\/\/tourcruiser.com\/fr\/"},{"@type":"ListItem","position":2,"name":"Shop","item":"https:\/\/tourcruiser.com\/fr\/shop\/"},{"@type":"ListItem","position":3,"name":"Moncler x HOKA Mafate Speed 2 'Nimbus Cloud Harbor Mist'"}]},{"@type":"WebSite","@id":"https:\/\/tourcruiser.com\/fr\/#website","url":"https:\/\/tourcruiser.com\/fr\/","name":"Styloral Jewelry Shop","description":"Tourcruiser Sneaker Store \u2014 L\u2019endroit o\u00f9 l\u2019univers rencontre votre singularit\u00e9.","publisher":{"@id":"https:\/\/tourcruiser.com\/fr\/#organization"},"potentialAction":[{"@type":"SearchAction","target":{"@type":"EntryPoint","urlTemplate":"https:\/\/tourcruiser.com\/fr\/?s={search_term_string}"},"query-input":{"@type":"PropertyValueSpecification","valueRequired":true,"valueName":"search_term_string"}}],"inLanguage":"fr-FR"},{"@type":"Organization","@id":"https:\/\/tourcruiser.com\/fr\/#organization","name":"STYLORAL PTE. LTD","url":"https:\/\/tourcruiser.com\/fr\/","logo":{"@type":"ImageObject","inLanguage":"fr-FR","@id":"https:\/\/tourcruiser.com\/fr\/#\/schema\/logo\/image\/","url":"https:\/\/www.tourcruiser.com\/wp-content\/uploads\/2025\/12\/logo.png","contentUrl":"https:\/\/www.tourcruiser.com\/wp-content\/uploads\/2025\/12\/logo.png","width":200,"height":65,"caption":"STYLORAL PTE. LTD"},"image":{"@id":"https:\/\/tourcruiser.com\/fr\/#\/schema\/logo\/image\/"}}]}},"_links":{"self":[{"href":"https:\/\/tourcruiser.com\/fr\/wp-json\/wp\/v2\/product\/158837","targetHints":{"allow":["GET"]}}],"collection":[{"href":"https:\/\/tourcruiser.com\/fr\/wp-json\/wp\/v2\/product"}],"about":[{"href":"https:\/\/tourcruiser.com\/fr\/wp-json\/wp\/v2\/types\/product"}],"replies":[{"embeddable":true,"href":"https:\/\/tourcruiser.com\/fr\/wp-json\/wp\/v2\/comments?post=158837"}],"wp:featuredmedia":[{"embeddable":true,"href":"https:\/\/tourcruiser.com\/fr\/wp-json\/wp\/v2\/media\/158838"}],"wp:attachment":[{"href":"https:\/\/tourcruiser.com\/fr\/wp-json\/wp\/v2\/media?parent=158837"}],"wp:term":[{"taxonomy":"product_brand","embeddable":true,"href":"https:\/\/tourcruiser.com\/fr\/wp-json\/wp\/v2\/product_brand?post=158837"},{"taxonomy":"product_cat","embeddable":true,"href":"https:\/\/tourcruiser.com\/fr\/wp-json\/wp\/v2\/product_cat?post=158837"},{"taxonomy":"product_tag","embeddable":true,"href":"https:\/\/tourcruiser.com\/fr\/wp-json\/wp\/v2\/product_tag?post=158837"}],"curies":[{"name":"wp","href":"https:\/\/api.w.org\/{rel}","templated":true}]}}