{"id":158538,"date":"2026-03-02T16:03:36","date_gmt":"2026-03-02T09:03:36","guid":{"rendered":"http:\/\/tourcruiser.com\/product\/exclusive-itemja-2-heart-eyes-ep"},"modified":"2026-03-14T19:25:59","modified_gmt":"2026-03-14T12:25:59","slug":"exclusive-itemja-2-heart-eyes-ep","status":"publish","type":"product","link":"https:\/\/tourcruiser.com\/fr\/products\/exclusive-itemja-2-heart-eyes-ep\/","title":{"rendered":"Exclusive Item &#8211; JA 2 \u00ab\u00a0Heart Eyes\u00a0\u00bb EP"},"content":{"rendered":"<p>D\u00e9couvrez la JA 2 \u00ab\u00a0Heart Eyes\u00a0\u00bb EP IB5841-800, une pi\u00e8ce de collection exclusive, con\u00e7ue avec un souci du d\u00e9tail exceptionnel pour les passionn\u00e9s de cr\u00e9ativit\u00e9 et de savoir-faire. Ce mod\u00e8le d&rsquo;exception allie une esth\u00e9tique audacieuse \u00e0 une expression vibrante, capturant l&rsquo;essence m\u00eame de l&rsquo;innovation et de l&rsquo;individualit\u00e9. Fabriqu\u00e9e \u00e0 partir de mat\u00e9riaux haut de gamme, la \u00ab\u00a0Heart Eyes\u00a0\u00bb EP est \u00e0 la fois une pi\u00e8ce tendance et un ajout pr\u00e9cieux \u00e0 toute collection. Son design distinctif et son souci du d\u00e9tail en font une pi\u00e8ce remarquable, fusionnant art contemporain et \u00e9l\u00e9gance intemporelle. Enrichissez votre collection et d\u00e9marquez-vous avec ce chef-d&rsquo;\u0153uvre unique\u00a0: une chaussure qui ne manquera pas de susciter l&rsquo;admiration et les conversations. Coloris\u00a0: Magic Ember\/Pink Foam\/Deep Night\/Iron Gray. Num\u00e9ro d&rsquo;article\u00a0: IB5841-800. Tige\u00a0: Mesh. Semelle interm\u00e9diaire\u00a0: Zoom Air. Couleur\u00a0: Rouge.<\/p>\n","protected":false},"excerpt":{"rendered":"<p>Nike JA 2 \u00ab\u00a0Heart Eyes\u00a0\u00bb EP \u201d\u201d Magic Ember\/Pink Foam\/Deep Night\/Iron Gray<\/p>\n","protected":false},"featured_media":158539,"comment_status":"open","ping_status":"closed","template":"","meta":[],"product_brand":[],"product_cat":[10803],"product_tag":[10750,10754,10777,10801,10758],"class_list":{"0":"post-158538","1":"product","2":"type-product","3":"status-publish","4":"has-post-thumbnail","6":"product_cat-nike","7":"product_tag-athleisure-shoes","8":"product_tag-lifestyle-casual-shoes","9":"product_tag-lifestyle-shoes-basketball-inspired","10":"product_tag-nike","11":"product_tag-under-retail","12":"wcpa_has_options","14":"first","15":"instock","16":"taxable","17":"shipping-taxable","18":"purchasable","19":"product-type-simple"},"wcpa_form_fields":{"rules":{"pric_overide_base_price":false,"pric_overide_base_price_if_gt_zero":false,"pric_overide_base_price_fully":false,"pric_cal_option_once":false,"pric_use_as_fee":false,"bind_quantity":false,"quantity_bind_formula":false},"fields":[{"type":"color-group","required":true,"elementId":"wcpa-color-group-66c4a75505e74","label":"Taille","inline":true,"priceOptions":"different_for_all","pricingType":"fixed","className":"hassizechart product-shoes-size-eu product-shoes-size","name":"color-group-66c4a75505e89","disp_type":"square","selection_type":"tick-border","disp_size":"44","show_label_inside":true,"adjust_width":true,"cart_display_type":"text","other_text":"Other","cl_rule":"show","col":6,"values":[{"label":"35.5","value":"EU 35.5","price":"","pimage":"","pimage_id":"","pthumb":"","color":""},{"label":"36","value":"EU 36","price":"","pimage":"","pimage_id":"","pthumb":"","color":"","selected":true},{"label":"36.5","value":"EU 36.5","price":"","pimage":"","pimage_id":"","pthumb":"","color":""},{"label":"37.5","value":"EU 37.5","price":"","pimage":"","pimage_id":"","pthumb":"","color":""},{"label":"38","value":"EU 38","price":"","pimage":"","pimage_id":"","pthumb":"","color":""},{"label":"38.5","value":"EU 38.5","price":"","pimage":"","pimage_id":"","pthumb":"","color":""},{"label":"39","value":"EU 39","price":"","pimage":"","pimage_id":"","pthumb":"","color":""},{"label":"40","value":"EU 40","price":"","pimage":"","pimage_id":"","pthumb":"","color":""},{"label":"40.5","value":"EU 40.5","price":"","pimage":"","pimage_id":"","pthumb":"","color":""},{"label":"41","value":"EU 41","price":"","pimage":"","pimage_id":"","pthumb":"","color":""},{"label":"42","value":"EU 42","price":"","pimage":"","pimage_id":"","pthumb":"","color":""},{"label":"42.5","value":"EU 42.5","price":"","pimage":"","pimage_id":"","pthumb":"","color":""},{"label":"43","value":"EU 43","price":"","pimage":"","pimage_id":"","pthumb":"","color":""},{"label":"44","value":"EU 44","price":"","pimage":"","pimage_id":"","pthumb":"","color":""},{"label":"44.5","value":"EU 44.5","price":"","pimage":"","pimage_id":"","pthumb":"","color":""},{"label":"45","value":"EU 45","price":"","pimage":"","pimage_id":"","pthumb":"","color":""},{"label":"45.5","value":"EU 45.5","price":"","pimage":"","pimage_id":"","pthumb":"","color":""},{"label":"46","value":"EU 46","price":"","pimage":"","pimage_id":"","pthumb":"","color":""},{"label":"47","value":"EU 47","price":"","pimage":"","pimage_id":"","pthumb":"","color":""},{"label":"47.5","value":"EU 47.5","price":"","pimage":"","pimage_id":"","pthumb":"","color":""},{"label":"48","value":"EU 48","price":"","pimage":"","pimage_id":"","pthumb":"","color":""}],"relations":[{"operator":false,"rules":[]}],"form_id":18106,"form_rules":{"pric_cal_option_once":false,"exclude_from_discount":false,"pric_use_as_fee":false,"fee_label":"Fee","render_after_acb":false,"disp_hide_options_price":false}}]},"yoast_head":"<!-- This site is optimized with the Yoast SEO plugin v26.5 - https:\/\/yoast.com\/wordpress\/plugins\/seo\/ -->\n<title>Exclusive Item - JA 2 &quot;Heart Eyes&quot; EP - TOURCRUISER PTE. LTD<\/title>\n<meta name=\"robots\" content=\"index, follow, max-snippet:-1, max-image-preview:large, max-video-preview:-1\" \/>\n<link rel=\"canonical\" href=\"https:\/\/tourcruiser.com\/fr\/products\/exclusive-itemja-2-heart-eyes-ep\/\" \/>\n<meta property=\"og:locale\" content=\"fr_FR\" \/>\n<meta property=\"og:type\" content=\"article\" \/>\n<meta property=\"og:title\" content=\"Exclusive Item - JA 2 &quot;Heart Eyes&quot; EP - TOURCRUISER PTE. LTD\" \/>\n<meta property=\"og:description\" content=\"Nike JA 2 &quot;Heart Eyes&quot; EP \u201d\u201d Magic Ember\/Pink Foam\/Deep Night\/Iron Gray\" \/>\n<meta property=\"og:url\" content=\"https:\/\/tourcruiser.com\/fr\/products\/exclusive-itemja-2-heart-eyes-ep\/\" \/>\n<meta property=\"og:site_name\" content=\"Tourcruiser Sneaker Store\" \/>\n<meta property=\"article:modified_time\" content=\"2026-03-14T12:25:59+00:00\" \/>\n<meta name=\"twitter:card\" content=\"summary_large_image\" \/>\n<meta name=\"twitter:image\" content=\"https:\/\/images.novelship.com\/product\/exclusive_item_-_ja_2__heart_eyes__ep_ib5841-800_0_61559.png\" \/>\n<meta name=\"twitter:label1\" content=\"Dur\u00e9e de lecture estim\u00e9e\" \/>\n\t<meta name=\"twitter:data1\" content=\"1 minute\" \/>\n<script type=\"application\/ld+json\" class=\"yoast-schema-graph\">{\"@context\":\"https:\/\/schema.org\",\"@graph\":[{\"@type\":\"WebPage\",\"@id\":\"https:\/\/tourcruiser.com\/fr\/products\/exclusive-itemja-2-heart-eyes-ep\/\",\"url\":\"https:\/\/tourcruiser.com\/fr\/products\/exclusive-itemja-2-heart-eyes-ep\/\",\"name\":\"Exclusive Item - JA 2 \\\"Heart Eyes\\\" EP - TOURCRUISER PTE. LTD\",\"isPartOf\":{\"@id\":\"https:\/\/tourcruiser.com\/fr\/#website\"},\"primaryImageOfPage\":{\"@id\":\"https:\/\/tourcruiser.com\/fr\/products\/exclusive-itemja-2-heart-eyes-ep\/#primaryimage\"},\"image\":{\"@id\":\"https:\/\/tourcruiser.com\/fr\/products\/exclusive-itemja-2-heart-eyes-ep\/#primaryimage\"},\"thumbnailUrl\":\"https:\/\/images.novelship.com\/product\/exclusive_item_-_ja_2__heart_eyes__ep_ib5841-800_0_61559.png\",\"datePublished\":\"2026-03-02T09:03:36+00:00\",\"dateModified\":\"2026-03-14T12:25:59+00:00\",\"breadcrumb\":{\"@id\":\"https:\/\/tourcruiser.com\/fr\/products\/exclusive-itemja-2-heart-eyes-ep\/#breadcrumb\"},\"inLanguage\":\"fr-FR\",\"potentialAction\":[{\"@type\":\"ReadAction\",\"target\":[\"https:\/\/tourcruiser.com\/fr\/products\/exclusive-itemja-2-heart-eyes-ep\/\"]}]},{\"@type\":\"ImageObject\",\"inLanguage\":\"fr-FR\",\"@id\":\"https:\/\/tourcruiser.com\/fr\/products\/exclusive-itemja-2-heart-eyes-ep\/#primaryimage\",\"url\":\"https:\/\/images.novelship.com\/product\/exclusive_item_-_ja_2__heart_eyes__ep_ib5841-800_0_61559.png\",\"contentUrl\":\"https:\/\/images.novelship.com\/product\/exclusive_item_-_ja_2__heart_eyes__ep_ib5841-800_0_61559.png\"},{\"@type\":\"BreadcrumbList\",\"@id\":\"https:\/\/tourcruiser.com\/fr\/products\/exclusive-itemja-2-heart-eyes-ep\/#breadcrumb\",\"itemListElement\":[{\"@type\":\"ListItem\",\"position\":1,\"name\":\"Home\",\"item\":\"https:\/\/tourcruiser.com\/fr\/\"},{\"@type\":\"ListItem\",\"position\":2,\"name\":\"Shop\",\"item\":\"https:\/\/tourcruiser.com\/fr\/shop\/\"},{\"@type\":\"ListItem\",\"position\":3,\"name\":\"Exclusive Item - JA 2 \\\"Heart Eyes\\\" EP\"}]},{\"@type\":\"WebSite\",\"@id\":\"https:\/\/tourcruiser.com\/fr\/#website\",\"url\":\"https:\/\/tourcruiser.com\/fr\/\",\"name\":\"Styloral Jewelry Shop\",\"description\":\"Tourcruiser Sneaker Store \u2014 L\u2019endroit o\u00f9 l\u2019univers rencontre votre singularit\u00e9.\",\"publisher\":{\"@id\":\"https:\/\/tourcruiser.com\/fr\/#organization\"},\"potentialAction\":[{\"@type\":\"SearchAction\",\"target\":{\"@type\":\"EntryPoint\",\"urlTemplate\":\"https:\/\/tourcruiser.com\/fr\/?s={search_term_string}\"},\"query-input\":{\"@type\":\"PropertyValueSpecification\",\"valueRequired\":true,\"valueName\":\"search_term_string\"}}],\"inLanguage\":\"fr-FR\"},{\"@type\":\"Organization\",\"@id\":\"https:\/\/tourcruiser.com\/fr\/#organization\",\"name\":\"STYLORAL PTE. LTD\",\"url\":\"https:\/\/tourcruiser.com\/fr\/\",\"logo\":{\"@type\":\"ImageObject\",\"inLanguage\":\"fr-FR\",\"@id\":\"https:\/\/tourcruiser.com\/fr\/#\/schema\/logo\/image\/\",\"url\":\"https:\/\/www.tourcruiser.com\/wp-content\/uploads\/2025\/12\/logo.png\",\"contentUrl\":\"https:\/\/www.tourcruiser.com\/wp-content\/uploads\/2025\/12\/logo.png\",\"width\":200,\"height\":65,\"caption\":\"STYLORAL PTE. LTD\"},\"image\":{\"@id\":\"https:\/\/tourcruiser.com\/fr\/#\/schema\/logo\/image\/\"}}]}<\/script>\n<!-- \/ Yoast SEO plugin. -->","yoast_head_json":{"title":"Exclusive Item - JA 2 \"Heart Eyes\" EP - TOURCRUISER PTE. LTD","robots":{"index":"index","follow":"follow","max-snippet":"max-snippet:-1","max-image-preview":"max-image-preview:large","max-video-preview":"max-video-preview:-1"},"canonical":"https:\/\/tourcruiser.com\/fr\/products\/exclusive-itemja-2-heart-eyes-ep\/","og_locale":"fr_FR","og_type":"article","og_title":"Exclusive Item - JA 2 \"Heart Eyes\" EP - TOURCRUISER PTE. LTD","og_description":"Nike JA 2 \"Heart Eyes\" EP \u201d\u201d Magic Ember\/Pink Foam\/Deep Night\/Iron Gray","og_url":"https:\/\/tourcruiser.com\/fr\/products\/exclusive-itemja-2-heart-eyes-ep\/","og_site_name":"Tourcruiser Sneaker Store","article_modified_time":"2026-03-14T12:25:59+00:00","twitter_card":"summary_large_image","twitter_image":"https:\/\/images.novelship.com\/product\/exclusive_item_-_ja_2__heart_eyes__ep_ib5841-800_0_61559.png","twitter_misc":{"Dur\u00e9e de lecture estim\u00e9e":"1 minute"},"schema":{"@context":"https:\/\/schema.org","@graph":[{"@type":"WebPage","@id":"https:\/\/tourcruiser.com\/fr\/products\/exclusive-itemja-2-heart-eyes-ep\/","url":"https:\/\/tourcruiser.com\/fr\/products\/exclusive-itemja-2-heart-eyes-ep\/","name":"Exclusive Item - JA 2 \"Heart Eyes\" EP - TOURCRUISER PTE. LTD","isPartOf":{"@id":"https:\/\/tourcruiser.com\/fr\/#website"},"primaryImageOfPage":{"@id":"https:\/\/tourcruiser.com\/fr\/products\/exclusive-itemja-2-heart-eyes-ep\/#primaryimage"},"image":{"@id":"https:\/\/tourcruiser.com\/fr\/products\/exclusive-itemja-2-heart-eyes-ep\/#primaryimage"},"thumbnailUrl":"https:\/\/images.novelship.com\/product\/exclusive_item_-_ja_2__heart_eyes__ep_ib5841-800_0_61559.png","datePublished":"2026-03-02T09:03:36+00:00","dateModified":"2026-03-14T12:25:59+00:00","breadcrumb":{"@id":"https:\/\/tourcruiser.com\/fr\/products\/exclusive-itemja-2-heart-eyes-ep\/#breadcrumb"},"inLanguage":"fr-FR","potentialAction":[{"@type":"ReadAction","target":["https:\/\/tourcruiser.com\/fr\/products\/exclusive-itemja-2-heart-eyes-ep\/"]}]},{"@type":"ImageObject","inLanguage":"fr-FR","@id":"https:\/\/tourcruiser.com\/fr\/products\/exclusive-itemja-2-heart-eyes-ep\/#primaryimage","url":"https:\/\/images.novelship.com\/product\/exclusive_item_-_ja_2__heart_eyes__ep_ib5841-800_0_61559.png","contentUrl":"https:\/\/images.novelship.com\/product\/exclusive_item_-_ja_2__heart_eyes__ep_ib5841-800_0_61559.png"},{"@type":"BreadcrumbList","@id":"https:\/\/tourcruiser.com\/fr\/products\/exclusive-itemja-2-heart-eyes-ep\/#breadcrumb","itemListElement":[{"@type":"ListItem","position":1,"name":"Home","item":"https:\/\/tourcruiser.com\/fr\/"},{"@type":"ListItem","position":2,"name":"Shop","item":"https:\/\/tourcruiser.com\/fr\/shop\/"},{"@type":"ListItem","position":3,"name":"Exclusive Item - JA 2 \"Heart Eyes\" EP"}]},{"@type":"WebSite","@id":"https:\/\/tourcruiser.com\/fr\/#website","url":"https:\/\/tourcruiser.com\/fr\/","name":"Styloral Jewelry Shop","description":"Tourcruiser Sneaker Store \u2014 L\u2019endroit o\u00f9 l\u2019univers rencontre votre singularit\u00e9.","publisher":{"@id":"https:\/\/tourcruiser.com\/fr\/#organization"},"potentialAction":[{"@type":"SearchAction","target":{"@type":"EntryPoint","urlTemplate":"https:\/\/tourcruiser.com\/fr\/?s={search_term_string}"},"query-input":{"@type":"PropertyValueSpecification","valueRequired":true,"valueName":"search_term_string"}}],"inLanguage":"fr-FR"},{"@type":"Organization","@id":"https:\/\/tourcruiser.com\/fr\/#organization","name":"STYLORAL PTE. LTD","url":"https:\/\/tourcruiser.com\/fr\/","logo":{"@type":"ImageObject","inLanguage":"fr-FR","@id":"https:\/\/tourcruiser.com\/fr\/#\/schema\/logo\/image\/","url":"https:\/\/www.tourcruiser.com\/wp-content\/uploads\/2025\/12\/logo.png","contentUrl":"https:\/\/www.tourcruiser.com\/wp-content\/uploads\/2025\/12\/logo.png","width":200,"height":65,"caption":"STYLORAL PTE. LTD"},"image":{"@id":"https:\/\/tourcruiser.com\/fr\/#\/schema\/logo\/image\/"}}]}},"_links":{"self":[{"href":"https:\/\/tourcruiser.com\/fr\/wp-json\/wp\/v2\/product\/158538","targetHints":{"allow":["GET"]}}],"collection":[{"href":"https:\/\/tourcruiser.com\/fr\/wp-json\/wp\/v2\/product"}],"about":[{"href":"https:\/\/tourcruiser.com\/fr\/wp-json\/wp\/v2\/types\/product"}],"replies":[{"embeddable":true,"href":"https:\/\/tourcruiser.com\/fr\/wp-json\/wp\/v2\/comments?post=158538"}],"wp:featuredmedia":[{"embeddable":true,"href":"https:\/\/tourcruiser.com\/fr\/wp-json\/wp\/v2\/media\/158539"}],"wp:attachment":[{"href":"https:\/\/tourcruiser.com\/fr\/wp-json\/wp\/v2\/media?parent=158538"}],"wp:term":[{"taxonomy":"product_brand","embeddable":true,"href":"https:\/\/tourcruiser.com\/fr\/wp-json\/wp\/v2\/product_brand?post=158538"},{"taxonomy":"product_cat","embeddable":true,"href":"https:\/\/tourcruiser.com\/fr\/wp-json\/wp\/v2\/product_cat?post=158538"},{"taxonomy":"product_tag","embeddable":true,"href":"https:\/\/tourcruiser.com\/fr\/wp-json\/wp\/v2\/product_tag?post=158538"}],"curies":[{"name":"wp","href":"https:\/\/api.w.org\/{rel}","templated":true}]}}