{"id":157987,"date":"2026-03-02T16:02:53","date_gmt":"2026-03-02T09:02:53","guid":{"rendered":"http:\/\/tourcruiser.com\/product\/ugg-biltmore-chelsea-chestnut-suede"},"modified":"2026-03-14T18:09:45","modified_gmt":"2026-03-14T11:09:45","slug":"ugg-biltmore-chelsea-chestnut-suede","status":"publish","type":"product","link":"https:\/\/tourcruiser.com\/fr\/products\/ugg-biltmore-chelsea-chestnut-suede\/","title":{"rendered":"UGG Biltmore Chelsea &lsquo;Chestnut Suede&rsquo;"},"content":{"rendered":"<p>Rehaussez votre style avec les bottines UGG Biltmore Chelsea \u00ab\u00a0Chestnut Suede\u00a0\u00bb 1123669-CTSD. Confectionn\u00e9es en daim de premi\u00e8re qualit\u00e9, ces bottines d\u00e9gagent une \u00e9l\u00e9gance intemporelle. La silhouette Chelsea classique, avec ses empi\u00e8cements \u00e9lastiques sur les c\u00f4t\u00e9s, offre un confort optimal, tandis que la teinte ch\u00e2taigne chaleureuse apporte une sensation de douceur. La semelle l\u00e9g\u00e8re en EVA assure un confort tout au long de la journ\u00e9e, ce qui rend ces bottines parfaites pour les occasions d\u00e9contract\u00e9es comme habill\u00e9es. Avec les bottines UGG Biltmore Chelsea \u00ab\u00a0Chestnut Suede\u00a0\u00bb, vous serez toujours \u00e9l\u00e9gante et \u00e0 l&rsquo;aise.<\/p>\n<ul>\n<li><strong>Couleur\u00a0:<\/strong> Daim marron ch\u00e2taigne<\/li>\n<li><strong>Num\u00e9ro d&rsquo;article\u00a0:<\/strong> 1123669-CTSD<\/li>\n<li><strong>Couleur\u00a0:<\/strong> Marron<\/li>\n<\/ul>\n","protected":false},"excerpt":{"rendered":"<p>UGG Biltmore \u201d\u201d Chestnut Suede<\/p>\n","protected":false},"featured_media":157988,"comment_status":"open","ping_status":"closed","template":"","meta":[],"product_brand":[],"product_cat":[12436],"product_tag":[12726,10753,11245,10754,11246,11666,10758],"class_list":{"0":"post-157987","1":"product","2":"type-product","3":"status-publish","4":"has-post-thumbnail","6":"product_cat-ugg","7":"product_tag-chelsea-boots","8":"product_tag-gift-for-him","9":"product_tag-lifestyle-boots","10":"product_tag-lifestyle-casual-shoes","11":"product_tag-ugg","12":"product_tag-ugg-collection","13":"product_tag-under-retail","14":"wcpa_has_options","16":"first","17":"instock","18":"taxable","19":"shipping-taxable","20":"purchasable","21":"product-type-simple"},"wcpa_form_fields":{"rules":{"pric_overide_base_price":false,"pric_overide_base_price_if_gt_zero":false,"pric_overide_base_price_fully":false,"pric_cal_option_once":false,"pric_use_as_fee":false,"bind_quantity":false,"quantity_bind_formula":false},"fields":[{"type":"color-group","required":true,"elementId":"wcpa-color-group-69a5ad3fdca11","label":"Taille","inline":true,"priceOptions":"different_for_all","pricingType":"fixed","className":"hassizechart product-shoes-size-eu product-shoes-size","name":"color-group-69a5ad3fdca1a","disp_type":"square","selection_type":"tick-border","disp_size":"50","show_label_inside":true,"adjust_width":true,"cart_display_type":"text","other_text":"Other","cl_rule":"show","col":6,"values":[{"label":"36","value":"EU 36","price":"","pimage":"","pimage_id":"","pthumb":"","color":"","selected":true},{"label":"37","value":"EU 37","price":"","pimage":"","pimage_id":"","pthumb":"","color":""},{"label":"37.5","value":"EU 37.5","price":"","pimage":"","pimage_id":"","pthumb":"","color":""},{"label":"38","value":"EU 38","price":"","pimage":"","pimage_id":"","pthumb":"","color":""},{"label":"38.5","value":"EU 38.5","price":"","pimage":"","pimage_id":"","pthumb":"","color":""},{"label":"39","value":"EU 39","price":"","pimage":"","pimage_id":"","pthumb":"","color":""},{"label":"39.5","value":"EU 39.5","price":"","pimage":"","pimage_id":"","pthumb":"","color":""},{"label":"40","value":"EU 40","price":"","pimage":"","pimage_id":"","pthumb":"","color":""},{"label":"40.5","value":"EU 40.5","price":"","pimage":"","pimage_id":"","pthumb":"","color":""},{"label":" 41.5","value":"EU 41.5","price":"","pimage":"","pimage_id":"","pthumb":"","color":""},{"label":"42","value":"EU 42","price":"","pimage":"","pimage_id":"","pthumb":"","color":""},{"label":"42.5","value":"EU 42.5","price":"","pimage":"","pimage_id":"","pthumb":"","color":""},{"label":"43","value":"EU 43","price":"","pimage":"","pimage_id":"","pthumb":"","color":""},{"label":"44","value":"EU 44","price":"","pimage":"","pimage_id":"","pthumb":"","color":""},{"label":"44.5","value":"EU 44.5","price":"","pimage":"","pimage_id":"","pthumb":"","color":""},{"label":"45","value":"EU 45","price":"","pimage":"","pimage_id":"","pthumb":"","color":""},{"label":"46","value":"EU 46","price":"","pimage":"","pimage_id":"","pthumb":"","color":""},{"label":"48.5","value":"EU 48.5","price":"","pimage":"","pimage_id":"","pthumb":"","color":""},{"label":"49.5","value":"EU 49.5","price":"","pimage":"","pimage_id":"","pthumb":"","color":""}],"relations":[{"operator":false,"rules":[]}],"form_id":184314,"form_rules":{"pric_cal_option_once":false,"exclude_from_discount":false,"pric_use_as_fee":false,"fee_label":"Fee","render_after_acb":false,"disp_hide_options_price":false}}]},"yoast_head":"<!-- This site is optimized with the Yoast SEO plugin v26.5 - https:\/\/yoast.com\/wordpress\/plugins\/seo\/ -->\n<title>UGG Biltmore Chelsea &#039;Chestnut Suede&#039; - TOURCRUISER PTE. LTD<\/title>\n<meta name=\"robots\" content=\"index, follow, max-snippet:-1, max-image-preview:large, max-video-preview:-1\" \/>\n<link rel=\"canonical\" href=\"https:\/\/tourcruiser.com\/fr\/products\/ugg-biltmore-chelsea-chestnut-suede\/\" \/>\n<meta property=\"og:locale\" content=\"fr_FR\" \/>\n<meta property=\"og:type\" content=\"article\" \/>\n<meta property=\"og:title\" content=\"UGG Biltmore Chelsea &#039;Chestnut Suede&#039; - TOURCRUISER PTE. LTD\" \/>\n<meta property=\"og:description\" content=\"UGG Biltmore \u201d\u201d Chestnut Suede\" \/>\n<meta property=\"og:url\" content=\"https:\/\/tourcruiser.com\/fr\/products\/ugg-biltmore-chelsea-chestnut-suede\/\" \/>\n<meta property=\"og:site_name\" content=\"Tourcruiser Sneaker Store\" \/>\n<meta property=\"article:modified_time\" content=\"2026-03-14T11:09:45+00:00\" \/>\n<meta name=\"twitter:card\" content=\"summary_large_image\" \/>\n<meta name=\"twitter:image\" content=\"https:\/\/images.novelship.com\/product\/ugg_biltmore_chelsea__chestnut_leather__1123669_ct_0_7872.jpeg\" \/>\n<meta name=\"twitter:label1\" content=\"Dur\u00e9e de lecture estim\u00e9e\" \/>\n\t<meta name=\"twitter:data1\" content=\"1 minute\" \/>\n<script type=\"application\/ld+json\" class=\"yoast-schema-graph\">{\"@context\":\"https:\/\/schema.org\",\"@graph\":[{\"@type\":\"WebPage\",\"@id\":\"https:\/\/tourcruiser.com\/fr\/products\/ugg-biltmore-chelsea-chestnut-suede\/\",\"url\":\"https:\/\/tourcruiser.com\/fr\/products\/ugg-biltmore-chelsea-chestnut-suede\/\",\"name\":\"UGG Biltmore Chelsea 'Chestnut Suede' - TOURCRUISER PTE. LTD\",\"isPartOf\":{\"@id\":\"https:\/\/tourcruiser.com\/fr\/#website\"},\"primaryImageOfPage\":{\"@id\":\"https:\/\/tourcruiser.com\/fr\/products\/ugg-biltmore-chelsea-chestnut-suede\/#primaryimage\"},\"image\":{\"@id\":\"https:\/\/tourcruiser.com\/fr\/products\/ugg-biltmore-chelsea-chestnut-suede\/#primaryimage\"},\"thumbnailUrl\":\"https:\/\/images.novelship.com\/product\/ugg_biltmore_chelsea__chestnut_leather__1123669_ct_0_7872.jpeg\",\"datePublished\":\"2026-03-02T09:02:53+00:00\",\"dateModified\":\"2026-03-14T11:09:45+00:00\",\"breadcrumb\":{\"@id\":\"https:\/\/tourcruiser.com\/fr\/products\/ugg-biltmore-chelsea-chestnut-suede\/#breadcrumb\"},\"inLanguage\":\"fr-FR\",\"potentialAction\":[{\"@type\":\"ReadAction\",\"target\":[\"https:\/\/tourcruiser.com\/fr\/products\/ugg-biltmore-chelsea-chestnut-suede\/\"]}]},{\"@type\":\"ImageObject\",\"inLanguage\":\"fr-FR\",\"@id\":\"https:\/\/tourcruiser.com\/fr\/products\/ugg-biltmore-chelsea-chestnut-suede\/#primaryimage\",\"url\":\"https:\/\/images.novelship.com\/product\/ugg_biltmore_chelsea__chestnut_leather__1123669_ct_0_7872.jpeg\",\"contentUrl\":\"https:\/\/images.novelship.com\/product\/ugg_biltmore_chelsea__chestnut_leather__1123669_ct_0_7872.jpeg\"},{\"@type\":\"BreadcrumbList\",\"@id\":\"https:\/\/tourcruiser.com\/fr\/products\/ugg-biltmore-chelsea-chestnut-suede\/#breadcrumb\",\"itemListElement\":[{\"@type\":\"ListItem\",\"position\":1,\"name\":\"Home\",\"item\":\"https:\/\/tourcruiser.com\/fr\/\"},{\"@type\":\"ListItem\",\"position\":2,\"name\":\"Shop\",\"item\":\"https:\/\/tourcruiser.com\/fr\/shop\/\"},{\"@type\":\"ListItem\",\"position\":3,\"name\":\"UGG Biltmore Chelsea 'Chestnut Suede'\"}]},{\"@type\":\"WebSite\",\"@id\":\"https:\/\/tourcruiser.com\/fr\/#website\",\"url\":\"https:\/\/tourcruiser.com\/fr\/\",\"name\":\"Styloral Jewelry Shop\",\"description\":\"Tourcruiser Sneaker Store \u2014 L\u2019endroit o\u00f9 l\u2019univers rencontre votre singularit\u00e9.\",\"publisher\":{\"@id\":\"https:\/\/tourcruiser.com\/fr\/#organization\"},\"potentialAction\":[{\"@type\":\"SearchAction\",\"target\":{\"@type\":\"EntryPoint\",\"urlTemplate\":\"https:\/\/tourcruiser.com\/fr\/?s={search_term_string}\"},\"query-input\":{\"@type\":\"PropertyValueSpecification\",\"valueRequired\":true,\"valueName\":\"search_term_string\"}}],\"inLanguage\":\"fr-FR\"},{\"@type\":\"Organization\",\"@id\":\"https:\/\/tourcruiser.com\/fr\/#organization\",\"name\":\"STYLORAL PTE. LTD\",\"url\":\"https:\/\/tourcruiser.com\/fr\/\",\"logo\":{\"@type\":\"ImageObject\",\"inLanguage\":\"fr-FR\",\"@id\":\"https:\/\/tourcruiser.com\/fr\/#\/schema\/logo\/image\/\",\"url\":\"https:\/\/www.tourcruiser.com\/wp-content\/uploads\/2025\/12\/logo.png\",\"contentUrl\":\"https:\/\/www.tourcruiser.com\/wp-content\/uploads\/2025\/12\/logo.png\",\"width\":200,\"height\":65,\"caption\":\"STYLORAL PTE. LTD\"},\"image\":{\"@id\":\"https:\/\/tourcruiser.com\/fr\/#\/schema\/logo\/image\/\"}}]}<\/script>\n<!-- \/ Yoast SEO plugin. -->","yoast_head_json":{"title":"UGG Biltmore Chelsea 'Chestnut Suede' - TOURCRUISER PTE. LTD","robots":{"index":"index","follow":"follow","max-snippet":"max-snippet:-1","max-image-preview":"max-image-preview:large","max-video-preview":"max-video-preview:-1"},"canonical":"https:\/\/tourcruiser.com\/fr\/products\/ugg-biltmore-chelsea-chestnut-suede\/","og_locale":"fr_FR","og_type":"article","og_title":"UGG Biltmore Chelsea 'Chestnut Suede' - TOURCRUISER PTE. LTD","og_description":"UGG Biltmore \u201d\u201d Chestnut Suede","og_url":"https:\/\/tourcruiser.com\/fr\/products\/ugg-biltmore-chelsea-chestnut-suede\/","og_site_name":"Tourcruiser Sneaker Store","article_modified_time":"2026-03-14T11:09:45+00:00","twitter_card":"summary_large_image","twitter_image":"https:\/\/images.novelship.com\/product\/ugg_biltmore_chelsea__chestnut_leather__1123669_ct_0_7872.jpeg","twitter_misc":{"Dur\u00e9e de lecture estim\u00e9e":"1 minute"},"schema":{"@context":"https:\/\/schema.org","@graph":[{"@type":"WebPage","@id":"https:\/\/tourcruiser.com\/fr\/products\/ugg-biltmore-chelsea-chestnut-suede\/","url":"https:\/\/tourcruiser.com\/fr\/products\/ugg-biltmore-chelsea-chestnut-suede\/","name":"UGG Biltmore Chelsea 'Chestnut Suede' - TOURCRUISER PTE. LTD","isPartOf":{"@id":"https:\/\/tourcruiser.com\/fr\/#website"},"primaryImageOfPage":{"@id":"https:\/\/tourcruiser.com\/fr\/products\/ugg-biltmore-chelsea-chestnut-suede\/#primaryimage"},"image":{"@id":"https:\/\/tourcruiser.com\/fr\/products\/ugg-biltmore-chelsea-chestnut-suede\/#primaryimage"},"thumbnailUrl":"https:\/\/images.novelship.com\/product\/ugg_biltmore_chelsea__chestnut_leather__1123669_ct_0_7872.jpeg","datePublished":"2026-03-02T09:02:53+00:00","dateModified":"2026-03-14T11:09:45+00:00","breadcrumb":{"@id":"https:\/\/tourcruiser.com\/fr\/products\/ugg-biltmore-chelsea-chestnut-suede\/#breadcrumb"},"inLanguage":"fr-FR","potentialAction":[{"@type":"ReadAction","target":["https:\/\/tourcruiser.com\/fr\/products\/ugg-biltmore-chelsea-chestnut-suede\/"]}]},{"@type":"ImageObject","inLanguage":"fr-FR","@id":"https:\/\/tourcruiser.com\/fr\/products\/ugg-biltmore-chelsea-chestnut-suede\/#primaryimage","url":"https:\/\/images.novelship.com\/product\/ugg_biltmore_chelsea__chestnut_leather__1123669_ct_0_7872.jpeg","contentUrl":"https:\/\/images.novelship.com\/product\/ugg_biltmore_chelsea__chestnut_leather__1123669_ct_0_7872.jpeg"},{"@type":"BreadcrumbList","@id":"https:\/\/tourcruiser.com\/fr\/products\/ugg-biltmore-chelsea-chestnut-suede\/#breadcrumb","itemListElement":[{"@type":"ListItem","position":1,"name":"Home","item":"https:\/\/tourcruiser.com\/fr\/"},{"@type":"ListItem","position":2,"name":"Shop","item":"https:\/\/tourcruiser.com\/fr\/shop\/"},{"@type":"ListItem","position":3,"name":"UGG Biltmore Chelsea 'Chestnut Suede'"}]},{"@type":"WebSite","@id":"https:\/\/tourcruiser.com\/fr\/#website","url":"https:\/\/tourcruiser.com\/fr\/","name":"Styloral Jewelry Shop","description":"Tourcruiser Sneaker Store \u2014 L\u2019endroit o\u00f9 l\u2019univers rencontre votre singularit\u00e9.","publisher":{"@id":"https:\/\/tourcruiser.com\/fr\/#organization"},"potentialAction":[{"@type":"SearchAction","target":{"@type":"EntryPoint","urlTemplate":"https:\/\/tourcruiser.com\/fr\/?s={search_term_string}"},"query-input":{"@type":"PropertyValueSpecification","valueRequired":true,"valueName":"search_term_string"}}],"inLanguage":"fr-FR"},{"@type":"Organization","@id":"https:\/\/tourcruiser.com\/fr\/#organization","name":"STYLORAL PTE. LTD","url":"https:\/\/tourcruiser.com\/fr\/","logo":{"@type":"ImageObject","inLanguage":"fr-FR","@id":"https:\/\/tourcruiser.com\/fr\/#\/schema\/logo\/image\/","url":"https:\/\/www.tourcruiser.com\/wp-content\/uploads\/2025\/12\/logo.png","contentUrl":"https:\/\/www.tourcruiser.com\/wp-content\/uploads\/2025\/12\/logo.png","width":200,"height":65,"caption":"STYLORAL PTE. LTD"},"image":{"@id":"https:\/\/tourcruiser.com\/fr\/#\/schema\/logo\/image\/"}}]}},"_links":{"self":[{"href":"https:\/\/tourcruiser.com\/fr\/wp-json\/wp\/v2\/product\/157987","targetHints":{"allow":["GET"]}}],"collection":[{"href":"https:\/\/tourcruiser.com\/fr\/wp-json\/wp\/v2\/product"}],"about":[{"href":"https:\/\/tourcruiser.com\/fr\/wp-json\/wp\/v2\/types\/product"}],"replies":[{"embeddable":true,"href":"https:\/\/tourcruiser.com\/fr\/wp-json\/wp\/v2\/comments?post=157987"}],"wp:featuredmedia":[{"embeddable":true,"href":"https:\/\/tourcruiser.com\/fr\/wp-json\/wp\/v2\/media\/157988"}],"wp:attachment":[{"href":"https:\/\/tourcruiser.com\/fr\/wp-json\/wp\/v2\/media?parent=157987"}],"wp:term":[{"taxonomy":"product_brand","embeddable":true,"href":"https:\/\/tourcruiser.com\/fr\/wp-json\/wp\/v2\/product_brand?post=157987"},{"taxonomy":"product_cat","embeddable":true,"href":"https:\/\/tourcruiser.com\/fr\/wp-json\/wp\/v2\/product_cat?post=157987"},{"taxonomy":"product_tag","embeddable":true,"href":"https:\/\/tourcruiser.com\/fr\/wp-json\/wp\/v2\/product_tag?post=157987"}],"curies":[{"name":"wp","href":"https:\/\/api.w.org\/{rel}","templated":true}]}}