{"id":157430,"date":"2026-03-02T16:02:04","date_gmt":"2026-03-02T09:02:04","guid":{"rendered":"http:\/\/tourcruiser.com\/product\/victor-wembanyama-x-nike-air-zoom-gt-hustle-2-alien"},"modified":"2026-03-14T19:25:05","modified_gmt":"2026-03-14T12:25:05","slug":"victor-wembanyama-x-nike-air-zoom-gt-hustle-2-alien","status":"publish","type":"product","link":"https:\/\/tourcruiser.com\/fr\/products\/victor-wembanyama-x-nike-air-zoom-gt-hustle-2-alien\/","title":{"rendered":"Victor Wembanyama x Nike Air Zoom GT Hustle 2 &lsquo;Alien&rsquo;"},"content":{"rendered":"<p>Am\u00e9liorez votre jeu avec la Victor Wembanyama x Nike Air Zoom GT Hustle 2 \u00ab Alien \u00bb. Con\u00e7ue pour les joueurs d&rsquo;exception, cette sneaker arbore un design extraterrestre saisissant. L&#8217;empeigne en mesh respirant garde vos pieds au frais et confortables, tandis que les unit\u00e9s Zoom Air offrent un amorti in\u00e9gal\u00e9. La semelle ext\u00e9rieure en caoutchouc garantit une adh\u00e9rence et une traction optimales sur tous les terrains. Incarnez l&rsquo;\u00ab Alien \u00bb et exploitez les capacit\u00e9s extraordinaires de la star montante de la NBA, Victor Wembanyama.<\/p>\n","protected":false},"excerpt":{"rendered":"<p>Nike Air Zoom GT Hustle 2 \u201d\u201d Multi-Color\/Multi-Color\/Multi-Color<\/p>\n","protected":false},"featured_media":157431,"comment_status":"open","ping_status":"closed","template":"","meta":[],"product_brand":[],"product_cat":[10803],"product_tag":[10799,10800,10753,10801,10802,10758],"class_list":{"0":"post-157430","1":"product","2":"type-product","3":"status-publish","4":"has-post-thumbnail","6":"product_cat-nike","7":"product_tag-ankle-support-basketball-shoes","8":"product_tag-basketball-shoes","9":"product_tag-gift-for-him","10":"product_tag-nike","11":"product_tag-performance-sport-shoes","12":"product_tag-under-retail","13":"wcpa_has_options","15":"first","16":"instock","17":"sale","18":"taxable","19":"shipping-taxable","20":"purchasable","21":"product-type-simple"},"wcpa_form_fields":{"rules":{"pric_overide_base_price":false,"pric_overide_base_price_if_gt_zero":false,"pric_overide_base_price_fully":false,"pric_cal_option_once":false,"pric_use_as_fee":false,"bind_quantity":false,"quantity_bind_formula":false},"fields":[{"type":"color-group","required":true,"elementId":"wcpa-color-group-66c4a75505e74","label":"Taille","inline":true,"priceOptions":"different_for_all","pricingType":"fixed","className":"hassizechart product-shoes-size-eu product-shoes-size","name":"color-group-66c4a75505e89","disp_type":"square","selection_type":"tick-border","disp_size":"44","show_label_inside":true,"adjust_width":true,"cart_display_type":"text","other_text":"Other","cl_rule":"show","col":6,"values":[{"label":"35.5","value":"EU 35.5","price":"","pimage":"","pimage_id":"","pthumb":"","color":""},{"label":"36","value":"EU 36","price":"","pimage":"","pimage_id":"","pthumb":"","color":"","selected":true},{"label":"36.5","value":"EU 36.5","price":"","pimage":"","pimage_id":"","pthumb":"","color":""},{"label":"37.5","value":"EU 37.5","price":"","pimage":"","pimage_id":"","pthumb":"","color":""},{"label":"38","value":"EU 38","price":"","pimage":"","pimage_id":"","pthumb":"","color":""},{"label":"38.5","value":"EU 38.5","price":"","pimage":"","pimage_id":"","pthumb":"","color":""},{"label":"39","value":"EU 39","price":"","pimage":"","pimage_id":"","pthumb":"","color":""},{"label":"40","value":"EU 40","price":"","pimage":"","pimage_id":"","pthumb":"","color":""},{"label":"40.5","value":"EU 40.5","price":"","pimage":"","pimage_id":"","pthumb":"","color":""},{"label":"41","value":"EU 41","price":"","pimage":"","pimage_id":"","pthumb":"","color":""},{"label":"42","value":"EU 42","price":"","pimage":"","pimage_id":"","pthumb":"","color":""},{"label":"42.5","value":"EU 42.5","price":"","pimage":"","pimage_id":"","pthumb":"","color":""},{"label":"43","value":"EU 43","price":"","pimage":"","pimage_id":"","pthumb":"","color":""},{"label":"44","value":"EU 44","price":"","pimage":"","pimage_id":"","pthumb":"","color":""},{"label":"44.5","value":"EU 44.5","price":"","pimage":"","pimage_id":"","pthumb":"","color":""},{"label":"45","value":"EU 45","price":"","pimage":"","pimage_id":"","pthumb":"","color":""},{"label":"45.5","value":"EU 45.5","price":"","pimage":"","pimage_id":"","pthumb":"","color":""},{"label":"46","value":"EU 46","price":"","pimage":"","pimage_id":"","pthumb":"","color":""},{"label":"47","value":"EU 47","price":"","pimage":"","pimage_id":"","pthumb":"","color":""},{"label":"47.5","value":"EU 47.5","price":"","pimage":"","pimage_id":"","pthumb":"","color":""},{"label":"48","value":"EU 48","price":"","pimage":"","pimage_id":"","pthumb":"","color":""}],"relations":[{"operator":false,"rules":[]}],"form_id":18106,"form_rules":{"pric_cal_option_once":false,"exclude_from_discount":false,"pric_use_as_fee":false,"fee_label":"Fee","render_after_acb":false,"disp_hide_options_price":false}}]},"yoast_head":"<!-- This site is optimized with the Yoast SEO plugin v26.5 - https:\/\/yoast.com\/wordpress\/plugins\/seo\/ -->\n<title>Victor Wembanyama x Nike Air Zoom GT Hustle 2 &#039;Alien&#039; - TOURCRUISER PTE. LTD<\/title>\n<meta name=\"robots\" content=\"index, follow, max-snippet:-1, max-image-preview:large, max-video-preview:-1\" \/>\n<link rel=\"canonical\" href=\"https:\/\/tourcruiser.com\/fr\/products\/victor-wembanyama-x-nike-air-zoom-gt-hustle-2-alien\/\" \/>\n<meta property=\"og:locale\" content=\"fr_FR\" \/>\n<meta property=\"og:type\" content=\"article\" \/>\n<meta property=\"og:title\" content=\"Victor Wembanyama x Nike Air Zoom GT Hustle 2 &#039;Alien&#039; - TOURCRUISER PTE. LTD\" \/>\n<meta property=\"og:description\" content=\"Nike Air Zoom GT Hustle 2 \u201d\u201d Multi-Color\/Multi-Color\/Multi-Color\" \/>\n<meta property=\"og:url\" content=\"https:\/\/tourcruiser.com\/fr\/products\/victor-wembanyama-x-nike-air-zoom-gt-hustle-2-alien\/\" \/>\n<meta property=\"og:site_name\" content=\"Tourcruiser Sneaker Store\" \/>\n<meta property=\"article:modified_time\" content=\"2026-03-14T12:25:05+00:00\" \/>\n<meta name=\"twitter:card\" content=\"summary_large_image\" \/>\n<meta name=\"twitter:image\" content=\"https:\/\/images.novelship.com\/product\/victor_wembanyama_x_nike_air_zoom_gt_hustle_2__ali_0_98185.png\" \/>\n<script type=\"application\/ld+json\" class=\"yoast-schema-graph\">{\"@context\":\"https:\/\/schema.org\",\"@graph\":[{\"@type\":\"WebPage\",\"@id\":\"https:\/\/tourcruiser.com\/fr\/products\/victor-wembanyama-x-nike-air-zoom-gt-hustle-2-alien\/\",\"url\":\"https:\/\/tourcruiser.com\/fr\/products\/victor-wembanyama-x-nike-air-zoom-gt-hustle-2-alien\/\",\"name\":\"Victor Wembanyama x Nike Air Zoom GT Hustle 2 'Alien' - TOURCRUISER PTE. LTD\",\"isPartOf\":{\"@id\":\"https:\/\/tourcruiser.com\/fr\/#website\"},\"primaryImageOfPage\":{\"@id\":\"https:\/\/tourcruiser.com\/fr\/products\/victor-wembanyama-x-nike-air-zoom-gt-hustle-2-alien\/#primaryimage\"},\"image\":{\"@id\":\"https:\/\/tourcruiser.com\/fr\/products\/victor-wembanyama-x-nike-air-zoom-gt-hustle-2-alien\/#primaryimage\"},\"thumbnailUrl\":\"https:\/\/images.novelship.com\/product\/victor_wembanyama_x_nike_air_zoom_gt_hustle_2__ali_0_98185.png\",\"datePublished\":\"2026-03-02T09:02:04+00:00\",\"dateModified\":\"2026-03-14T12:25:05+00:00\",\"breadcrumb\":{\"@id\":\"https:\/\/tourcruiser.com\/fr\/products\/victor-wembanyama-x-nike-air-zoom-gt-hustle-2-alien\/#breadcrumb\"},\"inLanguage\":\"fr-FR\",\"potentialAction\":[{\"@type\":\"ReadAction\",\"target\":[\"https:\/\/tourcruiser.com\/fr\/products\/victor-wembanyama-x-nike-air-zoom-gt-hustle-2-alien\/\"]}]},{\"@type\":\"ImageObject\",\"inLanguage\":\"fr-FR\",\"@id\":\"https:\/\/tourcruiser.com\/fr\/products\/victor-wembanyama-x-nike-air-zoom-gt-hustle-2-alien\/#primaryimage\",\"url\":\"https:\/\/images.novelship.com\/product\/victor_wembanyama_x_nike_air_zoom_gt_hustle_2__ali_0_98185.png\",\"contentUrl\":\"https:\/\/images.novelship.com\/product\/victor_wembanyama_x_nike_air_zoom_gt_hustle_2__ali_0_98185.png\"},{\"@type\":\"BreadcrumbList\",\"@id\":\"https:\/\/tourcruiser.com\/fr\/products\/victor-wembanyama-x-nike-air-zoom-gt-hustle-2-alien\/#breadcrumb\",\"itemListElement\":[{\"@type\":\"ListItem\",\"position\":1,\"name\":\"Home\",\"item\":\"https:\/\/tourcruiser.com\/fr\/\"},{\"@type\":\"ListItem\",\"position\":2,\"name\":\"Shop\",\"item\":\"https:\/\/tourcruiser.com\/fr\/shop\/\"},{\"@type\":\"ListItem\",\"position\":3,\"name\":\"Victor Wembanyama x Nike Air Zoom GT Hustle 2 'Alien'\"}]},{\"@type\":\"WebSite\",\"@id\":\"https:\/\/tourcruiser.com\/fr\/#website\",\"url\":\"https:\/\/tourcruiser.com\/fr\/\",\"name\":\"Styloral Jewelry Shop\",\"description\":\"Tourcruiser Sneaker Store \u2014 L\u2019endroit o\u00f9 l\u2019univers rencontre votre singularit\u00e9.\",\"publisher\":{\"@id\":\"https:\/\/tourcruiser.com\/fr\/#organization\"},\"potentialAction\":[{\"@type\":\"SearchAction\",\"target\":{\"@type\":\"EntryPoint\",\"urlTemplate\":\"https:\/\/tourcruiser.com\/fr\/?s={search_term_string}\"},\"query-input\":{\"@type\":\"PropertyValueSpecification\",\"valueRequired\":true,\"valueName\":\"search_term_string\"}}],\"inLanguage\":\"fr-FR\"},{\"@type\":\"Organization\",\"@id\":\"https:\/\/tourcruiser.com\/fr\/#organization\",\"name\":\"STYLORAL PTE. LTD\",\"url\":\"https:\/\/tourcruiser.com\/fr\/\",\"logo\":{\"@type\":\"ImageObject\",\"inLanguage\":\"fr-FR\",\"@id\":\"https:\/\/tourcruiser.com\/fr\/#\/schema\/logo\/image\/\",\"url\":\"https:\/\/www.tourcruiser.com\/wp-content\/uploads\/2025\/12\/logo.png\",\"contentUrl\":\"https:\/\/www.tourcruiser.com\/wp-content\/uploads\/2025\/12\/logo.png\",\"width\":200,\"height\":65,\"caption\":\"STYLORAL PTE. LTD\"},\"image\":{\"@id\":\"https:\/\/tourcruiser.com\/fr\/#\/schema\/logo\/image\/\"}}]}<\/script>\n<!-- \/ Yoast SEO plugin. -->","yoast_head_json":{"title":"Victor Wembanyama x Nike Air Zoom GT Hustle 2 'Alien' - TOURCRUISER PTE. LTD","robots":{"index":"index","follow":"follow","max-snippet":"max-snippet:-1","max-image-preview":"max-image-preview:large","max-video-preview":"max-video-preview:-1"},"canonical":"https:\/\/tourcruiser.com\/fr\/products\/victor-wembanyama-x-nike-air-zoom-gt-hustle-2-alien\/","og_locale":"fr_FR","og_type":"article","og_title":"Victor Wembanyama x Nike Air Zoom GT Hustle 2 'Alien' - TOURCRUISER PTE. LTD","og_description":"Nike Air Zoom GT Hustle 2 \u201d\u201d Multi-Color\/Multi-Color\/Multi-Color","og_url":"https:\/\/tourcruiser.com\/fr\/products\/victor-wembanyama-x-nike-air-zoom-gt-hustle-2-alien\/","og_site_name":"Tourcruiser Sneaker Store","article_modified_time":"2026-03-14T12:25:05+00:00","twitter_card":"summary_large_image","twitter_image":"https:\/\/images.novelship.com\/product\/victor_wembanyama_x_nike_air_zoom_gt_hustle_2__ali_0_98185.png","schema":{"@context":"https:\/\/schema.org","@graph":[{"@type":"WebPage","@id":"https:\/\/tourcruiser.com\/fr\/products\/victor-wembanyama-x-nike-air-zoom-gt-hustle-2-alien\/","url":"https:\/\/tourcruiser.com\/fr\/products\/victor-wembanyama-x-nike-air-zoom-gt-hustle-2-alien\/","name":"Victor Wembanyama x Nike Air Zoom GT Hustle 2 'Alien' - TOURCRUISER PTE. LTD","isPartOf":{"@id":"https:\/\/tourcruiser.com\/fr\/#website"},"primaryImageOfPage":{"@id":"https:\/\/tourcruiser.com\/fr\/products\/victor-wembanyama-x-nike-air-zoom-gt-hustle-2-alien\/#primaryimage"},"image":{"@id":"https:\/\/tourcruiser.com\/fr\/products\/victor-wembanyama-x-nike-air-zoom-gt-hustle-2-alien\/#primaryimage"},"thumbnailUrl":"https:\/\/images.novelship.com\/product\/victor_wembanyama_x_nike_air_zoom_gt_hustle_2__ali_0_98185.png","datePublished":"2026-03-02T09:02:04+00:00","dateModified":"2026-03-14T12:25:05+00:00","breadcrumb":{"@id":"https:\/\/tourcruiser.com\/fr\/products\/victor-wembanyama-x-nike-air-zoom-gt-hustle-2-alien\/#breadcrumb"},"inLanguage":"fr-FR","potentialAction":[{"@type":"ReadAction","target":["https:\/\/tourcruiser.com\/fr\/products\/victor-wembanyama-x-nike-air-zoom-gt-hustle-2-alien\/"]}]},{"@type":"ImageObject","inLanguage":"fr-FR","@id":"https:\/\/tourcruiser.com\/fr\/products\/victor-wembanyama-x-nike-air-zoom-gt-hustle-2-alien\/#primaryimage","url":"https:\/\/images.novelship.com\/product\/victor_wembanyama_x_nike_air_zoom_gt_hustle_2__ali_0_98185.png","contentUrl":"https:\/\/images.novelship.com\/product\/victor_wembanyama_x_nike_air_zoom_gt_hustle_2__ali_0_98185.png"},{"@type":"BreadcrumbList","@id":"https:\/\/tourcruiser.com\/fr\/products\/victor-wembanyama-x-nike-air-zoom-gt-hustle-2-alien\/#breadcrumb","itemListElement":[{"@type":"ListItem","position":1,"name":"Home","item":"https:\/\/tourcruiser.com\/fr\/"},{"@type":"ListItem","position":2,"name":"Shop","item":"https:\/\/tourcruiser.com\/fr\/shop\/"},{"@type":"ListItem","position":3,"name":"Victor Wembanyama x Nike Air Zoom GT Hustle 2 'Alien'"}]},{"@type":"WebSite","@id":"https:\/\/tourcruiser.com\/fr\/#website","url":"https:\/\/tourcruiser.com\/fr\/","name":"Styloral Jewelry Shop","description":"Tourcruiser Sneaker Store \u2014 L\u2019endroit o\u00f9 l\u2019univers rencontre votre singularit\u00e9.","publisher":{"@id":"https:\/\/tourcruiser.com\/fr\/#organization"},"potentialAction":[{"@type":"SearchAction","target":{"@type":"EntryPoint","urlTemplate":"https:\/\/tourcruiser.com\/fr\/?s={search_term_string}"},"query-input":{"@type":"PropertyValueSpecification","valueRequired":true,"valueName":"search_term_string"}}],"inLanguage":"fr-FR"},{"@type":"Organization","@id":"https:\/\/tourcruiser.com\/fr\/#organization","name":"STYLORAL PTE. LTD","url":"https:\/\/tourcruiser.com\/fr\/","logo":{"@type":"ImageObject","inLanguage":"fr-FR","@id":"https:\/\/tourcruiser.com\/fr\/#\/schema\/logo\/image\/","url":"https:\/\/www.tourcruiser.com\/wp-content\/uploads\/2025\/12\/logo.png","contentUrl":"https:\/\/www.tourcruiser.com\/wp-content\/uploads\/2025\/12\/logo.png","width":200,"height":65,"caption":"STYLORAL PTE. LTD"},"image":{"@id":"https:\/\/tourcruiser.com\/fr\/#\/schema\/logo\/image\/"}}]}},"_links":{"self":[{"href":"https:\/\/tourcruiser.com\/fr\/wp-json\/wp\/v2\/product\/157430","targetHints":{"allow":["GET"]}}],"collection":[{"href":"https:\/\/tourcruiser.com\/fr\/wp-json\/wp\/v2\/product"}],"about":[{"href":"https:\/\/tourcruiser.com\/fr\/wp-json\/wp\/v2\/types\/product"}],"replies":[{"embeddable":true,"href":"https:\/\/tourcruiser.com\/fr\/wp-json\/wp\/v2\/comments?post=157430"}],"wp:featuredmedia":[{"embeddable":true,"href":"https:\/\/tourcruiser.com\/fr\/wp-json\/wp\/v2\/media\/157431"}],"wp:attachment":[{"href":"https:\/\/tourcruiser.com\/fr\/wp-json\/wp\/v2\/media?parent=157430"}],"wp:term":[{"taxonomy":"product_brand","embeddable":true,"href":"https:\/\/tourcruiser.com\/fr\/wp-json\/wp\/v2\/product_brand?post=157430"},{"taxonomy":"product_cat","embeddable":true,"href":"https:\/\/tourcruiser.com\/fr\/wp-json\/wp\/v2\/product_cat?post=157430"},{"taxonomy":"product_tag","embeddable":true,"href":"https:\/\/tourcruiser.com\/fr\/wp-json\/wp\/v2\/product_tag?post=157430"}],"curies":[{"name":"wp","href":"https:\/\/api.w.org\/{rel}","templated":true}]}}