{"id":156904,"date":"2026-03-02T16:01:16","date_gmt":"2026-03-02T09:01:16","guid":{"rendered":"http:\/\/tourcruiser.com\/product\/kiko-kostadinov-x-asics-ub9-s-gel-kayano-20-vibrant-yellow"},"modified":"2026-03-14T19:24:33","modified_gmt":"2026-03-14T12:24:33","slug":"kiko-kostadinov-x-asics-ub9-s-gel-kayano-20-vibrant-yellow","status":"publish","type":"product","link":"https:\/\/tourcruiser.com\/fr\/products\/kiko-kostadinov-x-asics-ub9-s-gel-kayano-20-vibrant-yellow\/","title":{"rendered":"Kiko Kostadinov x ASICS UB9-S Gel Kayano 20 &lsquo;Vibrant Yellow&rsquo;"},"content":{"rendered":"<p>D\u00e9couvrez le futur de la chaussure de sport avec la Kiko Kostadinov x ASICS UB9-S Gel Kayano 20 \u00ab\u00a0Jaune vif\u00a0\u00bb\u00a0: une fusion audacieuse de design innovant et de performances exceptionnelles. Cette sneaker remarquable arbore un coloris jaune vif et combine l\u2019esth\u00e9tique avant-gardiste inimitable de Kiko Kostadinov avec la technologie d\u2019amorti Gel \u00e9prouv\u00e9e d\u2019ASICS pour un confort in\u00e9gal\u00e9 et un maintien optimal. Sa silhouette dynamique est dot\u00e9e d\u2019une empeigne en mesh respirant et de renforts pour une durabilit\u00e9 maximale, tandis que son syst\u00e8me de la\u00e7age innovant assure un maintien s\u00fbr et adaptable. Parfaite pour les entra\u00eenements intensifs et les looks streetwear styl\u00e9s, la UB9-S Gel Kayano 20 allie fonctionnalit\u00e9 et style \u00e0 chaque pas. Que vous soyez un passionn\u00e9 de sneakers ou un athl\u00e8te, cette collaboration combine un savoir-faire d\u2019exception, un style moderne et des performances innovantes. Coloris\u00a0: Jaune vif\/Argent pur. Code article\u00a0: 1203A456-750. Mati\u00e8re de l\u2019empeigne\u00a0: Mesh. Semelle interm\u00e9diaire\u00a0: Gel. Couleur\u00a0: Jaune. Saison\u00a0: Automne. Ann\u00e9e de sortie\u00a0: 2024.<\/p>\n","protected":false},"excerpt":{"rendered":"<p>ASICS UB9-S Gel Kayano 20 \u201d\u201d Vibrant Yellow\/Pure Silver<\/p>\n","protected":false},"featured_media":156905,"comment_status":"open","ping_status":"closed","template":"","meta":[],"product_brand":[],"product_cat":[10792],"product_tag":[10791,10750,10753,10754,10765,10768,10758],"class_list":{"0":"post-156904","1":"product","2":"type-product","3":"status-publish","4":"has-post-thumbnail","6":"product_cat-asics","7":"product_tag-asics","8":"product_tag-athleisure-shoes","9":"product_tag-gift-for-him","10":"product_tag-lifestyle-casual-shoes","11":"product_tag-lifestyle-shoes-running-inspired","12":"product_tag-retro-running-shoes","13":"product_tag-under-retail","14":"wcpa_has_options","16":"first","17":"instock","18":"taxable","19":"shipping-taxable","20":"purchasable","21":"product-type-simple"},"wcpa_form_fields":{"rules":{"pric_overide_base_price":false,"pric_overide_base_price_if_gt_zero":false,"pric_overide_base_price_fully":false,"pric_cal_option_once":false,"pric_use_as_fee":false,"bind_quantity":false,"quantity_bind_formula":false},"fields":[{"type":"color-group","required":true,"elementId":"wcpa-color-group-69a5ab08ee12d","label":"Taille","inline":true,"priceOptions":"different_for_all","pricingType":"fixed","className":"hassizechart product-shoes-size-eu product-shoes-size","name":"color-group-69a5ab08ee136","disp_type":"square","selection_type":"tick-border","disp_size":"50","show_label_inside":true,"adjust_width":true,"cart_display_type":"text","other_text":"Other","cl_rule":"show","col":6,"values":[{"label":"36","value":"EU 36","price":"","pimage":"","pimage_id":"","pthumb":"","color":"","selected":true},{"label":"37","value":"EU 37","price":"","pimage":"","pimage_id":"","pthumb":"","color":""},{"label":"37.5","value":"EU 37.5","price":"","pimage":"","pimage_id":"","pthumb":"","color":""},{"label":"38","value":"EU 38","price":"","pimage":"","pimage_id":"","pthumb":"","color":""},{"label":"38.5","value":"EU 38.5","price":"","pimage":"","pimage_id":"","pthumb":"","color":""},{"label":"39","value":"EU 39","price":"","pimage":"","pimage_id":"","pthumb":"","color":""},{"label":"39.5","value":"EU 39.5","price":"","pimage":"","pimage_id":"","pthumb":"","color":""},{"label":"40","value":"EU 40","price":"","pimage":"","pimage_id":"","pthumb":"","color":""},{"label":"40.5","value":"EU 40.5","price":"","pimage":"","pimage_id":"","pthumb":"","color":""},{"label":" 41.5","value":"EU 41.5","price":"","pimage":"","pimage_id":"","pthumb":"","color":""},{"label":"42","value":"EU 42","price":"","pimage":"","pimage_id":"","pthumb":"","color":""},{"label":"42.5","value":"EU 42.5","price":"","pimage":"","pimage_id":"","pthumb":"","color":""},{"label":"43","value":"EU 43","price":"","pimage":"","pimage_id":"","pthumb":"","color":""},{"label":"44","value":"EU 44","price":"","pimage":"","pimage_id":"","pthumb":"","color":""},{"label":"44.5","value":"EU 44.5","price":"","pimage":"","pimage_id":"","pthumb":"","color":""},{"label":"45","value":"EU 45","price":"","pimage":"","pimage_id":"","pthumb":"","color":""},{"label":"45.5","value":"EU 45.5","price":"","pimage":"","pimage_id":"","pthumb":"","color":""},{"label":"46","value":"EU 46","price":"","pimage":"","pimage_id":"","pthumb":"","color":""},{"label":"46.5","value":"EU 46.5","price":"","pimage":"","pimage_id":"","pthumb":"","color":""},{"label":"47","value":"EU 47","price":"","pimage":"","pimage_id":"","pthumb":"","color":""}],"relations":[{"operator":false,"rules":[]}],"form_id":184311,"form_rules":{"pric_cal_option_once":false,"exclude_from_discount":false,"pric_use_as_fee":false,"fee_label":"Fee","render_after_acb":false,"disp_hide_options_price":false}}]},"yoast_head":"<!-- This site is optimized with the Yoast SEO plugin v26.5 - https:\/\/yoast.com\/wordpress\/plugins\/seo\/ -->\n<title>Kiko Kostadinov x ASICS UB9-S Gel Kayano 20 &#039;Vibrant Yellow&#039; - TOURCRUISER PTE. LTD<\/title>\n<meta name=\"robots\" content=\"index, follow, max-snippet:-1, max-image-preview:large, max-video-preview:-1\" \/>\n<link rel=\"canonical\" href=\"https:\/\/tourcruiser.com\/fr\/products\/kiko-kostadinov-x-asics-ub9-s-gel-kayano-20-vibrant-yellow\/\" \/>\n<meta property=\"og:locale\" content=\"fr_FR\" \/>\n<meta property=\"og:type\" content=\"article\" \/>\n<meta property=\"og:title\" content=\"Kiko Kostadinov x ASICS UB9-S Gel Kayano 20 &#039;Vibrant Yellow&#039; - TOURCRUISER PTE. LTD\" \/>\n<meta property=\"og:description\" content=\"ASICS UB9-S Gel Kayano 20 \u201d\u201d Vibrant Yellow\/Pure Silver\" \/>\n<meta property=\"og:url\" content=\"https:\/\/tourcruiser.com\/fr\/products\/kiko-kostadinov-x-asics-ub9-s-gel-kayano-20-vibrant-yellow\/\" \/>\n<meta property=\"og:site_name\" content=\"Tourcruiser Sneaker Store\" \/>\n<meta property=\"article:modified_time\" content=\"2026-03-14T12:24:33+00:00\" \/>\n<meta name=\"twitter:card\" content=\"summary_large_image\" \/>\n<meta name=\"twitter:image\" content=\"https:\/\/images.novelship.com\/product\/kiko_kostadinov_x_asics_ub9-s_gel_kayano_20__vibra_0_72568.jpeg\" \/>\n<meta name=\"twitter:label1\" content=\"Dur\u00e9e de lecture estim\u00e9e\" \/>\n\t<meta name=\"twitter:data1\" content=\"1 minute\" \/>\n<script type=\"application\/ld+json\" class=\"yoast-schema-graph\">{\"@context\":\"https:\/\/schema.org\",\"@graph\":[{\"@type\":\"WebPage\",\"@id\":\"https:\/\/tourcruiser.com\/fr\/products\/kiko-kostadinov-x-asics-ub9-s-gel-kayano-20-vibrant-yellow\/\",\"url\":\"https:\/\/tourcruiser.com\/fr\/products\/kiko-kostadinov-x-asics-ub9-s-gel-kayano-20-vibrant-yellow\/\",\"name\":\"Kiko Kostadinov x ASICS UB9-S Gel Kayano 20 'Vibrant Yellow' - TOURCRUISER PTE. LTD\",\"isPartOf\":{\"@id\":\"https:\/\/tourcruiser.com\/fr\/#website\"},\"primaryImageOfPage\":{\"@id\":\"https:\/\/tourcruiser.com\/fr\/products\/kiko-kostadinov-x-asics-ub9-s-gel-kayano-20-vibrant-yellow\/#primaryimage\"},\"image\":{\"@id\":\"https:\/\/tourcruiser.com\/fr\/products\/kiko-kostadinov-x-asics-ub9-s-gel-kayano-20-vibrant-yellow\/#primaryimage\"},\"thumbnailUrl\":\"https:\/\/images.novelship.com\/product\/kiko_kostadinov_x_asics_ub9-s_gel_kayano_20__vibra_0_72568.jpeg\",\"datePublished\":\"2026-03-02T09:01:16+00:00\",\"dateModified\":\"2026-03-14T12:24:33+00:00\",\"breadcrumb\":{\"@id\":\"https:\/\/tourcruiser.com\/fr\/products\/kiko-kostadinov-x-asics-ub9-s-gel-kayano-20-vibrant-yellow\/#breadcrumb\"},\"inLanguage\":\"fr-FR\",\"potentialAction\":[{\"@type\":\"ReadAction\",\"target\":[\"https:\/\/tourcruiser.com\/fr\/products\/kiko-kostadinov-x-asics-ub9-s-gel-kayano-20-vibrant-yellow\/\"]}]},{\"@type\":\"ImageObject\",\"inLanguage\":\"fr-FR\",\"@id\":\"https:\/\/tourcruiser.com\/fr\/products\/kiko-kostadinov-x-asics-ub9-s-gel-kayano-20-vibrant-yellow\/#primaryimage\",\"url\":\"https:\/\/images.novelship.com\/product\/kiko_kostadinov_x_asics_ub9-s_gel_kayano_20__vibra_0_72568.jpeg\",\"contentUrl\":\"https:\/\/images.novelship.com\/product\/kiko_kostadinov_x_asics_ub9-s_gel_kayano_20__vibra_0_72568.jpeg\"},{\"@type\":\"BreadcrumbList\",\"@id\":\"https:\/\/tourcruiser.com\/fr\/products\/kiko-kostadinov-x-asics-ub9-s-gel-kayano-20-vibrant-yellow\/#breadcrumb\",\"itemListElement\":[{\"@type\":\"ListItem\",\"position\":1,\"name\":\"Home\",\"item\":\"https:\/\/tourcruiser.com\/fr\/\"},{\"@type\":\"ListItem\",\"position\":2,\"name\":\"Shop\",\"item\":\"https:\/\/tourcruiser.com\/fr\/shop\/\"},{\"@type\":\"ListItem\",\"position\":3,\"name\":\"Kiko Kostadinov x ASICS UB9-S Gel Kayano 20 'Vibrant Yellow'\"}]},{\"@type\":\"WebSite\",\"@id\":\"https:\/\/tourcruiser.com\/fr\/#website\",\"url\":\"https:\/\/tourcruiser.com\/fr\/\",\"name\":\"Styloral Jewelry Shop\",\"description\":\"Tourcruiser Sneaker Store \u2014 L\u2019endroit o\u00f9 l\u2019univers rencontre votre singularit\u00e9.\",\"publisher\":{\"@id\":\"https:\/\/tourcruiser.com\/fr\/#organization\"},\"potentialAction\":[{\"@type\":\"SearchAction\",\"target\":{\"@type\":\"EntryPoint\",\"urlTemplate\":\"https:\/\/tourcruiser.com\/fr\/?s={search_term_string}\"},\"query-input\":{\"@type\":\"PropertyValueSpecification\",\"valueRequired\":true,\"valueName\":\"search_term_string\"}}],\"inLanguage\":\"fr-FR\"},{\"@type\":\"Organization\",\"@id\":\"https:\/\/tourcruiser.com\/fr\/#organization\",\"name\":\"STYLORAL PTE. LTD\",\"url\":\"https:\/\/tourcruiser.com\/fr\/\",\"logo\":{\"@type\":\"ImageObject\",\"inLanguage\":\"fr-FR\",\"@id\":\"https:\/\/tourcruiser.com\/fr\/#\/schema\/logo\/image\/\",\"url\":\"https:\/\/www.tourcruiser.com\/wp-content\/uploads\/2025\/12\/logo.png\",\"contentUrl\":\"https:\/\/www.tourcruiser.com\/wp-content\/uploads\/2025\/12\/logo.png\",\"width\":200,\"height\":65,\"caption\":\"STYLORAL PTE. LTD\"},\"image\":{\"@id\":\"https:\/\/tourcruiser.com\/fr\/#\/schema\/logo\/image\/\"}}]}<\/script>\n<!-- \/ Yoast SEO plugin. -->","yoast_head_json":{"title":"Kiko Kostadinov x ASICS UB9-S Gel Kayano 20 'Vibrant Yellow' - TOURCRUISER PTE. LTD","robots":{"index":"index","follow":"follow","max-snippet":"max-snippet:-1","max-image-preview":"max-image-preview:large","max-video-preview":"max-video-preview:-1"},"canonical":"https:\/\/tourcruiser.com\/fr\/products\/kiko-kostadinov-x-asics-ub9-s-gel-kayano-20-vibrant-yellow\/","og_locale":"fr_FR","og_type":"article","og_title":"Kiko Kostadinov x ASICS UB9-S Gel Kayano 20 'Vibrant Yellow' - TOURCRUISER PTE. LTD","og_description":"ASICS UB9-S Gel Kayano 20 \u201d\u201d Vibrant Yellow\/Pure Silver","og_url":"https:\/\/tourcruiser.com\/fr\/products\/kiko-kostadinov-x-asics-ub9-s-gel-kayano-20-vibrant-yellow\/","og_site_name":"Tourcruiser Sneaker Store","article_modified_time":"2026-03-14T12:24:33+00:00","twitter_card":"summary_large_image","twitter_image":"https:\/\/images.novelship.com\/product\/kiko_kostadinov_x_asics_ub9-s_gel_kayano_20__vibra_0_72568.jpeg","twitter_misc":{"Dur\u00e9e de lecture estim\u00e9e":"1 minute"},"schema":{"@context":"https:\/\/schema.org","@graph":[{"@type":"WebPage","@id":"https:\/\/tourcruiser.com\/fr\/products\/kiko-kostadinov-x-asics-ub9-s-gel-kayano-20-vibrant-yellow\/","url":"https:\/\/tourcruiser.com\/fr\/products\/kiko-kostadinov-x-asics-ub9-s-gel-kayano-20-vibrant-yellow\/","name":"Kiko Kostadinov x ASICS UB9-S Gel Kayano 20 'Vibrant Yellow' - TOURCRUISER PTE. LTD","isPartOf":{"@id":"https:\/\/tourcruiser.com\/fr\/#website"},"primaryImageOfPage":{"@id":"https:\/\/tourcruiser.com\/fr\/products\/kiko-kostadinov-x-asics-ub9-s-gel-kayano-20-vibrant-yellow\/#primaryimage"},"image":{"@id":"https:\/\/tourcruiser.com\/fr\/products\/kiko-kostadinov-x-asics-ub9-s-gel-kayano-20-vibrant-yellow\/#primaryimage"},"thumbnailUrl":"https:\/\/images.novelship.com\/product\/kiko_kostadinov_x_asics_ub9-s_gel_kayano_20__vibra_0_72568.jpeg","datePublished":"2026-03-02T09:01:16+00:00","dateModified":"2026-03-14T12:24:33+00:00","breadcrumb":{"@id":"https:\/\/tourcruiser.com\/fr\/products\/kiko-kostadinov-x-asics-ub9-s-gel-kayano-20-vibrant-yellow\/#breadcrumb"},"inLanguage":"fr-FR","potentialAction":[{"@type":"ReadAction","target":["https:\/\/tourcruiser.com\/fr\/products\/kiko-kostadinov-x-asics-ub9-s-gel-kayano-20-vibrant-yellow\/"]}]},{"@type":"ImageObject","inLanguage":"fr-FR","@id":"https:\/\/tourcruiser.com\/fr\/products\/kiko-kostadinov-x-asics-ub9-s-gel-kayano-20-vibrant-yellow\/#primaryimage","url":"https:\/\/images.novelship.com\/product\/kiko_kostadinov_x_asics_ub9-s_gel_kayano_20__vibra_0_72568.jpeg","contentUrl":"https:\/\/images.novelship.com\/product\/kiko_kostadinov_x_asics_ub9-s_gel_kayano_20__vibra_0_72568.jpeg"},{"@type":"BreadcrumbList","@id":"https:\/\/tourcruiser.com\/fr\/products\/kiko-kostadinov-x-asics-ub9-s-gel-kayano-20-vibrant-yellow\/#breadcrumb","itemListElement":[{"@type":"ListItem","position":1,"name":"Home","item":"https:\/\/tourcruiser.com\/fr\/"},{"@type":"ListItem","position":2,"name":"Shop","item":"https:\/\/tourcruiser.com\/fr\/shop\/"},{"@type":"ListItem","position":3,"name":"Kiko Kostadinov x ASICS UB9-S Gel Kayano 20 'Vibrant Yellow'"}]},{"@type":"WebSite","@id":"https:\/\/tourcruiser.com\/fr\/#website","url":"https:\/\/tourcruiser.com\/fr\/","name":"Styloral Jewelry Shop","description":"Tourcruiser Sneaker Store \u2014 L\u2019endroit o\u00f9 l\u2019univers rencontre votre singularit\u00e9.","publisher":{"@id":"https:\/\/tourcruiser.com\/fr\/#organization"},"potentialAction":[{"@type":"SearchAction","target":{"@type":"EntryPoint","urlTemplate":"https:\/\/tourcruiser.com\/fr\/?s={search_term_string}"},"query-input":{"@type":"PropertyValueSpecification","valueRequired":true,"valueName":"search_term_string"}}],"inLanguage":"fr-FR"},{"@type":"Organization","@id":"https:\/\/tourcruiser.com\/fr\/#organization","name":"STYLORAL PTE. LTD","url":"https:\/\/tourcruiser.com\/fr\/","logo":{"@type":"ImageObject","inLanguage":"fr-FR","@id":"https:\/\/tourcruiser.com\/fr\/#\/schema\/logo\/image\/","url":"https:\/\/www.tourcruiser.com\/wp-content\/uploads\/2025\/12\/logo.png","contentUrl":"https:\/\/www.tourcruiser.com\/wp-content\/uploads\/2025\/12\/logo.png","width":200,"height":65,"caption":"STYLORAL PTE. LTD"},"image":{"@id":"https:\/\/tourcruiser.com\/fr\/#\/schema\/logo\/image\/"}}]}},"_links":{"self":[{"href":"https:\/\/tourcruiser.com\/fr\/wp-json\/wp\/v2\/product\/156904","targetHints":{"allow":["GET"]}}],"collection":[{"href":"https:\/\/tourcruiser.com\/fr\/wp-json\/wp\/v2\/product"}],"about":[{"href":"https:\/\/tourcruiser.com\/fr\/wp-json\/wp\/v2\/types\/product"}],"replies":[{"embeddable":true,"href":"https:\/\/tourcruiser.com\/fr\/wp-json\/wp\/v2\/comments?post=156904"}],"wp:featuredmedia":[{"embeddable":true,"href":"https:\/\/tourcruiser.com\/fr\/wp-json\/wp\/v2\/media\/156905"}],"wp:attachment":[{"href":"https:\/\/tourcruiser.com\/fr\/wp-json\/wp\/v2\/media?parent=156904"}],"wp:term":[{"taxonomy":"product_brand","embeddable":true,"href":"https:\/\/tourcruiser.com\/fr\/wp-json\/wp\/v2\/product_brand?post=156904"},{"taxonomy":"product_cat","embeddable":true,"href":"https:\/\/tourcruiser.com\/fr\/wp-json\/wp\/v2\/product_cat?post=156904"},{"taxonomy":"product_tag","embeddable":true,"href":"https:\/\/tourcruiser.com\/fr\/wp-json\/wp\/v2\/product_tag?post=156904"}],"curies":[{"name":"wp","href":"https:\/\/api.w.org\/{rel}","templated":true}]}}