{"id":155738,"date":"2026-03-02T15:59:24","date_gmt":"2026-03-02T08:59:24","guid":{"rendered":"http:\/\/tourcruiser.com\/product\/futura-laboratories-x-nike-dunk-low-sb-friends-family-sunblush"},"modified":"2026-03-14T18:09:16","modified_gmt":"2026-03-14T11:09:16","slug":"futura-laboratories-x-nike-dunk-low-sb-friends-family-sunblush","status":"publish","type":"product","link":"https:\/\/tourcruiser.com\/fr\/products\/futura-laboratories-x-nike-dunk-low-sb-friends-family-sunblush\/","title":{"rendered":"Futura Laboratories x Nike Dunk Low SB Friends &#038; Family &lsquo;Sunblush&rsquo;"},"content":{"rendered":"<p>D\u00e9couvrez la Nike Dunk Low SB Friends &#038; Family \u00ab\u00a0Sunblush\u00a0\u00bb, une collaboration exclusive entre Futura Laboratories et Nike\u00a0! Cette sneaker tr\u00e8s pris\u00e9e arbore une empeigne en daim orange vif, orn\u00e9e de surpiq\u00fbres d\u00e9coratives et de d\u00e9tails blancs contrastants. Son design unique, cr\u00e9\u00e9 en collaboration avec l&rsquo;artiste l\u00e9gendaire Futura 2000, pr\u00e9sente le logo de la marque sur la languette et le talon, ce qui en fait une pi\u00e8ce incontournable pour les collectionneurs et les passionn\u00e9s de sneakers. Affirmez votre style avec les Dunk \u00ab\u00a0Sunblush\u00a0\u00bb et d\u00e9couvrez la fusion parfaite entre art et streetwear. <\/p>\n<p>Couleur\u00a0: University Gold\/Sunblush-Old Royal<\/p>\n<p>Code article\u00a0: HF6061-700<\/p>\n<p>Empeigne\u00a0: Toile<\/p>\n<p>Semelle interm\u00e9diaire\u00a0: Zoom Air<\/p>\n<p>Couleur\u00a0: Multicolore<\/p>\n<p>Couleur\u00a0: Multicolore<\/p>\n","protected":false},"excerpt":{"rendered":"<p>Nike SB Dunk Low \u201d\u201d University Gold\/Sunblush-Old Royal<\/p>\n","protected":false},"featured_media":155739,"comment_status":"open","ping_status":"closed","template":"","meta":[],"product_brand":[],"product_cat":[10803],"product_tag":[10799,10800,10753,10801,10802,11153],"class_list":{"0":"post-155738","1":"product","2":"type-product","3":"status-publish","4":"has-post-thumbnail","6":"product_cat-nike","7":"product_tag-ankle-support-basketball-shoes","8":"product_tag-basketball-shoes","9":"product_tag-gift-for-him","10":"product_tag-nike","11":"product_tag-performance-sport-shoes","12":"product_tag-skateboard-shoes","13":"wcpa_has_options","15":"first","16":"instock","17":"taxable","18":"shipping-taxable","19":"purchasable","20":"product-type-simple"},"wcpa_form_fields":{"rules":{"pric_overide_base_price":false,"pric_overide_base_price_if_gt_zero":false,"pric_overide_base_price_fully":false,"pric_cal_option_once":false,"pric_use_as_fee":false,"bind_quantity":false,"quantity_bind_formula":false},"fields":[{"type":"color-group","required":true,"elementId":"wcpa-color-group-66c4a75505e74","label":"Taille","inline":true,"priceOptions":"different_for_all","pricingType":"fixed","className":"hassizechart product-shoes-size-eu product-shoes-size","name":"color-group-66c4a75505e89","disp_type":"square","selection_type":"tick-border","disp_size":"44","show_label_inside":true,"adjust_width":true,"cart_display_type":"text","other_text":"Other","cl_rule":"show","col":6,"values":[{"label":"35.5","value":"EU 35.5","price":"","pimage":"","pimage_id":"","pthumb":"","color":""},{"label":"36","value":"EU 36","price":"","pimage":"","pimage_id":"","pthumb":"","color":"","selected":true},{"label":"36.5","value":"EU 36.5","price":"","pimage":"","pimage_id":"","pthumb":"","color":""},{"label":"37.5","value":"EU 37.5","price":"","pimage":"","pimage_id":"","pthumb":"","color":""},{"label":"38","value":"EU 38","price":"","pimage":"","pimage_id":"","pthumb":"","color":""},{"label":"38.5","value":"EU 38.5","price":"","pimage":"","pimage_id":"","pthumb":"","color":""},{"label":"39","value":"EU 39","price":"","pimage":"","pimage_id":"","pthumb":"","color":""},{"label":"40","value":"EU 40","price":"","pimage":"","pimage_id":"","pthumb":"","color":""},{"label":"40.5","value":"EU 40.5","price":"","pimage":"","pimage_id":"","pthumb":"","color":""},{"label":"41","value":"EU 41","price":"","pimage":"","pimage_id":"","pthumb":"","color":""},{"label":"42","value":"EU 42","price":"","pimage":"","pimage_id":"","pthumb":"","color":""},{"label":"42.5","value":"EU 42.5","price":"","pimage":"","pimage_id":"","pthumb":"","color":""},{"label":"43","value":"EU 43","price":"","pimage":"","pimage_id":"","pthumb":"","color":""},{"label":"44","value":"EU 44","price":"","pimage":"","pimage_id":"","pthumb":"","color":""},{"label":"44.5","value":"EU 44.5","price":"","pimage":"","pimage_id":"","pthumb":"","color":""},{"label":"45","value":"EU 45","price":"","pimage":"","pimage_id":"","pthumb":"","color":""},{"label":"45.5","value":"EU 45.5","price":"","pimage":"","pimage_id":"","pthumb":"","color":""},{"label":"46","value":"EU 46","price":"","pimage":"","pimage_id":"","pthumb":"","color":""},{"label":"47","value":"EU 47","price":"","pimage":"","pimage_id":"","pthumb":"","color":""},{"label":"47.5","value":"EU 47.5","price":"","pimage":"","pimage_id":"","pthumb":"","color":""},{"label":"48","value":"EU 48","price":"","pimage":"","pimage_id":"","pthumb":"","color":""}],"relations":[{"operator":false,"rules":[]}],"form_id":18106,"form_rules":{"pric_cal_option_once":false,"exclude_from_discount":false,"pric_use_as_fee":false,"fee_label":"Fee","render_after_acb":false,"disp_hide_options_price":false}}]},"yoast_head":"<!-- This site is optimized with the Yoast SEO plugin v26.5 - https:\/\/yoast.com\/wordpress\/plugins\/seo\/ -->\n<title>Futura Laboratories x Nike Dunk Low SB Friends &amp; Family &#039;Sunblush&#039; - TOURCRUISER PTE. LTD<\/title>\n<meta name=\"robots\" content=\"index, follow, max-snippet:-1, max-image-preview:large, max-video-preview:-1\" \/>\n<link rel=\"canonical\" href=\"https:\/\/tourcruiser.com\/fr\/products\/futura-laboratories-x-nike-dunk-low-sb-friends-family-sunblush\/\" \/>\n<meta property=\"og:locale\" content=\"fr_FR\" \/>\n<meta property=\"og:type\" content=\"article\" \/>\n<meta property=\"og:title\" content=\"Futura Laboratories x Nike Dunk Low SB Friends &amp; Family &#039;Sunblush&#039; - TOURCRUISER PTE. LTD\" \/>\n<meta property=\"og:description\" content=\"Nike SB Dunk Low \u201d\u201d University Gold\/Sunblush-Old Royal\" \/>\n<meta property=\"og:url\" content=\"https:\/\/tourcruiser.com\/fr\/products\/futura-laboratories-x-nike-dunk-low-sb-friends-family-sunblush\/\" \/>\n<meta property=\"og:site_name\" content=\"Tourcruiser Sneaker Store\" \/>\n<meta property=\"article:modified_time\" content=\"2026-03-14T11:09:16+00:00\" \/>\n<meta name=\"twitter:card\" content=\"summary_large_image\" \/>\n<meta name=\"twitter:image\" content=\"https:\/\/images.novelship.com\/product\/futura_laboratories_x_nike_dunk_low_sb_friends___f_0_76609.jpeg\" \/>\n<meta name=\"twitter:label1\" content=\"Dur\u00e9e de lecture estim\u00e9e\" \/>\n\t<meta name=\"twitter:data1\" content=\"1 minute\" \/>\n<script type=\"application\/ld+json\" class=\"yoast-schema-graph\">{\"@context\":\"https:\/\/schema.org\",\"@graph\":[{\"@type\":\"WebPage\",\"@id\":\"https:\/\/tourcruiser.com\/fr\/products\/futura-laboratories-x-nike-dunk-low-sb-friends-family-sunblush\/\",\"url\":\"https:\/\/tourcruiser.com\/fr\/products\/futura-laboratories-x-nike-dunk-low-sb-friends-family-sunblush\/\",\"name\":\"Futura Laboratories x Nike Dunk Low SB Friends & Family 'Sunblush' - TOURCRUISER PTE. LTD\",\"isPartOf\":{\"@id\":\"https:\/\/tourcruiser.com\/fr\/#website\"},\"primaryImageOfPage\":{\"@id\":\"https:\/\/tourcruiser.com\/fr\/products\/futura-laboratories-x-nike-dunk-low-sb-friends-family-sunblush\/#primaryimage\"},\"image\":{\"@id\":\"https:\/\/tourcruiser.com\/fr\/products\/futura-laboratories-x-nike-dunk-low-sb-friends-family-sunblush\/#primaryimage\"},\"thumbnailUrl\":\"https:\/\/images.novelship.com\/product\/futura_laboratories_x_nike_dunk_low_sb_friends___f_0_76609.jpeg\",\"datePublished\":\"2026-03-02T08:59:24+00:00\",\"dateModified\":\"2026-03-14T11:09:16+00:00\",\"breadcrumb\":{\"@id\":\"https:\/\/tourcruiser.com\/fr\/products\/futura-laboratories-x-nike-dunk-low-sb-friends-family-sunblush\/#breadcrumb\"},\"inLanguage\":\"fr-FR\",\"potentialAction\":[{\"@type\":\"ReadAction\",\"target\":[\"https:\/\/tourcruiser.com\/fr\/products\/futura-laboratories-x-nike-dunk-low-sb-friends-family-sunblush\/\"]}]},{\"@type\":\"ImageObject\",\"inLanguage\":\"fr-FR\",\"@id\":\"https:\/\/tourcruiser.com\/fr\/products\/futura-laboratories-x-nike-dunk-low-sb-friends-family-sunblush\/#primaryimage\",\"url\":\"https:\/\/images.novelship.com\/product\/futura_laboratories_x_nike_dunk_low_sb_friends___f_0_76609.jpeg\",\"contentUrl\":\"https:\/\/images.novelship.com\/product\/futura_laboratories_x_nike_dunk_low_sb_friends___f_0_76609.jpeg\"},{\"@type\":\"BreadcrumbList\",\"@id\":\"https:\/\/tourcruiser.com\/fr\/products\/futura-laboratories-x-nike-dunk-low-sb-friends-family-sunblush\/#breadcrumb\",\"itemListElement\":[{\"@type\":\"ListItem\",\"position\":1,\"name\":\"Home\",\"item\":\"https:\/\/tourcruiser.com\/fr\/\"},{\"@type\":\"ListItem\",\"position\":2,\"name\":\"Shop\",\"item\":\"https:\/\/tourcruiser.com\/fr\/shop\/\"},{\"@type\":\"ListItem\",\"position\":3,\"name\":\"Futura Laboratories x Nike Dunk Low SB Friends &#038; Family 'Sunblush'\"}]},{\"@type\":\"WebSite\",\"@id\":\"https:\/\/tourcruiser.com\/fr\/#website\",\"url\":\"https:\/\/tourcruiser.com\/fr\/\",\"name\":\"Styloral Jewelry Shop\",\"description\":\"Tourcruiser Sneaker Store \u2014 L\u2019endroit o\u00f9 l\u2019univers rencontre votre singularit\u00e9.\",\"publisher\":{\"@id\":\"https:\/\/tourcruiser.com\/fr\/#organization\"},\"potentialAction\":[{\"@type\":\"SearchAction\",\"target\":{\"@type\":\"EntryPoint\",\"urlTemplate\":\"https:\/\/tourcruiser.com\/fr\/?s={search_term_string}\"},\"query-input\":{\"@type\":\"PropertyValueSpecification\",\"valueRequired\":true,\"valueName\":\"search_term_string\"}}],\"inLanguage\":\"fr-FR\"},{\"@type\":\"Organization\",\"@id\":\"https:\/\/tourcruiser.com\/fr\/#organization\",\"name\":\"STYLORAL PTE. LTD\",\"url\":\"https:\/\/tourcruiser.com\/fr\/\",\"logo\":{\"@type\":\"ImageObject\",\"inLanguage\":\"fr-FR\",\"@id\":\"https:\/\/tourcruiser.com\/fr\/#\/schema\/logo\/image\/\",\"url\":\"https:\/\/www.tourcruiser.com\/wp-content\/uploads\/2025\/12\/logo.png\",\"contentUrl\":\"https:\/\/www.tourcruiser.com\/wp-content\/uploads\/2025\/12\/logo.png\",\"width\":200,\"height\":65,\"caption\":\"STYLORAL PTE. LTD\"},\"image\":{\"@id\":\"https:\/\/tourcruiser.com\/fr\/#\/schema\/logo\/image\/\"}}]}<\/script>\n<!-- \/ Yoast SEO plugin. -->","yoast_head_json":{"title":"Futura Laboratories x Nike Dunk Low SB Friends & Family 'Sunblush' - TOURCRUISER PTE. LTD","robots":{"index":"index","follow":"follow","max-snippet":"max-snippet:-1","max-image-preview":"max-image-preview:large","max-video-preview":"max-video-preview:-1"},"canonical":"https:\/\/tourcruiser.com\/fr\/products\/futura-laboratories-x-nike-dunk-low-sb-friends-family-sunblush\/","og_locale":"fr_FR","og_type":"article","og_title":"Futura Laboratories x Nike Dunk Low SB Friends & Family 'Sunblush' - TOURCRUISER PTE. LTD","og_description":"Nike SB Dunk Low \u201d\u201d University Gold\/Sunblush-Old Royal","og_url":"https:\/\/tourcruiser.com\/fr\/products\/futura-laboratories-x-nike-dunk-low-sb-friends-family-sunblush\/","og_site_name":"Tourcruiser Sneaker Store","article_modified_time":"2026-03-14T11:09:16+00:00","twitter_card":"summary_large_image","twitter_image":"https:\/\/images.novelship.com\/product\/futura_laboratories_x_nike_dunk_low_sb_friends___f_0_76609.jpeg","twitter_misc":{"Dur\u00e9e de lecture estim\u00e9e":"1 minute"},"schema":{"@context":"https:\/\/schema.org","@graph":[{"@type":"WebPage","@id":"https:\/\/tourcruiser.com\/fr\/products\/futura-laboratories-x-nike-dunk-low-sb-friends-family-sunblush\/","url":"https:\/\/tourcruiser.com\/fr\/products\/futura-laboratories-x-nike-dunk-low-sb-friends-family-sunblush\/","name":"Futura Laboratories x Nike Dunk Low SB Friends & Family 'Sunblush' - TOURCRUISER PTE. LTD","isPartOf":{"@id":"https:\/\/tourcruiser.com\/fr\/#website"},"primaryImageOfPage":{"@id":"https:\/\/tourcruiser.com\/fr\/products\/futura-laboratories-x-nike-dunk-low-sb-friends-family-sunblush\/#primaryimage"},"image":{"@id":"https:\/\/tourcruiser.com\/fr\/products\/futura-laboratories-x-nike-dunk-low-sb-friends-family-sunblush\/#primaryimage"},"thumbnailUrl":"https:\/\/images.novelship.com\/product\/futura_laboratories_x_nike_dunk_low_sb_friends___f_0_76609.jpeg","datePublished":"2026-03-02T08:59:24+00:00","dateModified":"2026-03-14T11:09:16+00:00","breadcrumb":{"@id":"https:\/\/tourcruiser.com\/fr\/products\/futura-laboratories-x-nike-dunk-low-sb-friends-family-sunblush\/#breadcrumb"},"inLanguage":"fr-FR","potentialAction":[{"@type":"ReadAction","target":["https:\/\/tourcruiser.com\/fr\/products\/futura-laboratories-x-nike-dunk-low-sb-friends-family-sunblush\/"]}]},{"@type":"ImageObject","inLanguage":"fr-FR","@id":"https:\/\/tourcruiser.com\/fr\/products\/futura-laboratories-x-nike-dunk-low-sb-friends-family-sunblush\/#primaryimage","url":"https:\/\/images.novelship.com\/product\/futura_laboratories_x_nike_dunk_low_sb_friends___f_0_76609.jpeg","contentUrl":"https:\/\/images.novelship.com\/product\/futura_laboratories_x_nike_dunk_low_sb_friends___f_0_76609.jpeg"},{"@type":"BreadcrumbList","@id":"https:\/\/tourcruiser.com\/fr\/products\/futura-laboratories-x-nike-dunk-low-sb-friends-family-sunblush\/#breadcrumb","itemListElement":[{"@type":"ListItem","position":1,"name":"Home","item":"https:\/\/tourcruiser.com\/fr\/"},{"@type":"ListItem","position":2,"name":"Shop","item":"https:\/\/tourcruiser.com\/fr\/shop\/"},{"@type":"ListItem","position":3,"name":"Futura Laboratories x Nike Dunk Low SB Friends &#038; Family 'Sunblush'"}]},{"@type":"WebSite","@id":"https:\/\/tourcruiser.com\/fr\/#website","url":"https:\/\/tourcruiser.com\/fr\/","name":"Styloral Jewelry Shop","description":"Tourcruiser Sneaker Store \u2014 L\u2019endroit o\u00f9 l\u2019univers rencontre votre singularit\u00e9.","publisher":{"@id":"https:\/\/tourcruiser.com\/fr\/#organization"},"potentialAction":[{"@type":"SearchAction","target":{"@type":"EntryPoint","urlTemplate":"https:\/\/tourcruiser.com\/fr\/?s={search_term_string}"},"query-input":{"@type":"PropertyValueSpecification","valueRequired":true,"valueName":"search_term_string"}}],"inLanguage":"fr-FR"},{"@type":"Organization","@id":"https:\/\/tourcruiser.com\/fr\/#organization","name":"STYLORAL PTE. LTD","url":"https:\/\/tourcruiser.com\/fr\/","logo":{"@type":"ImageObject","inLanguage":"fr-FR","@id":"https:\/\/tourcruiser.com\/fr\/#\/schema\/logo\/image\/","url":"https:\/\/www.tourcruiser.com\/wp-content\/uploads\/2025\/12\/logo.png","contentUrl":"https:\/\/www.tourcruiser.com\/wp-content\/uploads\/2025\/12\/logo.png","width":200,"height":65,"caption":"STYLORAL PTE. LTD"},"image":{"@id":"https:\/\/tourcruiser.com\/fr\/#\/schema\/logo\/image\/"}}]}},"_links":{"self":[{"href":"https:\/\/tourcruiser.com\/fr\/wp-json\/wp\/v2\/product\/155738","targetHints":{"allow":["GET"]}}],"collection":[{"href":"https:\/\/tourcruiser.com\/fr\/wp-json\/wp\/v2\/product"}],"about":[{"href":"https:\/\/tourcruiser.com\/fr\/wp-json\/wp\/v2\/types\/product"}],"replies":[{"embeddable":true,"href":"https:\/\/tourcruiser.com\/fr\/wp-json\/wp\/v2\/comments?post=155738"}],"wp:featuredmedia":[{"embeddable":true,"href":"https:\/\/tourcruiser.com\/fr\/wp-json\/wp\/v2\/media\/155739"}],"wp:attachment":[{"href":"https:\/\/tourcruiser.com\/fr\/wp-json\/wp\/v2\/media?parent=155738"}],"wp:term":[{"taxonomy":"product_brand","embeddable":true,"href":"https:\/\/tourcruiser.com\/fr\/wp-json\/wp\/v2\/product_brand?post=155738"},{"taxonomy":"product_cat","embeddable":true,"href":"https:\/\/tourcruiser.com\/fr\/wp-json\/wp\/v2\/product_cat?post=155738"},{"taxonomy":"product_tag","embeddable":true,"href":"https:\/\/tourcruiser.com\/fr\/wp-json\/wp\/v2\/product_tag?post=155738"}],"curies":[{"name":"wp","href":"https:\/\/api.w.org\/{rel}","templated":true}]}}