{"id":155288,"date":"2026-03-02T15:58:43","date_gmt":"2026-03-02T08:58:43","guid":{"rendered":"http:\/\/tourcruiser.com\/product\/women-new-balance-fuelcell-rebel-v5-wide-mint-green-silver-metallic"},"modified":"2026-03-14T19:22:47","modified_gmt":"2026-03-14T12:22:47","slug":"women-new-balance-fuelcell-rebel-v5-wide-mint-green-silver-metallic","status":"publish","type":"product","link":"https:\/\/tourcruiser.com\/fr\/products\/women-new-balance-fuelcell-rebel-v5-wide-mint-green-silver-metallic\/","title":{"rendered":"(Women) New Balance Fuelcell Rebel v5 Wide &lsquo;Mint Green Silver Metallic&rsquo;"},"content":{"rendered":"<p>D\u00e9couvrez des performances et un style in\u00e9gal\u00e9s avec la New Balance FuelCell Rebel v5 Wide \u00ab\u00a0Vert menthe argent m\u00e9tallis\u00e9\u00a0\u00bb. Con\u00e7ue sp\u00e9cifiquement pour les femmes, cette chaussure de running offre un confort maximal et une r\u00e9activit\u00e9 optimale. Gr\u00e2ce \u00e0 la technologie innovante de la semelle interm\u00e9diaire FuelCell, elle assure un excellent retour d&rsquo;\u00e9nergie, pour une course fluide kilom\u00e8tre apr\u00e8s kilom\u00e8tre. Sa coupe large garantit un confort et un maintien optimaux pour toutes les morphologies de pieds. L&#8217;empeigne respirante, d&rsquo;un \u00e9l\u00e9gant vert menthe rehauss\u00e9 de d\u00e9tails argent\u00e9s m\u00e9tallis\u00e9s, allie style et fonctionnalit\u00e9. Con\u00e7ue pour une adh\u00e9rence et un amorti optimaux, elle est parfaite pour les entra\u00eenements intensifs, les sorties tranquilles ou pour \u00eatre port\u00e9e toute la journ\u00e9e. Am\u00e9liorez votre exp\u00e9rience de course avec cette chaussure polyvalente et de haute qualit\u00e9 qui allie vitesse et style. Code article\u00a0: WFCXLZ5D. Empeigne\u00a0: Mesh. Semelle interm\u00e9diaire\u00a0: FuelCell. Couleur\u00a0: Vert. Empeigne\u00a0: Mesh.<\/p>\n","protected":false},"excerpt":{"rendered":"<p>(W) NB Fuelcell Rebel v5 Wide &lsquo;Mint Green Silver Metallic&rsquo;<\/p>\n","protected":false},"featured_media":155289,"comment_status":"open","ping_status":"closed","template":"","meta":[],"product_brand":[],"product_cat":[11302],"product_tag":[11053,10766,10839,10802,10840,10758],"class_list":{"0":"post-155288","1":"product","2":"type-product","3":"status-publish","4":"has-post-thumbnail","6":"product_cat-new-balance-women","7":"product_tag-lightweight-running-shoes","8":"product_tag-new-balance","9":"product_tag-performance-running-shoes","10":"product_tag-performance-sport-shoes","11":"product_tag-running-shoes","12":"product_tag-under-retail","13":"wcpa_has_options","15":"first","16":"instock","17":"taxable","18":"shipping-taxable","19":"purchasable","20":"product-type-simple"},"wcpa_form_fields":{"rules":{"pric_overide_base_price":false,"pric_overide_base_price_if_gt_zero":false,"pric_overide_base_price_fully":false,"pric_cal_option_once":false,"pric_use_as_fee":false,"bind_quantity":false,"quantity_bind_formula":false},"fields":[{"type":"color-group","required":true,"elementId":"wcpa-color-group-66c4a928225d2","label":"Taille","inline":true,"priceOptions":"different_for_all","pricingType":"fixed","className":"hassizechart product-shoes-size-eu product-shoes-size","name":"color-group-66c4a928225e2","disp_type":"square","selection_type":"tick-border","disp_size":"50","show_label_inside":true,"adjust_width":true,"cart_display_type":"text","other_text":"Other","cl_rule":"show","col":6,"values":[{"label":"35","value":"EU 35","price":"","pimage":"","pimage_id":"","pthumb":"","color":""},{"label":"36","value":"EU 36","price":"","pimage":"","pimage_id":"","pthumb":"","color":"","selected":true},{"label":"37","value":"EU 37","price":"","pimage":"","pimage_id":"","pthumb":"","color":""},{"label":"37.5","value":"EU 37.5","price":"","pimage":"","pimage_id":"","pthumb":"","color":""},{"label":"38","value":"EU 38","price":"","pimage":"","pimage_id":"","pthumb":"","color":""},{"label":"38.5","value":"EU 38.5","price":"","pimage":"","pimage_id":"","pthumb":"","color":""},{"label":"39","value":"EU 39","price":"","pimage":"","pimage_id":"","pthumb":"","color":""},{"label":"39.5","value":"EU 39.5","price":"","pimage":"","pimage_id":"","pthumb":"","color":""},{"label":"40","value":"EU 40","price":"","pimage":"","pimage_id":"","pthumb":"","color":""},{"label":"40.5","value":"EU 40.5","price":"","pimage":"","pimage_id":"","pthumb":"","color":""},{"label":" 41.5","value":"EU 41.5","price":"","pimage":"","pimage_id":"","pthumb":"","color":""},{"label":"42","value":"EU 42","price":"","pimage":"","pimage_id":"","pthumb":"","color":""},{"label":"42.5","value":"EU 42.5","price":"","pimage":"","pimage_id":"","pthumb":"","color":""},{"label":"43","value":"EU 43","price":"","pimage":"","pimage_id":"","pthumb":"","color":""},{"label":"44","value":"EU 44","price":"","pimage":"","pimage_id":"","pthumb":"","color":""},{"label":"44.5","value":"EU 44.5","price":"","pimage":"","pimage_id":"","pthumb":"","color":""},{"label":"45","value":"EU 45","price":"","pimage":"","pimage_id":"","pthumb":"","color":""},{"label":"45.5","value":"EU 45.5","price":"","pimage":"","pimage_id":"","pthumb":"","color":""},{"label":"46","value":"EU 46","price":"","pimage":"","pimage_id":"","pthumb":"","color":""}],"relations":[{"operator":false,"rules":[]}],"form_id":24803,"form_rules":{"pric_cal_option_once":false,"exclude_from_discount":false,"pric_use_as_fee":false,"fee_label":"Fee","render_after_acb":false,"disp_hide_options_price":false}}]},"yoast_head":"<!-- This site is optimized with the Yoast SEO plugin v26.5 - https:\/\/yoast.com\/wordpress\/plugins\/seo\/ -->\n<title>(Women) New Balance Fuelcell Rebel v5 Wide &#039;Mint Green Silver Metallic&#039; - TOURCRUISER PTE. LTD<\/title>\n<meta name=\"robots\" content=\"index, follow, max-snippet:-1, max-image-preview:large, max-video-preview:-1\" \/>\n<link rel=\"canonical\" href=\"https:\/\/tourcruiser.com\/fr\/products\/women-new-balance-fuelcell-rebel-v5-wide-mint-green-silver-metallic\/\" \/>\n<meta property=\"og:locale\" content=\"fr_FR\" \/>\n<meta property=\"og:type\" content=\"article\" \/>\n<meta property=\"og:title\" content=\"(Women) New Balance Fuelcell Rebel v5 Wide &#039;Mint Green Silver Metallic&#039; - TOURCRUISER PTE. LTD\" \/>\n<meta property=\"og:description\" content=\"(W) NB Fuelcell Rebel v5 Wide &#039;Mint Green Silver Metallic&#039;\" \/>\n<meta property=\"og:url\" content=\"https:\/\/tourcruiser.com\/fr\/products\/women-new-balance-fuelcell-rebel-v5-wide-mint-green-silver-metallic\/\" \/>\n<meta property=\"og:site_name\" content=\"Tourcruiser Sneaker Store\" \/>\n<meta property=\"article:modified_time\" content=\"2026-03-14T12:22:47+00:00\" \/>\n<meta name=\"twitter:card\" content=\"summary_large_image\" \/>\n<meta name=\"twitter:image\" content=\"https:\/\/images.novelship.com\/product\/_women__new_balance_fuelcell_rebel_v5_wide__mint_g_0_21285.png\" \/>\n<meta name=\"twitter:label1\" content=\"Dur\u00e9e de lecture estim\u00e9e\" \/>\n\t<meta name=\"twitter:data1\" content=\"1 minute\" \/>\n<script type=\"application\/ld+json\" class=\"yoast-schema-graph\">{\"@context\":\"https:\/\/schema.org\",\"@graph\":[{\"@type\":\"WebPage\",\"@id\":\"https:\/\/tourcruiser.com\/fr\/products\/women-new-balance-fuelcell-rebel-v5-wide-mint-green-silver-metallic\/\",\"url\":\"https:\/\/tourcruiser.com\/fr\/products\/women-new-balance-fuelcell-rebel-v5-wide-mint-green-silver-metallic\/\",\"name\":\"(Women) New Balance Fuelcell Rebel v5 Wide 'Mint Green Silver Metallic' - TOURCRUISER PTE. LTD\",\"isPartOf\":{\"@id\":\"https:\/\/tourcruiser.com\/fr\/#website\"},\"primaryImageOfPage\":{\"@id\":\"https:\/\/tourcruiser.com\/fr\/products\/women-new-balance-fuelcell-rebel-v5-wide-mint-green-silver-metallic\/#primaryimage\"},\"image\":{\"@id\":\"https:\/\/tourcruiser.com\/fr\/products\/women-new-balance-fuelcell-rebel-v5-wide-mint-green-silver-metallic\/#primaryimage\"},\"thumbnailUrl\":\"https:\/\/images.novelship.com\/product\/_women__new_balance_fuelcell_rebel_v5_wide__mint_g_0_21285.png\",\"datePublished\":\"2026-03-02T08:58:43+00:00\",\"dateModified\":\"2026-03-14T12:22:47+00:00\",\"breadcrumb\":{\"@id\":\"https:\/\/tourcruiser.com\/fr\/products\/women-new-balance-fuelcell-rebel-v5-wide-mint-green-silver-metallic\/#breadcrumb\"},\"inLanguage\":\"fr-FR\",\"potentialAction\":[{\"@type\":\"ReadAction\",\"target\":[\"https:\/\/tourcruiser.com\/fr\/products\/women-new-balance-fuelcell-rebel-v5-wide-mint-green-silver-metallic\/\"]}]},{\"@type\":\"ImageObject\",\"inLanguage\":\"fr-FR\",\"@id\":\"https:\/\/tourcruiser.com\/fr\/products\/women-new-balance-fuelcell-rebel-v5-wide-mint-green-silver-metallic\/#primaryimage\",\"url\":\"https:\/\/images.novelship.com\/product\/_women__new_balance_fuelcell_rebel_v5_wide__mint_g_0_21285.png\",\"contentUrl\":\"https:\/\/images.novelship.com\/product\/_women__new_balance_fuelcell_rebel_v5_wide__mint_g_0_21285.png\"},{\"@type\":\"BreadcrumbList\",\"@id\":\"https:\/\/tourcruiser.com\/fr\/products\/women-new-balance-fuelcell-rebel-v5-wide-mint-green-silver-metallic\/#breadcrumb\",\"itemListElement\":[{\"@type\":\"ListItem\",\"position\":1,\"name\":\"Home\",\"item\":\"https:\/\/tourcruiser.com\/fr\/\"},{\"@type\":\"ListItem\",\"position\":2,\"name\":\"Shop\",\"item\":\"https:\/\/tourcruiser.com\/fr\/shop\/\"},{\"@type\":\"ListItem\",\"position\":3,\"name\":\"(Women) New Balance Fuelcell Rebel v5 Wide 'Mint Green Silver Metallic'\"}]},{\"@type\":\"WebSite\",\"@id\":\"https:\/\/tourcruiser.com\/fr\/#website\",\"url\":\"https:\/\/tourcruiser.com\/fr\/\",\"name\":\"Styloral Jewelry Shop\",\"description\":\"Tourcruiser Sneaker Store \u2014 L\u2019endroit o\u00f9 l\u2019univers rencontre votre singularit\u00e9.\",\"publisher\":{\"@id\":\"https:\/\/tourcruiser.com\/fr\/#organization\"},\"potentialAction\":[{\"@type\":\"SearchAction\",\"target\":{\"@type\":\"EntryPoint\",\"urlTemplate\":\"https:\/\/tourcruiser.com\/fr\/?s={search_term_string}\"},\"query-input\":{\"@type\":\"PropertyValueSpecification\",\"valueRequired\":true,\"valueName\":\"search_term_string\"}}],\"inLanguage\":\"fr-FR\"},{\"@type\":\"Organization\",\"@id\":\"https:\/\/tourcruiser.com\/fr\/#organization\",\"name\":\"STYLORAL PTE. LTD\",\"url\":\"https:\/\/tourcruiser.com\/fr\/\",\"logo\":{\"@type\":\"ImageObject\",\"inLanguage\":\"fr-FR\",\"@id\":\"https:\/\/tourcruiser.com\/fr\/#\/schema\/logo\/image\/\",\"url\":\"https:\/\/www.tourcruiser.com\/wp-content\/uploads\/2025\/12\/logo.png\",\"contentUrl\":\"https:\/\/www.tourcruiser.com\/wp-content\/uploads\/2025\/12\/logo.png\",\"width\":200,\"height\":65,\"caption\":\"STYLORAL PTE. LTD\"},\"image\":{\"@id\":\"https:\/\/tourcruiser.com\/fr\/#\/schema\/logo\/image\/\"}}]}<\/script>\n<!-- \/ Yoast SEO plugin. -->","yoast_head_json":{"title":"(Women) New Balance Fuelcell Rebel v5 Wide 'Mint Green Silver Metallic' - TOURCRUISER PTE. LTD","robots":{"index":"index","follow":"follow","max-snippet":"max-snippet:-1","max-image-preview":"max-image-preview:large","max-video-preview":"max-video-preview:-1"},"canonical":"https:\/\/tourcruiser.com\/fr\/products\/women-new-balance-fuelcell-rebel-v5-wide-mint-green-silver-metallic\/","og_locale":"fr_FR","og_type":"article","og_title":"(Women) New Balance Fuelcell Rebel v5 Wide 'Mint Green Silver Metallic' - TOURCRUISER PTE. LTD","og_description":"(W) NB Fuelcell Rebel v5 Wide 'Mint Green Silver Metallic'","og_url":"https:\/\/tourcruiser.com\/fr\/products\/women-new-balance-fuelcell-rebel-v5-wide-mint-green-silver-metallic\/","og_site_name":"Tourcruiser Sneaker Store","article_modified_time":"2026-03-14T12:22:47+00:00","twitter_card":"summary_large_image","twitter_image":"https:\/\/images.novelship.com\/product\/_women__new_balance_fuelcell_rebel_v5_wide__mint_g_0_21285.png","twitter_misc":{"Dur\u00e9e de lecture estim\u00e9e":"1 minute"},"schema":{"@context":"https:\/\/schema.org","@graph":[{"@type":"WebPage","@id":"https:\/\/tourcruiser.com\/fr\/products\/women-new-balance-fuelcell-rebel-v5-wide-mint-green-silver-metallic\/","url":"https:\/\/tourcruiser.com\/fr\/products\/women-new-balance-fuelcell-rebel-v5-wide-mint-green-silver-metallic\/","name":"(Women) New Balance Fuelcell Rebel v5 Wide 'Mint Green Silver Metallic' - TOURCRUISER PTE. LTD","isPartOf":{"@id":"https:\/\/tourcruiser.com\/fr\/#website"},"primaryImageOfPage":{"@id":"https:\/\/tourcruiser.com\/fr\/products\/women-new-balance-fuelcell-rebel-v5-wide-mint-green-silver-metallic\/#primaryimage"},"image":{"@id":"https:\/\/tourcruiser.com\/fr\/products\/women-new-balance-fuelcell-rebel-v5-wide-mint-green-silver-metallic\/#primaryimage"},"thumbnailUrl":"https:\/\/images.novelship.com\/product\/_women__new_balance_fuelcell_rebel_v5_wide__mint_g_0_21285.png","datePublished":"2026-03-02T08:58:43+00:00","dateModified":"2026-03-14T12:22:47+00:00","breadcrumb":{"@id":"https:\/\/tourcruiser.com\/fr\/products\/women-new-balance-fuelcell-rebel-v5-wide-mint-green-silver-metallic\/#breadcrumb"},"inLanguage":"fr-FR","potentialAction":[{"@type":"ReadAction","target":["https:\/\/tourcruiser.com\/fr\/products\/women-new-balance-fuelcell-rebel-v5-wide-mint-green-silver-metallic\/"]}]},{"@type":"ImageObject","inLanguage":"fr-FR","@id":"https:\/\/tourcruiser.com\/fr\/products\/women-new-balance-fuelcell-rebel-v5-wide-mint-green-silver-metallic\/#primaryimage","url":"https:\/\/images.novelship.com\/product\/_women__new_balance_fuelcell_rebel_v5_wide__mint_g_0_21285.png","contentUrl":"https:\/\/images.novelship.com\/product\/_women__new_balance_fuelcell_rebel_v5_wide__mint_g_0_21285.png"},{"@type":"BreadcrumbList","@id":"https:\/\/tourcruiser.com\/fr\/products\/women-new-balance-fuelcell-rebel-v5-wide-mint-green-silver-metallic\/#breadcrumb","itemListElement":[{"@type":"ListItem","position":1,"name":"Home","item":"https:\/\/tourcruiser.com\/fr\/"},{"@type":"ListItem","position":2,"name":"Shop","item":"https:\/\/tourcruiser.com\/fr\/shop\/"},{"@type":"ListItem","position":3,"name":"(Women) New Balance Fuelcell Rebel v5 Wide 'Mint Green Silver Metallic'"}]},{"@type":"WebSite","@id":"https:\/\/tourcruiser.com\/fr\/#website","url":"https:\/\/tourcruiser.com\/fr\/","name":"Styloral Jewelry Shop","description":"Tourcruiser Sneaker Store \u2014 L\u2019endroit o\u00f9 l\u2019univers rencontre votre singularit\u00e9.","publisher":{"@id":"https:\/\/tourcruiser.com\/fr\/#organization"},"potentialAction":[{"@type":"SearchAction","target":{"@type":"EntryPoint","urlTemplate":"https:\/\/tourcruiser.com\/fr\/?s={search_term_string}"},"query-input":{"@type":"PropertyValueSpecification","valueRequired":true,"valueName":"search_term_string"}}],"inLanguage":"fr-FR"},{"@type":"Organization","@id":"https:\/\/tourcruiser.com\/fr\/#organization","name":"STYLORAL PTE. LTD","url":"https:\/\/tourcruiser.com\/fr\/","logo":{"@type":"ImageObject","inLanguage":"fr-FR","@id":"https:\/\/tourcruiser.com\/fr\/#\/schema\/logo\/image\/","url":"https:\/\/www.tourcruiser.com\/wp-content\/uploads\/2025\/12\/logo.png","contentUrl":"https:\/\/www.tourcruiser.com\/wp-content\/uploads\/2025\/12\/logo.png","width":200,"height":65,"caption":"STYLORAL PTE. LTD"},"image":{"@id":"https:\/\/tourcruiser.com\/fr\/#\/schema\/logo\/image\/"}}]}},"_links":{"self":[{"href":"https:\/\/tourcruiser.com\/fr\/wp-json\/wp\/v2\/product\/155288","targetHints":{"allow":["GET"]}}],"collection":[{"href":"https:\/\/tourcruiser.com\/fr\/wp-json\/wp\/v2\/product"}],"about":[{"href":"https:\/\/tourcruiser.com\/fr\/wp-json\/wp\/v2\/types\/product"}],"replies":[{"embeddable":true,"href":"https:\/\/tourcruiser.com\/fr\/wp-json\/wp\/v2\/comments?post=155288"}],"wp:featuredmedia":[{"embeddable":true,"href":"https:\/\/tourcruiser.com\/fr\/wp-json\/wp\/v2\/media\/155289"}],"wp:attachment":[{"href":"https:\/\/tourcruiser.com\/fr\/wp-json\/wp\/v2\/media?parent=155288"}],"wp:term":[{"taxonomy":"product_brand","embeddable":true,"href":"https:\/\/tourcruiser.com\/fr\/wp-json\/wp\/v2\/product_brand?post=155288"},{"taxonomy":"product_cat","embeddable":true,"href":"https:\/\/tourcruiser.com\/fr\/wp-json\/wp\/v2\/product_cat?post=155288"},{"taxonomy":"product_tag","embeddable":true,"href":"https:\/\/tourcruiser.com\/fr\/wp-json\/wp\/v2\/product_tag?post=155288"}],"curies":[{"name":"wp","href":"https:\/\/api.w.org\/{rel}","templated":true}]}}