{"id":152850,"date":"2026-03-02T15:55:01","date_gmt":"2026-03-02T08:55:01","guid":{"rendered":"http:\/\/tourcruiser.com\/product\/ronnie-fieg-x-new-balance-rc-1300-10th-anniversaryelephant-skin"},"modified":"2026-03-14T19:20:28","modified_gmt":"2026-03-14T12:20:28","slug":"ronnie-fieg-x-new-balance-rc-1300-10th-anniversaryelephant-skin","status":"publish","type":"product","link":"https:\/\/tourcruiser.com\/fr\/products\/ronnie-fieg-x-new-balance-rc-1300-10th-anniversaryelephant-skin\/","title":{"rendered":"Ronnie Fieg x New Balance RC 1300 &rsquo;10th Anniversary &#8211; Elephant Skin&rsquo;"},"content":{"rendered":"<p>La Ronnie Fieg x New Balance RC 1300 10e anniversaire \u00ab\u00a0Elephant Skin\u00a0\u00bb est une collaboration tr\u00e8s recherch\u00e9e entre Ronnie Fieg et New Balance. Cette sneaker en \u00e9dition limit\u00e9e arbore un design unique inspir\u00e9 de la peau d&rsquo;\u00e9l\u00e9phant et allie style et savoir-faire haut de gamme. Gr\u00e2ce \u00e0 son confort et au logo embl\u00e9matique de New Balance, c&rsquo;est un incontournable pour tout amateur de sneakers. <\/p>\n<p>Couleur\u00a0: Elephant Skin<br \/>\nCode article\u00a0: MS1300K1<br \/>\nTige\u00a0: Daim<br \/>\nSemelle interm\u00e9diaire\u00a0: Encap Reveal<br \/>\nCouleur\u00a0: Gris<br \/>\nSaison\u00a0: \u00c9t\u00e9<br \/>\nAnn\u00e9e de sortie\u00a0: 2021<\/p>\n<p>Couleur\u00a0: Gris<\/p>\n","protected":false},"excerpt":{"rendered":"<p>New Balance RC 1300 \u201d\u201d Elephant Skin<\/p>\n","protected":false},"featured_media":152851,"comment_status":"open","ping_status":"closed","template":"","meta":[],"product_brand":[],"product_cat":[10771],"product_tag":[10750,10753,10754,17909,10766,10767,10768],"class_list":{"0":"post-152850","1":"product","2":"type-product","3":"status-publish","4":"has-post-thumbnail","6":"product_cat-new-balance","7":"product_tag-athleisure-shoes","8":"product_tag-gift-for-him","9":"product_tag-lifestyle-casual-shoes","10":"product_tag-lifestyle-shoes-running-inspired","11":"product_tag-new-balance","12":"product_tag-new-balance-running-shoes","13":"product_tag-retro-running-shoes","14":"wcpa_has_options","16":"first","17":"instock","18":"taxable","19":"shipping-taxable","20":"purchasable","21":"product-type-simple"},"wcpa_form_fields":{"rules":{"pric_overide_base_price":false,"pric_overide_base_price_if_gt_zero":false,"pric_overide_base_price_fully":false,"pric_cal_option_once":false,"pric_use_as_fee":false,"bind_quantity":false,"quantity_bind_formula":false},"fields":[{"type":"color-group","required":true,"elementId":"wcpa-color-group-66c4a928225d2","label":"Taille","inline":true,"priceOptions":"different_for_all","pricingType":"fixed","className":"hassizechart product-shoes-size-eu product-shoes-size","name":"color-group-66c4a928225e2","disp_type":"square","selection_type":"tick-border","disp_size":"50","show_label_inside":true,"adjust_width":true,"cart_display_type":"text","other_text":"Other","cl_rule":"show","col":6,"values":[{"label":"35","value":"EU 35","price":"","pimage":"","pimage_id":"","pthumb":"","color":""},{"label":"36","value":"EU 36","price":"","pimage":"","pimage_id":"","pthumb":"","color":"","selected":true},{"label":"37","value":"EU 37","price":"","pimage":"","pimage_id":"","pthumb":"","color":""},{"label":"37.5","value":"EU 37.5","price":"","pimage":"","pimage_id":"","pthumb":"","color":""},{"label":"38","value":"EU 38","price":"","pimage":"","pimage_id":"","pthumb":"","color":""},{"label":"38.5","value":"EU 38.5","price":"","pimage":"","pimage_id":"","pthumb":"","color":""},{"label":"39","value":"EU 39","price":"","pimage":"","pimage_id":"","pthumb":"","color":""},{"label":"39.5","value":"EU 39.5","price":"","pimage":"","pimage_id":"","pthumb":"","color":""},{"label":"40","value":"EU 40","price":"","pimage":"","pimage_id":"","pthumb":"","color":""},{"label":"40.5","value":"EU 40.5","price":"","pimage":"","pimage_id":"","pthumb":"","color":""},{"label":" 41.5","value":"EU 41.5","price":"","pimage":"","pimage_id":"","pthumb":"","color":""},{"label":"42","value":"EU 42","price":"","pimage":"","pimage_id":"","pthumb":"","color":""},{"label":"42.5","value":"EU 42.5","price":"","pimage":"","pimage_id":"","pthumb":"","color":""},{"label":"43","value":"EU 43","price":"","pimage":"","pimage_id":"","pthumb":"","color":""},{"label":"44","value":"EU 44","price":"","pimage":"","pimage_id":"","pthumb":"","color":""},{"label":"44.5","value":"EU 44.5","price":"","pimage":"","pimage_id":"","pthumb":"","color":""},{"label":"45","value":"EU 45","price":"","pimage":"","pimage_id":"","pthumb":"","color":""},{"label":"45.5","value":"EU 45.5","price":"","pimage":"","pimage_id":"","pthumb":"","color":""},{"label":"46","value":"EU 46","price":"","pimage":"","pimage_id":"","pthumb":"","color":""}],"relations":[{"operator":false,"rules":[]}],"form_id":24803,"form_rules":{"pric_cal_option_once":false,"exclude_from_discount":false,"pric_use_as_fee":false,"fee_label":"Fee","render_after_acb":false,"disp_hide_options_price":false}}]},"yoast_head":"<!-- This site is optimized with the Yoast SEO plugin v26.5 - https:\/\/yoast.com\/wordpress\/plugins\/seo\/ -->\n<title>Ronnie Fieg x New Balance RC 1300 &#039;10th Anniversary - Elephant Skin&#039; - TOURCRUISER PTE. LTD<\/title>\n<meta name=\"robots\" content=\"index, follow, max-snippet:-1, max-image-preview:large, max-video-preview:-1\" \/>\n<link rel=\"canonical\" href=\"https:\/\/tourcruiser.com\/fr\/products\/ronnie-fieg-x-new-balance-rc-1300-10th-anniversaryelephant-skin\/\" \/>\n<meta property=\"og:locale\" content=\"fr_FR\" \/>\n<meta property=\"og:type\" content=\"article\" \/>\n<meta property=\"og:title\" content=\"Ronnie Fieg x New Balance RC 1300 &#039;10th Anniversary - Elephant Skin&#039; - TOURCRUISER PTE. LTD\" \/>\n<meta property=\"og:description\" content=\"New Balance RC 1300 \u201d\u201d Elephant Skin\" \/>\n<meta property=\"og:url\" content=\"https:\/\/tourcruiser.com\/fr\/products\/ronnie-fieg-x-new-balance-rc-1300-10th-anniversaryelephant-skin\/\" \/>\n<meta property=\"og:site_name\" content=\"Tourcruiser Sneaker Store\" \/>\n<meta property=\"article:modified_time\" content=\"2026-03-14T12:20:28+00:00\" \/>\n<meta name=\"twitter:card\" content=\"summary_large_image\" \/>\n<meta name=\"twitter:image\" content=\"https:\/\/images.novelship.com\/product\/ronnie_fieg_x_new_balance_rc_1300__10th_anniversar_0_65815.jpeg\" \/>\n<script type=\"application\/ld+json\" class=\"yoast-schema-graph\">{\"@context\":\"https:\/\/schema.org\",\"@graph\":[{\"@type\":\"WebPage\",\"@id\":\"https:\/\/tourcruiser.com\/fr\/products\/ronnie-fieg-x-new-balance-rc-1300-10th-anniversaryelephant-skin\/\",\"url\":\"https:\/\/tourcruiser.com\/fr\/products\/ronnie-fieg-x-new-balance-rc-1300-10th-anniversaryelephant-skin\/\",\"name\":\"Ronnie Fieg x New Balance RC 1300 '10th Anniversary - Elephant Skin' - TOURCRUISER PTE. LTD\",\"isPartOf\":{\"@id\":\"https:\/\/tourcruiser.com\/fr\/#website\"},\"primaryImageOfPage\":{\"@id\":\"https:\/\/tourcruiser.com\/fr\/products\/ronnie-fieg-x-new-balance-rc-1300-10th-anniversaryelephant-skin\/#primaryimage\"},\"image\":{\"@id\":\"https:\/\/tourcruiser.com\/fr\/products\/ronnie-fieg-x-new-balance-rc-1300-10th-anniversaryelephant-skin\/#primaryimage\"},\"thumbnailUrl\":\"https:\/\/images.novelship.com\/product\/ronnie_fieg_x_new_balance_rc_1300__10th_anniversar_0_65815.jpeg\",\"datePublished\":\"2026-03-02T08:55:01+00:00\",\"dateModified\":\"2026-03-14T12:20:28+00:00\",\"breadcrumb\":{\"@id\":\"https:\/\/tourcruiser.com\/fr\/products\/ronnie-fieg-x-new-balance-rc-1300-10th-anniversaryelephant-skin\/#breadcrumb\"},\"inLanguage\":\"fr-FR\",\"potentialAction\":[{\"@type\":\"ReadAction\",\"target\":[\"https:\/\/tourcruiser.com\/fr\/products\/ronnie-fieg-x-new-balance-rc-1300-10th-anniversaryelephant-skin\/\"]}]},{\"@type\":\"ImageObject\",\"inLanguage\":\"fr-FR\",\"@id\":\"https:\/\/tourcruiser.com\/fr\/products\/ronnie-fieg-x-new-balance-rc-1300-10th-anniversaryelephant-skin\/#primaryimage\",\"url\":\"https:\/\/images.novelship.com\/product\/ronnie_fieg_x_new_balance_rc_1300__10th_anniversar_0_65815.jpeg\",\"contentUrl\":\"https:\/\/images.novelship.com\/product\/ronnie_fieg_x_new_balance_rc_1300__10th_anniversar_0_65815.jpeg\"},{\"@type\":\"BreadcrumbList\",\"@id\":\"https:\/\/tourcruiser.com\/fr\/products\/ronnie-fieg-x-new-balance-rc-1300-10th-anniversaryelephant-skin\/#breadcrumb\",\"itemListElement\":[{\"@type\":\"ListItem\",\"position\":1,\"name\":\"Home\",\"item\":\"https:\/\/tourcruiser.com\/fr\/\"},{\"@type\":\"ListItem\",\"position\":2,\"name\":\"Shop\",\"item\":\"https:\/\/tourcruiser.com\/fr\/shop\/\"},{\"@type\":\"ListItem\",\"position\":3,\"name\":\"Ronnie Fieg x New Balance RC 1300 '10th Anniversary - Elephant Skin'\"}]},{\"@type\":\"WebSite\",\"@id\":\"https:\/\/tourcruiser.com\/fr\/#website\",\"url\":\"https:\/\/tourcruiser.com\/fr\/\",\"name\":\"Styloral Jewelry Shop\",\"description\":\"Tourcruiser Sneaker Store \u2014 L\u2019endroit o\u00f9 l\u2019univers rencontre votre singularit\u00e9.\",\"publisher\":{\"@id\":\"https:\/\/tourcruiser.com\/fr\/#organization\"},\"potentialAction\":[{\"@type\":\"SearchAction\",\"target\":{\"@type\":\"EntryPoint\",\"urlTemplate\":\"https:\/\/tourcruiser.com\/fr\/?s={search_term_string}\"},\"query-input\":{\"@type\":\"PropertyValueSpecification\",\"valueRequired\":true,\"valueName\":\"search_term_string\"}}],\"inLanguage\":\"fr-FR\"},{\"@type\":\"Organization\",\"@id\":\"https:\/\/tourcruiser.com\/fr\/#organization\",\"name\":\"STYLORAL PTE. LTD\",\"url\":\"https:\/\/tourcruiser.com\/fr\/\",\"logo\":{\"@type\":\"ImageObject\",\"inLanguage\":\"fr-FR\",\"@id\":\"https:\/\/tourcruiser.com\/fr\/#\/schema\/logo\/image\/\",\"url\":\"https:\/\/www.tourcruiser.com\/wp-content\/uploads\/2025\/12\/logo.png\",\"contentUrl\":\"https:\/\/www.tourcruiser.com\/wp-content\/uploads\/2025\/12\/logo.png\",\"width\":200,\"height\":65,\"caption\":\"STYLORAL PTE. LTD\"},\"image\":{\"@id\":\"https:\/\/tourcruiser.com\/fr\/#\/schema\/logo\/image\/\"}}]}<\/script>\n<!-- \/ Yoast SEO plugin. -->","yoast_head_json":{"title":"Ronnie Fieg x New Balance RC 1300 '10th Anniversary - Elephant Skin' - TOURCRUISER PTE. LTD","robots":{"index":"index","follow":"follow","max-snippet":"max-snippet:-1","max-image-preview":"max-image-preview:large","max-video-preview":"max-video-preview:-1"},"canonical":"https:\/\/tourcruiser.com\/fr\/products\/ronnie-fieg-x-new-balance-rc-1300-10th-anniversaryelephant-skin\/","og_locale":"fr_FR","og_type":"article","og_title":"Ronnie Fieg x New Balance RC 1300 '10th Anniversary - Elephant Skin' - TOURCRUISER PTE. LTD","og_description":"New Balance RC 1300 \u201d\u201d Elephant Skin","og_url":"https:\/\/tourcruiser.com\/fr\/products\/ronnie-fieg-x-new-balance-rc-1300-10th-anniversaryelephant-skin\/","og_site_name":"Tourcruiser Sneaker Store","article_modified_time":"2026-03-14T12:20:28+00:00","twitter_card":"summary_large_image","twitter_image":"https:\/\/images.novelship.com\/product\/ronnie_fieg_x_new_balance_rc_1300__10th_anniversar_0_65815.jpeg","schema":{"@context":"https:\/\/schema.org","@graph":[{"@type":"WebPage","@id":"https:\/\/tourcruiser.com\/fr\/products\/ronnie-fieg-x-new-balance-rc-1300-10th-anniversaryelephant-skin\/","url":"https:\/\/tourcruiser.com\/fr\/products\/ronnie-fieg-x-new-balance-rc-1300-10th-anniversaryelephant-skin\/","name":"Ronnie Fieg x New Balance RC 1300 '10th Anniversary - Elephant Skin' - TOURCRUISER PTE. LTD","isPartOf":{"@id":"https:\/\/tourcruiser.com\/fr\/#website"},"primaryImageOfPage":{"@id":"https:\/\/tourcruiser.com\/fr\/products\/ronnie-fieg-x-new-balance-rc-1300-10th-anniversaryelephant-skin\/#primaryimage"},"image":{"@id":"https:\/\/tourcruiser.com\/fr\/products\/ronnie-fieg-x-new-balance-rc-1300-10th-anniversaryelephant-skin\/#primaryimage"},"thumbnailUrl":"https:\/\/images.novelship.com\/product\/ronnie_fieg_x_new_balance_rc_1300__10th_anniversar_0_65815.jpeg","datePublished":"2026-03-02T08:55:01+00:00","dateModified":"2026-03-14T12:20:28+00:00","breadcrumb":{"@id":"https:\/\/tourcruiser.com\/fr\/products\/ronnie-fieg-x-new-balance-rc-1300-10th-anniversaryelephant-skin\/#breadcrumb"},"inLanguage":"fr-FR","potentialAction":[{"@type":"ReadAction","target":["https:\/\/tourcruiser.com\/fr\/products\/ronnie-fieg-x-new-balance-rc-1300-10th-anniversaryelephant-skin\/"]}]},{"@type":"ImageObject","inLanguage":"fr-FR","@id":"https:\/\/tourcruiser.com\/fr\/products\/ronnie-fieg-x-new-balance-rc-1300-10th-anniversaryelephant-skin\/#primaryimage","url":"https:\/\/images.novelship.com\/product\/ronnie_fieg_x_new_balance_rc_1300__10th_anniversar_0_65815.jpeg","contentUrl":"https:\/\/images.novelship.com\/product\/ronnie_fieg_x_new_balance_rc_1300__10th_anniversar_0_65815.jpeg"},{"@type":"BreadcrumbList","@id":"https:\/\/tourcruiser.com\/fr\/products\/ronnie-fieg-x-new-balance-rc-1300-10th-anniversaryelephant-skin\/#breadcrumb","itemListElement":[{"@type":"ListItem","position":1,"name":"Home","item":"https:\/\/tourcruiser.com\/fr\/"},{"@type":"ListItem","position":2,"name":"Shop","item":"https:\/\/tourcruiser.com\/fr\/shop\/"},{"@type":"ListItem","position":3,"name":"Ronnie Fieg x New Balance RC 1300 '10th Anniversary - Elephant Skin'"}]},{"@type":"WebSite","@id":"https:\/\/tourcruiser.com\/fr\/#website","url":"https:\/\/tourcruiser.com\/fr\/","name":"Styloral Jewelry Shop","description":"Tourcruiser Sneaker Store \u2014 L\u2019endroit o\u00f9 l\u2019univers rencontre votre singularit\u00e9.","publisher":{"@id":"https:\/\/tourcruiser.com\/fr\/#organization"},"potentialAction":[{"@type":"SearchAction","target":{"@type":"EntryPoint","urlTemplate":"https:\/\/tourcruiser.com\/fr\/?s={search_term_string}"},"query-input":{"@type":"PropertyValueSpecification","valueRequired":true,"valueName":"search_term_string"}}],"inLanguage":"fr-FR"},{"@type":"Organization","@id":"https:\/\/tourcruiser.com\/fr\/#organization","name":"STYLORAL PTE. LTD","url":"https:\/\/tourcruiser.com\/fr\/","logo":{"@type":"ImageObject","inLanguage":"fr-FR","@id":"https:\/\/tourcruiser.com\/fr\/#\/schema\/logo\/image\/","url":"https:\/\/www.tourcruiser.com\/wp-content\/uploads\/2025\/12\/logo.png","contentUrl":"https:\/\/www.tourcruiser.com\/wp-content\/uploads\/2025\/12\/logo.png","width":200,"height":65,"caption":"STYLORAL PTE. LTD"},"image":{"@id":"https:\/\/tourcruiser.com\/fr\/#\/schema\/logo\/image\/"}}]}},"_links":{"self":[{"href":"https:\/\/tourcruiser.com\/fr\/wp-json\/wp\/v2\/product\/152850","targetHints":{"allow":["GET"]}}],"collection":[{"href":"https:\/\/tourcruiser.com\/fr\/wp-json\/wp\/v2\/product"}],"about":[{"href":"https:\/\/tourcruiser.com\/fr\/wp-json\/wp\/v2\/types\/product"}],"replies":[{"embeddable":true,"href":"https:\/\/tourcruiser.com\/fr\/wp-json\/wp\/v2\/comments?post=152850"}],"wp:featuredmedia":[{"embeddable":true,"href":"https:\/\/tourcruiser.com\/fr\/wp-json\/wp\/v2\/media\/152851"}],"wp:attachment":[{"href":"https:\/\/tourcruiser.com\/fr\/wp-json\/wp\/v2\/media?parent=152850"}],"wp:term":[{"taxonomy":"product_brand","embeddable":true,"href":"https:\/\/tourcruiser.com\/fr\/wp-json\/wp\/v2\/product_brand?post=152850"},{"taxonomy":"product_cat","embeddable":true,"href":"https:\/\/tourcruiser.com\/fr\/wp-json\/wp\/v2\/product_cat?post=152850"},{"taxonomy":"product_tag","embeddable":true,"href":"https:\/\/tourcruiser.com\/fr\/wp-json\/wp\/v2\/product_tag?post=152850"}],"curies":[{"name":"wp","href":"https:\/\/api.w.org\/{rel}","templated":true}]}}