{"id":152733,"date":"2026-03-02T15:54:51","date_gmt":"2026-03-02T08:54:51","guid":{"rendered":"http:\/\/tourcruiser.com\/product\/undefeated-x-nike-air-max-95-yellow"},"modified":"2026-03-14T19:20:23","modified_gmt":"2026-03-14T12:20:23","slug":"undefeated-x-nike-air-max-95-yellow","status":"publish","type":"product","link":"https:\/\/tourcruiser.com\/fr\/products\/undefeated-x-nike-air-max-95-yellow\/","title":{"rendered":"Undefeated x Nike Air Max 95 &lsquo;Yellow&rsquo;"},"content":{"rendered":"<p>La Undefeated x Nike Air Max 95 \u00ab\u00a0Jaune\u00a0\u00bb IB4523-002 allie un savoir-faire l\u00e9gendaire \u00e0 des couleurs audacieuses et captivantes pour un style affirm\u00e9. Cette Air Max 95 en \u00e9dition sp\u00e9ciale, con\u00e7ue en collaboration avec Undefeated, arbore des touches de jaune vif qui contrastent avec des tons neutres, cr\u00e9ant un look \u00e0 la fois \u00e9quilibr\u00e9 et saisissant. Fabriqu\u00e9e \u00e0 partir de mat\u00e9riaux haut de gamme, elle combine mesh, daim et cuir pour une durabilit\u00e9 et une finition raffin\u00e9es. Sa silhouette classique est \u00e9quip\u00e9e du syst\u00e8me d&rsquo;amorti Air embl\u00e9matique de Nike, offrant un confort et un maintien optimaux tout au long de la journ\u00e9e, que ce soit pour se d\u00e9tendre ou faire du sport. Les logos Nike et Undefeated font de cette chaussure un incontournable pour les collectionneurs. Ces sneakers fusionnent \u00e0 la perfection esth\u00e9tique streetwear et performance, les rendant id\u00e9ales pour les amateurs de sneakers qui appr\u00e9cient l&rsquo;innovation et le style. La Undefeated x Nike Air Max 95 \u00ab\u00a0Jaune\u00a0\u00bb est l&rsquo;accessoire parfait pour compl\u00e9ter n&rsquo;importe quelle tenue et ne manquera pas d&rsquo;attirer les regards. Choisissez votre paire pour une combinaison parfaite de style moderne et de performance intemporelle.<\/p>\n<ul>\n<li><strong>Coloris\u00a0:<\/strong> Noir\/Jaune optique-Gris perle-Gris clair-Gris clair<\/li>\n<li><strong>R\u00e9f\u00e9rence\u00a0:<\/strong> IB4523-002<\/li>\n<li><strong>Tige\u00a0:<\/strong> Mesh<\/li>\n<li><strong>Semelle interm\u00e9diaire\u00a0:<\/strong> Air<\/li>\n<li><strong>Couleur\u00a0:<\/strong> Noir<\/li>\n<li><strong>Designer\u00a0:<\/strong> Sergio Lozano<\/li>\n<li><strong>Saison\u00a0:<\/strong> Hiver<\/li>\n<li><strong>Ann\u00e9e de sortie\u00a0:<\/strong> 2025<\/li>\n<\/ul>\n","protected":false},"excerpt":{"rendered":"<p>Nike Air Max 95 \u201d\u201d Black\/Opti Yellow-Pearl Grey-Light Charcoal-Light Graphite<\/p>\n","protected":false},"featured_media":152734,"comment_status":"open","ping_status":"closed","template":"","meta":[],"product_brand":[],"product_cat":[10803],"product_tag":[10750,10754,10765,10801,10768],"class_list":{"0":"post-152733","1":"product","2":"type-product","3":"status-publish","4":"has-post-thumbnail","6":"product_cat-nike","7":"product_tag-athleisure-shoes","8":"product_tag-lifestyle-casual-shoes","9":"product_tag-lifestyle-shoes-running-inspired","10":"product_tag-nike","11":"product_tag-retro-running-shoes","12":"wcpa_has_options","14":"first","15":"instock","16":"taxable","17":"shipping-taxable","18":"purchasable","19":"product-type-simple"},"wcpa_form_fields":{"rules":{"pric_overide_base_price":false,"pric_overide_base_price_if_gt_zero":false,"pric_overide_base_price_fully":false,"pric_cal_option_once":false,"pric_use_as_fee":false,"bind_quantity":false,"quantity_bind_formula":false},"fields":[{"type":"color-group","required":true,"elementId":"wcpa-color-group-66c4a75505e74","label":"Taille","inline":true,"priceOptions":"different_for_all","pricingType":"fixed","className":"hassizechart product-shoes-size-eu product-shoes-size","name":"color-group-66c4a75505e89","disp_type":"square","selection_type":"tick-border","disp_size":"44","show_label_inside":true,"adjust_width":true,"cart_display_type":"text","other_text":"Other","cl_rule":"show","col":6,"values":[{"label":"35.5","value":"EU 35.5","price":"","pimage":"","pimage_id":"","pthumb":"","color":""},{"label":"36","value":"EU 36","price":"","pimage":"","pimage_id":"","pthumb":"","color":"","selected":true},{"label":"36.5","value":"EU 36.5","price":"","pimage":"","pimage_id":"","pthumb":"","color":""},{"label":"37.5","value":"EU 37.5","price":"","pimage":"","pimage_id":"","pthumb":"","color":""},{"label":"38","value":"EU 38","price":"","pimage":"","pimage_id":"","pthumb":"","color":""},{"label":"38.5","value":"EU 38.5","price":"","pimage":"","pimage_id":"","pthumb":"","color":""},{"label":"39","value":"EU 39","price":"","pimage":"","pimage_id":"","pthumb":"","color":""},{"label":"40","value":"EU 40","price":"","pimage":"","pimage_id":"","pthumb":"","color":""},{"label":"40.5","value":"EU 40.5","price":"","pimage":"","pimage_id":"","pthumb":"","color":""},{"label":"41","value":"EU 41","price":"","pimage":"","pimage_id":"","pthumb":"","color":""},{"label":"42","value":"EU 42","price":"","pimage":"","pimage_id":"","pthumb":"","color":""},{"label":"42.5","value":"EU 42.5","price":"","pimage":"","pimage_id":"","pthumb":"","color":""},{"label":"43","value":"EU 43","price":"","pimage":"","pimage_id":"","pthumb":"","color":""},{"label":"44","value":"EU 44","price":"","pimage":"","pimage_id":"","pthumb":"","color":""},{"label":"44.5","value":"EU 44.5","price":"","pimage":"","pimage_id":"","pthumb":"","color":""},{"label":"45","value":"EU 45","price":"","pimage":"","pimage_id":"","pthumb":"","color":""},{"label":"45.5","value":"EU 45.5","price":"","pimage":"","pimage_id":"","pthumb":"","color":""},{"label":"46","value":"EU 46","price":"","pimage":"","pimage_id":"","pthumb":"","color":""},{"label":"47","value":"EU 47","price":"","pimage":"","pimage_id":"","pthumb":"","color":""},{"label":"47.5","value":"EU 47.5","price":"","pimage":"","pimage_id":"","pthumb":"","color":""},{"label":"48","value":"EU 48","price":"","pimage":"","pimage_id":"","pthumb":"","color":""}],"relations":[{"operator":false,"rules":[]}],"form_id":18106,"form_rules":{"pric_cal_option_once":false,"exclude_from_discount":false,"pric_use_as_fee":false,"fee_label":"Fee","render_after_acb":false,"disp_hide_options_price":false}}]},"yoast_head":"<!-- This site is optimized with the Yoast SEO plugin v26.5 - https:\/\/yoast.com\/wordpress\/plugins\/seo\/ -->\n<title>Undefeated x Nike Air Max 95 &#039;Yellow&#039; - TOURCRUISER PTE. LTD<\/title>\n<meta name=\"robots\" content=\"index, follow, max-snippet:-1, max-image-preview:large, max-video-preview:-1\" \/>\n<link rel=\"canonical\" href=\"https:\/\/tourcruiser.com\/fr\/products\/undefeated-x-nike-air-max-95-yellow\/\" \/>\n<meta property=\"og:locale\" content=\"fr_FR\" \/>\n<meta property=\"og:type\" content=\"article\" \/>\n<meta property=\"og:title\" content=\"Undefeated x Nike Air Max 95 &#039;Yellow&#039; - TOURCRUISER PTE. LTD\" \/>\n<meta property=\"og:description\" content=\"Nike Air Max 95 \u201d\u201d Black\/Opti Yellow-Pearl Grey-Light Charcoal-Light Graphite\" \/>\n<meta property=\"og:url\" content=\"https:\/\/tourcruiser.com\/fr\/products\/undefeated-x-nike-air-max-95-yellow\/\" \/>\n<meta property=\"og:site_name\" content=\"Tourcruiser Sneaker Store\" \/>\n<meta property=\"article:modified_time\" content=\"2026-03-14T12:20:23+00:00\" \/>\n<meta name=\"twitter:card\" content=\"summary_large_image\" \/>\n<meta name=\"twitter:image\" content=\"https:\/\/images.novelship.com\/product\/undefeated_x_nike_air_max_95__yellow__ib4523-002_0_17568.jpeg\" \/>\n<meta name=\"twitter:label1\" content=\"Dur\u00e9e de lecture estim\u00e9e\" \/>\n\t<meta name=\"twitter:data1\" content=\"1 minute\" \/>\n<script type=\"application\/ld+json\" class=\"yoast-schema-graph\">{\"@context\":\"https:\/\/schema.org\",\"@graph\":[{\"@type\":\"WebPage\",\"@id\":\"https:\/\/tourcruiser.com\/fr\/products\/undefeated-x-nike-air-max-95-yellow\/\",\"url\":\"https:\/\/tourcruiser.com\/fr\/products\/undefeated-x-nike-air-max-95-yellow\/\",\"name\":\"Undefeated x Nike Air Max 95 'Yellow' - TOURCRUISER PTE. LTD\",\"isPartOf\":{\"@id\":\"https:\/\/tourcruiser.com\/fr\/#website\"},\"primaryImageOfPage\":{\"@id\":\"https:\/\/tourcruiser.com\/fr\/products\/undefeated-x-nike-air-max-95-yellow\/#primaryimage\"},\"image\":{\"@id\":\"https:\/\/tourcruiser.com\/fr\/products\/undefeated-x-nike-air-max-95-yellow\/#primaryimage\"},\"thumbnailUrl\":\"https:\/\/images.novelship.com\/product\/undefeated_x_nike_air_max_95__yellow__ib4523-002_0_17568.jpeg\",\"datePublished\":\"2026-03-02T08:54:51+00:00\",\"dateModified\":\"2026-03-14T12:20:23+00:00\",\"breadcrumb\":{\"@id\":\"https:\/\/tourcruiser.com\/fr\/products\/undefeated-x-nike-air-max-95-yellow\/#breadcrumb\"},\"inLanguage\":\"fr-FR\",\"potentialAction\":[{\"@type\":\"ReadAction\",\"target\":[\"https:\/\/tourcruiser.com\/fr\/products\/undefeated-x-nike-air-max-95-yellow\/\"]}]},{\"@type\":\"ImageObject\",\"inLanguage\":\"fr-FR\",\"@id\":\"https:\/\/tourcruiser.com\/fr\/products\/undefeated-x-nike-air-max-95-yellow\/#primaryimage\",\"url\":\"https:\/\/images.novelship.com\/product\/undefeated_x_nike_air_max_95__yellow__ib4523-002_0_17568.jpeg\",\"contentUrl\":\"https:\/\/images.novelship.com\/product\/undefeated_x_nike_air_max_95__yellow__ib4523-002_0_17568.jpeg\"},{\"@type\":\"BreadcrumbList\",\"@id\":\"https:\/\/tourcruiser.com\/fr\/products\/undefeated-x-nike-air-max-95-yellow\/#breadcrumb\",\"itemListElement\":[{\"@type\":\"ListItem\",\"position\":1,\"name\":\"Home\",\"item\":\"https:\/\/tourcruiser.com\/fr\/\"},{\"@type\":\"ListItem\",\"position\":2,\"name\":\"Shop\",\"item\":\"https:\/\/tourcruiser.com\/fr\/shop\/\"},{\"@type\":\"ListItem\",\"position\":3,\"name\":\"Undefeated x Nike Air Max 95 'Yellow'\"}]},{\"@type\":\"WebSite\",\"@id\":\"https:\/\/tourcruiser.com\/fr\/#website\",\"url\":\"https:\/\/tourcruiser.com\/fr\/\",\"name\":\"Styloral Jewelry Shop\",\"description\":\"Tourcruiser Sneaker Store \u2014 L\u2019endroit o\u00f9 l\u2019univers rencontre votre singularit\u00e9.\",\"publisher\":{\"@id\":\"https:\/\/tourcruiser.com\/fr\/#organization\"},\"potentialAction\":[{\"@type\":\"SearchAction\",\"target\":{\"@type\":\"EntryPoint\",\"urlTemplate\":\"https:\/\/tourcruiser.com\/fr\/?s={search_term_string}\"},\"query-input\":{\"@type\":\"PropertyValueSpecification\",\"valueRequired\":true,\"valueName\":\"search_term_string\"}}],\"inLanguage\":\"fr-FR\"},{\"@type\":\"Organization\",\"@id\":\"https:\/\/tourcruiser.com\/fr\/#organization\",\"name\":\"STYLORAL PTE. LTD\",\"url\":\"https:\/\/tourcruiser.com\/fr\/\",\"logo\":{\"@type\":\"ImageObject\",\"inLanguage\":\"fr-FR\",\"@id\":\"https:\/\/tourcruiser.com\/fr\/#\/schema\/logo\/image\/\",\"url\":\"https:\/\/www.tourcruiser.com\/wp-content\/uploads\/2025\/12\/logo.png\",\"contentUrl\":\"https:\/\/www.tourcruiser.com\/wp-content\/uploads\/2025\/12\/logo.png\",\"width\":200,\"height\":65,\"caption\":\"STYLORAL PTE. LTD\"},\"image\":{\"@id\":\"https:\/\/tourcruiser.com\/fr\/#\/schema\/logo\/image\/\"}}]}<\/script>\n<!-- \/ Yoast SEO plugin. -->","yoast_head_json":{"title":"Undefeated x Nike Air Max 95 'Yellow' - TOURCRUISER PTE. LTD","robots":{"index":"index","follow":"follow","max-snippet":"max-snippet:-1","max-image-preview":"max-image-preview:large","max-video-preview":"max-video-preview:-1"},"canonical":"https:\/\/tourcruiser.com\/fr\/products\/undefeated-x-nike-air-max-95-yellow\/","og_locale":"fr_FR","og_type":"article","og_title":"Undefeated x Nike Air Max 95 'Yellow' - TOURCRUISER PTE. LTD","og_description":"Nike Air Max 95 \u201d\u201d Black\/Opti Yellow-Pearl Grey-Light Charcoal-Light Graphite","og_url":"https:\/\/tourcruiser.com\/fr\/products\/undefeated-x-nike-air-max-95-yellow\/","og_site_name":"Tourcruiser Sneaker Store","article_modified_time":"2026-03-14T12:20:23+00:00","twitter_card":"summary_large_image","twitter_image":"https:\/\/images.novelship.com\/product\/undefeated_x_nike_air_max_95__yellow__ib4523-002_0_17568.jpeg","twitter_misc":{"Dur\u00e9e de lecture estim\u00e9e":"1 minute"},"schema":{"@context":"https:\/\/schema.org","@graph":[{"@type":"WebPage","@id":"https:\/\/tourcruiser.com\/fr\/products\/undefeated-x-nike-air-max-95-yellow\/","url":"https:\/\/tourcruiser.com\/fr\/products\/undefeated-x-nike-air-max-95-yellow\/","name":"Undefeated x Nike Air Max 95 'Yellow' - TOURCRUISER PTE. LTD","isPartOf":{"@id":"https:\/\/tourcruiser.com\/fr\/#website"},"primaryImageOfPage":{"@id":"https:\/\/tourcruiser.com\/fr\/products\/undefeated-x-nike-air-max-95-yellow\/#primaryimage"},"image":{"@id":"https:\/\/tourcruiser.com\/fr\/products\/undefeated-x-nike-air-max-95-yellow\/#primaryimage"},"thumbnailUrl":"https:\/\/images.novelship.com\/product\/undefeated_x_nike_air_max_95__yellow__ib4523-002_0_17568.jpeg","datePublished":"2026-03-02T08:54:51+00:00","dateModified":"2026-03-14T12:20:23+00:00","breadcrumb":{"@id":"https:\/\/tourcruiser.com\/fr\/products\/undefeated-x-nike-air-max-95-yellow\/#breadcrumb"},"inLanguage":"fr-FR","potentialAction":[{"@type":"ReadAction","target":["https:\/\/tourcruiser.com\/fr\/products\/undefeated-x-nike-air-max-95-yellow\/"]}]},{"@type":"ImageObject","inLanguage":"fr-FR","@id":"https:\/\/tourcruiser.com\/fr\/products\/undefeated-x-nike-air-max-95-yellow\/#primaryimage","url":"https:\/\/images.novelship.com\/product\/undefeated_x_nike_air_max_95__yellow__ib4523-002_0_17568.jpeg","contentUrl":"https:\/\/images.novelship.com\/product\/undefeated_x_nike_air_max_95__yellow__ib4523-002_0_17568.jpeg"},{"@type":"BreadcrumbList","@id":"https:\/\/tourcruiser.com\/fr\/products\/undefeated-x-nike-air-max-95-yellow\/#breadcrumb","itemListElement":[{"@type":"ListItem","position":1,"name":"Home","item":"https:\/\/tourcruiser.com\/fr\/"},{"@type":"ListItem","position":2,"name":"Shop","item":"https:\/\/tourcruiser.com\/fr\/shop\/"},{"@type":"ListItem","position":3,"name":"Undefeated x Nike Air Max 95 'Yellow'"}]},{"@type":"WebSite","@id":"https:\/\/tourcruiser.com\/fr\/#website","url":"https:\/\/tourcruiser.com\/fr\/","name":"Styloral Jewelry Shop","description":"Tourcruiser Sneaker Store \u2014 L\u2019endroit o\u00f9 l\u2019univers rencontre votre singularit\u00e9.","publisher":{"@id":"https:\/\/tourcruiser.com\/fr\/#organization"},"potentialAction":[{"@type":"SearchAction","target":{"@type":"EntryPoint","urlTemplate":"https:\/\/tourcruiser.com\/fr\/?s={search_term_string}"},"query-input":{"@type":"PropertyValueSpecification","valueRequired":true,"valueName":"search_term_string"}}],"inLanguage":"fr-FR"},{"@type":"Organization","@id":"https:\/\/tourcruiser.com\/fr\/#organization","name":"STYLORAL PTE. LTD","url":"https:\/\/tourcruiser.com\/fr\/","logo":{"@type":"ImageObject","inLanguage":"fr-FR","@id":"https:\/\/tourcruiser.com\/fr\/#\/schema\/logo\/image\/","url":"https:\/\/www.tourcruiser.com\/wp-content\/uploads\/2025\/12\/logo.png","contentUrl":"https:\/\/www.tourcruiser.com\/wp-content\/uploads\/2025\/12\/logo.png","width":200,"height":65,"caption":"STYLORAL PTE. LTD"},"image":{"@id":"https:\/\/tourcruiser.com\/fr\/#\/schema\/logo\/image\/"}}]}},"_links":{"self":[{"href":"https:\/\/tourcruiser.com\/fr\/wp-json\/wp\/v2\/product\/152733","targetHints":{"allow":["GET"]}}],"collection":[{"href":"https:\/\/tourcruiser.com\/fr\/wp-json\/wp\/v2\/product"}],"about":[{"href":"https:\/\/tourcruiser.com\/fr\/wp-json\/wp\/v2\/types\/product"}],"replies":[{"embeddable":true,"href":"https:\/\/tourcruiser.com\/fr\/wp-json\/wp\/v2\/comments?post=152733"}],"wp:featuredmedia":[{"embeddable":true,"href":"https:\/\/tourcruiser.com\/fr\/wp-json\/wp\/v2\/media\/152734"}],"wp:attachment":[{"href":"https:\/\/tourcruiser.com\/fr\/wp-json\/wp\/v2\/media?parent=152733"}],"wp:term":[{"taxonomy":"product_brand","embeddable":true,"href":"https:\/\/tourcruiser.com\/fr\/wp-json\/wp\/v2\/product_brand?post=152733"},{"taxonomy":"product_cat","embeddable":true,"href":"https:\/\/tourcruiser.com\/fr\/wp-json\/wp\/v2\/product_cat?post=152733"},{"taxonomy":"product_tag","embeddable":true,"href":"https:\/\/tourcruiser.com\/fr\/wp-json\/wp\/v2\/product_tag?post=152733"}],"curies":[{"name":"wp","href":"https:\/\/api.w.org\/{rel}","templated":true}]}}